{"id":9914,"date":"2022-03-23T18:34:15","date_gmt":"2022-03-23T22:34:15","guid":{"rendered":"http:\/\/demosite2.asurtec.com\/?page_id=9914"},"modified":"2022-03-24T15:45:48","modified_gmt":"2022-03-24T19:45:48","slug":"assemblee-publique-avec-lesaut-et-orchestres-canada","status":"publish","type":"page","link":"https:\/\/oc.ca\/fr\/assemblee-publique-avec-lesaut-et-orchestres-canada\/","title":{"rendered":"Assembl\u00e9e publique"},"content":{"rendered":"<h2 style=\"text-align: center;\">avec LeSAUT et Orchestres Canada<\/h2>\n<p>L\u2019urgence climatique est l\u2019un des plus grands d\u00e9fis auxquels la soci\u00e9t\u00e9 humaine est confront\u00e9e. Comment les artistes et les orchestres r\u00e9agissent-ils? Quels rapprochements peut-on faire entre la musique classique et les effets du changement climatique? Quels nouveaux r\u00f4les les organismes artistiques peuvent-ils jouer pour pr\u00e9parer le terrain \u00e0 un changement de culture et faire r\u00e9sonner un avenir caract\u00e9ris\u00e9 par la justice et la r\u00e9silience?<\/p>\n<p>Soyez des n\u00f4tres pour une discussion anim\u00e9e par LeSAUT, un nouveau \u00ab r\u00e9seau de r\u00e9seaux \u00bb qui mobilise le secteur des arts et de la culture face \u00e0 l\u2019urgence climatique. Au cours de cette s\u00e9ance, Anthony Garoufalis-Auger pr\u00e9sentera LeSAUT et sa vision de la fa\u00e7on dont les artistes et les organismes artistiques peuvent r\u00e9pondre \u00e0 la crise climatique. Ensemble, nous explorerons les nouveaux r\u00f4les des orchestres et des musiciens face \u00e0 cette urgence. C\u2019est une occasion d\u2019acqu\u00e9rir des connaissances et de d\u00e9couvrir des ressources et des r\u00e9seaux qui vous permettront d\u2019apporter des changements dans votre vie, votre orchestre et votre communaut\u00e9.<\/p>\n<p><span class=\"LineBreakBlob BlobObject DragDrop SCXW201843326 BCX0\"><img fetchpriority=\"high\" decoding=\"async\" class=\" wp-image-9929 aligncenter\" src=\"https:\/\/oc.ca\/wp-content\/uploads\/2022\/03\/OC-and-Scale-V2.png\" alt=\"Event banner with title and a graphic showing planet earth\" width=\"519\" height=\"292\" srcset=\"https:\/\/oc.ca\/wp-content\/uploads\/2022\/03\/OC-and-Scale-V2.png 651w, https:\/\/oc.ca\/wp-content\/uploads\/2022\/03\/OC-and-Scale-V2-300x169.png 300w\" sizes=\"(min-width: 960px) 75vw, 100vw\" \/><\/span><\/p>\n<p><span style=\"text-decoration: underline;\"><strong>Co\u00fbt<\/strong><\/span> : Gratuit<\/p>\n<p><span style=\"text-decoration: underline;\"><strong>Sessions<\/strong><\/span><\/p>\n<p><strong>Mercredi 13 avril<\/strong>, de 15h00 \u00e0 16h00 HE : Pr\u00e9sentation <span style=\"text-decoration: underline;\"><strong>en fran\u00e7ais<\/strong><\/span> adapt\u00e9e aux contextes politiques du Qu\u00e9bec et aux liens avec le classique. <strong>Pr\u00e9sentateur<\/strong> : Anthony Garoufalis-Auger. <a href=\"https:\/\/us02web.zoom.us\/meeting\/register\/tZUodOGtrTsuGtc--Mld791JMBO_XCePAyhd\"><strong><button class=\"blue-button-medium\">Inscrivez-vous!<\/button><\/strong><\/a><\/p>\n<p><strong>Jeudi 14 avril<\/strong>, de 13h00 \u00e0 14h00 HE : Pr\u00e9sentation <span style=\"text-decoration: underline;\"><strong>en anglais<\/strong><\/span> adapt\u00e9e en particulier au contexte de la musique classique. <strong>Pr\u00e9sentateurs<\/strong> : Tanya Kalmanovitch, \u00a0Mhiran Faraday, Judi Pearl. <a href=\"https:\/\/us02web.zoom.us\/meeting\/register\/tZAld-ChqjwrGNCE8Rrp0BUVbCbP6BqK--K2\"><strong><button class=\"blue-button-medium\">Inscrivez-vous!<\/button><\/strong><\/a><\/p>\n","protected":false},"excerpt":{"rendered":"<p>avec LeSAUT et Orchestres Canada L\u2019urgence climatique est l\u2019un des plus grands d\u00e9fis auxquels la soci\u00e9t\u00e9 humaine est confront\u00e9e. Comment les artistes et les orchestres r\u00e9agissent-ils? Quels rapprochements peut-on faire entre la musique classique et les effets du changement climatique? Quels nouveaux r\u00f4les les organismes artistiques peuvent-ils jouer pour pr\u00e9parer le terrain \u00e0 un changement [&hellip;]<\/p>\n","protected":false},"author":10,"featured_media":0,"parent":0,"menu_order":0,"comment_status":"closed","ping_status":"closed","template":"","meta":{"_acf_changed":false,"_monsterinsights_skip_tracking":false,"_monsterinsights_sitenote_active":false,"_monsterinsights_sitenote_note":"","_monsterinsights_sitenote_category":0,"footnotes":""},"class_list":["post-9914","page","type-page","status-publish","hentry"],"acf":[],"yoast_head":"<!-- This site is optimized with the Yoast SEO plugin v25.4 - https:\/\/yoast.com\/wordpress\/plugins\/seo\/ -->\n<title>Assembl\u00e9e publique - Orchestras Canada\/Orchestres Canada<\/title>\n<meta name=\"robots\" content=\"index, follow, max-snippet:-1, max-image-preview:large, max-video-preview:-1\" \/>\n<link rel=\"canonical\" href=\"https:\/\/oc.ca\/en\/town-hall-with-scale-and-orchestras-canada\/\" \/>\n<meta property=\"og:locale\" content=\"fr_FR\" \/>\n<meta property=\"og:type\" content=\"article\" \/>\n<meta property=\"og:title\" content=\"Assembl\u00e9e publique - Orchestras Canada\/Orchestres Canada\" \/>\n<meta property=\"og:description\" content=\"avec LeSAUT et Orchestres Canada L\u2019urgence climatique est l\u2019un des plus grands d\u00e9fis auxquels la soci\u00e9t\u00e9 humaine est confront\u00e9e. Comment les artistes et les orchestres r\u00e9agissent-ils? Quels rapprochements peut-on faire entre la musique classique et les effets du changement climatique? Quels nouveaux r\u00f4les les organismes artistiques peuvent-ils jouer pour pr\u00e9parer le terrain \u00e0 un changement [&hellip;]\" \/>\n<meta property=\"og:url\" content=\"https:\/\/oc.ca\/en\/town-hall-with-scale-and-orchestras-canada\/\" \/>\n<meta property=\"og:site_name\" content=\"Orchestras Canada\/Orchestres Canada\" \/>\n<meta property=\"article:modified_time\" content=\"2022-03-24T19:45:48+00:00\" \/>\n<meta property=\"og:image\" content=\"https:\/\/oc.ca\/wp-content\/uploads\/2022\/03\/OC-and-Scale-V2.png\" \/>\n\t<meta property=\"og:image:width\" content=\"651\" \/>\n\t<meta property=\"og:image:height\" content=\"366\" \/>\n\t<meta property=\"og:image:type\" content=\"image\/png\" \/>\n<meta name=\"twitter:card\" content=\"summary_large_image\" \/>\n<meta name=\"twitter:image\" content=\"https:\/\/oc.ca\/wp-content\/uploads\/2022\/03\/OC-and-Scale-V2.png\" \/>\n<meta name=\"twitter:label1\" content=\"Dur\u00e9e de lecture estim\u00e9e\" \/>\n\t<meta name=\"twitter:data1\" content=\"2 minutes\" \/>\n<script type=\"application\/ld+json\" class=\"yoast-schema-graph\">{\"@context\":\"https:\/\/schema.org\",\"@graph\":[{\"@type\":\"WebPage\",\"@id\":\"https:\/\/oc.ca\/en\/town-hall-with-scale-and-orchestras-canada\/\",\"url\":\"https:\/\/oc.ca\/en\/town-hall-with-scale-and-orchestras-canada\/\",\"name\":\"Assembl\u00e9e publique - Orchestras Canada\/Orchestres Canada\",\"isPartOf\":{\"@id\":\"https:\/\/oc.ca\/en\/#website\"},\"primaryImageOfPage\":{\"@id\":\"https:\/\/oc.ca\/en\/town-hall-with-scale-and-orchestras-canada\/#primaryimage\"},\"image\":{\"@id\":\"https:\/\/oc.ca\/en\/town-hall-with-scale-and-orchestras-canada\/#primaryimage\"},\"thumbnailUrl\":\"https:\/\/oc.ca\/wp-content\/uploads\/2022\/03\/OC-and-Scale-V2.png\",\"datePublished\":\"2022-03-23T22:34:15+00:00\",\"dateModified\":\"2022-03-24T19:45:48+00:00\",\"breadcrumb\":{\"@id\":\"https:\/\/oc.ca\/en\/town-hall-with-scale-and-orchestras-canada\/#breadcrumb\"},\"inLanguage\":\"fr-FR\",\"potentialAction\":[{\"@type\":\"ReadAction\",\"target\":[\"https:\/\/oc.ca\/en\/town-hall-with-scale-and-orchestras-canada\/\"]}]},{\"@type\":\"ImageObject\",\"inLanguage\":\"fr-FR\",\"@id\":\"https:\/\/oc.ca\/en\/town-hall-with-scale-and-orchestras-canada\/#primaryimage\",\"url\":\"https:\/\/oc.ca\/wp-content\/uploads\/2022\/03\/OC-and-Scale-V2.png\",\"contentUrl\":\"https:\/\/oc.ca\/wp-content\/uploads\/2022\/03\/OC-and-Scale-V2.png\"},{\"@type\":\"BreadcrumbList\",\"@id\":\"https:\/\/oc.ca\/en\/town-hall-with-scale-and-orchestras-canada\/#breadcrumb\",\"itemListElement\":[{\"@type\":\"ListItem\",\"position\":1,\"name\":\"Home\",\"item\":\"https:\/\/oc.ca\/fr\/\"},{\"@type\":\"ListItem\",\"position\":2,\"name\":\"Assembl\u00e9e publique\"}]},{\"@type\":\"WebSite\",\"@id\":\"https:\/\/oc.ca\/en\/#website\",\"url\":\"https:\/\/oc.ca\/en\/\",\"name\":\"Orchestras Canada\/Orchestres Canada\",\"description\":\"\",\"publisher\":{\"@id\":\"https:\/\/oc.ca\/en\/#organization\"},\"potentialAction\":[{\"@type\":\"SearchAction\",\"target\":{\"@type\":\"EntryPoint\",\"urlTemplate\":\"https:\/\/oc.ca\/en\/?s={search_term_string}\"},\"query-input\":{\"@type\":\"PropertyValueSpecification\",\"valueRequired\":true,\"valueName\":\"search_term_string\"}}],\"inLanguage\":\"fr-FR\"},{\"@type\":\"Organization\",\"@id\":\"https:\/\/oc.ca\/en\/#organization\",\"name\":\"Orchestras Canada\/Orchestres Canada\",\"url\":\"https:\/\/oc.ca\/en\/\",\"logo\":{\"@type\":\"ImageObject\",\"inLanguage\":\"fr-FR\",\"@id\":\"https:\/\/oc.ca\/en\/#\/schema\/logo\/image\/\",\"url\":\"https:\/\/oc.ca\/wp-content\/uploads\/2019\/03\/cropped-OC-Logo-800x200-1.png\",\"contentUrl\":\"https:\/\/oc.ca\/wp-content\/uploads\/2019\/03\/cropped-OC-Logo-800x200-1.png\",\"width\":400,\"height\":100,\"caption\":\"Orchestras Canada\/Orchestres Canada\"},\"image\":{\"@id\":\"https:\/\/oc.ca\/en\/#\/schema\/logo\/image\/\"}}]}<\/script>\n<!-- \/ Yoast SEO plugin. -->","yoast_head_json":{"title":"Assembl\u00e9e publique - Orchestras Canada\/Orchestres Canada","robots":{"index":"index","follow":"follow","max-snippet":"max-snippet:-1","max-image-preview":"max-image-preview:large","max-video-preview":"max-video-preview:-1"},"canonical":"https:\/\/oc.ca\/en\/town-hall-with-scale-and-orchestras-canada\/","og_locale":"fr_FR","og_type":"article","og_title":"Assembl\u00e9e publique - Orchestras Canada\/Orchestres Canada","og_description":"avec LeSAUT et Orchestres Canada L\u2019urgence climatique est l\u2019un des plus grands d\u00e9fis auxquels la soci\u00e9t\u00e9 humaine est confront\u00e9e. Comment les artistes et les orchestres r\u00e9agissent-ils? Quels rapprochements peut-on faire entre la musique classique et les effets du changement climatique? Quels nouveaux r\u00f4les les organismes artistiques peuvent-ils jouer pour pr\u00e9parer le terrain \u00e0 un changement [&hellip;]","og_url":"https:\/\/oc.ca\/en\/town-hall-with-scale-and-orchestras-canada\/","og_site_name":"Orchestras Canada\/Orchestres Canada","article_modified_time":"2022-03-24T19:45:48+00:00","og_image":[{"width":651,"height":366,"url":"https:\/\/oc.ca\/wp-content\/uploads\/2022\/03\/OC-and-Scale-V2.png","type":"image\/png"}],"twitter_card":"summary_large_image","twitter_image":"https:\/\/oc.ca\/wp-content\/uploads\/2022\/03\/OC-and-Scale-V2.png","twitter_misc":{"Dur\u00e9e de lecture estim\u00e9e":"2 minutes"},"schema":{"@context":"https:\/\/schema.org","@graph":[{"@type":"WebPage","@id":"https:\/\/oc.ca\/en\/town-hall-with-scale-and-orchestras-canada\/","url":"https:\/\/oc.ca\/en\/town-hall-with-scale-and-orchestras-canada\/","name":"Assembl\u00e9e publique - Orchestras Canada\/Orchestres Canada","isPartOf":{"@id":"https:\/\/oc.ca\/en\/#website"},"primaryImageOfPage":{"@id":"https:\/\/oc.ca\/en\/town-hall-with-scale-and-orchestras-canada\/#primaryimage"},"image":{"@id":"https:\/\/oc.ca\/en\/town-hall-with-scale-and-orchestras-canada\/#primaryimage"},"thumbnailUrl":"https:\/\/oc.ca\/wp-content\/uploads\/2022\/03\/OC-and-Scale-V2.png","datePublished":"2022-03-23T22:34:15+00:00","dateModified":"2022-03-24T19:45:48+00:00","breadcrumb":{"@id":"https:\/\/oc.ca\/en\/town-hall-with-scale-and-orchestras-canada\/#breadcrumb"},"inLanguage":"fr-FR","potentialAction":[{"@type":"ReadAction","target":["https:\/\/oc.ca\/en\/town-hall-with-scale-and-orchestras-canada\/"]}]},{"@type":"ImageObject","inLanguage":"fr-FR","@id":"https:\/\/oc.ca\/en\/town-hall-with-scale-and-orchestras-canada\/#primaryimage","url":"https:\/\/oc.ca\/wp-content\/uploads\/2022\/03\/OC-and-Scale-V2.png","contentUrl":"https:\/\/oc.ca\/wp-content\/uploads\/2022\/03\/OC-and-Scale-V2.png"},{"@type":"BreadcrumbList","@id":"https:\/\/oc.ca\/en\/town-hall-with-scale-and-orchestras-canada\/#breadcrumb","itemListElement":[{"@type":"ListItem","position":1,"name":"Home","item":"https:\/\/oc.ca\/fr\/"},{"@type":"ListItem","position":2,"name":"Assembl\u00e9e publique"}]},{"@type":"WebSite","@id":"https:\/\/oc.ca\/en\/#website","url":"https:\/\/oc.ca\/en\/","name":"Orchestras Canada\/Orchestres Canada","description":"","publisher":{"@id":"https:\/\/oc.ca\/en\/#organization"},"potentialAction":[{"@type":"SearchAction","target":{"@type":"EntryPoint","urlTemplate":"https:\/\/oc.ca\/en\/?s={search_term_string}"},"query-input":{"@type":"PropertyValueSpecification","valueRequired":true,"valueName":"search_term_string"}}],"inLanguage":"fr-FR"},{"@type":"Organization","@id":"https:\/\/oc.ca\/en\/#organization","name":"Orchestras Canada\/Orchestres Canada","url":"https:\/\/oc.ca\/en\/","logo":{"@type":"ImageObject","inLanguage":"fr-FR","@id":"https:\/\/oc.ca\/en\/#\/schema\/logo\/image\/","url":"https:\/\/oc.ca\/wp-content\/uploads\/2019\/03\/cropped-OC-Logo-800x200-1.png","contentUrl":"https:\/\/oc.ca\/wp-content\/uploads\/2019\/03\/cropped-OC-Logo-800x200-1.png","width":400,"height":100,"caption":"Orchestras Canada\/Orchestres Canada"},"image":{"@id":"https:\/\/oc.ca\/en\/#\/schema\/logo\/image\/"}}]}},"_links":{"self":[{"href":"https:\/\/oc.ca\/fr\/wp-json\/wp\/v2\/pages\/9914","targetHints":{"allow":["GET"]}}],"collection":[{"href":"https:\/\/oc.ca\/fr\/wp-json\/wp\/v2\/pages"}],"about":[{"href":"https:\/\/oc.ca\/fr\/wp-json\/wp\/v2\/types\/page"}],"author":[{"embeddable":true,"href":"https:\/\/oc.ca\/fr\/wp-json\/wp\/v2\/users\/10"}],"replies":[{"embeddable":true,"href":"https:\/\/oc.ca\/fr\/wp-json\/wp\/v2\/comments?post=9914"}],"version-history":[{"count":5,"href":"https:\/\/oc.ca\/fr\/wp-json\/wp\/v2\/pages\/9914\/revisions"}],"predecessor-version":[{"id":9932,"href":"https:\/\/oc.ca\/fr\/wp-json\/wp\/v2\/pages\/9914\/revisions\/9932"}],"wp:attachment":[{"href":"https:\/\/oc.ca\/fr\/wp-json\/wp\/v2\/media?parent=9914"}],"curies":[{"name":"wp","href":"https:\/\/api.w.org\/{rel}","templated":true}]}}