{"id":9146,"date":"2021-11-08T18:25:13","date_gmt":"2021-11-08T23:25:13","guid":{"rendered":"http:\/\/demosite2.asurtec.com\/?page_id=9146"},"modified":"2021-11-08T18:25:41","modified_gmt":"2021-11-08T23:25:41","slug":"artsboost-cultiver-une-culture-de-test-et-danalyse-des-resultats","status":"publish","type":"page","link":"https:\/\/oc.ca\/fr\/artsboost-cultiver-une-culture-de-test-et-danalyse-des-resultats\/","title":{"rendered":"ArtsBoost : Cultiver une culture de test et d\u2019analyse des r\u00e9sultats (test &#038; learn)"},"content":{"rendered":"<p class=\"p1\"><b>Date\u00a0: <\/b>Le vendredi 10 d\u00e9cembre 12 h 30 &#8211; 13 h 30 HE<\/p>\n<p><strong data-uw-styling-context=\"true\">Session bilingue<\/strong>\u00a0: L\u2019interpr\u00e9tation simultan\u00e9e vers le fran\u00e7ais est disponible lors de cette session.<\/p>\n<p><strong>Co\u00fbt<\/strong> : Gratuit!<\/p>\n<p style=\"text-align: center;\"><a href=\"https:\/\/us02web.zoom.us\/meeting\/register\/tZ0ldeqpqTguG9JjcEXbDE8LConZQ1UPvJS8\"><strong><button class=\"blue-button-medium\">S&#8217;inscrire<\/button><\/strong><\/a><\/p>\n<p class=\"p1\"><span class=\"TextRun SCXW130783082 BCX0\" lang=\"FR-CA\" xml:lang=\"FR-CA\" data-contrast=\"none\"><span class=\"NormalTextRun SCXW130783082 BCX0\">Ce webinaire\u00a0<\/span><span class=\"NormalTextRun SCXW130783082 BCX0\">de formation gratuit a pour but d\u2019aider les administrateurs d\u2019organismes artistiques \u00e0 comprendre comment tester de nouvelles activit\u00e9s num\u00e9riques de marketing et de collecte de fonds et\u00a0<\/span><span class=\"NormalTextRun SCXW130783082 BCX0\">en\u00a0<\/span><span class=\"NormalTextRun SCXW130783082 BCX0\">analyser les r\u00e9sultats. L<\/span><span class=\"NormalTextRun SCXW130783082 BCX0\">a s\u00e9ance<\/span><span class=\"NormalTextRun SCXW130783082 BCX0\">\u00a0portera notamment sur l<\/span><span class=\"NormalTextRun SCXW130783082 BCX0\">es mesures que les organismes artistiques doivent avoir en place pour\u00a0<\/span><span class=\"NormalTextRun SCXW130783082 BCX0\">mener un test<\/span><span class=\"NormalTextRun SCXW130783082 BCX0\">\u00a0et<\/span><span class=\"NormalTextRun SCXW130783082 BCX0\">\u00a0en<\/span><span class=\"NormalTextRun SCXW130783082 BCX0\">\u00a0analyser les r\u00e9sultats d\u2019une mani\u00e8re structur\u00e9e<\/span><span class=\"NormalTextRun SCXW130783082 BCX0\">,<\/span><span class=\"NormalTextRun SCXW130783082 BCX0\">\u00a0ce qui inclut\u00a0<\/span><span class=\"NormalTextRun SCXW130783082 BCX0\">les mani\u00e8res de cerner les possibilit\u00e9s, de concevoir des essais efficaces, d\u2019en tirer des enseignements et d\u2019appliquer ceux-ci<\/span><span class=\"NormalTextRun SCXW130783082 BCX0\">.\u00a0<\/span><span class=\"NormalTextRun SCXW130783082 BCX0\">Il sera aussi question de la fa<\/span><span class=\"NormalTextRun SCXW130783082 BCX0\">\u00e7<\/span><span class=\"NormalTextRun SCXW130783082 BCX0\">on dont\u00a0<\/span><span class=\"NormalTextRun SCXW130783082 BCX0\">c<\/span><span class=\"NormalTextRun SCXW130783082 BCX0\">es administrateurs\u00a0<\/span><span class=\"NormalTextRun SCXW130783082 BCX0\">peuvent plus g\u00e9n\u00e9ralement mener une mission de \u00ab\u202ftransformation num\u00e9rique\u202f\u00bb<\/span><span class=\"NormalTextRun SCXW130783082 BCX0\">\u00a0<\/span><span class=\"NormalTextRun SCXW130783082 BCX0\">au sein de leurs organismes<\/span><span class=\"NormalTextRun SCXW130783082 BCX0\">,<\/span><span class=\"NormalTextRun SCXW130783082 BCX0\">\u00a0qui sont souvent oppos\u00e9s au risque et au changement.\u00a0<\/span><span class=\"NormalTextRun SCXW130783082 BCX0\">Durant cette<\/span><span class=\"NormalTextRun SCXW130783082 BCX0\">\u00a0s\u00e9ance interactive,\u00a0<\/span><span class=\"NormalTextRun SCXW130783082 BCX0\">les\u00a0<\/span><span class=\"NormalTextRun SCXW130783082 BCX0\">participants<\/span><span class=\"NormalTextRun SCXW130783082 BCX0\">\u00a0<\/span><span class=\"NormalTextRun SCXW130783082 BCX0\">obtiendront\u00a0<\/span><span class=\"NormalTextRun SCXW130783082 BCX0\">des conseils pratiques<\/span><span class=\"NormalTextRun SCXW130783082 BCX0\">\u00a0qu\u2019ils pourront appliquer dans leurs propres organismes artistiques<\/span><span class=\"NormalTextRun SCXW130783082 BCX0\">.<\/span><\/span><span class=\"EOP SCXW130783082 BCX0\" data-ccp-props=\"{&quot;201341983&quot;:0,&quot;335559739&quot;:160,&quot;335559740&quot;:259}\">\u00a0<\/span><\/p>\n<p><strong>Pr\u00e9sentateur<\/strong> : Tim Dolan, consultant principal et formateur chez Kickframe<\/p>\n<p><img fetchpriority=\"high\" decoding=\"async\" class=\" wp-image-8861 alignright\" src=\"https:\/\/oc.ca\/wp-content\/uploads\/2021\/09\/Screen-Shot-2021-09-29-at-5.16.44-PM-531x800.png\" alt=\"\" width=\"191\" height=\"288\" srcset=\"https:\/\/oc.ca\/wp-content\/uploads\/2021\/09\/Screen-Shot-2021-09-29-at-5.16.44-PM-531x800.png 531w, https:\/\/oc.ca\/wp-content\/uploads\/2021\/09\/Screen-Shot-2021-09-29-at-5.16.44-PM-199x300.png 199w, https:\/\/oc.ca\/wp-content\/uploads\/2021\/09\/Screen-Shot-2021-09-29-at-5.16.44-PM.png 588w\" sizes=\"(min-width: 960px) 75vw, 100vw\" \/><\/p>\n<p class=\"p1\">Tim Dolan a fond\u00e9 Kickframe, une soci\u00e9t\u00e9 de consultation et de formation num\u00e9riques. Durant plus de 20 ans, Tim a aid\u00e9 des organismes, \u00e0 l\u2019\u00e9chelle internationale, \u00e0 naviguer des occasions strat\u00e9giques li\u00e9es aux m\u00e9dias, aux donn\u00e9es et \u00e0 la technologie num\u00e9riques. Durant sa carri\u00e8re, il a fourni des services de consultation et de formation num\u00e9riques \u00e0 des organismes comme Four Seasons, BMW, Nike, Walmart, Vodafone, Virgin, WWF et le Toronto Symphony Orchestra.<\/p>\n<p class=\"p1\">Tim Dolan, MBA, est un facilitateur professionnel agr\u00e9\u00e9 par l\u2019IAF (avec la d\u00e9signation CPF), un praticien en formation agr\u00e9\u00e9 (avec la d\u00e9signation CTP), un sp\u00e9cialiste du marketing agr\u00e9\u00e9 (avec la d\u00e9signation ICP-MKG) et un ancien instructeur pour le cours menant \u00e0 un certificat en marketing num\u00e9rique de la CMA. Il est aussi l\u2019instructeur pour le cours sur le marketing et la collecte de fonds num\u00e9riques ciblant les arts d\u2019ArtsBoost.<\/p>\n<p style=\"text-align: center;\"><a href=\"https:\/\/us02web.zoom.us\/meeting\/register\/tZ0ldeqpqTguG9JjcEXbDE8LConZQ1UPvJS8\"><strong><button class=\"blue-button-medium\">S&#8217;inscrire<\/button><\/strong><\/a><\/p>\n<p>&nbsp;<\/p>\n<p><img decoding=\"async\" class=\"size-large wp-image-8363 aligncenter\" src=\"https:\/\/oc.ca\/wp-content\/uploads\/2021\/06\/ArtsBoost_Logo_S-01-2-1-e1623440540761-800x312.jpg\" alt=\"\" width=\"800\" height=\"312\" srcset=\"https:\/\/oc.ca\/wp-content\/uploads\/2021\/06\/ArtsBoost_Logo_S-01-2-1-e1623440540761-800x312.jpg 800w, https:\/\/oc.ca\/wp-content\/uploads\/2021\/06\/ArtsBoost_Logo_S-01-2-1-e1623440540761-300x117.jpg 300w, https:\/\/oc.ca\/wp-content\/uploads\/2021\/06\/ArtsBoost_Logo_S-01-2-1-e1623440540761-768x300.jpg 768w, https:\/\/oc.ca\/wp-content\/uploads\/2021\/06\/ArtsBoost_Logo_S-01-2-1-e1623440540761-1536x599.jpg 1536w, https:\/\/oc.ca\/wp-content\/uploads\/2021\/06\/ArtsBoost_Logo_S-01-2-1-e1623440540761.jpg 2000w\" sizes=\"(min-width: 960px) 75vw, 100vw\" \/><\/p>\n<p>&nbsp;<\/p>\n<div id=\"block-10854ef2dac97b1f8c0a\" class=\"sqs-block html-block sqs-block-html\" data-block-type=\"2\">\n<div class=\"sqs-block-content\">\n<p class=\"sqsrte-large\"><strong>Partenaires du projet<\/strong><\/p>\n<\/div>\n<\/div>\n<div id=\"yui_3_17_2_1_1621620922751_94\" class=\"row sqs-row\">\n<div id=\"yui_3_17_2_1_1621620922751_139\" class=\"col sqs-col-7 span-7\">\n<div id=\"yui_3_17_2_1_1621620922751_138\" class=\"row sqs-row\">\n<div id=\"yui_3_17_2_1_1621620922751_137\" class=\"col sqs-col-3 span-3\">\n<div id=\"block-9b3dcfdc53f08382ab16\" class=\"sqs-block image-block sqs-block-image sqs-text-ready\" data-aspect-ratio=\"23.14814814814815\" data-block-type=\"5\">\n<div id=\"yui_3_17_2_1_1621620922751_136\" class=\"sqs-block-content\">\n<div id=\"yui_3_17_2_1_1621620922751_135\" class=\"image-block-outer-wrapper layout-caption-hidden design-layout-inline combination-animation-none individual-animation-none individual-text-animation-none sqs-narrow-width\" data-test=\"image-block-inline-outer-wrapper\">\n<figure id=\"yui_3_17_2_1_1621620922751_134\" class=\" sqs-block-image-figure intrinsic \">\n<div id=\"yui_3_17_2_1_1621620922751_132\" class=\" image-block-wrapper has-aspect-ratio \" data-animation-role=\"image\"><img decoding=\"async\" class=\"size-large wp-image-8311 aligncenter\" src=\"https:\/\/oc.ca\/wp-content\/uploads\/2021\/05\/Screen-Shot-2021-05-21-at-2.20.23-PM-800x122.png\" sizes=\"(min-width: 960px) 75vw, 100vw\" srcset=\"https:\/\/oc.ca\/wp-content\/uploads\/2021\/05\/Screen-Shot-2021-05-21-at-2.20.23-PM-800x122.png 800w, https:\/\/oc.ca\/wp-content\/uploads\/2021\/05\/Screen-Shot-2021-05-21-at-2.20.23-PM-300x46.png 300w, https:\/\/oc.ca\/wp-content\/uploads\/2021\/05\/Screen-Shot-2021-05-21-at-2.20.23-PM-768x117.png 768w, https:\/\/oc.ca\/wp-content\/uploads\/2021\/05\/Screen-Shot-2021-05-21-at-2.20.23-PM-1536x234.png 1536w, https:\/\/oc.ca\/wp-content\/uploads\/2021\/05\/Screen-Shot-2021-05-21-at-2.20.23-PM-2048x312.png 2048w\" alt=\"\" width=\"800\" height=\"122\" data-src=\"https:\/\/oc.ca\/wp-content\/uploads\/2021\/05\/Screen-Shot-2021-05-21-at-2.20.23-PM-800x122.png\" data-srcset=\"https:\/\/oc.ca\/wp-content\/uploads\/2021\/05\/Screen-Shot-2021-05-21-at-2.20.23-PM-800x122.png 800w, https:\/\/oc.ca\/wp-content\/uploads\/2021\/05\/Screen-Shot-2021-05-21-at-2.20.23-PM-300x46.png 300w, https:\/\/oc.ca\/wp-content\/uploads\/2021\/05\/Screen-Shot-2021-05-21-at-2.20.23-PM-768x117.png 768w, https:\/\/oc.ca\/wp-content\/uploads\/2021\/05\/Screen-Shot-2021-05-21-at-2.20.23-PM-1536x234.png 1536w, https:\/\/oc.ca\/wp-content\/uploads\/2021\/05\/Screen-Shot-2021-05-21-at-2.20.23-PM-2048x312.png 2048w\" data-sizes=\"(min-width: 960px) 75vw, 100vw\" \/><\/div>\n<\/figure>\n<div data-animation-role=\"image\"><\/div>\n<div data-animation-role=\"image\"><\/div>\n<div data-animation-role=\"image\"><strong>Nous reconnaissons le soutien du Fonds pour la strat\u00e9gie num\u00e9rique<\/strong><\/div>\n<\/div>\n<div data-animation-role=\"image\"><\/div>\n<div data-animation-role=\"image\"><\/div>\n<div data-animation-role=\"image\"><img loading=\"lazy\" decoding=\"async\" class=\"wp-image-2631 aligncenter\" src=\"https:\/\/oc.ca\/wp-content\/uploads\/2019\/02\/canada-council-for-the-arts-en-clear.png\" sizes=\"(min-width: 960px) 75vw, 100vw\" srcset=\"https:\/\/oc.ca\/wp-content\/uploads\/2019\/02\/canada-council-for-the-arts-en-clear.png 600w, https:\/\/oc.ca\/wp-content\/uploads\/2019\/02\/canada-council-for-the-arts-en-clear-300x55.png 300w\" alt=\"Canada council for the arts logo\" width=\"404\" height=\"74\" data-src=\"https:\/\/oc.ca\/wp-content\/uploads\/2019\/02\/canada-council-for-the-arts-en-clear.png\" data-srcset=\"https:\/\/oc.ca\/wp-content\/uploads\/2019\/02\/canada-council-for-the-arts-en-clear.png 600w, https:\/\/oc.ca\/wp-content\/uploads\/2019\/02\/canada-council-for-the-arts-en-clear-300x55.png 300w\" data-sizes=\"(min-width: 960px) 75vw, 100vw\" \/><\/div>\n<\/div>\n<\/div>\n<\/div>\n<\/div>\n<\/div>\n<\/div>\n","protected":false},"excerpt":{"rendered":"<p>Date\u00a0: Le vendredi 10 d\u00e9cembre 12 h 30 &#8211; 13 h 30 HE Session bilingue\u00a0: L\u2019interpr\u00e9tation simultan\u00e9e vers le fran\u00e7ais est disponible lors de cette session. Co\u00fbt : Gratuit! S&#8217;inscrire Ce webinaire\u00a0de formation gratuit a pour but d\u2019aider les administrateurs d\u2019organismes artistiques \u00e0 comprendre comment tester de nouvelles activit\u00e9s num\u00e9riques de marketing et de collecte [&hellip;]<\/p>\n","protected":false},"author":10,"featured_media":0,"parent":0,"menu_order":0,"comment_status":"closed","ping_status":"closed","template":"","meta":{"_acf_changed":false,"_monsterinsights_skip_tracking":false,"_monsterinsights_sitenote_active":false,"_monsterinsights_sitenote_note":"","_monsterinsights_sitenote_category":0,"footnotes":""},"class_list":["post-9146","page","type-page","status-publish","hentry"],"acf":[],"yoast_head":"<!-- This site is optimized with the Yoast SEO plugin v25.4 - https:\/\/yoast.com\/wordpress\/plugins\/seo\/ -->\n<title>ArtsBoost : Cultiver une culture de test et d\u2019analyse des r\u00e9sultats (test &amp; learn) - Orchestras Canada\/Orchestres Canada<\/title>\n<meta name=\"robots\" content=\"index, follow, max-snippet:-1, max-image-preview:large, max-video-preview:-1\" \/>\n<link rel=\"canonical\" href=\"https:\/\/oc.ca\/en\/artsboost-building-a-test-learn-culture\/\" \/>\n<meta property=\"og:locale\" content=\"fr_FR\" \/>\n<meta property=\"og:type\" content=\"article\" \/>\n<meta property=\"og:title\" content=\"ArtsBoost : Cultiver une culture de test et d\u2019analyse des r\u00e9sultats (test &amp; learn) - Orchestras Canada\/Orchestres Canada\" \/>\n<meta property=\"og:description\" content=\"Date\u00a0: Le vendredi 10 d\u00e9cembre 12 h 30 &#8211; 13 h 30 HE Session bilingue\u00a0: L\u2019interpr\u00e9tation simultan\u00e9e vers le fran\u00e7ais est disponible lors de cette session. Co\u00fbt : Gratuit! S&#8217;inscrire Ce webinaire\u00a0de formation gratuit a pour but d\u2019aider les administrateurs d\u2019organismes artistiques \u00e0 comprendre comment tester de nouvelles activit\u00e9s num\u00e9riques de marketing et de collecte [&hellip;]\" \/>\n<meta property=\"og:url\" content=\"https:\/\/oc.ca\/en\/artsboost-building-a-test-learn-culture\/\" \/>\n<meta property=\"og:site_name\" content=\"Orchestras Canada\/Orchestres Canada\" \/>\n<meta property=\"article:modified_time\" content=\"2021-11-08T23:25:41+00:00\" \/>\n<meta property=\"og:image\" content=\"https:\/\/oc.ca\/wp-content\/uploads\/2021\/11\/Booster-2.png\" \/>\n\t<meta property=\"og:image:width\" content=\"1640\" \/>\n\t<meta property=\"og:image:height\" content=\"924\" \/>\n\t<meta property=\"og:image:type\" content=\"image\/png\" \/>\n<meta name=\"twitter:card\" content=\"summary_large_image\" \/>\n<meta name=\"twitter:image\" content=\"https:\/\/oc.ca\/wp-content\/uploads\/2021\/11\/Booster-2.png\" \/>\n<meta name=\"twitter:label1\" content=\"Dur\u00e9e de lecture estim\u00e9e\" \/>\n\t<meta name=\"twitter:data1\" content=\"3 minutes\" \/>\n<script type=\"application\/ld+json\" class=\"yoast-schema-graph\">{\"@context\":\"https:\/\/schema.org\",\"@graph\":[{\"@type\":\"WebPage\",\"@id\":\"https:\/\/oc.ca\/en\/artsboost-building-a-test-learn-culture\/\",\"url\":\"https:\/\/oc.ca\/en\/artsboost-building-a-test-learn-culture\/\",\"name\":\"ArtsBoost : Cultiver une culture de test et d\u2019analyse des r\u00e9sultats (test & learn) - Orchestras Canada\/Orchestres Canada\",\"isPartOf\":{\"@id\":\"https:\/\/oc.ca\/en\/#website\"},\"primaryImageOfPage\":{\"@id\":\"https:\/\/oc.ca\/en\/artsboost-building-a-test-learn-culture\/#primaryimage\"},\"image\":{\"@id\":\"https:\/\/oc.ca\/en\/artsboost-building-a-test-learn-culture\/#primaryimage\"},\"thumbnailUrl\":\"https:\/\/oc.ca\/wp-content\/uploads\/2021\/09\/Screen-Shot-2021-09-29-at-5.16.44-PM-531x800.png\",\"datePublished\":\"2021-11-08T23:25:13+00:00\",\"dateModified\":\"2021-11-08T23:25:41+00:00\",\"breadcrumb\":{\"@id\":\"https:\/\/oc.ca\/en\/artsboost-building-a-test-learn-culture\/#breadcrumb\"},\"inLanguage\":\"fr-FR\",\"potentialAction\":[{\"@type\":\"ReadAction\",\"target\":[\"https:\/\/oc.ca\/en\/artsboost-building-a-test-learn-culture\/\"]}]},{\"@type\":\"ImageObject\",\"inLanguage\":\"fr-FR\",\"@id\":\"https:\/\/oc.ca\/en\/artsboost-building-a-test-learn-culture\/#primaryimage\",\"url\":\"https:\/\/oc.ca\/wp-content\/uploads\/2021\/09\/Screen-Shot-2021-09-29-at-5.16.44-PM-531x800.png\",\"contentUrl\":\"https:\/\/oc.ca\/wp-content\/uploads\/2021\/09\/Screen-Shot-2021-09-29-at-5.16.44-PM-531x800.png\"},{\"@type\":\"BreadcrumbList\",\"@id\":\"https:\/\/oc.ca\/en\/artsboost-building-a-test-learn-culture\/#breadcrumb\",\"itemListElement\":[{\"@type\":\"ListItem\",\"position\":1,\"name\":\"Home\",\"item\":\"https:\/\/oc.ca\/fr\/\"},{\"@type\":\"ListItem\",\"position\":2,\"name\":\"ArtsBoost : Cultiver une culture de test et d\u2019analyse des r\u00e9sultats (test &#038; learn)\"}]},{\"@type\":\"WebSite\",\"@id\":\"https:\/\/oc.ca\/en\/#website\",\"url\":\"https:\/\/oc.ca\/en\/\",\"name\":\"Orchestras Canada\/Orchestres Canada\",\"description\":\"\",\"publisher\":{\"@id\":\"https:\/\/oc.ca\/en\/#organization\"},\"potentialAction\":[{\"@type\":\"SearchAction\",\"target\":{\"@type\":\"EntryPoint\",\"urlTemplate\":\"https:\/\/oc.ca\/en\/?s={search_term_string}\"},\"query-input\":{\"@type\":\"PropertyValueSpecification\",\"valueRequired\":true,\"valueName\":\"search_term_string\"}}],\"inLanguage\":\"fr-FR\"},{\"@type\":\"Organization\",\"@id\":\"https:\/\/oc.ca\/en\/#organization\",\"name\":\"Orchestras Canada\/Orchestres Canada\",\"url\":\"https:\/\/oc.ca\/en\/\",\"logo\":{\"@type\":\"ImageObject\",\"inLanguage\":\"fr-FR\",\"@id\":\"https:\/\/oc.ca\/en\/#\/schema\/logo\/image\/\",\"url\":\"https:\/\/oc.ca\/wp-content\/uploads\/2019\/03\/cropped-OC-Logo-800x200-1.png\",\"contentUrl\":\"https:\/\/oc.ca\/wp-content\/uploads\/2019\/03\/cropped-OC-Logo-800x200-1.png\",\"width\":400,\"height\":100,\"caption\":\"Orchestras Canada\/Orchestres Canada\"},\"image\":{\"@id\":\"https:\/\/oc.ca\/en\/#\/schema\/logo\/image\/\"}}]}<\/script>\n<!-- \/ Yoast SEO plugin. -->","yoast_head_json":{"title":"ArtsBoost : Cultiver une culture de test et d\u2019analyse des r\u00e9sultats (test & learn) - Orchestras Canada\/Orchestres Canada","robots":{"index":"index","follow":"follow","max-snippet":"max-snippet:-1","max-image-preview":"max-image-preview:large","max-video-preview":"max-video-preview:-1"},"canonical":"https:\/\/oc.ca\/en\/artsboost-building-a-test-learn-culture\/","og_locale":"fr_FR","og_type":"article","og_title":"ArtsBoost : Cultiver une culture de test et d\u2019analyse des r\u00e9sultats (test & learn) - Orchestras Canada\/Orchestres Canada","og_description":"Date\u00a0: Le vendredi 10 d\u00e9cembre 12 h 30 &#8211; 13 h 30 HE Session bilingue\u00a0: L\u2019interpr\u00e9tation simultan\u00e9e vers le fran\u00e7ais est disponible lors de cette session. Co\u00fbt : Gratuit! S&#8217;inscrire Ce webinaire\u00a0de formation gratuit a pour but d\u2019aider les administrateurs d\u2019organismes artistiques \u00e0 comprendre comment tester de nouvelles activit\u00e9s num\u00e9riques de marketing et de collecte [&hellip;]","og_url":"https:\/\/oc.ca\/en\/artsboost-building-a-test-learn-culture\/","og_site_name":"Orchestras Canada\/Orchestres Canada","article_modified_time":"2021-11-08T23:25:41+00:00","og_image":[{"width":1640,"height":924,"url":"https:\/\/oc.ca\/wp-content\/uploads\/2021\/11\/Booster-2.png","type":"image\/png"}],"twitter_card":"summary_large_image","twitter_image":"https:\/\/oc.ca\/wp-content\/uploads\/2021\/11\/Booster-2.png","twitter_misc":{"Dur\u00e9e de lecture estim\u00e9e":"3 minutes"},"schema":{"@context":"https:\/\/schema.org","@graph":[{"@type":"WebPage","@id":"https:\/\/oc.ca\/en\/artsboost-building-a-test-learn-culture\/","url":"https:\/\/oc.ca\/en\/artsboost-building-a-test-learn-culture\/","name":"ArtsBoost : Cultiver une culture de test et d\u2019analyse des r\u00e9sultats (test & learn) - Orchestras Canada\/Orchestres Canada","isPartOf":{"@id":"https:\/\/oc.ca\/en\/#website"},"primaryImageOfPage":{"@id":"https:\/\/oc.ca\/en\/artsboost-building-a-test-learn-culture\/#primaryimage"},"image":{"@id":"https:\/\/oc.ca\/en\/artsboost-building-a-test-learn-culture\/#primaryimage"},"thumbnailUrl":"https:\/\/oc.ca\/wp-content\/uploads\/2021\/09\/Screen-Shot-2021-09-29-at-5.16.44-PM-531x800.png","datePublished":"2021-11-08T23:25:13+00:00","dateModified":"2021-11-08T23:25:41+00:00","breadcrumb":{"@id":"https:\/\/oc.ca\/en\/artsboost-building-a-test-learn-culture\/#breadcrumb"},"inLanguage":"fr-FR","potentialAction":[{"@type":"ReadAction","target":["https:\/\/oc.ca\/en\/artsboost-building-a-test-learn-culture\/"]}]},{"@type":"ImageObject","inLanguage":"fr-FR","@id":"https:\/\/oc.ca\/en\/artsboost-building-a-test-learn-culture\/#primaryimage","url":"https:\/\/oc.ca\/wp-content\/uploads\/2021\/09\/Screen-Shot-2021-09-29-at-5.16.44-PM-531x800.png","contentUrl":"https:\/\/oc.ca\/wp-content\/uploads\/2021\/09\/Screen-Shot-2021-09-29-at-5.16.44-PM-531x800.png"},{"@type":"BreadcrumbList","@id":"https:\/\/oc.ca\/en\/artsboost-building-a-test-learn-culture\/#breadcrumb","itemListElement":[{"@type":"ListItem","position":1,"name":"Home","item":"https:\/\/oc.ca\/fr\/"},{"@type":"ListItem","position":2,"name":"ArtsBoost : Cultiver une culture de test et d\u2019analyse des r\u00e9sultats (test &#038; learn)"}]},{"@type":"WebSite","@id":"https:\/\/oc.ca\/en\/#website","url":"https:\/\/oc.ca\/en\/","name":"Orchestras Canada\/Orchestres Canada","description":"","publisher":{"@id":"https:\/\/oc.ca\/en\/#organization"},"potentialAction":[{"@type":"SearchAction","target":{"@type":"EntryPoint","urlTemplate":"https:\/\/oc.ca\/en\/?s={search_term_string}"},"query-input":{"@type":"PropertyValueSpecification","valueRequired":true,"valueName":"search_term_string"}}],"inLanguage":"fr-FR"},{"@type":"Organization","@id":"https:\/\/oc.ca\/en\/#organization","name":"Orchestras Canada\/Orchestres Canada","url":"https:\/\/oc.ca\/en\/","logo":{"@type":"ImageObject","inLanguage":"fr-FR","@id":"https:\/\/oc.ca\/en\/#\/schema\/logo\/image\/","url":"https:\/\/oc.ca\/wp-content\/uploads\/2019\/03\/cropped-OC-Logo-800x200-1.png","contentUrl":"https:\/\/oc.ca\/wp-content\/uploads\/2019\/03\/cropped-OC-Logo-800x200-1.png","width":400,"height":100,"caption":"Orchestras Canada\/Orchestres Canada"},"image":{"@id":"https:\/\/oc.ca\/en\/#\/schema\/logo\/image\/"}}]}},"_links":{"self":[{"href":"https:\/\/oc.ca\/fr\/wp-json\/wp\/v2\/pages\/9146","targetHints":{"allow":["GET"]}}],"collection":[{"href":"https:\/\/oc.ca\/fr\/wp-json\/wp\/v2\/pages"}],"about":[{"href":"https:\/\/oc.ca\/fr\/wp-json\/wp\/v2\/types\/page"}],"author":[{"embeddable":true,"href":"https:\/\/oc.ca\/fr\/wp-json\/wp\/v2\/users\/10"}],"replies":[{"embeddable":true,"href":"https:\/\/oc.ca\/fr\/wp-json\/wp\/v2\/comments?post=9146"}],"version-history":[{"count":1,"href":"https:\/\/oc.ca\/fr\/wp-json\/wp\/v2\/pages\/9146\/revisions"}],"predecessor-version":[{"id":9147,"href":"https:\/\/oc.ca\/fr\/wp-json\/wp\/v2\/pages\/9146\/revisions\/9147"}],"wp:attachment":[{"href":"https:\/\/oc.ca\/fr\/wp-json\/wp\/v2\/media?parent=9146"}],"curies":[{"name":"wp","href":"https:\/\/api.w.org\/{rel}","templated":true}]}}