{"id":8852,"date":"2021-09-29T17:11:06","date_gmt":"2021-09-29T21:11:06","guid":{"rendered":"http:\/\/demosite2.asurtec.com\/?page_id=8852"},"modified":"2022-11-28T10:45:18","modified_gmt":"2022-11-28T15:45:18","slug":"pleins-feux-sur-les-femmes-en-direction-musicale","status":"publish","type":"page","link":"https:\/\/oc.ca\/fr\/pleins-feux-sur-les-femmes-en-direction-musicale\/","title":{"rendered":"Pleins feux sur les femmes en direction musicale"},"content":{"rendered":"<p><strong>Date<\/strong>\u00a0: 27 octobre<\/p>\n<p><strong>Heure<\/strong>\u00a0: 13h \u2013 14h30 HNE<\/p>\n<p><strong>Session bilingue<\/strong> : L&#8217;interpr\u00e9tation simultan\u00e9e vers le fran\u00e7ais est disponible lors de cette session.<\/p>\n<p style=\"text-align: center;\"><a href=\"https:\/\/us02web.zoom.us\/meeting\/register\/tZEvd-Gtrj8tG9wuozEajLDxOLGds6HYJ0Wk\"><strong><button class=\"blue-button-medium\">S&#8217;inscrire!<\/button><\/strong><\/a><\/p>\n<p class=\"p1\">Orchestres Canada et l\u2019Association pour l\u2019op\u00e9ra au Canada s\u2019associent pour pr\u00e9senter <b>Les femmes en direction musicale <\/b>(FDM), un programme de formation pluriannuel destin\u00e9 aux femmes et personnes non binaires chefs d\u2019orchestre.<span class=\"Apple-converted-space\">\u00a0<\/span><\/p>\n<p class=\"p1\">Sous la gouverne de Tapestry Opera et de ses principaux partenaires, le Toronto Symphony Orchestra et Pacific Opera Victoria, le programme FDM cible l\u2019iniquit\u00e9 historique entre les sexes au chapitre de la direction d\u2019ensembles de musique classique en offrant une formation intensive, un mentorat et des occasions aux chefs d\u2019orchestre dou\u00e9s. En tandem avec un r\u00e9seau grandissant d\u2019organismes partenaires \u00e0 l\u2019\u00e9chelle du Canada, le programme permet de faciliter des placements au cours desquels les participants sont invit\u00e9s \u00e0 observer les activit\u00e9s entreprises par nos partenaires durant leurs saisons et \u00e0 y participer. <span class=\"Apple-converted-space\">\u00a0<\/span><\/p>\n<p><img fetchpriority=\"high\" decoding=\"async\" class=\" wp-image-8854 aligncenter\" src=\"https:\/\/oc.ca\/wp-content\/uploads\/2021\/09\/FR_WML-800x451.png\" alt=\"\" width=\"438\" height=\"247\" srcset=\"https:\/\/oc.ca\/wp-content\/uploads\/2021\/09\/FR_WML-800x451.png 800w, https:\/\/oc.ca\/wp-content\/uploads\/2021\/09\/FR_WML-300x169.png 300w, https:\/\/oc.ca\/wp-content\/uploads\/2021\/09\/FR_WML-768x433.png 768w, https:\/\/oc.ca\/wp-content\/uploads\/2021\/09\/FR_WML-1536x865.png 1536w, https:\/\/oc.ca\/wp-content\/uploads\/2021\/09\/FR_WML.png 1640w\" sizes=\"(min-width: 960px) 75vw, 100vw\" \/><\/p>\n<p class=\"p1\">Soyez des n\u00f4tres le 27 octobre. Venez \u00e9couter des repr\u00e9sentants du Tapestry Opera, du Toronto Symphony, d\u2019Opera Kelowna et de la cohorte inaugurale du programme FDM et d\u00e9couvrez comment votre organisme peut participer aux changements dans l\u2019avenir de la direction d\u2019orchestre au Canada.<\/p>\n<p class=\"p3\">Conf\u00e9renciers invit\u00e9s\u00a0:<\/p>\n<ul>\n<li class=\"p3\">David Dredla, vice-pr\u00e9sident artistique, Administration artistique<\/li>\n<li class=\"p3\">Jaime Martino, directrice ex\u00e9cutive, Tapestry Opera<\/li>\n<li class=\"p3\">Rosemary Thomson, directrice artistique, Kelowna Opera &amp; directrice musicale,\u00a0Okanagan Symphony Orchestra<\/li>\n<li class=\"p3\">Michael Mori, directeur g\u00e9n\u00e9ral, Tapestry Opera<\/li>\n<\/ul>\n<p><a href=\"https:\/\/oc.ca\/wp-content\/uploads\/2021\/10\/Bios-des-conferenciers-Les-femmes-en-direction-musicale-FR.pdf\">Cliquez ici pour t\u00e9l\u00e9charger les biographies des conf\u00e9renciers<\/a><\/p>\n<p style=\"text-align: center;\"><a href=\"https:\/\/us02web.zoom.us\/meeting\/register\/tZEvd-Gtrj8tG9wuozEajLDxOLGds6HYJ0Wk\"><strong><button class=\"blue-button-medium\">S&#8217;inscrire!<\/button><\/strong><\/a><\/p>\n<p>&nbsp;<\/p>\n<p style=\"text-align: center;\"><strong>Session pr\u00e9sent\u00e9e par<\/strong><\/p>\n<p><img decoding=\"async\" class=\"wp-image-8012 aligncenter\" src=\"https:\/\/oc.ca\/wp-content\/uploads\/2021\/03\/OC-Logo-transparent-GForm.png\" alt=\"\" width=\"301\" height=\"113\" srcset=\"https:\/\/oc.ca\/wp-content\/uploads\/2021\/03\/OC-Logo-transparent-GForm.png 800w, https:\/\/oc.ca\/wp-content\/uploads\/2021\/03\/OC-Logo-transparent-GForm-300x113.png 300w, https:\/\/oc.ca\/wp-content\/uploads\/2021\/03\/OC-Logo-transparent-GForm-768x288.png 768w\" sizes=\"(min-width: 960px) 75vw, 100vw\" \/><\/p>\n<p><img decoding=\"async\" class=\"wp-image-8825 aligncenter\" src=\"https:\/\/oc.ca\/wp-content\/uploads\/2021\/09\/c7149143-8846-49c4-85f2-63692a96149a-800x259.jpg\" alt=\"\" width=\"269\" height=\"87\" srcset=\"https:\/\/oc.ca\/wp-content\/uploads\/2021\/09\/c7149143-8846-49c4-85f2-63692a96149a-800x259.jpg 800w, https:\/\/oc.ca\/wp-content\/uploads\/2021\/09\/c7149143-8846-49c4-85f2-63692a96149a-300x97.jpg 300w, https:\/\/oc.ca\/wp-content\/uploads\/2021\/09\/c7149143-8846-49c4-85f2-63692a96149a-768x248.jpg 768w, https:\/\/oc.ca\/wp-content\/uploads\/2021\/09\/c7149143-8846-49c4-85f2-63692a96149a-1536x497.jpg 1536w, https:\/\/oc.ca\/wp-content\/uploads\/2021\/09\/c7149143-8846-49c4-85f2-63692a96149a-2048x662.jpg 2048w\" sizes=\"(min-width: 960px) 75vw, 100vw\" \/><\/p>\n<p>&nbsp;<\/p>\n<p style=\"text-align: center;\"><strong>Un projet de<\/strong><\/p>\n<p><img loading=\"lazy\" decoding=\"async\" class=\"wp-image-8831 aligncenter\" src=\"https:\/\/oc.ca\/wp-content\/uploads\/2021\/09\/Tapestry_ALL_TEAL-800x406.jpg\" alt=\"\" width=\"275\" height=\"140\" srcset=\"https:\/\/oc.ca\/wp-content\/uploads\/2021\/09\/Tapestry_ALL_TEAL-800x406.jpg 800w, https:\/\/oc.ca\/wp-content\/uploads\/2021\/09\/Tapestry_ALL_TEAL-300x152.jpg 300w, https:\/\/oc.ca\/wp-content\/uploads\/2021\/09\/Tapestry_ALL_TEAL-768x389.jpg 768w, https:\/\/oc.ca\/wp-content\/uploads\/2021\/09\/Tapestry_ALL_TEAL-1536x779.jpg 1536w, https:\/\/oc.ca\/wp-content\/uploads\/2021\/09\/Tapestry_ALL_TEAL-2048x1039.jpg 2048w\" sizes=\"(min-width: 960px) 75vw, 100vw\" \/><\/p>\n<p>&nbsp;<\/p>\n<p style=\"text-align: center;\"><strong>Principaux partenaires du projet<\/strong><\/p>\n<p>&nbsp;<\/p>\n<p><img loading=\"lazy\" decoding=\"async\" class=\"alignnone wp-image-8827 aligncenter\" src=\"https:\/\/oc.ca\/wp-content\/uploads\/2021\/09\/1280px-Toronto_Symphony_Orchestra_logo.svg-768x174-1.png\" alt=\"\" width=\"216\" height=\"49\" srcset=\"https:\/\/oc.ca\/wp-content\/uploads\/2021\/09\/1280px-Toronto_Symphony_Orchestra_logo.svg-768x174-1.png 768w, https:\/\/oc.ca\/wp-content\/uploads\/2021\/09\/1280px-Toronto_Symphony_Orchestra_logo.svg-768x174-1-300x68.png 300w\" sizes=\"(min-width: 960px) 75vw, 100vw\" \/><\/p>\n<p><img loading=\"lazy\" decoding=\"async\" class=\"alignnone size-full wp-image-8829 aligncenter\" src=\"https:\/\/oc.ca\/wp-content\/uploads\/2021\/09\/Pacific_Opera_Victoria_Logo_Horiz_RGB-small.jpg\" alt=\"\" width=\"220\" height=\"34\" \/><\/p>\n<p>&nbsp;<\/p>\n<p style=\"text-align: center;\"><strong>Organismes participants<\/strong><\/p>\n<p style=\"text-align: center;\">Vancouver Opera<\/p>\n<p style=\"text-align: center;\">Manitoba Opera<\/p>\n<p style=\"text-align: center;\">Opera McGill<\/p>\n<p style=\"text-align: center;\">Opera Kelowna<\/p>\n<p style=\"text-align: center;\">Continuum<\/p>\n<p style=\"text-align: center;\">Hamilton Philharmonic Orchestra<\/p>\n<p style=\"text-align: center;\">New Music Concerts<\/p>\n<p style=\"text-align: center;\">Toronto Summer Music<\/p>\n<p style=\"text-align: center;\">Association for Opera in Canada<\/p>\n<p style=\"text-align: center;\">Kingston Symphony<\/p>\n<p>&nbsp;<\/p>\n<p style=\"text-align: center;\"><b>Les femmes en direction musicale <\/b><strong>(FDM) est g\u00e9n\u00e9reusement commandit\u00e9 par<\/strong><\/p>\n<p><img loading=\"lazy\" decoding=\"async\" class=\"wp-image-7839 aligncenter\" src=\"https:\/\/oc.ca\/wp-content\/uploads\/2021\/02\/Azrieli-Foundation-e1632852446581-800x380.png\" alt=\"\" width=\"282\" height=\"134\" srcset=\"https:\/\/oc.ca\/wp-content\/uploads\/2021\/02\/Azrieli-Foundation-e1632852446581-800x380.png 800w, https:\/\/oc.ca\/wp-content\/uploads\/2021\/02\/Azrieli-Foundation-e1632852446581-300x142.png 300w, https:\/\/oc.ca\/wp-content\/uploads\/2021\/02\/Azrieli-Foundation-e1632852446581-768x364.png 768w, https:\/\/oc.ca\/wp-content\/uploads\/2021\/02\/Azrieli-Foundation-e1632852446581.png 1279w\" sizes=\"(min-width: 960px) 75vw, 100vw\" \/><\/p>\n","protected":false},"excerpt":{"rendered":"<p>Date\u00a0: 27 octobre Heure\u00a0: 13h \u2013 14h30 HNE Session bilingue : L&#8217;interpr\u00e9tation simultan\u00e9e vers le fran\u00e7ais est disponible lors de cette session. S&#8217;inscrire! Orchestres Canada et l\u2019Association pour l\u2019op\u00e9ra au Canada s\u2019associent pour pr\u00e9senter Les femmes en direction musicale (FDM), un programme de formation pluriannuel destin\u00e9 aux femmes et personnes non binaires chefs d\u2019orchestre.\u00a0 Sous [&hellip;]<\/p>\n","protected":false},"author":10,"featured_media":0,"parent":0,"menu_order":0,"comment_status":"closed","ping_status":"closed","template":"","meta":{"_acf_changed":false,"_monsterinsights_skip_tracking":false,"_monsterinsights_sitenote_active":false,"_monsterinsights_sitenote_note":"","_monsterinsights_sitenote_category":0,"footnotes":""},"class_list":["post-8852","page","type-page","status-publish","hentry"],"acf":[],"yoast_head":"<!-- This site is optimized with the Yoast SEO plugin v25.4 - https:\/\/yoast.com\/wordpress\/plugins\/seo\/ -->\n<title>Pleins feux sur les femmes en direction musicale - Orchestras Canada\/Orchestres Canada<\/title>\n<meta name=\"robots\" content=\"index, follow, max-snippet:-1, max-image-preview:large, max-video-preview:-1\" \/>\n<link rel=\"canonical\" href=\"https:\/\/oc.ca\/en\/a-spotlight-on-women-in-musical-leadership\/\" \/>\n<meta property=\"og:locale\" content=\"fr_FR\" \/>\n<meta property=\"og:type\" content=\"article\" \/>\n<meta property=\"og:title\" content=\"Pleins feux sur les femmes en direction musicale - Orchestras Canada\/Orchestres Canada\" \/>\n<meta property=\"og:description\" content=\"Date\u00a0: 27 octobre Heure\u00a0: 13h \u2013 14h30 HNE Session bilingue : L&#8217;interpr\u00e9tation simultan\u00e9e vers le fran\u00e7ais est disponible lors de cette session. S&#8217;inscrire! Orchestres Canada et l\u2019Association pour l\u2019op\u00e9ra au Canada s\u2019associent pour pr\u00e9senter Les femmes en direction musicale (FDM), un programme de formation pluriannuel destin\u00e9 aux femmes et personnes non binaires chefs d\u2019orchestre.\u00a0 Sous [&hellip;]\" \/>\n<meta property=\"og:url\" content=\"https:\/\/oc.ca\/en\/a-spotlight-on-women-in-musical-leadership\/\" \/>\n<meta property=\"og:site_name\" content=\"Orchestras Canada\/Orchestres Canada\" \/>\n<meta property=\"article:modified_time\" content=\"2022-11-28T15:45:18+00:00\" \/>\n<meta property=\"og:image\" content=\"https:\/\/oc.ca\/wp-content\/uploads\/2021\/09\/FR_WML.png\" \/>\n\t<meta property=\"og:image:width\" content=\"1640\" \/>\n\t<meta property=\"og:image:height\" content=\"924\" \/>\n\t<meta property=\"og:image:type\" content=\"image\/png\" \/>\n<meta name=\"twitter:card\" content=\"summary_large_image\" \/>\n<meta name=\"twitter:image\" content=\"https:\/\/oc.ca\/wp-content\/uploads\/2021\/09\/FR_WML.png\" \/>\n<meta name=\"twitter:label1\" content=\"Dur\u00e9e de lecture estim\u00e9e\" \/>\n\t<meta name=\"twitter:data1\" content=\"3 minutes\" \/>\n<script type=\"application\/ld+json\" class=\"yoast-schema-graph\">{\"@context\":\"https:\/\/schema.org\",\"@graph\":[{\"@type\":\"WebPage\",\"@id\":\"https:\/\/oc.ca\/en\/a-spotlight-on-women-in-musical-leadership\/\",\"url\":\"https:\/\/oc.ca\/en\/a-spotlight-on-women-in-musical-leadership\/\",\"name\":\"Pleins feux sur les femmes en direction musicale - Orchestras Canada\/Orchestres Canada\",\"isPartOf\":{\"@id\":\"https:\/\/oc.ca\/en\/#website\"},\"primaryImageOfPage\":{\"@id\":\"https:\/\/oc.ca\/en\/a-spotlight-on-women-in-musical-leadership\/#primaryimage\"},\"image\":{\"@id\":\"https:\/\/oc.ca\/en\/a-spotlight-on-women-in-musical-leadership\/#primaryimage\"},\"thumbnailUrl\":\"https:\/\/oc.ca\/wp-content\/uploads\/2021\/09\/FR_WML-800x451.png\",\"datePublished\":\"2021-09-29T21:11:06+00:00\",\"dateModified\":\"2022-11-28T15:45:18+00:00\",\"breadcrumb\":{\"@id\":\"https:\/\/oc.ca\/en\/a-spotlight-on-women-in-musical-leadership\/#breadcrumb\"},\"inLanguage\":\"fr-FR\",\"potentialAction\":[{\"@type\":\"ReadAction\",\"target\":[\"https:\/\/oc.ca\/en\/a-spotlight-on-women-in-musical-leadership\/\"]}]},{\"@type\":\"ImageObject\",\"inLanguage\":\"fr-FR\",\"@id\":\"https:\/\/oc.ca\/en\/a-spotlight-on-women-in-musical-leadership\/#primaryimage\",\"url\":\"https:\/\/oc.ca\/wp-content\/uploads\/2021\/09\/FR_WML-800x451.png\",\"contentUrl\":\"https:\/\/oc.ca\/wp-content\/uploads\/2021\/09\/FR_WML-800x451.png\"},{\"@type\":\"BreadcrumbList\",\"@id\":\"https:\/\/oc.ca\/en\/a-spotlight-on-women-in-musical-leadership\/#breadcrumb\",\"itemListElement\":[{\"@type\":\"ListItem\",\"position\":1,\"name\":\"Home\",\"item\":\"https:\/\/oc.ca\/fr\/\"},{\"@type\":\"ListItem\",\"position\":2,\"name\":\"Pleins feux sur les femmes en direction musicale\"}]},{\"@type\":\"WebSite\",\"@id\":\"https:\/\/oc.ca\/en\/#website\",\"url\":\"https:\/\/oc.ca\/en\/\",\"name\":\"Orchestras Canada\/Orchestres Canada\",\"description\":\"\",\"publisher\":{\"@id\":\"https:\/\/oc.ca\/en\/#organization\"},\"potentialAction\":[{\"@type\":\"SearchAction\",\"target\":{\"@type\":\"EntryPoint\",\"urlTemplate\":\"https:\/\/oc.ca\/en\/?s={search_term_string}\"},\"query-input\":{\"@type\":\"PropertyValueSpecification\",\"valueRequired\":true,\"valueName\":\"search_term_string\"}}],\"inLanguage\":\"fr-FR\"},{\"@type\":\"Organization\",\"@id\":\"https:\/\/oc.ca\/en\/#organization\",\"name\":\"Orchestras Canada\/Orchestres Canada\",\"url\":\"https:\/\/oc.ca\/en\/\",\"logo\":{\"@type\":\"ImageObject\",\"inLanguage\":\"fr-FR\",\"@id\":\"https:\/\/oc.ca\/en\/#\/schema\/logo\/image\/\",\"url\":\"https:\/\/oc.ca\/wp-content\/uploads\/2019\/03\/cropped-OC-Logo-800x200-1.png\",\"contentUrl\":\"https:\/\/oc.ca\/wp-content\/uploads\/2019\/03\/cropped-OC-Logo-800x200-1.png\",\"width\":400,\"height\":100,\"caption\":\"Orchestras Canada\/Orchestres Canada\"},\"image\":{\"@id\":\"https:\/\/oc.ca\/en\/#\/schema\/logo\/image\/\"}}]}<\/script>\n<!-- \/ Yoast SEO plugin. -->","yoast_head_json":{"title":"Pleins feux sur les femmes en direction musicale - Orchestras Canada\/Orchestres Canada","robots":{"index":"index","follow":"follow","max-snippet":"max-snippet:-1","max-image-preview":"max-image-preview:large","max-video-preview":"max-video-preview:-1"},"canonical":"https:\/\/oc.ca\/en\/a-spotlight-on-women-in-musical-leadership\/","og_locale":"fr_FR","og_type":"article","og_title":"Pleins feux sur les femmes en direction musicale - Orchestras Canada\/Orchestres Canada","og_description":"Date\u00a0: 27 octobre Heure\u00a0: 13h \u2013 14h30 HNE Session bilingue : L&#8217;interpr\u00e9tation simultan\u00e9e vers le fran\u00e7ais est disponible lors de cette session. S&#8217;inscrire! Orchestres Canada et l\u2019Association pour l\u2019op\u00e9ra au Canada s\u2019associent pour pr\u00e9senter Les femmes en direction musicale (FDM), un programme de formation pluriannuel destin\u00e9 aux femmes et personnes non binaires chefs d\u2019orchestre.\u00a0 Sous [&hellip;]","og_url":"https:\/\/oc.ca\/en\/a-spotlight-on-women-in-musical-leadership\/","og_site_name":"Orchestras Canada\/Orchestres Canada","article_modified_time":"2022-11-28T15:45:18+00:00","og_image":[{"width":1640,"height":924,"url":"https:\/\/oc.ca\/wp-content\/uploads\/2021\/09\/FR_WML.png","type":"image\/png"}],"twitter_card":"summary_large_image","twitter_image":"https:\/\/oc.ca\/wp-content\/uploads\/2021\/09\/FR_WML.png","twitter_misc":{"Dur\u00e9e de lecture estim\u00e9e":"3 minutes"},"schema":{"@context":"https:\/\/schema.org","@graph":[{"@type":"WebPage","@id":"https:\/\/oc.ca\/en\/a-spotlight-on-women-in-musical-leadership\/","url":"https:\/\/oc.ca\/en\/a-spotlight-on-women-in-musical-leadership\/","name":"Pleins feux sur les femmes en direction musicale - Orchestras Canada\/Orchestres Canada","isPartOf":{"@id":"https:\/\/oc.ca\/en\/#website"},"primaryImageOfPage":{"@id":"https:\/\/oc.ca\/en\/a-spotlight-on-women-in-musical-leadership\/#primaryimage"},"image":{"@id":"https:\/\/oc.ca\/en\/a-spotlight-on-women-in-musical-leadership\/#primaryimage"},"thumbnailUrl":"https:\/\/oc.ca\/wp-content\/uploads\/2021\/09\/FR_WML-800x451.png","datePublished":"2021-09-29T21:11:06+00:00","dateModified":"2022-11-28T15:45:18+00:00","breadcrumb":{"@id":"https:\/\/oc.ca\/en\/a-spotlight-on-women-in-musical-leadership\/#breadcrumb"},"inLanguage":"fr-FR","potentialAction":[{"@type":"ReadAction","target":["https:\/\/oc.ca\/en\/a-spotlight-on-women-in-musical-leadership\/"]}]},{"@type":"ImageObject","inLanguage":"fr-FR","@id":"https:\/\/oc.ca\/en\/a-spotlight-on-women-in-musical-leadership\/#primaryimage","url":"https:\/\/oc.ca\/wp-content\/uploads\/2021\/09\/FR_WML-800x451.png","contentUrl":"https:\/\/oc.ca\/wp-content\/uploads\/2021\/09\/FR_WML-800x451.png"},{"@type":"BreadcrumbList","@id":"https:\/\/oc.ca\/en\/a-spotlight-on-women-in-musical-leadership\/#breadcrumb","itemListElement":[{"@type":"ListItem","position":1,"name":"Home","item":"https:\/\/oc.ca\/fr\/"},{"@type":"ListItem","position":2,"name":"Pleins feux sur les femmes en direction musicale"}]},{"@type":"WebSite","@id":"https:\/\/oc.ca\/en\/#website","url":"https:\/\/oc.ca\/en\/","name":"Orchestras Canada\/Orchestres Canada","description":"","publisher":{"@id":"https:\/\/oc.ca\/en\/#organization"},"potentialAction":[{"@type":"SearchAction","target":{"@type":"EntryPoint","urlTemplate":"https:\/\/oc.ca\/en\/?s={search_term_string}"},"query-input":{"@type":"PropertyValueSpecification","valueRequired":true,"valueName":"search_term_string"}}],"inLanguage":"fr-FR"},{"@type":"Organization","@id":"https:\/\/oc.ca\/en\/#organization","name":"Orchestras Canada\/Orchestres Canada","url":"https:\/\/oc.ca\/en\/","logo":{"@type":"ImageObject","inLanguage":"fr-FR","@id":"https:\/\/oc.ca\/en\/#\/schema\/logo\/image\/","url":"https:\/\/oc.ca\/wp-content\/uploads\/2019\/03\/cropped-OC-Logo-800x200-1.png","contentUrl":"https:\/\/oc.ca\/wp-content\/uploads\/2019\/03\/cropped-OC-Logo-800x200-1.png","width":400,"height":100,"caption":"Orchestras Canada\/Orchestres Canada"},"image":{"@id":"https:\/\/oc.ca\/en\/#\/schema\/logo\/image\/"}}]}},"_links":{"self":[{"href":"https:\/\/oc.ca\/fr\/wp-json\/wp\/v2\/pages\/8852","targetHints":{"allow":["GET"]}}],"collection":[{"href":"https:\/\/oc.ca\/fr\/wp-json\/wp\/v2\/pages"}],"about":[{"href":"https:\/\/oc.ca\/fr\/wp-json\/wp\/v2\/types\/page"}],"author":[{"embeddable":true,"href":"https:\/\/oc.ca\/fr\/wp-json\/wp\/v2\/users\/10"}],"replies":[{"embeddable":true,"href":"https:\/\/oc.ca\/fr\/wp-json\/wp\/v2\/comments?post=8852"}],"version-history":[{"count":5,"href":"https:\/\/oc.ca\/fr\/wp-json\/wp\/v2\/pages\/8852\/revisions"}],"predecessor-version":[{"id":8960,"href":"https:\/\/oc.ca\/fr\/wp-json\/wp\/v2\/pages\/8852\/revisions\/8960"}],"wp:attachment":[{"href":"https:\/\/oc.ca\/fr\/wp-json\/wp\/v2\/media?parent=8852"}],"curies":[{"name":"wp","href":"https:\/\/api.w.org\/{rel}","templated":true}]}}