{"id":8219,"date":"2021-05-10T13:26:08","date_gmt":"2021-05-10T17:26:08","guid":{"rendered":"http:\/\/demosite2.asurtec.com\/?page_id=8219"},"modified":"2025-08-07T20:19:23","modified_gmt":"2025-08-08T00:19:23","slug":"table-ronde-sur-la-souverainete-musicale-autochtone","status":"publish","type":"page","link":"https:\/\/oc.ca\/fr\/table-ronde-sur-la-souverainete-musicale-autochtone\/","title":{"rendered":"Table ronde sur la souverainet\u00e9 musicale autochtone"},"content":{"rendered":"<p><span data-contrast=\"none\">Comment\u00a0<\/span><span data-contrast=\"none\">votre<\/span><span data-contrast=\"none\">\u00a0<\/span><span data-contrast=\"none\">orchestre<\/span><span data-contrast=\"none\">\u00a0<\/span><span data-contrast=\"none\">favorise<\/span><span data-contrast=\"none\">-t-il des <\/span><span data-contrast=\"none\">\u00e9changes<\/span><span data-contrast=\"none\">\u00a0<\/span><span data-contrast=\"none\">mutuellement<\/span><span data-contrast=\"none\">\u00a0<\/span><span data-contrast=\"none\">enrichissants<\/span><span data-contrast=\"none\">,\u00a0<\/span><span data-contrast=\"none\">r\u00e9ciproques<\/span><span data-contrast=\"none\">\u00a0et\u00a0<\/span><span data-contrast=\"none\">respectueux<\/span><span data-contrast=\"none\">\u00a0avec les artistes\u00a0<\/span><span data-contrast=\"none\">autochtones<\/span><span data-contrast=\"none\">? Non <\/span><span data-contrast=\"none\">seulement<\/span><span data-contrast=\"none\">\u00a0au\u00a0<\/span><span data-contrast=\"none\">sujet<\/span><span data-contrast=\"none\">\u00a0de\u00a0<\/span><span data-contrast=\"none\">ce<\/span><span data-contrast=\"none\"> qui figure au <\/span><span data-contrast=\"none\">programme<\/span><span data-contrast=\"none\">\u00a0<\/span><span data-contrast=\"none\">mais<\/span><span data-contrast=\"none\">\u00a0<\/span><span data-contrast=\"none\">aussi<\/span><span data-contrast=\"none\">\u00a0au\u00a0<\/span><span data-contrast=\"none\">sujet<\/span><span data-contrast=\"none\">\u00a0de\u00a0<\/span><span data-contrast=\"none\">l\u2019<\/span><i><span data-contrast=\"none\">exp\u00e9rience<\/span><\/i><i><span data-contrast=\"none\">\u00a0<\/span><\/i><span data-contrast=\"none\">d\u2019une<\/span><span data-contrast=\"none\">\u00a0<\/span><span data-contrast=\"none\">cr\u00e9ation<\/span><span data-contrast=\"none\">\u00a0collective.\u00a0<\/span><span data-ccp-props=\"{&quot;201341983&quot;:0,&quot;335559739&quot;:160,&quot;335559740&quot;:259}\">\u00a0<\/span><\/p>\n<p><span data-contrast=\"none\">En 2019, dix artistes se sont r\u00e9unis \u00e0 Banff \u00e0 l\u2019occasion du Rassemblement pour la musique classique autochtone canadienne et ont r\u00e9dig\u00e9 ensemble la d\u00e9claration sur la souverainet\u00e9 musicale autochtone, qui dit entre autres :\u00a0<\/span><span data-ccp-props=\"{&quot;201341983&quot;:0,&quot;335559739&quot;:160,&quot;335559740&quot;:259}\">\u00a0<\/span><\/p>\n<p><i><span data-contrast=\"auto\">Il est d\u2019une importance fondamentale pour les cr\u00e9ateurs autochtones de conserver la propri\u00e9t\u00e9 et le contr\u00f4le de nos r\u00e9cits et projets artistiques. [\u2026] En tant que cr\u00e9ateurs autochtones, nous sommes les mieux plac\u00e9s pour raconter nos histoires repr\u00e9sentant les dures r\u00e9alit\u00e9s auxquelles nos collectivit\u00e9s sont confront\u00e9es.<\/span><\/i><\/p>\n<p><img fetchpriority=\"high\" decoding=\"async\" class=\"size-large wp-image-8208 aligncenter\" src=\"https:\/\/oc.ca\/wp-content\/uploads\/2021\/05\/FR_Indigenous-Musical-Sovereignt-800x267.png\" alt=\"\" width=\"800\" height=\"267\" srcset=\"https:\/\/oc.ca\/wp-content\/uploads\/2021\/05\/FR_Indigenous-Musical-Sovereignt-800x267.png 800w, https:\/\/oc.ca\/wp-content\/uploads\/2021\/05\/FR_Indigenous-Musical-Sovereignt-300x100.png 300w, https:\/\/oc.ca\/wp-content\/uploads\/2021\/05\/FR_Indigenous-Musical-Sovereignt-768x256.png 768w, https:\/\/oc.ca\/wp-content\/uploads\/2021\/05\/FR_Indigenous-Musical-Sovereignt.png 1200w\" sizes=\"(min-width: 960px) 75vw, 100vw\" \/><\/p>\n<p><span data-contrast=\"none\">Vous \u00eates convi\u00e9s \u00e0 une\u00a0<\/span><b><span data-contrast=\"none\">Table ronde sur la souverainet\u00e9 musicale autochtone<\/span><\/b><span data-contrast=\"none\">\u00a0qu\u2019O<\/span><span data-contrast=\"none\">rchestres Canada<\/span><span data-contrast=\"none\">\u00a0tiendra\u00a0<\/span><span data-contrast=\"none\">le\u00a0<\/span><b><span data-contrast=\"none\">mercredi 26 mai, de 14 h \u00e0 15h30 heure de l\u2019est<\/span><\/b><span data-contrast=\"none\">. Au cours de cette s\u00e9ance anim\u00e9e par Cris\u00a0<\/span><span data-contrast=\"none\">Derksen<\/span><span data-contrast=\"none\">\u00a0(violoncelliste mis en nomination pour un Juno et membre du Comit\u00e9 sur l\u2019\u00e9quit\u00e9 d\u2019OC), vous d\u00e9couvrirez gr\u00e2ce aux exp\u00e9riences v\u00e9cues et aux r\u00e9flexions de huit\u00a0<\/span><span data-contrast=\"none\">musicien<\/span><span data-contrast=\"none\">.ne.<\/span><span data-contrast=\"none\">s,\u00a0<\/span><span data-contrast=\"none\">compositeurs<\/span><span data-contrast=\"none\">.<\/span><span data-contrast=\"none\">rices<\/span><span data-contrast=\"none\">\u00a0et\u00a0<\/span><span data-contrast=\"none\">\u00e9ducateurs<\/span><span data-contrast=\"none\">.rices<\/span><span data-contrast=\"none\">\u00a0autochtones\u00a0<\/span><span data-contrast=\"none\">quelles sont les bonnes questions \u00e0 poser et les meilleurs protocoles \u00e0 \u00e9tablir dans vos collaborations.<\/span><span data-ccp-props=\"{&quot;201341983&quot;:0,&quot;335559739&quot;:160,&quot;335559740&quot;:259}\">\u00a0<\/span><\/p>\n<p><span data-contrast=\"none\">Nous invitons tous les musicien<\/span><span data-contrast=\"none\">.ne.<\/span><span data-contrast=\"none\">s, membres du conseil d\u2019administration, soutiens et membres du personnel d\u2019orchestres (des pr\u00e9pos\u00e9s \u00e0 la salle jusqu\u2019au chef de la direction!) \u00e0 \u00eatre des n\u00f4tres et \u00e0 participer \u00e0 cet apprentissage.\u00a0<\/span><span data-ccp-props=\"{&quot;201341983&quot;:0,&quot;335559739&quot;:160,&quot;335559740&quot;:259}\">\u00a0<\/span><\/p>\n<p><strong>L\u2019interpr\u00e9tation\u00a0simultan\u00e9e\u00a0en direct en\u00a0fran\u00e7ais\u00a0et en\u00a0anglais\u00a0sera\u00a0offerte\u00a0\u00e0\u00a0cette\u00a0rencontre.\u00a0\u00a0<\/strong><\/p>\n<p style=\"text-align: center;\"><strong><a href=\"https:\/\/us02web.zoom.us\/meeting\/register\/tZUudumspzIoEtIIBtkDH_DcRRx7FY_mIf23\"><button class=\"blue-button-medium\"><b><span data-contrast=\"none\">Inscription sur Zoom (<\/span><\/b><b><span data-contrast=\"none\">gratuite<\/span><\/b><b><span data-contrast=\"none\">)<\/span><\/b><\/button><\/a><\/strong><\/p>\n<p><span data-contrast=\"none\">Pan\u00e9listes<\/span><span data-contrast=\"none\">\u00a0:<\/span><span data-ccp-props=\"{&quot;201341983&quot;:0,&quot;335559739&quot;:160,&quot;335559740&quot;:259}\">\u00a0<\/span><\/p>\n<ul>\n<li data-leveltext=\"\uf0b7\" data-font=\"Symbol\" data-listid=\"1\" aria-setsize=\"-1\" data-aria-posinset=\"1\" data-aria-level=\"1\"><b><span data-contrast=\"auto\">Cris<\/span><\/b><b><span data-contrast=\"auto\">\u00a0Derksen (<\/span><\/b><b><i><span data-contrast=\"auto\">animatrice<\/span><\/i><\/b><b><span data-contrast=\"auto\">)<\/span><\/b><br \/>\n<span data-contrast=\"none\">violoncelliste<\/span><span data-contrast=\"none\">\u00a0mis en nomination pour un Juno, comp<\/span><span data-contrast=\"none\">ositrice<\/span><span data-contrast=\"none\">\u00a0et membre du Comit\u00e9 sur l\u2019\u00e9quit\u00e9 d\u2019OC<\/span><span data-ccp-props=\"{&quot;134233279&quot;:true,&quot;201341983&quot;:0,&quot;335559739&quot;:160,&quot;335559740&quot;:259}\">\u00a0<\/span><\/li>\n<li data-leveltext=\"\uf0b7\" data-font=\"Symbol\" data-listid=\"1\" aria-setsize=\"-1\" data-aria-posinset=\"2\" data-aria-level=\"1\"><b><span data-contrast=\"auto\">Andrew Balfour<\/span><\/b><br \/>\n<span data-contrast=\"auto\">compositeur, chef\u00a0d&#8217;orchestre, chanteur,\u00a0concepteur\u00a0sonore<\/span><span data-ccp-props=\"{&quot;134233279&quot;:true,&quot;201341983&quot;:0,&quot;335559739&quot;:160,&quot;335559740&quot;:259}\">\u00a0<\/span><\/li>\n<li data-leveltext=\"\uf0b7\" data-font=\"Symbol\" data-listid=\"1\" aria-setsize=\"-1\" data-aria-posinset=\"3\" data-aria-level=\"1\"><b><span data-contrast=\"auto\">Ian Cusson<\/span><\/b><br \/>\n<span data-contrast=\"auto\">compos<\/span><span data-contrast=\"auto\">iteur<\/span><span data-ccp-props=\"{&quot;134233279&quot;:true,&quot;201341983&quot;:0,&quot;335559739&quot;:160,&quot;335559740&quot;:259}\">\u00a0<\/span><\/li>\n<li data-leveltext=\"\uf0b7\" data-font=\"Symbol\" data-listid=\"1\" aria-setsize=\"-1\" data-aria-posinset=\"4\" data-aria-level=\"1\"><b><span data-contrast=\"auto\">Michelle Lafferty<\/span><\/b><br \/>\n<span data-contrast=\"auto\">mezzo-soprano<\/span><span data-ccp-props=\"{&quot;134233279&quot;:true,&quot;201341983&quot;:0,&quot;335559739&quot;:160,&quot;335559740&quot;:259}\">\u00a0<\/span><\/li>\n<li data-leveltext=\"\uf0b7\" data-font=\"Symbol\" data-listid=\"1\" aria-setsize=\"-1\" data-aria-posinset=\"5\" data-aria-level=\"1\"><b><span data-contrast=\"auto\">Beverley\u00a0<\/span><\/b><b><span data-contrast=\"auto\">McKiver<\/span><\/b><br \/>\n<span data-contrast=\"auto\">pianiste,\u00a0professeure,\u00a0compositrice<\/span><span data-ccp-props=\"{&quot;134233279&quot;:true,&quot;201341983&quot;:0,&quot;335559739&quot;:160,&quot;335559740&quot;:259}\">\u00a0<\/span><\/li>\n<li data-leveltext=\"\uf0b7\" data-font=\"Symbol\" data-listid=\"1\" aria-setsize=\"-1\" data-aria-posinset=\"6\" data-aria-level=\"1\"><b><span data-contrast=\"auto\">Melody\u00a0<\/span><\/b><b><span data-contrast=\"auto\">McKiver<\/span><\/b><br \/>\n<span data-contrast=\"auto\">violoniste<\/span><span data-contrast=\"auto\">\/<\/span><span data-contrast=\"auto\">violiste<\/span><span data-contrast=\"auto\">,\u00a0<\/span><span data-contrast=\"auto\">percussionniste<\/span><span data-contrast=\"auto\">,\u00a0<\/span><span data-contrast=\"auto\">producteur<\/span><span data-contrast=\"auto\">,\u00a0<\/span><span data-contrast=\"auto\">compositeur<\/span><span data-ccp-props=\"{&quot;134233279&quot;:true,&quot;201341983&quot;:0,&quot;335559739&quot;:160,&quot;335559740&quot;:259}\">\u00a0<\/span><\/li>\n<li data-leveltext=\"\uf0b7\" data-font=\"Symbol\" data-listid=\"1\" aria-setsize=\"-1\" data-aria-posinset=\"7\" data-aria-level=\"1\"><b><span data-contrast=\"auto\">Jessica McMann<\/span><\/b><br \/>\n<span data-contrast=\"auto\">musicienne, danseuse,\u00a0chor\u00e9graphe,\u00a0consultante<\/span><span data-ccp-props=\"{&quot;134233279&quot;:true,&quot;201341983&quot;:0,&quot;335559739&quot;:160,&quot;335559740&quot;:259}\">\u00a0<\/span><\/li>\n<li data-leveltext=\"\uf0b7\" data-font=\"Symbol\" data-listid=\"1\" aria-setsize=\"-1\" data-aria-posinset=\"8\" data-aria-level=\"1\"><b><span data-contrast=\"auto\">Sonny-Ray Day Rider<\/span><\/b><br \/>\n<span data-contrast=\"auto\">pianiste<\/span><span data-contrast=\"auto\">,\u00a0<\/span><span data-contrast=\"auto\">compositeur<\/span><span data-ccp-props=\"{&quot;134233279&quot;:true,&quot;201341983&quot;:0,&quot;335559739&quot;:160,&quot;335559740&quot;:259}\">\u00a0<\/span><\/li>\n<\/ul>\n<p style=\"text-align: center;\"><strong><a href=\"https:\/\/bit.ly\/3u0NfYa\"><button class=\"blue-button-medium\"><b><span data-contrast=\"none\">Biographies des pan\u00e9listes<\/span><\/b><b><\/b><\/button><\/a><\/strong><\/p>\n<p><span data-contrast=\"none\">*Le texte de la d\u00e9claration<\/span><span data-contrast=\"none\">\u00a0sur la souverainet\u00e9 musicale autochtone<\/span><span data-contrast=\"none\">\u00a0se trouve \u00e0 l\u2019Annexe E du rapport\u00a0<\/span><a href=\"https:\/\/oc.ca\/wp-content\/uploads\/2019\/06\/Lorchestre-retentit-FR-June-5.pdf\"><span data-contrast=\"none\">L\u2019orchestre retentit\u00a0<\/span><\/a><span data-contrast=\"none\">\u00a0<\/span><span data-contrast=\"none\">d\u2019OC<\/span><span data-contrast=\"none\">\u00a0ainsi qu\u2019au\u00a0<\/span><a href=\"https:\/\/ipaa.ca\/indigenous-musical-sovereignty\/\"><span data-contrast=\"none\">site Web<\/span><\/a><span data-contrast=\"none\">\u00a0<\/span><span data-contrast=\"none\">de<\/span><span data-contrast=\"none\">\u00a0l\u2019<\/span><span data-contrast=\"none\">Indigenous<\/span><span data-contrast=\"none\">\u00a0<\/span><span data-contrast=\"none\">Performing<\/span><span data-contrast=\"none\">\u00a0Arts Alliance.<\/span><span data-ccp-props=\"{&quot;201341983&quot;:0,&quot;335559739&quot;:160,&quot;335559740&quot;:259}\">\u00a0<\/span><\/p>\n<p><span data-contrast=\"none\">Nous esp\u00e9rons vous y voir! Pour tout renseignement suppl\u00e9mentaire, veuillez communiquer avec Lauren<\/span><span data-contrast=\"none\">\u00a0Drew<\/span><span data-contrast=\"none\">\u00a0\u00e0\u00a0<\/span><span data-contrast=\"none\">lauren[arobase]oc[point]ca<\/span><span data-contrast=\"none\">.<\/span><span data-ccp-props=\"{&quot;201341983&quot;:0,&quot;335559739&quot;:160,&quot;335559740&quot;:259}\">\u00a0<\/span><\/p>\n<p>&nbsp;<\/p>\n<p>&nbsp;<\/p>\n","protected":false},"excerpt":{"rendered":"<p>Comment\u00a0votre\u00a0orchestre\u00a0favorise-t-il des \u00e9changes\u00a0mutuellement\u00a0enrichissants,\u00a0r\u00e9ciproques\u00a0et\u00a0respectueux\u00a0avec les artistes\u00a0autochtones? Non seulement\u00a0au\u00a0sujet\u00a0de\u00a0ce qui figure au programme\u00a0mais\u00a0aussi\u00a0au\u00a0sujet\u00a0de\u00a0l\u2019exp\u00e9rience\u00a0d\u2019une\u00a0cr\u00e9ation\u00a0collective.\u00a0\u00a0 En 2019, dix artistes se sont r\u00e9unis \u00e0 Banff \u00e0 l\u2019occasion du Rassemblement pour la musique classique autochtone canadienne et ont r\u00e9dig\u00e9 ensemble la d\u00e9claration sur la souverainet\u00e9 musicale autochtone, qui dit entre autres :\u00a0\u00a0 Il est d\u2019une importance fondamentale pour les cr\u00e9ateurs autochtones [&hellip;]<\/p>\n","protected":false},"author":10,"featured_media":0,"parent":0,"menu_order":0,"comment_status":"closed","ping_status":"closed","template":"","meta":{"_acf_changed":false,"_monsterinsights_skip_tracking":false,"_monsterinsights_sitenote_active":false,"_monsterinsights_sitenote_note":"","_monsterinsights_sitenote_category":0,"footnotes":""},"class_list":["post-8219","page","type-page","status-publish","hentry"],"acf":[],"yoast_head":"<!-- This site is optimized with the Yoast SEO plugin v27.3 - https:\/\/yoast.com\/product\/yoast-seo-wordpress\/ -->\n<title>Table ronde sur la souverainet\u00e9 musicale autochtone - Orchestras Canada\/Orchestres Canada<\/title>\n<meta name=\"robots\" content=\"index, follow, max-snippet:-1, max-image-preview:large, max-video-preview:-1\" \/>\n<link rel=\"canonical\" href=\"https:\/\/oc.ca\/fr\/table-ronde-sur-la-souverainete-musicale-autochtone\/\" \/>\n<meta property=\"og:locale\" content=\"fr_FR\" \/>\n<meta property=\"og:type\" content=\"article\" \/>\n<meta property=\"og:title\" content=\"Table ronde sur la souverainet\u00e9 musicale autochtone - Orchestras Canada\/Orchestres Canada\" \/>\n<meta property=\"og:description\" content=\"Comment\u00a0votre\u00a0orchestre\u00a0favorise-t-il des \u00e9changes\u00a0mutuellement\u00a0enrichissants,\u00a0r\u00e9ciproques\u00a0et\u00a0respectueux\u00a0avec les artistes\u00a0autochtones? Non seulement\u00a0au\u00a0sujet\u00a0de\u00a0ce qui figure au programme\u00a0mais\u00a0aussi\u00a0au\u00a0sujet\u00a0de\u00a0l\u2019exp\u00e9rience\u00a0d\u2019une\u00a0cr\u00e9ation\u00a0collective.\u00a0\u00a0 En 2019, dix artistes se sont r\u00e9unis \u00e0 Banff \u00e0 l\u2019occasion du Rassemblement pour la musique classique autochtone canadienne et ont r\u00e9dig\u00e9 ensemble la d\u00e9claration sur la souverainet\u00e9 musicale autochtone, qui dit entre autres :\u00a0\u00a0 Il est d\u2019une importance fondamentale pour les cr\u00e9ateurs autochtones [&hellip;]\" \/>\n<meta property=\"og:url\" content=\"https:\/\/oc.ca\/fr\/table-ronde-sur-la-souverainete-musicale-autochtone\/\" \/>\n<meta property=\"og:site_name\" content=\"Orchestras Canada\/Orchestres Canada\" \/>\n<meta property=\"article:modified_time\" content=\"2025-08-08T00:19:23+00:00\" \/>\n<meta property=\"og:image\" content=\"https:\/\/oc.ca\/wp-content\/uploads\/2021\/05\/Fr-Indigenous-Musical-Sovereignty.png\" \/>\n\t<meta property=\"og:image:width\" content=\"1920\" \/>\n\t<meta property=\"og:image:height\" content=\"1080\" \/>\n\t<meta property=\"og:image:type\" content=\"image\/png\" \/>\n<meta name=\"twitter:card\" content=\"summary_large_image\" \/>\n<meta name=\"twitter:image\" content=\"https:\/\/oc.ca\/wp-content\/uploads\/2021\/05\/Fr-Indigenous-Musical-Sovereignty.png\" \/>\n<meta name=\"twitter:label1\" content=\"Dur\u00e9e de lecture estim\u00e9e\" \/>\n\t<meta name=\"twitter:data1\" content=\"2 minutes\" \/>\n<script type=\"application\/ld+json\" class=\"yoast-schema-graph\">{\"@context\":\"https:\\\/\\\/schema.org\",\"@graph\":[{\"@type\":\"WebPage\",\"@id\":\"https:\\\/\\\/oc.ca\\\/fr\\\/table-ronde-sur-la-souverainete-musicale-autochtone\\\/\",\"url\":\"https:\\\/\\\/oc.ca\\\/fr\\\/table-ronde-sur-la-souverainete-musicale-autochtone\\\/\",\"name\":\"Table ronde sur la souverainet\u00e9 musicale autochtone - Orchestras Canada\\\/Orchestres Canada\",\"isPartOf\":{\"@id\":\"https:\\\/\\\/oc.ca\\\/en\\\/#website\"},\"primaryImageOfPage\":{\"@id\":\"https:\\\/\\\/oc.ca\\\/fr\\\/table-ronde-sur-la-souverainete-musicale-autochtone\\\/#primaryimage\"},\"image\":{\"@id\":\"https:\\\/\\\/oc.ca\\\/fr\\\/table-ronde-sur-la-souverainete-musicale-autochtone\\\/#primaryimage\"},\"thumbnailUrl\":\"https:\\\/\\\/oc.ca\\\/wp-content\\\/uploads\\\/2021\\\/05\\\/FR_Indigenous-Musical-Sovereignt-800x267.png\",\"datePublished\":\"2021-05-10T17:26:08+00:00\",\"dateModified\":\"2025-08-08T00:19:23+00:00\",\"breadcrumb\":{\"@id\":\"https:\\\/\\\/oc.ca\\\/fr\\\/table-ronde-sur-la-souverainete-musicale-autochtone\\\/#breadcrumb\"},\"inLanguage\":\"fr-FR\",\"potentialAction\":[{\"@type\":\"ReadAction\",\"target\":[\"https:\\\/\\\/oc.ca\\\/fr\\\/table-ronde-sur-la-souverainete-musicale-autochtone\\\/\"]}]},{\"@type\":\"ImageObject\",\"inLanguage\":\"fr-FR\",\"@id\":\"https:\\\/\\\/oc.ca\\\/fr\\\/table-ronde-sur-la-souverainete-musicale-autochtone\\\/#primaryimage\",\"url\":\"https:\\\/\\\/oc.ca\\\/wp-content\\\/uploads\\\/2021\\\/05\\\/FR_Indigenous-Musical-Sovereignt-800x267.png\",\"contentUrl\":\"https:\\\/\\\/oc.ca\\\/wp-content\\\/uploads\\\/2021\\\/05\\\/FR_Indigenous-Musical-Sovereignt-800x267.png\"},{\"@type\":\"BreadcrumbList\",\"@id\":\"https:\\\/\\\/oc.ca\\\/fr\\\/table-ronde-sur-la-souverainete-musicale-autochtone\\\/#breadcrumb\",\"itemListElement\":[{\"@type\":\"ListItem\",\"position\":1,\"name\":\"Home\",\"item\":\"https:\\\/\\\/oc.ca\\\/fr\\\/\"},{\"@type\":\"ListItem\",\"position\":2,\"name\":\"Table ronde sur la souverainet\u00e9 musicale autochtone\"}]},{\"@type\":\"WebSite\",\"@id\":\"https:\\\/\\\/oc.ca\\\/en\\\/#website\",\"url\":\"https:\\\/\\\/oc.ca\\\/en\\\/\",\"name\":\"Orchestras Canada\\\/Orchestres Canada\",\"description\":\"\",\"publisher\":{\"@id\":\"https:\\\/\\\/oc.ca\\\/en\\\/#organization\"},\"potentialAction\":[{\"@type\":\"SearchAction\",\"target\":{\"@type\":\"EntryPoint\",\"urlTemplate\":\"https:\\\/\\\/oc.ca\\\/en\\\/?s={search_term_string}\"},\"query-input\":{\"@type\":\"PropertyValueSpecification\",\"valueRequired\":true,\"valueName\":\"search_term_string\"}}],\"inLanguage\":\"fr-FR\"},{\"@type\":\"Organization\",\"@id\":\"https:\\\/\\\/oc.ca\\\/en\\\/#organization\",\"name\":\"Orchestras Canada\\\/Orchestres Canada\",\"url\":\"https:\\\/\\\/oc.ca\\\/en\\\/\",\"logo\":{\"@type\":\"ImageObject\",\"inLanguage\":\"fr-FR\",\"@id\":\"https:\\\/\\\/oc.ca\\\/en\\\/#\\\/schema\\\/logo\\\/image\\\/\",\"url\":\"https:\\\/\\\/oc.ca\\\/wp-content\\\/uploads\\\/2019\\\/03\\\/cropped-OC-Logo-800x200-1.png\",\"contentUrl\":\"https:\\\/\\\/oc.ca\\\/wp-content\\\/uploads\\\/2019\\\/03\\\/cropped-OC-Logo-800x200-1.png\",\"width\":400,\"height\":100,\"caption\":\"Orchestras Canada\\\/Orchestres Canada\"},\"image\":{\"@id\":\"https:\\\/\\\/oc.ca\\\/en\\\/#\\\/schema\\\/logo\\\/image\\\/\"}}]}<\/script>\n<!-- \/ Yoast SEO plugin. -->","yoast_head_json":{"title":"Table ronde sur la souverainet\u00e9 musicale autochtone - Orchestras Canada\/Orchestres Canada","robots":{"index":"index","follow":"follow","max-snippet":"max-snippet:-1","max-image-preview":"max-image-preview:large","max-video-preview":"max-video-preview:-1"},"canonical":"https:\/\/oc.ca\/fr\/table-ronde-sur-la-souverainete-musicale-autochtone\/","og_locale":"fr_FR","og_type":"article","og_title":"Table ronde sur la souverainet\u00e9 musicale autochtone - Orchestras Canada\/Orchestres Canada","og_description":"Comment\u00a0votre\u00a0orchestre\u00a0favorise-t-il des \u00e9changes\u00a0mutuellement\u00a0enrichissants,\u00a0r\u00e9ciproques\u00a0et\u00a0respectueux\u00a0avec les artistes\u00a0autochtones? Non seulement\u00a0au\u00a0sujet\u00a0de\u00a0ce qui figure au programme\u00a0mais\u00a0aussi\u00a0au\u00a0sujet\u00a0de\u00a0l\u2019exp\u00e9rience\u00a0d\u2019une\u00a0cr\u00e9ation\u00a0collective.\u00a0\u00a0 En 2019, dix artistes se sont r\u00e9unis \u00e0 Banff \u00e0 l\u2019occasion du Rassemblement pour la musique classique autochtone canadienne et ont r\u00e9dig\u00e9 ensemble la d\u00e9claration sur la souverainet\u00e9 musicale autochtone, qui dit entre autres :\u00a0\u00a0 Il est d\u2019une importance fondamentale pour les cr\u00e9ateurs autochtones [&hellip;]","og_url":"https:\/\/oc.ca\/fr\/table-ronde-sur-la-souverainete-musicale-autochtone\/","og_site_name":"Orchestras Canada\/Orchestres Canada","article_modified_time":"2025-08-08T00:19:23+00:00","og_image":[{"width":1920,"height":1080,"url":"https:\/\/oc.ca\/wp-content\/uploads\/2021\/05\/Fr-Indigenous-Musical-Sovereignty.png","type":"image\/png"}],"twitter_card":"summary_large_image","twitter_image":"https:\/\/oc.ca\/wp-content\/uploads\/2021\/05\/Fr-Indigenous-Musical-Sovereignty.png","twitter_misc":{"Dur\u00e9e de lecture estim\u00e9e":"2 minutes"},"schema":{"@context":"https:\/\/schema.org","@graph":[{"@type":"WebPage","@id":"https:\/\/oc.ca\/fr\/table-ronde-sur-la-souverainete-musicale-autochtone\/","url":"https:\/\/oc.ca\/fr\/table-ronde-sur-la-souverainete-musicale-autochtone\/","name":"Table ronde sur la souverainet\u00e9 musicale autochtone - Orchestras Canada\/Orchestres Canada","isPartOf":{"@id":"https:\/\/oc.ca\/en\/#website"},"primaryImageOfPage":{"@id":"https:\/\/oc.ca\/fr\/table-ronde-sur-la-souverainete-musicale-autochtone\/#primaryimage"},"image":{"@id":"https:\/\/oc.ca\/fr\/table-ronde-sur-la-souverainete-musicale-autochtone\/#primaryimage"},"thumbnailUrl":"https:\/\/oc.ca\/wp-content\/uploads\/2021\/05\/FR_Indigenous-Musical-Sovereignt-800x267.png","datePublished":"2021-05-10T17:26:08+00:00","dateModified":"2025-08-08T00:19:23+00:00","breadcrumb":{"@id":"https:\/\/oc.ca\/fr\/table-ronde-sur-la-souverainete-musicale-autochtone\/#breadcrumb"},"inLanguage":"fr-FR","potentialAction":[{"@type":"ReadAction","target":["https:\/\/oc.ca\/fr\/table-ronde-sur-la-souverainete-musicale-autochtone\/"]}]},{"@type":"ImageObject","inLanguage":"fr-FR","@id":"https:\/\/oc.ca\/fr\/table-ronde-sur-la-souverainete-musicale-autochtone\/#primaryimage","url":"https:\/\/oc.ca\/wp-content\/uploads\/2021\/05\/FR_Indigenous-Musical-Sovereignt-800x267.png","contentUrl":"https:\/\/oc.ca\/wp-content\/uploads\/2021\/05\/FR_Indigenous-Musical-Sovereignt-800x267.png"},{"@type":"BreadcrumbList","@id":"https:\/\/oc.ca\/fr\/table-ronde-sur-la-souverainete-musicale-autochtone\/#breadcrumb","itemListElement":[{"@type":"ListItem","position":1,"name":"Home","item":"https:\/\/oc.ca\/fr\/"},{"@type":"ListItem","position":2,"name":"Table ronde sur la souverainet\u00e9 musicale autochtone"}]},{"@type":"WebSite","@id":"https:\/\/oc.ca\/en\/#website","url":"https:\/\/oc.ca\/en\/","name":"Orchestras Canada\/Orchestres Canada","description":"","publisher":{"@id":"https:\/\/oc.ca\/en\/#organization"},"potentialAction":[{"@type":"SearchAction","target":{"@type":"EntryPoint","urlTemplate":"https:\/\/oc.ca\/en\/?s={search_term_string}"},"query-input":{"@type":"PropertyValueSpecification","valueRequired":true,"valueName":"search_term_string"}}],"inLanguage":"fr-FR"},{"@type":"Organization","@id":"https:\/\/oc.ca\/en\/#organization","name":"Orchestras Canada\/Orchestres Canada","url":"https:\/\/oc.ca\/en\/","logo":{"@type":"ImageObject","inLanguage":"fr-FR","@id":"https:\/\/oc.ca\/en\/#\/schema\/logo\/image\/","url":"https:\/\/oc.ca\/wp-content\/uploads\/2019\/03\/cropped-OC-Logo-800x200-1.png","contentUrl":"https:\/\/oc.ca\/wp-content\/uploads\/2019\/03\/cropped-OC-Logo-800x200-1.png","width":400,"height":100,"caption":"Orchestras Canada\/Orchestres Canada"},"image":{"@id":"https:\/\/oc.ca\/en\/#\/schema\/logo\/image\/"}}]}},"_links":{"self":[{"href":"https:\/\/oc.ca\/fr\/wp-json\/wp\/v2\/pages\/8219","targetHints":{"allow":["GET"]}}],"collection":[{"href":"https:\/\/oc.ca\/fr\/wp-json\/wp\/v2\/pages"}],"about":[{"href":"https:\/\/oc.ca\/fr\/wp-json\/wp\/v2\/types\/page"}],"author":[{"embeddable":true,"href":"https:\/\/oc.ca\/fr\/wp-json\/wp\/v2\/users\/10"}],"replies":[{"embeddable":true,"href":"https:\/\/oc.ca\/fr\/wp-json\/wp\/v2\/comments?post=8219"}],"version-history":[{"count":6,"href":"https:\/\/oc.ca\/fr\/wp-json\/wp\/v2\/pages\/8219\/revisions"}],"predecessor-version":[{"id":15371,"href":"https:\/\/oc.ca\/fr\/wp-json\/wp\/v2\/pages\/8219\/revisions\/15371"}],"wp:attachment":[{"href":"https:\/\/oc.ca\/fr\/wp-json\/wp\/v2\/media?parent=8219"}],"curies":[{"name":"wp","href":"https:\/\/api.w.org\/{rel}","templated":true}]}}