{"id":8140,"date":"2021-04-23T15:45:00","date_gmt":"2021-04-23T19:45:00","guid":{"rendered":"http:\/\/demosite2.asurtec.com\/?page_id=8140"},"modified":"2021-05-03T18:23:40","modified_gmt":"2021-05-03T22:23:40","slug":"lavenir-de-lorchestre-numerique","status":"publish","type":"page","link":"https:\/\/oc.ca\/fr\/lavenir-de-lorchestre-numerique\/","title":{"rendered":"L\u2019avenir de l\u2019orchestre num\u00e9rique"},"content":{"rendered":"<p style=\"text-align: center;\">_______________________<\/p>\n<h3><\/h3>\n<h3 style=\"text-align: center;\">Les inscriptions sont maintenant ouvertes!<\/h3>\n<p style=\"text-align: center;\"><strong><a href=\"\/fr\/lavenir-de-lorchestre-numerique\/inscription\/\"><button class=\"blue-button-medium\">S&#8217;inscrire<\/button><\/a><\/strong><\/p>\n<p style=\"text-align: center;\">_______________________<\/p>\n<p style=\"text-align: left;\">Avez-vous l\u2019impression que deux d\u00e9cennies d\u2019innovation num\u00e9rique ont \u00e9t\u00e9 comprim\u00e9es dans la derni\u00e8re ann\u00e9e? Dans un monde o\u00f9 les publics assistent \u00e0 des concerts sans quitter leur salle de s\u00e9jour, les orchestres \u00e0 l\u2019\u00e9chelle du pays doivent gravir une courbe d\u2019apprentissage raide, d\u00e9couvrir des mani\u00e8res de se montrer flexibles et adaptables, et g\u00e9rer une exp\u00e9rimentation audacieuse\u2026 souvent pendant que les int\u00e9ress\u00e9s, eux aussi, cr\u00e9ent et produisent les concerts de leurs propres salles de s\u00e9jour.<\/p>\n<p>Apr\u00e8s plus d\u2019un an, nous nous demandons maintenant ce qui s\u2019est pass\u00e9, ce que cela signifie et quelle sera la prochaine \u00e9tape.<\/p>\n<p>OC m\u00e8ne une recherche sur ces questions et vous invite \u00e0 participer \u00e0 des s\u00e9ances qui vous permettront de savoir ce qu\u2019elles ont r\u00e9v\u00e9l\u00e9 durant la s\u00e9rie \u00ab <strong>L\u2019avenir de l\u2019orchestre num\u00e9rique : impact et durabilit\u00e9<\/strong> \u00bb.<\/p>\n<p><img fetchpriority=\"high\" decoding=\"async\" class=\"size-large wp-image-8141 aligncenter\" src=\"https:\/\/oc.ca\/wp-content\/uploads\/2021\/04\/Copy-of-Research-Roundup-Social-4-800x267.png\" alt=\"\" width=\"800\" height=\"267\" srcset=\"https:\/\/oc.ca\/wp-content\/uploads\/2021\/04\/Copy-of-Research-Roundup-Social-4-800x267.png 800w, https:\/\/oc.ca\/wp-content\/uploads\/2021\/04\/Copy-of-Research-Roundup-Social-4-300x100.png 300w, https:\/\/oc.ca\/wp-content\/uploads\/2021\/04\/Copy-of-Research-Roundup-Social-4-768x256.png 768w, https:\/\/oc.ca\/wp-content\/uploads\/2021\/04\/Copy-of-Research-Roundup-Social-4-1536x512.png 1536w, https:\/\/oc.ca\/wp-content\/uploads\/2021\/04\/Copy-of-Research-Roundup-Social-4.png 1800w\" sizes=\"(min-width: 960px) 75vw, 100vw\" \/><\/p>\n<p>Au cours des trois forums de cette s\u00e9rie, nous explorerons l\u2019impact et l\u2019avenir des activit\u00e9s num\u00e9riques des orchestres sur trois principaux plans :<\/p>\n<p><strong>1. Publics<\/strong> : Les auditoires num\u00e9riques sont-ils appel\u00e9s \u00e0 durer? Pr\u00e9server la loyaut\u00e9 de base et rejoindre de nouveaux publics. <strong>Le 21 mai, 12h-13h30 HNE<\/strong><\/p>\n<p><strong>2. Finances<\/strong> : Quelles approches sont actuellement mises \u00e0 l\u2019essai? Exemples d\u2019exp\u00e9riences qui visent \u00e0 durer. <strong>Le 28 mai, 12h-13h30pm HNE<\/strong><\/p>\n<p><strong>3. Fiert\u00e9 au travail<\/strong> : Comment r\u00e9ussit-on de bons projets artistiques num\u00e9riques artistiques? Leadership et engagement dans un travail dont on peut \u00eatre fier. <strong>Le 4 juin, 12h-13h30 HNE<\/strong><\/p>\n<p>Ces forums vous donneront l\u2019occasion de d\u00e9couvrir ce que vos coll\u00e8gues du milieu orchestral ont fait et comment leurs approches et exp\u00e9riences peuvent vous aider \u00e0 prendre des d\u00e9cisions \u00e9clair\u00e9es au sujet de l\u2019avenir num\u00e9rique de votre orchestre.<\/p>\n<p>La participation est ouverte \u00e0 tous les membres du milieu orchestral : musiciens, administrateurs, b\u00e9n\u00e9voles, soutiens. Nous esp\u00e9rons que les trois s\u00e9ances se r\u00e9v\u00e9leront utiles. <strong>L\u2019inscription est gratuite pour les membres d\u2019OC<\/strong>. Pour les non-membres, le co\u00fbt est de 22,60 $ par forum. Si vous choisissez de participer aux 3 forums, vous b\u00e9n\u00e9ficierez d&#8217;un prix r\u00e9duit de 56,50 $ pour les trois forums.<\/p>\n<p>\u00ab <strong>L\u2019avenir de l\u2019orchestre num\u00e9rique : impact et durabilit\u00e9<\/strong> \u00bb est pr\u00e9sent\u00e9e gr\u00e2ce au g\u00e9n\u00e9reux soutien du fonds Strat\u00e9gie num\u00e9rique du Conseil des arts du Canada. Merci \u00e0 nos partenaires du comit\u00e9 de surveillance : Bernard LeBlanc de la F\u00e9d\u00e9ration canadienne des musiciens, Robert Fraser de l&#8217;Organisation des musiciens d&#8217;orchestres symphoniques du Canada, Jovanny Savoie du Conseil qu\u00e9b\u00e9cois de la musique, Tim Crouch de Soundstreams \/ pr\u00e9sident du comit\u00e9 num\u00e9rique d&#8217;OC, et Tanya Derksen du Philadelphia Orchestra \/ membre du conseil d&#8217;administration d&#8217;OC. Ce projet est g\u00e9r\u00e9 par The Arts Firm.<\/p>\n<p style=\"text-align: center;\">_______________________<\/p>\n<h3><\/h3>\n<h3 style=\"text-align: center;\">Les inscriptions sont maintenant ouvertes!<\/h3>\n<p style=\"text-align: center;\"><strong><a href=\"\/fr\/lavenir-de-lorchestre-numerique\/inscription\/\"><button class=\"blue-button-medium\">S&#8217;inscrire<\/button><\/a><\/strong><\/p>\n<p style=\"text-align: center;\">_______________________<\/p>\n<p>&nbsp;<\/p>\n<p><img decoding=\"async\" class=\" wp-image-2632 aligncenter\" src=\"https:\/\/oc.ca\/wp-content\/uploads\/2019\/02\/canada-council-for-the-arts-en-clear.png\" alt=\"canada council for the arts logo\" width=\"425\" height=\"78\" srcset=\"https:\/\/oc.ca\/wp-content\/uploads\/2019\/02\/canada-council-for-the-arts-en-clear.png 600w, https:\/\/oc.ca\/wp-content\/uploads\/2019\/02\/canada-council-for-the-arts-en-clear-300x55.png 300w\" sizes=\"(min-width: 960px) 75vw, 100vw\" \/><\/p>\n","protected":false},"excerpt":{"rendered":"<p>_______________________ Les inscriptions sont maintenant ouvertes! S&#8217;inscrire _______________________ Avez-vous l\u2019impression que deux d\u00e9cennies d\u2019innovation num\u00e9rique ont \u00e9t\u00e9 comprim\u00e9es dans la derni\u00e8re ann\u00e9e? Dans un monde o\u00f9 les publics assistent \u00e0 des concerts sans quitter leur salle de s\u00e9jour, les orchestres \u00e0 l\u2019\u00e9chelle du pays doivent gravir une courbe d\u2019apprentissage raide, d\u00e9couvrir des mani\u00e8res de se [&hellip;]<\/p>\n","protected":false},"author":10,"featured_media":0,"parent":0,"menu_order":0,"comment_status":"closed","ping_status":"closed","template":"","meta":{"_acf_changed":false,"_monsterinsights_skip_tracking":false,"_monsterinsights_sitenote_active":false,"_monsterinsights_sitenote_note":"","_monsterinsights_sitenote_category":0,"footnotes":""},"class_list":["post-8140","page","type-page","status-publish","hentry"],"acf":[],"yoast_head":"<!-- This site is optimized with the Yoast SEO plugin v27.3 - https:\/\/yoast.com\/product\/yoast-seo-wordpress\/ -->\n<title>L\u2019avenir de l\u2019orchestre num\u00e9rique - Orchestras Canada\/Orchestres Canada<\/title>\n<meta name=\"robots\" content=\"index, follow, max-snippet:-1, max-image-preview:large, max-video-preview:-1\" \/>\n<link rel=\"canonical\" href=\"https:\/\/oc.ca\/fr\/lavenir-de-lorchestre-numerique\/\" \/>\n<meta property=\"og:locale\" content=\"fr_FR\" \/>\n<meta property=\"og:type\" content=\"article\" \/>\n<meta property=\"og:title\" content=\"Les inscriptions sont maintenant ouvertes!\" \/>\n<meta property=\"og:description\" content=\"Au cours des trois forums de cette s\u00e9rie, nous explorerons l\u2019impact et l\u2019avenir des activit\u00e9s num\u00e9riques des orchestres sur trois principaux plans : Publics, finances et Fiert\u00e9 au travail.\" \/>\n<meta property=\"og:url\" content=\"https:\/\/oc.ca\/fr\/lavenir-de-lorchestre-numerique\/\" \/>\n<meta property=\"og:site_name\" content=\"Orchestras Canada\/Orchestres Canada\" \/>\n<meta property=\"article:modified_time\" content=\"2021-05-03T22:23:40+00:00\" \/>\n<meta property=\"og:image\" content=\"https:\/\/oc.ca\/wp-content\/uploads\/2021\/04\/Screen-Shot-2021-04-23-at-3.36.29-PM.png\" \/>\n\t<meta property=\"og:image:width\" content=\"1868\" \/>\n\t<meta property=\"og:image:height\" content=\"1050\" \/>\n\t<meta property=\"og:image:type\" content=\"image\/png\" \/>\n<meta name=\"twitter:card\" content=\"summary_large_image\" \/>\n<meta name=\"twitter:image\" content=\"https:\/\/oc.ca\/wp-content\/uploads\/2021\/04\/Screen-Shot-2021-04-23-at-3.36.29-PM.png\" \/>\n<meta name=\"twitter:label1\" content=\"Dur\u00e9e de lecture estim\u00e9e\" \/>\n\t<meta name=\"twitter:data1\" content=\"3 minutes\" \/>\n<script type=\"application\/ld+json\" class=\"yoast-schema-graph\">{\"@context\":\"https:\\\/\\\/schema.org\",\"@graph\":[{\"@type\":\"WebPage\",\"@id\":\"https:\\\/\\\/oc.ca\\\/fr\\\/lavenir-de-lorchestre-numerique\\\/\",\"url\":\"https:\\\/\\\/oc.ca\\\/fr\\\/lavenir-de-lorchestre-numerique\\\/\",\"name\":\"L\u2019avenir de l\u2019orchestre num\u00e9rique - Orchestras Canada\\\/Orchestres Canada\",\"isPartOf\":{\"@id\":\"https:\\\/\\\/oc.ca\\\/en\\\/#website\"},\"primaryImageOfPage\":{\"@id\":\"https:\\\/\\\/oc.ca\\\/fr\\\/lavenir-de-lorchestre-numerique\\\/#primaryimage\"},\"image\":{\"@id\":\"https:\\\/\\\/oc.ca\\\/fr\\\/lavenir-de-lorchestre-numerique\\\/#primaryimage\"},\"thumbnailUrl\":\"https:\\\/\\\/oc.ca\\\/wp-content\\\/uploads\\\/2021\\\/04\\\/Copy-of-Research-Roundup-Social-4-800x267.png\",\"datePublished\":\"2021-04-23T19:45:00+00:00\",\"dateModified\":\"2021-05-03T22:23:40+00:00\",\"breadcrumb\":{\"@id\":\"https:\\\/\\\/oc.ca\\\/fr\\\/lavenir-de-lorchestre-numerique\\\/#breadcrumb\"},\"inLanguage\":\"fr-FR\",\"potentialAction\":[{\"@type\":\"ReadAction\",\"target\":[\"https:\\\/\\\/oc.ca\\\/fr\\\/lavenir-de-lorchestre-numerique\\\/\"]}]},{\"@type\":\"ImageObject\",\"inLanguage\":\"fr-FR\",\"@id\":\"https:\\\/\\\/oc.ca\\\/fr\\\/lavenir-de-lorchestre-numerique\\\/#primaryimage\",\"url\":\"https:\\\/\\\/oc.ca\\\/wp-content\\\/uploads\\\/2021\\\/04\\\/Copy-of-Research-Roundup-Social-4-800x267.png\",\"contentUrl\":\"https:\\\/\\\/oc.ca\\\/wp-content\\\/uploads\\\/2021\\\/04\\\/Copy-of-Research-Roundup-Social-4-800x267.png\"},{\"@type\":\"BreadcrumbList\",\"@id\":\"https:\\\/\\\/oc.ca\\\/fr\\\/lavenir-de-lorchestre-numerique\\\/#breadcrumb\",\"itemListElement\":[{\"@type\":\"ListItem\",\"position\":1,\"name\":\"Home\",\"item\":\"https:\\\/\\\/oc.ca\\\/fr\\\/\"},{\"@type\":\"ListItem\",\"position\":2,\"name\":\"L\u2019avenir de l\u2019orchestre num\u00e9rique\"}]},{\"@type\":\"WebSite\",\"@id\":\"https:\\\/\\\/oc.ca\\\/en\\\/#website\",\"url\":\"https:\\\/\\\/oc.ca\\\/en\\\/\",\"name\":\"Orchestras Canada\\\/Orchestres Canada\",\"description\":\"\",\"publisher\":{\"@id\":\"https:\\\/\\\/oc.ca\\\/en\\\/#organization\"},\"potentialAction\":[{\"@type\":\"SearchAction\",\"target\":{\"@type\":\"EntryPoint\",\"urlTemplate\":\"https:\\\/\\\/oc.ca\\\/en\\\/?s={search_term_string}\"},\"query-input\":{\"@type\":\"PropertyValueSpecification\",\"valueRequired\":true,\"valueName\":\"search_term_string\"}}],\"inLanguage\":\"fr-FR\"},{\"@type\":\"Organization\",\"@id\":\"https:\\\/\\\/oc.ca\\\/en\\\/#organization\",\"name\":\"Orchestras Canada\\\/Orchestres Canada\",\"url\":\"https:\\\/\\\/oc.ca\\\/en\\\/\",\"logo\":{\"@type\":\"ImageObject\",\"inLanguage\":\"fr-FR\",\"@id\":\"https:\\\/\\\/oc.ca\\\/en\\\/#\\\/schema\\\/logo\\\/image\\\/\",\"url\":\"https:\\\/\\\/oc.ca\\\/wp-content\\\/uploads\\\/2019\\\/03\\\/cropped-OC-Logo-800x200-1.png\",\"contentUrl\":\"https:\\\/\\\/oc.ca\\\/wp-content\\\/uploads\\\/2019\\\/03\\\/cropped-OC-Logo-800x200-1.png\",\"width\":400,\"height\":100,\"caption\":\"Orchestras Canada\\\/Orchestres Canada\"},\"image\":{\"@id\":\"https:\\\/\\\/oc.ca\\\/en\\\/#\\\/schema\\\/logo\\\/image\\\/\"}}]}<\/script>\n<!-- \/ Yoast SEO plugin. -->","yoast_head_json":{"title":"L\u2019avenir de l\u2019orchestre num\u00e9rique - Orchestras Canada\/Orchestres Canada","robots":{"index":"index","follow":"follow","max-snippet":"max-snippet:-1","max-image-preview":"max-image-preview:large","max-video-preview":"max-video-preview:-1"},"canonical":"https:\/\/oc.ca\/fr\/lavenir-de-lorchestre-numerique\/","og_locale":"fr_FR","og_type":"article","og_title":"Les inscriptions sont maintenant ouvertes!","og_description":"Au cours des trois forums de cette s\u00e9rie, nous explorerons l\u2019impact et l\u2019avenir des activit\u00e9s num\u00e9riques des orchestres sur trois principaux plans : Publics, finances et Fiert\u00e9 au travail.","og_url":"https:\/\/oc.ca\/fr\/lavenir-de-lorchestre-numerique\/","og_site_name":"Orchestras Canada\/Orchestres Canada","article_modified_time":"2021-05-03T22:23:40+00:00","og_image":[{"width":1868,"height":1050,"url":"https:\/\/oc.ca\/wp-content\/uploads\/2021\/04\/Screen-Shot-2021-04-23-at-3.36.29-PM.png","type":"image\/png"}],"twitter_card":"summary_large_image","twitter_image":"https:\/\/oc.ca\/wp-content\/uploads\/2021\/04\/Screen-Shot-2021-04-23-at-3.36.29-PM.png","twitter_misc":{"Dur\u00e9e de lecture estim\u00e9e":"3 minutes"},"schema":{"@context":"https:\/\/schema.org","@graph":[{"@type":"WebPage","@id":"https:\/\/oc.ca\/fr\/lavenir-de-lorchestre-numerique\/","url":"https:\/\/oc.ca\/fr\/lavenir-de-lorchestre-numerique\/","name":"L\u2019avenir de l\u2019orchestre num\u00e9rique - Orchestras Canada\/Orchestres Canada","isPartOf":{"@id":"https:\/\/oc.ca\/en\/#website"},"primaryImageOfPage":{"@id":"https:\/\/oc.ca\/fr\/lavenir-de-lorchestre-numerique\/#primaryimage"},"image":{"@id":"https:\/\/oc.ca\/fr\/lavenir-de-lorchestre-numerique\/#primaryimage"},"thumbnailUrl":"https:\/\/oc.ca\/wp-content\/uploads\/2021\/04\/Copy-of-Research-Roundup-Social-4-800x267.png","datePublished":"2021-04-23T19:45:00+00:00","dateModified":"2021-05-03T22:23:40+00:00","breadcrumb":{"@id":"https:\/\/oc.ca\/fr\/lavenir-de-lorchestre-numerique\/#breadcrumb"},"inLanguage":"fr-FR","potentialAction":[{"@type":"ReadAction","target":["https:\/\/oc.ca\/fr\/lavenir-de-lorchestre-numerique\/"]}]},{"@type":"ImageObject","inLanguage":"fr-FR","@id":"https:\/\/oc.ca\/fr\/lavenir-de-lorchestre-numerique\/#primaryimage","url":"https:\/\/oc.ca\/wp-content\/uploads\/2021\/04\/Copy-of-Research-Roundup-Social-4-800x267.png","contentUrl":"https:\/\/oc.ca\/wp-content\/uploads\/2021\/04\/Copy-of-Research-Roundup-Social-4-800x267.png"},{"@type":"BreadcrumbList","@id":"https:\/\/oc.ca\/fr\/lavenir-de-lorchestre-numerique\/#breadcrumb","itemListElement":[{"@type":"ListItem","position":1,"name":"Home","item":"https:\/\/oc.ca\/fr\/"},{"@type":"ListItem","position":2,"name":"L\u2019avenir de l\u2019orchestre num\u00e9rique"}]},{"@type":"WebSite","@id":"https:\/\/oc.ca\/en\/#website","url":"https:\/\/oc.ca\/en\/","name":"Orchestras Canada\/Orchestres Canada","description":"","publisher":{"@id":"https:\/\/oc.ca\/en\/#organization"},"potentialAction":[{"@type":"SearchAction","target":{"@type":"EntryPoint","urlTemplate":"https:\/\/oc.ca\/en\/?s={search_term_string}"},"query-input":{"@type":"PropertyValueSpecification","valueRequired":true,"valueName":"search_term_string"}}],"inLanguage":"fr-FR"},{"@type":"Organization","@id":"https:\/\/oc.ca\/en\/#organization","name":"Orchestras Canada\/Orchestres Canada","url":"https:\/\/oc.ca\/en\/","logo":{"@type":"ImageObject","inLanguage":"fr-FR","@id":"https:\/\/oc.ca\/en\/#\/schema\/logo\/image\/","url":"https:\/\/oc.ca\/wp-content\/uploads\/2019\/03\/cropped-OC-Logo-800x200-1.png","contentUrl":"https:\/\/oc.ca\/wp-content\/uploads\/2019\/03\/cropped-OC-Logo-800x200-1.png","width":400,"height":100,"caption":"Orchestras Canada\/Orchestres Canada"},"image":{"@id":"https:\/\/oc.ca\/en\/#\/schema\/logo\/image\/"}}]}},"_links":{"self":[{"href":"https:\/\/oc.ca\/fr\/wp-json\/wp\/v2\/pages\/8140","targetHints":{"allow":["GET"]}}],"collection":[{"href":"https:\/\/oc.ca\/fr\/wp-json\/wp\/v2\/pages"}],"about":[{"href":"https:\/\/oc.ca\/fr\/wp-json\/wp\/v2\/types\/page"}],"author":[{"embeddable":true,"href":"https:\/\/oc.ca\/fr\/wp-json\/wp\/v2\/users\/10"}],"replies":[{"embeddable":true,"href":"https:\/\/oc.ca\/fr\/wp-json\/wp\/v2\/comments?post=8140"}],"version-history":[{"count":5,"href":"https:\/\/oc.ca\/fr\/wp-json\/wp\/v2\/pages\/8140\/revisions"}],"predecessor-version":[{"id":8193,"href":"https:\/\/oc.ca\/fr\/wp-json\/wp\/v2\/pages\/8140\/revisions\/8193"}],"wp:attachment":[{"href":"https:\/\/oc.ca\/fr\/wp-json\/wp\/v2\/media?parent=8140"}],"curies":[{"name":"wp","href":"https:\/\/api.w.org\/{rel}","templated":true}]}}