{"id":7965,"date":"2021-03-03T13:53:38","date_gmt":"2021-03-03T18:53:38","guid":{"rendered":"http:\/\/demosite2.asurtec.com\/?page_id=7965"},"modified":"2023-03-08T13:55:27","modified_gmt":"2023-03-08T18:55:27","slug":"donner-aujourdhui","status":"publish","type":"page","link":"https:\/\/oc.ca\/fr\/donner-aujourdhui\/","title":{"rendered":"Contribuez aujourd&#8217;hui"},"content":{"rendered":"<h2 style=\"text-align: center;\">Orchestres Canada : 144 raisons de faire un don<\/h2>\n<p><span style=\"color: #993300;\"><strong>Doublez votre impact<\/strong> : Faites un don avant le 31 mars, et nous verserons une somme \u00e9quivalente \u00e0 votre don, jusqu&#8217;\u00e0 concurrence de 1400 dollars!<\/span><\/p>\n<p>Gr\u00e2ce \u00e0 votre don, 144 orchestres canadiens auront acc\u00e8s aux ressources, aux connaissances, aux possibilit\u00e9s de contacts et aux efforts de recherche dont ils ont besoin. Aidez-les \u00e0 grandir et \u00e0 prosp\u00e9rer dans une p\u00e9riode de changement.<\/p>\n<p>Nous vous invitons \u00e0 faire un don en remplissant le formulaire ci-dessous ou en nous transmettant un ch\u00e8que par la poste \u00e0 :<\/p>\n<p>Orchestres Canada<br \/>\nc\/o Peterborough Business Hub<br \/>\n398 McDonnel St Unit# 4<br \/>\nPeterborough, ON K9H 2X4<br \/>\nCanada<\/p>\n<p><script id=\"ch_cdn_embed\" src=\"https:\/\/www.canadahelps.org\/services\/wa\/js\/apps\/donatenow\/embed.min.js\" type=\"text\/javascript\" data-page-id=\"10941\" data-cfasync=\"false\" data-formtype=\"0\" data-language=\"fr\"><\/script><\/p>\n","protected":false},"excerpt":{"rendered":"<p>Orchestres Canada : 144 raisons de faire un don Doublez votre impact : Faites un don avant le 31 mars, et nous verserons une somme \u00e9quivalente \u00e0 votre don, jusqu&#8217;\u00e0 concurrence de 1400 dollars! Gr\u00e2ce \u00e0 votre don, 144 orchestres canadiens auront acc\u00e8s aux ressources, aux connaissances, aux possibilit\u00e9s de contacts et aux efforts de [&hellip;]<\/p>\n","protected":false},"author":10,"featured_media":0,"parent":0,"menu_order":0,"comment_status":"closed","ping_status":"closed","template":"","meta":{"_acf_changed":false,"_monsterinsights_skip_tracking":false,"_monsterinsights_sitenote_active":false,"_monsterinsights_sitenote_note":"","_monsterinsights_sitenote_category":0,"footnotes":""},"class_list":["post-7965","page","type-page","status-publish","hentry"],"acf":[],"yoast_head":"<!-- This site is optimized with the Yoast SEO plugin v27.3 - https:\/\/yoast.com\/product\/yoast-seo-wordpress\/ -->\n<title>Contribuez aujourd&#039;hui - Orchestras Canada\/Orchestres Canada<\/title>\n<meta name=\"robots\" content=\"index, follow, max-snippet:-1, max-image-preview:large, max-video-preview:-1\" \/>\n<link rel=\"canonical\" href=\"https:\/\/oc.ca\/fr\/donner-aujourdhui\/\" \/>\n<meta property=\"og:locale\" content=\"fr_FR\" \/>\n<meta property=\"og:type\" content=\"article\" \/>\n<meta property=\"og:title\" content=\"Contribuez aujourd&#039;hui - Orchestras Canada\/Orchestres Canada\" \/>\n<meta property=\"og:description\" content=\"Orchestres Canada : 144 raisons de faire un don Doublez votre impact : Faites un don avant le 31 mars, et nous verserons une somme \u00e9quivalente \u00e0 votre don, jusqu&#8217;\u00e0 concurrence de 1400 dollars! Gr\u00e2ce \u00e0 votre don, 144 orchestres canadiens auront acc\u00e8s aux ressources, aux connaissances, aux possibilit\u00e9s de contacts et aux efforts de [&hellip;]\" \/>\n<meta property=\"og:url\" content=\"https:\/\/oc.ca\/fr\/donner-aujourdhui\/\" \/>\n<meta property=\"og:site_name\" content=\"Orchestras Canada\/Orchestres Canada\" \/>\n<meta property=\"article:modified_time\" content=\"2023-03-08T18:55:27+00:00\" \/>\n<meta name=\"twitter:card\" content=\"summary_large_image\" \/>\n<meta name=\"twitter:label1\" content=\"Dur\u00e9e de lecture estim\u00e9e\" \/>\n\t<meta name=\"twitter:data1\" content=\"1 minute\" \/>\n<script type=\"application\/ld+json\" class=\"yoast-schema-graph\">{\"@context\":\"https:\\\/\\\/schema.org\",\"@graph\":[{\"@type\":\"WebPage\",\"@id\":\"https:\\\/\\\/oc.ca\\\/fr\\\/donner-aujourdhui\\\/\",\"url\":\"https:\\\/\\\/oc.ca\\\/fr\\\/donner-aujourdhui\\\/\",\"name\":\"Contribuez aujourd'hui - Orchestras Canada\\\/Orchestres Canada\",\"isPartOf\":{\"@id\":\"https:\\\/\\\/oc.ca\\\/en\\\/#website\"},\"datePublished\":\"2021-03-03T18:53:38+00:00\",\"dateModified\":\"2023-03-08T18:55:27+00:00\",\"breadcrumb\":{\"@id\":\"https:\\\/\\\/oc.ca\\\/fr\\\/donner-aujourdhui\\\/#breadcrumb\"},\"inLanguage\":\"fr-FR\",\"potentialAction\":[{\"@type\":\"ReadAction\",\"target\":[\"https:\\\/\\\/oc.ca\\\/fr\\\/donner-aujourdhui\\\/\"]}]},{\"@type\":\"BreadcrumbList\",\"@id\":\"https:\\\/\\\/oc.ca\\\/fr\\\/donner-aujourdhui\\\/#breadcrumb\",\"itemListElement\":[{\"@type\":\"ListItem\",\"position\":1,\"name\":\"Home\",\"item\":\"https:\\\/\\\/oc.ca\\\/fr\\\/\"},{\"@type\":\"ListItem\",\"position\":2,\"name\":\"Contribuez aujourd&#8217;hui\"}]},{\"@type\":\"WebSite\",\"@id\":\"https:\\\/\\\/oc.ca\\\/en\\\/#website\",\"url\":\"https:\\\/\\\/oc.ca\\\/en\\\/\",\"name\":\"Orchestras Canada\\\/Orchestres Canada\",\"description\":\"\",\"publisher\":{\"@id\":\"https:\\\/\\\/oc.ca\\\/en\\\/#organization\"},\"potentialAction\":[{\"@type\":\"SearchAction\",\"target\":{\"@type\":\"EntryPoint\",\"urlTemplate\":\"https:\\\/\\\/oc.ca\\\/en\\\/?s={search_term_string}\"},\"query-input\":{\"@type\":\"PropertyValueSpecification\",\"valueRequired\":true,\"valueName\":\"search_term_string\"}}],\"inLanguage\":\"fr-FR\"},{\"@type\":\"Organization\",\"@id\":\"https:\\\/\\\/oc.ca\\\/en\\\/#organization\",\"name\":\"Orchestras Canada\\\/Orchestres Canada\",\"url\":\"https:\\\/\\\/oc.ca\\\/en\\\/\",\"logo\":{\"@type\":\"ImageObject\",\"inLanguage\":\"fr-FR\",\"@id\":\"https:\\\/\\\/oc.ca\\\/en\\\/#\\\/schema\\\/logo\\\/image\\\/\",\"url\":\"https:\\\/\\\/oc.ca\\\/wp-content\\\/uploads\\\/2019\\\/03\\\/cropped-OC-Logo-800x200-1.png\",\"contentUrl\":\"https:\\\/\\\/oc.ca\\\/wp-content\\\/uploads\\\/2019\\\/03\\\/cropped-OC-Logo-800x200-1.png\",\"width\":400,\"height\":100,\"caption\":\"Orchestras Canada\\\/Orchestres Canada\"},\"image\":{\"@id\":\"https:\\\/\\\/oc.ca\\\/en\\\/#\\\/schema\\\/logo\\\/image\\\/\"}}]}<\/script>\n<!-- \/ Yoast SEO plugin. -->","yoast_head_json":{"title":"Contribuez aujourd'hui - Orchestras Canada\/Orchestres Canada","robots":{"index":"index","follow":"follow","max-snippet":"max-snippet:-1","max-image-preview":"max-image-preview:large","max-video-preview":"max-video-preview:-1"},"canonical":"https:\/\/oc.ca\/fr\/donner-aujourdhui\/","og_locale":"fr_FR","og_type":"article","og_title":"Contribuez aujourd'hui - Orchestras Canada\/Orchestres Canada","og_description":"Orchestres Canada : 144 raisons de faire un don Doublez votre impact : Faites un don avant le 31 mars, et nous verserons une somme \u00e9quivalente \u00e0 votre don, jusqu&#8217;\u00e0 concurrence de 1400 dollars! Gr\u00e2ce \u00e0 votre don, 144 orchestres canadiens auront acc\u00e8s aux ressources, aux connaissances, aux possibilit\u00e9s de contacts et aux efforts de [&hellip;]","og_url":"https:\/\/oc.ca\/fr\/donner-aujourdhui\/","og_site_name":"Orchestras Canada\/Orchestres Canada","article_modified_time":"2023-03-08T18:55:27+00:00","twitter_card":"summary_large_image","twitter_misc":{"Dur\u00e9e de lecture estim\u00e9e":"1 minute"},"schema":{"@context":"https:\/\/schema.org","@graph":[{"@type":"WebPage","@id":"https:\/\/oc.ca\/fr\/donner-aujourdhui\/","url":"https:\/\/oc.ca\/fr\/donner-aujourdhui\/","name":"Contribuez aujourd'hui - Orchestras Canada\/Orchestres Canada","isPartOf":{"@id":"https:\/\/oc.ca\/en\/#website"},"datePublished":"2021-03-03T18:53:38+00:00","dateModified":"2023-03-08T18:55:27+00:00","breadcrumb":{"@id":"https:\/\/oc.ca\/fr\/donner-aujourdhui\/#breadcrumb"},"inLanguage":"fr-FR","potentialAction":[{"@type":"ReadAction","target":["https:\/\/oc.ca\/fr\/donner-aujourdhui\/"]}]},{"@type":"BreadcrumbList","@id":"https:\/\/oc.ca\/fr\/donner-aujourdhui\/#breadcrumb","itemListElement":[{"@type":"ListItem","position":1,"name":"Home","item":"https:\/\/oc.ca\/fr\/"},{"@type":"ListItem","position":2,"name":"Contribuez aujourd&#8217;hui"}]},{"@type":"WebSite","@id":"https:\/\/oc.ca\/en\/#website","url":"https:\/\/oc.ca\/en\/","name":"Orchestras Canada\/Orchestres Canada","description":"","publisher":{"@id":"https:\/\/oc.ca\/en\/#organization"},"potentialAction":[{"@type":"SearchAction","target":{"@type":"EntryPoint","urlTemplate":"https:\/\/oc.ca\/en\/?s={search_term_string}"},"query-input":{"@type":"PropertyValueSpecification","valueRequired":true,"valueName":"search_term_string"}}],"inLanguage":"fr-FR"},{"@type":"Organization","@id":"https:\/\/oc.ca\/en\/#organization","name":"Orchestras Canada\/Orchestres Canada","url":"https:\/\/oc.ca\/en\/","logo":{"@type":"ImageObject","inLanguage":"fr-FR","@id":"https:\/\/oc.ca\/en\/#\/schema\/logo\/image\/","url":"https:\/\/oc.ca\/wp-content\/uploads\/2019\/03\/cropped-OC-Logo-800x200-1.png","contentUrl":"https:\/\/oc.ca\/wp-content\/uploads\/2019\/03\/cropped-OC-Logo-800x200-1.png","width":400,"height":100,"caption":"Orchestras Canada\/Orchestres Canada"},"image":{"@id":"https:\/\/oc.ca\/en\/#\/schema\/logo\/image\/"}}]}},"_links":{"self":[{"href":"https:\/\/oc.ca\/fr\/wp-json\/wp\/v2\/pages\/7965","targetHints":{"allow":["GET"]}}],"collection":[{"href":"https:\/\/oc.ca\/fr\/wp-json\/wp\/v2\/pages"}],"about":[{"href":"https:\/\/oc.ca\/fr\/wp-json\/wp\/v2\/types\/page"}],"author":[{"embeddable":true,"href":"https:\/\/oc.ca\/fr\/wp-json\/wp\/v2\/users\/10"}],"replies":[{"embeddable":true,"href":"https:\/\/oc.ca\/fr\/wp-json\/wp\/v2\/comments?post=7965"}],"version-history":[{"count":5,"href":"https:\/\/oc.ca\/fr\/wp-json\/wp\/v2\/pages\/7965\/revisions"}],"predecessor-version":[{"id":11739,"href":"https:\/\/oc.ca\/fr\/wp-json\/wp\/v2\/pages\/7965\/revisions\/11739"}],"wp:attachment":[{"href":"https:\/\/oc.ca\/fr\/wp-json\/wp\/v2\/media?parent=7965"}],"curies":[{"name":"wp","href":"https:\/\/api.w.org\/{rel}","templated":true}]}}