{"id":5873,"date":"2020-03-17T11:25:07","date_gmt":"2020-03-17T15:25:07","guid":{"rendered":"http:\/\/demosite2.asurtec.com\/?page_id=5873"},"modified":"2022-03-03T17:18:29","modified_gmt":"2022-03-03T22:18:29","slug":"covid-19","status":"publish","type":"page","link":"https:\/\/oc.ca\/fr\/covid-19\/","title":{"rendered":"COVID-19"},"content":{"rendered":"<p style=\"text-align: right;\"><em>Mis \u00e0 jour le 9 juillet 2020<\/em><\/p>\n<p><span style=\"font-weight: 400;\">\u00c0 la place de la conf\u00e9rence pr\u00e9sentielle, Orchestres Canada offre une s\u00e9rie d\u2019activit\u00e9s d\u2019apprentissage en ligne que nous appelons <strong><em>Reprise<\/em><\/strong>. Nous mettrons en vedette un certain nombre des pr\u00e9sentateurs originalement invit\u00e9s \u00e0 notre conf\u00e9rence, en plus d\u2019inclure de nouveaux \u00e9v\u00e9nements sp\u00e9ciaux con\u00e7us express\u00e9ment pour aider votre orchestre \u00e0 s\u2019adapter \u00e0 la r\u00e9alit\u00e9 nouvelle, ainsi qu\u2019\u00e0 pr\u00e9parer une reprise r\u00e9siliente et r\u00e9ussie. Nous avons r\u00e9orient\u00e9 les bourses de voyage pour la conf\u00e9rence afin de rendre cette programmation possible. <a href=\"\/fr\/conferencenationale\/2020\/\">En savoir plus.<\/a><\/span><\/p>\n<p>Le personnel d&#8217;Orchestres Canada travaille actuellement de la maison, mais nous restons \u00e0 votre disposition par t\u00e9l\u00e9phone ou par courriel. <a href=\"\/fr\/contact\/\">Pour nous contacter, cliquez ici.<\/a><\/p>\n<h3>Ressources<\/h3>\n<ul>\n<li>OC rassemble des ressources sur la r\u00e9ouverture. <a href=\"https:\/\/orchestrascanada.sharepoint.com\/:f:\/s\/OrchestrasCanada\/Eiz4Tsr4y7pGkrYJq6yEJpEBTFTA3eP0UGpY6wy_LMO1SQ?e=DcDmjb\">Vous trouverez ici un dossier,<\/a> qui contient des liens vers les directives provinciales et des recherches sur la sant\u00e9 et la s\u00e9curit\u00e9 des musiciens et des recherches sur le public et les recommandations de r\u00e9ouverture.<\/li>\n<li>Gr\u00e2ce \u00e0 l\u2019aide de nos coll\u00e8gues dans le secteur des arts de la sc\u00e8ne, nous avons pr\u00e9par\u00e9 ce<a href=\"\/fr\/ressources-covid-19\/?utm_source=OC+Newsletter&amp;utm_campaign=b6285d81f8-COVID-19&amp;utm_medium=email&amp;utm_term=0_8ece0cc423-b6285d81f8-\">\u00a0wiki regroupant des ressources canadiennes et internationales<\/a>. N\u2019h\u00e9sitez pas \u00e0 nous faire part de vos commentaires et de nous transmettre vos contributions.<\/li>\n<\/ul>\n<h3>Bulletins<\/h3>\n<p><a href=\"https:\/\/mailchi.mp\/12c62f68b9a4\/covid19-bulletin26\">Bulletin du 9 juillet<\/a><\/p>\n<ul>\n<li>Phase 2 du Fonds d&#8217;urgence du Patrimoine canadien<\/li>\n<li>Rencontre de discussion ouverte : Les priorit\u00e9s pr\u00e9budg\u00e9taires f\u00e9d\u00e9rales<\/li>\n<\/ul>\n<p><a href=\"https:\/\/mailchi.mp\/4b03f745e09b\/covid19-bulletin25\">Bulletin du 25 juin<\/a><\/p>\n<ul>\n<li>Recherches de : Affaires\/Arts,\u00a0 J&#8217;ai perdu mon contrat Canada, Habo, Environics.<\/li>\n<\/ul>\n<p><a href=\"https:\/\/mailchi.mp\/40fce4db0e5a\/covid19-bulletin24\">Bulletin du 17 juin<\/a><\/p>\n<ul>\n<li>Prolongation de la PCU<\/li>\n<li>Deux \u00e9v\u00e9nements dans la s\u00e9rie <em><strong>Reprise<\/strong><\/em><\/li>\n<\/ul>\n<p><a href=\"https:\/\/mailchi.mp\/284f98ddd818\/covid19-bulletin23\">Bulletin du 10 juin<\/a><\/p>\n<ul>\n<li><a href=\"\/fr\/resource\/consultation-ssuc\/\">M\u00e9moire sur la SSUC<\/a><\/li>\n<li>\u00c9tude d&#8217;audience d&#8217;Affaires\/Arts<\/li>\n<\/ul>\n<p><a href=\"https:\/\/mailchi.mp\/f8d42aa0f487\/covid19-bulletin22\">Bulletin du 3 juin<\/a><\/p>\n<ul>\n<li>Les \u00e9v\u00e9nements de lev\u00e9e de fonds en ligne<\/li>\n<li>Consultation sur la SSUC<\/li>\n<li>Plan de relance pour le milieu culturel du Qu\u00e9bec<\/li>\n<\/ul>\n<p><a href=\"https:\/\/mailchi.mp\/07e82a79e4a0\/covid19-bulletin21\">Bulletin du 25 mai<\/a><\/p>\n<ul>\n<li><a href=\"\/fr\/conferencenationale\/2020\/\">Trois nouveaux \u00e9v\u00e9nements dans la s\u00e9rie Reprise<\/a><\/li>\n<li>QC : Salles de spectacles sans public pour captation et studios d\u2019enregistrement<\/li>\n<\/ul>\n<p><a href=\"https:\/\/us18.campaign-archive.com\/?e=[UNIQID]&amp;u=50f6cc7b717918dc43438489c&amp;id=8271c191de\">Bulletin du 20 mai<\/a><\/p>\n<ul>\n<li>Prolongation de la Subvention salariale<\/li>\n<li>Mise \u00e0 jour du Conseil des arts du Canada<\/li>\n<li>Recommandations du CQM en ce qui concerne la r\u00e9ouverture<\/li>\n<\/ul>\n<p><a href=\"https:\/\/mailchi.mp\/af05b97ffd42\/covid19-bulletin18-8028962\">Bulletin du 15 mai<\/a><\/p>\n<ul>\n<li>Ressources sur la r\u00e9ouverture et la SSUC<\/li>\n<li>Rencontre mondiale des orchestres<\/li>\n<\/ul>\n<p><a href=\"https:\/\/us18.campaign-archive.com\/?e=&amp;u=50f6cc7b717918dc43438489c&amp;id=c8178c6b6c\">Bulletin du 11 mai<\/a><\/p>\n<ul>\n<li>Fonds d\u2019urgence pour soutenir les organismes charg\u00e9s de la culture, du patrimoine et du sport<\/li>\n<li>Prolongation de la Subvention salariale<\/li>\n<\/ul>\n<p><a href=\"https:\/\/mailchi.mp\/05d08b2747b3\/covid19-bulletin17\">Bulletin du 8 mai<\/a><\/p>\n<ul>\n<li>Ressources et plans pour le d\u00e9confinement<\/li>\n<li>Recherches sur les publics qu\u00e9b\u00e9cois<\/li>\n<\/ul>\n<p><a href=\"https:\/\/mailchi.mp\/44eb5ebe64dd\/covid19-bulletin16\">Bulletin du 4 mai<\/a><\/p>\n<ul>\n<li>Les orchestres apr\u00e8s la COVID-19<\/li>\n<li>Plans de d\u00e9confinement provinciaux<\/li>\n<li>Conseil des arts du Canada : fonds Strat\u00e9gie num\u00e9rique, Connexion cr\u00e9ation<\/li>\n<li><a href=\"\/fr\/resource\/realiser-projet-ensemble-virtuel\/\">Comment r\u00e9aliser un projet d&#8217;ensemble virtuel<\/a><\/li>\n<\/ul>\n<p><a href=\"https:\/\/us18.campaign-archive.com\/?e=[UNIQID]&amp;u=50f6cc7b717918dc43438489c&amp;id=2c242198a9&amp;utm_source=OC+Newsletter&amp;utm_campaign=5b5c2e0ff4-COVID+Newsflash15&amp;utm_medium=email&amp;utm_term=0_8ece0cc423-5b5c2e0ff4-\">Bulletin du 28 avril<\/a><\/p>\n<ul>\n<li>Aide d\u2019urgence du Canada pour le loyer commercial<\/li>\n<li>Cinq conseils : <a href=\"\/fr\/resource\/collecte-fonds-marketing-crise\/\">La collecte de fonds et le marketing en temps de crise<\/a><\/li>\n<li>Plus de d\u00e9tails sur la Subvention salariale d\u2019urgence du Canada<\/li>\n<\/ul>\n<p><a href=\"https:\/\/us18.campaign-archive.com\/?e=[UNIQID]&amp;u=50f6cc7b717918dc43438489c&amp;id=8482cb7339\">Bulletin du 22 avril<\/a><\/p>\n<ul>\n<li>Connexion cr\u00e9ation du Conseil des arts du Canada\/CBC-Radio-Canada<\/li>\n<\/ul>\n<p><a href=\"https:\/\/mailchi.mp\/f372dafbb3be\/covid19-bulletin13?e=6ecb9f84d0\">Bulletin du 20 avril<\/a><\/p>\n<ul>\n<li><a href=\"https:\/\/www.facebook.com\/events\/225919082050967\/\">Facebook Live : Orchestre vid\u00e9o 101<\/a><\/li>\n<li>Crit\u00e8re \u00e9largi du CUEC<\/li>\n<\/ul>\n<p><a href=\"https:\/\/us18.campaign-archive.com\/?e=[UNIQID]&amp;u=50f6cc7b717918dc43438489c&amp;id=de6998fd9d\">Bulletin du 15 avril<\/a><\/p>\n<ul>\n<li><a href=\"\/fr\/reponses-oc-covid19\/\">R\u00e9ponses et services d&#8217;OC<\/a><\/li>\n<li>Mise \u00e0 jour sur le Prestation canadienne d&#8217;urgence<\/li>\n<\/ul>\n<p><a href=\"https:\/\/mailchi.mp\/77acaaf6b95b\/covid19-bulletin11\">Bulletin du 9 avril<\/a><\/p>\n<ul>\n<li>La collecte de fonds et le marketing en temps de crise<\/li>\n<li>Subvention salariale d&#8217;urgence du Canada<\/li>\n<\/ul>\n<p><a href=\"https:\/\/us18.campaign-archive.com\/?e=[UNIQID]&amp;u=50f6cc7b717918dc43438489c&amp;id=dcee01edde\">Bulletin du 7 avril<\/a><\/p>\n<ul>\n<li>Sondage du Conseil des arts du Canada<\/li>\n<li>R\u00e9sum\u00e9 des programmes d&#8217;aide f\u00e9d\u00e9raux<\/li>\n<li>Ressources : d\u00e9veloppement professionnel et projets vid\u00e9o<\/li>\n<\/ul>\n<p><a href=\"https:\/\/us18.campaign-archive.com\/?e=[UNIQID]&amp;u=50f6cc7b717918dc43438489c&amp;id=cd1c0ea2f9\">Bulletin du 3 avril<\/a><\/p>\n<ul>\n<li>Subvention salariale d&#8217;urgence du Canada<\/li>\n<\/ul>\n<p><a href=\"https:\/\/us18.campaign-archive.com\/?e=&amp;u=50f6cc7b717918dc43438489c&amp;id=58278a2722\">Bulletin du 1er avril<\/a><\/p>\n<ul>\n<li>Financement anticip\u00e9 du Conseil des arts du Canada<\/li>\n<li>Leadership Emergency Arts Network<\/li>\n<\/ul>\n<p><a href=\"https:\/\/us18.campaign-archive.com\/?e=[UNIQID]&amp;u=50f6cc7b717918dc43438489c&amp;id=473c54ec2f\">Bulletin du 27 mars<\/a><\/p>\n<ul>\n<li>Subvention salariale de 75 % pour les entreprises admissibles<\/li>\n<li>R\u00e9sultats du sondage \u00ab R\u00e9percussions des fermetures li\u00e9es \u00e0 la COVID-19 sur les ressources humaines \u00bb<\/li>\n<\/ul>\n<p><a href=\"https:\/\/us18.campaign-archive.com\/?e=[UNIQID]&amp;u=50f6cc7b717918dc43438489c&amp;id=01a4cd6a61&amp;utm_source=OC+Newsletter&amp;utm_campaign=99b9a1a8d1-COVID-19+Newsflash6&amp;utm_medium=email&amp;utm_term=0_8ece0cc423-99b9a1a8d1-\">Bulletin du 25 mars<\/a><\/p>\n<ul>\n<li><a href=\"\/fr\/resource\/lettre-oc-ministres\/\">Lettre d&#8217;Orchestres Canada aux ministres<\/a><\/li>\n<li>Prestation canadienne d\u2019urgence<\/li>\n<li>Le Ticket Converter Tool de Spektrix<\/li>\n<\/ul>\n<p><a href=\"https:\/\/orchestrascanada.us18.list-manage.com\/track\/click?u=50f6cc7b717918dc43438489c&amp;id=d52db621c4&amp;e=6ecb9f84d0\">Bulletin du 23 mars<\/a><\/p>\n<ul>\n<li>Subvention salariale, extension pour la date limite des T3010, assurance-emploi et autres mesures f\u00e9d\u00e9rales.<\/li>\n<li>Ressources pour les travailleurs autonomes et les cours de musique en ligne.<\/li>\n<\/ul>\n<p><a href=\"https:\/\/us18.campaign-archive.com\/?e=&amp;u=50f6cc7b717918dc43438489c&amp;id=8430e31ee1\">Bulletin du 19 mars<\/a><\/p>\n<ul>\n<li>Messages du minist\u00e8re du Patrimoine canadien et le gouvernement f\u00e9d\u00e9ral.<\/li>\n<li>Ressources sur le t\u00e9l\u00e9travail et la communaut\u00e9.<\/li>\n<li>Sondages sur l&#8217;impact.<\/li>\n<li>Conf\u00e9rence nationale d&#8217;OC annul\u00e9e.<\/li>\n<\/ul>\n<p><a href=\"https:\/\/us18.campaign-archive.com\/?e=[UNIQID]&amp;u=50f6cc7b717918dc43438489c&amp;id=241f58dc44\">Bulletin du 17 mars<\/a><\/p>\n<ul>\n<li>Messages sur le subventionnement de fonctionnement du Saskatchewan Arts Board, et du Conseil des arts de l&#8217;Ontario.<\/li>\n<li>\u00c9v\u00e9nements de plus de 250 personnes annul\u00e9s en AB, SK, MB, QC. 150 personnes en NB et en NS. 50 personnes en BC et en ON.<\/li>\n<li>Orchestres des jeunes : appel \u00e0 donn\u00e9es sur l&#8217;impact.<\/li>\n<\/ul>\n<p><a href=\"https:\/\/us18.campaign-archive.com\/?u=50f6cc7b717918dc43438489c&amp;id=e56541e57d\">Bulletin du 16 mars<\/a><\/p>\n<ul>\n<li>Conseils et id\u00e9es de marketing num\u00e9rique (Capacity Interactive).<\/li>\n<li>Ressources de planification en cas de pand\u00e9mie (Alberta Council of Disability Services).<\/li>\n<li>\u00c9v\u00e9nements de plus de 250 personnes annul\u00e9s en BC, AB, SK, MB, ON et QC. 150 personnes au NB et NS.<\/li>\n<li>Messages sur le subventionnement de fonctionnement du Minist\u00e8re du Patrimoine canadien, du Manitoba Arts Council et du Conseil des arts et des lettres du Qu\u00e9bec.<\/li>\n<\/ul>\n<p><a href=\"https:\/\/us18.campaign-archive.com\/?u=50f6cc7b717918dc43438489c&amp;id=d1dbedacd8\">Bulletin du 13 mars<\/a><\/p>\n<ul>\n<li>Un outil d\u2019\u00e9valuation des risques de l\u2019Agence de sant\u00e9 publique du Canada.<\/li>\n<li>\u00c9v\u00e9nements de plus de 250 personnes annul\u00e9s en BC, AB, ON et QC. 150 au NB.<\/li>\n<li>Message du Conseil des arts du Canada sur le subventionnement de fonctionnement.<\/li>\n<\/ul>\n","protected":false},"excerpt":{"rendered":"<p>Mis \u00e0 jour le 9 juillet 2020 \u00c0 la place de la conf\u00e9rence pr\u00e9sentielle, Orchestres Canada offre une s\u00e9rie d\u2019activit\u00e9s d\u2019apprentissage en ligne que nous appelons Reprise. Nous mettrons en vedette un certain nombre des pr\u00e9sentateurs originalement invit\u00e9s \u00e0 notre conf\u00e9rence, en plus d\u2019inclure de nouveaux \u00e9v\u00e9nements sp\u00e9ciaux con\u00e7us express\u00e9ment pour aider votre orchestre \u00e0 [&hellip;]<\/p>\n","protected":false},"author":10,"featured_media":0,"parent":0,"menu_order":0,"comment_status":"closed","ping_status":"closed","template":"","meta":{"_acf_changed":false,"_monsterinsights_skip_tracking":false,"_monsterinsights_sitenote_active":false,"_monsterinsights_sitenote_note":"","_monsterinsights_sitenote_category":0,"footnotes":""},"class_list":["post-5873","page","type-page","status-publish","hentry"],"acf":[],"yoast_head":"<!-- This site is optimized with the Yoast SEO plugin v25.4 - https:\/\/yoast.com\/wordpress\/plugins\/seo\/ -->\n<title>COVID-19 - Orchestras Canada\/Orchestres Canada<\/title>\n<meta name=\"robots\" content=\"index, follow, max-snippet:-1, max-image-preview:large, max-video-preview:-1\" \/>\n<link rel=\"canonical\" href=\"https:\/\/oc.ca\/fr\/covid-19\/\" \/>\n<meta property=\"og:locale\" content=\"fr_FR\" \/>\n<meta property=\"og:type\" content=\"article\" \/>\n<meta property=\"og:title\" content=\"COVID-19 - Orchestras Canada\/Orchestres Canada\" \/>\n<meta property=\"og:description\" content=\"Mis \u00e0 jour le 9 juillet 2020 \u00c0 la place de la conf\u00e9rence pr\u00e9sentielle, Orchestres Canada offre une s\u00e9rie d\u2019activit\u00e9s d\u2019apprentissage en ligne que nous appelons Reprise. Nous mettrons en vedette un certain nombre des pr\u00e9sentateurs originalement invit\u00e9s \u00e0 notre conf\u00e9rence, en plus d\u2019inclure de nouveaux \u00e9v\u00e9nements sp\u00e9ciaux con\u00e7us express\u00e9ment pour aider votre orchestre \u00e0 [&hellip;]\" \/>\n<meta property=\"og:url\" content=\"https:\/\/oc.ca\/fr\/covid-19\/\" \/>\n<meta property=\"og:site_name\" content=\"Orchestras Canada\/Orchestres Canada\" \/>\n<meta property=\"article:modified_time\" content=\"2022-03-03T22:18:29+00:00\" \/>\n<meta name=\"twitter:card\" content=\"summary_large_image\" \/>\n<meta name=\"twitter:label1\" content=\"Dur\u00e9e de lecture estim\u00e9e\" \/>\n\t<meta name=\"twitter:data1\" content=\"4 minutes\" \/>\n<script type=\"application\/ld+json\" class=\"yoast-schema-graph\">{\"@context\":\"https:\/\/schema.org\",\"@graph\":[{\"@type\":\"WebPage\",\"@id\":\"https:\/\/oc.ca\/fr\/covid-19\/\",\"url\":\"https:\/\/oc.ca\/fr\/covid-19\/\",\"name\":\"COVID-19 - Orchestras Canada\/Orchestres Canada\",\"isPartOf\":{\"@id\":\"https:\/\/oc.ca\/en\/#website\"},\"datePublished\":\"2020-03-17T15:25:07+00:00\",\"dateModified\":\"2022-03-03T22:18:29+00:00\",\"breadcrumb\":{\"@id\":\"https:\/\/oc.ca\/fr\/covid-19\/#breadcrumb\"},\"inLanguage\":\"fr-FR\",\"potentialAction\":[{\"@type\":\"ReadAction\",\"target\":[\"https:\/\/oc.ca\/fr\/covid-19\/\"]}]},{\"@type\":\"BreadcrumbList\",\"@id\":\"https:\/\/oc.ca\/fr\/covid-19\/#breadcrumb\",\"itemListElement\":[{\"@type\":\"ListItem\",\"position\":1,\"name\":\"Home\",\"item\":\"https:\/\/oc.ca\/fr\/\"},{\"@type\":\"ListItem\",\"position\":2,\"name\":\"COVID-19\"}]},{\"@type\":\"WebSite\",\"@id\":\"https:\/\/oc.ca\/en\/#website\",\"url\":\"https:\/\/oc.ca\/en\/\",\"name\":\"Orchestras Canada\/Orchestres Canada\",\"description\":\"\",\"publisher\":{\"@id\":\"https:\/\/oc.ca\/en\/#organization\"},\"potentialAction\":[{\"@type\":\"SearchAction\",\"target\":{\"@type\":\"EntryPoint\",\"urlTemplate\":\"https:\/\/oc.ca\/en\/?s={search_term_string}\"},\"query-input\":{\"@type\":\"PropertyValueSpecification\",\"valueRequired\":true,\"valueName\":\"search_term_string\"}}],\"inLanguage\":\"fr-FR\"},{\"@type\":\"Organization\",\"@id\":\"https:\/\/oc.ca\/en\/#organization\",\"name\":\"Orchestras Canada\/Orchestres Canada\",\"url\":\"https:\/\/oc.ca\/en\/\",\"logo\":{\"@type\":\"ImageObject\",\"inLanguage\":\"fr-FR\",\"@id\":\"https:\/\/oc.ca\/en\/#\/schema\/logo\/image\/\",\"url\":\"https:\/\/oc.ca\/wp-content\/uploads\/2019\/03\/cropped-OC-Logo-800x200-1.png\",\"contentUrl\":\"https:\/\/oc.ca\/wp-content\/uploads\/2019\/03\/cropped-OC-Logo-800x200-1.png\",\"width\":400,\"height\":100,\"caption\":\"Orchestras Canada\/Orchestres Canada\"},\"image\":{\"@id\":\"https:\/\/oc.ca\/en\/#\/schema\/logo\/image\/\"}}]}<\/script>\n<!-- \/ Yoast SEO plugin. -->","yoast_head_json":{"title":"COVID-19 - Orchestras Canada\/Orchestres Canada","robots":{"index":"index","follow":"follow","max-snippet":"max-snippet:-1","max-image-preview":"max-image-preview:large","max-video-preview":"max-video-preview:-1"},"canonical":"https:\/\/oc.ca\/fr\/covid-19\/","og_locale":"fr_FR","og_type":"article","og_title":"COVID-19 - Orchestras Canada\/Orchestres Canada","og_description":"Mis \u00e0 jour le 9 juillet 2020 \u00c0 la place de la conf\u00e9rence pr\u00e9sentielle, Orchestres Canada offre une s\u00e9rie d\u2019activit\u00e9s d\u2019apprentissage en ligne que nous appelons Reprise. Nous mettrons en vedette un certain nombre des pr\u00e9sentateurs originalement invit\u00e9s \u00e0 notre conf\u00e9rence, en plus d\u2019inclure de nouveaux \u00e9v\u00e9nements sp\u00e9ciaux con\u00e7us express\u00e9ment pour aider votre orchestre \u00e0 [&hellip;]","og_url":"https:\/\/oc.ca\/fr\/covid-19\/","og_site_name":"Orchestras Canada\/Orchestres Canada","article_modified_time":"2022-03-03T22:18:29+00:00","twitter_card":"summary_large_image","twitter_misc":{"Dur\u00e9e de lecture estim\u00e9e":"4 minutes"},"schema":{"@context":"https:\/\/schema.org","@graph":[{"@type":"WebPage","@id":"https:\/\/oc.ca\/fr\/covid-19\/","url":"https:\/\/oc.ca\/fr\/covid-19\/","name":"COVID-19 - Orchestras Canada\/Orchestres Canada","isPartOf":{"@id":"https:\/\/oc.ca\/en\/#website"},"datePublished":"2020-03-17T15:25:07+00:00","dateModified":"2022-03-03T22:18:29+00:00","breadcrumb":{"@id":"https:\/\/oc.ca\/fr\/covid-19\/#breadcrumb"},"inLanguage":"fr-FR","potentialAction":[{"@type":"ReadAction","target":["https:\/\/oc.ca\/fr\/covid-19\/"]}]},{"@type":"BreadcrumbList","@id":"https:\/\/oc.ca\/fr\/covid-19\/#breadcrumb","itemListElement":[{"@type":"ListItem","position":1,"name":"Home","item":"https:\/\/oc.ca\/fr\/"},{"@type":"ListItem","position":2,"name":"COVID-19"}]},{"@type":"WebSite","@id":"https:\/\/oc.ca\/en\/#website","url":"https:\/\/oc.ca\/en\/","name":"Orchestras Canada\/Orchestres Canada","description":"","publisher":{"@id":"https:\/\/oc.ca\/en\/#organization"},"potentialAction":[{"@type":"SearchAction","target":{"@type":"EntryPoint","urlTemplate":"https:\/\/oc.ca\/en\/?s={search_term_string}"},"query-input":{"@type":"PropertyValueSpecification","valueRequired":true,"valueName":"search_term_string"}}],"inLanguage":"fr-FR"},{"@type":"Organization","@id":"https:\/\/oc.ca\/en\/#organization","name":"Orchestras Canada\/Orchestres Canada","url":"https:\/\/oc.ca\/en\/","logo":{"@type":"ImageObject","inLanguage":"fr-FR","@id":"https:\/\/oc.ca\/en\/#\/schema\/logo\/image\/","url":"https:\/\/oc.ca\/wp-content\/uploads\/2019\/03\/cropped-OC-Logo-800x200-1.png","contentUrl":"https:\/\/oc.ca\/wp-content\/uploads\/2019\/03\/cropped-OC-Logo-800x200-1.png","width":400,"height":100,"caption":"Orchestras Canada\/Orchestres Canada"},"image":{"@id":"https:\/\/oc.ca\/en\/#\/schema\/logo\/image\/"}}]}},"_links":{"self":[{"href":"https:\/\/oc.ca\/fr\/wp-json\/wp\/v2\/pages\/5873","targetHints":{"allow":["GET"]}}],"collection":[{"href":"https:\/\/oc.ca\/fr\/wp-json\/wp\/v2\/pages"}],"about":[{"href":"https:\/\/oc.ca\/fr\/wp-json\/wp\/v2\/types\/page"}],"author":[{"embeddable":true,"href":"https:\/\/oc.ca\/fr\/wp-json\/wp\/v2\/users\/10"}],"replies":[{"embeddable":true,"href":"https:\/\/oc.ca\/fr\/wp-json\/wp\/v2\/comments?post=5873"}],"version-history":[{"count":5,"href":"https:\/\/oc.ca\/fr\/wp-json\/wp\/v2\/pages\/5873\/revisions"}],"predecessor-version":[{"id":9789,"href":"https:\/\/oc.ca\/fr\/wp-json\/wp\/v2\/pages\/5873\/revisions\/9789"}],"wp:attachment":[{"href":"https:\/\/oc.ca\/fr\/wp-json\/wp\/v2\/media?parent=5873"}],"curies":[{"name":"wp","href":"https:\/\/api.w.org\/{rel}","templated":true}]}}