{"id":5549,"date":"2020-01-22T16:07:24","date_gmt":"2020-01-22T21:07:24","guid":{"rendered":"http:\/\/demosite2.asurtec.com\/evenements\/demande-subvention\/conference-fees-2020\/"},"modified":"2020-01-22T16:32:52","modified_gmt":"2020-01-22T21:32:52","slug":"taux-inscription-2020","status":"publish","type":"page","link":"https:\/\/oc.ca\/fr\/evenements\/demande-subvention\/taux-inscription-2020\/","title":{"rendered":"Taux d&#8217;inscription 2020"},"content":{"rendered":"<p style=\"text-align: center;\"><a href=\"\/fr\/conferencenationale\/2020\/\"><em>Page de la conf\u00e9rence<\/em><\/a> | <a href=\"\/fr\/evenements\/demande-subvention\/\"><i>Demande de subvention<\/i><\/a><\/p>\n\n<div class=\"wpdt-c wdt-skin-light\">\n    \n    <input type=\"hidden\" id=\"wdtNonceFrontendServerSide_30\" name=\"wdtNonceFrontendServerSide_30\" value=\"9e691cab3c\" \/><input type=\"hidden\" name=\"_wp_http_referer\" value=\"\/fr\/wp-json\/wp\/v2\/pages\/5549\" \/>    <input type=\"hidden\" id=\"table_1_desc\"\n           value='{\"tableId\":\"table_1\",\"tableType\":\"manual\",\"selector\":\"#table_1\",\"responsive\":false,\"responsiveAction\":\"icon\",\"editable\":false,\"inlineEditing\":false,\"infoBlock\":false,\"pagination_top\":0,\"pagination\":true,\"paginationAlign\":\"right\",\"paginationLayout\":\"full_numbers\",\"paginationLayoutMobile\":\"simple\",\"file_location\":\"\",\"tableSkin\":\"light\",\"table_wcag\":0,\"simple_template_id\":0,\"scrollable\":false,\"fixedLayout\":true,\"globalSearch\":false,\"showRowsPerPage\":false,\"popoverTools\":false,\"loader\":\"1\",\"showCartInformation\":1,\"hideBeforeLoad\":false,\"number_format\":1,\"decimalPlaces\":2,\"spinnerSrc\":\"https:\\\/\\\/oc.ca\\\/wp-content\\\/plugins\\\/wpdatatables\\\/assets\\\/\\\/img\\\/spinner.gif\",\"index_column\":0,\"groupingEnabled\":false,\"tableWpId\":30,\"dataTableParams\":{\"sDom\":\"BT\\u003C\\u0027clear\\u0027\\u003Etp\",\"bSortCellsTop\":false,\"bFilter\":true,\"bPaginate\":true,\"sPaginationType\":\"full_numbers\",\"aLengthMenu\":[[1,5,10,25,50,100,-1],[1,5,10,25,50,100,\"Tout\"]],\"iDisplayLength\":-1,\"columnDefs\":[{\"sType\":\"formatted-num\",\"wdtType\":\"int\",\"bVisible\":false,\"orderable\":true,\"searchable\":true,\"InputType\":\"text\",\"name\":\"wdt_ID\",\"origHeader\":\"wdt_ID\",\"notNull\":false,\"conditionalFormattingRules\":[],\"transformValueRules\":\"\",\"className\":\"numdata integer  column-wdt_id\",\"aTargets\":[0]},{\"sType\":\"string\",\"wdtType\":\"string\",\"bVisible\":true,\"orderable\":true,\"searchable\":true,\"InputType\":\"textarea\",\"name\":\"memberassociaterates\",\"origHeader\":\"memberassociaterates\",\"notNull\":false,\"conditionalFormattingRules\":[],\"transformValueRules\":\"\",\"className\":\" column-memberassociaterates\",\"aTargets\":[1]},{\"sType\":\"string\",\"wdtType\":\"string\",\"bVisible\":true,\"orderable\":true,\"searchable\":true,\"InputType\":\"text\",\"name\":\"beforeearlybirddateinclhst\",\"origHeader\":\"beforeearlybirddateinclhst\",\"notNull\":false,\"conditionalFormattingRules\":[],\"transformValueRules\":\"\",\"className\":\" column-beforeearlybirddateinclhst\",\"sWidth\":\"20%\",\"aTargets\":[2]},{\"sType\":\"string\",\"wdtType\":\"string\",\"bVisible\":true,\"orderable\":true,\"searchable\":true,\"InputType\":\"text\",\"name\":\"lateregistrationsinclhst\",\"origHeader\":\"lateregistrationsinclhst\",\"notNull\":false,\"conditionalFormattingRules\":[],\"transformValueRules\":\"\",\"className\":\" column-lateregistrationsinclhst\",\"sWidth\":\"20%\",\"aTargets\":[3]}],\"bAutoWidth\":false,\"order\":[[0,\"asc\"]],\"ordering\":false,\"fixedHeader\":{\"header\":false,\"headerOffset\":0},\"fixedColumns\":false,\"oLanguage\":{\"sSearchPlaceholder\":\"\"},\"buttons\":[],\"bProcessing\":false,\"serverSide\":true,\"ajax\":{\"url\":\"https:\\\/\\\/oc.ca\\\/wp-admin\\\/admin-ajax.php?action=get_wdtable&table_id=30\",\"type\":\"POST\"},\"oSearch\":{\"bSmart\":false,\"bRegex\":false,\"sSearch\":\"\"}},\"customRowDisplay\":\"\",\"tabletWidth\":\"1024\",\"mobileWidth\":\"480\",\"renderFilter\":\"footer\",\"advancedFilterEnabled\":false,\"serverSide\":true,\"autoRefreshInterval\":0,\"processing\":true,\"fnServerData\":true,\"columnsFixed\":0,\"sumFunctionsLabel\":\"\",\"avgFunctionsLabel\":\"\",\"minFunctionsLabel\":\"\",\"maxFunctionsLabel\":\"\",\"columnsDecimalPlaces\":{\"wdt_ID\":-1,\"memberassociaterates\":-1,\"beforeearlybirddateinclhst\":-1,\"lateregistrationsinclhst\":-1},\"columnsThousandsSeparator\":{\"wdt_ID\":0},\"sumColumns\":[],\"avgColumns\":[],\"sumAvgColumns\":[],\"timeFormat\":\"h:i A\",\"datepickFormat\":\"dd\\\/mm\\\/yy\"}'\/>\n\n    <table id=\"table_1\"\n           class=\"   display nowrap wdt-no-display data-t data-t wpDataTable wpDataTableID-30 \"\n           style=\"\"\n           data-described-by='table_1_desc'\n           data-wpdatatable_id=\"30\">\n        \n        <!-- Table header -->\n        \n<thead>\n<tr>\n                    <th\n                        class=\" wdtheader sort numdata integer \"\n        style=\"\">        wdt_ID<\/th>        <th\n        data-class=\"expand\"                class=\" wdtheader sort \"\n        style=\"\">        TAUX POUR MEMBRES\/ASSOCI\u00c9S<\/th>        <th\n                        class=\" wdtheader sort \"\n        style=\"\">        Avant le 20 avril (TVH inclus)<\/th>        <th\n                        class=\" wdtheader sort \"\n        style=\"\">        Apr\u00e8s le 20 avril (TVH inclus)<\/th>    <\/tr>\n<\/thead>\n        <!-- \/Table header -->\n\n        <!-- Table body -->\n        \n<tbody>\n<!-- Table body -->\n<div data-id=\"30\"\n     class=\"wdt-timeline-item wdt-timeline-table_1\"\n     style=\"\">\n    <div class=\"wdt-table-loader\">\n        <div class=\"wdt-table-loader-row wdt-table-loader-header\">\n            <div class=\"wdt-table-loader-header-cell wdt-animated-background\"><\/div>\n            <div class=\"wdt-table-loader-header-cell wdt-animated-background\"><\/div>\n            <div class=\"wdt-table-loader-header-cell wdt-animated-background\"><\/div>\n        <\/div>\n                    <div class=\"wdt-table-loader-row\">\n                <div class=\"wdt-table-loader-cell wdt-animated-background\"><\/div>\n                <div class=\"wdt-table-loader-cell wdt-animated-background\"><\/div>\n                <div class=\"wdt-table-loader-cell wdt-animated-background\"><\/div>\n            <\/div>\n                    <div class=\"wdt-table-loader-row\">\n                <div class=\"wdt-table-loader-cell wdt-animated-background\"><\/div>\n                <div class=\"wdt-table-loader-cell wdt-animated-background\"><\/div>\n                <div class=\"wdt-table-loader-cell wdt-animated-background\"><\/div>\n            <\/div>\n                    <div class=\"wdt-table-loader-row\">\n                <div class=\"wdt-table-loader-cell wdt-animated-background\"><\/div>\n                <div class=\"wdt-table-loader-cell wdt-animated-background\"><\/div>\n                <div class=\"wdt-table-loader-cell wdt-animated-background\"><\/div>\n            <\/div>\n                    <div class=\"wdt-table-loader-row\">\n                <div class=\"wdt-table-loader-cell wdt-animated-background\"><\/div>\n                <div class=\"wdt-table-loader-cell wdt-animated-background\"><\/div>\n                <div class=\"wdt-table-loader-cell wdt-animated-background\"><\/div>\n            <\/div>\n                    <div class=\"wdt-table-loader-row\">\n                <div class=\"wdt-table-loader-cell wdt-animated-background\"><\/div>\n                <div class=\"wdt-table-loader-cell wdt-animated-background\"><\/div>\n                <div class=\"wdt-table-loader-cell wdt-animated-background\"><\/div>\n            <\/div>\n                    <div class=\"wdt-table-loader-row\">\n                <div class=\"wdt-table-loader-cell wdt-animated-background\"><\/div>\n                <div class=\"wdt-table-loader-cell wdt-animated-background\"><\/div>\n                <div class=\"wdt-table-loader-cell wdt-animated-background\"><\/div>\n            <\/div>\n                    <div class=\"wdt-table-loader-row\">\n                <div class=\"wdt-table-loader-cell wdt-animated-background\"><\/div>\n                <div class=\"wdt-table-loader-cell wdt-animated-background\"><\/div>\n                <div class=\"wdt-table-loader-cell wdt-animated-background\"><\/div>\n            <\/div>\n                    <div class=\"wdt-table-loader-row\">\n                <div class=\"wdt-table-loader-cell wdt-animated-background\"><\/div>\n                <div class=\"wdt-table-loader-cell wdt-animated-background\"><\/div>\n                <div class=\"wdt-table-loader-cell wdt-animated-background\"><\/div>\n            <\/div>\n                    <div class=\"wdt-table-loader-row\">\n                <div class=\"wdt-table-loader-cell wdt-animated-background\"><\/div>\n                <div class=\"wdt-table-loader-cell wdt-animated-background\"><\/div>\n                <div class=\"wdt-table-loader-cell wdt-animated-background\"><\/div>\n            <\/div>\n                    <div class=\"wdt-table-loader-row\">\n                <div class=\"wdt-table-loader-cell wdt-animated-background\"><\/div>\n                <div class=\"wdt-table-loader-cell wdt-animated-background\"><\/div>\n                <div class=\"wdt-table-loader-cell wdt-animated-background\"><\/div>\n            <\/div>\n                    <div class=\"wdt-table-loader-row\">\n                <div class=\"wdt-table-loader-cell wdt-animated-background\"><\/div>\n                <div class=\"wdt-table-loader-cell wdt-animated-background\"><\/div>\n                <div class=\"wdt-table-loader-cell wdt-animated-background\"><\/div>\n            <\/div>\n                    <div class=\"wdt-table-loader-row\">\n                <div class=\"wdt-table-loader-cell wdt-animated-background\"><\/div>\n                <div class=\"wdt-table-loader-cell wdt-animated-background\"><\/div>\n                <div class=\"wdt-table-loader-cell wdt-animated-background\"><\/div>\n            <\/div>\n                    <div class=\"wdt-table-loader-row\">\n                <div class=\"wdt-table-loader-cell wdt-animated-background\"><\/div>\n                <div class=\"wdt-table-loader-cell wdt-animated-background\"><\/div>\n                <div class=\"wdt-table-loader-cell wdt-animated-background\"><\/div>\n            <\/div>\n            <\/div>\n<\/div><!-- \/Table body -->\n                    <tr id=\"table_30_row_0\"\n            data-row-index=\"0\">\n                            <td style=\"\">1<\/td>\n                            <td style=\"\">Membre\/associ\u00e9 d\u2019OC<\/td>\n                            <td style=\"\">508,50 $<\/td>\n                            <td style=\"\">649,75 $<\/td>\n                    <\/tr>\n                            <tr id=\"table_30_row_1\"\n            data-row-index=\"1\">\n                            <td style=\"\">2<\/td>\n                            <td style=\"\">Membre\/associ\u00e9 d\u2019OC, et d\u2019un organisme \u00e0 petit budget (revenus annuels en dessous de 400 000 $)<\/td>\n                            <td style=\"\">322,05 $<\/td>\n                            <td style=\"\">367,25 $<\/td>\n                    <\/tr>\n                            <tr id=\"table_30_row_2\"\n            data-row-index=\"2\">\n                            <td style=\"\">3<\/td>\n                            <td style=\"\">Participant additionnel d\u2019un organisme membre\/associ\u00e9<\/td>\n                            <td style=\"\">322,05 $<\/td>\n                            <td style=\"\">367,25 $<\/td>\n                    <\/tr>\n                            <tr id=\"table_30_row_3\"\n            data-row-index=\"3\">\n                            <td style=\"\">4<\/td>\n                            <td style=\"\">Journ\u00e9e compl\u00e8te<\/td>\n                            <td style=\"\">226 $<\/td>\n                            <td style=\"\">226 $<\/td>\n                    <\/tr>\n                            <tr id=\"table_30_row_4\"\n            data-row-index=\"4\">\n                            <td style=\"\">5<\/td>\n                            <td style=\"\">Journ\u00e9e compl\u00e8te (organisme \u00e0 petit budget, revenus annuels en dessous de 400 000 $)<\/td>\n                            <td style=\"\">169,50 $<\/td>\n                            <td style=\"\">169,50 $<\/td>\n                    <\/tr>\n                            <tr id=\"table_30_row_5\"\n            data-row-index=\"5\">\n                            <td style=\"\">6<\/td>\n                            <td style=\"\">Demi-journ\u00e9e<\/td>\n                            <td style=\"\">113 $<\/td>\n                            <td style=\"\">113 $<\/td>\n                    <\/tr>\n                            <tr id=\"table_30_row_6\"\n            data-row-index=\"6\">\n                            <td style=\"\">7<\/td>\n                            <td style=\"\">Musicien d'un orchestre membre qui d\u00e9l\u00e8gue un non-musicien \u00e0 la conf\u00e9rence.<\/td>\n                            <td style=\"\">0 $<\/td>\n                            <td style=\"\">N\/A<\/td>\n                    <\/tr>\n                            <tr id=\"table_30_row_7\"\n            data-row-index=\"7\">\n                            <td style=\"\">8<\/td>\n                            <td style=\"\"><b><br>TAUX POUR NON-MEMBRES\/ASSOCI\u00c9S<\/b><\/td>\n                            <td style=\"\"><\/td>\n                            <td style=\"\"><\/td>\n                    <\/tr>\n                            <tr id=\"table_30_row_8\"\n            data-row-index=\"8\">\n                            <td style=\"\">9<\/td>\n                            <td style=\"\">Non-membre\/associ\u00e9<\/td>\n                            <td style=\"\">565 $<\/td>\n                            <td style=\"\">706,25 $<\/td>\n                    <\/tr>\n                            <tr id=\"table_30_row_9\"\n            data-row-index=\"9\">\n                            <td style=\"\">10<\/td>\n                            <td style=\"\">Journ\u00e9e compl\u00e8te<\/td>\n                            <td style=\"\">282,50 $<\/td>\n                            <td style=\"\">282,50 $<\/td>\n                    <\/tr>\n                            <tr id=\"table_30_row_10\"\n            data-row-index=\"10\">\n                            <td style=\"\">11<\/td>\n                            <td style=\"\">Demi-journ\u00e9e<\/td>\n                            <td style=\"\">141,25 $<\/td>\n                            <td style=\"\">141,25 $<\/td>\n                    <\/tr>\n                            <tr id=\"table_30_row_11\"\n            data-row-index=\"11\">\n                            <td style=\"\">12<\/td>\n                            <td style=\"\"><b>JOURN\u00c9E DES ORCHESTRES \u00c0 PETIT BUDGET<\/b><\/td>\n                            <td style=\"\">113 $<\/td>\n                            <td style=\"\">141,25 $<\/td>\n                    <\/tr>\n            <\/tbody>        <!-- \/Table body -->\n\n        <!-- Table footer -->\n        \n        <!-- \/Table footer -->\n    <\/table>\n\n<\/div><style>\ntable.wpDataTable { table-layout: fixed !important; }\ntable.wpDataTable td, table.wpDataTable th { white-space: normal !important; }\ntable.wpDataTable td.numdata { text-align: right !important; }\n<\/style>\n<style>\n        \/* table font color *\/\n    .wpdt-c.wpDataTablesWrapper table.wpdtSimpleTable thead th,\n    .wpdt-c.wpDataTablesWrapper table.wpdtSimpleTable tbody td,\n    .wpdt-c .wpDataTablesWrapper table.wpDataTable thead th,\n    .wpdt-c .wpDataTablesWrapper table.wpDataTable tbody td,\n    .wpdt-c .wpDataTablesWrapper table.wpDataTable tfoot td {\n        color: rgb(0,0,0) !important;\n    }\n\n                    \n                                        \/* buttons background color *\/\n    .wpDataTables .wdt-checkbox-filter.btn,\n    .wdt-frontend-modal .btn,\n    div.dt-button-collection a.dt-button.active:not(.disabled),\n    div.dt-button-collection button.dt-button.active:not(.disabled) {\n        background-color: rgba(168,165,165,0.98) !important;\n        background-image: none !important;\n    }\n\n                                                            \/* table font size *\/\n    .wpdt-c.wpDataTablesWrapper table.wpdtSimpleTable,\n    .wpdt-c .wpDataTablesWrapper table.wpDataTable {\n        font-size: 12px !important;\n    }\n\n            \n                <\/style>\n<style>\n<\/style>\n<style>\n                            \n                                        \n                    \n<\/style>\n\n","protected":false},"excerpt":{"rendered":"<p>Page de la conf\u00e9rence | Demande de subvention<\/p>\n","protected":false},"author":10,"featured_media":0,"parent":5546,"menu_order":0,"comment_status":"closed","ping_status":"closed","template":"","meta":{"_acf_changed":false,"_monsterinsights_skip_tracking":false,"_monsterinsights_sitenote_active":false,"_monsterinsights_sitenote_note":"","_monsterinsights_sitenote_category":0,"footnotes":""},"class_list":["post-5549","page","type-page","status-publish","hentry"],"acf":[],"yoast_head":"<!-- This site is optimized with the Yoast SEO plugin v25.4 - https:\/\/yoast.com\/wordpress\/plugins\/seo\/ -->\n<title>Taux d&#039;inscription 2020 - Orchestras Canada\/Orchestres Canada<\/title>\n<meta name=\"robots\" content=\"index, follow, max-snippet:-1, max-image-preview:large, max-video-preview:-1\" \/>\n<link rel=\"canonical\" href=\"https:\/\/oc.ca\/en\/events\/bursary-application\/conference-fees-2020\/\" \/>\n<meta property=\"og:locale\" content=\"fr_FR\" \/>\n<meta property=\"og:type\" content=\"article\" \/>\n<meta property=\"og:title\" content=\"Taux d&#039;inscription 2020 - Orchestras Canada\/Orchestres Canada\" \/>\n<meta property=\"og:description\" content=\"Page de la conf\u00e9rence | Demande de subvention\" \/>\n<meta property=\"og:url\" content=\"https:\/\/oc.ca\/en\/events\/bursary-application\/conference-fees-2020\/\" \/>\n<meta property=\"og:site_name\" content=\"Orchestras Canada\/Orchestres Canada\" \/>\n<meta property=\"article:modified_time\" content=\"2020-01-22T21:32:52+00:00\" \/>\n<meta name=\"twitter:card\" content=\"summary_large_image\" \/>\n<script type=\"application\/ld+json\" class=\"yoast-schema-graph\">{\"@context\":\"https:\/\/schema.org\",\"@graph\":[{\"@type\":\"WebPage\",\"@id\":\"https:\/\/oc.ca\/en\/events\/bursary-application\/conference-fees-2020\/\",\"url\":\"https:\/\/oc.ca\/en\/events\/bursary-application\/conference-fees-2020\/\",\"name\":\"Taux d'inscription 2020 - Orchestras Canada\/Orchestres Canada\",\"isPartOf\":{\"@id\":\"https:\/\/oc.ca\/en\/#website\"},\"datePublished\":\"2020-01-22T21:07:24+00:00\",\"dateModified\":\"2020-01-22T21:32:52+00:00\",\"breadcrumb\":{\"@id\":\"https:\/\/oc.ca\/en\/events\/bursary-application\/conference-fees-2020\/#breadcrumb\"},\"inLanguage\":\"fr-FR\",\"potentialAction\":[{\"@type\":\"ReadAction\",\"target\":[\"https:\/\/oc.ca\/en\/events\/bursary-application\/conference-fees-2020\/\"]}]},{\"@type\":\"BreadcrumbList\",\"@id\":\"https:\/\/oc.ca\/en\/events\/bursary-application\/conference-fees-2020\/#breadcrumb\",\"itemListElement\":[{\"@type\":\"ListItem\",\"position\":1,\"name\":\"Home\",\"item\":\"https:\/\/oc.ca\/fr\/\"},{\"@type\":\"ListItem\",\"position\":2,\"name\":\"\u00c9v\u00e9nements et conf\u00e9rence nationale\",\"item\":\"https:\/\/oc.ca\/fr\/evenements\/\"},{\"@type\":\"ListItem\",\"position\":3,\"name\":\"Demande de subvention\",\"item\":\"https:\/\/oc.ca\/en\/?page_id=5533\"},{\"@type\":\"ListItem\",\"position\":4,\"name\":\"Taux d&#8217;inscription 2020\"}]},{\"@type\":\"WebSite\",\"@id\":\"https:\/\/oc.ca\/en\/#website\",\"url\":\"https:\/\/oc.ca\/en\/\",\"name\":\"Orchestras Canada\/Orchestres Canada\",\"description\":\"\",\"publisher\":{\"@id\":\"https:\/\/oc.ca\/en\/#organization\"},\"potentialAction\":[{\"@type\":\"SearchAction\",\"target\":{\"@type\":\"EntryPoint\",\"urlTemplate\":\"https:\/\/oc.ca\/en\/?s={search_term_string}\"},\"query-input\":{\"@type\":\"PropertyValueSpecification\",\"valueRequired\":true,\"valueName\":\"search_term_string\"}}],\"inLanguage\":\"fr-FR\"},{\"@type\":\"Organization\",\"@id\":\"https:\/\/oc.ca\/en\/#organization\",\"name\":\"Orchestras Canada\/Orchestres Canada\",\"url\":\"https:\/\/oc.ca\/en\/\",\"logo\":{\"@type\":\"ImageObject\",\"inLanguage\":\"fr-FR\",\"@id\":\"https:\/\/oc.ca\/en\/#\/schema\/logo\/image\/\",\"url\":\"https:\/\/oc.ca\/wp-content\/uploads\/2019\/03\/cropped-OC-Logo-800x200-1.png\",\"contentUrl\":\"https:\/\/oc.ca\/wp-content\/uploads\/2019\/03\/cropped-OC-Logo-800x200-1.png\",\"width\":400,\"height\":100,\"caption\":\"Orchestras Canada\/Orchestres Canada\"},\"image\":{\"@id\":\"https:\/\/oc.ca\/en\/#\/schema\/logo\/image\/\"}}]}<\/script>\n<!-- \/ Yoast SEO plugin. -->","yoast_head_json":{"title":"Taux d'inscription 2020 - Orchestras Canada\/Orchestres Canada","robots":{"index":"index","follow":"follow","max-snippet":"max-snippet:-1","max-image-preview":"max-image-preview:large","max-video-preview":"max-video-preview:-1"},"canonical":"https:\/\/oc.ca\/en\/events\/bursary-application\/conference-fees-2020\/","og_locale":"fr_FR","og_type":"article","og_title":"Taux d'inscription 2020 - Orchestras Canada\/Orchestres Canada","og_description":"Page de la conf\u00e9rence | Demande de subvention","og_url":"https:\/\/oc.ca\/en\/events\/bursary-application\/conference-fees-2020\/","og_site_name":"Orchestras Canada\/Orchestres Canada","article_modified_time":"2020-01-22T21:32:52+00:00","twitter_card":"summary_large_image","schema":{"@context":"https:\/\/schema.org","@graph":[{"@type":"WebPage","@id":"https:\/\/oc.ca\/en\/events\/bursary-application\/conference-fees-2020\/","url":"https:\/\/oc.ca\/en\/events\/bursary-application\/conference-fees-2020\/","name":"Taux d'inscription 2020 - Orchestras Canada\/Orchestres Canada","isPartOf":{"@id":"https:\/\/oc.ca\/en\/#website"},"datePublished":"2020-01-22T21:07:24+00:00","dateModified":"2020-01-22T21:32:52+00:00","breadcrumb":{"@id":"https:\/\/oc.ca\/en\/events\/bursary-application\/conference-fees-2020\/#breadcrumb"},"inLanguage":"fr-FR","potentialAction":[{"@type":"ReadAction","target":["https:\/\/oc.ca\/en\/events\/bursary-application\/conference-fees-2020\/"]}]},{"@type":"BreadcrumbList","@id":"https:\/\/oc.ca\/en\/events\/bursary-application\/conference-fees-2020\/#breadcrumb","itemListElement":[{"@type":"ListItem","position":1,"name":"Home","item":"https:\/\/oc.ca\/fr\/"},{"@type":"ListItem","position":2,"name":"\u00c9v\u00e9nements et conf\u00e9rence nationale","item":"https:\/\/oc.ca\/fr\/evenements\/"},{"@type":"ListItem","position":3,"name":"Demande de subvention","item":"https:\/\/oc.ca\/en\/?page_id=5533"},{"@type":"ListItem","position":4,"name":"Taux d&#8217;inscription 2020"}]},{"@type":"WebSite","@id":"https:\/\/oc.ca\/en\/#website","url":"https:\/\/oc.ca\/en\/","name":"Orchestras Canada\/Orchestres Canada","description":"","publisher":{"@id":"https:\/\/oc.ca\/en\/#organization"},"potentialAction":[{"@type":"SearchAction","target":{"@type":"EntryPoint","urlTemplate":"https:\/\/oc.ca\/en\/?s={search_term_string}"},"query-input":{"@type":"PropertyValueSpecification","valueRequired":true,"valueName":"search_term_string"}}],"inLanguage":"fr-FR"},{"@type":"Organization","@id":"https:\/\/oc.ca\/en\/#organization","name":"Orchestras Canada\/Orchestres Canada","url":"https:\/\/oc.ca\/en\/","logo":{"@type":"ImageObject","inLanguage":"fr-FR","@id":"https:\/\/oc.ca\/en\/#\/schema\/logo\/image\/","url":"https:\/\/oc.ca\/wp-content\/uploads\/2019\/03\/cropped-OC-Logo-800x200-1.png","contentUrl":"https:\/\/oc.ca\/wp-content\/uploads\/2019\/03\/cropped-OC-Logo-800x200-1.png","width":400,"height":100,"caption":"Orchestras Canada\/Orchestres Canada"},"image":{"@id":"https:\/\/oc.ca\/en\/#\/schema\/logo\/image\/"}}]}},"_links":{"self":[{"href":"https:\/\/oc.ca\/fr\/wp-json\/wp\/v2\/pages\/5549","targetHints":{"allow":["GET"]}}],"collection":[{"href":"https:\/\/oc.ca\/fr\/wp-json\/wp\/v2\/pages"}],"about":[{"href":"https:\/\/oc.ca\/fr\/wp-json\/wp\/v2\/types\/page"}],"author":[{"embeddable":true,"href":"https:\/\/oc.ca\/fr\/wp-json\/wp\/v2\/users\/10"}],"replies":[{"embeddable":true,"href":"https:\/\/oc.ca\/fr\/wp-json\/wp\/v2\/comments?post=5549"}],"version-history":[{"count":4,"href":"https:\/\/oc.ca\/fr\/wp-json\/wp\/v2\/pages\/5549\/revisions"}],"predecessor-version":[{"id":5563,"href":"https:\/\/oc.ca\/fr\/wp-json\/wp\/v2\/pages\/5549\/revisions\/5563"}],"up":[{"embeddable":true,"href":"https:\/\/oc.ca\/fr\/wp-json\/wp\/v2\/pages\/5546"}],"wp:attachment":[{"href":"https:\/\/oc.ca\/fr\/wp-json\/wp\/v2\/media?parent=5549"}],"curies":[{"name":"wp","href":"https:\/\/api.w.org\/{rel}","templated":true}]}}