{"id":4406,"date":"2019-06-08T18:49:59","date_gmt":"2019-06-08T18:49:59","guid":{"rendered":"http:\/\/demosite2.asurtec.com\/?page_id=4406"},"modified":"2019-08-01T12:40:25","modified_gmt":"2019-08-01T16:40:25","slug":"journee-3-14-juin","status":"publish","type":"page","link":"https:\/\/oc.ca\/fr\/evenements\/journee-3-14-juin\/","title":{"rendered":"Journ\u00e9e 3 : vendredi le 14 juin"},"content":{"rendered":"<p><em><a href=\"\/fr\/evenements\/journee-numerique-11-juin\/\">Journ\u00e9e num\u00e9rique, 11 juin<\/a> | <a href=\"\/fr\/evenements\/journee-1-12-juin\/\">Journ\u00e9e 1, 12 juin<\/a> | <a href=\"\/fr\/evenements\/journee-2-13-juin\/\">Journ\u00e9e 2, 13 juin<\/a> | <a href=\"\/fr\/conferencenationale\/2019\/\">Site Web de la conf\u00e9rence nationale<\/a><\/em><\/p>\n<h5><strong>8h30 \u2013 9h30 : Caf\u00e9 et collations<br \/>\n<\/strong><\/h5>\n<p>Rencontre des orchestres qu\u00e9b\u00e9cois pour discuter des possibilit\u00e9s de d\u00e9fense collective des provinces (facultative).<\/p>\n<p style=\"text-align: center;\"><a href=\"https:\/\/oc.ca\/wp-content\/uploads\/2019\/06\/OdJ-caucus-Qc.pdf\"><button class=\"blue-button-medium\">Ordre du jour<\/button><\/a><\/p>\n<h5><strong>9h30 \u2013 10h30 : Discours th\u00e8me,\u00a0<a href=\"\/fr\/bios\/nina-simon\/\">Nina Simon<\/a><\/strong><\/h5>\n<p>OF\/BY\/FOR All.<\/p>\n<p style=\"text-align: center;\"><a href=\"\/fr\/resource\/les-orchestres-de-par-pour-tous\/\"><button class=\"blue-button-medium\">Ressources<\/button><\/a><\/p>\n<p><em>L\u2019interpr\u00e9tation simultan\u00e9e \u00e0 cette s\u00e9ance est financ\u00e9e en partie par le gouvernement du Canada.<\/em><\/p>\n<h5><strong>10h30 \u2013 12h00 : Atelier avec\u00a0<a href=\"\/fr\/bios\/nina-simon\/\">Nina Simon<\/a><\/strong><\/h5>\n<p>OF\/BY\/FOR Whom? Commandit\u00e9 par\u00a0<a href=\"https:\/\/tafelmusik.org\/\">Tafelmusik Baroque Orchestra and Chamber Choir<\/a>.<\/p>\n<h5><strong>12h00 \u2013 12h30 : Cl\u00f4ture de la conf\u00e9rence<\/strong><\/h5>\n<p><em><a href=\"\/fr\/evenements\/journee-numerique-11-juin\/\">Journ\u00e9e num\u00e9rique, 11 juin<\/a> | <a href=\"\/fr\/evenements\/journee-1-12-juin\/\">Journ\u00e9e 1, 12 juin<\/a> | <a href=\"\/fr\/evenements\/journee-2-13-juin\/\">Journ\u00e9e 2, 13 juin<\/a> | <a href=\"\/fr\/conferencenationale\/2019\/\">Site Web de la conf\u00e9rence nationale<\/a><\/em><\/p>\n","protected":false},"excerpt":{"rendered":"<p>Journ\u00e9e num\u00e9rique, 11 juin | Journ\u00e9e 1, 12 juin | Journ\u00e9e 2, 13 juin | Site Web de la conf\u00e9rence nationale 8h30 \u2013 9h30 : Caf\u00e9 et collations Rencontre des orchestres qu\u00e9b\u00e9cois pour discuter des possibilit\u00e9s de d\u00e9fense collective des provinces (facultative). Ordre du jour 9h30 \u2013 10h30 : Discours th\u00e8me,\u00a0Nina Simon OF\/BY\/FOR All. Ressources [&hellip;]<\/p>\n","protected":false},"author":10,"featured_media":0,"parent":1974,"menu_order":0,"comment_status":"closed","ping_status":"closed","template":"","meta":{"_acf_changed":false,"_monsterinsights_skip_tracking":false,"_monsterinsights_sitenote_active":false,"_monsterinsights_sitenote_note":"","_monsterinsights_sitenote_category":0,"footnotes":""},"class_list":["post-4406","page","type-page","status-publish","hentry"],"acf":[],"yoast_head":"<!-- This site is optimized with the Yoast SEO plugin v27.3 - https:\/\/yoast.com\/product\/yoast-seo-wordpress\/ -->\n<title>Journ\u00e9e 3 : vendredi le 14 juin - Orchestras Canada\/Orchestres Canada<\/title>\n<meta name=\"robots\" content=\"index, follow, max-snippet:-1, max-image-preview:large, max-video-preview:-1\" \/>\n<link rel=\"canonical\" href=\"https:\/\/oc.ca\/en\/events\/day-3-june-14\/\" \/>\n<meta property=\"og:locale\" content=\"fr_FR\" \/>\n<meta property=\"og:type\" content=\"article\" \/>\n<meta property=\"og:title\" content=\"Journ\u00e9e 3 : vendredi le 14 juin - Orchestras Canada\/Orchestres Canada\" \/>\n<meta property=\"og:description\" content=\"Journ\u00e9e num\u00e9rique, 11 juin | Journ\u00e9e 1, 12 juin | Journ\u00e9e 2, 13 juin | Site Web de la conf\u00e9rence nationale 8h30 \u2013 9h30 : Caf\u00e9 et collations Rencontre des orchestres qu\u00e9b\u00e9cois pour discuter des possibilit\u00e9s de d\u00e9fense collective des provinces (facultative). Ordre du jour 9h30 \u2013 10h30 : Discours th\u00e8me,\u00a0Nina Simon OF\/BY\/FOR All. Ressources [&hellip;]\" \/>\n<meta property=\"og:url\" content=\"https:\/\/oc.ca\/en\/events\/day-3-june-14\/\" \/>\n<meta property=\"og:site_name\" content=\"Orchestras Canada\/Orchestres Canada\" \/>\n<meta property=\"article:modified_time\" content=\"2019-08-01T16:40:25+00:00\" \/>\n<meta name=\"twitter:card\" content=\"summary_large_image\" \/>\n<meta name=\"twitter:label1\" content=\"Dur\u00e9e de lecture estim\u00e9e\" \/>\n\t<meta name=\"twitter:data1\" content=\"1 minute\" \/>\n<script type=\"application\/ld+json\" class=\"yoast-schema-graph\">{\"@context\":\"https:\\\/\\\/schema.org\",\"@graph\":[{\"@type\":\"WebPage\",\"@id\":\"https:\\\/\\\/oc.ca\\\/en\\\/events\\\/day-3-june-14\\\/\",\"url\":\"https:\\\/\\\/oc.ca\\\/en\\\/events\\\/day-3-june-14\\\/\",\"name\":\"Journ\u00e9e 3 : vendredi le 14 juin - Orchestras Canada\\\/Orchestres Canada\",\"isPartOf\":{\"@id\":\"https:\\\/\\\/oc.ca\\\/en\\\/#website\"},\"datePublished\":\"2019-06-08T18:49:59+00:00\",\"dateModified\":\"2019-08-01T16:40:25+00:00\",\"breadcrumb\":{\"@id\":\"https:\\\/\\\/oc.ca\\\/en\\\/events\\\/day-3-june-14\\\/#breadcrumb\"},\"inLanguage\":\"fr-FR\",\"potentialAction\":[{\"@type\":\"ReadAction\",\"target\":[\"https:\\\/\\\/oc.ca\\\/en\\\/events\\\/day-3-june-14\\\/\"]}]},{\"@type\":\"BreadcrumbList\",\"@id\":\"https:\\\/\\\/oc.ca\\\/en\\\/events\\\/day-3-june-14\\\/#breadcrumb\",\"itemListElement\":[{\"@type\":\"ListItem\",\"position\":1,\"name\":\"Home\",\"item\":\"https:\\\/\\\/oc.ca\\\/fr\\\/\"},{\"@type\":\"ListItem\",\"position\":2,\"name\":\"\u00c9v\u00e9nements et conf\u00e9rence nationale\",\"item\":\"https:\\\/\\\/oc.ca\\\/fr\\\/evenements\\\/\"},{\"@type\":\"ListItem\",\"position\":3,\"name\":\"Journ\u00e9e 3 : vendredi le 14 juin\"}]},{\"@type\":\"WebSite\",\"@id\":\"https:\\\/\\\/oc.ca\\\/en\\\/#website\",\"url\":\"https:\\\/\\\/oc.ca\\\/en\\\/\",\"name\":\"Orchestras Canada\\\/Orchestres Canada\",\"description\":\"\",\"publisher\":{\"@id\":\"https:\\\/\\\/oc.ca\\\/en\\\/#organization\"},\"potentialAction\":[{\"@type\":\"SearchAction\",\"target\":{\"@type\":\"EntryPoint\",\"urlTemplate\":\"https:\\\/\\\/oc.ca\\\/en\\\/?s={search_term_string}\"},\"query-input\":{\"@type\":\"PropertyValueSpecification\",\"valueRequired\":true,\"valueName\":\"search_term_string\"}}],\"inLanguage\":\"fr-FR\"},{\"@type\":\"Organization\",\"@id\":\"https:\\\/\\\/oc.ca\\\/en\\\/#organization\",\"name\":\"Orchestras Canada\\\/Orchestres Canada\",\"url\":\"https:\\\/\\\/oc.ca\\\/en\\\/\",\"logo\":{\"@type\":\"ImageObject\",\"inLanguage\":\"fr-FR\",\"@id\":\"https:\\\/\\\/oc.ca\\\/en\\\/#\\\/schema\\\/logo\\\/image\\\/\",\"url\":\"https:\\\/\\\/oc.ca\\\/wp-content\\\/uploads\\\/2019\\\/03\\\/cropped-OC-Logo-800x200-1.png\",\"contentUrl\":\"https:\\\/\\\/oc.ca\\\/wp-content\\\/uploads\\\/2019\\\/03\\\/cropped-OC-Logo-800x200-1.png\",\"width\":400,\"height\":100,\"caption\":\"Orchestras Canada\\\/Orchestres Canada\"},\"image\":{\"@id\":\"https:\\\/\\\/oc.ca\\\/en\\\/#\\\/schema\\\/logo\\\/image\\\/\"}}]}<\/script>\n<!-- \/ Yoast SEO plugin. -->","yoast_head_json":{"title":"Journ\u00e9e 3 : vendredi le 14 juin - Orchestras Canada\/Orchestres Canada","robots":{"index":"index","follow":"follow","max-snippet":"max-snippet:-1","max-image-preview":"max-image-preview:large","max-video-preview":"max-video-preview:-1"},"canonical":"https:\/\/oc.ca\/en\/events\/day-3-june-14\/","og_locale":"fr_FR","og_type":"article","og_title":"Journ\u00e9e 3 : vendredi le 14 juin - Orchestras Canada\/Orchestres Canada","og_description":"Journ\u00e9e num\u00e9rique, 11 juin | Journ\u00e9e 1, 12 juin | Journ\u00e9e 2, 13 juin | Site Web de la conf\u00e9rence nationale 8h30 \u2013 9h30 : Caf\u00e9 et collations Rencontre des orchestres qu\u00e9b\u00e9cois pour discuter des possibilit\u00e9s de d\u00e9fense collective des provinces (facultative). Ordre du jour 9h30 \u2013 10h30 : Discours th\u00e8me,\u00a0Nina Simon OF\/BY\/FOR All. Ressources [&hellip;]","og_url":"https:\/\/oc.ca\/en\/events\/day-3-june-14\/","og_site_name":"Orchestras Canada\/Orchestres Canada","article_modified_time":"2019-08-01T16:40:25+00:00","twitter_card":"summary_large_image","twitter_misc":{"Dur\u00e9e de lecture estim\u00e9e":"1 minute"},"schema":{"@context":"https:\/\/schema.org","@graph":[{"@type":"WebPage","@id":"https:\/\/oc.ca\/en\/events\/day-3-june-14\/","url":"https:\/\/oc.ca\/en\/events\/day-3-june-14\/","name":"Journ\u00e9e 3 : vendredi le 14 juin - Orchestras Canada\/Orchestres Canada","isPartOf":{"@id":"https:\/\/oc.ca\/en\/#website"},"datePublished":"2019-06-08T18:49:59+00:00","dateModified":"2019-08-01T16:40:25+00:00","breadcrumb":{"@id":"https:\/\/oc.ca\/en\/events\/day-3-june-14\/#breadcrumb"},"inLanguage":"fr-FR","potentialAction":[{"@type":"ReadAction","target":["https:\/\/oc.ca\/en\/events\/day-3-june-14\/"]}]},{"@type":"BreadcrumbList","@id":"https:\/\/oc.ca\/en\/events\/day-3-june-14\/#breadcrumb","itemListElement":[{"@type":"ListItem","position":1,"name":"Home","item":"https:\/\/oc.ca\/fr\/"},{"@type":"ListItem","position":2,"name":"\u00c9v\u00e9nements et conf\u00e9rence nationale","item":"https:\/\/oc.ca\/fr\/evenements\/"},{"@type":"ListItem","position":3,"name":"Journ\u00e9e 3 : vendredi le 14 juin"}]},{"@type":"WebSite","@id":"https:\/\/oc.ca\/en\/#website","url":"https:\/\/oc.ca\/en\/","name":"Orchestras Canada\/Orchestres Canada","description":"","publisher":{"@id":"https:\/\/oc.ca\/en\/#organization"},"potentialAction":[{"@type":"SearchAction","target":{"@type":"EntryPoint","urlTemplate":"https:\/\/oc.ca\/en\/?s={search_term_string}"},"query-input":{"@type":"PropertyValueSpecification","valueRequired":true,"valueName":"search_term_string"}}],"inLanguage":"fr-FR"},{"@type":"Organization","@id":"https:\/\/oc.ca\/en\/#organization","name":"Orchestras Canada\/Orchestres Canada","url":"https:\/\/oc.ca\/en\/","logo":{"@type":"ImageObject","inLanguage":"fr-FR","@id":"https:\/\/oc.ca\/en\/#\/schema\/logo\/image\/","url":"https:\/\/oc.ca\/wp-content\/uploads\/2019\/03\/cropped-OC-Logo-800x200-1.png","contentUrl":"https:\/\/oc.ca\/wp-content\/uploads\/2019\/03\/cropped-OC-Logo-800x200-1.png","width":400,"height":100,"caption":"Orchestras Canada\/Orchestres Canada"},"image":{"@id":"https:\/\/oc.ca\/en\/#\/schema\/logo\/image\/"}}]}},"_links":{"self":[{"href":"https:\/\/oc.ca\/fr\/wp-json\/wp\/v2\/pages\/4406","targetHints":{"allow":["GET"]}}],"collection":[{"href":"https:\/\/oc.ca\/fr\/wp-json\/wp\/v2\/pages"}],"about":[{"href":"https:\/\/oc.ca\/fr\/wp-json\/wp\/v2\/types\/page"}],"author":[{"embeddable":true,"href":"https:\/\/oc.ca\/fr\/wp-json\/wp\/v2\/users\/10"}],"replies":[{"embeddable":true,"href":"https:\/\/oc.ca\/fr\/wp-json\/wp\/v2\/comments?post=4406"}],"version-history":[{"count":5,"href":"https:\/\/oc.ca\/fr\/wp-json\/wp\/v2\/pages\/4406\/revisions"}],"predecessor-version":[{"id":4847,"href":"https:\/\/oc.ca\/fr\/wp-json\/wp\/v2\/pages\/4406\/revisions\/4847"}],"up":[{"embeddable":true,"href":"https:\/\/oc.ca\/fr\/wp-json\/wp\/v2\/pages\/1974"}],"wp:attachment":[{"href":"https:\/\/oc.ca\/fr\/wp-json\/wp\/v2\/media?parent=4406"}],"curies":[{"name":"wp","href":"https:\/\/api.w.org\/{rel}","templated":true}]}}