{"id":4385,"date":"2019-06-08T18:37:49","date_gmt":"2019-06-08T18:37:49","guid":{"rendered":"http:\/\/demosite2.asurtec.com\/?page_id=4385"},"modified":"2019-08-01T12:35:23","modified_gmt":"2019-08-01T16:35:23","slug":"journee-1-12-juin","status":"publish","type":"page","link":"https:\/\/oc.ca\/fr\/evenements\/journee-1-12-juin\/","title":{"rendered":"Journ\u00e9e 1 : mercredi le 12 juin"},"content":{"rendered":"<p><em><a href=\"\/fr\/evenements\/journee-numerique-11-juin\/\">Journ\u00e9e num\u00e9rique, 11 juin<\/a> | <a href=\"\/fr\/evenements\/journee-2-13-juin\/\">Journ\u00e9e 2, 13 juin<\/a> | <a href=\"\/fr\/evenements\/journee-3-14-juin\/\">Journ\u00e9e 3, 14 juin<\/a> | <a href=\"\/fr\/conferencenationale\/2019\/\">Site Web de la conf\u00e9rence nationale<\/a><\/em><\/p>\n<h5><strong>9h00 \u2013 10h00 : Enregistrement<\/strong><\/h5>\n<p>Caf\u00e9 et collations disponibles<\/p>\n<h5><strong>10h00 \u2013 11h00 : Ouverture de la conf\u00e9rence<\/strong><\/h5>\n<p>Reconnaissance du territoire par\u00a0<strong>Annie et Robert Smith St-Georges.<\/strong>\u00a0Bienvenue, puis lancement et pr\u00e9sentation du rapport\u00a0<em>L\u2019orchestre retentit\u00a0<\/em>avec les r\u00e9ponses d\u2019Orchestres Canada, men\u00e9s par\u00a0<a href=\"\/fr\/bios\/daniel-bartholomew-poyser\/\">Daniel Bartholomew-Poyser<\/a>.<\/p>\n<p style=\"text-align: center;\"><a href=\"https:\/\/oc.ca\/wp-content\/uploads\/2019\/06\/June-12-1000-Lorchestre-retentit-FR.pdf\"><button class=\"blue-button-medium\">Diapositives<\/button><\/a><\/p>\n<h5><strong>11h00 \u2013 12h00 : Discours th\u00e8me,\u00a0<a href=\"\/fr\/bios\/donna-walker-kuhne\/\">Donna Walker-Kuhne<\/a><\/strong><\/h5>\n<p>Les arts comme moyen de transcender les diff\u00e9rences.<\/p>\n<p style=\"text-align: center;\"><a href=\"https:\/\/oc.ca\/fr\/resource\/les-arts-moyen-transcender-differences\/\"><button class=\"blue-button-medium\">Ressources<\/button><\/a><\/p>\n<p><em>L\u2019interpr\u00e9tation simultan\u00e9e \u00e0 cette s\u00e9ance est financ\u00e9e en partie par le gouvernement du Canada.<\/em><\/p>\n<h5><strong>12h00 \u2013 14h00 : D\u00eener et visite guid\u00e9e<\/strong><\/h5>\n<p>D\u00eener et visite guid\u00e9e avec l\u2019\u00e9quipe de conception centr\u00e9e sur les r\u00e9novations effectu\u00e9es au Centre national des arts et \u00e0 la salle Southam. Commandit\u00e9 par\u00a0<a href=\"https:\/\/thresholdacoustics.com\/\">Threshold Acoustics<\/a><\/p>\n<h5><strong>13h00 \u2013 16h00 : Ateliers et discussions. Concevoir pour le 21e si\u00e8cle\u2026<\/strong><\/h5>\n<p><strong>La gouvernance :\u00a0<\/strong>Le genre, la race, la classe sociale, la sexualit\u00e9, l\u2019\u00e2ge, l\u2019habilet\u00e9 \u2013 on entend beaucoup parler de la diversit\u00e9 qui existe au Canada, mais comment fait-on pour cr\u00e9er une culture d\u2019inclusion et s\u2019ouvrir \u00e0 la diversit\u00e9 au niveau du conseil?\u00a0<a href=\"https:\/\/oc.ca\/bios\/cathy-winter\/\">Cathy Winter<\/a> d\u2019OnBoard Canada anime cet atelier destin\u00e9 aux membres du conseil et du personnel sur la strat\u00e9gie et la mise en pratique de la gouvernance et du leadership inclusifs dans le secteur sans but lucratif.<\/p>\n<p style=\"text-align: center;\"><a href=\"https:\/\/oc.ca\/fr\/resource\/leadership-inclusif-gouvernance\/\"><button class=\"blue-button-medium\">Guide<\/button><\/a><\/p>\n<p><strong>Les publics :\u00a0<\/strong>Atelier destin\u00e9 aux sp\u00e9cialistes du marketing dans les arts sur les mani\u00e8res d\u2019identifier et de rejoindre les divers publics, ainsi que de leur vendre un produit, avec\u00a0<a href=\"\/fr\/bios\/donna-walker-kuhne\/\">Donna Walker-Kuhne.<\/a><\/p>\n<p style=\"text-align: center;\"><a href=\"https:\/\/oc.ca\/fr\/resource\/dix-outils-publics-diversifies\/\"><button class=\"blue-button-medium\">Ressources<\/button><\/a><\/p>\n<p><strong>La culture organisationnelle Intentionnel ou accidentel?\u00a0<\/strong><a href=\"\/fr\/bios\/ken-macleod\/\">Ken MacLeod<\/a>\u00a0(Sistema Nouveau-Brunswick\/Orchestre des jeunes du Nouveau-Brunswick) et l\u2019experte en RH dans les arts <a href=\"\/fr\/bios\/jeanne-lesage\/\">Jeanne LeSage<\/a> examineront pourquoi la culture organisationnelle est importante et comment b\u00e2tir et transmettre consciemment une culture pour appuyer la mission de votre orchestre.<\/p>\n<p style=\"text-align: center;\"><a href=\"https:\/\/oc.ca\/wp-content\/uploads\/2019\/06\/Ken-M-Organizational-Culture-FR.pdf\"><button class=\"blue-button-medium\">Diapositives de Ken<\/button><\/a> <a href=\"https:\/\/oc.ca\/wp-content\/uploads\/2019\/06\/Jeanne-L-Organizational-Culture-FR.pdf\"><button class=\"blue-button-medium\">Diapositives de Jeanne<\/button><\/a><\/p>\n<p><strong>La programmation : qu\u2019est-ce que le chant autochtone ?\u00a0<\/strong>Nous avons beaucoup entendu parler d\u2019appropriation culturelle \u2013 mais pourquoi cette discussion est-elle si importante ? Discussion entre experts et atelier, anim\u00e9e par Dr.\u00a0<a href=\"\/fr\/bios\/dylan-robinson\/\">Dylan Robinson,<\/a>\u00a0avec invit\u00e9s\u00a0<a href=\"\/fr\/bios\/cheryl-lhirondelle\/\">Cheryl L\u2019Hirondelle\u00a0<\/a>et Rasentonkwa Tarbell.<\/p>\n<h5><strong>16h00 \u2013 16h30 : Pause-caf\u00e9<\/strong><\/h5>\n<p>Commandit\u00e9 par\u00a0<a href=\"https:\/\/vendini.com\/\">Vendini.<\/a><\/p>\n<h5><strong>16h30 \u2013 18h00 : Perspectives sur Louis Riel<\/strong><\/h5>\n<p><a href=\"\/fr\/bios\/dylan-robinson\/\">Dr. Dylan Robinson<\/a>\u00a0animera une discussion entre experts sur la controverse Louis Riel englobant les vues d\u2019<a href=\"\/fr\/bios\/ian-cusson\/\">Ian Cusson<\/a>\u00a0(compositeur Carrefour de l\u2019Orchestre du Centre national des arts), de\u00a0<a href=\"\/fr\/bios\/jani-lauzon\/\">Jani Lauzon<\/a>\u00a0(artiste multidisciplinaire), et d\u2019<a href=\"\/fr\/bios\/alexander-neef\/\">Alexander Neef<\/a>\u00a0(directeur general, Canadian Opera Company).<\/p>\n<p><em>L\u2019interpr\u00e9tation simultan\u00e9e \u00e0 cette s\u00e9ance est financ\u00e9e en partie par le gouvernement du Canada.<\/em><\/p>\n<h5><strong>20h00 : Le Figaro de Mozart en concert<\/strong><\/h5>\n<p><em><a href=\"\/fr\/evenements\/journee-numerique-11-juin\/\">Journ\u00e9e num\u00e9rique, 11 juin<\/a> | <a href=\"\/fr\/evenements\/journee-2-13-juin\/\">Journ\u00e9e 2, 13 juin<\/a> | <a href=\"\/fr\/evenements\/journee-3-14-juin\/\">Journ\u00e9e 3, 14 juin<\/a> | <a href=\"\/fr\/conferencenationale\/2019\/\">Site Web de la conf\u00e9rence nationale<\/a><\/em><\/p>\n","protected":false},"excerpt":{"rendered":"<p>Journ\u00e9e num\u00e9rique, 11 juin | Journ\u00e9e 2, 13 juin | Journ\u00e9e 3, 14 juin | Site Web de la conf\u00e9rence nationale 9h00 \u2013 10h00 : Enregistrement Caf\u00e9 et collations disponibles 10h00 \u2013 11h00 : Ouverture de la conf\u00e9rence Reconnaissance du territoire par\u00a0Annie et Robert Smith St-Georges.\u00a0Bienvenue, puis lancement et pr\u00e9sentation du rapport\u00a0L\u2019orchestre retentit\u00a0avec les r\u00e9ponses [&hellip;]<\/p>\n","protected":false},"author":10,"featured_media":0,"parent":1974,"menu_order":0,"comment_status":"closed","ping_status":"closed","template":"","meta":{"_acf_changed":false,"_monsterinsights_skip_tracking":false,"_monsterinsights_sitenote_active":false,"_monsterinsights_sitenote_note":"","_monsterinsights_sitenote_category":0,"footnotes":""},"class_list":["post-4385","page","type-page","status-publish","hentry"],"acf":[],"yoast_head":"<!-- This site is optimized with the Yoast SEO plugin v27.3 - https:\/\/yoast.com\/product\/yoast-seo-wordpress\/ -->\n<title>Journ\u00e9e 1 : mercredi le 12 juin - Orchestras Canada\/Orchestres Canada<\/title>\n<meta name=\"robots\" content=\"index, follow, max-snippet:-1, max-image-preview:large, max-video-preview:-1\" \/>\n<link rel=\"canonical\" href=\"https:\/\/oc.ca\/fr\/evenements\/journee-1-12-juin\/\" \/>\n<meta property=\"og:locale\" content=\"fr_FR\" \/>\n<meta property=\"og:type\" content=\"article\" \/>\n<meta property=\"og:title\" content=\"Journ\u00e9e 1 : mercredi le 12 juin - Orchestras Canada\/Orchestres Canada\" \/>\n<meta property=\"og:description\" content=\"Journ\u00e9e num\u00e9rique, 11 juin | Journ\u00e9e 2, 13 juin | Journ\u00e9e 3, 14 juin | Site Web de la conf\u00e9rence nationale 9h00 \u2013 10h00 : Enregistrement Caf\u00e9 et collations disponibles 10h00 \u2013 11h00 : Ouverture de la conf\u00e9rence Reconnaissance du territoire par\u00a0Annie et Robert Smith St-Georges.\u00a0Bienvenue, puis lancement et pr\u00e9sentation du rapport\u00a0L\u2019orchestre retentit\u00a0avec les r\u00e9ponses [&hellip;]\" \/>\n<meta property=\"og:url\" content=\"https:\/\/oc.ca\/fr\/evenements\/journee-1-12-juin\/\" \/>\n<meta property=\"og:site_name\" content=\"Orchestras Canada\/Orchestres Canada\" \/>\n<meta property=\"article:modified_time\" content=\"2019-08-01T16:35:23+00:00\" \/>\n<meta name=\"twitter:card\" content=\"summary_large_image\" \/>\n<meta name=\"twitter:label1\" content=\"Dur\u00e9e de lecture estim\u00e9e\" \/>\n\t<meta name=\"twitter:data1\" content=\"2 minutes\" \/>\n<script type=\"application\/ld+json\" class=\"yoast-schema-graph\">{\"@context\":\"https:\\\/\\\/schema.org\",\"@graph\":[{\"@type\":\"WebPage\",\"@id\":\"https:\\\/\\\/oc.ca\\\/fr\\\/evenements\\\/journee-1-12-juin\\\/\",\"url\":\"https:\\\/\\\/oc.ca\\\/fr\\\/evenements\\\/journee-1-12-juin\\\/\",\"name\":\"Journ\u00e9e 1 : mercredi le 12 juin - Orchestras Canada\\\/Orchestres Canada\",\"isPartOf\":{\"@id\":\"https:\\\/\\\/oc.ca\\\/en\\\/#website\"},\"datePublished\":\"2019-06-08T18:37:49+00:00\",\"dateModified\":\"2019-08-01T16:35:23+00:00\",\"breadcrumb\":{\"@id\":\"https:\\\/\\\/oc.ca\\\/fr\\\/evenements\\\/journee-1-12-juin\\\/#breadcrumb\"},\"inLanguage\":\"fr-FR\",\"potentialAction\":[{\"@type\":\"ReadAction\",\"target\":[\"https:\\\/\\\/oc.ca\\\/fr\\\/evenements\\\/journee-1-12-juin\\\/\"]}]},{\"@type\":\"BreadcrumbList\",\"@id\":\"https:\\\/\\\/oc.ca\\\/fr\\\/evenements\\\/journee-1-12-juin\\\/#breadcrumb\",\"itemListElement\":[{\"@type\":\"ListItem\",\"position\":1,\"name\":\"Home\",\"item\":\"https:\\\/\\\/oc.ca\\\/fr\\\/\"},{\"@type\":\"ListItem\",\"position\":2,\"name\":\"\u00c9v\u00e9nements et conf\u00e9rence nationale\",\"item\":\"https:\\\/\\\/oc.ca\\\/fr\\\/evenements\\\/\"},{\"@type\":\"ListItem\",\"position\":3,\"name\":\"Journ\u00e9e 1 : mercredi le 12 juin\"}]},{\"@type\":\"WebSite\",\"@id\":\"https:\\\/\\\/oc.ca\\\/en\\\/#website\",\"url\":\"https:\\\/\\\/oc.ca\\\/en\\\/\",\"name\":\"Orchestras Canada\\\/Orchestres Canada\",\"description\":\"\",\"publisher\":{\"@id\":\"https:\\\/\\\/oc.ca\\\/en\\\/#organization\"},\"potentialAction\":[{\"@type\":\"SearchAction\",\"target\":{\"@type\":\"EntryPoint\",\"urlTemplate\":\"https:\\\/\\\/oc.ca\\\/en\\\/?s={search_term_string}\"},\"query-input\":{\"@type\":\"PropertyValueSpecification\",\"valueRequired\":true,\"valueName\":\"search_term_string\"}}],\"inLanguage\":\"fr-FR\"},{\"@type\":\"Organization\",\"@id\":\"https:\\\/\\\/oc.ca\\\/en\\\/#organization\",\"name\":\"Orchestras Canada\\\/Orchestres Canada\",\"url\":\"https:\\\/\\\/oc.ca\\\/en\\\/\",\"logo\":{\"@type\":\"ImageObject\",\"inLanguage\":\"fr-FR\",\"@id\":\"https:\\\/\\\/oc.ca\\\/en\\\/#\\\/schema\\\/logo\\\/image\\\/\",\"url\":\"https:\\\/\\\/oc.ca\\\/wp-content\\\/uploads\\\/2019\\\/03\\\/cropped-OC-Logo-800x200-1.png\",\"contentUrl\":\"https:\\\/\\\/oc.ca\\\/wp-content\\\/uploads\\\/2019\\\/03\\\/cropped-OC-Logo-800x200-1.png\",\"width\":400,\"height\":100,\"caption\":\"Orchestras Canada\\\/Orchestres Canada\"},\"image\":{\"@id\":\"https:\\\/\\\/oc.ca\\\/en\\\/#\\\/schema\\\/logo\\\/image\\\/\"}}]}<\/script>\n<!-- \/ Yoast SEO plugin. -->","yoast_head_json":{"title":"Journ\u00e9e 1 : mercredi le 12 juin - Orchestras Canada\/Orchestres Canada","robots":{"index":"index","follow":"follow","max-snippet":"max-snippet:-1","max-image-preview":"max-image-preview:large","max-video-preview":"max-video-preview:-1"},"canonical":"https:\/\/oc.ca\/fr\/evenements\/journee-1-12-juin\/","og_locale":"fr_FR","og_type":"article","og_title":"Journ\u00e9e 1 : mercredi le 12 juin - Orchestras Canada\/Orchestres Canada","og_description":"Journ\u00e9e num\u00e9rique, 11 juin | Journ\u00e9e 2, 13 juin | Journ\u00e9e 3, 14 juin | Site Web de la conf\u00e9rence nationale 9h00 \u2013 10h00 : Enregistrement Caf\u00e9 et collations disponibles 10h00 \u2013 11h00 : Ouverture de la conf\u00e9rence Reconnaissance du territoire par\u00a0Annie et Robert Smith St-Georges.\u00a0Bienvenue, puis lancement et pr\u00e9sentation du rapport\u00a0L\u2019orchestre retentit\u00a0avec les r\u00e9ponses [&hellip;]","og_url":"https:\/\/oc.ca\/fr\/evenements\/journee-1-12-juin\/","og_site_name":"Orchestras Canada\/Orchestres Canada","article_modified_time":"2019-08-01T16:35:23+00:00","twitter_card":"summary_large_image","twitter_misc":{"Dur\u00e9e de lecture estim\u00e9e":"2 minutes"},"schema":{"@context":"https:\/\/schema.org","@graph":[{"@type":"WebPage","@id":"https:\/\/oc.ca\/fr\/evenements\/journee-1-12-juin\/","url":"https:\/\/oc.ca\/fr\/evenements\/journee-1-12-juin\/","name":"Journ\u00e9e 1 : mercredi le 12 juin - Orchestras Canada\/Orchestres Canada","isPartOf":{"@id":"https:\/\/oc.ca\/en\/#website"},"datePublished":"2019-06-08T18:37:49+00:00","dateModified":"2019-08-01T16:35:23+00:00","breadcrumb":{"@id":"https:\/\/oc.ca\/fr\/evenements\/journee-1-12-juin\/#breadcrumb"},"inLanguage":"fr-FR","potentialAction":[{"@type":"ReadAction","target":["https:\/\/oc.ca\/fr\/evenements\/journee-1-12-juin\/"]}]},{"@type":"BreadcrumbList","@id":"https:\/\/oc.ca\/fr\/evenements\/journee-1-12-juin\/#breadcrumb","itemListElement":[{"@type":"ListItem","position":1,"name":"Home","item":"https:\/\/oc.ca\/fr\/"},{"@type":"ListItem","position":2,"name":"\u00c9v\u00e9nements et conf\u00e9rence nationale","item":"https:\/\/oc.ca\/fr\/evenements\/"},{"@type":"ListItem","position":3,"name":"Journ\u00e9e 1 : mercredi le 12 juin"}]},{"@type":"WebSite","@id":"https:\/\/oc.ca\/en\/#website","url":"https:\/\/oc.ca\/en\/","name":"Orchestras Canada\/Orchestres Canada","description":"","publisher":{"@id":"https:\/\/oc.ca\/en\/#organization"},"potentialAction":[{"@type":"SearchAction","target":{"@type":"EntryPoint","urlTemplate":"https:\/\/oc.ca\/en\/?s={search_term_string}"},"query-input":{"@type":"PropertyValueSpecification","valueRequired":true,"valueName":"search_term_string"}}],"inLanguage":"fr-FR"},{"@type":"Organization","@id":"https:\/\/oc.ca\/en\/#organization","name":"Orchestras Canada\/Orchestres Canada","url":"https:\/\/oc.ca\/en\/","logo":{"@type":"ImageObject","inLanguage":"fr-FR","@id":"https:\/\/oc.ca\/en\/#\/schema\/logo\/image\/","url":"https:\/\/oc.ca\/wp-content\/uploads\/2019\/03\/cropped-OC-Logo-800x200-1.png","contentUrl":"https:\/\/oc.ca\/wp-content\/uploads\/2019\/03\/cropped-OC-Logo-800x200-1.png","width":400,"height":100,"caption":"Orchestras Canada\/Orchestres Canada"},"image":{"@id":"https:\/\/oc.ca\/en\/#\/schema\/logo\/image\/"}}]}},"_links":{"self":[{"href":"https:\/\/oc.ca\/fr\/wp-json\/wp\/v2\/pages\/4385","targetHints":{"allow":["GET"]}}],"collection":[{"href":"https:\/\/oc.ca\/fr\/wp-json\/wp\/v2\/pages"}],"about":[{"href":"https:\/\/oc.ca\/fr\/wp-json\/wp\/v2\/types\/page"}],"author":[{"embeddable":true,"href":"https:\/\/oc.ca\/fr\/wp-json\/wp\/v2\/users\/10"}],"replies":[{"embeddable":true,"href":"https:\/\/oc.ca\/fr\/wp-json\/wp\/v2\/comments?post=4385"}],"version-history":[{"count":5,"href":"https:\/\/oc.ca\/fr\/wp-json\/wp\/v2\/pages\/4385\/revisions"}],"predecessor-version":[{"id":4844,"href":"https:\/\/oc.ca\/fr\/wp-json\/wp\/v2\/pages\/4385\/revisions\/4844"}],"up":[{"embeddable":true,"href":"https:\/\/oc.ca\/fr\/wp-json\/wp\/v2\/pages\/1974"}],"wp:attachment":[{"href":"https:\/\/oc.ca\/fr\/wp-json\/wp\/v2\/media?parent=4385"}],"curies":[{"name":"wp","href":"https:\/\/api.w.org\/{rel}","templated":true}]}}