{"id":4383,"date":"2019-06-08T18:34:20","date_gmt":"2019-06-08T18:34:20","guid":{"rendered":"http:\/\/demosite2.asurtec.com\/?page_id=4383"},"modified":"2019-08-07T10:28:42","modified_gmt":"2019-08-07T14:28:42","slug":"journee-numerique-11-juin","status":"publish","type":"page","link":"https:\/\/oc.ca\/fr\/evenements\/journee-numerique-11-juin\/","title":{"rendered":"Journ\u00e9e num\u00e9rique : mardi le 11 juin"},"content":{"rendered":"<p><em><a href=\"\/fr\/evenements\/journee-1-12-juin\/\">Journ\u00e9e 1, 12 juin<\/a> | <a href=\"\/fr\/evenements\/journee-2-13-juin\/\">Journ\u00e9e 2, 13 juin<\/a> | <a href=\"\/fr\/evenements\/journee-3-14-juin\/\">Journ\u00e9e 3, 14 juin<\/a> | <a href=\"\/fr\/conferencenationale\/2019\/\">Site Web de la conf\u00e9rence nationale<\/a><\/em><\/p>\n<h5><strong>13h00 \u2013 17h00 : Atelier pr\u00e9-conf\u00e9rence sur la strat\u00e9gie num\u00e9rique<\/strong><\/h5>\n<p>Joignez-vous \u00e0\u00a0<a href=\"\/fr\/bios\/fiona-morris\/\">Fiona Morris<\/a>\u00a0et \u00e0\u00a0<a href=\"\/fr\/bios\/john-white\/\">John White<\/a>\u00a0de\u00a0<a href=\"https:\/\/orchestrascanada.us18.list-manage.com\/track\/click?u=50f6cc7b717918dc43438489c&amp;id=cc18110778&amp;e=6ecb9f84d0\" target=\"_blank\" rel=\"noopener noreferrer\" data-saferedirecturl=\"https:\/\/www.google.com\/url?q=https:\/\/orchestrascanada.us18.list-manage.com\/track\/click?u%3D50f6cc7b717918dc43438489c%26id%3Dcc18110778%26e%3D6ecb9f84d0&amp;source=gmail&amp;ust=1556042251202000&amp;usg=AFQjCNHuq73Hh1tv1E4T6vxvu-WLaAe5Sg\">The Space<\/a>\u00a0qui animeront une s\u00e9ance dynamique et interactive o\u00f9 vous mettrez la main \u00e0 la p\u00e2te afin d\u2019int\u00e9grer vos plans strat\u00e9gies et d\u2019affaires \u00e0 votre strat\u00e9gie num\u00e9rique.<\/p>\n<p style=\"text-align: center;\"><a href=\"https:\/\/oc.ca\/fr\/resource\/planification-strategie-numerique\/\"><button class=\"blue-button-medium\">Ressources<\/button><\/a><\/p>\n<h5><strong>16h00 \u2013 17h00 : Visite num\u00e9rique du CNA<\/strong><\/h5>\n<p>Jason Westerlund, cr\u00e9ateur principal du design num\u00e9rique au CNA m\u00e8nera une visite sp\u00e9ciale centr\u00e9e sur la r\u00e9novation r\u00e9cente du CNA. Cette visite informelle explorera comment l\u2019intersection entre l\u2019art, le design et la technologie transforme le CNA en une institution plus num\u00e9rique et accueillante.<\/p>\n<h5><strong>20h00 : Accueil informel<\/strong><\/h5>\n<p>Bier Markt, 156 rue Sparks, Ottawa.<\/p>\n<p><em><a href=\"\/fr\/evenements\/journee-1-12-juin\/\">Journ\u00e9e 1, 12 juin<\/a> | <a href=\"\/fr\/evenements\/journee-2-13-juin\/\">Journ\u00e9e 2, 13 juin<\/a> | <a href=\"\/fr\/evenements\/journee-3-14-juin\/\">Journ\u00e9e 3, 14 juin<\/a> | <a href=\"\/fr\/conferencenationale\/2019\/\">Site Web de la conf\u00e9rence nationale<\/a><\/em><\/p>\n","protected":false},"excerpt":{"rendered":"<p>Journ\u00e9e 1, 12 juin | Journ\u00e9e 2, 13 juin | Journ\u00e9e 3, 14 juin | Site Web de la conf\u00e9rence nationale 13h00 \u2013 17h00 : Atelier pr\u00e9-conf\u00e9rence sur la strat\u00e9gie num\u00e9rique Joignez-vous \u00e0\u00a0Fiona Morris\u00a0et \u00e0\u00a0John White\u00a0de\u00a0The Space\u00a0qui animeront une s\u00e9ance dynamique et interactive o\u00f9 vous mettrez la main \u00e0 la p\u00e2te afin d\u2019int\u00e9grer vos plans [&hellip;]<\/p>\n","protected":false},"author":10,"featured_media":0,"parent":1974,"menu_order":0,"comment_status":"closed","ping_status":"closed","template":"","meta":{"_acf_changed":false,"_monsterinsights_skip_tracking":false,"_monsterinsights_sitenote_active":false,"_monsterinsights_sitenote_note":"","_monsterinsights_sitenote_category":0,"footnotes":""},"class_list":["post-4383","page","type-page","status-publish","hentry"],"acf":[],"yoast_head":"<!-- This site is optimized with the Yoast SEO plugin v25.4 - https:\/\/yoast.com\/wordpress\/plugins\/seo\/ -->\n<title>Journ\u00e9e num\u00e9rique : mardi le 11 juin - Orchestras Canada\/Orchestres Canada<\/title>\n<meta name=\"robots\" content=\"index, follow, max-snippet:-1, max-image-preview:large, max-video-preview:-1\" \/>\n<link rel=\"canonical\" href=\"https:\/\/oc.ca\/en\/events\/digital-day-june-11\/\" \/>\n<meta property=\"og:locale\" content=\"fr_FR\" \/>\n<meta property=\"og:type\" content=\"article\" \/>\n<meta property=\"og:title\" content=\"Journ\u00e9e num\u00e9rique : mardi le 11 juin - Orchestras Canada\/Orchestres Canada\" \/>\n<meta property=\"og:description\" content=\"Journ\u00e9e 1, 12 juin | Journ\u00e9e 2, 13 juin | Journ\u00e9e 3, 14 juin | Site Web de la conf\u00e9rence nationale 13h00 \u2013 17h00 : Atelier pr\u00e9-conf\u00e9rence sur la strat\u00e9gie num\u00e9rique Joignez-vous \u00e0\u00a0Fiona Morris\u00a0et \u00e0\u00a0John White\u00a0de\u00a0The Space\u00a0qui animeront une s\u00e9ance dynamique et interactive o\u00f9 vous mettrez la main \u00e0 la p\u00e2te afin d\u2019int\u00e9grer vos plans [&hellip;]\" \/>\n<meta property=\"og:url\" content=\"https:\/\/oc.ca\/en\/events\/digital-day-june-11\/\" \/>\n<meta property=\"og:site_name\" content=\"Orchestras Canada\/Orchestres Canada\" \/>\n<meta property=\"article:modified_time\" content=\"2019-08-07T14:28:42+00:00\" \/>\n<meta name=\"twitter:card\" content=\"summary_large_image\" \/>\n<meta name=\"twitter:label1\" content=\"Dur\u00e9e de lecture estim\u00e9e\" \/>\n\t<meta name=\"twitter:data1\" content=\"1 minute\" \/>\n<script type=\"application\/ld+json\" class=\"yoast-schema-graph\">{\"@context\":\"https:\/\/schema.org\",\"@graph\":[{\"@type\":\"WebPage\",\"@id\":\"https:\/\/oc.ca\/en\/events\/digital-day-june-11\/\",\"url\":\"https:\/\/oc.ca\/en\/events\/digital-day-june-11\/\",\"name\":\"Journ\u00e9e num\u00e9rique : mardi le 11 juin - Orchestras Canada\/Orchestres Canada\",\"isPartOf\":{\"@id\":\"https:\/\/oc.ca\/en\/#website\"},\"datePublished\":\"2019-06-08T18:34:20+00:00\",\"dateModified\":\"2019-08-07T14:28:42+00:00\",\"breadcrumb\":{\"@id\":\"https:\/\/oc.ca\/en\/events\/digital-day-june-11\/#breadcrumb\"},\"inLanguage\":\"fr-FR\",\"potentialAction\":[{\"@type\":\"ReadAction\",\"target\":[\"https:\/\/oc.ca\/en\/events\/digital-day-june-11\/\"]}]},{\"@type\":\"BreadcrumbList\",\"@id\":\"https:\/\/oc.ca\/en\/events\/digital-day-june-11\/#breadcrumb\",\"itemListElement\":[{\"@type\":\"ListItem\",\"position\":1,\"name\":\"Home\",\"item\":\"https:\/\/oc.ca\/fr\/\"},{\"@type\":\"ListItem\",\"position\":2,\"name\":\"\u00c9v\u00e9nements et conf\u00e9rence nationale\",\"item\":\"https:\/\/oc.ca\/fr\/evenements\/\"},{\"@type\":\"ListItem\",\"position\":3,\"name\":\"Journ\u00e9e num\u00e9rique : mardi le 11 juin\"}]},{\"@type\":\"WebSite\",\"@id\":\"https:\/\/oc.ca\/en\/#website\",\"url\":\"https:\/\/oc.ca\/en\/\",\"name\":\"Orchestras Canada\/Orchestres Canada\",\"description\":\"\",\"publisher\":{\"@id\":\"https:\/\/oc.ca\/en\/#organization\"},\"potentialAction\":[{\"@type\":\"SearchAction\",\"target\":{\"@type\":\"EntryPoint\",\"urlTemplate\":\"https:\/\/oc.ca\/en\/?s={search_term_string}\"},\"query-input\":{\"@type\":\"PropertyValueSpecification\",\"valueRequired\":true,\"valueName\":\"search_term_string\"}}],\"inLanguage\":\"fr-FR\"},{\"@type\":\"Organization\",\"@id\":\"https:\/\/oc.ca\/en\/#organization\",\"name\":\"Orchestras Canada\/Orchestres Canada\",\"url\":\"https:\/\/oc.ca\/en\/\",\"logo\":{\"@type\":\"ImageObject\",\"inLanguage\":\"fr-FR\",\"@id\":\"https:\/\/oc.ca\/en\/#\/schema\/logo\/image\/\",\"url\":\"https:\/\/oc.ca\/wp-content\/uploads\/2019\/03\/cropped-OC-Logo-800x200-1.png\",\"contentUrl\":\"https:\/\/oc.ca\/wp-content\/uploads\/2019\/03\/cropped-OC-Logo-800x200-1.png\",\"width\":400,\"height\":100,\"caption\":\"Orchestras Canada\/Orchestres Canada\"},\"image\":{\"@id\":\"https:\/\/oc.ca\/en\/#\/schema\/logo\/image\/\"}}]}<\/script>\n<!-- \/ Yoast SEO plugin. -->","yoast_head_json":{"title":"Journ\u00e9e num\u00e9rique : mardi le 11 juin - Orchestras Canada\/Orchestres Canada","robots":{"index":"index","follow":"follow","max-snippet":"max-snippet:-1","max-image-preview":"max-image-preview:large","max-video-preview":"max-video-preview:-1"},"canonical":"https:\/\/oc.ca\/en\/events\/digital-day-june-11\/","og_locale":"fr_FR","og_type":"article","og_title":"Journ\u00e9e num\u00e9rique : mardi le 11 juin - Orchestras Canada\/Orchestres Canada","og_description":"Journ\u00e9e 1, 12 juin | Journ\u00e9e 2, 13 juin | Journ\u00e9e 3, 14 juin | Site Web de la conf\u00e9rence nationale 13h00 \u2013 17h00 : Atelier pr\u00e9-conf\u00e9rence sur la strat\u00e9gie num\u00e9rique Joignez-vous \u00e0\u00a0Fiona Morris\u00a0et \u00e0\u00a0John White\u00a0de\u00a0The Space\u00a0qui animeront une s\u00e9ance dynamique et interactive o\u00f9 vous mettrez la main \u00e0 la p\u00e2te afin d\u2019int\u00e9grer vos plans [&hellip;]","og_url":"https:\/\/oc.ca\/en\/events\/digital-day-june-11\/","og_site_name":"Orchestras Canada\/Orchestres Canada","article_modified_time":"2019-08-07T14:28:42+00:00","twitter_card":"summary_large_image","twitter_misc":{"Dur\u00e9e de lecture estim\u00e9e":"1 minute"},"schema":{"@context":"https:\/\/schema.org","@graph":[{"@type":"WebPage","@id":"https:\/\/oc.ca\/en\/events\/digital-day-june-11\/","url":"https:\/\/oc.ca\/en\/events\/digital-day-june-11\/","name":"Journ\u00e9e num\u00e9rique : mardi le 11 juin - Orchestras Canada\/Orchestres Canada","isPartOf":{"@id":"https:\/\/oc.ca\/en\/#website"},"datePublished":"2019-06-08T18:34:20+00:00","dateModified":"2019-08-07T14:28:42+00:00","breadcrumb":{"@id":"https:\/\/oc.ca\/en\/events\/digital-day-june-11\/#breadcrumb"},"inLanguage":"fr-FR","potentialAction":[{"@type":"ReadAction","target":["https:\/\/oc.ca\/en\/events\/digital-day-june-11\/"]}]},{"@type":"BreadcrumbList","@id":"https:\/\/oc.ca\/en\/events\/digital-day-june-11\/#breadcrumb","itemListElement":[{"@type":"ListItem","position":1,"name":"Home","item":"https:\/\/oc.ca\/fr\/"},{"@type":"ListItem","position":2,"name":"\u00c9v\u00e9nements et conf\u00e9rence nationale","item":"https:\/\/oc.ca\/fr\/evenements\/"},{"@type":"ListItem","position":3,"name":"Journ\u00e9e num\u00e9rique : mardi le 11 juin"}]},{"@type":"WebSite","@id":"https:\/\/oc.ca\/en\/#website","url":"https:\/\/oc.ca\/en\/","name":"Orchestras Canada\/Orchestres Canada","description":"","publisher":{"@id":"https:\/\/oc.ca\/en\/#organization"},"potentialAction":[{"@type":"SearchAction","target":{"@type":"EntryPoint","urlTemplate":"https:\/\/oc.ca\/en\/?s={search_term_string}"},"query-input":{"@type":"PropertyValueSpecification","valueRequired":true,"valueName":"search_term_string"}}],"inLanguage":"fr-FR"},{"@type":"Organization","@id":"https:\/\/oc.ca\/en\/#organization","name":"Orchestras Canada\/Orchestres Canada","url":"https:\/\/oc.ca\/en\/","logo":{"@type":"ImageObject","inLanguage":"fr-FR","@id":"https:\/\/oc.ca\/en\/#\/schema\/logo\/image\/","url":"https:\/\/oc.ca\/wp-content\/uploads\/2019\/03\/cropped-OC-Logo-800x200-1.png","contentUrl":"https:\/\/oc.ca\/wp-content\/uploads\/2019\/03\/cropped-OC-Logo-800x200-1.png","width":400,"height":100,"caption":"Orchestras Canada\/Orchestres Canada"},"image":{"@id":"https:\/\/oc.ca\/en\/#\/schema\/logo\/image\/"}}]}},"_links":{"self":[{"href":"https:\/\/oc.ca\/fr\/wp-json\/wp\/v2\/pages\/4383","targetHints":{"allow":["GET"]}}],"collection":[{"href":"https:\/\/oc.ca\/fr\/wp-json\/wp\/v2\/pages"}],"about":[{"href":"https:\/\/oc.ca\/fr\/wp-json\/wp\/v2\/types\/page"}],"author":[{"embeddable":true,"href":"https:\/\/oc.ca\/fr\/wp-json\/wp\/v2\/users\/10"}],"replies":[{"embeddable":true,"href":"https:\/\/oc.ca\/fr\/wp-json\/wp\/v2\/comments?post=4383"}],"version-history":[{"count":5,"href":"https:\/\/oc.ca\/fr\/wp-json\/wp\/v2\/pages\/4383\/revisions"}],"predecessor-version":[{"id":4863,"href":"https:\/\/oc.ca\/fr\/wp-json\/wp\/v2\/pages\/4383\/revisions\/4863"}],"up":[{"embeddable":true,"href":"https:\/\/oc.ca\/fr\/wp-json\/wp\/v2\/pages\/1974"}],"wp:attachment":[{"href":"https:\/\/oc.ca\/fr\/wp-json\/wp\/v2\/media?parent=4383"}],"curies":[{"name":"wp","href":"https:\/\/api.w.org\/{rel}","templated":true}]}}