{"id":4366,"date":"2019-06-07T13:29:37","date_gmt":"2019-06-07T13:29:37","guid":{"rendered":"http:\/\/demosite2.asurtec.com\/?page_id=4366"},"modified":"2019-08-01T12:39:30","modified_gmt":"2019-08-01T16:39:30","slug":"journee-des-orchestres-a-petit-budget","status":"publish","type":"page","link":"https:\/\/oc.ca\/fr\/evenements\/journee-des-orchestres-a-petit-budget\/","title":{"rendered":"Conf\u00e9rence 2019 : Journ\u00e9e des orchestres \u00e0 petit budget"},"content":{"rendered":"<h5><strong>9h00 \u2013 10h00 Enregistrement, caf\u00e9 et collations<\/strong><\/h5>\n<p>Pause-caf\u00e9 commandit\u00e9 par <a href=\"http:\/\/honens.com\/\">Honens<\/a>.<\/p>\n<h5><strong>10h00 \u2013 14h00 Atelier pour les orchestres \u00e0 petit budget<\/strong><\/h5>\n<ul>\n<li><strong>10h00 : <\/strong>Bienvenue et introductions<\/li>\n<li><strong>10h30 : <\/strong>Comment \u00e9liminer les mythes et personnaliser votre strat\u00e9gie de lev\u00e9e de fonds. Jerry Smith, directeur g\u00e9n\u00e9ral, First Stage Arts Consultants.<\/li>\n<li><strong>11h00 :<\/strong> \u00c9viter le d\u00e9sastre : sept aspects \u00e0 surveiller. Steve Smith, statisticien, Orchestras Canada<\/li>\n<li><strong>11h30 : <\/strong>Soutenir un orchestre communautaire : \u00e9change d&#8217;id\u00e9es anim\u00e9 par Katherine Carleton, Orchestres Canada<\/li>\n<li><strong>12h00 :<\/strong> D\u00eener et r\u00e9seautage<\/li>\n<li><strong>12h45 : <\/strong>Qu&#8217;est-ce qui fait une bonne proposition de financement ? Questions et r\u00e9ponses avec un invit\u00e9 qui en a vu beaucoup !<\/li>\n<li><strong>13h15 :<\/strong> Les ressources humaines et comment faire beaucoup avec peu. Jeanne LeSage, LeSage Arts.<\/li>\n<li><strong>13h45 :<\/strong> Remerciements et conclusion<\/li>\n<\/ul>\n<h5><strong>14h00 \u2013 16h00 :\u00a0<\/strong><strong>Ateliers et discussions.\u00a0<\/strong><strong>Concevoir pour le 21<sup>e<\/sup>\u00a0si\u00e8cle\u2026<\/strong><\/h5>\n<p><strong>&#8211; Les orchestres et l\u2019inclusion sociale, rapports du terrain : <\/strong>colloque avec\u00a0<a href=\"\/fr\/bios\/elizabeth-simpson\/\">Elizabeth Simpson<\/a>\u00a0(Orchestre du CNA),\u00a0<a href=\"\/fr\/bios\/erin-parkes\/\">Dr. Erin Parkes<\/a>(Lotus Centre for Special Music Education); Faith Scholfield (Windsor Symphony Orchestra);\u00a0<a href=\"\/fr\/bios\/ian-ritchie\/\">Ian Ritchie<\/a>, (Festival de m\u00fasica Set\u00fabal).\u00a0<em><a href=\"http:\/\/angelabirdsell.com\/\">Commandit\u00e9 par Angela Birdsell, Cultural Policy and Management Consulting<\/a>.<\/em><\/p>\n<p style=\"text-align: center;\"><a href=\"https:\/\/oc.ca\/wp-content\/uploads\/2019\/06\/June-13-1400-Faith-FR.pdf\"><em><button class=\"blue-button-medium\">Diapositives de Faith<\/button><\/em><\/a>\u00a0\u00a0<a href=\"https:\/\/oc.ca\/wp-content\/uploads\/2019\/06\/June-13-1400-Ian-Ritchie-FR.pdf\"><button class=\"blue-button-medium\">Diapositives d&#8217;Ian<\/button><\/a><\/p>\n<p><strong>&#8211; Les cheminements de carri\u00e8re, : s<\/strong>olutions \u00e0 long terme et rem\u00e8des \u00e0 court terme en mati\u00e8re de diversification des orchestres, sous la direction de Nelson McDougall<\/p>\n<p><strong>&#8211; Atelier sur la collecte de fonds :<\/strong> avec\u00a0<a href=\"\/fr\/bios\/jayne-watson\/\">Jayne Watson<\/a>, Chef de la direction, Fondation du Centre national des arts.<\/p>\n<p><strong>&#8211; Les mod\u00e8les op\u00e9rationnels : La r\u00e9silience, qu\u2019est-ce au juste ? <\/strong>Atelier anim\u00e9 par\u00a0<a href=\"\/fr\/bios\/patrick-towell\/\">Patrick Towell<\/a>\u00a0(Golant Media Ventures, et The Audience Agency)<\/p>\n<p style=\"text-align: center;\"><a href=\"\/fr\/resource\/la-resilience-quest-ce-au-juste\/\"><button class=\"blue-button-medium\">Ressources<\/button><\/a><\/p>\n<h5><strong>16h00 \u2013 16h30 : Pause-caf\u00e9<\/strong><\/h5>\n<p>Commandit\u00e9 par\u00a0<a href=\"https:\/\/deanartists.com\/\">Dean Artists Management<\/a>.<\/p>\n<h5><strong>16h30 \u2013 17h30 : Des donn\u00e9es utiles sur les arts<\/strong><\/h5>\n<p><a href=\"\/fr\/bios\/aime-dontigny\/\">Aim\u00e9 Dontigny<\/a>\u00a0et\u00a0<a href=\"\/fr\/bios\/alexis-andrew\/\">Alexis Andrew<\/a>\u00a0(du Conseil des arts du Canada) pr\u00e9sentent un rapport sur les r\u00e9centes recherches sur les orchestres men\u00e9es par le Conseil des arts. Parmi les faits saillants de cette conf\u00e9rence, citons une pr\u00e9sentation sur l\u2019analyse r\u00e9alis\u00e9e r\u00e9cemment par le Conseil sur les tendances des orchestres canadiens, une introduction aux travaux du Conseil sur les effets qualitatifs des arts, ainsi qu\u2019un aper\u00e7u du sondage pilote effectu\u00e9 par le Conseil sur la composition d\u00e9mographique du personnel et des conseils d\u2019administration des institutions artistiques canadiennes.<\/p>\n<p><em>L\u2019interpr\u00e9tation simultan\u00e9e \u00e0 cette s\u00e9ance est financ\u00e9e en partie par le gouvernement du Canada.<\/em><\/p>\n<p style=\"text-align: center;\"><a href=\"https:\/\/oc.ca\/wp-content\/uploads\/2019\/06\/1630-Alexis-Aim\u00e9-FR.pdf\"><button class=\"blue-button-medium\">Diapositives<\/button><\/a><\/p>\n<h5><strong>Soir<\/strong><\/h5>\n<ul>\n<li>18h30:\u00a0<a href=\"https:\/\/indigenouswalks.com\/\">Visite \u00e0 pied d\u2019inspiration autochtone<\/a>: Les monuments de la Colline du Parlement (d\u00e9part du CNA).<\/li>\n<li>18h30:\u00a0<a href=\"https:\/\/orkidstra.ca\/events\/upcoming-events\/june-5-13-orkidstra-end-of-year-concerts\/\">Concert OrKidstra<\/a> (\u00c9glise Dominion-Chalmers, 355 rue Cooper).<\/li>\n<li>18h45: Souper trois services prix fixe au\u00a0<a href=\"https:\/\/nac-cna.ca\/fr\/lecafe\">Caf\u00e9<\/a> (Centre national des arts).<\/li>\n<\/ul>\n<h5>21h00 : Conversations autour d\u2019un verre<\/h5>\n<p>Qu\u2019est-ce que vous souhaiteriez voir au calendrier de d\u00e9fense des int\u00e9r\u00eats aupr\u00e8s du gouvernement f\u00e9d\u00e9ral d\u2019Orchestres Canada en cette ann\u00e9e pr\u00e9-\u00e9lectorale et par la suite? Venez apprendre ce qu\u2019en pensent vos pairs, partager vos opinions et d\u00e9couvrir comment vous pouvez vous impliquer. Cette rencontre sera organis\u00e9e par le pr\u00e9sident du comit\u00e9 sur la d\u00e9fense des int\u00e9r\u00eats d\u2019OC, Andrew Bennett. Metropolitain Brasserie, 700 Sussex Drive.<\/p>\n<p><em><a href=\"\/fr\/evenements\/journee-numerique-11-juin\/\">Journ\u00e9e num\u00e9rique, 11 juin<\/a> | <a href=\"\/fr\/evenements\/journee-1-12-juin\/\">Journ\u00e9e 1, 12 juin<\/a> | <a href=\"\/fr\/evenements\/journee-3-14-juin\/\">Journ\u00e9e 3, 14 juin<\/a> | <a href=\"\/fr\/conferencenationale\/2019\/\">Site Web de la conf\u00e9rence nationale<\/a><\/em><\/p>\n","protected":false},"excerpt":{"rendered":"<p>9h00 \u2013 10h00 Enregistrement, caf\u00e9 et collations Pause-caf\u00e9 commandit\u00e9 par Honens. 10h00 \u2013 14h00 Atelier pour les orchestres \u00e0 petit budget 10h00 : Bienvenue et introductions 10h30 : Comment \u00e9liminer les mythes et personnaliser votre strat\u00e9gie de lev\u00e9e de fonds. Jerry Smith, directeur g\u00e9n\u00e9ral, First Stage Arts Consultants. 11h00 : \u00c9viter le d\u00e9sastre : sept [&hellip;]<\/p>\n","protected":false},"author":10,"featured_media":0,"parent":1974,"menu_order":0,"comment_status":"closed","ping_status":"closed","template":"","meta":{"_acf_changed":false,"_monsterinsights_skip_tracking":false,"_monsterinsights_sitenote_active":false,"_monsterinsights_sitenote_note":"","_monsterinsights_sitenote_category":0,"footnotes":""},"class_list":["post-4366","page","type-page","status-publish","hentry"],"acf":[],"yoast_head":"<!-- This site is optimized with the Yoast SEO plugin v27.3 - https:\/\/yoast.com\/product\/yoast-seo-wordpress\/ -->\n<title>Conf\u00e9rence 2019 : Journ\u00e9e des orchestres \u00e0 petit budget - Orchestras Canada\/Orchestres Canada<\/title>\n<meta name=\"robots\" content=\"index, follow, max-snippet:-1, max-image-preview:large, max-video-preview:-1\" \/>\n<link rel=\"canonical\" href=\"https:\/\/oc.ca\/fr\/evenements\/journee-des-orchestres-a-petit-budget\/\" \/>\n<meta property=\"og:locale\" content=\"fr_FR\" \/>\n<meta property=\"og:type\" content=\"article\" \/>\n<meta property=\"og:title\" content=\"Conf\u00e9rence 2019 : Journ\u00e9e des orchestres \u00e0 petit budget - Orchestras Canada\/Orchestres Canada\" \/>\n<meta property=\"og:description\" content=\"9h00 \u2013 10h00 Enregistrement, caf\u00e9 et collations Pause-caf\u00e9 commandit\u00e9 par Honens. 10h00 \u2013 14h00 Atelier pour les orchestres \u00e0 petit budget 10h00 : Bienvenue et introductions 10h30 : Comment \u00e9liminer les mythes et personnaliser votre strat\u00e9gie de lev\u00e9e de fonds. Jerry Smith, directeur g\u00e9n\u00e9ral, First Stage Arts Consultants. 11h00 : \u00c9viter le d\u00e9sastre : sept [&hellip;]\" \/>\n<meta property=\"og:url\" content=\"https:\/\/oc.ca\/fr\/evenements\/journee-des-orchestres-a-petit-budget\/\" \/>\n<meta property=\"og:site_name\" content=\"Orchestras Canada\/Orchestres Canada\" \/>\n<meta property=\"article:modified_time\" content=\"2019-08-01T16:39:30+00:00\" \/>\n<meta name=\"twitter:card\" content=\"summary_large_image\" \/>\n<meta name=\"twitter:label1\" content=\"Dur\u00e9e de lecture estim\u00e9e\" \/>\n\t<meta name=\"twitter:data1\" content=\"3 minutes\" \/>\n<script type=\"application\/ld+json\" class=\"yoast-schema-graph\">{\"@context\":\"https:\\\/\\\/schema.org\",\"@graph\":[{\"@type\":\"WebPage\",\"@id\":\"https:\\\/\\\/oc.ca\\\/fr\\\/evenements\\\/journee-des-orchestres-a-petit-budget\\\/\",\"url\":\"https:\\\/\\\/oc.ca\\\/fr\\\/evenements\\\/journee-des-orchestres-a-petit-budget\\\/\",\"name\":\"Conf\u00e9rence 2019 : Journ\u00e9e des orchestres \u00e0 petit budget - Orchestras Canada\\\/Orchestres Canada\",\"isPartOf\":{\"@id\":\"https:\\\/\\\/oc.ca\\\/en\\\/#website\"},\"datePublished\":\"2019-06-07T13:29:37+00:00\",\"dateModified\":\"2019-08-01T16:39:30+00:00\",\"breadcrumb\":{\"@id\":\"https:\\\/\\\/oc.ca\\\/fr\\\/evenements\\\/journee-des-orchestres-a-petit-budget\\\/#breadcrumb\"},\"inLanguage\":\"fr-FR\",\"potentialAction\":[{\"@type\":\"ReadAction\",\"target\":[\"https:\\\/\\\/oc.ca\\\/fr\\\/evenements\\\/journee-des-orchestres-a-petit-budget\\\/\"]}]},{\"@type\":\"BreadcrumbList\",\"@id\":\"https:\\\/\\\/oc.ca\\\/fr\\\/evenements\\\/journee-des-orchestres-a-petit-budget\\\/#breadcrumb\",\"itemListElement\":[{\"@type\":\"ListItem\",\"position\":1,\"name\":\"Home\",\"item\":\"https:\\\/\\\/oc.ca\\\/fr\\\/\"},{\"@type\":\"ListItem\",\"position\":2,\"name\":\"\u00c9v\u00e9nements et conf\u00e9rence nationale\",\"item\":\"https:\\\/\\\/oc.ca\\\/fr\\\/evenements\\\/\"},{\"@type\":\"ListItem\",\"position\":3,\"name\":\"Conf\u00e9rence 2019 : Journ\u00e9e des orchestres \u00e0 petit budget\"}]},{\"@type\":\"WebSite\",\"@id\":\"https:\\\/\\\/oc.ca\\\/en\\\/#website\",\"url\":\"https:\\\/\\\/oc.ca\\\/en\\\/\",\"name\":\"Orchestras Canada\\\/Orchestres Canada\",\"description\":\"\",\"publisher\":{\"@id\":\"https:\\\/\\\/oc.ca\\\/en\\\/#organization\"},\"potentialAction\":[{\"@type\":\"SearchAction\",\"target\":{\"@type\":\"EntryPoint\",\"urlTemplate\":\"https:\\\/\\\/oc.ca\\\/en\\\/?s={search_term_string}\"},\"query-input\":{\"@type\":\"PropertyValueSpecification\",\"valueRequired\":true,\"valueName\":\"search_term_string\"}}],\"inLanguage\":\"fr-FR\"},{\"@type\":\"Organization\",\"@id\":\"https:\\\/\\\/oc.ca\\\/en\\\/#organization\",\"name\":\"Orchestras Canada\\\/Orchestres Canada\",\"url\":\"https:\\\/\\\/oc.ca\\\/en\\\/\",\"logo\":{\"@type\":\"ImageObject\",\"inLanguage\":\"fr-FR\",\"@id\":\"https:\\\/\\\/oc.ca\\\/en\\\/#\\\/schema\\\/logo\\\/image\\\/\",\"url\":\"https:\\\/\\\/oc.ca\\\/wp-content\\\/uploads\\\/2019\\\/03\\\/cropped-OC-Logo-800x200-1.png\",\"contentUrl\":\"https:\\\/\\\/oc.ca\\\/wp-content\\\/uploads\\\/2019\\\/03\\\/cropped-OC-Logo-800x200-1.png\",\"width\":400,\"height\":100,\"caption\":\"Orchestras Canada\\\/Orchestres Canada\"},\"image\":{\"@id\":\"https:\\\/\\\/oc.ca\\\/en\\\/#\\\/schema\\\/logo\\\/image\\\/\"}}]}<\/script>\n<!-- \/ Yoast SEO plugin. -->","yoast_head_json":{"title":"Conf\u00e9rence 2019 : Journ\u00e9e des orchestres \u00e0 petit budget - Orchestras Canada\/Orchestres Canada","robots":{"index":"index","follow":"follow","max-snippet":"max-snippet:-1","max-image-preview":"max-image-preview:large","max-video-preview":"max-video-preview:-1"},"canonical":"https:\/\/oc.ca\/fr\/evenements\/journee-des-orchestres-a-petit-budget\/","og_locale":"fr_FR","og_type":"article","og_title":"Conf\u00e9rence 2019 : Journ\u00e9e des orchestres \u00e0 petit budget - Orchestras Canada\/Orchestres Canada","og_description":"9h00 \u2013 10h00 Enregistrement, caf\u00e9 et collations Pause-caf\u00e9 commandit\u00e9 par Honens. 10h00 \u2013 14h00 Atelier pour les orchestres \u00e0 petit budget 10h00 : Bienvenue et introductions 10h30 : Comment \u00e9liminer les mythes et personnaliser votre strat\u00e9gie de lev\u00e9e de fonds. Jerry Smith, directeur g\u00e9n\u00e9ral, First Stage Arts Consultants. 11h00 : \u00c9viter le d\u00e9sastre : sept [&hellip;]","og_url":"https:\/\/oc.ca\/fr\/evenements\/journee-des-orchestres-a-petit-budget\/","og_site_name":"Orchestras Canada\/Orchestres Canada","article_modified_time":"2019-08-01T16:39:30+00:00","twitter_card":"summary_large_image","twitter_misc":{"Dur\u00e9e de lecture estim\u00e9e":"3 minutes"},"schema":{"@context":"https:\/\/schema.org","@graph":[{"@type":"WebPage","@id":"https:\/\/oc.ca\/fr\/evenements\/journee-des-orchestres-a-petit-budget\/","url":"https:\/\/oc.ca\/fr\/evenements\/journee-des-orchestres-a-petit-budget\/","name":"Conf\u00e9rence 2019 : Journ\u00e9e des orchestres \u00e0 petit budget - Orchestras Canada\/Orchestres Canada","isPartOf":{"@id":"https:\/\/oc.ca\/en\/#website"},"datePublished":"2019-06-07T13:29:37+00:00","dateModified":"2019-08-01T16:39:30+00:00","breadcrumb":{"@id":"https:\/\/oc.ca\/fr\/evenements\/journee-des-orchestres-a-petit-budget\/#breadcrumb"},"inLanguage":"fr-FR","potentialAction":[{"@type":"ReadAction","target":["https:\/\/oc.ca\/fr\/evenements\/journee-des-orchestres-a-petit-budget\/"]}]},{"@type":"BreadcrumbList","@id":"https:\/\/oc.ca\/fr\/evenements\/journee-des-orchestres-a-petit-budget\/#breadcrumb","itemListElement":[{"@type":"ListItem","position":1,"name":"Home","item":"https:\/\/oc.ca\/fr\/"},{"@type":"ListItem","position":2,"name":"\u00c9v\u00e9nements et conf\u00e9rence nationale","item":"https:\/\/oc.ca\/fr\/evenements\/"},{"@type":"ListItem","position":3,"name":"Conf\u00e9rence 2019 : Journ\u00e9e des orchestres \u00e0 petit budget"}]},{"@type":"WebSite","@id":"https:\/\/oc.ca\/en\/#website","url":"https:\/\/oc.ca\/en\/","name":"Orchestras Canada\/Orchestres Canada","description":"","publisher":{"@id":"https:\/\/oc.ca\/en\/#organization"},"potentialAction":[{"@type":"SearchAction","target":{"@type":"EntryPoint","urlTemplate":"https:\/\/oc.ca\/en\/?s={search_term_string}"},"query-input":{"@type":"PropertyValueSpecification","valueRequired":true,"valueName":"search_term_string"}}],"inLanguage":"fr-FR"},{"@type":"Organization","@id":"https:\/\/oc.ca\/en\/#organization","name":"Orchestras Canada\/Orchestres Canada","url":"https:\/\/oc.ca\/en\/","logo":{"@type":"ImageObject","inLanguage":"fr-FR","@id":"https:\/\/oc.ca\/en\/#\/schema\/logo\/image\/","url":"https:\/\/oc.ca\/wp-content\/uploads\/2019\/03\/cropped-OC-Logo-800x200-1.png","contentUrl":"https:\/\/oc.ca\/wp-content\/uploads\/2019\/03\/cropped-OC-Logo-800x200-1.png","width":400,"height":100,"caption":"Orchestras Canada\/Orchestres Canada"},"image":{"@id":"https:\/\/oc.ca\/en\/#\/schema\/logo\/image\/"}}]}},"_links":{"self":[{"href":"https:\/\/oc.ca\/fr\/wp-json\/wp\/v2\/pages\/4366","targetHints":{"allow":["GET"]}}],"collection":[{"href":"https:\/\/oc.ca\/fr\/wp-json\/wp\/v2\/pages"}],"about":[{"href":"https:\/\/oc.ca\/fr\/wp-json\/wp\/v2\/types\/page"}],"author":[{"embeddable":true,"href":"https:\/\/oc.ca\/fr\/wp-json\/wp\/v2\/users\/10"}],"replies":[{"embeddable":true,"href":"https:\/\/oc.ca\/fr\/wp-json\/wp\/v2\/comments?post=4366"}],"version-history":[{"count":5,"href":"https:\/\/oc.ca\/fr\/wp-json\/wp\/v2\/pages\/4366\/revisions"}],"predecessor-version":[{"id":4846,"href":"https:\/\/oc.ca\/fr\/wp-json\/wp\/v2\/pages\/4366\/revisions\/4846"}],"up":[{"embeddable":true,"href":"https:\/\/oc.ca\/fr\/wp-json\/wp\/v2\/pages\/1974"}],"wp:attachment":[{"href":"https:\/\/oc.ca\/fr\/wp-json\/wp\/v2\/media?parent=4366"}],"curies":[{"name":"wp","href":"https:\/\/api.w.org\/{rel}","templated":true}]}}