{"id":2321,"date":"2019-02-06T15:07:39","date_gmt":"2019-02-06T15:07:39","guid":{"rendered":"http:\/\/demosite2.asurtec.com\/?page_id=2321"},"modified":"2024-07-31T17:39:11","modified_gmt":"2024-07-31T21:39:11","slug":"faire-un-don","status":"publish","type":"page","link":"https:\/\/oc.ca\/fr\/simpliquer\/faire-un-don\/","title":{"rendered":"Faire un don"},"content":{"rendered":"<p>Les donateurs.trices individuel.le.s accroissent l\u2019impact d\u2019Orchestres Canada sur les orchestres petits et grands de chacune des provinces. Votre don permet \u00e0 Orchestres Canada de continuer \u00e0 accro\u00eetre et \u00e9largir son appui aux orchestres de toutes les tailles et de toutes les formes. Nous vous invitons \u00e0 faire un don en remplissant le formulaire ci-dessous ou en nous transmettant un ch\u00e8que par la poste \u00e0 :<\/p>\n<p>Orchestres Canada<br \/>\nc\/o Peterborough Business Hub<br \/>\n398 McDonnel St Unit# 4<br \/>\nPeterborough, ON K9H 2X4<br \/>\nCanada<\/p>\n<p><script id=\"ch_cdn_embed\" type=\"text\/javascript\" data-page-id=\"10941\" data-cfasync=\"false\" data-formtype=\"0\" src=\"https:\/\/www.canadahelps.org\/services\/wa\/js\/apps\/donatenow\/embed.min.js\" data-language=\"fr\"><\/script><\/p>\n","protected":false},"excerpt":{"rendered":"<p>Les donateurs.trices individuel.le.s accroissent l\u2019impact d\u2019Orchestres Canada sur les orchestres petits et grands de chacune des provinces. Votre don permet \u00e0 Orchestres Canada de continuer \u00e0 accro\u00eetre et \u00e9largir son appui aux orchestres de toutes les tailles et de toutes les formes. Nous vous invitons \u00e0 faire un don en remplissant le formulaire ci-dessous ou [&hellip;]<\/p>\n","protected":false},"author":10,"featured_media":0,"parent":2203,"menu_order":0,"comment_status":"closed","ping_status":"closed","template":"","meta":{"_acf_changed":false,"_monsterinsights_skip_tracking":false,"_monsterinsights_sitenote_active":false,"_monsterinsights_sitenote_note":"","_monsterinsights_sitenote_category":0,"footnotes":""},"class_list":["post-2321","page","type-page","status-publish","hentry"],"acf":[],"yoast_head":"<!-- This site is optimized with the Yoast SEO plugin v27.3 - https:\/\/yoast.com\/product\/yoast-seo-wordpress\/ -->\n<title>Faire un don - Orchestras Canada\/Orchestres Canada<\/title>\n<meta name=\"robots\" content=\"index, follow, max-snippet:-1, max-image-preview:large, max-video-preview:-1\" \/>\n<link rel=\"canonical\" href=\"https:\/\/oc.ca\/fr\/simpliquer\/faire-un-don\/\" \/>\n<meta property=\"og:locale\" content=\"fr_FR\" \/>\n<meta property=\"og:type\" content=\"article\" \/>\n<meta property=\"og:title\" content=\"Faire un don - Orchestras Canada\/Orchestres Canada\" \/>\n<meta property=\"og:description\" content=\"Les donateurs.trices individuel.le.s accroissent l\u2019impact d\u2019Orchestres Canada sur les orchestres petits et grands de chacune des provinces. Votre don permet \u00e0 Orchestres Canada de continuer \u00e0 accro\u00eetre et \u00e9largir son appui aux orchestres de toutes les tailles et de toutes les formes. Nous vous invitons \u00e0 faire un don en remplissant le formulaire ci-dessous ou [&hellip;]\" \/>\n<meta property=\"og:url\" content=\"https:\/\/oc.ca\/fr\/simpliquer\/faire-un-don\/\" \/>\n<meta property=\"og:site_name\" content=\"Orchestras Canada\/Orchestres Canada\" \/>\n<meta property=\"article:modified_time\" content=\"2024-07-31T21:39:11+00:00\" \/>\n<meta name=\"twitter:card\" content=\"summary_large_image\" \/>\n<meta name=\"twitter:label1\" content=\"Dur\u00e9e de lecture estim\u00e9e\" \/>\n\t<meta name=\"twitter:data1\" content=\"1 minute\" \/>\n<script type=\"application\/ld+json\" class=\"yoast-schema-graph\">{\"@context\":\"https:\\\/\\\/schema.org\",\"@graph\":[{\"@type\":\"WebPage\",\"@id\":\"https:\\\/\\\/oc.ca\\\/fr\\\/simpliquer\\\/faire-un-don\\\/\",\"url\":\"https:\\\/\\\/oc.ca\\\/fr\\\/simpliquer\\\/faire-un-don\\\/\",\"name\":\"Faire un don - Orchestras Canada\\\/Orchestres Canada\",\"isPartOf\":{\"@id\":\"https:\\\/\\\/oc.ca\\\/en\\\/#website\"},\"datePublished\":\"2019-02-06T15:07:39+00:00\",\"dateModified\":\"2024-07-31T21:39:11+00:00\",\"breadcrumb\":{\"@id\":\"https:\\\/\\\/oc.ca\\\/fr\\\/simpliquer\\\/faire-un-don\\\/#breadcrumb\"},\"inLanguage\":\"fr-FR\",\"potentialAction\":[{\"@type\":\"ReadAction\",\"target\":[\"https:\\\/\\\/oc.ca\\\/fr\\\/simpliquer\\\/faire-un-don\\\/\"]}]},{\"@type\":\"BreadcrumbList\",\"@id\":\"https:\\\/\\\/oc.ca\\\/fr\\\/simpliquer\\\/faire-un-don\\\/#breadcrumb\",\"itemListElement\":[{\"@type\":\"ListItem\",\"position\":1,\"name\":\"Home\",\"item\":\"https:\\\/\\\/oc.ca\\\/fr\\\/\"},{\"@type\":\"ListItem\",\"position\":2,\"name\":\"S&#8217;impliquer\",\"item\":\"https:\\\/\\\/oc.ca\\\/fr\\\/simpliquer\\\/\"},{\"@type\":\"ListItem\",\"position\":3,\"name\":\"Faire un don\"}]},{\"@type\":\"WebSite\",\"@id\":\"https:\\\/\\\/oc.ca\\\/en\\\/#website\",\"url\":\"https:\\\/\\\/oc.ca\\\/en\\\/\",\"name\":\"Orchestras Canada\\\/Orchestres Canada\",\"description\":\"\",\"publisher\":{\"@id\":\"https:\\\/\\\/oc.ca\\\/en\\\/#organization\"},\"potentialAction\":[{\"@type\":\"SearchAction\",\"target\":{\"@type\":\"EntryPoint\",\"urlTemplate\":\"https:\\\/\\\/oc.ca\\\/en\\\/?s={search_term_string}\"},\"query-input\":{\"@type\":\"PropertyValueSpecification\",\"valueRequired\":true,\"valueName\":\"search_term_string\"}}],\"inLanguage\":\"fr-FR\"},{\"@type\":\"Organization\",\"@id\":\"https:\\\/\\\/oc.ca\\\/en\\\/#organization\",\"name\":\"Orchestras Canada\\\/Orchestres Canada\",\"url\":\"https:\\\/\\\/oc.ca\\\/en\\\/\",\"logo\":{\"@type\":\"ImageObject\",\"inLanguage\":\"fr-FR\",\"@id\":\"https:\\\/\\\/oc.ca\\\/en\\\/#\\\/schema\\\/logo\\\/image\\\/\",\"url\":\"https:\\\/\\\/oc.ca\\\/wp-content\\\/uploads\\\/2019\\\/03\\\/cropped-OC-Logo-800x200-1.png\",\"contentUrl\":\"https:\\\/\\\/oc.ca\\\/wp-content\\\/uploads\\\/2019\\\/03\\\/cropped-OC-Logo-800x200-1.png\",\"width\":400,\"height\":100,\"caption\":\"Orchestras Canada\\\/Orchestres Canada\"},\"image\":{\"@id\":\"https:\\\/\\\/oc.ca\\\/en\\\/#\\\/schema\\\/logo\\\/image\\\/\"}}]}<\/script>\n<!-- \/ Yoast SEO plugin. -->","yoast_head_json":{"title":"Faire un don - Orchestras Canada\/Orchestres Canada","robots":{"index":"index","follow":"follow","max-snippet":"max-snippet:-1","max-image-preview":"max-image-preview:large","max-video-preview":"max-video-preview:-1"},"canonical":"https:\/\/oc.ca\/fr\/simpliquer\/faire-un-don\/","og_locale":"fr_FR","og_type":"article","og_title":"Faire un don - Orchestras Canada\/Orchestres Canada","og_description":"Les donateurs.trices individuel.le.s accroissent l\u2019impact d\u2019Orchestres Canada sur les orchestres petits et grands de chacune des provinces. Votre don permet \u00e0 Orchestres Canada de continuer \u00e0 accro\u00eetre et \u00e9largir son appui aux orchestres de toutes les tailles et de toutes les formes. Nous vous invitons \u00e0 faire un don en remplissant le formulaire ci-dessous ou [&hellip;]","og_url":"https:\/\/oc.ca\/fr\/simpliquer\/faire-un-don\/","og_site_name":"Orchestras Canada\/Orchestres Canada","article_modified_time":"2024-07-31T21:39:11+00:00","twitter_card":"summary_large_image","twitter_misc":{"Dur\u00e9e de lecture estim\u00e9e":"1 minute"},"schema":{"@context":"https:\/\/schema.org","@graph":[{"@type":"WebPage","@id":"https:\/\/oc.ca\/fr\/simpliquer\/faire-un-don\/","url":"https:\/\/oc.ca\/fr\/simpliquer\/faire-un-don\/","name":"Faire un don - Orchestras Canada\/Orchestres Canada","isPartOf":{"@id":"https:\/\/oc.ca\/en\/#website"},"datePublished":"2019-02-06T15:07:39+00:00","dateModified":"2024-07-31T21:39:11+00:00","breadcrumb":{"@id":"https:\/\/oc.ca\/fr\/simpliquer\/faire-un-don\/#breadcrumb"},"inLanguage":"fr-FR","potentialAction":[{"@type":"ReadAction","target":["https:\/\/oc.ca\/fr\/simpliquer\/faire-un-don\/"]}]},{"@type":"BreadcrumbList","@id":"https:\/\/oc.ca\/fr\/simpliquer\/faire-un-don\/#breadcrumb","itemListElement":[{"@type":"ListItem","position":1,"name":"Home","item":"https:\/\/oc.ca\/fr\/"},{"@type":"ListItem","position":2,"name":"S&#8217;impliquer","item":"https:\/\/oc.ca\/fr\/simpliquer\/"},{"@type":"ListItem","position":3,"name":"Faire un don"}]},{"@type":"WebSite","@id":"https:\/\/oc.ca\/en\/#website","url":"https:\/\/oc.ca\/en\/","name":"Orchestras Canada\/Orchestres Canada","description":"","publisher":{"@id":"https:\/\/oc.ca\/en\/#organization"},"potentialAction":[{"@type":"SearchAction","target":{"@type":"EntryPoint","urlTemplate":"https:\/\/oc.ca\/en\/?s={search_term_string}"},"query-input":{"@type":"PropertyValueSpecification","valueRequired":true,"valueName":"search_term_string"}}],"inLanguage":"fr-FR"},{"@type":"Organization","@id":"https:\/\/oc.ca\/en\/#organization","name":"Orchestras Canada\/Orchestres Canada","url":"https:\/\/oc.ca\/en\/","logo":{"@type":"ImageObject","inLanguage":"fr-FR","@id":"https:\/\/oc.ca\/en\/#\/schema\/logo\/image\/","url":"https:\/\/oc.ca\/wp-content\/uploads\/2019\/03\/cropped-OC-Logo-800x200-1.png","contentUrl":"https:\/\/oc.ca\/wp-content\/uploads\/2019\/03\/cropped-OC-Logo-800x200-1.png","width":400,"height":100,"caption":"Orchestras Canada\/Orchestres Canada"},"image":{"@id":"https:\/\/oc.ca\/en\/#\/schema\/logo\/image\/"}}]}},"_links":{"self":[{"href":"https:\/\/oc.ca\/fr\/wp-json\/wp\/v2\/pages\/2321","targetHints":{"allow":["GET"]}}],"collection":[{"href":"https:\/\/oc.ca\/fr\/wp-json\/wp\/v2\/pages"}],"about":[{"href":"https:\/\/oc.ca\/fr\/wp-json\/wp\/v2\/types\/page"}],"author":[{"embeddable":true,"href":"https:\/\/oc.ca\/fr\/wp-json\/wp\/v2\/users\/10"}],"replies":[{"embeddable":true,"href":"https:\/\/oc.ca\/fr\/wp-json\/wp\/v2\/comments?post=2321"}],"version-history":[{"count":8,"href":"https:\/\/oc.ca\/fr\/wp-json\/wp\/v2\/pages\/2321\/revisions"}],"predecessor-version":[{"id":13765,"href":"https:\/\/oc.ca\/fr\/wp-json\/wp\/v2\/pages\/2321\/revisions\/13765"}],"up":[{"embeddable":true,"href":"https:\/\/oc.ca\/fr\/wp-json\/wp\/v2\/pages\/2203"}],"wp:attachment":[{"href":"https:\/\/oc.ca\/fr\/wp-json\/wp\/v2\/media?parent=2321"}],"curies":[{"name":"wp","href":"https:\/\/api.w.org\/{rel}","templated":true}]}}