{"id":2162,"date":"2019-01-24T19:00:30","date_gmt":"2019-01-24T19:00:30","guid":{"rendered":"http:\/\/demosite2.asurtec.com\/betty-webster-award\/"},"modified":"2026-03-05T18:19:13","modified_gmt":"2026-03-05T23:19:13","slug":"betty-webster","status":"publish","type":"page","link":"https:\/\/oc.ca\/fr\/betty-webster\/","title":{"rendered":"Prix Betty-Webster"},"content":{"rendered":"<h3 style=\"text-align: center;\"><span class=\"TextRun BCX0 SCXW115553283\" lang=\"FR-CA\" xml:lang=\"FR-CA\" data-contrast=\"none\"><span class=\"NormalTextRun BCX0 SCXW115553283\" data-ccp-parastyle=\"heading 1\">Prix Betty-Webster d\u2019<\/span><\/span><span class=\"TextRun BCX0 SCXW115553283\" lang=\"FR-CA\" xml:lang=\"FR-CA\" data-contrast=\"none\"><span class=\"NormalTextRun BCX0 SCXW115553283\" data-ccp-parastyle=\"heading 1\">Orchestr<\/span><\/span><span class=\"TextRun BCX0 SCXW115553283\" lang=\"FR-CA\" xml:lang=\"FR-CA\" data-contrast=\"none\"><span class=\"NormalTextRun BCX0 SCXW115553283\" data-ccp-parastyle=\"heading 1\">e<\/span><\/span><span class=\"TextRun BCX0 SCXW115553283\" lang=\"FR-CA\" xml:lang=\"FR-CA\" data-contrast=\"none\"><span class=\"NormalTextRun BCX0 SCXW115553283\" data-ccp-parastyle=\"heading 1\">s Canada<\/span><\/span><\/h3>\n<p style=\"text-align: center;\">Pour en savoir plus sur les ancien.ne.s laur\u00e9at.e.s : <em><a href=\"https:\/\/oc.ca\/fr\/sns-oc-2025-prix-betty-webster\/\">Yvonne DeRoller<\/a> (2025) | <\/em><em><a href=\"https:\/\/oc.ca\/fr\/heather-wootton-du-calgary-philharmonic-orchestra-remporte-le-prix-betty-webster-2024-dorchestres-canada\/\">Heather Wootton<\/a> (2024) | <\/em> <em><a href=\"https:\/\/oc.ca\/fr\/janna-sailor-remporte-le-prix-betty-webster-2023\/\">Janna Sailor<\/a> (2023) | <\/em> <em><a href=\"\/fr\/katia-makdissi-warren-remporte-le-prix-betty-webster-2022\/\">Katia Makdissi-Warren<\/a> (2022) | <\/em><em><a href=\"\/fr\/linda-penner-remporte-le-prix-betty-webster-2021\/\">Linda Penner<\/a> (2021)<\/em> | <em><a href=\"\/fr\/yannick-nezet-seguin-betty-webster-20\/\">Yannick N\u00e9zet-S\u00e9guin<\/a> (2020)<\/em> |\u00a0<em><a href=\"\/fr\/claire-guimond-betty-webster-19\/\">Claire Guimond<\/a> (2019) | <a href=\"\/fr\/bramwell-tovey-prix-betty-webster-18\/\">Bramwell Tovey<\/a> (2018) | <a href=\"\/fr\/ardyth-brott-prix-betty-webster-17\/\">Ardyth Brott<\/a> (2017) | <a href=\"\/fr\/john-gomez-betty-webster-16\/\">John Gomez<\/a> (2016).<\/em><\/p>\n<p><img fetchpriority=\"high\" decoding=\"async\" class=\"alignright size-medium wp-image-5856\" src=\"https:\/\/oc.ca\/wp-content\/uploads\/2019\/01\/betty_webster-245x300.png\" alt=\"\" width=\"245\" height=\"300\" srcset=\"https:\/\/oc.ca\/wp-content\/uploads\/2019\/01\/betty_webster-245x300.png 245w, https:\/\/oc.ca\/wp-content\/uploads\/2019\/01\/betty_webster.png 478w\" sizes=\"(min-width: 960px) 75vw, 100vw\" \/><\/p>\n<p><span style=\"color: #008000;\"><strong>La p\u00e9riode de nomination pour 2026 est maintenant ouverte.<\/strong><\/span><\/p>\n<hr \/>\n<p><span style=\"color: #000000;\">Orchestres Canada vient de lancer son appel de candidatures pour le <strong>prix Betty-Webster 2026<\/strong>, notre fa\u00e7on de reconna\u00eetre des contributions exceptionnelles \u00e0 la communaut\u00e9 orchestrale canadienne.\u00a0\u00a0\u00a0\u00a0\u00a0\u00a0<\/span><\/p>\n<p><span style=\"color: #000000;\">Le soutien et le maintien d\u2019un orchestre canadien au 21e si\u00e8cle constituent une d\u00e9marche collective et de collaboration \u00e0 laquelle participent des dirigeants artistiques de prestige <i>et <\/i>un nombre consid\u00e9rable de personnes qui \u0153uvrent sur la sc\u00e8ne et en coulisse pour cr\u00e9er les conditions propices \u00e0 l\u2019\u00e9panouissement des orchestres au Canada.\u00a0\u00a0\u00a0\u00a0<\/span><\/p>\n<p><span style=\"color: #000000;\" data-contrast=\"auto\">Le prix honore sp\u00e9cifiquement une personne qui a apport\u00e9 une contribution sous-estim\u00e9e mais soutenue et significative \u00e0 la communaut\u00e9 des orchestres canadiens par son travail, qu&#8217;il soit r\u00e9mun\u00e9r\u00e9 ou b\u00e9n\u00e9vole. <\/span><\/p>\n<p><span data-contrast=\"auto\">En reconnaissance du leadership\u00a0significatif, du service et de\u00a0l&#8217;impact\u00a0durable au sein de la\u00a0communaut\u00e9\u00a0orchestrale\u00a0du Canada, le\u00a0th\u00e8me\u00a02026 du\u00a0Prix Betty Webster\u00a0d&#8217;Orchestres\u00a0Canada est\u00a0<\/span><b><i><span data-contrast=\"auto\">C\u00e9l\u00e9brer\u00a0la\u00a0cr\u00e9ativit\u00e9\u00a0canadienne<\/span><\/i><\/b><span data-contrast=\"auto\">.<\/span><span data-ccp-props=\"{}\">\u00a0<\/span><\/p>\n<p><span data-contrast=\"auto\">Nous savons que le secteur orchestral canadien est plus riche gr\u00e2ce aux nombreuses personnes qui, par leur attention, leur imagination et leur engagement, contribuent \u00e0 l&#8217;\u00e9panouissement de la musique canadienne. Cette ann\u00e9e, nous voulons rendre hommage \u00e0 celles et ceux qui appuient et d\u00e9fendent les projets cr\u00e9atifs des orchestres de fa\u00e7on visible, ainsi\u00a0qu\u2019en coulisses.<\/span><span data-ccp-props=\"{}\">\u00a0<\/span><\/p>\n<p><span data-contrast=\"auto\">Orchestres Canada lance maintenant un appel de candidatures pour le Prix Betty Webster 2026.\u00a0Nous aimerions d\u00e9couvrir des personnes qui ont collabor\u00e9 avec des\u00a0compositeurs.trices, des artistes et des communaut\u00e9s du Canada et les ont mis \u00e0 l&#8217;honneur de l&#8217;une des fa\u00e7ons suivantes, ou d&#8217;une combinaison de ces fa\u00e7ons :<\/span><span data-ccp-props=\"{}\">\u00a0<\/span><\/p>\n<ul>\n<li aria-setsize=\"-1\" data-leveltext=\"\uf0b7\" data-font=\"Symbol\" data-listid=\"2\" data-list-defn-props=\"{&quot;335552541&quot;:1,&quot;335559683&quot;:0,&quot;335559684&quot;:-2,&quot;335559685&quot;:720,&quot;335559991&quot;:360,&quot;469769226&quot;:&quot;Symbol&quot;,&quot;469769242&quot;:[8226],&quot;469777803&quot;:&quot;left&quot;,&quot;469777804&quot;:&quot;\uf0b7&quot;,&quot;469777815&quot;:&quot;hybridMultilevel&quot;}\" data-aria-posinset=\"1\" data-aria-level=\"1\"><span data-contrast=\"auto\">En cr\u00e9ant un espace pour les artistes Autochtones et les artistes issus de communaut\u00e9s m\u00e9ritant l&#8217;\u00e9quit\u00e9 et historiquement sous-repr\u00e9sent\u00e9es, selon leurs propres termes,<\/span><span data-ccp-props=\"{}\">\u00a0<\/span><\/li>\n<\/ul>\n<ul>\n<li aria-setsize=\"-1\" data-leveltext=\"\uf0b7\" data-font=\"Symbol\" data-listid=\"2\" data-list-defn-props=\"{&quot;335552541&quot;:1,&quot;335559683&quot;:0,&quot;335559684&quot;:-2,&quot;335559685&quot;:720,&quot;335559991&quot;:360,&quot;469769226&quot;:&quot;Symbol&quot;,&quot;469769242&quot;:[8226],&quot;469777803&quot;:&quot;left&quot;,&quot;469777804&quot;:&quot;\uf0b7&quot;,&quot;469777815&quot;:&quot;hybridMultilevel&quot;}\" data-aria-posinset=\"2\" data-aria-level=\"1\"><span data-contrast=\"auto\">En contribuant \u00e0 une programmation canadienne originale, \u00e0 des enregistrements, \u00e0 des tourn\u00e9es, \u00e0 des opportunit\u00e9s d&#8217;apprentissage\u00a0et\u00a0\u00e0 des partenariats communautaires, avec un impact dans une ou plusieurs communaut\u00e9s g\u00e9ographiques du Canada.<\/span><span data-ccp-props=\"{}\">\u00a0<\/span><\/li>\n<\/ul>\n<p><span data-contrast=\"auto\">Orchestres Canada accepte les candidatures provenant de l&#8217;ensemble de l&#8217;\u00e9cosyst\u00e8me orchestral, y compris les artistes, les travailleurs culturels, les gestionnaires, les\u00a0\u00e9ducateurs.trices, les partenaires communautaires, les b\u00e9n\u00e9voles, les membres du conseil d&#8217;administration et les\u00a0collaborateurs.trices.<\/span><span data-ccp-props=\"{&quot;335559685&quot;:0}\">\u00a0<\/span><\/p>\n<p><span data-contrast=\"auto\">Nous reconnaissons que le travail d&#8217;impact se produit dans de nombreux r\u00f4les et sous de nombreuses formes, et nous encourageons les candidatures qui refl\u00e8tent toute la diversit\u00e9 des personnes et des pratiques qui fa\u00e7onnent la musique orchestrale au Canada aujourd&#8217;hui.<\/span><span data-ccp-props=\"{&quot;335559685&quot;:0}\">\u00a0<\/span><\/p>\n<p><span style=\"color: #000000;\">Le prix comprend une somme d&#8217;argent qui sera remise \u00e0 l&#8217;orchestre canadien choisi par le laur\u00e9at ou la laur\u00e9ate.<\/span><\/p>\n<p><span style=\"color: #000000;\">Le processus de mise en candidature est simple. Il suffit de remplir le formulaire de mise en candidature et de l\u2019envoyer \u00e0 Boran Zaza <a style=\"color: #000000;\" href=\"mailto:boran@oc.ca\"><b>(boran[arobase]oc[point]ca)<\/b><\/a> d\u2019ici <b>le vendredi 1er mai 2026 \u00e0 15h00, heure de l\u2019Est. <\/b>, accompagn\u00e9 d\u2019une biographie du candidat ou de la candidate, de lettres d\u2019appui et d\u2019une lettre du proposant \u00e9non\u00e7ant les qualit\u00e9s particuli\u00e8res du candidat ou de la candidate.\u00a0\u00a0<\/span><\/p>\n<p><span style=\"color: #000000;\">Nous vous invitons \u00e0 songer au travail inspirant qu\u2019accomplissent des particuliers ou des organismes dans votre communaut\u00e9 puis \u00e0 prendre quelques minutes pour remplir le formulaire de mise en candidature. Le prix Betty-Webster est une excellente mani\u00e8re de rendre hommage \u00e0 nos pairs tout en faisant valoir les orchestres du Canada.\u00a0\u00a0<\/span><\/p>\n<p><span style=\"color: #000000;\"><a style=\"color: #000000;\" href=\"https:\/\/oc.ca\/wp-content\/uploads\/2026\/03\/BWA-Nomination-form-2026-FR.pdf\" target=\"_blank\" rel=\"noopener\"><b>T\u00e9l\u00e9charger le formulaire de mise en candidature du Prix Betty-Webster 2026<\/b><\/a>\u00a0<\/span><\/p>\n<p><span style=\"color: #000000;\"><a style=\"color: #000000;\" href=\"https:\/\/oc.ca\/wp-content\/uploads\/2026\/03\/BWA-Guidelines-2026-FR-.pdf\" target=\"_blank\" rel=\"noopener\"><b>T\u00e9l\u00e9charger les lignes directrices du Prix Betty-Webster 2026<\/b><\/a>\u00a0<\/span><\/p>\n","protected":false},"excerpt":{"rendered":"<p>Prix Betty-Webster d\u2019Orchestres Canada Pour en savoir plus sur les ancien.ne.s laur\u00e9at.e.s : Yvonne DeRoller (2025) | Heather Wootton (2024) | Janna Sailor (2023) | Katia Makdissi-Warren (2022) | Linda Penner (2021) | Yannick N\u00e9zet-S\u00e9guin (2020) |\u00a0Claire Guimond (2019) | Bramwell Tovey (2018) | Ardyth Brott (2017) | John Gomez (2016). La p\u00e9riode de nomination [&hellip;]<\/p>\n","protected":false},"author":1,"featured_media":0,"parent":0,"menu_order":0,"comment_status":"closed","ping_status":"closed","template":"","meta":{"_acf_changed":false,"_monsterinsights_skip_tracking":false,"_monsterinsights_sitenote_active":false,"_monsterinsights_sitenote_note":"","_monsterinsights_sitenote_category":0,"footnotes":""},"class_list":["post-2162","page","type-page","status-publish","hentry"],"acf":[],"yoast_head":"<!-- This site is optimized with the Yoast SEO plugin v27.3 - https:\/\/yoast.com\/product\/yoast-seo-wordpress\/ -->\n<title>Prix Betty-Webster - Orchestras Canada\/Orchestres Canada<\/title>\n<meta name=\"robots\" content=\"index, follow, max-snippet:-1, max-image-preview:large, max-video-preview:-1\" \/>\n<link rel=\"canonical\" href=\"https:\/\/oc.ca\/fr\/betty-webster\/\" \/>\n<meta property=\"og:locale\" content=\"fr_FR\" \/>\n<meta property=\"og:type\" content=\"article\" \/>\n<meta property=\"og:title\" content=\"Prix Betty-Webster - Orchestras Canada\/Orchestres Canada\" \/>\n<meta property=\"og:description\" content=\"Prix Betty-Webster d\u2019Orchestres Canada Pour en savoir plus sur les ancien.ne.s laur\u00e9at.e.s : Yvonne DeRoller (2025) | Heather Wootton (2024) | Janna Sailor (2023) | Katia Makdissi-Warren (2022) | Linda Penner (2021) | Yannick N\u00e9zet-S\u00e9guin (2020) |\u00a0Claire Guimond (2019) | Bramwell Tovey (2018) | Ardyth Brott (2017) | John Gomez (2016). La p\u00e9riode de nomination [&hellip;]\" \/>\n<meta property=\"og:url\" content=\"https:\/\/oc.ca\/fr\/betty-webster\/\" \/>\n<meta property=\"og:site_name\" content=\"Orchestras Canada\/Orchestres Canada\" \/>\n<meta property=\"article:modified_time\" content=\"2026-03-05T23:19:13+00:00\" \/>\n<meta property=\"og:image\" content=\"https:\/\/oc.ca\/wp-content\/uploads\/2019\/01\/betty_webster.png\" \/>\n\t<meta property=\"og:image:width\" content=\"478\" \/>\n\t<meta property=\"og:image:height\" content=\"586\" \/>\n\t<meta property=\"og:image:type\" content=\"image\/png\" \/>\n<meta name=\"twitter:card\" content=\"summary_large_image\" \/>\n<meta name=\"twitter:label1\" content=\"Dur\u00e9e de lecture estim\u00e9e\" \/>\n\t<meta name=\"twitter:data1\" content=\"3 minutes\" \/>\n<script type=\"application\/ld+json\" class=\"yoast-schema-graph\">{\"@context\":\"https:\\\/\\\/schema.org\",\"@graph\":[{\"@type\":\"WebPage\",\"@id\":\"https:\\\/\\\/oc.ca\\\/fr\\\/betty-webster\\\/\",\"url\":\"https:\\\/\\\/oc.ca\\\/fr\\\/betty-webster\\\/\",\"name\":\"Prix Betty-Webster - Orchestras Canada\\\/Orchestres Canada\",\"isPartOf\":{\"@id\":\"https:\\\/\\\/oc.ca\\\/en\\\/#website\"},\"primaryImageOfPage\":{\"@id\":\"https:\\\/\\\/oc.ca\\\/fr\\\/betty-webster\\\/#primaryimage\"},\"image\":{\"@id\":\"https:\\\/\\\/oc.ca\\\/fr\\\/betty-webster\\\/#primaryimage\"},\"thumbnailUrl\":\"https:\\\/\\\/oc.ca\\\/wp-content\\\/uploads\\\/2019\\\/01\\\/betty_webster-245x300.png\",\"datePublished\":\"2019-01-24T19:00:30+00:00\",\"dateModified\":\"2026-03-05T23:19:13+00:00\",\"breadcrumb\":{\"@id\":\"https:\\\/\\\/oc.ca\\\/fr\\\/betty-webster\\\/#breadcrumb\"},\"inLanguage\":\"fr-FR\",\"potentialAction\":[{\"@type\":\"ReadAction\",\"target\":[\"https:\\\/\\\/oc.ca\\\/fr\\\/betty-webster\\\/\"]}]},{\"@type\":\"ImageObject\",\"inLanguage\":\"fr-FR\",\"@id\":\"https:\\\/\\\/oc.ca\\\/fr\\\/betty-webster\\\/#primaryimage\",\"url\":\"https:\\\/\\\/oc.ca\\\/wp-content\\\/uploads\\\/2019\\\/01\\\/betty_webster-245x300.png\",\"contentUrl\":\"https:\\\/\\\/oc.ca\\\/wp-content\\\/uploads\\\/2019\\\/01\\\/betty_webster-245x300.png\"},{\"@type\":\"BreadcrumbList\",\"@id\":\"https:\\\/\\\/oc.ca\\\/fr\\\/betty-webster\\\/#breadcrumb\",\"itemListElement\":[{\"@type\":\"ListItem\",\"position\":1,\"name\":\"Home\",\"item\":\"https:\\\/\\\/oc.ca\\\/fr\\\/\"},{\"@type\":\"ListItem\",\"position\":2,\"name\":\"Prix Betty-Webster\"}]},{\"@type\":\"WebSite\",\"@id\":\"https:\\\/\\\/oc.ca\\\/en\\\/#website\",\"url\":\"https:\\\/\\\/oc.ca\\\/en\\\/\",\"name\":\"Orchestras Canada\\\/Orchestres Canada\",\"description\":\"\",\"publisher\":{\"@id\":\"https:\\\/\\\/oc.ca\\\/en\\\/#organization\"},\"potentialAction\":[{\"@type\":\"SearchAction\",\"target\":{\"@type\":\"EntryPoint\",\"urlTemplate\":\"https:\\\/\\\/oc.ca\\\/en\\\/?s={search_term_string}\"},\"query-input\":{\"@type\":\"PropertyValueSpecification\",\"valueRequired\":true,\"valueName\":\"search_term_string\"}}],\"inLanguage\":\"fr-FR\"},{\"@type\":\"Organization\",\"@id\":\"https:\\\/\\\/oc.ca\\\/en\\\/#organization\",\"name\":\"Orchestras Canada\\\/Orchestres Canada\",\"url\":\"https:\\\/\\\/oc.ca\\\/en\\\/\",\"logo\":{\"@type\":\"ImageObject\",\"inLanguage\":\"fr-FR\",\"@id\":\"https:\\\/\\\/oc.ca\\\/en\\\/#\\\/schema\\\/logo\\\/image\\\/\",\"url\":\"https:\\\/\\\/oc.ca\\\/wp-content\\\/uploads\\\/2019\\\/03\\\/cropped-OC-Logo-800x200-1.png\",\"contentUrl\":\"https:\\\/\\\/oc.ca\\\/wp-content\\\/uploads\\\/2019\\\/03\\\/cropped-OC-Logo-800x200-1.png\",\"width\":400,\"height\":100,\"caption\":\"Orchestras Canada\\\/Orchestres Canada\"},\"image\":{\"@id\":\"https:\\\/\\\/oc.ca\\\/en\\\/#\\\/schema\\\/logo\\\/image\\\/\"}}]}<\/script>\n<!-- \/ Yoast SEO plugin. -->","yoast_head_json":{"title":"Prix Betty-Webster - Orchestras Canada\/Orchestres Canada","robots":{"index":"index","follow":"follow","max-snippet":"max-snippet:-1","max-image-preview":"max-image-preview:large","max-video-preview":"max-video-preview:-1"},"canonical":"https:\/\/oc.ca\/fr\/betty-webster\/","og_locale":"fr_FR","og_type":"article","og_title":"Prix Betty-Webster - Orchestras Canada\/Orchestres Canada","og_description":"Prix Betty-Webster d\u2019Orchestres Canada Pour en savoir plus sur les ancien.ne.s laur\u00e9at.e.s : Yvonne DeRoller (2025) | Heather Wootton (2024) | Janna Sailor (2023) | Katia Makdissi-Warren (2022) | Linda Penner (2021) | Yannick N\u00e9zet-S\u00e9guin (2020) |\u00a0Claire Guimond (2019) | Bramwell Tovey (2018) | Ardyth Brott (2017) | John Gomez (2016). La p\u00e9riode de nomination [&hellip;]","og_url":"https:\/\/oc.ca\/fr\/betty-webster\/","og_site_name":"Orchestras Canada\/Orchestres Canada","article_modified_time":"2026-03-05T23:19:13+00:00","og_image":[{"width":478,"height":586,"url":"https:\/\/oc.ca\/wp-content\/uploads\/2019\/01\/betty_webster.png","type":"image\/png"}],"twitter_card":"summary_large_image","twitter_misc":{"Dur\u00e9e de lecture estim\u00e9e":"3 minutes"},"schema":{"@context":"https:\/\/schema.org","@graph":[{"@type":"WebPage","@id":"https:\/\/oc.ca\/fr\/betty-webster\/","url":"https:\/\/oc.ca\/fr\/betty-webster\/","name":"Prix Betty-Webster - Orchestras Canada\/Orchestres Canada","isPartOf":{"@id":"https:\/\/oc.ca\/en\/#website"},"primaryImageOfPage":{"@id":"https:\/\/oc.ca\/fr\/betty-webster\/#primaryimage"},"image":{"@id":"https:\/\/oc.ca\/fr\/betty-webster\/#primaryimage"},"thumbnailUrl":"https:\/\/oc.ca\/wp-content\/uploads\/2019\/01\/betty_webster-245x300.png","datePublished":"2019-01-24T19:00:30+00:00","dateModified":"2026-03-05T23:19:13+00:00","breadcrumb":{"@id":"https:\/\/oc.ca\/fr\/betty-webster\/#breadcrumb"},"inLanguage":"fr-FR","potentialAction":[{"@type":"ReadAction","target":["https:\/\/oc.ca\/fr\/betty-webster\/"]}]},{"@type":"ImageObject","inLanguage":"fr-FR","@id":"https:\/\/oc.ca\/fr\/betty-webster\/#primaryimage","url":"https:\/\/oc.ca\/wp-content\/uploads\/2019\/01\/betty_webster-245x300.png","contentUrl":"https:\/\/oc.ca\/wp-content\/uploads\/2019\/01\/betty_webster-245x300.png"},{"@type":"BreadcrumbList","@id":"https:\/\/oc.ca\/fr\/betty-webster\/#breadcrumb","itemListElement":[{"@type":"ListItem","position":1,"name":"Home","item":"https:\/\/oc.ca\/fr\/"},{"@type":"ListItem","position":2,"name":"Prix Betty-Webster"}]},{"@type":"WebSite","@id":"https:\/\/oc.ca\/en\/#website","url":"https:\/\/oc.ca\/en\/","name":"Orchestras Canada\/Orchestres Canada","description":"","publisher":{"@id":"https:\/\/oc.ca\/en\/#organization"},"potentialAction":[{"@type":"SearchAction","target":{"@type":"EntryPoint","urlTemplate":"https:\/\/oc.ca\/en\/?s={search_term_string}"},"query-input":{"@type":"PropertyValueSpecification","valueRequired":true,"valueName":"search_term_string"}}],"inLanguage":"fr-FR"},{"@type":"Organization","@id":"https:\/\/oc.ca\/en\/#organization","name":"Orchestras Canada\/Orchestres Canada","url":"https:\/\/oc.ca\/en\/","logo":{"@type":"ImageObject","inLanguage":"fr-FR","@id":"https:\/\/oc.ca\/en\/#\/schema\/logo\/image\/","url":"https:\/\/oc.ca\/wp-content\/uploads\/2019\/03\/cropped-OC-Logo-800x200-1.png","contentUrl":"https:\/\/oc.ca\/wp-content\/uploads\/2019\/03\/cropped-OC-Logo-800x200-1.png","width":400,"height":100,"caption":"Orchestras Canada\/Orchestres Canada"},"image":{"@id":"https:\/\/oc.ca\/en\/#\/schema\/logo\/image\/"}}]}},"_links":{"self":[{"href":"https:\/\/oc.ca\/fr\/wp-json\/wp\/v2\/pages\/2162","targetHints":{"allow":["GET"]}}],"collection":[{"href":"https:\/\/oc.ca\/fr\/wp-json\/wp\/v2\/pages"}],"about":[{"href":"https:\/\/oc.ca\/fr\/wp-json\/wp\/v2\/types\/page"}],"author":[{"embeddable":true,"href":"https:\/\/oc.ca\/fr\/wp-json\/wp\/v2\/users\/1"}],"replies":[{"embeddable":true,"href":"https:\/\/oc.ca\/fr\/wp-json\/wp\/v2\/comments?post=2162"}],"version-history":[{"count":14,"href":"https:\/\/oc.ca\/fr\/wp-json\/wp\/v2\/pages\/2162\/revisions"}],"predecessor-version":[{"id":13243,"href":"https:\/\/oc.ca\/fr\/wp-json\/wp\/v2\/pages\/2162\/revisions\/13243"}],"wp:attachment":[{"href":"https:\/\/oc.ca\/fr\/wp-json\/wp\/v2\/media?parent=2162"}],"curies":[{"name":"wp","href":"https:\/\/api.w.org\/{rel}","templated":true}]}}