{"id":2058,"date":"2018-12-05T20:23:51","date_gmt":"2018-12-05T20:23:51","guid":{"rendered":"http:\/\/demosite2.asurtec.com\/?page_id=2058"},"modified":"2025-08-07T20:04:00","modified_gmt":"2025-08-08T00:04:00","slug":"contact","status":"publish","type":"page","link":"https:\/\/oc.ca\/fr\/contact\/","title":{"rendered":"Contact"},"content":{"rendered":"<p><span style=\"color: #800000;\"><strong><span class=\"TextRun MacChromeBold SCXW140128977 BCX0\" lang=\"EN-US\" xml:lang=\"EN-US\" data-contrast=\"none\"><span class=\"NormalTextRun ContextualSpellingAndGrammarErrorV2Themed SCXW140128977 BCX0\">Attention :<\/span> <span class=\"NormalTextRun SpellingErrorV2Themed SCXW140128977 BCX0\">arnaque<\/span><span class=\"NormalTextRun SCXW140128977 BCX0\"> par <\/span><span class=\"NormalTextRun SpellingErrorV2Themed SCXW140128977 BCX0\">courriel<\/span><span class=\"NormalTextRun SCXW140128977 BCX0\"> de type <\/span><\/span><span class=\"TextRun MacChromeBold SCXW140128977 BCX0\" lang=\"EN-US\" xml:lang=\"EN-US\" data-contrast=\"none\"><span class=\"NormalTextRun SCXW140128977 BCX0\">phishing<\/span><\/span><span class=\"EOP SCXW140128977 BCX0\" data-ccp-props=\"{&quot;134233117&quot;:false,&quot;134233118&quot;:false,&quot;335551550&quot;:0,&quot;335551620&quot;:0,&quot;335559738&quot;:240,&quot;335559739&quot;:240}\">\u00a0<\/span><\/strong><\/span><\/p>\n<p><span data-contrast=\"none\">Orchestres Canada a pris connaissance d\u2019une escroquerie par hame\u00e7onnage par courriel, par laquelle vous avez peut-\u00eatre re\u00e7u un courriel d\u2019une adresse \u00e9lectronique suspecte pr\u00e9tendant vendre l\u2019acc\u00e8s \u00e0 une \u00ab liste de distribution\/membres \u00bb d\u2019Orchestres Canada.\u00a0<\/span><span data-ccp-props=\"{&quot;134233117&quot;:false,&quot;134233118&quot;:false,&quot;335551550&quot;:0,&quot;335551620&quot;:0,&quot;335557856&quot;:16777215,&quot;335559738&quot;:225,&quot;335559739&quot;:225}\">\u00a0<\/span><\/p>\n<p><b><span data-contrast=\"none\">Il n\u2019y a pas de liste des personnes-ressources d\u2019Orchestres Canada \u00e0 vendre.<\/span><\/b><span data-contrast=\"none\">\u00a0Orchestres Canada n\u2019a aucun lien avec cette escroquerie.\u00a0\u00a0\u00a0<\/span><span data-ccp-props=\"{&quot;134233117&quot;:false,&quot;134233118&quot;:false,&quot;335551550&quot;:0,&quot;335551620&quot;:0,&quot;335557856&quot;:16777215,&quot;335559738&quot;:225,&quot;335559739&quot;:225}\">\u00a0<\/span><\/p>\n<p><span data-contrast=\"none\">Si vous avez re\u00e7u un courriel comme celui d\u00e9crit ci-dessus, n\u2019y r\u00e9pondez pas et ne partagez aucune information avec l\u2019exp\u00e9diteur.\u00a0<\/span><b><span data-contrast=\"none\">Il suffit de supprimer le courriel.<\/span><\/b><b><span data-contrast=\"none\">\u00a0<\/span><\/b><span data-contrast=\"none\">Veuillez transmettre ce message \u00e0 vos coll\u00e8gues de votre organisation.\u00a0\u00a0<\/span><span data-ccp-props=\"{&quot;134233117&quot;:false,&quot;134233118&quot;:false,&quot;335551550&quot;:0,&quot;335551620&quot;:0,&quot;335557856&quot;:16777215,&quot;335559738&quot;:225,&quot;335559739&quot;:225}\">\u00a0<\/span><\/p>\n<p><span data-contrast=\"none\">Orchestres Canada peut, sur demande, fournir aux\u00a0<\/span><i><span data-contrast=\"none\">orchestres membres<\/span><\/i><span data-contrast=\"none\"> les coordonn\u00e9es accessibles au public de repr\u00e9sentants d\u00e9sign\u00e9s d\u2019autres orchestres membres. L\u2019utilisation pr\u00e9vue de ces renseignements doit \u00eatre conforme aux politiques d\u2019OC en mati\u00e8re de protection de la vie priv\u00e9e et de lutte contre le pourriel, et la d\u00e9cision finale reviendra au personnel d\u2019OC. Pour b\u00e9n\u00e9ficier de cet avantage d\u2019adh\u00e9sion, veuillez envoyer votre demande, accompagn\u00e9e d\u2019une justification, par courriel \u00e0 info[arobase]oc[point]ca<\/span><\/p>\n<p><span data-contrast=\"none\">Merci,\u00a0<\/span><span data-ccp-props=\"{&quot;134233117&quot;:false,&quot;134233118&quot;:false,&quot;335551550&quot;:0,&quot;335551620&quot;:0,&quot;335557856&quot;:16777215,&quot;335559738&quot;:225,&quot;335559739&quot;:225}\">\u00a0<\/span><\/p>\n<p><span data-contrast=\"none\">L\u2019\u00e9quipe d\u2019Orchestres Canada<\/span><span data-ccp-props=\"{&quot;134233117&quot;:false,&quot;134233118&quot;:false,&quot;335551550&quot;:0,&quot;335551620&quot;:0,&quot;335557856&quot;:16777215,&quot;335559738&quot;:225,&quot;335559739&quot;:225}\">\u00a0<\/span><\/p>\n<hr \/>\n<p><strong>Nous\u00a0attendons avec\u00a0int\u00e9r\u00eat vos questions, vos\u00a0commentaires et vos suggestions<\/strong><\/p>\n<p>Vous pouvez communiquer avec l\u2019\u00e9quipe de personnel d\u2019Orchestres Canada en nous envoyant un courriel ou en nous t\u00e9l\u00e9phonant aux num\u00e9ros indiqu\u00e9s ci-dessous.<\/p>\n<p>Num\u00e9ro sans frais :\u00a0877-809-7288<\/p>\n<p><strong><a href=\"https:\/\/oc.ca\/fr\/bios\/katherine_carleton\/\">Katherine Carleton<\/a>, (elle), directrice g\u00e9n\u00e9rale<\/strong><br \/>\nPoste 1 ou par\u00a0courriel : katherine[arobase]oc[point]ca<\/p>\n<p><strong><a href=\"https:\/\/oc.ca\/fr\/bios\/lauren-drew\/\">Lauren Drew<\/a>, (elle), directrice <b>des op\u00e9rations et des services aux membres<\/b><\/strong><br \/>\nPoste 2 ou par courriel : lauren[arobase]oc[point]ca<\/p>\n<p><strong><a href=\"https:\/\/oc.ca\/fr\/bios\/boran-zaza\/\">Boran Zaza<\/a>, (elle), directrice <b>des communications et du d\u00e9veloppement<\/b><\/strong><br \/>\nPoste 3 ou par courriel : boran[arobase]oc[point]ca<\/p>\n<p><strong>Des questions sur les avis de postes?<\/strong><br \/>\nCliquez ici pour communiquer avec nous par courriel : jobs[arobase]oc[point]ca<\/p>\n<p><strong>Adresse postale<\/strong><br \/>\nOrchestres Canada est un organisme virtuel! Nous travaillons d&#8217;o\u00f9 que nous soyons pour vous servir. Nous avons une adresse postale si vous souhaitez nous joindre par courrier :<\/p>\n<p>Orchestres Canada<br \/>\nattn. Peterborough Business Hub<br \/>\n398 McDonnel St Unit# 4<br \/>\nPeterborough, ON K9H 2X4<br \/>\nCanada<\/p>\n","protected":false},"excerpt":{"rendered":"<p>Attention : arnaque par courriel de type phishing\u00a0 Orchestres Canada a pris connaissance d\u2019une escroquerie par hame\u00e7onnage par courriel, par laquelle vous avez peut-\u00eatre re\u00e7u un courriel d\u2019une adresse \u00e9lectronique suspecte pr\u00e9tendant vendre l\u2019acc\u00e8s \u00e0 une \u00ab liste de distribution\/membres \u00bb d\u2019Orchestres Canada.\u00a0\u00a0 Il n\u2019y a pas de liste des personnes-ressources d\u2019Orchestres Canada \u00e0 vendre.\u00a0Orchestres [&hellip;]<\/p>\n","protected":false},"author":1,"featured_media":0,"parent":0,"menu_order":0,"comment_status":"closed","ping_status":"closed","template":"","meta":{"_acf_changed":false,"_monsterinsights_skip_tracking":false,"_monsterinsights_sitenote_active":false,"_monsterinsights_sitenote_note":"","_monsterinsights_sitenote_category":0,"footnotes":""},"class_list":["post-2058","page","type-page","status-publish","hentry"],"acf":[],"yoast_head":"<!-- This site is optimized with the Yoast SEO plugin v27.3 - https:\/\/yoast.com\/product\/yoast-seo-wordpress\/ -->\n<title>Contact - Orchestras Canada\/Orchestres Canada<\/title>\n<meta name=\"robots\" content=\"index, follow, max-snippet:-1, max-image-preview:large, max-video-preview:-1\" \/>\n<link rel=\"canonical\" href=\"https:\/\/oc.ca\/fr\/contact\/\" \/>\n<meta property=\"og:locale\" content=\"fr_FR\" \/>\n<meta property=\"og:type\" content=\"article\" \/>\n<meta property=\"og:title\" content=\"Contact - Orchestras Canada\/Orchestres Canada\" \/>\n<meta property=\"og:description\" content=\"Attention : arnaque par courriel de type phishing\u00a0 Orchestres Canada a pris connaissance d\u2019une escroquerie par hame\u00e7onnage par courriel, par laquelle vous avez peut-\u00eatre re\u00e7u un courriel d\u2019une adresse \u00e9lectronique suspecte pr\u00e9tendant vendre l\u2019acc\u00e8s \u00e0 une \u00ab liste de distribution\/membres \u00bb d\u2019Orchestres Canada.\u00a0\u00a0 Il n\u2019y a pas de liste des personnes-ressources d\u2019Orchestres Canada \u00e0 vendre.\u00a0Orchestres [&hellip;]\" \/>\n<meta property=\"og:url\" content=\"https:\/\/oc.ca\/fr\/contact\/\" \/>\n<meta property=\"og:site_name\" content=\"Orchestras Canada\/Orchestres Canada\" \/>\n<meta property=\"article:modified_time\" content=\"2025-08-08T00:04:00+00:00\" \/>\n<meta name=\"twitter:card\" content=\"summary_large_image\" \/>\n<meta name=\"twitter:label1\" content=\"Dur\u00e9e de lecture estim\u00e9e\" \/>\n\t<meta name=\"twitter:data1\" content=\"2 minutes\" \/>\n<script type=\"application\/ld+json\" class=\"yoast-schema-graph\">{\"@context\":\"https:\\\/\\\/schema.org\",\"@graph\":[{\"@type\":\"WebPage\",\"@id\":\"https:\\\/\\\/oc.ca\\\/fr\\\/contact\\\/\",\"url\":\"https:\\\/\\\/oc.ca\\\/fr\\\/contact\\\/\",\"name\":\"Contact - Orchestras Canada\\\/Orchestres Canada\",\"isPartOf\":{\"@id\":\"https:\\\/\\\/oc.ca\\\/en\\\/#website\"},\"datePublished\":\"2018-12-05T20:23:51+00:00\",\"dateModified\":\"2025-08-08T00:04:00+00:00\",\"breadcrumb\":{\"@id\":\"https:\\\/\\\/oc.ca\\\/fr\\\/contact\\\/#breadcrumb\"},\"inLanguage\":\"fr-FR\",\"potentialAction\":[{\"@type\":\"ReadAction\",\"target\":[\"https:\\\/\\\/oc.ca\\\/fr\\\/contact\\\/\"]}]},{\"@type\":\"BreadcrumbList\",\"@id\":\"https:\\\/\\\/oc.ca\\\/fr\\\/contact\\\/#breadcrumb\",\"itemListElement\":[{\"@type\":\"ListItem\",\"position\":1,\"name\":\"Home\",\"item\":\"https:\\\/\\\/oc.ca\\\/fr\\\/\"},{\"@type\":\"ListItem\",\"position\":2,\"name\":\"Contact\"}]},{\"@type\":\"WebSite\",\"@id\":\"https:\\\/\\\/oc.ca\\\/en\\\/#website\",\"url\":\"https:\\\/\\\/oc.ca\\\/en\\\/\",\"name\":\"Orchestras Canada\\\/Orchestres Canada\",\"description\":\"\",\"publisher\":{\"@id\":\"https:\\\/\\\/oc.ca\\\/en\\\/#organization\"},\"potentialAction\":[{\"@type\":\"SearchAction\",\"target\":{\"@type\":\"EntryPoint\",\"urlTemplate\":\"https:\\\/\\\/oc.ca\\\/en\\\/?s={search_term_string}\"},\"query-input\":{\"@type\":\"PropertyValueSpecification\",\"valueRequired\":true,\"valueName\":\"search_term_string\"}}],\"inLanguage\":\"fr-FR\"},{\"@type\":\"Organization\",\"@id\":\"https:\\\/\\\/oc.ca\\\/en\\\/#organization\",\"name\":\"Orchestras Canada\\\/Orchestres Canada\",\"url\":\"https:\\\/\\\/oc.ca\\\/en\\\/\",\"logo\":{\"@type\":\"ImageObject\",\"inLanguage\":\"fr-FR\",\"@id\":\"https:\\\/\\\/oc.ca\\\/en\\\/#\\\/schema\\\/logo\\\/image\\\/\",\"url\":\"https:\\\/\\\/oc.ca\\\/wp-content\\\/uploads\\\/2019\\\/03\\\/cropped-OC-Logo-800x200-1.png\",\"contentUrl\":\"https:\\\/\\\/oc.ca\\\/wp-content\\\/uploads\\\/2019\\\/03\\\/cropped-OC-Logo-800x200-1.png\",\"width\":400,\"height\":100,\"caption\":\"Orchestras Canada\\\/Orchestres Canada\"},\"image\":{\"@id\":\"https:\\\/\\\/oc.ca\\\/en\\\/#\\\/schema\\\/logo\\\/image\\\/\"}}]}<\/script>\n<!-- \/ Yoast SEO plugin. -->","yoast_head_json":{"title":"Contact - Orchestras Canada\/Orchestres Canada","robots":{"index":"index","follow":"follow","max-snippet":"max-snippet:-1","max-image-preview":"max-image-preview:large","max-video-preview":"max-video-preview:-1"},"canonical":"https:\/\/oc.ca\/fr\/contact\/","og_locale":"fr_FR","og_type":"article","og_title":"Contact - Orchestras Canada\/Orchestres Canada","og_description":"Attention : arnaque par courriel de type phishing\u00a0 Orchestres Canada a pris connaissance d\u2019une escroquerie par hame\u00e7onnage par courriel, par laquelle vous avez peut-\u00eatre re\u00e7u un courriel d\u2019une adresse \u00e9lectronique suspecte pr\u00e9tendant vendre l\u2019acc\u00e8s \u00e0 une \u00ab liste de distribution\/membres \u00bb d\u2019Orchestres Canada.\u00a0\u00a0 Il n\u2019y a pas de liste des personnes-ressources d\u2019Orchestres Canada \u00e0 vendre.\u00a0Orchestres [&hellip;]","og_url":"https:\/\/oc.ca\/fr\/contact\/","og_site_name":"Orchestras Canada\/Orchestres Canada","article_modified_time":"2025-08-08T00:04:00+00:00","twitter_card":"summary_large_image","twitter_misc":{"Dur\u00e9e de lecture estim\u00e9e":"2 minutes"},"schema":{"@context":"https:\/\/schema.org","@graph":[{"@type":"WebPage","@id":"https:\/\/oc.ca\/fr\/contact\/","url":"https:\/\/oc.ca\/fr\/contact\/","name":"Contact - Orchestras Canada\/Orchestres Canada","isPartOf":{"@id":"https:\/\/oc.ca\/en\/#website"},"datePublished":"2018-12-05T20:23:51+00:00","dateModified":"2025-08-08T00:04:00+00:00","breadcrumb":{"@id":"https:\/\/oc.ca\/fr\/contact\/#breadcrumb"},"inLanguage":"fr-FR","potentialAction":[{"@type":"ReadAction","target":["https:\/\/oc.ca\/fr\/contact\/"]}]},{"@type":"BreadcrumbList","@id":"https:\/\/oc.ca\/fr\/contact\/#breadcrumb","itemListElement":[{"@type":"ListItem","position":1,"name":"Home","item":"https:\/\/oc.ca\/fr\/"},{"@type":"ListItem","position":2,"name":"Contact"}]},{"@type":"WebSite","@id":"https:\/\/oc.ca\/en\/#website","url":"https:\/\/oc.ca\/en\/","name":"Orchestras Canada\/Orchestres Canada","description":"","publisher":{"@id":"https:\/\/oc.ca\/en\/#organization"},"potentialAction":[{"@type":"SearchAction","target":{"@type":"EntryPoint","urlTemplate":"https:\/\/oc.ca\/en\/?s={search_term_string}"},"query-input":{"@type":"PropertyValueSpecification","valueRequired":true,"valueName":"search_term_string"}}],"inLanguage":"fr-FR"},{"@type":"Organization","@id":"https:\/\/oc.ca\/en\/#organization","name":"Orchestras Canada\/Orchestres Canada","url":"https:\/\/oc.ca\/en\/","logo":{"@type":"ImageObject","inLanguage":"fr-FR","@id":"https:\/\/oc.ca\/en\/#\/schema\/logo\/image\/","url":"https:\/\/oc.ca\/wp-content\/uploads\/2019\/03\/cropped-OC-Logo-800x200-1.png","contentUrl":"https:\/\/oc.ca\/wp-content\/uploads\/2019\/03\/cropped-OC-Logo-800x200-1.png","width":400,"height":100,"caption":"Orchestras Canada\/Orchestres Canada"},"image":{"@id":"https:\/\/oc.ca\/en\/#\/schema\/logo\/image\/"}}]}},"_links":{"self":[{"href":"https:\/\/oc.ca\/fr\/wp-json\/wp\/v2\/pages\/2058","targetHints":{"allow":["GET"]}}],"collection":[{"href":"https:\/\/oc.ca\/fr\/wp-json\/wp\/v2\/pages"}],"about":[{"href":"https:\/\/oc.ca\/fr\/wp-json\/wp\/v2\/types\/page"}],"author":[{"embeddable":true,"href":"https:\/\/oc.ca\/fr\/wp-json\/wp\/v2\/users\/1"}],"replies":[{"embeddable":true,"href":"https:\/\/oc.ca\/fr\/wp-json\/wp\/v2\/comments?post=2058"}],"version-history":[{"count":11,"href":"https:\/\/oc.ca\/fr\/wp-json\/wp\/v2\/pages\/2058\/revisions"}],"predecessor-version":[{"id":15367,"href":"https:\/\/oc.ca\/fr\/wp-json\/wp\/v2\/pages\/2058\/revisions\/15367"}],"wp:attachment":[{"href":"https:\/\/oc.ca\/fr\/wp-json\/wp\/v2\/media?parent=2058"}],"curies":[{"name":"wp","href":"https:\/\/api.w.org\/{rel}","templated":true}]}}