{"id":15771,"date":"2025-11-05T17:17:23","date_gmt":"2025-11-05T22:17:23","guid":{"rendered":"https:\/\/oc.ca\/?page_id=15771"},"modified":"2025-11-05T17:17:23","modified_gmt":"2025-11-05T22:17:23","slug":"o2-congres-canadien-de-lopera-et-de-lorchestre","status":"publish","type":"page","link":"https:\/\/oc.ca\/fr\/o2-congres-canadien-de-lopera-et-de-lorchestre\/","title":{"rendered":"O2 : Congr\u00e8s canadien de l&#8217;op\u00e9ra et de l&#8217;orchestre"},"content":{"rendered":"<p><strong data-start=\"611\" data-end=\"619\">Lieu<\/strong>\u00a0: Edmonton, Alberta<br data-start=\"639\" data-end=\"642\" \/><strong data-start=\"645\" data-end=\"653\">Date<\/strong>\u00a0: 3 \u00e0 5 f\u00e9vrier 2026<\/p>\n<p>Le congr\u00e8s conjoint O\u2082 est l\u2019\u00e9v\u00e9nement national le plus important du secteur des orchestres et de l\u2019op\u00e9ra au Canada. Il est coproduit par Orchestres Canada et l\u2019Association pour l\u2019op\u00e9ra au Canada, avec le soutien de l\u2019Edmonton Opera et de l\u2019Edmonton Symphony Orchestra en tant qu\u2019h\u00f4tes.<\/p>\n<p>Le congr\u00e8s se tiendra du 3 au 5 f\u00e9vrier 2026, \u00e0 l\u2019h\u00f4tel DoubleTree \u00e0 Edmonton, et accueillera 150 professionnel\u00b7le\u00b7s de l\u2019op\u00e9ra et des orchestres de tout le pays pour des moments d\u2019apprentissage, d\u2019\u00e9change et de r\u00e9flexion strat\u00e9gique. Une cocktail-r\u00e9ception aura lieu le 3 f\u00e9vrier au Winspear Centre.<\/p>\n<p>On se voit \u00e0 Edmonton?<\/p>\n<p style=\"text-align: center;\"><a href=\"https:\/\/app.swapcard.com\/event\/o2-conference\" target=\"_blank\" rel=\"noopener\"><strong><button class=\"blue-button-medium\">Visitez le site web du congr\u00e8s!<\/button><\/strong><\/a><\/p>\n<p>(<u><b>IMPORTANT<\/b><\/u>\u00a0: Le site web est disponible en fran\u00e7ais. Cliquez sur la fl\u00e8che dans le coin sup\u00e9rieur droit, s\u00e9lectionnez \u00ab langue \u00bb et choisissez \u00ab fran\u00e7ais canadien \u00bb pour acc\u00e9der \u00e0 la version fran\u00e7aise du site web.)<\/p>\n","protected":false},"excerpt":{"rendered":"<p>Lieu\u00a0: Edmonton, AlbertaDate\u00a0: 3 \u00e0 5 f\u00e9vrier 2026 Le congr\u00e8s conjoint O\u2082 est l\u2019\u00e9v\u00e9nement national le plus important du secteur des orchestres et de l\u2019op\u00e9ra au Canada. Il est coproduit par Orchestres Canada et l\u2019Association pour l\u2019op\u00e9ra au Canada, avec le soutien de l\u2019Edmonton Opera et de l\u2019Edmonton Symphony Orchestra en tant qu\u2019h\u00f4tes. Le congr\u00e8s [&hellip;]<\/p>\n","protected":false},"author":10,"featured_media":14995,"parent":0,"menu_order":0,"comment_status":"closed","ping_status":"closed","template":"","meta":{"_acf_changed":false,"_monsterinsights_skip_tracking":false,"_monsterinsights_sitenote_active":false,"_monsterinsights_sitenote_note":"","_monsterinsights_sitenote_category":0,"footnotes":""},"class_list":["post-15771","page","type-page","status-publish","has-post-thumbnail","hentry"],"acf":[],"yoast_head":"<!-- This site is optimized with the Yoast SEO plugin v27.5 - https:\/\/yoast.com\/product\/yoast-seo-wordpress\/ -->\n<title>O2 : Congr\u00e8s canadien de l&#039;op\u00e9ra et de l&#039;orchestre - Orchestras Canada\/Orchestres Canada<\/title>\n<meta name=\"robots\" content=\"index, follow, max-snippet:-1, max-image-preview:large, max-video-preview:-1\" \/>\n<link rel=\"canonical\" href=\"https:\/\/oc.ca\/fr\/o2-congres-canadien-de-lopera-et-de-lorchestre\/\" \/>\n<meta property=\"og:locale\" content=\"fr_FR\" \/>\n<meta property=\"og:type\" content=\"article\" \/>\n<meta property=\"og:title\" content=\"O2 : Congr\u00e8s canadien de l&#039;op\u00e9ra et de l&#039;orchestre - Orchestras Canada\/Orchestres Canada\" \/>\n<meta property=\"og:description\" content=\"Lieu\u00a0: Edmonton, AlbertaDate\u00a0: 3 \u00e0 5 f\u00e9vrier 2026 Le congr\u00e8s conjoint O\u2082 est l\u2019\u00e9v\u00e9nement national le plus important du secteur des orchestres et de l\u2019op\u00e9ra au Canada. Il est coproduit par Orchestres Canada et l\u2019Association pour l\u2019op\u00e9ra au Canada, avec le soutien de l\u2019Edmonton Opera et de l\u2019Edmonton Symphony Orchestra en tant qu\u2019h\u00f4tes. Le congr\u00e8s [&hellip;]\" \/>\n<meta property=\"og:url\" content=\"https:\/\/oc.ca\/fr\/o2-congres-canadien-de-lopera-et-de-lorchestre\/\" \/>\n<meta property=\"og:site_name\" content=\"Orchestras Canada\/Orchestres Canada\" \/>\n<meta property=\"og:image\" content=\"https:\/\/oc.ca\/wp-content\/uploads\/2025\/04\/FR-O2-Dates.png\" \/>\n\t<meta property=\"og:image:width\" content=\"940\" \/>\n\t<meta property=\"og:image:height\" content=\"788\" \/>\n\t<meta property=\"og:image:type\" content=\"image\/png\" \/>\n<meta name=\"twitter:card\" content=\"summary_large_image\" \/>\n<meta name=\"twitter:label1\" content=\"Dur\u00e9e de lecture estim\u00e9e\" \/>\n\t<meta name=\"twitter:data1\" content=\"1 minute\" \/>\n<script type=\"application\/ld+json\" class=\"yoast-schema-graph\">{\"@context\":\"https:\\\/\\\/schema.org\",\"@graph\":[{\"@type\":\"WebPage\",\"@id\":\"https:\\\/\\\/oc.ca\\\/fr\\\/o2-congres-canadien-de-lopera-et-de-lorchestre\\\/\",\"url\":\"https:\\\/\\\/oc.ca\\\/fr\\\/o2-congres-canadien-de-lopera-et-de-lorchestre\\\/\",\"name\":\"O2 : Congr\u00e8s canadien de l'op\u00e9ra et de l'orchestre - Orchestras Canada\\\/Orchestres Canada\",\"isPartOf\":{\"@id\":\"https:\\\/\\\/oc.ca\\\/en\\\/#website\"},\"primaryImageOfPage\":{\"@id\":\"https:\\\/\\\/oc.ca\\\/fr\\\/o2-congres-canadien-de-lopera-et-de-lorchestre\\\/#primaryimage\"},\"image\":{\"@id\":\"https:\\\/\\\/oc.ca\\\/fr\\\/o2-congres-canadien-de-lopera-et-de-lorchestre\\\/#primaryimage\"},\"thumbnailUrl\":\"https:\\\/\\\/oc.ca\\\/wp-content\\\/uploads\\\/2025\\\/04\\\/FR-O2-Dates.png\",\"datePublished\":\"2025-11-05T22:17:23+00:00\",\"breadcrumb\":{\"@id\":\"https:\\\/\\\/oc.ca\\\/fr\\\/o2-congres-canadien-de-lopera-et-de-lorchestre\\\/#breadcrumb\"},\"inLanguage\":\"fr-FR\",\"potentialAction\":[{\"@type\":\"ReadAction\",\"target\":[\"https:\\\/\\\/oc.ca\\\/fr\\\/o2-congres-canadien-de-lopera-et-de-lorchestre\\\/\"]}]},{\"@type\":\"ImageObject\",\"inLanguage\":\"fr-FR\",\"@id\":\"https:\\\/\\\/oc.ca\\\/fr\\\/o2-congres-canadien-de-lopera-et-de-lorchestre\\\/#primaryimage\",\"url\":\"https:\\\/\\\/oc.ca\\\/wp-content\\\/uploads\\\/2025\\\/04\\\/FR-O2-Dates.png\",\"contentUrl\":\"https:\\\/\\\/oc.ca\\\/wp-content\\\/uploads\\\/2025\\\/04\\\/FR-O2-Dates.png\",\"width\":940,\"height\":788},{\"@type\":\"BreadcrumbList\",\"@id\":\"https:\\\/\\\/oc.ca\\\/fr\\\/o2-congres-canadien-de-lopera-et-de-lorchestre\\\/#breadcrumb\",\"itemListElement\":[{\"@type\":\"ListItem\",\"position\":1,\"name\":\"Home\",\"item\":\"https:\\\/\\\/oc.ca\\\/fr\\\/\"},{\"@type\":\"ListItem\",\"position\":2,\"name\":\"O2 : Congr\u00e8s canadien de l&#8217;op\u00e9ra et de l&#8217;orchestre\"}]},{\"@type\":\"WebSite\",\"@id\":\"https:\\\/\\\/oc.ca\\\/en\\\/#website\",\"url\":\"https:\\\/\\\/oc.ca\\\/en\\\/\",\"name\":\"Orchestras Canada\\\/Orchestres Canada\",\"description\":\"\",\"publisher\":{\"@id\":\"https:\\\/\\\/oc.ca\\\/en\\\/#organization\"},\"potentialAction\":[{\"@type\":\"SearchAction\",\"target\":{\"@type\":\"EntryPoint\",\"urlTemplate\":\"https:\\\/\\\/oc.ca\\\/en\\\/?s={search_term_string}\"},\"query-input\":{\"@type\":\"PropertyValueSpecification\",\"valueRequired\":true,\"valueName\":\"search_term_string\"}}],\"inLanguage\":\"fr-FR\"},{\"@type\":\"Organization\",\"@id\":\"https:\\\/\\\/oc.ca\\\/en\\\/#organization\",\"name\":\"Orchestras Canada\\\/Orchestres Canada\",\"url\":\"https:\\\/\\\/oc.ca\\\/en\\\/\",\"logo\":{\"@type\":\"ImageObject\",\"inLanguage\":\"fr-FR\",\"@id\":\"https:\\\/\\\/oc.ca\\\/en\\\/#\\\/schema\\\/logo\\\/image\\\/\",\"url\":\"https:\\\/\\\/oc.ca\\\/wp-content\\\/uploads\\\/2019\\\/03\\\/cropped-OC-Logo-800x200-1.png\",\"contentUrl\":\"https:\\\/\\\/oc.ca\\\/wp-content\\\/uploads\\\/2019\\\/03\\\/cropped-OC-Logo-800x200-1.png\",\"width\":400,\"height\":100,\"caption\":\"Orchestras Canada\\\/Orchestres Canada\"},\"image\":{\"@id\":\"https:\\\/\\\/oc.ca\\\/en\\\/#\\\/schema\\\/logo\\\/image\\\/\"}}]}<\/script>\n<!-- \/ Yoast SEO plugin. -->","yoast_head_json":{"title":"O2 : Congr\u00e8s canadien de l'op\u00e9ra et de l'orchestre - Orchestras Canada\/Orchestres Canada","robots":{"index":"index","follow":"follow","max-snippet":"max-snippet:-1","max-image-preview":"max-image-preview:large","max-video-preview":"max-video-preview:-1"},"canonical":"https:\/\/oc.ca\/fr\/o2-congres-canadien-de-lopera-et-de-lorchestre\/","og_locale":"fr_FR","og_type":"article","og_title":"O2 : Congr\u00e8s canadien de l'op\u00e9ra et de l'orchestre - Orchestras Canada\/Orchestres Canada","og_description":"Lieu\u00a0: Edmonton, AlbertaDate\u00a0: 3 \u00e0 5 f\u00e9vrier 2026 Le congr\u00e8s conjoint O\u2082 est l\u2019\u00e9v\u00e9nement national le plus important du secteur des orchestres et de l\u2019op\u00e9ra au Canada. Il est coproduit par Orchestres Canada et l\u2019Association pour l\u2019op\u00e9ra au Canada, avec le soutien de l\u2019Edmonton Opera et de l\u2019Edmonton Symphony Orchestra en tant qu\u2019h\u00f4tes. Le congr\u00e8s [&hellip;]","og_url":"https:\/\/oc.ca\/fr\/o2-congres-canadien-de-lopera-et-de-lorchestre\/","og_site_name":"Orchestras Canada\/Orchestres Canada","og_image":[{"width":940,"height":788,"url":"https:\/\/oc.ca\/wp-content\/uploads\/2025\/04\/FR-O2-Dates.png","type":"image\/png"}],"twitter_card":"summary_large_image","twitter_misc":{"Dur\u00e9e de lecture estim\u00e9e":"1 minute"},"schema":{"@context":"https:\/\/schema.org","@graph":[{"@type":"WebPage","@id":"https:\/\/oc.ca\/fr\/o2-congres-canadien-de-lopera-et-de-lorchestre\/","url":"https:\/\/oc.ca\/fr\/o2-congres-canadien-de-lopera-et-de-lorchestre\/","name":"O2 : Congr\u00e8s canadien de l'op\u00e9ra et de l'orchestre - Orchestras Canada\/Orchestres Canada","isPartOf":{"@id":"https:\/\/oc.ca\/en\/#website"},"primaryImageOfPage":{"@id":"https:\/\/oc.ca\/fr\/o2-congres-canadien-de-lopera-et-de-lorchestre\/#primaryimage"},"image":{"@id":"https:\/\/oc.ca\/fr\/o2-congres-canadien-de-lopera-et-de-lorchestre\/#primaryimage"},"thumbnailUrl":"https:\/\/oc.ca\/wp-content\/uploads\/2025\/04\/FR-O2-Dates.png","datePublished":"2025-11-05T22:17:23+00:00","breadcrumb":{"@id":"https:\/\/oc.ca\/fr\/o2-congres-canadien-de-lopera-et-de-lorchestre\/#breadcrumb"},"inLanguage":"fr-FR","potentialAction":[{"@type":"ReadAction","target":["https:\/\/oc.ca\/fr\/o2-congres-canadien-de-lopera-et-de-lorchestre\/"]}]},{"@type":"ImageObject","inLanguage":"fr-FR","@id":"https:\/\/oc.ca\/fr\/o2-congres-canadien-de-lopera-et-de-lorchestre\/#primaryimage","url":"https:\/\/oc.ca\/wp-content\/uploads\/2025\/04\/FR-O2-Dates.png","contentUrl":"https:\/\/oc.ca\/wp-content\/uploads\/2025\/04\/FR-O2-Dates.png","width":940,"height":788},{"@type":"BreadcrumbList","@id":"https:\/\/oc.ca\/fr\/o2-congres-canadien-de-lopera-et-de-lorchestre\/#breadcrumb","itemListElement":[{"@type":"ListItem","position":1,"name":"Home","item":"https:\/\/oc.ca\/fr\/"},{"@type":"ListItem","position":2,"name":"O2 : Congr\u00e8s canadien de l&#8217;op\u00e9ra et de l&#8217;orchestre"}]},{"@type":"WebSite","@id":"https:\/\/oc.ca\/en\/#website","url":"https:\/\/oc.ca\/en\/","name":"Orchestras Canada\/Orchestres Canada","description":"","publisher":{"@id":"https:\/\/oc.ca\/en\/#organization"},"potentialAction":[{"@type":"SearchAction","target":{"@type":"EntryPoint","urlTemplate":"https:\/\/oc.ca\/en\/?s={search_term_string}"},"query-input":{"@type":"PropertyValueSpecification","valueRequired":true,"valueName":"search_term_string"}}],"inLanguage":"fr-FR"},{"@type":"Organization","@id":"https:\/\/oc.ca\/en\/#organization","name":"Orchestras Canada\/Orchestres Canada","url":"https:\/\/oc.ca\/en\/","logo":{"@type":"ImageObject","inLanguage":"fr-FR","@id":"https:\/\/oc.ca\/en\/#\/schema\/logo\/image\/","url":"https:\/\/oc.ca\/wp-content\/uploads\/2019\/03\/cropped-OC-Logo-800x200-1.png","contentUrl":"https:\/\/oc.ca\/wp-content\/uploads\/2019\/03\/cropped-OC-Logo-800x200-1.png","width":400,"height":100,"caption":"Orchestras Canada\/Orchestres Canada"},"image":{"@id":"https:\/\/oc.ca\/en\/#\/schema\/logo\/image\/"}}]}},"_links":{"self":[{"href":"https:\/\/oc.ca\/fr\/wp-json\/wp\/v2\/pages\/15771","targetHints":{"allow":["GET"]}}],"collection":[{"href":"https:\/\/oc.ca\/fr\/wp-json\/wp\/v2\/pages"}],"about":[{"href":"https:\/\/oc.ca\/fr\/wp-json\/wp\/v2\/types\/page"}],"author":[{"embeddable":true,"href":"https:\/\/oc.ca\/fr\/wp-json\/wp\/v2\/users\/10"}],"replies":[{"embeddable":true,"href":"https:\/\/oc.ca\/fr\/wp-json\/wp\/v2\/comments?post=15771"}],"version-history":[{"count":1,"href":"https:\/\/oc.ca\/fr\/wp-json\/wp\/v2\/pages\/15771\/revisions"}],"predecessor-version":[{"id":15772,"href":"https:\/\/oc.ca\/fr\/wp-json\/wp\/v2\/pages\/15771\/revisions\/15772"}],"wp:featuredmedia":[{"embeddable":true,"href":"https:\/\/oc.ca\/fr\/wp-json\/wp\/v2\/media\/14995"}],"wp:attachment":[{"href":"https:\/\/oc.ca\/fr\/wp-json\/wp\/v2\/media?parent=15771"}],"curies":[{"name":"wp","href":"https:\/\/api.w.org\/{rel}","templated":true}]}}