{"id":15651,"date":"2025-10-16T17:50:55","date_gmt":"2025-10-16T21:50:55","guid":{"rendered":"https:\/\/oc.ca\/?page_id=15651"},"modified":"2025-10-17T14:04:44","modified_gmt":"2025-10-17T18:04:44","slug":"inscription-congres-o2","status":"publish","type":"page","link":"https:\/\/oc.ca\/fr\/inscription-congres-o2\/","title":{"rendered":"Inscription"},"content":{"rendered":"\t\t<div data-elementor-type=\"wp-page\" data-elementor-id=\"15651\" class=\"elementor elementor-15651 elementor-15456\">\n\t\t\t\t<div class=\"elementor-element elementor-element-2e2c097 e-flex e-con-boxed e-con e-parent\" data-id=\"2e2c097\" data-element_type=\"container\">\n\t\t\t\t\t<div class=\"e-con-inner\">\n\t\t\t\t<div class=\"elementor-element elementor-element-471996ab elementor-widget elementor-widget-text-editor\" data-id=\"471996ab\" data-element_type=\"widget\" data-widget_type=\"text-editor.default\">\n\t\t\t\t<div class=\"elementor-widget-container\">\n\t\t\t\t\t\t\t\t\t<p><img fetchpriority=\"high\" decoding=\"async\" class=\"size-large wp-image-15581 aligncenter\" src=\"https:\/\/oc.ca\/wp-content\/uploads\/2025\/10\/O2-Bilingual-Header-800x267.png\" alt=\"\" width=\"800\" height=\"267\" srcset=\"https:\/\/oc.ca\/wp-content\/uploads\/2025\/10\/O2-Bilingual-Header-800x267.png 800w, https:\/\/oc.ca\/wp-content\/uploads\/2025\/10\/O2-Bilingual-Header-300x100.png 300w, https:\/\/oc.ca\/wp-content\/uploads\/2025\/10\/O2-Bilingual-Header-768x256.png 768w, https:\/\/oc.ca\/wp-content\/uploads\/2025\/10\/O2-Bilingual-Header-1536x512.png 1536w, https:\/\/oc.ca\/wp-content\/uploads\/2025\/10\/O2-Bilingual-Header.png 1800w\" sizes=\"(min-width: 960px) 75vw, 100vw\" \/><\/p>\n<p style=\"text-align: center;\"><span style=\"color: #800000;\"><strong>Politique d&#8217;annulation :<\/strong> nous acceptons les annulations avec remboursement (moins 25 $ de frais de traitement) jusqu&#8217;\u00e0 14 jours avant la date de d\u00e9but de l&#8217;\u00e9v\u00e9nement. Les annulations effectu\u00e9es moins de 14 jours avant la date de d\u00e9but ne sont pas remboursables ; toutefois, vous pouvez transf\u00e9rer votre inscription \u00e0 un coll\u00e8gue. En cas de transfert de votre inscription, nous ne pouvons garantir que ses restrictions alimentaires seront prises en compte.<\/span><\/p>\n<p>Si vous avez des questions, veuillez nous envoyer un courriel \u00e0 conference[arobase]oc[point]ca<\/p>\n<p>Waouh : nous sommes officiellement \u00e0 guichets ferm\u00e9s! \r\n\r\nO\u2082, Le tout premier Congr\u00e8s canadien de l&#8217;op\u00e9ra et de l&#8217;orchestre a atteint sa pleine capacit\u00e9 quatre jours avant la date limite d&#8217;inscription. Les inscriptions ont atteint les limites de notre salle et d\u00e9pass\u00e9 nos plus grandes attentes. \r\n\r\nMerci \u00e0 toutes et \u00e0 tous ceux qui se sont inscrit.e.s t\u00f4t et qui ont contribu\u00e9 \u00e0 donner un \u00e9lan \u00e0 ce rassemblement. Le niveau d&#8217;int\u00e9r\u00eat et d&#8217;engagement confirme \u00e0 quel point cette conversation est opportune et n\u00e9cessaire pour nos secteurs.<\/p>\t\t\t\t\t\t\t\t<\/div>\n\t\t\t\t<\/div>\n\t\t\t\t\t<\/div>\n\t\t\t\t<\/div>\n\t\t\t\t<\/div>\n\t\t","protected":false},"excerpt":{"rendered":"<p>Politique d&#8217;annulation : nous acceptons les annulations avec remboursement (moins 25 $ de frais de traitement) jusqu&#8217;\u00e0 14 jours avant la date de d\u00e9but de l&#8217;\u00e9v\u00e9nement. Les annulations effectu\u00e9es moins de 14 jours avant la date de d\u00e9but ne sont pas remboursables ; toutefois, vous pouvez transf\u00e9rer votre inscription \u00e0 un coll\u00e8gue. En cas de [&hellip;]<\/p>\n","protected":false},"author":10,"featured_media":0,"parent":0,"menu_order":0,"comment_status":"closed","ping_status":"closed","template":"elementor_canvas","meta":{"_acf_changed":false,"_monsterinsights_skip_tracking":false,"_monsterinsights_sitenote_active":false,"_monsterinsights_sitenote_note":"","_monsterinsights_sitenote_category":0,"footnotes":""},"class_list":["post-15651","page","type-page","status-publish","hentry"],"acf":[],"yoast_head":"<!-- This site is optimized with the Yoast SEO plugin v25.4 - https:\/\/yoast.com\/wordpress\/plugins\/seo\/ -->\n<title>Inscription - Orchestras Canada\/Orchestres Canada<\/title>\n<meta name=\"robots\" content=\"index, follow, max-snippet:-1, max-image-preview:large, max-video-preview:-1\" \/>\n<link rel=\"canonical\" href=\"https:\/\/oc.ca\/fr\/inscription-congres-o2\/\" \/>\n<meta property=\"og:locale\" content=\"fr_FR\" \/>\n<meta property=\"og:type\" content=\"article\" \/>\n<meta property=\"og:title\" content=\"Inscription - Orchestras Canada\/Orchestres Canada\" \/>\n<meta property=\"og:description\" content=\"Politique d&#8217;annulation : nous acceptons les annulations avec remboursement (moins 25 $ de frais de traitement) jusqu&#8217;\u00e0 14 jours avant la date de d\u00e9but de l&#8217;\u00e9v\u00e9nement. Les annulations effectu\u00e9es moins de 14 jours avant la date de d\u00e9but ne sont pas remboursables ; toutefois, vous pouvez transf\u00e9rer votre inscription \u00e0 un coll\u00e8gue. En cas de [&hellip;]\" \/>\n<meta property=\"og:url\" content=\"https:\/\/oc.ca\/fr\/inscription-congres-o2\/\" \/>\n<meta property=\"og:site_name\" content=\"Orchestras Canada\/Orchestres Canada\" \/>\n<meta property=\"article:modified_time\" content=\"2025-10-17T18:04:44+00:00\" \/>\n<meta property=\"og:image\" content=\"https:\/\/oc.ca\/wp-content\/uploads\/2025\/10\/O2-Bilingual-Header.png\" \/>\n\t<meta property=\"og:image:width\" content=\"1800\" \/>\n\t<meta property=\"og:image:height\" content=\"600\" \/>\n\t<meta property=\"og:image:type\" content=\"image\/png\" \/>\n<meta name=\"twitter:card\" content=\"summary_large_image\" \/>\n<meta name=\"twitter:label1\" content=\"Dur\u00e9e de lecture estim\u00e9e\" \/>\n\t<meta name=\"twitter:data1\" content=\"9 minutes\" \/>\n<script type=\"application\/ld+json\" class=\"yoast-schema-graph\">{\"@context\":\"https:\/\/schema.org\",\"@graph\":[{\"@type\":\"WebPage\",\"@id\":\"https:\/\/oc.ca\/fr\/inscription-congres-o2\/\",\"url\":\"https:\/\/oc.ca\/fr\/inscription-congres-o2\/\",\"name\":\"Inscription - Orchestras Canada\/Orchestres Canada\",\"isPartOf\":{\"@id\":\"https:\/\/oc.ca\/en\/#website\"},\"primaryImageOfPage\":{\"@id\":\"https:\/\/oc.ca\/fr\/inscription-congres-o2\/#primaryimage\"},\"image\":{\"@id\":\"https:\/\/oc.ca\/fr\/inscription-congres-o2\/#primaryimage\"},\"thumbnailUrl\":\"https:\/\/oc.ca\/wp-content\/uploads\/2025\/10\/O2-Bilingual-Header-800x267.png\",\"datePublished\":\"2025-10-16T21:50:55+00:00\",\"dateModified\":\"2025-10-17T18:04:44+00:00\",\"breadcrumb\":{\"@id\":\"https:\/\/oc.ca\/fr\/inscription-congres-o2\/#breadcrumb\"},\"inLanguage\":\"fr-FR\",\"potentialAction\":[{\"@type\":\"ReadAction\",\"target\":[\"https:\/\/oc.ca\/fr\/inscription-congres-o2\/\"]}]},{\"@type\":\"ImageObject\",\"inLanguage\":\"fr-FR\",\"@id\":\"https:\/\/oc.ca\/fr\/inscription-congres-o2\/#primaryimage\",\"url\":\"https:\/\/oc.ca\/wp-content\/uploads\/2025\/10\/O2-Bilingual-Header-800x267.png\",\"contentUrl\":\"https:\/\/oc.ca\/wp-content\/uploads\/2025\/10\/O2-Bilingual-Header-800x267.png\"},{\"@type\":\"BreadcrumbList\",\"@id\":\"https:\/\/oc.ca\/fr\/inscription-congres-o2\/#breadcrumb\",\"itemListElement\":[{\"@type\":\"ListItem\",\"position\":1,\"name\":\"Home\",\"item\":\"https:\/\/oc.ca\/fr\/\"},{\"@type\":\"ListItem\",\"position\":2,\"name\":\"Inscription\"}]},{\"@type\":\"WebSite\",\"@id\":\"https:\/\/oc.ca\/en\/#website\",\"url\":\"https:\/\/oc.ca\/en\/\",\"name\":\"Orchestras Canada\/Orchestres Canada\",\"description\":\"\",\"publisher\":{\"@id\":\"https:\/\/oc.ca\/en\/#organization\"},\"potentialAction\":[{\"@type\":\"SearchAction\",\"target\":{\"@type\":\"EntryPoint\",\"urlTemplate\":\"https:\/\/oc.ca\/en\/?s={search_term_string}\"},\"query-input\":{\"@type\":\"PropertyValueSpecification\",\"valueRequired\":true,\"valueName\":\"search_term_string\"}}],\"inLanguage\":\"fr-FR\"},{\"@type\":\"Organization\",\"@id\":\"https:\/\/oc.ca\/en\/#organization\",\"name\":\"Orchestras Canada\/Orchestres Canada\",\"url\":\"https:\/\/oc.ca\/en\/\",\"logo\":{\"@type\":\"ImageObject\",\"inLanguage\":\"fr-FR\",\"@id\":\"https:\/\/oc.ca\/en\/#\/schema\/logo\/image\/\",\"url\":\"https:\/\/oc.ca\/wp-content\/uploads\/2019\/03\/cropped-OC-Logo-800x200-1.png\",\"contentUrl\":\"https:\/\/oc.ca\/wp-content\/uploads\/2019\/03\/cropped-OC-Logo-800x200-1.png\",\"width\":400,\"height\":100,\"caption\":\"Orchestras Canada\/Orchestres Canada\"},\"image\":{\"@id\":\"https:\/\/oc.ca\/en\/#\/schema\/logo\/image\/\"}}]}<\/script>\n<!-- \/ Yoast SEO plugin. -->","yoast_head_json":{"title":"Inscription - Orchestras Canada\/Orchestres Canada","robots":{"index":"index","follow":"follow","max-snippet":"max-snippet:-1","max-image-preview":"max-image-preview:large","max-video-preview":"max-video-preview:-1"},"canonical":"https:\/\/oc.ca\/fr\/inscription-congres-o2\/","og_locale":"fr_FR","og_type":"article","og_title":"Inscription - Orchestras Canada\/Orchestres Canada","og_description":"Politique d&#8217;annulation : nous acceptons les annulations avec remboursement (moins 25 $ de frais de traitement) jusqu&#8217;\u00e0 14 jours avant la date de d\u00e9but de l&#8217;\u00e9v\u00e9nement. Les annulations effectu\u00e9es moins de 14 jours avant la date de d\u00e9but ne sont pas remboursables ; toutefois, vous pouvez transf\u00e9rer votre inscription \u00e0 un coll\u00e8gue. En cas de [&hellip;]","og_url":"https:\/\/oc.ca\/fr\/inscription-congres-o2\/","og_site_name":"Orchestras Canada\/Orchestres Canada","article_modified_time":"2025-10-17T18:04:44+00:00","og_image":[{"width":1800,"height":600,"url":"https:\/\/oc.ca\/wp-content\/uploads\/2025\/10\/O2-Bilingual-Header.png","type":"image\/png"}],"twitter_card":"summary_large_image","twitter_misc":{"Dur\u00e9e de lecture estim\u00e9e":"9 minutes"},"schema":{"@context":"https:\/\/schema.org","@graph":[{"@type":"WebPage","@id":"https:\/\/oc.ca\/fr\/inscription-congres-o2\/","url":"https:\/\/oc.ca\/fr\/inscription-congres-o2\/","name":"Inscription - Orchestras Canada\/Orchestres Canada","isPartOf":{"@id":"https:\/\/oc.ca\/en\/#website"},"primaryImageOfPage":{"@id":"https:\/\/oc.ca\/fr\/inscription-congres-o2\/#primaryimage"},"image":{"@id":"https:\/\/oc.ca\/fr\/inscription-congres-o2\/#primaryimage"},"thumbnailUrl":"https:\/\/oc.ca\/wp-content\/uploads\/2025\/10\/O2-Bilingual-Header-800x267.png","datePublished":"2025-10-16T21:50:55+00:00","dateModified":"2025-10-17T18:04:44+00:00","breadcrumb":{"@id":"https:\/\/oc.ca\/fr\/inscription-congres-o2\/#breadcrumb"},"inLanguage":"fr-FR","potentialAction":[{"@type":"ReadAction","target":["https:\/\/oc.ca\/fr\/inscription-congres-o2\/"]}]},{"@type":"ImageObject","inLanguage":"fr-FR","@id":"https:\/\/oc.ca\/fr\/inscription-congres-o2\/#primaryimage","url":"https:\/\/oc.ca\/wp-content\/uploads\/2025\/10\/O2-Bilingual-Header-800x267.png","contentUrl":"https:\/\/oc.ca\/wp-content\/uploads\/2025\/10\/O2-Bilingual-Header-800x267.png"},{"@type":"BreadcrumbList","@id":"https:\/\/oc.ca\/fr\/inscription-congres-o2\/#breadcrumb","itemListElement":[{"@type":"ListItem","position":1,"name":"Home","item":"https:\/\/oc.ca\/fr\/"},{"@type":"ListItem","position":2,"name":"Inscription"}]},{"@type":"WebSite","@id":"https:\/\/oc.ca\/en\/#website","url":"https:\/\/oc.ca\/en\/","name":"Orchestras Canada\/Orchestres Canada","description":"","publisher":{"@id":"https:\/\/oc.ca\/en\/#organization"},"potentialAction":[{"@type":"SearchAction","target":{"@type":"EntryPoint","urlTemplate":"https:\/\/oc.ca\/en\/?s={search_term_string}"},"query-input":{"@type":"PropertyValueSpecification","valueRequired":true,"valueName":"search_term_string"}}],"inLanguage":"fr-FR"},{"@type":"Organization","@id":"https:\/\/oc.ca\/en\/#organization","name":"Orchestras Canada\/Orchestres Canada","url":"https:\/\/oc.ca\/en\/","logo":{"@type":"ImageObject","inLanguage":"fr-FR","@id":"https:\/\/oc.ca\/en\/#\/schema\/logo\/image\/","url":"https:\/\/oc.ca\/wp-content\/uploads\/2019\/03\/cropped-OC-Logo-800x200-1.png","contentUrl":"https:\/\/oc.ca\/wp-content\/uploads\/2019\/03\/cropped-OC-Logo-800x200-1.png","width":400,"height":100,"caption":"Orchestras Canada\/Orchestres Canada"},"image":{"@id":"https:\/\/oc.ca\/en\/#\/schema\/logo\/image\/"}}]}},"_links":{"self":[{"href":"https:\/\/oc.ca\/fr\/wp-json\/wp\/v2\/pages\/15651","targetHints":{"allow":["GET"]}}],"collection":[{"href":"https:\/\/oc.ca\/fr\/wp-json\/wp\/v2\/pages"}],"about":[{"href":"https:\/\/oc.ca\/fr\/wp-json\/wp\/v2\/types\/page"}],"author":[{"embeddable":true,"href":"https:\/\/oc.ca\/fr\/wp-json\/wp\/v2\/users\/10"}],"replies":[{"embeddable":true,"href":"https:\/\/oc.ca\/fr\/wp-json\/wp\/v2\/comments?post=15651"}],"version-history":[{"count":9,"href":"https:\/\/oc.ca\/fr\/wp-json\/wp\/v2\/pages\/15651\/revisions"}],"predecessor-version":[{"id":16114,"href":"https:\/\/oc.ca\/fr\/wp-json\/wp\/v2\/pages\/15651\/revisions\/16114"}],"wp:attachment":[{"href":"https:\/\/oc.ca\/fr\/wp-json\/wp\/v2\/media?parent=15651"}],"curies":[{"name":"wp","href":"https:\/\/api.w.org\/{rel}","templated":true}]}}