{"id":15590,"date":"2025-10-03T16:35:14","date_gmt":"2025-10-03T20:35:14","guid":{"rendered":"https:\/\/oc.ca\/?page_id=15590"},"modified":"2025-10-03T16:35:56","modified_gmt":"2025-10-03T20:35:56","slug":"lancement-orchestres-verts","status":"publish","type":"page","link":"https:\/\/oc.ca\/fr\/lancement-orchestres-verts\/","title":{"rendered":"Orchestres verts"},"content":{"rendered":"<h3 style=\"text-align: center;\"><span class=\"TextRun MacChromeBold SCXW93853075 BCX0\" lang=\"EN-US\" xml:lang=\"EN-US\" data-contrast=\"none\"><span class=\"NormalTextRun SpellingErrorV2Themed SCXW93853075 BCX0\">Lancement<\/span><span class=\"NormalTextRun SCXW93853075 BCX0\"> : <\/span><span class=\"NormalTextRun SpellingErrorV2Themed SCXW93853075 BCX0\">Ressources<\/span><span class=\"NormalTextRun SCXW93853075 BCX0\"> sur la <\/span><span class=\"NormalTextRun SpellingErrorV2Themed SCXW93853075 BCX0\">durabilit\u00e9<\/span> <span class=\"NormalTextRun SpellingErrorV2Themed SCXW93853075 BCX0\">environnementale<\/span><span class=\"NormalTextRun SCXW93853075 BCX0\"> pour les <\/span><span class=\"NormalTextRun SpellingErrorV2Themed SCXW93853075 BCX0\">orchestres<\/span> <span class=\"NormalTextRun SpellingErrorV2Themed SCXW93853075 BCX0\">canadiens<\/span><\/span><span class=\"EOP SCXW93853075 BCX0\" data-ccp-props=\"{}\">\u00a0<\/span><\/h3>\n<p class=\"p1\"><strong>Date :<\/strong> 14 octobre 2025, en ligne<br \/>\n<strong>Heure :<\/strong> 12 h 00 \u00e0 12 h 45, heure de l&#8217;Est<br \/>\n<strong>Interpr\u00e9tation :<\/strong> une interpr\u00e9tation simultan\u00e9e en fran\u00e7ais sera disponible lors de cette session.<\/p>\n<p style=\"text-align: center;\"><a href=\"https:\/\/us02web.zoom.us\/meeting\/register\/oVa0LEJeRMaBbAO8sn40wQ\"><strong><button class=\"blue-button-medium\">S&#8217;inscrire!<\/button><\/strong><\/a><\/p>\n<p><img fetchpriority=\"high\" decoding=\"async\" class=\" wp-image-15587 aligncenter\" src=\"https:\/\/oc.ca\/wp-content\/uploads\/2025\/10\/Visual-FR-Green-Orchestras-800x451.png\" alt=\"\" width=\"507\" height=\"286\" srcset=\"https:\/\/oc.ca\/wp-content\/uploads\/2025\/10\/Visual-FR-Green-Orchestras-800x451.png 800w, https:\/\/oc.ca\/wp-content\/uploads\/2025\/10\/Visual-FR-Green-Orchestras-300x169.png 300w, https:\/\/oc.ca\/wp-content\/uploads\/2025\/10\/Visual-FR-Green-Orchestras-768x433.png 768w, https:\/\/oc.ca\/wp-content\/uploads\/2025\/10\/Visual-FR-Green-Orchestras-1536x865.png 1536w, https:\/\/oc.ca\/wp-content\/uploads\/2025\/10\/Visual-FR-Green-Orchestras.png 1640w\" sizes=\"(min-width: 960px) 75vw, 100vw\" \/><\/p>\n<p>Joignez-vous \u00e0 nous pour le webinaire de lancement des nouvelles ressources sur la durabilit\u00e9 environnementale d&#8217;Orchestras Canada, d\u00e9velopp\u00e9es en partenariat avec Julie&#8217;s Bicycle. Cette session explorera le \u00ab Guide de durabilit\u00e9 environnementale \u00bb complet et la \u00ab Charte de durabilit\u00e9 environnementale \u00bb, con\u00e7us pour aider les orchestres canadiens de toutes tailles \u00e0 prendre des mesures significatives pour r\u00e9duire leur impact environnemental tout en favorisant l&#8217;innovation, l&#8217;engagement communautaire et la vitalit\u00e9 artistique. D\u00e9couvrez des strat\u00e9gies pratiques adapt\u00e9es \u00e0 divers contextes organisationnels, apprenez \u00e0 mettre en \u0153uvre les principes de durabilit\u00e9 dans vos activit\u00e9s et comprenez comment ces outils gratuits peuvent favoriser la r\u00e9silience \u00e0 long terme et un changement positif dans le secteur culturel.<\/p>\n<p>Ne manquez pas cette occasion d&#8217;explorer comment les orchestres peuvent ouvrir la voie vers un avenir plus durable!<\/p>\n<p style=\"text-align: center;\"><a href=\"https:\/\/us02web.zoom.us\/meeting\/register\/oVa0LEJeRMaBbAO8sn40wQ\"><strong><button class=\"blue-button-medium\">S&#8217;inscrire!<\/button><\/strong><\/a><\/p>\n<p>&nbsp;<\/p>\n<p><img decoding=\"async\" class=\"alignnone wp-image-2851 aligncenter\" src=\"https:\/\/oc.ca\/wp-content\/uploads\/2019\/02\/CCA.jpg\" alt=\"Logo, Canada Council for the Arts logo\" width=\"255\" height=\"47\" srcset=\"https:\/\/oc.ca\/wp-content\/uploads\/2019\/02\/CCA.jpg 500w, https:\/\/oc.ca\/wp-content\/uploads\/2019\/02\/CCA-300x55.jpg 300w\" sizes=\"(min-width: 960px) 75vw, 100vw\" \/><\/p>\n<p style=\"text-align: center;\"><span class=\"TextRun SCXW174538455 BCX0\" lang=\"FR-CA\" xml:lang=\"FR-CA\" data-contrast=\"auto\"><span class=\"NormalTextRun SCXW174538455 BCX0\">Nous remercions le Conseil des arts du Canada de son soutien.<\/span><\/span><span class=\"EOP SCXW174538455 BCX0\" data-ccp-props=\"{}\">\u00a0<\/span><\/p>\n<p>&nbsp;<\/p>\n<p><img decoding=\"async\" class=\"wp-image-2850 aligncenter\" src=\"https:\/\/oc.ca\/wp-content\/uploads\/2019\/02\/Canada-e1741039311434.png\" alt=\"Government of Canada logo\" width=\"250\" height=\"57\" srcset=\"https:\/\/oc.ca\/wp-content\/uploads\/2019\/02\/Canada-e1741039311434.png 500w, https:\/\/oc.ca\/wp-content\/uploads\/2019\/02\/Canada-e1741039311434-300x68.png 300w\" sizes=\"(min-width: 960px) 75vw, 100vw\" \/><\/p>\n<p style=\"text-align: center;\">Nous reconnaissons l&#8217;appui financier du gouvernement du Canada.<\/p>\n","protected":false},"excerpt":{"rendered":"<p>Lancement : Ressources sur la durabilit\u00e9 environnementale pour les orchestres canadiens\u00a0 Date : 14 octobre 2025, en ligne Heure : 12 h 00 \u00e0 12 h 45, heure de l&#8217;Est Interpr\u00e9tation : une interpr\u00e9tation simultan\u00e9e en fran\u00e7ais sera disponible lors de cette session. S&#8217;inscrire! Joignez-vous \u00e0 nous pour le webinaire de lancement des nouvelles ressources [&hellip;]<\/p>\n","protected":false},"author":10,"featured_media":0,"parent":0,"menu_order":0,"comment_status":"closed","ping_status":"closed","template":"","meta":{"_acf_changed":false,"_monsterinsights_skip_tracking":false,"_monsterinsights_sitenote_active":false,"_monsterinsights_sitenote_note":"","_monsterinsights_sitenote_category":0,"footnotes":""},"class_list":["post-15590","page","type-page","status-publish","hentry"],"acf":[],"yoast_head":"<!-- This site is optimized with the Yoast SEO plugin v25.4 - https:\/\/yoast.com\/wordpress\/plugins\/seo\/ -->\n<title>Orchestres verts - Orchestras Canada\/Orchestres Canada<\/title>\n<meta name=\"robots\" content=\"index, follow, max-snippet:-1, max-image-preview:large, max-video-preview:-1\" \/>\n<link rel=\"canonical\" href=\"https:\/\/oc.ca\/fr\/lancement-orchestres-verts\/\" \/>\n<meta property=\"og:locale\" content=\"fr_FR\" \/>\n<meta property=\"og:type\" content=\"article\" \/>\n<meta property=\"og:title\" content=\"Orchestres verts - Orchestras Canada\/Orchestres Canada\" \/>\n<meta property=\"og:description\" content=\"Lancement : Ressources sur la durabilit\u00e9 environnementale pour les orchestres canadiens\u00a0 Date : 14 octobre 2025, en ligne Heure : 12 h 00 \u00e0 12 h 45, heure de l&#8217;Est Interpr\u00e9tation : une interpr\u00e9tation simultan\u00e9e en fran\u00e7ais sera disponible lors de cette session. S&#8217;inscrire! Joignez-vous \u00e0 nous pour le webinaire de lancement des nouvelles ressources [&hellip;]\" \/>\n<meta property=\"og:url\" content=\"https:\/\/oc.ca\/fr\/lancement-orchestres-verts\/\" \/>\n<meta property=\"og:site_name\" content=\"Orchestras Canada\/Orchestres Canada\" \/>\n<meta property=\"article:modified_time\" content=\"2025-10-03T20:35:56+00:00\" \/>\n<meta property=\"og:image\" content=\"https:\/\/oc.ca\/wp-content\/uploads\/2025\/10\/Visual-FR-Green-Orchestras.png\" \/>\n\t<meta property=\"og:image:width\" content=\"1640\" \/>\n\t<meta property=\"og:image:height\" content=\"924\" \/>\n\t<meta property=\"og:image:type\" content=\"image\/png\" \/>\n<meta name=\"twitter:card\" content=\"summary_large_image\" \/>\n<meta name=\"twitter:label1\" content=\"Dur\u00e9e de lecture estim\u00e9e\" \/>\n\t<meta name=\"twitter:data1\" content=\"2 minutes\" \/>\n<script type=\"application\/ld+json\" class=\"yoast-schema-graph\">{\"@context\":\"https:\/\/schema.org\",\"@graph\":[{\"@type\":\"WebPage\",\"@id\":\"https:\/\/oc.ca\/fr\/lancement-orchestres-verts\/\",\"url\":\"https:\/\/oc.ca\/fr\/lancement-orchestres-verts\/\",\"name\":\"Orchestres verts - Orchestras Canada\/Orchestres Canada\",\"isPartOf\":{\"@id\":\"https:\/\/oc.ca\/en\/#website\"},\"primaryImageOfPage\":{\"@id\":\"https:\/\/oc.ca\/fr\/lancement-orchestres-verts\/#primaryimage\"},\"image\":{\"@id\":\"https:\/\/oc.ca\/fr\/lancement-orchestres-verts\/#primaryimage\"},\"thumbnailUrl\":\"https:\/\/oc.ca\/wp-content\/uploads\/2025\/10\/Visual-FR-Green-Orchestras-800x451.png\",\"datePublished\":\"2025-10-03T20:35:14+00:00\",\"dateModified\":\"2025-10-03T20:35:56+00:00\",\"breadcrumb\":{\"@id\":\"https:\/\/oc.ca\/fr\/lancement-orchestres-verts\/#breadcrumb\"},\"inLanguage\":\"fr-FR\",\"potentialAction\":[{\"@type\":\"ReadAction\",\"target\":[\"https:\/\/oc.ca\/fr\/lancement-orchestres-verts\/\"]}]},{\"@type\":\"ImageObject\",\"inLanguage\":\"fr-FR\",\"@id\":\"https:\/\/oc.ca\/fr\/lancement-orchestres-verts\/#primaryimage\",\"url\":\"https:\/\/oc.ca\/wp-content\/uploads\/2025\/10\/Visual-FR-Green-Orchestras-800x451.png\",\"contentUrl\":\"https:\/\/oc.ca\/wp-content\/uploads\/2025\/10\/Visual-FR-Green-Orchestras-800x451.png\"},{\"@type\":\"BreadcrumbList\",\"@id\":\"https:\/\/oc.ca\/fr\/lancement-orchestres-verts\/#breadcrumb\",\"itemListElement\":[{\"@type\":\"ListItem\",\"position\":1,\"name\":\"Home\",\"item\":\"https:\/\/oc.ca\/fr\/\"},{\"@type\":\"ListItem\",\"position\":2,\"name\":\"Orchestres verts\"}]},{\"@type\":\"WebSite\",\"@id\":\"https:\/\/oc.ca\/en\/#website\",\"url\":\"https:\/\/oc.ca\/en\/\",\"name\":\"Orchestras Canada\/Orchestres Canada\",\"description\":\"\",\"publisher\":{\"@id\":\"https:\/\/oc.ca\/en\/#organization\"},\"potentialAction\":[{\"@type\":\"SearchAction\",\"target\":{\"@type\":\"EntryPoint\",\"urlTemplate\":\"https:\/\/oc.ca\/en\/?s={search_term_string}\"},\"query-input\":{\"@type\":\"PropertyValueSpecification\",\"valueRequired\":true,\"valueName\":\"search_term_string\"}}],\"inLanguage\":\"fr-FR\"},{\"@type\":\"Organization\",\"@id\":\"https:\/\/oc.ca\/en\/#organization\",\"name\":\"Orchestras Canada\/Orchestres Canada\",\"url\":\"https:\/\/oc.ca\/en\/\",\"logo\":{\"@type\":\"ImageObject\",\"inLanguage\":\"fr-FR\",\"@id\":\"https:\/\/oc.ca\/en\/#\/schema\/logo\/image\/\",\"url\":\"https:\/\/oc.ca\/wp-content\/uploads\/2019\/03\/cropped-OC-Logo-800x200-1.png\",\"contentUrl\":\"https:\/\/oc.ca\/wp-content\/uploads\/2019\/03\/cropped-OC-Logo-800x200-1.png\",\"width\":400,\"height\":100,\"caption\":\"Orchestras Canada\/Orchestres Canada\"},\"image\":{\"@id\":\"https:\/\/oc.ca\/en\/#\/schema\/logo\/image\/\"}}]}<\/script>\n<!-- \/ Yoast SEO plugin. -->","yoast_head_json":{"title":"Orchestres verts - Orchestras Canada\/Orchestres Canada","robots":{"index":"index","follow":"follow","max-snippet":"max-snippet:-1","max-image-preview":"max-image-preview:large","max-video-preview":"max-video-preview:-1"},"canonical":"https:\/\/oc.ca\/fr\/lancement-orchestres-verts\/","og_locale":"fr_FR","og_type":"article","og_title":"Orchestres verts - Orchestras Canada\/Orchestres Canada","og_description":"Lancement : Ressources sur la durabilit\u00e9 environnementale pour les orchestres canadiens\u00a0 Date : 14 octobre 2025, en ligne Heure : 12 h 00 \u00e0 12 h 45, heure de l&#8217;Est Interpr\u00e9tation : une interpr\u00e9tation simultan\u00e9e en fran\u00e7ais sera disponible lors de cette session. S&#8217;inscrire! Joignez-vous \u00e0 nous pour le webinaire de lancement des nouvelles ressources [&hellip;]","og_url":"https:\/\/oc.ca\/fr\/lancement-orchestres-verts\/","og_site_name":"Orchestras Canada\/Orchestres Canada","article_modified_time":"2025-10-03T20:35:56+00:00","og_image":[{"width":1640,"height":924,"url":"https:\/\/oc.ca\/wp-content\/uploads\/2025\/10\/Visual-FR-Green-Orchestras.png","type":"image\/png"}],"twitter_card":"summary_large_image","twitter_misc":{"Dur\u00e9e de lecture estim\u00e9e":"2 minutes"},"schema":{"@context":"https:\/\/schema.org","@graph":[{"@type":"WebPage","@id":"https:\/\/oc.ca\/fr\/lancement-orchestres-verts\/","url":"https:\/\/oc.ca\/fr\/lancement-orchestres-verts\/","name":"Orchestres verts - Orchestras Canada\/Orchestres Canada","isPartOf":{"@id":"https:\/\/oc.ca\/en\/#website"},"primaryImageOfPage":{"@id":"https:\/\/oc.ca\/fr\/lancement-orchestres-verts\/#primaryimage"},"image":{"@id":"https:\/\/oc.ca\/fr\/lancement-orchestres-verts\/#primaryimage"},"thumbnailUrl":"https:\/\/oc.ca\/wp-content\/uploads\/2025\/10\/Visual-FR-Green-Orchestras-800x451.png","datePublished":"2025-10-03T20:35:14+00:00","dateModified":"2025-10-03T20:35:56+00:00","breadcrumb":{"@id":"https:\/\/oc.ca\/fr\/lancement-orchestres-verts\/#breadcrumb"},"inLanguage":"fr-FR","potentialAction":[{"@type":"ReadAction","target":["https:\/\/oc.ca\/fr\/lancement-orchestres-verts\/"]}]},{"@type":"ImageObject","inLanguage":"fr-FR","@id":"https:\/\/oc.ca\/fr\/lancement-orchestres-verts\/#primaryimage","url":"https:\/\/oc.ca\/wp-content\/uploads\/2025\/10\/Visual-FR-Green-Orchestras-800x451.png","contentUrl":"https:\/\/oc.ca\/wp-content\/uploads\/2025\/10\/Visual-FR-Green-Orchestras-800x451.png"},{"@type":"BreadcrumbList","@id":"https:\/\/oc.ca\/fr\/lancement-orchestres-verts\/#breadcrumb","itemListElement":[{"@type":"ListItem","position":1,"name":"Home","item":"https:\/\/oc.ca\/fr\/"},{"@type":"ListItem","position":2,"name":"Orchestres verts"}]},{"@type":"WebSite","@id":"https:\/\/oc.ca\/en\/#website","url":"https:\/\/oc.ca\/en\/","name":"Orchestras Canada\/Orchestres Canada","description":"","publisher":{"@id":"https:\/\/oc.ca\/en\/#organization"},"potentialAction":[{"@type":"SearchAction","target":{"@type":"EntryPoint","urlTemplate":"https:\/\/oc.ca\/en\/?s={search_term_string}"},"query-input":{"@type":"PropertyValueSpecification","valueRequired":true,"valueName":"search_term_string"}}],"inLanguage":"fr-FR"},{"@type":"Organization","@id":"https:\/\/oc.ca\/en\/#organization","name":"Orchestras Canada\/Orchestres Canada","url":"https:\/\/oc.ca\/en\/","logo":{"@type":"ImageObject","inLanguage":"fr-FR","@id":"https:\/\/oc.ca\/en\/#\/schema\/logo\/image\/","url":"https:\/\/oc.ca\/wp-content\/uploads\/2019\/03\/cropped-OC-Logo-800x200-1.png","contentUrl":"https:\/\/oc.ca\/wp-content\/uploads\/2019\/03\/cropped-OC-Logo-800x200-1.png","width":400,"height":100,"caption":"Orchestras Canada\/Orchestres Canada"},"image":{"@id":"https:\/\/oc.ca\/en\/#\/schema\/logo\/image\/"}}]}},"_links":{"self":[{"href":"https:\/\/oc.ca\/fr\/wp-json\/wp\/v2\/pages\/15590","targetHints":{"allow":["GET"]}}],"collection":[{"href":"https:\/\/oc.ca\/fr\/wp-json\/wp\/v2\/pages"}],"about":[{"href":"https:\/\/oc.ca\/fr\/wp-json\/wp\/v2\/types\/page"}],"author":[{"embeddable":true,"href":"https:\/\/oc.ca\/fr\/wp-json\/wp\/v2\/users\/10"}],"replies":[{"embeddable":true,"href":"https:\/\/oc.ca\/fr\/wp-json\/wp\/v2\/comments?post=15590"}],"version-history":[{"count":1,"href":"https:\/\/oc.ca\/fr\/wp-json\/wp\/v2\/pages\/15590\/revisions"}],"predecessor-version":[{"id":15591,"href":"https:\/\/oc.ca\/fr\/wp-json\/wp\/v2\/pages\/15590\/revisions\/15591"}],"wp:attachment":[{"href":"https:\/\/oc.ca\/fr\/wp-json\/wp\/v2\/media?parent=15590"}],"curies":[{"name":"wp","href":"https:\/\/api.w.org\/{rel}","templated":true}]}}