{"id":15479,"date":"2025-09-08T16:26:38","date_gmt":"2025-09-08T20:26:38","guid":{"rendered":"https:\/\/oc.ca\/?page_id=15479"},"modified":"2025-09-08T16:26:38","modified_gmt":"2025-09-08T20:26:38","slug":"apercu-comparatif-secteur-orchestral-nord-americain","status":"publish","type":"page","link":"https:\/\/oc.ca\/fr\/apercu-comparatif-secteur-orchestral-nord-americain\/","title":{"rendered":"Aper\u00e7u comparatif"},"content":{"rendered":"<h3 style=\"text-align: center;\"><span class=\"TextRun SCXW144922890 BCX0\" lang=\"EN-US\" xml:lang=\"EN-US\" data-contrast=\"none\"><span class=\"NormalTextRun SCXW144922890 BCX0\">du <\/span><span class=\"NormalTextRun SpellingErrorV2Themed SCXW144922890 BCX0\">secteur<\/span><span class=\"NormalTextRun SCXW144922890 BCX0\"> orchestral <\/span><span class=\"NormalTextRun SpellingErrorV2Themed SCXW144922890 BCX0\">nord-am\u00e9ricain<\/span> <\/span><span class=\"TextRun MacChromeBold SCXW144922890 BCX0\" lang=\"EN-US\" xml:lang=\"EN-US\" data-contrast=\"none\"><span class=\"NormalTextRun SCXW144922890 BCX0\">: <\/span><\/span><span class=\"TextRun SCXW144922890 BCX0\" lang=\"EN-US\" xml:lang=\"EN-US\" data-contrast=\"none\"><span class=\"NormalTextRun SpellingErrorV2Themed SCXW144922890 BCX0\">saison<\/span><span class=\"NormalTextRun SCXW144922890 BCX0\"> 2024-2025<\/span><\/span><span class=\"EOP SCXW144922890 BCX0\" data-ccp-props=\"{&quot;134233117&quot;:false,&quot;134233118&quot;:false,&quot;335557856&quot;:16777215,&quot;335559738&quot;:0,&quot;335559739&quot;:0}\">\u00a0<\/span><\/h3>\n<p><strong>Date:<\/strong> 9 octobre 2025<br \/>\n<strong>Heure :<\/strong> de 14h30 \u00e0 15h30 (heure de l&#8217;Est)<br \/>\n<strong>Lieu :<\/strong> R\u00e9unions Zoom<br \/>\n<strong>Co\u00fbt :<\/strong> Gratuit<br \/>\n<strong>Session bilingue :<\/strong> Une interpr\u00e9tation simultan\u00e9e en fran\u00e7ais est disponible.<br \/>\n<strong>Accessibilit\u00e9 :<\/strong> Des sous-titres g\u00e9n\u00e9r\u00e9s par l&#8217;IA seront disponibles via Zoom.<br \/>\n<strong>\u00c0 qui s&#8217;adresse cette s\u00e9ance?<\/strong> Les dirigeant.e.s et le personnel des orchestres canadiens int\u00e9ress\u00e9s par les donn\u00e9es relatives au d\u00e9veloppement des publics et des revenus.<br \/>\n<strong>Enregistrement :<\/strong> Ce webinaire sera enregistr\u00e9 et diffus\u00e9 dans la section Ressources de notre site web.<\/p>\n<p style=\"text-align: center;\"><a href=\"https:\/\/us02web.zoom.us\/meeting\/register\/LeQvIw6bTDO2a8ZdtKa0AQ\"><strong><button class=\"blue-button-medium\">S&#8217;inscrire!<\/button><\/strong><\/a><\/p>\n<p><img fetchpriority=\"high\" decoding=\"async\" class=\"wp-image-15472 aligncenter\" src=\"https:\/\/oc.ca\/wp-content\/uploads\/2025\/09\/FR_Visual-Webinar-TRG-Arts-October-2025-800x451.png\" alt=\"\" width=\"520\" height=\"293\" srcset=\"https:\/\/oc.ca\/wp-content\/uploads\/2025\/09\/FR_Visual-Webinar-TRG-Arts-October-2025-800x451.png 800w, https:\/\/oc.ca\/wp-content\/uploads\/2025\/09\/FR_Visual-Webinar-TRG-Arts-October-2025-300x169.png 300w, https:\/\/oc.ca\/wp-content\/uploads\/2025\/09\/FR_Visual-Webinar-TRG-Arts-October-2025-768x433.png 768w, https:\/\/oc.ca\/wp-content\/uploads\/2025\/09\/FR_Visual-Webinar-TRG-Arts-October-2025-1536x865.png 1536w, https:\/\/oc.ca\/wp-content\/uploads\/2025\/09\/FR_Visual-Webinar-TRG-Arts-October-2025.png 1640w\" sizes=\"(min-width: 960px) 75vw, 100vw\" \/><\/p>\n<p>Ce webinaire, pr\u00e9sent\u00e9 par TRG Arts, reviendra sur la saison 2024-2025 \u00e0 partir des <strong>donn\u00e9es fournies par plus de 40 orchestres nord-am\u00e9ricains et d&#8217;informations sur les billets \u00e0 l&#8217;unit\u00e9, les abonnements et les dons individuels.<\/strong> Nous examinerons l&#8217;\u00e9tat de la relance depuis le d\u00e9but de la pand\u00e9mie et nous nous pencherons sur les effets de l&#8217;inflation ces derni\u00e8res ann\u00e9es. Gr\u00e2ce aux donn\u00e9es et \u00e0 nos discussions, vous devriez sortir de cette session avec une id\u00e9e de la position de votre orchestre par rapport \u00e0 notre groupe de r\u00e9f\u00e9rence, des tendances en mati\u00e8re de comportement du public au cours des 12 derniers mois et des domaines sur lesquels vous devriez concentrer vos objectifs futurs en mati\u00e8re de revenus et d&#8217;audience. Il y aura de nombreux tableaux et graphiques, mais aussi du temps pour les questions et les discussions.<\/p>\n<p style=\"text-align: center;\"><a href=\"https:\/\/us02web.zoom.us\/meeting\/register\/LeQvIw6bTDO2a8ZdtKa0AQ\"><strong><button class=\"blue-button-medium\">S&#8217;inscrire!<\/button><\/strong><\/a><\/p>\n<p><strong><span class=\"TextRun SCXW214632878 BCX0\" lang=\"EN-CA\" xml:lang=\"EN-CA\" data-contrast=\"auto\"><span class=\"NormalTextRun SCXW214632878 BCX0\">Pr\u00e9sentateur : Brad Carlin, consultant principal, TRG Arts <\/span><\/span><\/strong><\/p>\n<p><img decoding=\"async\" class=\"wp-image-15474 alignleft\" src=\"https:\/\/oc.ca\/wp-content\/uploads\/2025\/09\/Brad-Carlin_TRG.png\" alt=\"\" width=\"125\" height=\"125\" srcset=\"https:\/\/oc.ca\/wp-content\/uploads\/2025\/09\/Brad-Carlin_TRG.png 679w, https:\/\/oc.ca\/wp-content\/uploads\/2025\/09\/Brad-Carlin_TRG-300x300.png 300w, https:\/\/oc.ca\/wp-content\/uploads\/2025\/09\/Brad-Carlin_TRG-150x150.png 150w\" sizes=\"(min-width: 960px) 75vw, 100vw\" \/>Brad Carlin est consultant senior chez TRG Arts, bas\u00e9 au Royaume-Uni, et travaille avec des organisations de toutes tailles et de toutes disciplines aux \u00c9tats-Unis, au Canada et au Royaume-Uni. Avant de rejoindre TRG, il a acquis 15 ans d&#8217;exp\u00e9rience dans la gestion g\u00e9n\u00e9rale et la collecte de fonds pour des organisations artistiques aux \u00c9tats-Unis. Il est titulaire d&#8217;une ma\u00eetrise en gestion artistique de l&#8217;universit\u00e9 Carnegie Mellon.<\/p>\n","protected":false},"excerpt":{"rendered":"<p>du secteur orchestral nord-am\u00e9ricain : saison 2024-2025\u00a0 Date: 9 octobre 2025 Heure : de 14h30 \u00e0 15h30 (heure de l&#8217;Est) Lieu : R\u00e9unions Zoom Co\u00fbt : Gratuit Session bilingue : Une interpr\u00e9tation simultan\u00e9e en fran\u00e7ais est disponible. Accessibilit\u00e9 : Des sous-titres g\u00e9n\u00e9r\u00e9s par l&#8217;IA seront disponibles via Zoom. \u00c0 qui s&#8217;adresse cette s\u00e9ance? Les dirigeant.e.s [&hellip;]<\/p>\n","protected":false},"author":10,"featured_media":0,"parent":0,"menu_order":0,"comment_status":"closed","ping_status":"closed","template":"","meta":{"_acf_changed":false,"_monsterinsights_skip_tracking":false,"_monsterinsights_sitenote_active":false,"_monsterinsights_sitenote_note":"","_monsterinsights_sitenote_category":0,"footnotes":""},"class_list":["post-15479","page","type-page","status-publish","hentry"],"acf":[],"yoast_head":"<!-- This site is optimized with the Yoast SEO plugin v25.4 - https:\/\/yoast.com\/wordpress\/plugins\/seo\/ -->\n<title>Aper\u00e7u comparatif - Orchestras Canada\/Orchestres Canada<\/title>\n<meta name=\"robots\" content=\"index, follow, max-snippet:-1, max-image-preview:large, max-video-preview:-1\" \/>\n<link rel=\"canonical\" href=\"https:\/\/oc.ca\/fr\/apercu-comparatif-secteur-orchestral-nord-americain\/\" \/>\n<meta property=\"og:locale\" content=\"fr_FR\" \/>\n<meta property=\"og:type\" content=\"article\" \/>\n<meta property=\"og:title\" content=\"Aper\u00e7u comparatif - Orchestras Canada\/Orchestres Canada\" \/>\n<meta property=\"og:description\" content=\"du secteur orchestral nord-am\u00e9ricain : saison 2024-2025\u00a0 Date: 9 octobre 2025 Heure : de 14h30 \u00e0 15h30 (heure de l&#8217;Est) Lieu : R\u00e9unions Zoom Co\u00fbt : Gratuit Session bilingue : Une interpr\u00e9tation simultan\u00e9e en fran\u00e7ais est disponible. Accessibilit\u00e9 : Des sous-titres g\u00e9n\u00e9r\u00e9s par l&#8217;IA seront disponibles via Zoom. \u00c0 qui s&#8217;adresse cette s\u00e9ance? Les dirigeant.e.s [&hellip;]\" \/>\n<meta property=\"og:url\" content=\"https:\/\/oc.ca\/fr\/apercu-comparatif-secteur-orchestral-nord-americain\/\" \/>\n<meta property=\"og:site_name\" content=\"Orchestras Canada\/Orchestres Canada\" \/>\n<meta property=\"og:image\" content=\"https:\/\/oc.ca\/wp-content\/uploads\/2025\/09\/FR_Visual-Webinar-TRG-Arts-October-2025.png\" \/>\n\t<meta property=\"og:image:width\" content=\"1640\" \/>\n\t<meta property=\"og:image:height\" content=\"924\" \/>\n\t<meta property=\"og:image:type\" content=\"image\/png\" \/>\n<meta name=\"twitter:card\" content=\"summary_large_image\" \/>\n<meta name=\"twitter:label1\" content=\"Dur\u00e9e de lecture estim\u00e9e\" \/>\n\t<meta name=\"twitter:data1\" content=\"2 minutes\" \/>\n<script type=\"application\/ld+json\" class=\"yoast-schema-graph\">{\"@context\":\"https:\/\/schema.org\",\"@graph\":[{\"@type\":\"WebPage\",\"@id\":\"https:\/\/oc.ca\/fr\/apercu-comparatif-secteur-orchestral-nord-americain\/\",\"url\":\"https:\/\/oc.ca\/fr\/apercu-comparatif-secteur-orchestral-nord-americain\/\",\"name\":\"Aper\u00e7u comparatif - Orchestras Canada\/Orchestres Canada\",\"isPartOf\":{\"@id\":\"https:\/\/oc.ca\/en\/#website\"},\"primaryImageOfPage\":{\"@id\":\"https:\/\/oc.ca\/fr\/apercu-comparatif-secteur-orchestral-nord-americain\/#primaryimage\"},\"image\":{\"@id\":\"https:\/\/oc.ca\/fr\/apercu-comparatif-secteur-orchestral-nord-americain\/#primaryimage\"},\"thumbnailUrl\":\"https:\/\/oc.ca\/wp-content\/uploads\/2025\/09\/FR_Visual-Webinar-TRG-Arts-October-2025-800x451.png\",\"datePublished\":\"2025-09-08T20:26:38+00:00\",\"breadcrumb\":{\"@id\":\"https:\/\/oc.ca\/fr\/apercu-comparatif-secteur-orchestral-nord-americain\/#breadcrumb\"},\"inLanguage\":\"fr-FR\",\"potentialAction\":[{\"@type\":\"ReadAction\",\"target\":[\"https:\/\/oc.ca\/fr\/apercu-comparatif-secteur-orchestral-nord-americain\/\"]}]},{\"@type\":\"ImageObject\",\"inLanguage\":\"fr-FR\",\"@id\":\"https:\/\/oc.ca\/fr\/apercu-comparatif-secteur-orchestral-nord-americain\/#primaryimage\",\"url\":\"https:\/\/oc.ca\/wp-content\/uploads\/2025\/09\/FR_Visual-Webinar-TRG-Arts-October-2025-800x451.png\",\"contentUrl\":\"https:\/\/oc.ca\/wp-content\/uploads\/2025\/09\/FR_Visual-Webinar-TRG-Arts-October-2025-800x451.png\"},{\"@type\":\"BreadcrumbList\",\"@id\":\"https:\/\/oc.ca\/fr\/apercu-comparatif-secteur-orchestral-nord-americain\/#breadcrumb\",\"itemListElement\":[{\"@type\":\"ListItem\",\"position\":1,\"name\":\"Home\",\"item\":\"https:\/\/oc.ca\/fr\/\"},{\"@type\":\"ListItem\",\"position\":2,\"name\":\"Aper\u00e7u comparatif\"}]},{\"@type\":\"WebSite\",\"@id\":\"https:\/\/oc.ca\/en\/#website\",\"url\":\"https:\/\/oc.ca\/en\/\",\"name\":\"Orchestras Canada\/Orchestres Canada\",\"description\":\"\",\"publisher\":{\"@id\":\"https:\/\/oc.ca\/en\/#organization\"},\"potentialAction\":[{\"@type\":\"SearchAction\",\"target\":{\"@type\":\"EntryPoint\",\"urlTemplate\":\"https:\/\/oc.ca\/en\/?s={search_term_string}\"},\"query-input\":{\"@type\":\"PropertyValueSpecification\",\"valueRequired\":true,\"valueName\":\"search_term_string\"}}],\"inLanguage\":\"fr-FR\"},{\"@type\":\"Organization\",\"@id\":\"https:\/\/oc.ca\/en\/#organization\",\"name\":\"Orchestras Canada\/Orchestres Canada\",\"url\":\"https:\/\/oc.ca\/en\/\",\"logo\":{\"@type\":\"ImageObject\",\"inLanguage\":\"fr-FR\",\"@id\":\"https:\/\/oc.ca\/en\/#\/schema\/logo\/image\/\",\"url\":\"https:\/\/oc.ca\/wp-content\/uploads\/2019\/03\/cropped-OC-Logo-800x200-1.png\",\"contentUrl\":\"https:\/\/oc.ca\/wp-content\/uploads\/2019\/03\/cropped-OC-Logo-800x200-1.png\",\"width\":400,\"height\":100,\"caption\":\"Orchestras Canada\/Orchestres Canada\"},\"image\":{\"@id\":\"https:\/\/oc.ca\/en\/#\/schema\/logo\/image\/\"}}]}<\/script>\n<!-- \/ Yoast SEO plugin. -->","yoast_head_json":{"title":"Aper\u00e7u comparatif - Orchestras Canada\/Orchestres Canada","robots":{"index":"index","follow":"follow","max-snippet":"max-snippet:-1","max-image-preview":"max-image-preview:large","max-video-preview":"max-video-preview:-1"},"canonical":"https:\/\/oc.ca\/fr\/apercu-comparatif-secteur-orchestral-nord-americain\/","og_locale":"fr_FR","og_type":"article","og_title":"Aper\u00e7u comparatif - Orchestras Canada\/Orchestres Canada","og_description":"du secteur orchestral nord-am\u00e9ricain : saison 2024-2025\u00a0 Date: 9 octobre 2025 Heure : de 14h30 \u00e0 15h30 (heure de l&#8217;Est) Lieu : R\u00e9unions Zoom Co\u00fbt : Gratuit Session bilingue : Une interpr\u00e9tation simultan\u00e9e en fran\u00e7ais est disponible. Accessibilit\u00e9 : Des sous-titres g\u00e9n\u00e9r\u00e9s par l&#8217;IA seront disponibles via Zoom. \u00c0 qui s&#8217;adresse cette s\u00e9ance? Les dirigeant.e.s [&hellip;]","og_url":"https:\/\/oc.ca\/fr\/apercu-comparatif-secteur-orchestral-nord-americain\/","og_site_name":"Orchestras Canada\/Orchestres Canada","og_image":[{"width":1640,"height":924,"url":"https:\/\/oc.ca\/wp-content\/uploads\/2025\/09\/FR_Visual-Webinar-TRG-Arts-October-2025.png","type":"image\/png"}],"twitter_card":"summary_large_image","twitter_misc":{"Dur\u00e9e de lecture estim\u00e9e":"2 minutes"},"schema":{"@context":"https:\/\/schema.org","@graph":[{"@type":"WebPage","@id":"https:\/\/oc.ca\/fr\/apercu-comparatif-secteur-orchestral-nord-americain\/","url":"https:\/\/oc.ca\/fr\/apercu-comparatif-secteur-orchestral-nord-americain\/","name":"Aper\u00e7u comparatif - Orchestras Canada\/Orchestres Canada","isPartOf":{"@id":"https:\/\/oc.ca\/en\/#website"},"primaryImageOfPage":{"@id":"https:\/\/oc.ca\/fr\/apercu-comparatif-secteur-orchestral-nord-americain\/#primaryimage"},"image":{"@id":"https:\/\/oc.ca\/fr\/apercu-comparatif-secteur-orchestral-nord-americain\/#primaryimage"},"thumbnailUrl":"https:\/\/oc.ca\/wp-content\/uploads\/2025\/09\/FR_Visual-Webinar-TRG-Arts-October-2025-800x451.png","datePublished":"2025-09-08T20:26:38+00:00","breadcrumb":{"@id":"https:\/\/oc.ca\/fr\/apercu-comparatif-secteur-orchestral-nord-americain\/#breadcrumb"},"inLanguage":"fr-FR","potentialAction":[{"@type":"ReadAction","target":["https:\/\/oc.ca\/fr\/apercu-comparatif-secteur-orchestral-nord-americain\/"]}]},{"@type":"ImageObject","inLanguage":"fr-FR","@id":"https:\/\/oc.ca\/fr\/apercu-comparatif-secteur-orchestral-nord-americain\/#primaryimage","url":"https:\/\/oc.ca\/wp-content\/uploads\/2025\/09\/FR_Visual-Webinar-TRG-Arts-October-2025-800x451.png","contentUrl":"https:\/\/oc.ca\/wp-content\/uploads\/2025\/09\/FR_Visual-Webinar-TRG-Arts-October-2025-800x451.png"},{"@type":"BreadcrumbList","@id":"https:\/\/oc.ca\/fr\/apercu-comparatif-secteur-orchestral-nord-americain\/#breadcrumb","itemListElement":[{"@type":"ListItem","position":1,"name":"Home","item":"https:\/\/oc.ca\/fr\/"},{"@type":"ListItem","position":2,"name":"Aper\u00e7u comparatif"}]},{"@type":"WebSite","@id":"https:\/\/oc.ca\/en\/#website","url":"https:\/\/oc.ca\/en\/","name":"Orchestras Canada\/Orchestres Canada","description":"","publisher":{"@id":"https:\/\/oc.ca\/en\/#organization"},"potentialAction":[{"@type":"SearchAction","target":{"@type":"EntryPoint","urlTemplate":"https:\/\/oc.ca\/en\/?s={search_term_string}"},"query-input":{"@type":"PropertyValueSpecification","valueRequired":true,"valueName":"search_term_string"}}],"inLanguage":"fr-FR"},{"@type":"Organization","@id":"https:\/\/oc.ca\/en\/#organization","name":"Orchestras Canada\/Orchestres Canada","url":"https:\/\/oc.ca\/en\/","logo":{"@type":"ImageObject","inLanguage":"fr-FR","@id":"https:\/\/oc.ca\/en\/#\/schema\/logo\/image\/","url":"https:\/\/oc.ca\/wp-content\/uploads\/2019\/03\/cropped-OC-Logo-800x200-1.png","contentUrl":"https:\/\/oc.ca\/wp-content\/uploads\/2019\/03\/cropped-OC-Logo-800x200-1.png","width":400,"height":100,"caption":"Orchestras Canada\/Orchestres Canada"},"image":{"@id":"https:\/\/oc.ca\/en\/#\/schema\/logo\/image\/"}}]}},"_links":{"self":[{"href":"https:\/\/oc.ca\/fr\/wp-json\/wp\/v2\/pages\/15479","targetHints":{"allow":["GET"]}}],"collection":[{"href":"https:\/\/oc.ca\/fr\/wp-json\/wp\/v2\/pages"}],"about":[{"href":"https:\/\/oc.ca\/fr\/wp-json\/wp\/v2\/types\/page"}],"author":[{"embeddable":true,"href":"https:\/\/oc.ca\/fr\/wp-json\/wp\/v2\/users\/10"}],"replies":[{"embeddable":true,"href":"https:\/\/oc.ca\/fr\/wp-json\/wp\/v2\/comments?post=15479"}],"version-history":[{"count":2,"href":"https:\/\/oc.ca\/fr\/wp-json\/wp\/v2\/pages\/15479\/revisions"}],"predecessor-version":[{"id":15481,"href":"https:\/\/oc.ca\/fr\/wp-json\/wp\/v2\/pages\/15479\/revisions\/15481"}],"wp:attachment":[{"href":"https:\/\/oc.ca\/fr\/wp-json\/wp\/v2\/media?parent=15479"}],"curies":[{"name":"wp","href":"https:\/\/api.w.org\/{rel}","templated":true}]}}