{"id":14942,"date":"2025-04-08T15:41:36","date_gmt":"2025-04-08T19:41:36","guid":{"rendered":"https:\/\/oc.ca\/?page_id=14942"},"modified":"2025-06-12T11:02:09","modified_gmt":"2025-06-12T15:02:09","slug":"webinaire-3-orchestres-verts","status":"publish","type":"page","link":"https:\/\/oc.ca\/fr\/webinaire-3-orchestres-verts\/","title":{"rendered":"Webinaire 3 | Orchestres verts"},"content":{"rendered":"<h3 style=\"text-align: center;\"><span class=\"TextRun MacChromeBold SCXW52561526 BCX0\" lang=\"EN-US\" xml:lang=\"EN-US\" data-contrast=\"none\"><span class=\"NormalTextRun SCXW52561526 BCX0\" data-ccp-parastyle=\"heading 1\">Se <\/span><span class=\"NormalTextRun SpellingErrorV2Themed SCXW52561526 BCX0\" data-ccp-parastyle=\"heading 1\">rapprocher<\/span><span class=\"NormalTextRun SCXW52561526 BCX0\" data-ccp-parastyle=\"heading 1\"> de son <\/span><span class=\"NormalTextRun ContextualSpellingAndGrammarErrorV2Themed SCXW52561526 BCX0\" data-ccp-parastyle=\"heading 1\">public :<\/span><span class=\"NormalTextRun SCXW52561526 BCX0\" data-ccp-parastyle=\"heading 1\"> faire <\/span><span class=\"NormalTextRun SpellingErrorV2Themed SCXW52561526 BCX0\" data-ccp-parastyle=\"heading 1\">participer<\/span><span class=\"NormalTextRun SCXW52561526 BCX0\" data-ccp-parastyle=\"heading 1\"> les <\/span><span class=\"NormalTextRun SpellingErrorV2Themed SCXW52561526 BCX0\" data-ccp-parastyle=\"heading 1\">m\u00e9lomanes<\/span><span class=\"NormalTextRun SCXW52561526 BCX0\" data-ccp-parastyle=\"heading 1\"> \u00e0 <\/span><span class=\"NormalTextRun SpellingErrorV2Themed SCXW52561526 BCX0\" data-ccp-parastyle=\"heading 1\">votre<\/span> <span class=\"NormalTextRun SpellingErrorV2Themed SCXW52561526 BCX0\" data-ccp-parastyle=\"heading 1\">r\u00e9cit<\/span> <span class=\"NormalTextRun SpellingErrorV2Themed SCXW52561526 BCX0\" data-ccp-parastyle=\"heading 1\">d&#8217;\u00e9codurabilit\u00e9<\/span><\/span><span class=\"EOP SCXW52561526 BCX0\" data-ccp-props=\"{&quot;134233117&quot;:false,&quot;134233118&quot;:false,&quot;134245418&quot;:true,&quot;134245529&quot;:true,&quot;335557856&quot;:16777215,&quot;335559738&quot;:300,&quot;335559739&quot;:480}\">\u00a0<\/span><\/h3>\n<p><strong>Date :<\/strong> [Nouvelle date] 8 juillet 2025, en ligne<br \/>\n<strong>Heure :<\/strong> 12h00-13h00 | heure de l&#8217;Est<br \/>\n<strong>Une interpr\u00e9tation simultan\u00e9e vers le fran\u00e7ais sera disponible pour ce webinaire.<\/strong><br \/>\nIl s&#8217;agit du troisi\u00e8me webinaire d&#8217;une s\u00e9rie de trois webinaires.<\/p>\n<p style=\"text-align: center;\"><a href=\"https:\/\/us02web.zoom.us\/meeting\/register\/IaFb8vXOTlafKMtCUmROcQ\"><strong><button class=\"blue-button-medium\">S&#8217;inscrire!<\/button><\/strong><\/a><\/p>\n<p>&nbsp;<\/p>\n<p><img fetchpriority=\"high\" decoding=\"async\" class=\"wp-image-15114 aligncenter\" src=\"https:\/\/oc.ca\/wp-content\/uploads\/2025\/06\/2-1-800x451.png\" alt=\"\" width=\"548\" height=\"309\" srcset=\"https:\/\/oc.ca\/wp-content\/uploads\/2025\/06\/2-1-800x451.png 800w, https:\/\/oc.ca\/wp-content\/uploads\/2025\/06\/2-1-300x169.png 300w, https:\/\/oc.ca\/wp-content\/uploads\/2025\/06\/2-1-768x433.png 768w, https:\/\/oc.ca\/wp-content\/uploads\/2025\/06\/2-1-1536x865.png 1536w, https:\/\/oc.ca\/wp-content\/uploads\/2025\/06\/2-1.png 1640w\" sizes=\"(min-width: 960px) 75vw, 100vw\" \/><\/p>\n<p>Le public attend de plus en plus des organismes qu&#8217;ils fassent preuve de valeurs environnementales. Dans le m\u00eame temps, les spectateurs.trices eux-m\u00eames peuvent jouer un r\u00f4le crucial dans la cr\u00e9ation d&#8217;un changement positif. Dans ce troisi\u00e8me Webinaire gratuit, nos experts invit\u00e9s sur le d\u00e9veloppement durable dans le secteur culturel, Julie&#8217;s Bicycle, exploreront les astuces et les pratiques exemplaires pour communiquer avec succ\u00e8s, et engager votre public sur des sujets environnementaux. Ces conseils pratiques aideront votre orchestre \u00e0 approfondir ses liens avec la communaut\u00e9, vous rapprocheront de votre public et vous permettront de relever ensemble le d\u00e9fi de la r\u00e9duction de l&#8217;impact environnemental.<\/p>\n<p style=\"text-align: center;\"><a href=\"https:\/\/us02web.zoom.us\/meeting\/register\/IaFb8vXOTlafKMtCUmROcQ\"><strong><button class=\"blue-button-medium\">S&#8217;inscrire!<\/button><\/strong><\/a><\/p>\n<p>&nbsp;<\/p>\n<p><img decoding=\"async\" class=\"alignnone wp-image-2851 aligncenter\" src=\"https:\/\/oc.ca\/wp-content\/uploads\/2019\/02\/CCA.jpg\" alt=\"Logo, Canada Council for the Arts logo\" width=\"255\" height=\"47\" srcset=\"https:\/\/oc.ca\/wp-content\/uploads\/2019\/02\/CCA.jpg 500w, https:\/\/oc.ca\/wp-content\/uploads\/2019\/02\/CCA-300x55.jpg 300w\" sizes=\"(min-width: 960px) 75vw, 100vw\" \/><\/p>\n<p style=\"text-align: center;\"><span class=\"TextRun SCXW174538455 BCX0\" lang=\"FR-CA\" xml:lang=\"FR-CA\" data-contrast=\"auto\"><span class=\"NormalTextRun SCXW174538455 BCX0\">Nous remercions le Conseil des arts du Canada de son soutien.<\/span><\/span><span class=\"EOP SCXW174538455 BCX0\" data-ccp-props=\"{}\">\u00a0<\/span><\/p>\n<p>&nbsp;<\/p>\n<p><img decoding=\"async\" class=\"wp-image-2850 aligncenter\" src=\"https:\/\/oc.ca\/wp-content\/uploads\/2019\/02\/Canada-e1741039311434.png\" alt=\"Government of Canada logo\" width=\"250\" height=\"57\" srcset=\"https:\/\/oc.ca\/wp-content\/uploads\/2019\/02\/Canada-e1741039311434.png 500w, https:\/\/oc.ca\/wp-content\/uploads\/2019\/02\/Canada-e1741039311434-300x68.png 300w\" sizes=\"(min-width: 960px) 75vw, 100vw\" \/><\/p>\n<p style=\"text-align: center;\">Nous reconnaissons l&#8217;appui financier du gouvernement du Canada.<\/p>\n","protected":false},"excerpt":{"rendered":"<p>Se rapprocher de son public : faire participer les m\u00e9lomanes \u00e0 votre r\u00e9cit d&#8217;\u00e9codurabilit\u00e9\u00a0 Date : [Nouvelle date] 8 juillet 2025, en ligne Heure : 12h00-13h00 | heure de l&#8217;Est Une interpr\u00e9tation simultan\u00e9e vers le fran\u00e7ais sera disponible pour ce webinaire. Il s&#8217;agit du troisi\u00e8me webinaire d&#8217;une s\u00e9rie de trois webinaires. S&#8217;inscrire! &nbsp; Le public [&hellip;]<\/p>\n","protected":false},"author":10,"featured_media":0,"parent":0,"menu_order":0,"comment_status":"closed","ping_status":"closed","template":"","meta":{"_acf_changed":false,"_monsterinsights_skip_tracking":false,"_monsterinsights_sitenote_active":false,"_monsterinsights_sitenote_note":"","_monsterinsights_sitenote_category":0,"footnotes":""},"class_list":["post-14942","page","type-page","status-publish","hentry"],"acf":[],"yoast_head":"<!-- This site is optimized with the Yoast SEO plugin v25.4 - https:\/\/yoast.com\/wordpress\/plugins\/seo\/ -->\n<title>Webinaire 3 | Orchestres verts - Orchestras Canada\/Orchestres Canada<\/title>\n<meta name=\"robots\" content=\"index, follow, max-snippet:-1, max-image-preview:large, max-video-preview:-1\" \/>\n<link rel=\"canonical\" href=\"https:\/\/oc.ca\/fr\/webinaire-3-orchestres-verts\/\" \/>\n<meta property=\"og:locale\" content=\"fr_FR\" \/>\n<meta property=\"og:type\" content=\"article\" \/>\n<meta property=\"og:title\" content=\"Webinaire 3 | Orchestres verts - Orchestras Canada\/Orchestres Canada\" \/>\n<meta property=\"og:description\" content=\"Se rapprocher de son public : faire participer les m\u00e9lomanes \u00e0 votre r\u00e9cit d&#8217;\u00e9codurabilit\u00e9\u00a0 Date : [Nouvelle date] 8 juillet 2025, en ligne Heure : 12h00-13h00 | heure de l&#8217;Est Une interpr\u00e9tation simultan\u00e9e vers le fran\u00e7ais sera disponible pour ce webinaire. Il s&#8217;agit du troisi\u00e8me webinaire d&#8217;une s\u00e9rie de trois webinaires. S&#8217;inscrire! &nbsp; Le public [&hellip;]\" \/>\n<meta property=\"og:url\" content=\"https:\/\/oc.ca\/fr\/webinaire-3-orchestres-verts\/\" \/>\n<meta property=\"og:site_name\" content=\"Orchestras Canada\/Orchestres Canada\" \/>\n<meta property=\"article:modified_time\" content=\"2025-06-12T15:02:09+00:00\" \/>\n<meta property=\"og:image\" content=\"https:\/\/oc.ca\/wp-content\/uploads\/2025\/04\/2-1.png\" \/>\n\t<meta property=\"og:image:width\" content=\"1640\" \/>\n\t<meta property=\"og:image:height\" content=\"924\" \/>\n\t<meta property=\"og:image:type\" content=\"image\/png\" \/>\n<meta name=\"twitter:card\" content=\"summary_large_image\" \/>\n<meta name=\"twitter:label1\" content=\"Dur\u00e9e de lecture estim\u00e9e\" \/>\n\t<meta name=\"twitter:data1\" content=\"2 minutes\" \/>\n<script type=\"application\/ld+json\" class=\"yoast-schema-graph\">{\"@context\":\"https:\/\/schema.org\",\"@graph\":[{\"@type\":\"WebPage\",\"@id\":\"https:\/\/oc.ca\/fr\/webinaire-3-orchestres-verts\/\",\"url\":\"https:\/\/oc.ca\/fr\/webinaire-3-orchestres-verts\/\",\"name\":\"Webinaire 3 | Orchestres verts - Orchestras Canada\/Orchestres Canada\",\"isPartOf\":{\"@id\":\"https:\/\/oc.ca\/en\/#website\"},\"primaryImageOfPage\":{\"@id\":\"https:\/\/oc.ca\/fr\/webinaire-3-orchestres-verts\/#primaryimage\"},\"image\":{\"@id\":\"https:\/\/oc.ca\/fr\/webinaire-3-orchestres-verts\/#primaryimage\"},\"thumbnailUrl\":\"https:\/\/oc.ca\/wp-content\/uploads\/2025\/06\/2-1-800x451.png\",\"datePublished\":\"2025-04-08T19:41:36+00:00\",\"dateModified\":\"2025-06-12T15:02:09+00:00\",\"breadcrumb\":{\"@id\":\"https:\/\/oc.ca\/fr\/webinaire-3-orchestres-verts\/#breadcrumb\"},\"inLanguage\":\"fr-FR\",\"potentialAction\":[{\"@type\":\"ReadAction\",\"target\":[\"https:\/\/oc.ca\/fr\/webinaire-3-orchestres-verts\/\"]}]},{\"@type\":\"ImageObject\",\"inLanguage\":\"fr-FR\",\"@id\":\"https:\/\/oc.ca\/fr\/webinaire-3-orchestres-verts\/#primaryimage\",\"url\":\"https:\/\/oc.ca\/wp-content\/uploads\/2025\/06\/2-1-800x451.png\",\"contentUrl\":\"https:\/\/oc.ca\/wp-content\/uploads\/2025\/06\/2-1-800x451.png\"},{\"@type\":\"BreadcrumbList\",\"@id\":\"https:\/\/oc.ca\/fr\/webinaire-3-orchestres-verts\/#breadcrumb\",\"itemListElement\":[{\"@type\":\"ListItem\",\"position\":1,\"name\":\"Home\",\"item\":\"https:\/\/oc.ca\/fr\/\"},{\"@type\":\"ListItem\",\"position\":2,\"name\":\"Webinaire 3 | Orchestres verts\"}]},{\"@type\":\"WebSite\",\"@id\":\"https:\/\/oc.ca\/en\/#website\",\"url\":\"https:\/\/oc.ca\/en\/\",\"name\":\"Orchestras Canada\/Orchestres Canada\",\"description\":\"\",\"publisher\":{\"@id\":\"https:\/\/oc.ca\/en\/#organization\"},\"potentialAction\":[{\"@type\":\"SearchAction\",\"target\":{\"@type\":\"EntryPoint\",\"urlTemplate\":\"https:\/\/oc.ca\/en\/?s={search_term_string}\"},\"query-input\":{\"@type\":\"PropertyValueSpecification\",\"valueRequired\":true,\"valueName\":\"search_term_string\"}}],\"inLanguage\":\"fr-FR\"},{\"@type\":\"Organization\",\"@id\":\"https:\/\/oc.ca\/en\/#organization\",\"name\":\"Orchestras Canada\/Orchestres Canada\",\"url\":\"https:\/\/oc.ca\/en\/\",\"logo\":{\"@type\":\"ImageObject\",\"inLanguage\":\"fr-FR\",\"@id\":\"https:\/\/oc.ca\/en\/#\/schema\/logo\/image\/\",\"url\":\"https:\/\/oc.ca\/wp-content\/uploads\/2019\/03\/cropped-OC-Logo-800x200-1.png\",\"contentUrl\":\"https:\/\/oc.ca\/wp-content\/uploads\/2019\/03\/cropped-OC-Logo-800x200-1.png\",\"width\":400,\"height\":100,\"caption\":\"Orchestras Canada\/Orchestres Canada\"},\"image\":{\"@id\":\"https:\/\/oc.ca\/en\/#\/schema\/logo\/image\/\"}}]}<\/script>\n<!-- \/ Yoast SEO plugin. -->","yoast_head_json":{"title":"Webinaire 3 | Orchestres verts - Orchestras Canada\/Orchestres Canada","robots":{"index":"index","follow":"follow","max-snippet":"max-snippet:-1","max-image-preview":"max-image-preview:large","max-video-preview":"max-video-preview:-1"},"canonical":"https:\/\/oc.ca\/fr\/webinaire-3-orchestres-verts\/","og_locale":"fr_FR","og_type":"article","og_title":"Webinaire 3 | Orchestres verts - Orchestras Canada\/Orchestres Canada","og_description":"Se rapprocher de son public : faire participer les m\u00e9lomanes \u00e0 votre r\u00e9cit d&#8217;\u00e9codurabilit\u00e9\u00a0 Date : [Nouvelle date] 8 juillet 2025, en ligne Heure : 12h00-13h00 | heure de l&#8217;Est Une interpr\u00e9tation simultan\u00e9e vers le fran\u00e7ais sera disponible pour ce webinaire. Il s&#8217;agit du troisi\u00e8me webinaire d&#8217;une s\u00e9rie de trois webinaires. S&#8217;inscrire! &nbsp; Le public [&hellip;]","og_url":"https:\/\/oc.ca\/fr\/webinaire-3-orchestres-verts\/","og_site_name":"Orchestras Canada\/Orchestres Canada","article_modified_time":"2025-06-12T15:02:09+00:00","og_image":[{"width":1640,"height":924,"url":"https:\/\/oc.ca\/wp-content\/uploads\/2025\/04\/2-1.png","type":"image\/png"}],"twitter_card":"summary_large_image","twitter_misc":{"Dur\u00e9e de lecture estim\u00e9e":"2 minutes"},"schema":{"@context":"https:\/\/schema.org","@graph":[{"@type":"WebPage","@id":"https:\/\/oc.ca\/fr\/webinaire-3-orchestres-verts\/","url":"https:\/\/oc.ca\/fr\/webinaire-3-orchestres-verts\/","name":"Webinaire 3 | Orchestres verts - Orchestras Canada\/Orchestres Canada","isPartOf":{"@id":"https:\/\/oc.ca\/en\/#website"},"primaryImageOfPage":{"@id":"https:\/\/oc.ca\/fr\/webinaire-3-orchestres-verts\/#primaryimage"},"image":{"@id":"https:\/\/oc.ca\/fr\/webinaire-3-orchestres-verts\/#primaryimage"},"thumbnailUrl":"https:\/\/oc.ca\/wp-content\/uploads\/2025\/06\/2-1-800x451.png","datePublished":"2025-04-08T19:41:36+00:00","dateModified":"2025-06-12T15:02:09+00:00","breadcrumb":{"@id":"https:\/\/oc.ca\/fr\/webinaire-3-orchestres-verts\/#breadcrumb"},"inLanguage":"fr-FR","potentialAction":[{"@type":"ReadAction","target":["https:\/\/oc.ca\/fr\/webinaire-3-orchestres-verts\/"]}]},{"@type":"ImageObject","inLanguage":"fr-FR","@id":"https:\/\/oc.ca\/fr\/webinaire-3-orchestres-verts\/#primaryimage","url":"https:\/\/oc.ca\/wp-content\/uploads\/2025\/06\/2-1-800x451.png","contentUrl":"https:\/\/oc.ca\/wp-content\/uploads\/2025\/06\/2-1-800x451.png"},{"@type":"BreadcrumbList","@id":"https:\/\/oc.ca\/fr\/webinaire-3-orchestres-verts\/#breadcrumb","itemListElement":[{"@type":"ListItem","position":1,"name":"Home","item":"https:\/\/oc.ca\/fr\/"},{"@type":"ListItem","position":2,"name":"Webinaire 3 | Orchestres verts"}]},{"@type":"WebSite","@id":"https:\/\/oc.ca\/en\/#website","url":"https:\/\/oc.ca\/en\/","name":"Orchestras Canada\/Orchestres Canada","description":"","publisher":{"@id":"https:\/\/oc.ca\/en\/#organization"},"potentialAction":[{"@type":"SearchAction","target":{"@type":"EntryPoint","urlTemplate":"https:\/\/oc.ca\/en\/?s={search_term_string}"},"query-input":{"@type":"PropertyValueSpecification","valueRequired":true,"valueName":"search_term_string"}}],"inLanguage":"fr-FR"},{"@type":"Organization","@id":"https:\/\/oc.ca\/en\/#organization","name":"Orchestras Canada\/Orchestres Canada","url":"https:\/\/oc.ca\/en\/","logo":{"@type":"ImageObject","inLanguage":"fr-FR","@id":"https:\/\/oc.ca\/en\/#\/schema\/logo\/image\/","url":"https:\/\/oc.ca\/wp-content\/uploads\/2019\/03\/cropped-OC-Logo-800x200-1.png","contentUrl":"https:\/\/oc.ca\/wp-content\/uploads\/2019\/03\/cropped-OC-Logo-800x200-1.png","width":400,"height":100,"caption":"Orchestras Canada\/Orchestres Canada"},"image":{"@id":"https:\/\/oc.ca\/en\/#\/schema\/logo\/image\/"}}]}},"_links":{"self":[{"href":"https:\/\/oc.ca\/fr\/wp-json\/wp\/v2\/pages\/14942","targetHints":{"allow":["GET"]}}],"collection":[{"href":"https:\/\/oc.ca\/fr\/wp-json\/wp\/v2\/pages"}],"about":[{"href":"https:\/\/oc.ca\/fr\/wp-json\/wp\/v2\/types\/page"}],"author":[{"embeddable":true,"href":"https:\/\/oc.ca\/fr\/wp-json\/wp\/v2\/users\/10"}],"replies":[{"embeddable":true,"href":"https:\/\/oc.ca\/fr\/wp-json\/wp\/v2\/comments?post=14942"}],"version-history":[{"count":7,"href":"https:\/\/oc.ca\/fr\/wp-json\/wp\/v2\/pages\/14942\/revisions"}],"predecessor-version":[{"id":15125,"href":"https:\/\/oc.ca\/fr\/wp-json\/wp\/v2\/pages\/14942\/revisions\/15125"}],"wp:attachment":[{"href":"https:\/\/oc.ca\/fr\/wp-json\/wp\/v2\/media?parent=14942"}],"curies":[{"name":"wp","href":"https:\/\/api.w.org\/{rel}","templated":true}]}}