{"id":14921,"date":"2025-04-07T17:44:49","date_gmt":"2025-04-07T21:44:49","guid":{"rendered":"https:\/\/oc.ca\/?page_id=14921"},"modified":"2025-04-08T15:00:29","modified_gmt":"2025-04-08T19:00:29","slug":"table-ronde","status":"publish","type":"page","link":"https:\/\/oc.ca\/fr\/table-ronde\/","title":{"rendered":"Table ronde"},"content":{"rendered":"<h3 style=\"text-align: center;\">sur le rapport sur le r\u00e9pertoire des orchestres canadiens<\/h3>\n<p><b><strong>Lieu :<\/strong><\/b> R\u00e9unions Zoom<br \/>\n<b><strong>Co\u00fbt :<\/strong><\/b> Gratuit<\/p>\n<p>Pour la troisi\u00e8me ann\u00e9e cons\u00e9cutive,\u00a0<b>Orchestres Canada\u00a0<\/b>et\u00a0<b>Rich Coburn<\/b>, de\u00a0<b>BIPOC<\/b><b>\u00a0Voices\u00a0<\/b>, s&#8217;associent dans le cadre du Rapport sur le r\u00e9pertoire des orchestres canadiens.<\/p>\n<p>Parce que nous voulons que la recherche aide concr\u00e8tement les orchestres \u00e0 suivre et \u00e0 progresser dans leurs efforts pour refl\u00e9ter et engager leurs communaut\u00e9s dans leurs d\u00e9cisions de programmation, nous voulons avoir votre avis!<\/p>\n<ul>\n<li>Comment les rapports pr\u00e9c\u00e9dents vous ont-ils aid\u00e9?<\/li>\n<li>Comment pourraient-ils \u00eatre plus utiles?<\/li>\n<li>Parmi nos id\u00e9es d&#8217;\u00e9volutions futures, lesquelles vous semblent les plus int\u00e9ressantes?<\/li>\n<\/ul>\n<p>Nous organiserons\u00a0<b>trois tables rondes pour recueillir vos commentaires et vos id\u00e9es :<\/b><\/p>\n<ul>\n<li>Mercredi 9 avril 2025, midi ET (anglais)\u00a0<a href=\"https:\/\/us02web.zoom.us\/meeting\/register\/c4d_o4i4TUCN3llwEVqwSQ\"><b>Inscrivez-vous<\/b><\/a><\/li>\n<li>Mardi 15 avril 2025, midi ET (fran\u00e7ais)\u00a0<a href=\"https:\/\/us02web.zoom.us\/meeting\/register\/dgeogbzgQX2wErZH9MlyNQ\"><b>Inscrivez-vous<\/b><\/a><\/li>\n<li>Mercredi 23 avril 2025, midi ET (anglais)\u00a0<a href=\"https:\/\/us02web.zoom.us\/meeting\/register\/RWhsz8YLQBOvvMN3MvKOnA\"><b>Inscrivez-vous<\/b><\/a><\/li>\n<\/ul>\n<p>Votre participation contribue grandement \u00e0 soutenir cette recherche. Nous esp\u00e9rons vous y voir!<\/p>\n<p><img fetchpriority=\"high\" decoding=\"async\" class=\" wp-image-14931 aligncenter\" src=\"https:\/\/oc.ca\/wp-content\/uploads\/2025\/04\/2-800x451.png\" alt=\"\" width=\"608\" height=\"343\" srcset=\"https:\/\/oc.ca\/wp-content\/uploads\/2025\/04\/2-800x451.png 800w, https:\/\/oc.ca\/wp-content\/uploads\/2025\/04\/2-300x169.png 300w, https:\/\/oc.ca\/wp-content\/uploads\/2025\/04\/2-768x433.png 768w, https:\/\/oc.ca\/wp-content\/uploads\/2025\/04\/2-1536x865.png 1536w, https:\/\/oc.ca\/wp-content\/uploads\/2025\/04\/2.png 1640w\" sizes=\"(min-width: 960px) 75vw, 100vw\" \/><\/p>\n<p>Nous tenons \u00e0 remercier l&#8217;Orchestre du Centre national des Arts pour son soutien continu qui a rendu ce travail possible.<\/p>\n","protected":false},"excerpt":{"rendered":"<p>sur le rapport sur le r\u00e9pertoire des orchestres canadiens Lieu : R\u00e9unions Zoom Co\u00fbt : Gratuit Pour la troisi\u00e8me ann\u00e9e cons\u00e9cutive,\u00a0Orchestres Canada\u00a0et\u00a0Rich Coburn, de\u00a0BIPOC\u00a0Voices\u00a0, s&#8217;associent dans le cadre du Rapport sur le r\u00e9pertoire des orchestres canadiens. Parce que nous voulons que la recherche aide concr\u00e8tement les orchestres \u00e0 suivre et \u00e0 progresser dans leurs efforts [&hellip;]<\/p>\n","protected":false},"author":10,"featured_media":0,"parent":0,"menu_order":0,"comment_status":"closed","ping_status":"closed","template":"","meta":{"_acf_changed":false,"_monsterinsights_skip_tracking":false,"_monsterinsights_sitenote_active":false,"_monsterinsights_sitenote_note":"","_monsterinsights_sitenote_category":0,"footnotes":""},"class_list":["post-14921","page","type-page","status-publish","hentry"],"acf":[],"yoast_head":"<!-- This site is optimized with the Yoast SEO plugin v25.4 - https:\/\/yoast.com\/wordpress\/plugins\/seo\/ -->\n<title>Table ronde - Orchestras Canada\/Orchestres Canada<\/title>\n<meta name=\"robots\" content=\"index, follow, max-snippet:-1, max-image-preview:large, max-video-preview:-1\" \/>\n<link rel=\"canonical\" href=\"https:\/\/oc.ca\/fr\/table-ronde\/\" \/>\n<meta property=\"og:locale\" content=\"fr_FR\" \/>\n<meta property=\"og:type\" content=\"article\" \/>\n<meta property=\"og:title\" content=\"Table ronde - Orchestras Canada\/Orchestres Canada\" \/>\n<meta property=\"og:description\" content=\"sur le rapport sur le r\u00e9pertoire des orchestres canadiens Lieu : R\u00e9unions Zoom Co\u00fbt : Gratuit Pour la troisi\u00e8me ann\u00e9e cons\u00e9cutive,\u00a0Orchestres Canada\u00a0et\u00a0Rich Coburn, de\u00a0BIPOC\u00a0Voices\u00a0, s&#8217;associent dans le cadre du Rapport sur le r\u00e9pertoire des orchestres canadiens. Parce que nous voulons que la recherche aide concr\u00e8tement les orchestres \u00e0 suivre et \u00e0 progresser dans leurs efforts [&hellip;]\" \/>\n<meta property=\"og:url\" content=\"https:\/\/oc.ca\/fr\/table-ronde\/\" \/>\n<meta property=\"og:site_name\" content=\"Orchestras Canada\/Orchestres Canada\" \/>\n<meta property=\"article:modified_time\" content=\"2025-04-08T19:00:29+00:00\" \/>\n<meta property=\"og:image\" content=\"https:\/\/oc.ca\/wp-content\/uploads\/2025\/04\/2.png\" \/>\n\t<meta property=\"og:image:width\" content=\"1640\" \/>\n\t<meta property=\"og:image:height\" content=\"924\" \/>\n\t<meta property=\"og:image:type\" content=\"image\/png\" \/>\n<meta name=\"twitter:card\" content=\"summary_large_image\" \/>\n<meta name=\"twitter:label1\" content=\"Dur\u00e9e de lecture estim\u00e9e\" \/>\n\t<meta name=\"twitter:data1\" content=\"1 minute\" \/>\n<script type=\"application\/ld+json\" class=\"yoast-schema-graph\">{\"@context\":\"https:\/\/schema.org\",\"@graph\":[{\"@type\":\"WebPage\",\"@id\":\"https:\/\/oc.ca\/fr\/table-ronde\/\",\"url\":\"https:\/\/oc.ca\/fr\/table-ronde\/\",\"name\":\"Table ronde - Orchestras Canada\/Orchestres Canada\",\"isPartOf\":{\"@id\":\"https:\/\/oc.ca\/en\/#website\"},\"primaryImageOfPage\":{\"@id\":\"https:\/\/oc.ca\/fr\/table-ronde\/#primaryimage\"},\"image\":{\"@id\":\"https:\/\/oc.ca\/fr\/table-ronde\/#primaryimage\"},\"thumbnailUrl\":\"https:\/\/oc.ca\/wp-content\/uploads\/2025\/04\/2-800x451.png\",\"datePublished\":\"2025-04-07T21:44:49+00:00\",\"dateModified\":\"2025-04-08T19:00:29+00:00\",\"breadcrumb\":{\"@id\":\"https:\/\/oc.ca\/fr\/table-ronde\/#breadcrumb\"},\"inLanguage\":\"fr-FR\",\"potentialAction\":[{\"@type\":\"ReadAction\",\"target\":[\"https:\/\/oc.ca\/fr\/table-ronde\/\"]}]},{\"@type\":\"ImageObject\",\"inLanguage\":\"fr-FR\",\"@id\":\"https:\/\/oc.ca\/fr\/table-ronde\/#primaryimage\",\"url\":\"https:\/\/oc.ca\/wp-content\/uploads\/2025\/04\/2-800x451.png\",\"contentUrl\":\"https:\/\/oc.ca\/wp-content\/uploads\/2025\/04\/2-800x451.png\"},{\"@type\":\"BreadcrumbList\",\"@id\":\"https:\/\/oc.ca\/fr\/table-ronde\/#breadcrumb\",\"itemListElement\":[{\"@type\":\"ListItem\",\"position\":1,\"name\":\"Home\",\"item\":\"https:\/\/oc.ca\/fr\/\"},{\"@type\":\"ListItem\",\"position\":2,\"name\":\"Table ronde\"}]},{\"@type\":\"WebSite\",\"@id\":\"https:\/\/oc.ca\/en\/#website\",\"url\":\"https:\/\/oc.ca\/en\/\",\"name\":\"Orchestras Canada\/Orchestres Canada\",\"description\":\"\",\"publisher\":{\"@id\":\"https:\/\/oc.ca\/en\/#organization\"},\"potentialAction\":[{\"@type\":\"SearchAction\",\"target\":{\"@type\":\"EntryPoint\",\"urlTemplate\":\"https:\/\/oc.ca\/en\/?s={search_term_string}\"},\"query-input\":{\"@type\":\"PropertyValueSpecification\",\"valueRequired\":true,\"valueName\":\"search_term_string\"}}],\"inLanguage\":\"fr-FR\"},{\"@type\":\"Organization\",\"@id\":\"https:\/\/oc.ca\/en\/#organization\",\"name\":\"Orchestras Canada\/Orchestres Canada\",\"url\":\"https:\/\/oc.ca\/en\/\",\"logo\":{\"@type\":\"ImageObject\",\"inLanguage\":\"fr-FR\",\"@id\":\"https:\/\/oc.ca\/en\/#\/schema\/logo\/image\/\",\"url\":\"https:\/\/oc.ca\/wp-content\/uploads\/2019\/03\/cropped-OC-Logo-800x200-1.png\",\"contentUrl\":\"https:\/\/oc.ca\/wp-content\/uploads\/2019\/03\/cropped-OC-Logo-800x200-1.png\",\"width\":400,\"height\":100,\"caption\":\"Orchestras Canada\/Orchestres Canada\"},\"image\":{\"@id\":\"https:\/\/oc.ca\/en\/#\/schema\/logo\/image\/\"}}]}<\/script>\n<!-- \/ Yoast SEO plugin. -->","yoast_head_json":{"title":"Table ronde - Orchestras Canada\/Orchestres Canada","robots":{"index":"index","follow":"follow","max-snippet":"max-snippet:-1","max-image-preview":"max-image-preview:large","max-video-preview":"max-video-preview:-1"},"canonical":"https:\/\/oc.ca\/fr\/table-ronde\/","og_locale":"fr_FR","og_type":"article","og_title":"Table ronde - Orchestras Canada\/Orchestres Canada","og_description":"sur le rapport sur le r\u00e9pertoire des orchestres canadiens Lieu : R\u00e9unions Zoom Co\u00fbt : Gratuit Pour la troisi\u00e8me ann\u00e9e cons\u00e9cutive,\u00a0Orchestres Canada\u00a0et\u00a0Rich Coburn, de\u00a0BIPOC\u00a0Voices\u00a0, s&#8217;associent dans le cadre du Rapport sur le r\u00e9pertoire des orchestres canadiens. Parce que nous voulons que la recherche aide concr\u00e8tement les orchestres \u00e0 suivre et \u00e0 progresser dans leurs efforts [&hellip;]","og_url":"https:\/\/oc.ca\/fr\/table-ronde\/","og_site_name":"Orchestras Canada\/Orchestres Canada","article_modified_time":"2025-04-08T19:00:29+00:00","og_image":[{"width":1640,"height":924,"url":"https:\/\/oc.ca\/wp-content\/uploads\/2025\/04\/2.png","type":"image\/png"}],"twitter_card":"summary_large_image","twitter_misc":{"Dur\u00e9e de lecture estim\u00e9e":"1 minute"},"schema":{"@context":"https:\/\/schema.org","@graph":[{"@type":"WebPage","@id":"https:\/\/oc.ca\/fr\/table-ronde\/","url":"https:\/\/oc.ca\/fr\/table-ronde\/","name":"Table ronde - Orchestras Canada\/Orchestres Canada","isPartOf":{"@id":"https:\/\/oc.ca\/en\/#website"},"primaryImageOfPage":{"@id":"https:\/\/oc.ca\/fr\/table-ronde\/#primaryimage"},"image":{"@id":"https:\/\/oc.ca\/fr\/table-ronde\/#primaryimage"},"thumbnailUrl":"https:\/\/oc.ca\/wp-content\/uploads\/2025\/04\/2-800x451.png","datePublished":"2025-04-07T21:44:49+00:00","dateModified":"2025-04-08T19:00:29+00:00","breadcrumb":{"@id":"https:\/\/oc.ca\/fr\/table-ronde\/#breadcrumb"},"inLanguage":"fr-FR","potentialAction":[{"@type":"ReadAction","target":["https:\/\/oc.ca\/fr\/table-ronde\/"]}]},{"@type":"ImageObject","inLanguage":"fr-FR","@id":"https:\/\/oc.ca\/fr\/table-ronde\/#primaryimage","url":"https:\/\/oc.ca\/wp-content\/uploads\/2025\/04\/2-800x451.png","contentUrl":"https:\/\/oc.ca\/wp-content\/uploads\/2025\/04\/2-800x451.png"},{"@type":"BreadcrumbList","@id":"https:\/\/oc.ca\/fr\/table-ronde\/#breadcrumb","itemListElement":[{"@type":"ListItem","position":1,"name":"Home","item":"https:\/\/oc.ca\/fr\/"},{"@type":"ListItem","position":2,"name":"Table ronde"}]},{"@type":"WebSite","@id":"https:\/\/oc.ca\/en\/#website","url":"https:\/\/oc.ca\/en\/","name":"Orchestras Canada\/Orchestres Canada","description":"","publisher":{"@id":"https:\/\/oc.ca\/en\/#organization"},"potentialAction":[{"@type":"SearchAction","target":{"@type":"EntryPoint","urlTemplate":"https:\/\/oc.ca\/en\/?s={search_term_string}"},"query-input":{"@type":"PropertyValueSpecification","valueRequired":true,"valueName":"search_term_string"}}],"inLanguage":"fr-FR"},{"@type":"Organization","@id":"https:\/\/oc.ca\/en\/#organization","name":"Orchestras Canada\/Orchestres Canada","url":"https:\/\/oc.ca\/en\/","logo":{"@type":"ImageObject","inLanguage":"fr-FR","@id":"https:\/\/oc.ca\/en\/#\/schema\/logo\/image\/","url":"https:\/\/oc.ca\/wp-content\/uploads\/2019\/03\/cropped-OC-Logo-800x200-1.png","contentUrl":"https:\/\/oc.ca\/wp-content\/uploads\/2019\/03\/cropped-OC-Logo-800x200-1.png","width":400,"height":100,"caption":"Orchestras Canada\/Orchestres Canada"},"image":{"@id":"https:\/\/oc.ca\/en\/#\/schema\/logo\/image\/"}}]}},"_links":{"self":[{"href":"https:\/\/oc.ca\/fr\/wp-json\/wp\/v2\/pages\/14921","targetHints":{"allow":["GET"]}}],"collection":[{"href":"https:\/\/oc.ca\/fr\/wp-json\/wp\/v2\/pages"}],"about":[{"href":"https:\/\/oc.ca\/fr\/wp-json\/wp\/v2\/types\/page"}],"author":[{"embeddable":true,"href":"https:\/\/oc.ca\/fr\/wp-json\/wp\/v2\/users\/10"}],"replies":[{"embeddable":true,"href":"https:\/\/oc.ca\/fr\/wp-json\/wp\/v2\/comments?post=14921"}],"version-history":[{"count":2,"href":"https:\/\/oc.ca\/fr\/wp-json\/wp\/v2\/pages\/14921\/revisions"}],"predecessor-version":[{"id":14933,"href":"https:\/\/oc.ca\/fr\/wp-json\/wp\/v2\/pages\/14921\/revisions\/14933"}],"wp:attachment":[{"href":"https:\/\/oc.ca\/fr\/wp-json\/wp\/v2\/media?parent=14921"}],"curies":[{"name":"wp","href":"https:\/\/api.w.org\/{rel}","templated":true}]}}