{"id":14886,"date":"2025-04-02T18:06:54","date_gmt":"2025-04-02T22:06:54","guid":{"rendered":"https:\/\/oc.ca\/?page_id=14886"},"modified":"2025-04-24T17:54:32","modified_gmt":"2025-04-24T21:54:32","slug":"webinaire-2-orchestres-verts","status":"publish","type":"page","link":"https:\/\/oc.ca\/fr\/webinaire-2-orchestres-verts\/","title":{"rendered":"Webinaire 2 | Orchestres verts"},"content":{"rendered":"<h3 style=\"text-align: center;\">Orchestres verts &#8211; R\u00e9duire l&#8217;impact environnemental des r\u00e9p\u00e9titions et des concerts<\/h3>\n<p><strong>Date :<\/strong> 29 avril 2025, en ligne<br \/>\n<strong>Heure :<\/strong> 12h00-13h00 | heure de l&#8217;Est<br \/>\n<strong>Une interpr\u00e9tation simultan\u00e9e vers le fran\u00e7ais sera disponible pour ce webinaire.<\/strong><br \/>\nIl s&#8217;agit du deuxi\u00e8me webinaire d&#8217;une s\u00e9rie de trois webinaires. Restez \u00e0 l&#8217;\u00e9coute pour conna\u00eetre la date et l&#8217;heure du prochain webinaire!<\/p>\n<p style=\"text-align: center;\"><a href=\"https:\/\/us02web.zoom.us\/meeting\/register\/eG0VXOoPQk-YTAO4egaO9w\"><strong><button class=\"blue-button-medium\">S&#8217;inscrire!<\/button><\/strong><\/a><\/p>\n<p><img fetchpriority=\"high\" decoding=\"async\" class=\" wp-image-14884 aligncenter\" src=\"https:\/\/oc.ca\/wp-content\/uploads\/2025\/04\/FR_Visual-Webinar-2-800x451.png\" alt=\"\" width=\"540\" height=\"305\" srcset=\"https:\/\/oc.ca\/wp-content\/uploads\/2025\/04\/FR_Visual-Webinar-2-800x451.png 800w, https:\/\/oc.ca\/wp-content\/uploads\/2025\/04\/FR_Visual-Webinar-2-300x169.png 300w, https:\/\/oc.ca\/wp-content\/uploads\/2025\/04\/FR_Visual-Webinar-2-768x433.png 768w, https:\/\/oc.ca\/wp-content\/uploads\/2025\/04\/FR_Visual-Webinar-2-1536x865.png 1536w, https:\/\/oc.ca\/wp-content\/uploads\/2025\/04\/FR_Visual-Webinar-2.png 1640w\" sizes=\"(min-width: 960px) 75vw, 100vw\" \/><\/p>\n<p>Que peuvent faire concr\u00e8tement les orchestres pour avoir un impact positif sur les d\u00e9fis environnementaux? Dans ce deuxi\u00e8me webinaire gratuit, notre experte invit\u00e9e, Danielle Pipe de Julie&#8217;s Bicycle &#8211; une importante organisation \u00e0 but non lucratif qui se consacre \u00e0 la mobilisation de l&#8217;action climatique dans le secteur culturel &#8211; approfondira les mesures pratiques que les orchestres peuvent prendre pour r\u00e9duire directement les impacts environnementaux sur lesquels ils ont un contr\u00f4le et pour influencer positivement le public.<\/p>\n<p style=\"text-align: center;\"><a href=\"https:\/\/us02web.zoom.us\/meeting\/register\/eG0VXOoPQk-YTAO4egaO9w\"><strong><button class=\"blue-button-medium\">S&#8217;inscrire!<\/button><\/strong><\/a><\/p>\n<p>Vous pouvez visionner le premier webinaire qui traite du r\u00f4le unique que les orchestres peuvent jouer dans les questions environnementales et des avantages financiers de l&#8217;action\u00a0<a href=\"https:\/\/oc.ca\/fr\/resource\/le-role-des-orchestres-canadiens-dans-laction-environnementale\/\">ici<\/a>.<\/p>\n<p><strong>Pr\u00e9sentatrice :<\/strong> Danielle Pipe<\/p>\n<p><img decoding=\"async\" class=\"wp-image-14952 alignleft\" src=\"https:\/\/oc.ca\/wp-content\/uploads\/2025\/04\/danielle-672x720.png.webp\" alt=\"\" width=\"167\" height=\"179\" srcset=\"https:\/\/oc.ca\/wp-content\/uploads\/2025\/04\/danielle-672x720.png.webp 672w, https:\/\/oc.ca\/wp-content\/uploads\/2025\/04\/danielle-672x720.png-280x300.webp 280w\" sizes=\"(min-width: 960px) 75vw, 100vw\" \/><\/p>\n<p>Coordinatrice du d\u00e9veloppement durable au sein de l&#8217;\u00e9quipe Creative Green Consultancy and Partnerships de Julie&#8217;s Bicycle. Danielle travaille avec des organisations et des individus dans toutes les disciplines du secteur cr\u00e9atif, qu&#8217;il s&#8217;agisse de mus\u00e9es, de galeries, de th\u00e9\u00e2tres, de festivals ou de cin\u00e9mas, pour soutenir l&#8217;action collective en faveur du climat Elle est passionn\u00e9e par la capacit\u00e9 de la communaut\u00e9 cr\u00e9ative \u00e0 inspirer et \u00e0 conduire le changement pour faire face \u00e0 la crise climatique.<\/p>\n<p>&nbsp;<\/p>\n<p><img decoding=\"async\" class=\"alignnone wp-image-2851 aligncenter\" src=\"https:\/\/oc.ca\/wp-content\/uploads\/2019\/02\/CCA.jpg\" alt=\"Logo, Canada Council for the Arts logo\" width=\"255\" height=\"47\" srcset=\"https:\/\/oc.ca\/wp-content\/uploads\/2019\/02\/CCA.jpg 500w, https:\/\/oc.ca\/wp-content\/uploads\/2019\/02\/CCA-300x55.jpg 300w\" sizes=\"(min-width: 960px) 75vw, 100vw\" \/><\/p>\n<p style=\"text-align: center;\"><span class=\"TextRun SCXW174538455 BCX0\" lang=\"FR-CA\" xml:lang=\"FR-CA\" data-contrast=\"auto\"><span class=\"NormalTextRun SCXW174538455 BCX0\">Nous remercions le Conseil des arts du Canada de son soutien.<\/span><\/span><span class=\"EOP SCXW174538455 BCX0\" data-ccp-props=\"{}\">\u00a0<\/span><\/p>\n<p>&nbsp;<\/p>\n<p><img loading=\"lazy\" decoding=\"async\" class=\"wp-image-2850 aligncenter\" src=\"https:\/\/oc.ca\/wp-content\/uploads\/2019\/02\/Canada-e1741039311434.png\" alt=\"Government of Canada logo\" width=\"250\" height=\"57\" srcset=\"https:\/\/oc.ca\/wp-content\/uploads\/2019\/02\/Canada-e1741039311434.png 500w, https:\/\/oc.ca\/wp-content\/uploads\/2019\/02\/Canada-e1741039311434-300x68.png 300w\" sizes=\"(min-width: 960px) 75vw, 100vw\" \/><\/p>\n<p style=\"text-align: center;\">Nous reconnaissons l&#8217;appui financier du gouvernement du Canada.<\/p>\n","protected":false},"excerpt":{"rendered":"<p>Orchestres verts &#8211; R\u00e9duire l&#8217;impact environnemental des r\u00e9p\u00e9titions et des concerts Date : 29 avril 2025, en ligne Heure : 12h00-13h00 | heure de l&#8217;Est Une interpr\u00e9tation simultan\u00e9e vers le fran\u00e7ais sera disponible pour ce webinaire. Il s&#8217;agit du deuxi\u00e8me webinaire d&#8217;une s\u00e9rie de trois webinaires. Restez \u00e0 l&#8217;\u00e9coute pour conna\u00eetre la date et l&#8217;heure [&hellip;]<\/p>\n","protected":false},"author":10,"featured_media":0,"parent":0,"menu_order":0,"comment_status":"closed","ping_status":"closed","template":"","meta":{"_acf_changed":false,"_monsterinsights_skip_tracking":false,"_monsterinsights_sitenote_active":false,"_monsterinsights_sitenote_note":"","_monsterinsights_sitenote_category":0,"footnotes":""},"class_list":["post-14886","page","type-page","status-publish","hentry"],"acf":[],"yoast_head":"<!-- This site is optimized with the Yoast SEO plugin v25.4 - https:\/\/yoast.com\/wordpress\/plugins\/seo\/ -->\n<title>Webinaire 2 | Orchestres verts - Orchestras Canada\/Orchestres Canada<\/title>\n<meta name=\"robots\" content=\"index, follow, max-snippet:-1, max-image-preview:large, max-video-preview:-1\" \/>\n<link rel=\"canonical\" href=\"https:\/\/oc.ca\/fr\/webinaire-2-orchestres-verts\/\" \/>\n<meta property=\"og:locale\" content=\"fr_FR\" \/>\n<meta property=\"og:type\" content=\"article\" \/>\n<meta property=\"og:title\" content=\"Webinaire 2 | Orchestres verts - Orchestras Canada\/Orchestres Canada\" \/>\n<meta property=\"og:description\" content=\"Orchestres verts &#8211; R\u00e9duire l&#8217;impact environnemental des r\u00e9p\u00e9titions et des concerts Date : 29 avril 2025, en ligne Heure : 12h00-13h00 | heure de l&#8217;Est Une interpr\u00e9tation simultan\u00e9e vers le fran\u00e7ais sera disponible pour ce webinaire. Il s&#8217;agit du deuxi\u00e8me webinaire d&#8217;une s\u00e9rie de trois webinaires. Restez \u00e0 l&#8217;\u00e9coute pour conna\u00eetre la date et l&#8217;heure [&hellip;]\" \/>\n<meta property=\"og:url\" content=\"https:\/\/oc.ca\/fr\/webinaire-2-orchestres-verts\/\" \/>\n<meta property=\"og:site_name\" content=\"Orchestras Canada\/Orchestres Canada\" \/>\n<meta property=\"article:modified_time\" content=\"2025-04-24T21:54:32+00:00\" \/>\n<meta property=\"og:image\" content=\"https:\/\/oc.ca\/wp-content\/uploads\/2025\/04\/FR_Visual-Webinar-2-800x451.png\" \/>\n<meta name=\"twitter:card\" content=\"summary_large_image\" \/>\n<meta name=\"twitter:label1\" content=\"Dur\u00e9e de lecture estim\u00e9e\" \/>\n\t<meta name=\"twitter:data1\" content=\"3 minutes\" \/>\n<script type=\"application\/ld+json\" class=\"yoast-schema-graph\">{\"@context\":\"https:\/\/schema.org\",\"@graph\":[{\"@type\":\"WebPage\",\"@id\":\"https:\/\/oc.ca\/fr\/webinaire-2-orchestres-verts\/\",\"url\":\"https:\/\/oc.ca\/fr\/webinaire-2-orchestres-verts\/\",\"name\":\"Webinaire 2 | Orchestres verts - Orchestras Canada\/Orchestres Canada\",\"isPartOf\":{\"@id\":\"https:\/\/oc.ca\/en\/#website\"},\"primaryImageOfPage\":{\"@id\":\"https:\/\/oc.ca\/fr\/webinaire-2-orchestres-verts\/#primaryimage\"},\"image\":{\"@id\":\"https:\/\/oc.ca\/fr\/webinaire-2-orchestres-verts\/#primaryimage\"},\"thumbnailUrl\":\"https:\/\/oc.ca\/wp-content\/uploads\/2025\/04\/FR_Visual-Webinar-2-800x451.png\",\"datePublished\":\"2025-04-02T22:06:54+00:00\",\"dateModified\":\"2025-04-24T21:54:32+00:00\",\"breadcrumb\":{\"@id\":\"https:\/\/oc.ca\/fr\/webinaire-2-orchestres-verts\/#breadcrumb\"},\"inLanguage\":\"fr-FR\",\"potentialAction\":[{\"@type\":\"ReadAction\",\"target\":[\"https:\/\/oc.ca\/fr\/webinaire-2-orchestres-verts\/\"]}]},{\"@type\":\"ImageObject\",\"inLanguage\":\"fr-FR\",\"@id\":\"https:\/\/oc.ca\/fr\/webinaire-2-orchestres-verts\/#primaryimage\",\"url\":\"https:\/\/oc.ca\/wp-content\/uploads\/2025\/04\/FR_Visual-Webinar-2-800x451.png\",\"contentUrl\":\"https:\/\/oc.ca\/wp-content\/uploads\/2025\/04\/FR_Visual-Webinar-2-800x451.png\"},{\"@type\":\"BreadcrumbList\",\"@id\":\"https:\/\/oc.ca\/fr\/webinaire-2-orchestres-verts\/#breadcrumb\",\"itemListElement\":[{\"@type\":\"ListItem\",\"position\":1,\"name\":\"Home\",\"item\":\"https:\/\/oc.ca\/fr\/\"},{\"@type\":\"ListItem\",\"position\":2,\"name\":\"Webinaire 2 | Orchestres verts\"}]},{\"@type\":\"WebSite\",\"@id\":\"https:\/\/oc.ca\/en\/#website\",\"url\":\"https:\/\/oc.ca\/en\/\",\"name\":\"Orchestras Canada\/Orchestres Canada\",\"description\":\"\",\"publisher\":{\"@id\":\"https:\/\/oc.ca\/en\/#organization\"},\"potentialAction\":[{\"@type\":\"SearchAction\",\"target\":{\"@type\":\"EntryPoint\",\"urlTemplate\":\"https:\/\/oc.ca\/en\/?s={search_term_string}\"},\"query-input\":{\"@type\":\"PropertyValueSpecification\",\"valueRequired\":true,\"valueName\":\"search_term_string\"}}],\"inLanguage\":\"fr-FR\"},{\"@type\":\"Organization\",\"@id\":\"https:\/\/oc.ca\/en\/#organization\",\"name\":\"Orchestras Canada\/Orchestres Canada\",\"url\":\"https:\/\/oc.ca\/en\/\",\"logo\":{\"@type\":\"ImageObject\",\"inLanguage\":\"fr-FR\",\"@id\":\"https:\/\/oc.ca\/en\/#\/schema\/logo\/image\/\",\"url\":\"https:\/\/oc.ca\/wp-content\/uploads\/2019\/03\/cropped-OC-Logo-800x200-1.png\",\"contentUrl\":\"https:\/\/oc.ca\/wp-content\/uploads\/2019\/03\/cropped-OC-Logo-800x200-1.png\",\"width\":400,\"height\":100,\"caption\":\"Orchestras Canada\/Orchestres Canada\"},\"image\":{\"@id\":\"https:\/\/oc.ca\/en\/#\/schema\/logo\/image\/\"}}]}<\/script>\n<!-- \/ Yoast SEO plugin. -->","yoast_head_json":{"title":"Webinaire 2 | Orchestres verts - Orchestras Canada\/Orchestres Canada","robots":{"index":"index","follow":"follow","max-snippet":"max-snippet:-1","max-image-preview":"max-image-preview:large","max-video-preview":"max-video-preview:-1"},"canonical":"https:\/\/oc.ca\/fr\/webinaire-2-orchestres-verts\/","og_locale":"fr_FR","og_type":"article","og_title":"Webinaire 2 | Orchestres verts - Orchestras Canada\/Orchestres Canada","og_description":"Orchestres verts &#8211; R\u00e9duire l&#8217;impact environnemental des r\u00e9p\u00e9titions et des concerts Date : 29 avril 2025, en ligne Heure : 12h00-13h00 | heure de l&#8217;Est Une interpr\u00e9tation simultan\u00e9e vers le fran\u00e7ais sera disponible pour ce webinaire. Il s&#8217;agit du deuxi\u00e8me webinaire d&#8217;une s\u00e9rie de trois webinaires. Restez \u00e0 l&#8217;\u00e9coute pour conna\u00eetre la date et l&#8217;heure [&hellip;]","og_url":"https:\/\/oc.ca\/fr\/webinaire-2-orchestres-verts\/","og_site_name":"Orchestras Canada\/Orchestres Canada","article_modified_time":"2025-04-24T21:54:32+00:00","og_image":[{"url":"https:\/\/oc.ca\/wp-content\/uploads\/2025\/04\/FR_Visual-Webinar-2-800x451.png","type":"","width":"","height":""}],"twitter_card":"summary_large_image","twitter_misc":{"Dur\u00e9e de lecture estim\u00e9e":"3 minutes"},"schema":{"@context":"https:\/\/schema.org","@graph":[{"@type":"WebPage","@id":"https:\/\/oc.ca\/fr\/webinaire-2-orchestres-verts\/","url":"https:\/\/oc.ca\/fr\/webinaire-2-orchestres-verts\/","name":"Webinaire 2 | Orchestres verts - Orchestras Canada\/Orchestres Canada","isPartOf":{"@id":"https:\/\/oc.ca\/en\/#website"},"primaryImageOfPage":{"@id":"https:\/\/oc.ca\/fr\/webinaire-2-orchestres-verts\/#primaryimage"},"image":{"@id":"https:\/\/oc.ca\/fr\/webinaire-2-orchestres-verts\/#primaryimage"},"thumbnailUrl":"https:\/\/oc.ca\/wp-content\/uploads\/2025\/04\/FR_Visual-Webinar-2-800x451.png","datePublished":"2025-04-02T22:06:54+00:00","dateModified":"2025-04-24T21:54:32+00:00","breadcrumb":{"@id":"https:\/\/oc.ca\/fr\/webinaire-2-orchestres-verts\/#breadcrumb"},"inLanguage":"fr-FR","potentialAction":[{"@type":"ReadAction","target":["https:\/\/oc.ca\/fr\/webinaire-2-orchestres-verts\/"]}]},{"@type":"ImageObject","inLanguage":"fr-FR","@id":"https:\/\/oc.ca\/fr\/webinaire-2-orchestres-verts\/#primaryimage","url":"https:\/\/oc.ca\/wp-content\/uploads\/2025\/04\/FR_Visual-Webinar-2-800x451.png","contentUrl":"https:\/\/oc.ca\/wp-content\/uploads\/2025\/04\/FR_Visual-Webinar-2-800x451.png"},{"@type":"BreadcrumbList","@id":"https:\/\/oc.ca\/fr\/webinaire-2-orchestres-verts\/#breadcrumb","itemListElement":[{"@type":"ListItem","position":1,"name":"Home","item":"https:\/\/oc.ca\/fr\/"},{"@type":"ListItem","position":2,"name":"Webinaire 2 | Orchestres verts"}]},{"@type":"WebSite","@id":"https:\/\/oc.ca\/en\/#website","url":"https:\/\/oc.ca\/en\/","name":"Orchestras Canada\/Orchestres Canada","description":"","publisher":{"@id":"https:\/\/oc.ca\/en\/#organization"},"potentialAction":[{"@type":"SearchAction","target":{"@type":"EntryPoint","urlTemplate":"https:\/\/oc.ca\/en\/?s={search_term_string}"},"query-input":{"@type":"PropertyValueSpecification","valueRequired":true,"valueName":"search_term_string"}}],"inLanguage":"fr-FR"},{"@type":"Organization","@id":"https:\/\/oc.ca\/en\/#organization","name":"Orchestras Canada\/Orchestres Canada","url":"https:\/\/oc.ca\/en\/","logo":{"@type":"ImageObject","inLanguage":"fr-FR","@id":"https:\/\/oc.ca\/en\/#\/schema\/logo\/image\/","url":"https:\/\/oc.ca\/wp-content\/uploads\/2019\/03\/cropped-OC-Logo-800x200-1.png","contentUrl":"https:\/\/oc.ca\/wp-content\/uploads\/2019\/03\/cropped-OC-Logo-800x200-1.png","width":400,"height":100,"caption":"Orchestras Canada\/Orchestres Canada"},"image":{"@id":"https:\/\/oc.ca\/en\/#\/schema\/logo\/image\/"}}]}},"_links":{"self":[{"href":"https:\/\/oc.ca\/fr\/wp-json\/wp\/v2\/pages\/14886","targetHints":{"allow":["GET"]}}],"collection":[{"href":"https:\/\/oc.ca\/fr\/wp-json\/wp\/v2\/pages"}],"about":[{"href":"https:\/\/oc.ca\/fr\/wp-json\/wp\/v2\/types\/page"}],"author":[{"embeddable":true,"href":"https:\/\/oc.ca\/fr\/wp-json\/wp\/v2\/users\/10"}],"replies":[{"embeddable":true,"href":"https:\/\/oc.ca\/fr\/wp-json\/wp\/v2\/comments?post=14886"}],"version-history":[{"count":3,"href":"https:\/\/oc.ca\/fr\/wp-json\/wp\/v2\/pages\/14886\/revisions"}],"predecessor-version":[{"id":14975,"href":"https:\/\/oc.ca\/fr\/wp-json\/wp\/v2\/pages\/14886\/revisions\/14975"}],"wp:attachment":[{"href":"https:\/\/oc.ca\/fr\/wp-json\/wp\/v2\/media?parent=14886"}],"curies":[{"name":"wp","href":"https:\/\/api.w.org\/{rel}","templated":true}]}}