{"id":14732,"date":"2025-02-28T11:40:16","date_gmt":"2025-02-28T16:40:16","guid":{"rendered":"https:\/\/oc.ca\/?page_id=14732"},"modified":"2025-03-03T17:35:17","modified_gmt":"2025-03-03T22:35:17","slug":"webinaire-1-orchestres-verts","status":"publish","type":"page","link":"https:\/\/oc.ca\/fr\/webinaire-1-orchestres-verts\/","title":{"rendered":"Webinaire 1 | Orchestres verts"},"content":{"rendered":"<h3 style=\"text-align: center;\">Le r\u00f4le des orchestres canadiens dans l&#8217;action environnementale<\/h3>\n<p><strong>Date :<\/strong> 25 mars 2025, en ligne<br \/>\n<strong>Heure :<\/strong> 12h00-13h00 | heure de l&#8217;Est<br \/>\n<strong>Une interpr\u00e9tation simultan\u00e9e vers le fran\u00e7ais sera disponible pour ce webinaire.<\/strong><br \/>\nIl s&#8217;agit du premier webinaire d&#8217;une s\u00e9rie de trois webinaires. Restez \u00e0 l&#8217;aff\u00fbt pour conna\u00eetre les dates et heures des prochains webinaires!<\/p>\n<p style=\"text-align: center;\"><a href=\"https:\/\/us02web.zoom.us\/meeting\/register\/GwZ-AawOSpSx1Ra4He4eLA\"><strong><button class=\"blue-button-medium\">S&#8217;inscrire!<\/button><\/strong><\/a><\/p>\n<p><img fetchpriority=\"high\" decoding=\"async\" class=\" wp-image-14751 aligncenter\" src=\"https:\/\/oc.ca\/wp-content\/uploads\/2025\/03\/FR_Visual-Webinar-1-Green-Orchestras-800x451.png\" alt=\"\" width=\"559\" height=\"315\" srcset=\"https:\/\/oc.ca\/wp-content\/uploads\/2025\/03\/FR_Visual-Webinar-1-Green-Orchestras-800x451.png 800w, https:\/\/oc.ca\/wp-content\/uploads\/2025\/03\/FR_Visual-Webinar-1-Green-Orchestras-300x169.png 300w, https:\/\/oc.ca\/wp-content\/uploads\/2025\/03\/FR_Visual-Webinar-1-Green-Orchestras-768x433.png 768w, https:\/\/oc.ca\/wp-content\/uploads\/2025\/03\/FR_Visual-Webinar-1-Green-Orchestras-1536x865.png 1536w, https:\/\/oc.ca\/wp-content\/uploads\/2025\/03\/FR_Visual-Webinar-1-Green-Orchestras.png 1640w\" sizes=\"(min-width: 960px) 75vw, 100vw\" \/><\/p>\n<p><span data-contrast=\"auto\">Nous vivons une p\u00e9riode charni\u00e8re pour l&#8217;action environnementale, et les orchestres peuvent jouer un r\u00f4le unique et puissant dans la conduite des changements n\u00e9cessaires. Mais comment concentrer au mieux nos efforts pour avoir un v\u00e9ritable impact? Dans ce premier de trois webinaires gratuits, notre expert invit\u00e9, Richard Phillips de <\/span><a href=\"https:\/\/juliesbicycle.com\/\"><span data-contrast=\"none\">Julie&#8217;s Bicycle<\/span><\/a><span data-contrast=\"auto\"> &#8211; une importante organisation \u00e0 but non lucratif qui se consacre \u00e0 la mobilisation de l&#8217;action climatique dans le secteur culturel &#8211; partagera ses id\u00e9es sur la fa\u00e7on dont les orchestres peuvent conduire des changements positifs et r\u00e9colter les b\u00e9n\u00e9fices de la gestion de l&#8217;environnement.<\/span><span data-ccp-props=\"{}\">\u00a0<\/span><\/p>\n<p><span data-contrast=\"auto\">Que vous soyez un expert en \u00e9codurabilit\u00e9 ou que vous commenciez \u00e0 peine, vous \u00eates le bienvenu \u00e0 cette session interactive. Votre voix compte! Vous aurez la possibilit\u00e9 d&#8217;influencer les sujets abord\u00e9s dans les webinaires suivants.<\/span><span data-ccp-props=\"{}\">\u00a0<\/span><\/p>\n<p><span data-contrast=\"auto\">Ne manquez pas cette occasion : inscrivez-vous d\u00e8s maintenant et participez au mouvement en faveur d&#8217;orchestres plus \u00e9cologiques!<\/span><span data-ccp-props=\"{}\">\u00a0<\/span><\/p>\n<p style=\"text-align: center;\"><a href=\"https:\/\/us02web.zoom.us\/meeting\/register\/GwZ-AawOSpSx1Ra4He4eLA\"><strong><button class=\"blue-button-medium\">S&#8217;inscrire!<\/button><\/strong><\/a><\/p>\n<p><strong>Pr\u00e9sentateur :<\/strong> Richard Phillips, sp\u00e9cialiste du changement climatique<\/p>\n<p><span data-contrast=\"none\"><img decoding=\"async\" class=\" wp-image-14728 alignleft\" src=\"https:\/\/oc.ca\/wp-content\/uploads\/2025\/02\/Headshot_Richard-Phillips.png\" alt=\"\" width=\"161\" height=\"161\" srcset=\"https:\/\/oc.ca\/wp-content\/uploads\/2025\/02\/Headshot_Richard-Phillips.png 544w, https:\/\/oc.ca\/wp-content\/uploads\/2025\/02\/Headshot_Richard-Phillips-300x300.png 300w, https:\/\/oc.ca\/wp-content\/uploads\/2025\/02\/Headshot_Richard-Phillips-150x150.png 150w\" sizes=\"(min-width: 960px) 75vw, 100vw\" \/><\/span><\/p>\n<p>Richard Phillips est sp\u00e9cialiste du changement climatique pour le secteur de la musique au sein de l&#8217;organisation \u00e0 but non lucratif Julie&#8217;s Bicycle, sp\u00e9cialis\u00e9e dans la culture et le climat. Richard travaille sur des initiatives de d\u00e9veloppement durable dans les domaines de la musique en direct et de la musique enregistr\u00e9e. Il est profond\u00e9ment ancr\u00e9 dans le secteur, travaillant avec des festivals et des salles, des labels et des tourn\u00e9es.<\/p>\n<p>Richard fournit des conseils d&#8217;expert sur les strat\u00e9gies de d\u00e9carbonisation et propose des outils pratiques d&#8217;action environnementale, des bilans carbone techniques, etc. Il travaille en partenariat avec des \u00e9v\u00e9nements tels que les BRIT Awards, des associations de maisons de disques comme IMPALA, et le r\u00e9seau de festivals durables Vision:2025 sur des projets de recherche pour les \u00e9v\u00e9nements en plein air. Son travail le plus r\u00e9cent comprend la direction d&#8217;un projet pilote national testant de nouvelles normes environnementales pour les \u00e9v\u00e9nements en plein air, couvrant 10 villes et 60 \u00e9v\u00e9nements.<\/p>\n<p>Richard est motiv\u00e9 par l&#8217;action collaborative sur la crise climatique qui peut lib\u00e9rer le potentiel des industries cr\u00e9atives pour inspirer un changement soci\u00e9tal.<\/p>\n<p>&nbsp;<\/p>\n<p><img decoding=\"async\" class=\"alignnone wp-image-2851 aligncenter\" src=\"https:\/\/oc.ca\/wp-content\/uploads\/2019\/02\/CCA.jpg\" alt=\"Logo, Canada Council for the Arts logo\" width=\"255\" height=\"47\" srcset=\"https:\/\/oc.ca\/wp-content\/uploads\/2019\/02\/CCA.jpg 500w, https:\/\/oc.ca\/wp-content\/uploads\/2019\/02\/CCA-300x55.jpg 300w\" sizes=\"(min-width: 960px) 75vw, 100vw\" \/><\/p>\n<p style=\"text-align: center;\"><span class=\"TextRun SCXW174538455 BCX0\" lang=\"FR-CA\" xml:lang=\"FR-CA\" data-contrast=\"auto\"><span class=\"NormalTextRun SCXW174538455 BCX0\">Nous remercions le Conseil des arts du Canada de son soutien.<\/span><\/span><span class=\"EOP SCXW174538455 BCX0\" data-ccp-props=\"{}\">\u00a0<\/span><\/p>\n<p>&nbsp;<\/p>\n<p><img loading=\"lazy\" decoding=\"async\" class=\"wp-image-2850 aligncenter\" src=\"https:\/\/oc.ca\/wp-content\/uploads\/2019\/02\/Canada-e1741039311434.png\" alt=\"Government of Canada logo\" width=\"250\" height=\"57\" srcset=\"https:\/\/oc.ca\/wp-content\/uploads\/2019\/02\/Canada-e1741039311434.png 500w, https:\/\/oc.ca\/wp-content\/uploads\/2019\/02\/Canada-e1741039311434-300x68.png 300w\" sizes=\"(min-width: 960px) 75vw, 100vw\" \/><\/p>\n<p style=\"text-align: center;\">Nous reconnaissons l&#8217;appui financier du gouvernement du Canada.<\/p>\n","protected":false},"excerpt":{"rendered":"<p>Le r\u00f4le des orchestres canadiens dans l&#8217;action environnementale Date : 25 mars 2025, en ligne Heure : 12h00-13h00 | heure de l&#8217;Est Une interpr\u00e9tation simultan\u00e9e vers le fran\u00e7ais sera disponible pour ce webinaire. Il s&#8217;agit du premier webinaire d&#8217;une s\u00e9rie de trois webinaires. Restez \u00e0 l&#8217;aff\u00fbt pour conna\u00eetre les dates et heures des prochains webinaires! [&hellip;]<\/p>\n","protected":false},"author":10,"featured_media":0,"parent":0,"menu_order":0,"comment_status":"closed","ping_status":"closed","template":"","meta":{"_acf_changed":false,"_monsterinsights_skip_tracking":false,"_monsterinsights_sitenote_active":false,"_monsterinsights_sitenote_note":"","_monsterinsights_sitenote_category":0,"footnotes":""},"class_list":["post-14732","page","type-page","status-publish","hentry"],"acf":[],"yoast_head":"<!-- This site is optimized with the Yoast SEO plugin v25.4 - https:\/\/yoast.com\/wordpress\/plugins\/seo\/ -->\n<title>Webinaire 1 | Orchestres verts - Orchestras Canada\/Orchestres Canada<\/title>\n<meta name=\"robots\" content=\"index, follow, max-snippet:-1, max-image-preview:large, max-video-preview:-1\" \/>\n<link rel=\"canonical\" href=\"https:\/\/oc.ca\/fr\/webinaire-1-orchestres-verts\/\" \/>\n<meta property=\"og:locale\" content=\"fr_FR\" \/>\n<meta property=\"og:type\" content=\"article\" \/>\n<meta property=\"og:title\" content=\"Webinaire 1 | Orchestres verts - Orchestras Canada\/Orchestres Canada\" \/>\n<meta property=\"og:description\" content=\"Le r\u00f4le des orchestres canadiens dans l&#8217;action environnementale Date : 25 mars 2025, en ligne Heure : 12h00-13h00 | heure de l&#8217;Est Une interpr\u00e9tation simultan\u00e9e vers le fran\u00e7ais sera disponible pour ce webinaire. Il s&#8217;agit du premier webinaire d&#8217;une s\u00e9rie de trois webinaires. Restez \u00e0 l&#8217;aff\u00fbt pour conna\u00eetre les dates et heures des prochains webinaires! [&hellip;]\" \/>\n<meta property=\"og:url\" content=\"https:\/\/oc.ca\/fr\/webinaire-1-orchestres-verts\/\" \/>\n<meta property=\"og:site_name\" content=\"Orchestras Canada\/Orchestres Canada\" \/>\n<meta property=\"article:modified_time\" content=\"2025-03-03T22:35:17+00:00\" \/>\n<meta property=\"og:image\" content=\"https:\/\/oc.ca\/wp-content\/uploads\/2025\/03\/FR_Visual-Webinar-1-Green-Orchestras-800x451.png\" \/>\n<meta name=\"twitter:card\" content=\"summary_large_image\" \/>\n<meta name=\"twitter:label1\" content=\"Dur\u00e9e de lecture estim\u00e9e\" \/>\n\t<meta name=\"twitter:data1\" content=\"3 minutes\" \/>\n<script type=\"application\/ld+json\" class=\"yoast-schema-graph\">{\"@context\":\"https:\/\/schema.org\",\"@graph\":[{\"@type\":\"WebPage\",\"@id\":\"https:\/\/oc.ca\/fr\/webinaire-1-orchestres-verts\/\",\"url\":\"https:\/\/oc.ca\/fr\/webinaire-1-orchestres-verts\/\",\"name\":\"Webinaire 1 | Orchestres verts - Orchestras Canada\/Orchestres Canada\",\"isPartOf\":{\"@id\":\"https:\/\/oc.ca\/en\/#website\"},\"primaryImageOfPage\":{\"@id\":\"https:\/\/oc.ca\/fr\/webinaire-1-orchestres-verts\/#primaryimage\"},\"image\":{\"@id\":\"https:\/\/oc.ca\/fr\/webinaire-1-orchestres-verts\/#primaryimage\"},\"thumbnailUrl\":\"https:\/\/oc.ca\/wp-content\/uploads\/2025\/03\/FR_Visual-Webinar-1-Green-Orchestras-800x451.png\",\"datePublished\":\"2025-02-28T16:40:16+00:00\",\"dateModified\":\"2025-03-03T22:35:17+00:00\",\"breadcrumb\":{\"@id\":\"https:\/\/oc.ca\/fr\/webinaire-1-orchestres-verts\/#breadcrumb\"},\"inLanguage\":\"fr-FR\",\"potentialAction\":[{\"@type\":\"ReadAction\",\"target\":[\"https:\/\/oc.ca\/fr\/webinaire-1-orchestres-verts\/\"]}]},{\"@type\":\"ImageObject\",\"inLanguage\":\"fr-FR\",\"@id\":\"https:\/\/oc.ca\/fr\/webinaire-1-orchestres-verts\/#primaryimage\",\"url\":\"https:\/\/oc.ca\/wp-content\/uploads\/2025\/03\/FR_Visual-Webinar-1-Green-Orchestras-800x451.png\",\"contentUrl\":\"https:\/\/oc.ca\/wp-content\/uploads\/2025\/03\/FR_Visual-Webinar-1-Green-Orchestras-800x451.png\"},{\"@type\":\"BreadcrumbList\",\"@id\":\"https:\/\/oc.ca\/fr\/webinaire-1-orchestres-verts\/#breadcrumb\",\"itemListElement\":[{\"@type\":\"ListItem\",\"position\":1,\"name\":\"Home\",\"item\":\"https:\/\/oc.ca\/fr\/\"},{\"@type\":\"ListItem\",\"position\":2,\"name\":\"Webinaire 1 | Orchestres verts\"}]},{\"@type\":\"WebSite\",\"@id\":\"https:\/\/oc.ca\/en\/#website\",\"url\":\"https:\/\/oc.ca\/en\/\",\"name\":\"Orchestras Canada\/Orchestres Canada\",\"description\":\"\",\"publisher\":{\"@id\":\"https:\/\/oc.ca\/en\/#organization\"},\"potentialAction\":[{\"@type\":\"SearchAction\",\"target\":{\"@type\":\"EntryPoint\",\"urlTemplate\":\"https:\/\/oc.ca\/en\/?s={search_term_string}\"},\"query-input\":{\"@type\":\"PropertyValueSpecification\",\"valueRequired\":true,\"valueName\":\"search_term_string\"}}],\"inLanguage\":\"fr-FR\"},{\"@type\":\"Organization\",\"@id\":\"https:\/\/oc.ca\/en\/#organization\",\"name\":\"Orchestras Canada\/Orchestres Canada\",\"url\":\"https:\/\/oc.ca\/en\/\",\"logo\":{\"@type\":\"ImageObject\",\"inLanguage\":\"fr-FR\",\"@id\":\"https:\/\/oc.ca\/en\/#\/schema\/logo\/image\/\",\"url\":\"https:\/\/oc.ca\/wp-content\/uploads\/2019\/03\/cropped-OC-Logo-800x200-1.png\",\"contentUrl\":\"https:\/\/oc.ca\/wp-content\/uploads\/2019\/03\/cropped-OC-Logo-800x200-1.png\",\"width\":400,\"height\":100,\"caption\":\"Orchestras Canada\/Orchestres Canada\"},\"image\":{\"@id\":\"https:\/\/oc.ca\/en\/#\/schema\/logo\/image\/\"}}]}<\/script>\n<!-- \/ Yoast SEO plugin. -->","yoast_head_json":{"title":"Webinaire 1 | Orchestres verts - Orchestras Canada\/Orchestres Canada","robots":{"index":"index","follow":"follow","max-snippet":"max-snippet:-1","max-image-preview":"max-image-preview:large","max-video-preview":"max-video-preview:-1"},"canonical":"https:\/\/oc.ca\/fr\/webinaire-1-orchestres-verts\/","og_locale":"fr_FR","og_type":"article","og_title":"Webinaire 1 | Orchestres verts - Orchestras Canada\/Orchestres Canada","og_description":"Le r\u00f4le des orchestres canadiens dans l&#8217;action environnementale Date : 25 mars 2025, en ligne Heure : 12h00-13h00 | heure de l&#8217;Est Une interpr\u00e9tation simultan\u00e9e vers le fran\u00e7ais sera disponible pour ce webinaire. Il s&#8217;agit du premier webinaire d&#8217;une s\u00e9rie de trois webinaires. Restez \u00e0 l&#8217;aff\u00fbt pour conna\u00eetre les dates et heures des prochains webinaires! [&hellip;]","og_url":"https:\/\/oc.ca\/fr\/webinaire-1-orchestres-verts\/","og_site_name":"Orchestras Canada\/Orchestres Canada","article_modified_time":"2025-03-03T22:35:17+00:00","og_image":[{"url":"https:\/\/oc.ca\/wp-content\/uploads\/2025\/03\/FR_Visual-Webinar-1-Green-Orchestras-800x451.png","type":"","width":"","height":""}],"twitter_card":"summary_large_image","twitter_misc":{"Dur\u00e9e de lecture estim\u00e9e":"3 minutes"},"schema":{"@context":"https:\/\/schema.org","@graph":[{"@type":"WebPage","@id":"https:\/\/oc.ca\/fr\/webinaire-1-orchestres-verts\/","url":"https:\/\/oc.ca\/fr\/webinaire-1-orchestres-verts\/","name":"Webinaire 1 | Orchestres verts - Orchestras Canada\/Orchestres Canada","isPartOf":{"@id":"https:\/\/oc.ca\/en\/#website"},"primaryImageOfPage":{"@id":"https:\/\/oc.ca\/fr\/webinaire-1-orchestres-verts\/#primaryimage"},"image":{"@id":"https:\/\/oc.ca\/fr\/webinaire-1-orchestres-verts\/#primaryimage"},"thumbnailUrl":"https:\/\/oc.ca\/wp-content\/uploads\/2025\/03\/FR_Visual-Webinar-1-Green-Orchestras-800x451.png","datePublished":"2025-02-28T16:40:16+00:00","dateModified":"2025-03-03T22:35:17+00:00","breadcrumb":{"@id":"https:\/\/oc.ca\/fr\/webinaire-1-orchestres-verts\/#breadcrumb"},"inLanguage":"fr-FR","potentialAction":[{"@type":"ReadAction","target":["https:\/\/oc.ca\/fr\/webinaire-1-orchestres-verts\/"]}]},{"@type":"ImageObject","inLanguage":"fr-FR","@id":"https:\/\/oc.ca\/fr\/webinaire-1-orchestres-verts\/#primaryimage","url":"https:\/\/oc.ca\/wp-content\/uploads\/2025\/03\/FR_Visual-Webinar-1-Green-Orchestras-800x451.png","contentUrl":"https:\/\/oc.ca\/wp-content\/uploads\/2025\/03\/FR_Visual-Webinar-1-Green-Orchestras-800x451.png"},{"@type":"BreadcrumbList","@id":"https:\/\/oc.ca\/fr\/webinaire-1-orchestres-verts\/#breadcrumb","itemListElement":[{"@type":"ListItem","position":1,"name":"Home","item":"https:\/\/oc.ca\/fr\/"},{"@type":"ListItem","position":2,"name":"Webinaire 1 | Orchestres verts"}]},{"@type":"WebSite","@id":"https:\/\/oc.ca\/en\/#website","url":"https:\/\/oc.ca\/en\/","name":"Orchestras Canada\/Orchestres Canada","description":"","publisher":{"@id":"https:\/\/oc.ca\/en\/#organization"},"potentialAction":[{"@type":"SearchAction","target":{"@type":"EntryPoint","urlTemplate":"https:\/\/oc.ca\/en\/?s={search_term_string}"},"query-input":{"@type":"PropertyValueSpecification","valueRequired":true,"valueName":"search_term_string"}}],"inLanguage":"fr-FR"},{"@type":"Organization","@id":"https:\/\/oc.ca\/en\/#organization","name":"Orchestras Canada\/Orchestres Canada","url":"https:\/\/oc.ca\/en\/","logo":{"@type":"ImageObject","inLanguage":"fr-FR","@id":"https:\/\/oc.ca\/en\/#\/schema\/logo\/image\/","url":"https:\/\/oc.ca\/wp-content\/uploads\/2019\/03\/cropped-OC-Logo-800x200-1.png","contentUrl":"https:\/\/oc.ca\/wp-content\/uploads\/2019\/03\/cropped-OC-Logo-800x200-1.png","width":400,"height":100,"caption":"Orchestras Canada\/Orchestres Canada"},"image":{"@id":"https:\/\/oc.ca\/en\/#\/schema\/logo\/image\/"}}]}},"_links":{"self":[{"href":"https:\/\/oc.ca\/fr\/wp-json\/wp\/v2\/pages\/14732","targetHints":{"allow":["GET"]}}],"collection":[{"href":"https:\/\/oc.ca\/fr\/wp-json\/wp\/v2\/pages"}],"about":[{"href":"https:\/\/oc.ca\/fr\/wp-json\/wp\/v2\/types\/page"}],"author":[{"embeddable":true,"href":"https:\/\/oc.ca\/fr\/wp-json\/wp\/v2\/users\/10"}],"replies":[{"embeddable":true,"href":"https:\/\/oc.ca\/fr\/wp-json\/wp\/v2\/comments?post=14732"}],"version-history":[{"count":5,"href":"https:\/\/oc.ca\/fr\/wp-json\/wp\/v2\/pages\/14732\/revisions"}],"predecessor-version":[{"id":14753,"href":"https:\/\/oc.ca\/fr\/wp-json\/wp\/v2\/pages\/14732\/revisions\/14753"}],"wp:attachment":[{"href":"https:\/\/oc.ca\/fr\/wp-json\/wp\/v2\/media?parent=14732"}],"curies":[{"name":"wp","href":"https:\/\/api.w.org\/{rel}","templated":true}]}}