{"id":14568,"date":"2025-01-17T11:39:14","date_gmt":"2025-01-17T16:39:14","guid":{"rendered":"https:\/\/oc.ca\/?page_id=14568"},"modified":"2025-01-17T11:39:14","modified_gmt":"2025-01-17T16:39:14","slug":"un-regard-sur-2024","status":"publish","type":"page","link":"https:\/\/oc.ca\/fr\/un-regard-sur-2024\/","title":{"rendered":"Un regard sur 2024"},"content":{"rendered":"<h3 style=\"text-align: center;\">pour nous aider \u00e0 r\u00e9ussir en 2025<\/h3>\n<p><strong>Date:<\/strong> 30 janvier 2025<br \/>\n<strong>Heure :<\/strong> de 14 h \u00e0 15 h (heure de l&#8217;Est)<br \/>\n<strong>Lieu :<\/strong> R\u00e9unions Zoom<br \/>\n<strong>Co\u00fbt :<\/strong> Gratuit<br \/>\n<strong>Session bilingue :<\/strong> Une interpr\u00e9tation simultan\u00e9e en fran\u00e7ais est disponible.<br \/>\n<strong>Accessibilit\u00e9 :<\/strong> Des sous-titres g\u00e9n\u00e9r\u00e9s par l&#8217;IA seront disponibles via Zoom.<br \/>\n<strong>\u00c0 qui s&#8217;adresse cette s\u00e9ance?<\/strong> Les dirigeant.e.s et le personnel des orchestres canadiens int\u00e9ress\u00e9s par les donn\u00e9es relatives au d\u00e9veloppement des publics et des revenus.<br \/>\n<strong>Enregistrement :<\/strong> Ce webinaire sera enregistr\u00e9 et diffus\u00e9 dans la section Ressources de notre site web.<\/p>\n<p style=\"text-align: center;\"><a href=\"https:\/\/us02web.zoom.us\/meeting\/register\/8NJ08LPjR4WOiApGVTZGcg\"><strong><button class=\"blue-button-medium\">S&#8217;inscrire!<\/button><\/strong><\/a><\/p>\n<p><img fetchpriority=\"high\" decoding=\"async\" class=\"wp-image-14569 aligncenter\" src=\"https:\/\/oc.ca\/wp-content\/uploads\/2025\/01\/FR-Visual-Webinar-TRG-Arts-\u2013-30-Jan-2025-800x451.png\" alt=\"\" width=\"511\" height=\"288\" srcset=\"https:\/\/oc.ca\/wp-content\/uploads\/2025\/01\/FR-Visual-Webinar-TRG-Arts-\u2013-30-Jan-2025-800x451.png 800w, https:\/\/oc.ca\/wp-content\/uploads\/2025\/01\/FR-Visual-Webinar-TRG-Arts-\u2013-30-Jan-2025-300x169.png 300w, https:\/\/oc.ca\/wp-content\/uploads\/2025\/01\/FR-Visual-Webinar-TRG-Arts-\u2013-30-Jan-2025-768x433.png 768w, https:\/\/oc.ca\/wp-content\/uploads\/2025\/01\/FR-Visual-Webinar-TRG-Arts-\u2013-30-Jan-2025-1536x865.png 1536w, https:\/\/oc.ca\/wp-content\/uploads\/2025\/01\/FR-Visual-Webinar-TRG-Arts-\u2013-30-Jan-2025.png 1640w\" sizes=\"(min-width: 960px) 75vw, 100vw\" \/><\/p>\n<p>Rejoignez TRG Arts pour une mise \u00e0 jour des <strong>tendances en mati\u00e8re de revenus et d&#8217;engagement des orchestres nord-am\u00e9ricains<\/strong> participant \u00e0 l&#8217;\u00e9tude comparative de TRG sur les arts et la culture.<\/p>\n<p>Nous reviendrons sur l&#8217;ann\u00e9e 2024, y compris sur les r\u00e9sultats de la p\u00e9riode des f\u00eates, pour confirmer les tendances et nous nous projetterons en 2025 pour faire des pr\u00e9dictions sur la fa\u00e7on dont nos clients se connecteront avec nous dans un avenir proche.<\/p>\n<p style=\"text-align: center;\"><a href=\"https:\/\/us02web.zoom.us\/meeting\/register\/8NJ08LPjR4WOiApGVTZGcg\"><strong><button class=\"blue-button-medium\">S&#8217;inscrire!<\/button><\/strong><\/a><\/p>\n<p><strong><span class=\"TextRun SCXW214632878 BCX0\" lang=\"EN-CA\" xml:lang=\"EN-CA\" data-contrast=\"auto\"><span class=\"NormalTextRun SCXW214632878 BCX0\">Pr\u00e9sentateur : Eric Nelson, vice-pr\u00e9sident des partenariats mondiaux chez TRG Arts<\/span><\/span><\/strong><\/p>\n<p><img decoding=\"async\" class=\" wp-image-12634 alignleft\" src=\"https:\/\/oc.ca\/wp-content\/uploads\/2023\/11\/Nelson-Headshot-2.png\" alt=\"\" width=\"150\" height=\"150\" srcset=\"https:\/\/oc.ca\/wp-content\/uploads\/2023\/11\/Nelson-Headshot-2.png 600w, https:\/\/oc.ca\/wp-content\/uploads\/2023\/11\/Nelson-Headshot-2-300x300.png 300w, https:\/\/oc.ca\/wp-content\/uploads\/2023\/11\/Nelson-Headshot-2-150x150.png 150w\" sizes=\"(min-width: 960px) 75vw, 100vw\" \/>Eric Nelson, vice-pr\u00e9sident des partenariats mondiaux chez TRG Arts, est fier de travailler en partenariat avec des organismes d&#8217;arts de la sc\u00e8ne et d&#8217;arts visuels de toutes formes et tailles afin d&#8217;accro\u00eetre la participation des spectateurs, les revenus et l&#8217;impact sur la communaut\u00e9. Avant de rejoindre TRG Arts, Eric \u00e9tait la directrice des communications du Kaufman Music Center de New York. Il a \u00e9galement \u00e9t\u00e9 vice-pr\u00e9sident des services \u00e0 la client\u00e8le, des nouvelles affaires et du marketing pour DCM, sp\u00e9cialis\u00e9 dans les strat\u00e9gies de marketing et de collecte de fonds pour les organismes \u00e0 but non lucratif. Eric a commenc\u00e9 sa carri\u00e8re dans les arts, en dirigeant les efforts de marketing pour la Paul Taylor Dance Company. Il a l&#8217;honneur de faire partie du comit\u00e9 directeur du groupe d&#8217;affinit\u00e9 LGBTQIA+ de la League of American Orchestras.<\/p>\n","protected":false},"excerpt":{"rendered":"<p>pour nous aider \u00e0 r\u00e9ussir en 2025 Date: 30 janvier 2025 Heure : de 14 h \u00e0 15 h (heure de l&#8217;Est) Lieu : R\u00e9unions Zoom Co\u00fbt : Gratuit Session bilingue : Une interpr\u00e9tation simultan\u00e9e en fran\u00e7ais est disponible. Accessibilit\u00e9 : Des sous-titres g\u00e9n\u00e9r\u00e9s par l&#8217;IA seront disponibles via Zoom. \u00c0 qui s&#8217;adresse cette s\u00e9ance? [&hellip;]<\/p>\n","protected":false},"author":10,"featured_media":0,"parent":0,"menu_order":0,"comment_status":"closed","ping_status":"closed","template":"","meta":{"_acf_changed":false,"_monsterinsights_skip_tracking":false,"_monsterinsights_sitenote_active":false,"_monsterinsights_sitenote_note":"","_monsterinsights_sitenote_category":0,"footnotes":""},"class_list":["post-14568","page","type-page","status-publish","hentry"],"acf":[],"yoast_head":"<!-- This site is optimized with the Yoast SEO plugin v25.4 - https:\/\/yoast.com\/wordpress\/plugins\/seo\/ -->\n<title>Un regard sur 2024 - Orchestras Canada\/Orchestres Canada<\/title>\n<meta name=\"robots\" content=\"index, follow, max-snippet:-1, max-image-preview:large, max-video-preview:-1\" \/>\n<link rel=\"canonical\" href=\"https:\/\/oc.ca\/fr\/un-regard-sur-2024\/\" \/>\n<meta property=\"og:locale\" content=\"fr_FR\" \/>\n<meta property=\"og:type\" content=\"article\" \/>\n<meta property=\"og:title\" content=\"Un regard sur 2024 - Orchestras Canada\/Orchestres Canada\" \/>\n<meta property=\"og:description\" content=\"pour nous aider \u00e0 r\u00e9ussir en 2025 Date: 30 janvier 2025 Heure : de 14 h \u00e0 15 h (heure de l&#8217;Est) Lieu : R\u00e9unions Zoom Co\u00fbt : Gratuit Session bilingue : Une interpr\u00e9tation simultan\u00e9e en fran\u00e7ais est disponible. Accessibilit\u00e9 : Des sous-titres g\u00e9n\u00e9r\u00e9s par l&#8217;IA seront disponibles via Zoom. \u00c0 qui s&#8217;adresse cette s\u00e9ance? [&hellip;]\" \/>\n<meta property=\"og:url\" content=\"https:\/\/oc.ca\/fr\/un-regard-sur-2024\/\" \/>\n<meta property=\"og:site_name\" content=\"Orchestras Canada\/Orchestres Canada\" \/>\n<meta property=\"og:image\" content=\"https:\/\/oc.ca\/wp-content\/uploads\/2023\/11\/Nelson-Headshot-2.png\" \/>\n<meta name=\"twitter:card\" content=\"summary_large_image\" \/>\n<meta name=\"twitter:label1\" content=\"Dur\u00e9e de lecture estim\u00e9e\" \/>\n\t<meta name=\"twitter:data1\" content=\"2 minutes\" \/>\n<script type=\"application\/ld+json\" class=\"yoast-schema-graph\">{\"@context\":\"https:\/\/schema.org\",\"@graph\":[{\"@type\":\"WebPage\",\"@id\":\"https:\/\/oc.ca\/fr\/un-regard-sur-2024\/\",\"url\":\"https:\/\/oc.ca\/fr\/un-regard-sur-2024\/\",\"name\":\"Un regard sur 2024 - Orchestras Canada\/Orchestres Canada\",\"isPartOf\":{\"@id\":\"https:\/\/oc.ca\/en\/#website\"},\"primaryImageOfPage\":{\"@id\":\"https:\/\/oc.ca\/fr\/un-regard-sur-2024\/#primaryimage\"},\"image\":{\"@id\":\"https:\/\/oc.ca\/fr\/un-regard-sur-2024\/#primaryimage\"},\"thumbnailUrl\":\"https:\/\/oc.ca\/wp-content\/uploads\/2023\/11\/Nelson-Headshot-2.png\",\"datePublished\":\"2025-01-17T16:39:14+00:00\",\"breadcrumb\":{\"@id\":\"https:\/\/oc.ca\/fr\/un-regard-sur-2024\/#breadcrumb\"},\"inLanguage\":\"fr-FR\",\"potentialAction\":[{\"@type\":\"ReadAction\",\"target\":[\"https:\/\/oc.ca\/fr\/un-regard-sur-2024\/\"]}]},{\"@type\":\"ImageObject\",\"inLanguage\":\"fr-FR\",\"@id\":\"https:\/\/oc.ca\/fr\/un-regard-sur-2024\/#primaryimage\",\"url\":\"https:\/\/oc.ca\/wp-content\/uploads\/2023\/11\/Nelson-Headshot-2.png\",\"contentUrl\":\"https:\/\/oc.ca\/wp-content\/uploads\/2023\/11\/Nelson-Headshot-2.png\"},{\"@type\":\"BreadcrumbList\",\"@id\":\"https:\/\/oc.ca\/fr\/un-regard-sur-2024\/#breadcrumb\",\"itemListElement\":[{\"@type\":\"ListItem\",\"position\":1,\"name\":\"Home\",\"item\":\"https:\/\/oc.ca\/fr\/\"},{\"@type\":\"ListItem\",\"position\":2,\"name\":\"Un regard sur 2024\"}]},{\"@type\":\"WebSite\",\"@id\":\"https:\/\/oc.ca\/en\/#website\",\"url\":\"https:\/\/oc.ca\/en\/\",\"name\":\"Orchestras Canada\/Orchestres Canada\",\"description\":\"\",\"publisher\":{\"@id\":\"https:\/\/oc.ca\/en\/#organization\"},\"potentialAction\":[{\"@type\":\"SearchAction\",\"target\":{\"@type\":\"EntryPoint\",\"urlTemplate\":\"https:\/\/oc.ca\/en\/?s={search_term_string}\"},\"query-input\":{\"@type\":\"PropertyValueSpecification\",\"valueRequired\":true,\"valueName\":\"search_term_string\"}}],\"inLanguage\":\"fr-FR\"},{\"@type\":\"Organization\",\"@id\":\"https:\/\/oc.ca\/en\/#organization\",\"name\":\"Orchestras Canada\/Orchestres Canada\",\"url\":\"https:\/\/oc.ca\/en\/\",\"logo\":{\"@type\":\"ImageObject\",\"inLanguage\":\"fr-FR\",\"@id\":\"https:\/\/oc.ca\/en\/#\/schema\/logo\/image\/\",\"url\":\"https:\/\/oc.ca\/wp-content\/uploads\/2019\/03\/cropped-OC-Logo-800x200-1.png\",\"contentUrl\":\"https:\/\/oc.ca\/wp-content\/uploads\/2019\/03\/cropped-OC-Logo-800x200-1.png\",\"width\":400,\"height\":100,\"caption\":\"Orchestras Canada\/Orchestres Canada\"},\"image\":{\"@id\":\"https:\/\/oc.ca\/en\/#\/schema\/logo\/image\/\"}}]}<\/script>\n<!-- \/ Yoast SEO plugin. -->","yoast_head_json":{"title":"Un regard sur 2024 - Orchestras Canada\/Orchestres Canada","robots":{"index":"index","follow":"follow","max-snippet":"max-snippet:-1","max-image-preview":"max-image-preview:large","max-video-preview":"max-video-preview:-1"},"canonical":"https:\/\/oc.ca\/fr\/un-regard-sur-2024\/","og_locale":"fr_FR","og_type":"article","og_title":"Un regard sur 2024 - Orchestras Canada\/Orchestres Canada","og_description":"pour nous aider \u00e0 r\u00e9ussir en 2025 Date: 30 janvier 2025 Heure : de 14 h \u00e0 15 h (heure de l&#8217;Est) Lieu : R\u00e9unions Zoom Co\u00fbt : Gratuit Session bilingue : Une interpr\u00e9tation simultan\u00e9e en fran\u00e7ais est disponible. Accessibilit\u00e9 : Des sous-titres g\u00e9n\u00e9r\u00e9s par l&#8217;IA seront disponibles via Zoom. \u00c0 qui s&#8217;adresse cette s\u00e9ance? [&hellip;]","og_url":"https:\/\/oc.ca\/fr\/un-regard-sur-2024\/","og_site_name":"Orchestras Canada\/Orchestres Canada","og_image":[{"url":"https:\/\/oc.ca\/wp-content\/uploads\/2023\/11\/Nelson-Headshot-2.png","type":"","width":"","height":""}],"twitter_card":"summary_large_image","twitter_misc":{"Dur\u00e9e de lecture estim\u00e9e":"2 minutes"},"schema":{"@context":"https:\/\/schema.org","@graph":[{"@type":"WebPage","@id":"https:\/\/oc.ca\/fr\/un-regard-sur-2024\/","url":"https:\/\/oc.ca\/fr\/un-regard-sur-2024\/","name":"Un regard sur 2024 - Orchestras Canada\/Orchestres Canada","isPartOf":{"@id":"https:\/\/oc.ca\/en\/#website"},"primaryImageOfPage":{"@id":"https:\/\/oc.ca\/fr\/un-regard-sur-2024\/#primaryimage"},"image":{"@id":"https:\/\/oc.ca\/fr\/un-regard-sur-2024\/#primaryimage"},"thumbnailUrl":"https:\/\/oc.ca\/wp-content\/uploads\/2023\/11\/Nelson-Headshot-2.png","datePublished":"2025-01-17T16:39:14+00:00","breadcrumb":{"@id":"https:\/\/oc.ca\/fr\/un-regard-sur-2024\/#breadcrumb"},"inLanguage":"fr-FR","potentialAction":[{"@type":"ReadAction","target":["https:\/\/oc.ca\/fr\/un-regard-sur-2024\/"]}]},{"@type":"ImageObject","inLanguage":"fr-FR","@id":"https:\/\/oc.ca\/fr\/un-regard-sur-2024\/#primaryimage","url":"https:\/\/oc.ca\/wp-content\/uploads\/2023\/11\/Nelson-Headshot-2.png","contentUrl":"https:\/\/oc.ca\/wp-content\/uploads\/2023\/11\/Nelson-Headshot-2.png"},{"@type":"BreadcrumbList","@id":"https:\/\/oc.ca\/fr\/un-regard-sur-2024\/#breadcrumb","itemListElement":[{"@type":"ListItem","position":1,"name":"Home","item":"https:\/\/oc.ca\/fr\/"},{"@type":"ListItem","position":2,"name":"Un regard sur 2024"}]},{"@type":"WebSite","@id":"https:\/\/oc.ca\/en\/#website","url":"https:\/\/oc.ca\/en\/","name":"Orchestras Canada\/Orchestres Canada","description":"","publisher":{"@id":"https:\/\/oc.ca\/en\/#organization"},"potentialAction":[{"@type":"SearchAction","target":{"@type":"EntryPoint","urlTemplate":"https:\/\/oc.ca\/en\/?s={search_term_string}"},"query-input":{"@type":"PropertyValueSpecification","valueRequired":true,"valueName":"search_term_string"}}],"inLanguage":"fr-FR"},{"@type":"Organization","@id":"https:\/\/oc.ca\/en\/#organization","name":"Orchestras Canada\/Orchestres Canada","url":"https:\/\/oc.ca\/en\/","logo":{"@type":"ImageObject","inLanguage":"fr-FR","@id":"https:\/\/oc.ca\/en\/#\/schema\/logo\/image\/","url":"https:\/\/oc.ca\/wp-content\/uploads\/2019\/03\/cropped-OC-Logo-800x200-1.png","contentUrl":"https:\/\/oc.ca\/wp-content\/uploads\/2019\/03\/cropped-OC-Logo-800x200-1.png","width":400,"height":100,"caption":"Orchestras Canada\/Orchestres Canada"},"image":{"@id":"https:\/\/oc.ca\/en\/#\/schema\/logo\/image\/"}}]}},"_links":{"self":[{"href":"https:\/\/oc.ca\/fr\/wp-json\/wp\/v2\/pages\/14568","targetHints":{"allow":["GET"]}}],"collection":[{"href":"https:\/\/oc.ca\/fr\/wp-json\/wp\/v2\/pages"}],"about":[{"href":"https:\/\/oc.ca\/fr\/wp-json\/wp\/v2\/types\/page"}],"author":[{"embeddable":true,"href":"https:\/\/oc.ca\/fr\/wp-json\/wp\/v2\/users\/10"}],"replies":[{"embeddable":true,"href":"https:\/\/oc.ca\/fr\/wp-json\/wp\/v2\/comments?post=14568"}],"version-history":[{"count":1,"href":"https:\/\/oc.ca\/fr\/wp-json\/wp\/v2\/pages\/14568\/revisions"}],"predecessor-version":[{"id":14571,"href":"https:\/\/oc.ca\/fr\/wp-json\/wp\/v2\/pages\/14568\/revisions\/14571"}],"wp:attachment":[{"href":"https:\/\/oc.ca\/fr\/wp-json\/wp\/v2\/media?parent=14568"}],"curies":[{"name":"wp","href":"https:\/\/api.w.org\/{rel}","templated":true}]}}