{"id":14348,"date":"2024-11-05T14:37:03","date_gmt":"2024-11-05T19:37:03","guid":{"rendered":"https:\/\/oc.ca\/?page_id=14348"},"modified":"2024-11-05T14:37:03","modified_gmt":"2024-11-05T19:37:03","slug":"revenus-reproductibles-pour-les-orchestres-rfic-et-donnees","status":"publish","type":"page","link":"https:\/\/oc.ca\/fr\/revenus-reproductibles-pour-les-orchestres-rfic-et-donnees\/","title":{"rendered":"Revenus reproductibles pour les orchestres : \u00ab RFIC \u00bb et donn\u00e9es"},"content":{"rendered":"<p><strong>Date :<\/strong> 21 novembre 2024<br \/>\n<strong>Heure :<\/strong> de 14 h \u00e0 15 h (heure de l&#8217;Est)<br \/>\n<strong>Lieu :<\/strong> R\u00e9unions Zoom<br \/>\n<strong>Co\u00fbt :<\/strong> Gratuit<br \/>\n<strong>Session bilingue :<\/strong> Une interpr\u00e9tation simultan\u00e9e en fran\u00e7ais est disponible.<br \/>\n<strong>Accessibilit\u00e9 :<\/strong> Des sous-titres g\u00e9n\u00e9r\u00e9s par l&#8217;IA seront disponibles via Zoom.<br \/>\n<strong>\u00c0 qui s&#8217;adresse cette s\u00e9ance?<\/strong> Les dirigeant.e.s et le personnel des orchestres canadiens int\u00e9ress\u00e9s par les donn\u00e9es relatives au d\u00e9veloppement des publics et des revenus.<\/p>\n<p style=\"text-align: center;\"><a href=\"https:\/\/us02web.zoom.us\/meeting\/register\/tZ0lcemvrToiHdMHu5lVqFaEs_60n9454Wyd\"><strong><button class=\"blue-button-medium\">S&#8217;inscrire!<\/button><\/strong><\/a><\/p>\n<p><img fetchpriority=\"high\" decoding=\"async\" class=\" wp-image-14349 aligncenter\" src=\"https:\/\/oc.ca\/wp-content\/uploads\/2024\/11\/Visual-Webinar-TRG-Arts-\u2013Replicable-Revenue-for-Orchestras-RFMG-and-Data-1-800x451.png\" alt=\"\" width=\"475\" height=\"268\" srcset=\"https:\/\/oc.ca\/wp-content\/uploads\/2024\/11\/Visual-Webinar-TRG-Arts-\u2013Replicable-Revenue-for-Orchestras-RFMG-and-Data-1-800x451.png 800w, https:\/\/oc.ca\/wp-content\/uploads\/2024\/11\/Visual-Webinar-TRG-Arts-\u2013Replicable-Revenue-for-Orchestras-RFMG-and-Data-1-300x169.png 300w, https:\/\/oc.ca\/wp-content\/uploads\/2024\/11\/Visual-Webinar-TRG-Arts-\u2013Replicable-Revenue-for-Orchestras-RFMG-and-Data-1-768x433.png 768w, https:\/\/oc.ca\/wp-content\/uploads\/2024\/11\/Visual-Webinar-TRG-Arts-\u2013Replicable-Revenue-for-Orchestras-RFMG-and-Data-1-1536x865.png 1536w, https:\/\/oc.ca\/wp-content\/uploads\/2024\/11\/Visual-Webinar-TRG-Arts-\u2013Replicable-Revenue-for-Orchestras-RFMG-and-Data-1.png 1640w\" sizes=\"(min-width: 960px) 75vw, 100vw\" \/><\/p>\n<p>Rejoignez TRG Arts pour <strong>une mise \u00e0 jour des tendances en mati\u00e8re de revenus et d&#8217;engagement des orchestres nord-am\u00e9ricains<\/strong> participant \u00e0 l&#8217;\u00e9tude comparative de TRG sur les arts et la culture.<\/p>\n<p>Nous explorerons ce que les donn\u00e9es nous disent, nous examinerons comment les organismes appliquent ces id\u00e9es \u00e0 travers des \u00e9tudes de cas, et <strong>nous parlerons des \u00ab gains rapides \u00bb que vous pouvez obtenir pour votre organisme en appliquant les concepts de RFIC<\/strong> (c&#8217;est-\u00e0-dire : R\u00e9cence, Fr\u00e9quence, Investissement mon\u00e9taire et Croissance) pour cr\u00e9er des revenus reproductibles.<\/p>\n<p style=\"text-align: center;\"><a href=\"https:\/\/us02web.zoom.us\/meeting\/register\/tZ0lcemvrToiHdMHu5lVqFaEs_60n9454Wyd\"><strong><button class=\"blue-button-medium\">S&#8217;inscrire!<\/button><\/strong><\/a><\/p>\n<p>&nbsp;<\/p>\n<p><strong><span class=\"TextRun SCXW214632878 BCX0\" lang=\"EN-CA\" xml:lang=\"EN-CA\" data-contrast=\"auto\"><span class=\"NormalTextRun SCXW214632878 BCX0\">Pr\u00e9sentateur : Eric Nelson, vice-pr\u00e9sident des partenariats mondiaux chez TRG Arts<\/span><\/span><\/strong><\/p>\n<p><img decoding=\"async\" class=\" wp-image-12634 alignleft\" src=\"https:\/\/oc.ca\/wp-content\/uploads\/2023\/11\/Nelson-Headshot-2.png\" alt=\"\" width=\"150\" height=\"150\" srcset=\"https:\/\/oc.ca\/wp-content\/uploads\/2023\/11\/Nelson-Headshot-2.png 600w, https:\/\/oc.ca\/wp-content\/uploads\/2023\/11\/Nelson-Headshot-2-300x300.png 300w, https:\/\/oc.ca\/wp-content\/uploads\/2023\/11\/Nelson-Headshot-2-150x150.png 150w\" sizes=\"(min-width: 960px) 75vw, 100vw\" \/>Eric Nelson, vice-pr\u00e9sident des partenariats mondiaux chez TRG Arts, est fier de travailler en partenariat avec des organismes d&#8217;arts de la sc\u00e8ne et d&#8217;arts visuels de toutes formes et tailles afin d&#8217;accro\u00eetre la participation des spectateurs, les revenus et l&#8217;impact sur la communaut\u00e9. Avant de rejoindre TRG Arts, Eric \u00e9tait la directrice des communications du Kaufman Music Center de New York. Il a \u00e9galement \u00e9t\u00e9 vice-pr\u00e9sident des services \u00e0 la client\u00e8le, des nouvelles affaires et du marketing pour DCM, sp\u00e9cialis\u00e9 dans les strat\u00e9gies de marketing et de collecte de fonds pour les organismes \u00e0 but non lucratif. Eric a commenc\u00e9 sa carri\u00e8re dans les arts, en dirigeant les efforts de marketing pour la Paul Taylor Dance Company. Il a l&#8217;honneur de faire partie du comit\u00e9 directeur du groupe d&#8217;affinit\u00e9 LGBTQIA+ de la League of American Orchestras.<\/p>\n","protected":false},"excerpt":{"rendered":"<p>Date : 21 novembre 2024 Heure : de 14 h \u00e0 15 h (heure de l&#8217;Est) Lieu : R\u00e9unions Zoom Co\u00fbt : Gratuit Session bilingue : Une interpr\u00e9tation simultan\u00e9e en fran\u00e7ais est disponible. Accessibilit\u00e9 : Des sous-titres g\u00e9n\u00e9r\u00e9s par l&#8217;IA seront disponibles via Zoom. \u00c0 qui s&#8217;adresse cette s\u00e9ance? Les dirigeant.e.s et le personnel des [&hellip;]<\/p>\n","protected":false},"author":10,"featured_media":0,"parent":0,"menu_order":0,"comment_status":"closed","ping_status":"closed","template":"","meta":{"_acf_changed":false,"_monsterinsights_skip_tracking":false,"_monsterinsights_sitenote_active":false,"_monsterinsights_sitenote_note":"","_monsterinsights_sitenote_category":0,"footnotes":""},"class_list":["post-14348","page","type-page","status-publish","hentry"],"acf":[],"yoast_head":"<!-- This site is optimized with the Yoast SEO plugin v25.4 - https:\/\/yoast.com\/wordpress\/plugins\/seo\/ -->\n<title>Revenus reproductibles pour les orchestres : \u00ab RFIC \u00bb et donn\u00e9es - Orchestras Canada\/Orchestres Canada<\/title>\n<meta name=\"robots\" content=\"index, follow, max-snippet:-1, max-image-preview:large, max-video-preview:-1\" \/>\n<link rel=\"canonical\" href=\"https:\/\/oc.ca\/fr\/revenus-reproductibles-pour-les-orchestres-rfic-et-donnees\/\" \/>\n<meta property=\"og:locale\" content=\"fr_FR\" \/>\n<meta property=\"og:type\" content=\"article\" \/>\n<meta property=\"og:title\" content=\"Revenus reproductibles pour les orchestres : \u00ab RFIC \u00bb et donn\u00e9es - Orchestras Canada\/Orchestres Canada\" \/>\n<meta property=\"og:description\" content=\"Date : 21 novembre 2024 Heure : de 14 h \u00e0 15 h (heure de l&#8217;Est) Lieu : R\u00e9unions Zoom Co\u00fbt : Gratuit Session bilingue : Une interpr\u00e9tation simultan\u00e9e en fran\u00e7ais est disponible. Accessibilit\u00e9 : Des sous-titres g\u00e9n\u00e9r\u00e9s par l&#8217;IA seront disponibles via Zoom. \u00c0 qui s&#8217;adresse cette s\u00e9ance? Les dirigeant.e.s et le personnel des [&hellip;]\" \/>\n<meta property=\"og:url\" content=\"https:\/\/oc.ca\/fr\/revenus-reproductibles-pour-les-orchestres-rfic-et-donnees\/\" \/>\n<meta property=\"og:site_name\" content=\"Orchestras Canada\/Orchestres Canada\" \/>\n<meta property=\"og:image\" content=\"https:\/\/oc.ca\/wp-content\/uploads\/2023\/11\/Nelson-Headshot-2.png\" \/>\n<meta name=\"twitter:card\" content=\"summary_large_image\" \/>\n<meta name=\"twitter:label1\" content=\"Dur\u00e9e de lecture estim\u00e9e\" \/>\n\t<meta name=\"twitter:data1\" content=\"2 minutes\" \/>\n<script type=\"application\/ld+json\" class=\"yoast-schema-graph\">{\"@context\":\"https:\/\/schema.org\",\"@graph\":[{\"@type\":\"WebPage\",\"@id\":\"https:\/\/oc.ca\/fr\/revenus-reproductibles-pour-les-orchestres-rfic-et-donnees\/\",\"url\":\"https:\/\/oc.ca\/fr\/revenus-reproductibles-pour-les-orchestres-rfic-et-donnees\/\",\"name\":\"Revenus reproductibles pour les orchestres : \u00ab RFIC \u00bb et donn\u00e9es - Orchestras Canada\/Orchestres Canada\",\"isPartOf\":{\"@id\":\"https:\/\/oc.ca\/en\/#website\"},\"primaryImageOfPage\":{\"@id\":\"https:\/\/oc.ca\/fr\/revenus-reproductibles-pour-les-orchestres-rfic-et-donnees\/#primaryimage\"},\"image\":{\"@id\":\"https:\/\/oc.ca\/fr\/revenus-reproductibles-pour-les-orchestres-rfic-et-donnees\/#primaryimage\"},\"thumbnailUrl\":\"https:\/\/oc.ca\/wp-content\/uploads\/2023\/11\/Nelson-Headshot-2.png\",\"datePublished\":\"2024-11-05T19:37:03+00:00\",\"breadcrumb\":{\"@id\":\"https:\/\/oc.ca\/fr\/revenus-reproductibles-pour-les-orchestres-rfic-et-donnees\/#breadcrumb\"},\"inLanguage\":\"fr-FR\",\"potentialAction\":[{\"@type\":\"ReadAction\",\"target\":[\"https:\/\/oc.ca\/fr\/revenus-reproductibles-pour-les-orchestres-rfic-et-donnees\/\"]}]},{\"@type\":\"ImageObject\",\"inLanguage\":\"fr-FR\",\"@id\":\"https:\/\/oc.ca\/fr\/revenus-reproductibles-pour-les-orchestres-rfic-et-donnees\/#primaryimage\",\"url\":\"https:\/\/oc.ca\/wp-content\/uploads\/2023\/11\/Nelson-Headshot-2.png\",\"contentUrl\":\"https:\/\/oc.ca\/wp-content\/uploads\/2023\/11\/Nelson-Headshot-2.png\"},{\"@type\":\"BreadcrumbList\",\"@id\":\"https:\/\/oc.ca\/fr\/revenus-reproductibles-pour-les-orchestres-rfic-et-donnees\/#breadcrumb\",\"itemListElement\":[{\"@type\":\"ListItem\",\"position\":1,\"name\":\"Home\",\"item\":\"https:\/\/oc.ca\/fr\/\"},{\"@type\":\"ListItem\",\"position\":2,\"name\":\"Revenus reproductibles pour les orchestres : \u00ab RFIC \u00bb et donn\u00e9es\"}]},{\"@type\":\"WebSite\",\"@id\":\"https:\/\/oc.ca\/en\/#website\",\"url\":\"https:\/\/oc.ca\/en\/\",\"name\":\"Orchestras Canada\/Orchestres Canada\",\"description\":\"\",\"publisher\":{\"@id\":\"https:\/\/oc.ca\/en\/#organization\"},\"potentialAction\":[{\"@type\":\"SearchAction\",\"target\":{\"@type\":\"EntryPoint\",\"urlTemplate\":\"https:\/\/oc.ca\/en\/?s={search_term_string}\"},\"query-input\":{\"@type\":\"PropertyValueSpecification\",\"valueRequired\":true,\"valueName\":\"search_term_string\"}}],\"inLanguage\":\"fr-FR\"},{\"@type\":\"Organization\",\"@id\":\"https:\/\/oc.ca\/en\/#organization\",\"name\":\"Orchestras Canada\/Orchestres Canada\",\"url\":\"https:\/\/oc.ca\/en\/\",\"logo\":{\"@type\":\"ImageObject\",\"inLanguage\":\"fr-FR\",\"@id\":\"https:\/\/oc.ca\/en\/#\/schema\/logo\/image\/\",\"url\":\"https:\/\/oc.ca\/wp-content\/uploads\/2019\/03\/cropped-OC-Logo-800x200-1.png\",\"contentUrl\":\"https:\/\/oc.ca\/wp-content\/uploads\/2019\/03\/cropped-OC-Logo-800x200-1.png\",\"width\":400,\"height\":100,\"caption\":\"Orchestras Canada\/Orchestres Canada\"},\"image\":{\"@id\":\"https:\/\/oc.ca\/en\/#\/schema\/logo\/image\/\"}}]}<\/script>\n<!-- \/ Yoast SEO plugin. -->","yoast_head_json":{"title":"Revenus reproductibles pour les orchestres : \u00ab RFIC \u00bb et donn\u00e9es - Orchestras Canada\/Orchestres Canada","robots":{"index":"index","follow":"follow","max-snippet":"max-snippet:-1","max-image-preview":"max-image-preview:large","max-video-preview":"max-video-preview:-1"},"canonical":"https:\/\/oc.ca\/fr\/revenus-reproductibles-pour-les-orchestres-rfic-et-donnees\/","og_locale":"fr_FR","og_type":"article","og_title":"Revenus reproductibles pour les orchestres : \u00ab RFIC \u00bb et donn\u00e9es - Orchestras Canada\/Orchestres Canada","og_description":"Date : 21 novembre 2024 Heure : de 14 h \u00e0 15 h (heure de l&#8217;Est) Lieu : R\u00e9unions Zoom Co\u00fbt : Gratuit Session bilingue : Une interpr\u00e9tation simultan\u00e9e en fran\u00e7ais est disponible. Accessibilit\u00e9 : Des sous-titres g\u00e9n\u00e9r\u00e9s par l&#8217;IA seront disponibles via Zoom. \u00c0 qui s&#8217;adresse cette s\u00e9ance? Les dirigeant.e.s et le personnel des [&hellip;]","og_url":"https:\/\/oc.ca\/fr\/revenus-reproductibles-pour-les-orchestres-rfic-et-donnees\/","og_site_name":"Orchestras Canada\/Orchestres Canada","og_image":[{"url":"https:\/\/oc.ca\/wp-content\/uploads\/2023\/11\/Nelson-Headshot-2.png","type":"","width":"","height":""}],"twitter_card":"summary_large_image","twitter_misc":{"Dur\u00e9e de lecture estim\u00e9e":"2 minutes"},"schema":{"@context":"https:\/\/schema.org","@graph":[{"@type":"WebPage","@id":"https:\/\/oc.ca\/fr\/revenus-reproductibles-pour-les-orchestres-rfic-et-donnees\/","url":"https:\/\/oc.ca\/fr\/revenus-reproductibles-pour-les-orchestres-rfic-et-donnees\/","name":"Revenus reproductibles pour les orchestres : \u00ab RFIC \u00bb et donn\u00e9es - Orchestras Canada\/Orchestres Canada","isPartOf":{"@id":"https:\/\/oc.ca\/en\/#website"},"primaryImageOfPage":{"@id":"https:\/\/oc.ca\/fr\/revenus-reproductibles-pour-les-orchestres-rfic-et-donnees\/#primaryimage"},"image":{"@id":"https:\/\/oc.ca\/fr\/revenus-reproductibles-pour-les-orchestres-rfic-et-donnees\/#primaryimage"},"thumbnailUrl":"https:\/\/oc.ca\/wp-content\/uploads\/2023\/11\/Nelson-Headshot-2.png","datePublished":"2024-11-05T19:37:03+00:00","breadcrumb":{"@id":"https:\/\/oc.ca\/fr\/revenus-reproductibles-pour-les-orchestres-rfic-et-donnees\/#breadcrumb"},"inLanguage":"fr-FR","potentialAction":[{"@type":"ReadAction","target":["https:\/\/oc.ca\/fr\/revenus-reproductibles-pour-les-orchestres-rfic-et-donnees\/"]}]},{"@type":"ImageObject","inLanguage":"fr-FR","@id":"https:\/\/oc.ca\/fr\/revenus-reproductibles-pour-les-orchestres-rfic-et-donnees\/#primaryimage","url":"https:\/\/oc.ca\/wp-content\/uploads\/2023\/11\/Nelson-Headshot-2.png","contentUrl":"https:\/\/oc.ca\/wp-content\/uploads\/2023\/11\/Nelson-Headshot-2.png"},{"@type":"BreadcrumbList","@id":"https:\/\/oc.ca\/fr\/revenus-reproductibles-pour-les-orchestres-rfic-et-donnees\/#breadcrumb","itemListElement":[{"@type":"ListItem","position":1,"name":"Home","item":"https:\/\/oc.ca\/fr\/"},{"@type":"ListItem","position":2,"name":"Revenus reproductibles pour les orchestres : \u00ab RFIC \u00bb et donn\u00e9es"}]},{"@type":"WebSite","@id":"https:\/\/oc.ca\/en\/#website","url":"https:\/\/oc.ca\/en\/","name":"Orchestras Canada\/Orchestres Canada","description":"","publisher":{"@id":"https:\/\/oc.ca\/en\/#organization"},"potentialAction":[{"@type":"SearchAction","target":{"@type":"EntryPoint","urlTemplate":"https:\/\/oc.ca\/en\/?s={search_term_string}"},"query-input":{"@type":"PropertyValueSpecification","valueRequired":true,"valueName":"search_term_string"}}],"inLanguage":"fr-FR"},{"@type":"Organization","@id":"https:\/\/oc.ca\/en\/#organization","name":"Orchestras Canada\/Orchestres Canada","url":"https:\/\/oc.ca\/en\/","logo":{"@type":"ImageObject","inLanguage":"fr-FR","@id":"https:\/\/oc.ca\/en\/#\/schema\/logo\/image\/","url":"https:\/\/oc.ca\/wp-content\/uploads\/2019\/03\/cropped-OC-Logo-800x200-1.png","contentUrl":"https:\/\/oc.ca\/wp-content\/uploads\/2019\/03\/cropped-OC-Logo-800x200-1.png","width":400,"height":100,"caption":"Orchestras Canada\/Orchestres Canada"},"image":{"@id":"https:\/\/oc.ca\/en\/#\/schema\/logo\/image\/"}}]}},"_links":{"self":[{"href":"https:\/\/oc.ca\/fr\/wp-json\/wp\/v2\/pages\/14348","targetHints":{"allow":["GET"]}}],"collection":[{"href":"https:\/\/oc.ca\/fr\/wp-json\/wp\/v2\/pages"}],"about":[{"href":"https:\/\/oc.ca\/fr\/wp-json\/wp\/v2\/types\/page"}],"author":[{"embeddable":true,"href":"https:\/\/oc.ca\/fr\/wp-json\/wp\/v2\/users\/10"}],"replies":[{"embeddable":true,"href":"https:\/\/oc.ca\/fr\/wp-json\/wp\/v2\/comments?post=14348"}],"version-history":[{"count":1,"href":"https:\/\/oc.ca\/fr\/wp-json\/wp\/v2\/pages\/14348\/revisions"}],"predecessor-version":[{"id":14351,"href":"https:\/\/oc.ca\/fr\/wp-json\/wp\/v2\/pages\/14348\/revisions\/14351"}],"wp:attachment":[{"href":"https:\/\/oc.ca\/fr\/wp-json\/wp\/v2\/media?parent=14348"}],"curies":[{"name":"wp","href":"https:\/\/api.w.org\/{rel}","templated":true}]}}