{"id":13970,"date":"2024-09-17T13:26:30","date_gmt":"2024-09-17T17:26:30","guid":{"rendered":"https:\/\/oc.ca\/?page_id=13970"},"modified":"2024-09-25T10:41:01","modified_gmt":"2024-09-25T14:41:01","slug":"la-video-cle-de-la-presence-numerique-de-votre-orchestre","status":"publish","type":"page","link":"https:\/\/oc.ca\/fr\/la-video-cle-de-la-presence-numerique-de-votre-orchestre\/","title":{"rendered":"La vid\u00e9o,"},"content":{"rendered":"<h3 style=\"text-align: center;\">\u00a0cl\u00e9 de la pr\u00e9sence num\u00e9rique de votre orchestre<\/h3>\n<h3 style=\"text-align: center;\"><\/h3>\n<ul>\n<li><strong>(Webinaire sponsoris\u00e9)<\/strong><\/li>\n<li><strong>Date :<\/strong> 8 octobre 2024, en ligne<\/li>\n<li><strong>Heure :<\/strong> de 15 h \u00e0 16 h (heure de l&#8217;Est)<\/li>\n<li><strong>Co\u00fbt :<\/strong> Gratuit<\/li>\n<li><strong>Langue du webinaire :<\/strong> Anglais avec interpr\u00e9tation simultan\u00e9e en fran\u00e7ais<\/li>\n<li><strong>Accessibilit\u00e9 :<\/strong> Des sous-titres g\u00e9n\u00e9r\u00e9s par l&#8217;IA seront disponibles via Zoom.<\/li>\n<\/ul>\n<p style=\"text-align: center;\"><a href=\"https:\/\/us02web.zoom.us\/meeting\/register\/tZcvdOmqqTgrG9GQQx2VQNQ1vwOXZdP9dT4C\"><strong><button class=\"blue-button-medium\">S&#8217;inscrire!<\/button><\/strong><\/a><\/p>\n<p>Dans le monde num\u00e9rique d&#8217;aujourd&#8217;hui, o\u00f9 le contenu vid\u00e9o attire l&#8217;attention, les orchestres ont besoin d&#8217;une strat\u00e9gie vid\u00e9o bien con\u00e7ue pour rester comp\u00e9titifs et se rapprocher d&#8217;un public plus large. Mais une approche unique ne suffit pas : la strat\u00e9gie de chaque orchestre doit refl\u00e9ter ses objectifs et son identit\u00e9 propres.<\/p>\n<p><img fetchpriority=\"high\" decoding=\"async\" class=\"wp-image-13976 aligncenter\" src=\"https:\/\/oc.ca\/wp-content\/uploads\/2024\/09\/Visual-Webinar-SymphonyLive-smaller-800x451.png\" alt=\"\" width=\"529\" height=\"298\" srcset=\"https:\/\/oc.ca\/wp-content\/uploads\/2024\/09\/Visual-Webinar-SymphonyLive-smaller-800x451.png 800w, https:\/\/oc.ca\/wp-content\/uploads\/2024\/09\/Visual-Webinar-SymphonyLive-smaller-300x169.png 300w, https:\/\/oc.ca\/wp-content\/uploads\/2024\/09\/Visual-Webinar-SymphonyLive-smaller-768x433.png 768w, https:\/\/oc.ca\/wp-content\/uploads\/2024\/09\/Visual-Webinar-SymphonyLive-smaller.png 1000w\" sizes=\"(min-width: 960px) 75vw, 100vw\" \/><\/p>\n<p>Ce webinaire de 60 minutes, anim\u00e9 par Maarten Walraven de <a href=\"https:\/\/symphony.live\/\">Symphony.live<\/a>, est destin\u00e9 aux professionnel.le.s travaillant dans les d\u00e9partements de production, artistique et marketing des orchestres. Il vous guidera \u00e0 travers des m\u00e9thodes innovantes pour int\u00e9grer la vid\u00e9o dans la strat\u00e9gie num\u00e9rique de votre orchestre. Que vous produisiez du contenu ou que vous \u00e9laboriez des campagnes, vous d\u00e9couvrirez comment adapter une \u00ab strat\u00e9gie en cascade \u00bb qui maximise l&#8217;impact de votre vid\u00e9o sur plusieurs plates-formes.<\/p>\n<p><strong>Vous allez apprendre :<\/strong><\/p>\n<ul>\n<li>Pourquoi la vid\u00e9o est cruciale pour la croissance de votre orchestre et l&#8217;engagement du public<\/li>\n<li>Les techniques de production vid\u00e9o personnalis\u00e9es qui s&#8217;alignent sur la vision artistique de votre orchestre<\/li>\n<li>Comment \u00e9laborer une \u00ab strat\u00e9gie en cascade \u00bb personnalis\u00e9e pour distribuer efficacement le contenu<\/li>\n<li>Les fa\u00e7ons d&#8217;utiliser la vid\u00e9o comme moteur cl\u00e9 de l&#8217;\u00e9volution num\u00e9rique de votre orchestre.<\/li>\n<\/ul>\n<p>Rempli d&#8217;exemples pratiques et d&#8217;id\u00e9es d&#8217;experts, ce webinaire vous fournira des strat\u00e9gies concr\u00e8tes pour am\u00e9liorer la pr\u00e9sence num\u00e9rique de votre orchestre. \u00c0 la fin, vous aurez les outils pour d\u00e9velopper une strat\u00e9gie vid\u00e9o personnalis\u00e9e qui r\u00e9sonne avec votre public et refl\u00e8te la mission de votre orchestre.<\/p>\n<p style=\"text-align: center;\"><a href=\"https:\/\/us02web.zoom.us\/meeting\/register\/tZcvdOmqqTgrG9GQQx2VQNQ1vwOXZdP9dT4C\"><strong><button class=\"blue-button-medium\">S&#8217;inscrire!<\/button><\/strong><\/a><\/p>\n<p><strong>Pr\u00e9sentateur :<\/strong> Maarten Walraven, Co-CEO &amp; COO &#8211; Symphony.live<\/p>\n<p>Maarten Walraven travaille \u00e0 l&#8217;intersection de la musique, de la technologie, des communaut\u00e9s et de l&#8217;\u00e9ducation. Il a plusieurs casquettes. Tout d&#8217;abord, il est co-directeur g\u00e9n\u00e9ral de Symphony.live, o\u00f9 il poursuit la mission d&#8217;unir les orchestres du monde entier dans leurs transformations num\u00e9riques. Par ailleurs, il enseigne \u00e0 la ma\u00eetrise de musicologie appliqu\u00e9e de l&#8217;universit\u00e9 d&#8217;Utrecht et coordonne l&#8217;Acad\u00e9mie de l&#8217;eau et de la musique. Si vous voulez suivre sa pens\u00e9e, le meilleur endroit est MUSIC x, son Infolettre sur l&#8217;intersection de la musique et de la technologie .<\/p>\n<p>Auparavant, Maarten a obtenu un doctorat en histoire, explorant l&#8217;histoire du son et l&#8217;impact du silence et des technologies sonores dans les zones d&#8217;urbanisation de la fin du XIXe si\u00e8cle en Europe. Il a \u00e9galement travaill\u00e9 pour diverses cha\u00eenes de t\u00e9l\u00e9vision consacr\u00e9es \u00e0 la musique, telles que Stingray Classica et Stingray DJAZZ. Il y a appris \u00e0 quel point le monde des m\u00e9dias \u00e9volue rapidement et combien il est important d&#8217;avoir du contenu vid\u00e9o pour pouvoir partager des histoires avec le monde &#8211; pour trouver le public l\u00e0 o\u00f9 il se trouve.<\/p>\n","protected":false},"excerpt":{"rendered":"<p>\u00a0cl\u00e9 de la pr\u00e9sence num\u00e9rique de votre orchestre (Webinaire sponsoris\u00e9) Date : 8 octobre 2024, en ligne Heure : de 15 h \u00e0 16 h (heure de l&#8217;Est) Co\u00fbt : Gratuit Langue du webinaire : Anglais avec interpr\u00e9tation simultan\u00e9e en fran\u00e7ais Accessibilit\u00e9 : Des sous-titres g\u00e9n\u00e9r\u00e9s par l&#8217;IA seront disponibles via Zoom. S&#8217;inscrire! Dans le [&hellip;]<\/p>\n","protected":false},"author":10,"featured_media":0,"parent":0,"menu_order":0,"comment_status":"closed","ping_status":"closed","template":"","meta":{"_acf_changed":false,"_monsterinsights_skip_tracking":false,"_monsterinsights_sitenote_active":false,"_monsterinsights_sitenote_note":"","_monsterinsights_sitenote_category":0,"footnotes":""},"class_list":["post-13970","page","type-page","status-publish","hentry"],"acf":[],"yoast_head":"<!-- This site is optimized with the Yoast SEO plugin v25.4 - https:\/\/yoast.com\/wordpress\/plugins\/seo\/ -->\n<title>La vid\u00e9o, - Orchestras Canada\/Orchestres Canada<\/title>\n<meta name=\"robots\" content=\"index, follow, max-snippet:-1, max-image-preview:large, max-video-preview:-1\" \/>\n<link rel=\"canonical\" href=\"https:\/\/oc.ca\/fr\/la-video-cle-de-la-presence-numerique-de-votre-orchestre\/\" \/>\n<meta property=\"og:locale\" content=\"fr_FR\" \/>\n<meta property=\"og:type\" content=\"article\" \/>\n<meta property=\"og:title\" content=\"La vid\u00e9o, - Orchestras Canada\/Orchestres Canada\" \/>\n<meta property=\"og:description\" content=\"\u00a0cl\u00e9 de la pr\u00e9sence num\u00e9rique de votre orchestre (Webinaire sponsoris\u00e9) Date : 8 octobre 2024, en ligne Heure : de 15 h \u00e0 16 h (heure de l&#8217;Est) Co\u00fbt : Gratuit Langue du webinaire : Anglais avec interpr\u00e9tation simultan\u00e9e en fran\u00e7ais Accessibilit\u00e9 : Des sous-titres g\u00e9n\u00e9r\u00e9s par l&#8217;IA seront disponibles via Zoom. S&#8217;inscrire! Dans le [&hellip;]\" \/>\n<meta property=\"og:url\" content=\"https:\/\/oc.ca\/fr\/la-video-cle-de-la-presence-numerique-de-votre-orchestre\/\" \/>\n<meta property=\"og:site_name\" content=\"Orchestras Canada\/Orchestres Canada\" \/>\n<meta property=\"article:modified_time\" content=\"2024-09-25T14:41:01+00:00\" \/>\n<meta property=\"og:image\" content=\"https:\/\/oc.ca\/wp-content\/uploads\/2024\/09\/Visual-Webinar-SymphonyLive-smaller-800x451.png\" \/>\n<meta name=\"twitter:card\" content=\"summary_large_image\" \/>\n<meta name=\"twitter:label1\" content=\"Dur\u00e9e de lecture estim\u00e9e\" \/>\n\t<meta name=\"twitter:data1\" content=\"3 minutes\" \/>\n<script type=\"application\/ld+json\" class=\"yoast-schema-graph\">{\"@context\":\"https:\/\/schema.org\",\"@graph\":[{\"@type\":\"WebPage\",\"@id\":\"https:\/\/oc.ca\/fr\/la-video-cle-de-la-presence-numerique-de-votre-orchestre\/\",\"url\":\"https:\/\/oc.ca\/fr\/la-video-cle-de-la-presence-numerique-de-votre-orchestre\/\",\"name\":\"La vid\u00e9o, - Orchestras Canada\/Orchestres Canada\",\"isPartOf\":{\"@id\":\"https:\/\/oc.ca\/en\/#website\"},\"primaryImageOfPage\":{\"@id\":\"https:\/\/oc.ca\/fr\/la-video-cle-de-la-presence-numerique-de-votre-orchestre\/#primaryimage\"},\"image\":{\"@id\":\"https:\/\/oc.ca\/fr\/la-video-cle-de-la-presence-numerique-de-votre-orchestre\/#primaryimage\"},\"thumbnailUrl\":\"https:\/\/oc.ca\/wp-content\/uploads\/2024\/09\/Visual-Webinar-SymphonyLive-smaller-800x451.png\",\"datePublished\":\"2024-09-17T17:26:30+00:00\",\"dateModified\":\"2024-09-25T14:41:01+00:00\",\"breadcrumb\":{\"@id\":\"https:\/\/oc.ca\/fr\/la-video-cle-de-la-presence-numerique-de-votre-orchestre\/#breadcrumb\"},\"inLanguage\":\"fr-FR\",\"potentialAction\":[{\"@type\":\"ReadAction\",\"target\":[\"https:\/\/oc.ca\/fr\/la-video-cle-de-la-presence-numerique-de-votre-orchestre\/\"]}]},{\"@type\":\"ImageObject\",\"inLanguage\":\"fr-FR\",\"@id\":\"https:\/\/oc.ca\/fr\/la-video-cle-de-la-presence-numerique-de-votre-orchestre\/#primaryimage\",\"url\":\"https:\/\/oc.ca\/wp-content\/uploads\/2024\/09\/Visual-Webinar-SymphonyLive-smaller-800x451.png\",\"contentUrl\":\"https:\/\/oc.ca\/wp-content\/uploads\/2024\/09\/Visual-Webinar-SymphonyLive-smaller-800x451.png\"},{\"@type\":\"BreadcrumbList\",\"@id\":\"https:\/\/oc.ca\/fr\/la-video-cle-de-la-presence-numerique-de-votre-orchestre\/#breadcrumb\",\"itemListElement\":[{\"@type\":\"ListItem\",\"position\":1,\"name\":\"Home\",\"item\":\"https:\/\/oc.ca\/fr\/\"},{\"@type\":\"ListItem\",\"position\":2,\"name\":\"La vid\u00e9o,\"}]},{\"@type\":\"WebSite\",\"@id\":\"https:\/\/oc.ca\/en\/#website\",\"url\":\"https:\/\/oc.ca\/en\/\",\"name\":\"Orchestras Canada\/Orchestres Canada\",\"description\":\"\",\"publisher\":{\"@id\":\"https:\/\/oc.ca\/en\/#organization\"},\"potentialAction\":[{\"@type\":\"SearchAction\",\"target\":{\"@type\":\"EntryPoint\",\"urlTemplate\":\"https:\/\/oc.ca\/en\/?s={search_term_string}\"},\"query-input\":{\"@type\":\"PropertyValueSpecification\",\"valueRequired\":true,\"valueName\":\"search_term_string\"}}],\"inLanguage\":\"fr-FR\"},{\"@type\":\"Organization\",\"@id\":\"https:\/\/oc.ca\/en\/#organization\",\"name\":\"Orchestras Canada\/Orchestres Canada\",\"url\":\"https:\/\/oc.ca\/en\/\",\"logo\":{\"@type\":\"ImageObject\",\"inLanguage\":\"fr-FR\",\"@id\":\"https:\/\/oc.ca\/en\/#\/schema\/logo\/image\/\",\"url\":\"https:\/\/oc.ca\/wp-content\/uploads\/2019\/03\/cropped-OC-Logo-800x200-1.png\",\"contentUrl\":\"https:\/\/oc.ca\/wp-content\/uploads\/2019\/03\/cropped-OC-Logo-800x200-1.png\",\"width\":400,\"height\":100,\"caption\":\"Orchestras Canada\/Orchestres Canada\"},\"image\":{\"@id\":\"https:\/\/oc.ca\/en\/#\/schema\/logo\/image\/\"}}]}<\/script>\n<!-- \/ Yoast SEO plugin. -->","yoast_head_json":{"title":"La vid\u00e9o, - Orchestras Canada\/Orchestres Canada","robots":{"index":"index","follow":"follow","max-snippet":"max-snippet:-1","max-image-preview":"max-image-preview:large","max-video-preview":"max-video-preview:-1"},"canonical":"https:\/\/oc.ca\/fr\/la-video-cle-de-la-presence-numerique-de-votre-orchestre\/","og_locale":"fr_FR","og_type":"article","og_title":"La vid\u00e9o, - Orchestras Canada\/Orchestres Canada","og_description":"\u00a0cl\u00e9 de la pr\u00e9sence num\u00e9rique de votre orchestre (Webinaire sponsoris\u00e9) Date : 8 octobre 2024, en ligne Heure : de 15 h \u00e0 16 h (heure de l&#8217;Est) Co\u00fbt : Gratuit Langue du webinaire : Anglais avec interpr\u00e9tation simultan\u00e9e en fran\u00e7ais Accessibilit\u00e9 : Des sous-titres g\u00e9n\u00e9r\u00e9s par l&#8217;IA seront disponibles via Zoom. S&#8217;inscrire! Dans le [&hellip;]","og_url":"https:\/\/oc.ca\/fr\/la-video-cle-de-la-presence-numerique-de-votre-orchestre\/","og_site_name":"Orchestras Canada\/Orchestres Canada","article_modified_time":"2024-09-25T14:41:01+00:00","og_image":[{"url":"https:\/\/oc.ca\/wp-content\/uploads\/2024\/09\/Visual-Webinar-SymphonyLive-smaller-800x451.png","type":"","width":"","height":""}],"twitter_card":"summary_large_image","twitter_misc":{"Dur\u00e9e de lecture estim\u00e9e":"3 minutes"},"schema":{"@context":"https:\/\/schema.org","@graph":[{"@type":"WebPage","@id":"https:\/\/oc.ca\/fr\/la-video-cle-de-la-presence-numerique-de-votre-orchestre\/","url":"https:\/\/oc.ca\/fr\/la-video-cle-de-la-presence-numerique-de-votre-orchestre\/","name":"La vid\u00e9o, - Orchestras Canada\/Orchestres Canada","isPartOf":{"@id":"https:\/\/oc.ca\/en\/#website"},"primaryImageOfPage":{"@id":"https:\/\/oc.ca\/fr\/la-video-cle-de-la-presence-numerique-de-votre-orchestre\/#primaryimage"},"image":{"@id":"https:\/\/oc.ca\/fr\/la-video-cle-de-la-presence-numerique-de-votre-orchestre\/#primaryimage"},"thumbnailUrl":"https:\/\/oc.ca\/wp-content\/uploads\/2024\/09\/Visual-Webinar-SymphonyLive-smaller-800x451.png","datePublished":"2024-09-17T17:26:30+00:00","dateModified":"2024-09-25T14:41:01+00:00","breadcrumb":{"@id":"https:\/\/oc.ca\/fr\/la-video-cle-de-la-presence-numerique-de-votre-orchestre\/#breadcrumb"},"inLanguage":"fr-FR","potentialAction":[{"@type":"ReadAction","target":["https:\/\/oc.ca\/fr\/la-video-cle-de-la-presence-numerique-de-votre-orchestre\/"]}]},{"@type":"ImageObject","inLanguage":"fr-FR","@id":"https:\/\/oc.ca\/fr\/la-video-cle-de-la-presence-numerique-de-votre-orchestre\/#primaryimage","url":"https:\/\/oc.ca\/wp-content\/uploads\/2024\/09\/Visual-Webinar-SymphonyLive-smaller-800x451.png","contentUrl":"https:\/\/oc.ca\/wp-content\/uploads\/2024\/09\/Visual-Webinar-SymphonyLive-smaller-800x451.png"},{"@type":"BreadcrumbList","@id":"https:\/\/oc.ca\/fr\/la-video-cle-de-la-presence-numerique-de-votre-orchestre\/#breadcrumb","itemListElement":[{"@type":"ListItem","position":1,"name":"Home","item":"https:\/\/oc.ca\/fr\/"},{"@type":"ListItem","position":2,"name":"La vid\u00e9o,"}]},{"@type":"WebSite","@id":"https:\/\/oc.ca\/en\/#website","url":"https:\/\/oc.ca\/en\/","name":"Orchestras Canada\/Orchestres Canada","description":"","publisher":{"@id":"https:\/\/oc.ca\/en\/#organization"},"potentialAction":[{"@type":"SearchAction","target":{"@type":"EntryPoint","urlTemplate":"https:\/\/oc.ca\/en\/?s={search_term_string}"},"query-input":{"@type":"PropertyValueSpecification","valueRequired":true,"valueName":"search_term_string"}}],"inLanguage":"fr-FR"},{"@type":"Organization","@id":"https:\/\/oc.ca\/en\/#organization","name":"Orchestras Canada\/Orchestres Canada","url":"https:\/\/oc.ca\/en\/","logo":{"@type":"ImageObject","inLanguage":"fr-FR","@id":"https:\/\/oc.ca\/en\/#\/schema\/logo\/image\/","url":"https:\/\/oc.ca\/wp-content\/uploads\/2019\/03\/cropped-OC-Logo-800x200-1.png","contentUrl":"https:\/\/oc.ca\/wp-content\/uploads\/2019\/03\/cropped-OC-Logo-800x200-1.png","width":400,"height":100,"caption":"Orchestras Canada\/Orchestres Canada"},"image":{"@id":"https:\/\/oc.ca\/en\/#\/schema\/logo\/image\/"}}]}},"_links":{"self":[{"href":"https:\/\/oc.ca\/fr\/wp-json\/wp\/v2\/pages\/13970","targetHints":{"allow":["GET"]}}],"collection":[{"href":"https:\/\/oc.ca\/fr\/wp-json\/wp\/v2\/pages"}],"about":[{"href":"https:\/\/oc.ca\/fr\/wp-json\/wp\/v2\/types\/page"}],"author":[{"embeddable":true,"href":"https:\/\/oc.ca\/fr\/wp-json\/wp\/v2\/users\/10"}],"replies":[{"embeddable":true,"href":"https:\/\/oc.ca\/fr\/wp-json\/wp\/v2\/comments?post=13970"}],"version-history":[{"count":5,"href":"https:\/\/oc.ca\/fr\/wp-json\/wp\/v2\/pages\/13970\/revisions"}],"predecessor-version":[{"id":14029,"href":"https:\/\/oc.ca\/fr\/wp-json\/wp\/v2\/pages\/13970\/revisions\/14029"}],"wp:attachment":[{"href":"https:\/\/oc.ca\/fr\/wp-json\/wp\/v2\/media?parent=13970"}],"curies":[{"name":"wp","href":"https:\/\/api.w.org\/{rel}","templated":true}]}}