{"id":13708,"date":"2024-07-10T13:51:25","date_gmt":"2024-07-10T17:51:25","guid":{"rendered":"http:\/\/demosite2.asurtec.com\/?page_id=13708"},"modified":"2024-08-12T15:07:11","modified_gmt":"2024-08-12T19:07:11","slug":"mises-a-jour-du-rapport-sur-le-repertoire-des-orchestres-canadiens-de-2024","status":"publish","type":"page","link":"https:\/\/oc.ca\/fr\/mises-a-jour-du-rapport-sur-le-repertoire-des-orchestres-canadiens-de-2024\/","title":{"rendered":"Mises \u00e0 jour"},"content":{"rendered":"<h3 style=\"text-align: center;\">du rapport sur le r\u00e9pertoire des orchestres canadiens de 2024<\/h3>\n<p><strong>Date :<\/strong> 15 ao\u00fbt 2024<br \/>\n<strong>Heure :<\/strong> de 14 h \u00e0 15 h (heure de l&#8217;Est)<br \/>\n<strong>Lieu :<\/strong> R\u00e9unions Zoom<br \/>\n<strong>Co\u00fbt :<\/strong> Gratuit<br \/>\n<strong>Session bilingue :<\/strong> La m\u00eame session sera pr\u00e9sent\u00e9e <a href=\"http:\/\/oc.ca\/updates-from-the-2024-canadian-orchestra-repertoire-report\/\">en anglais de 13h00 \u00e0 14h00<\/a><br \/>\n<strong>Accessibilit\u00e9 :<\/strong> Des sous-titres g\u00e9n\u00e9r\u00e9s par l&#8217;IA seront disponibles via Zoom.<br \/>\n<strong>\u00c0 qui s&#8217;adresse ce webinaire?<\/strong> Les dirigeant.e.s et les membres du personnel des orchestres canadiens int\u00e9ress\u00e9s par la programmation, les directeurs artistiques, les chefs d&#8217;orchestre et les musiciens.<\/p>\n<p style=\"text-align: center;\"><a href=\"https:\/\/us02web.zoom.us\/meeting\/register\/tZYvc-mhqTMoGNM4Xz48iRzQyOdUNFJEVsUb\"><strong><button class=\"blue-button-medium\">S&#8217;inscrire!<\/button><\/strong><\/a><\/p>\n<p><img fetchpriority=\"high\" decoding=\"async\" class=\"wp-image-13709 aligncenter\" src=\"https:\/\/oc.ca\/wp-content\/uploads\/2024\/07\/FR-Visual-Webinar-Canadian-orchestra-repertoire-report-2024--800x451.png\" alt=\"\" width=\"527\" height=\"297\" srcset=\"https:\/\/oc.ca\/wp-content\/uploads\/2024\/07\/FR-Visual-Webinar-Canadian-orchestra-repertoire-report-2024--800x451.png 800w, https:\/\/oc.ca\/wp-content\/uploads\/2024\/07\/FR-Visual-Webinar-Canadian-orchestra-repertoire-report-2024--300x169.png 300w, https:\/\/oc.ca\/wp-content\/uploads\/2024\/07\/FR-Visual-Webinar-Canadian-orchestra-repertoire-report-2024--768x433.png 768w, https:\/\/oc.ca\/wp-content\/uploads\/2024\/07\/FR-Visual-Webinar-Canadian-orchestra-repertoire-report-2024--1536x865.png 1536w, https:\/\/oc.ca\/wp-content\/uploads\/2024\/07\/FR-Visual-Webinar-Canadian-orchestra-repertoire-report-2024-.png 1640w\" sizes=\"(min-width: 960px) 75vw, 100vw\" \/><\/p>\n<p>Le\u00a0<a href=\"https:\/\/oc.ca\/fr\/resource\/rapport-sur-le-repertoire-des-orchestres-canadiens\/?eid=c05aa75fb5dcd7dd16db7e741f114e40\"><b>Rapport sur le r\u00e9pertoire orchestral canadien<\/b><\/a>, qui en est \u00e0 sa deuxi\u00e8me ann\u00e9e d&#8217;existence, explore la fa\u00e7on dont nous programmons les compositrices, les compositeurs non binaires et les IBPOC en 2024. Cette session plongera dans les donn\u00e9es avec des mises \u00e0 jour sur les tendances observ\u00e9es dans le rapport de l&#8217;ann\u00e9e derni\u00e8re.<\/p>\n<p>Elle pr\u00e9sentera \u00e9galement\u00a0<b>un tout nouvel outil de programmation. \u00c9labor\u00e9 en consultation avec des administrateurs d&#8217;orchestres de tout le pays, cet outil permet de conna\u00eetre toutes les \u0153uvres programm\u00e9es par un orchestre canadien et compos\u00e9es par des femmes ou des artistes PANDC<\/b>, y compris l&#8217;instrumentation. Il est con\u00e7u pour les programmateurs qui recherchent un r\u00e9pertoire de compositeurs plus diversifi\u00e9s.<\/p>\n<p style=\"text-align: center;\"><a href=\"https:\/\/us02web.zoom.us\/meeting\/register\/tZYvc-mhqTMoGNM4Xz48iRzQyOdUNFJEVsUb\"><strong><button class=\"blue-button-medium\">S&#8217;inscrire!<\/button><\/strong><\/a><\/p>\n<p>&nbsp;<\/p>\n<p><b>Conf\u00e9rencier :<\/b><\/p>\n<ul>\n<li><b>Rich Coburn,\u00a0<\/b>Directeur, BIPOC Voiceset Gestionnaire principal des partenariats communautaires et de la diversit\u00e9 de la programmation, Centre National des Arts<\/li>\n<\/ul>\n<p>Rich a \u00e9t\u00e9 engag\u00e9 comme organiste de Christ Church Calgary &#8211; dont la chorale est r\u00e9guli\u00e8rement invit\u00e9e \u00e0 l&#8217;abbaye de Westminster &#8211; bien qu&#8217;il n&#8217;ait re\u00e7u aucune formation formelle en mati\u00e8re d&#8217;orgue. Il a mis au point un atelier de r\u00e9solution des conflits et de n\u00e9gociation qu&#8217;il a pr\u00e9sent\u00e9 \u00e0 des centaines de jeunes musiciens par l&#8217;interm\u00e9diaire du Kennedy Center, du San Francisco Conservatory et de l&#8217;Association pour l&#8217;op\u00e9ra au Canada. Il a toujours eu l&#8217;esprit d&#8217;entreprise.<br \/>\nAu d\u00e9but de sa carri\u00e8re, Rich a concentr\u00e9 la majeure partie de son \u00e9nergie entrepreneuriale sur l&#8217;apprentissage d&#8217;une compr\u00e9hension plus approfondie de la musique classique. Il s&#8217;est produit dans toute l&#8217;Am\u00e9rique du Nord et en Chine. Il a travaill\u00e9 comme directeur musical d&#8217;op\u00e9ra et de chorale, pianiste, organiste, coach vocal, arrangeur et compositeur.<br \/>\nMais des \u00e9v\u00e9nements plus r\u00e9cents &#8211; \u00e0 commencer par le fait de vivre \u00e0 Richmond, en Virginie, apr\u00e8s le rassemblement meurtrier de 2017 &#8220;Unite the Right&#8221; \u00e0 Charlottesville &#8211; l&#8217;ont forc\u00e9 \u00e0 se confronter \u00e0 sa position en tant que personne noire travaillant dans le domaine de la musique classique. Rich a commenc\u00e9 \u00e0 r\u00e9fl\u00e9chir \u00e0 ses propres exp\u00e9riences avec la supr\u00e9matie blanche de la musique classique et des institutions. Il se sentait de moins en moins \u00e0 l&#8217;aise de continuer \u00e0 s&#8217;engager avec ces institutions sans \u00e9galement faire quelque chose de tangible pour les changer.<br \/>\nSa solution a \u00e9t\u00e9 BIPOC Voices. \u00c0 l&#8217;intersection de son esprit d&#8217;entreprise, de son amour profond de la musique et de son d\u00e9sir ardent de promouvoir l&#8217;antiracisme, les objectifs de BIPOC Voices le dynamisent. BIPOC Voices est la plus grande ressource sur Internet pour aider les gens \u00e0 programmer l&#8217;op\u00e9ra et les chansons d&#8217;art instrumental des cr\u00e9ateurs BIPOC.<br \/>\nAujourd&#8217;hui, Rich concilie son travail \u00e0 la t\u00eate de BIPOC Voices avec l&#8217;enseignement de cours sur les affaires et l&#8217;entrepreneuriat pour les musiciens \u00e0 l&#8217;Universit\u00e9 McGill et sa carri\u00e8re de cr\u00e9ateur et d&#8217;interpr\u00e8te de musique.<\/p>\n","protected":false},"excerpt":{"rendered":"<p>du rapport sur le r\u00e9pertoire des orchestres canadiens de 2024 Date : 15 ao\u00fbt 2024 Heure : de 14 h \u00e0 15 h (heure de l&#8217;Est) Lieu : R\u00e9unions Zoom Co\u00fbt : Gratuit Session bilingue : La m\u00eame session sera pr\u00e9sent\u00e9e en anglais de 13h00 \u00e0 14h00 Accessibilit\u00e9 : Des sous-titres g\u00e9n\u00e9r\u00e9s par l&#8217;IA seront [&hellip;]<\/p>\n","protected":false},"author":10,"featured_media":0,"parent":0,"menu_order":0,"comment_status":"closed","ping_status":"closed","template":"","meta":{"_acf_changed":false,"_monsterinsights_skip_tracking":false,"_monsterinsights_sitenote_active":false,"_monsterinsights_sitenote_note":"","_monsterinsights_sitenote_category":0,"footnotes":""},"class_list":["post-13708","page","type-page","status-publish","hentry"],"acf":[],"yoast_head":"<!-- This site is optimized with the Yoast SEO plugin v25.4 - https:\/\/yoast.com\/wordpress\/plugins\/seo\/ -->\n<title>Mises \u00e0 jour - Orchestras Canada\/Orchestres Canada<\/title>\n<meta name=\"robots\" content=\"index, follow, max-snippet:-1, max-image-preview:large, max-video-preview:-1\" \/>\n<link rel=\"canonical\" href=\"https:\/\/oc.ca\/fr\/mises-a-jour-du-rapport-sur-le-repertoire-des-orchestres-canadiens-de-2024\/\" \/>\n<meta property=\"og:locale\" content=\"fr_FR\" \/>\n<meta property=\"og:type\" content=\"article\" \/>\n<meta property=\"og:title\" content=\"Mises \u00e0 jour - Orchestras Canada\/Orchestres Canada\" \/>\n<meta property=\"og:description\" content=\"du rapport sur le r\u00e9pertoire des orchestres canadiens de 2024 Date : 15 ao\u00fbt 2024 Heure : de 14 h \u00e0 15 h (heure de l&#8217;Est) Lieu : R\u00e9unions Zoom Co\u00fbt : Gratuit Session bilingue : La m\u00eame session sera pr\u00e9sent\u00e9e en anglais de 13h00 \u00e0 14h00 Accessibilit\u00e9 : Des sous-titres g\u00e9n\u00e9r\u00e9s par l&#8217;IA seront [&hellip;]\" \/>\n<meta property=\"og:url\" content=\"https:\/\/oc.ca\/fr\/mises-a-jour-du-rapport-sur-le-repertoire-des-orchestres-canadiens-de-2024\/\" \/>\n<meta property=\"og:site_name\" content=\"Orchestras Canada\/Orchestres Canada\" \/>\n<meta property=\"article:modified_time\" content=\"2024-08-12T19:07:11+00:00\" \/>\n<meta property=\"og:image\" content=\"https:\/\/oc.ca\/wp-content\/uploads\/2024\/07\/FR-Visual-Webinar-Canadian-orchestra-repertoire-report-2024--800x451.png\" \/>\n<meta name=\"twitter:card\" content=\"summary_large_image\" \/>\n<meta name=\"twitter:label1\" content=\"Dur\u00e9e de lecture estim\u00e9e\" \/>\n\t<meta name=\"twitter:data1\" content=\"3 minutes\" \/>\n<script type=\"application\/ld+json\" class=\"yoast-schema-graph\">{\"@context\":\"https:\/\/schema.org\",\"@graph\":[{\"@type\":\"WebPage\",\"@id\":\"https:\/\/oc.ca\/fr\/mises-a-jour-du-rapport-sur-le-repertoire-des-orchestres-canadiens-de-2024\/\",\"url\":\"https:\/\/oc.ca\/fr\/mises-a-jour-du-rapport-sur-le-repertoire-des-orchestres-canadiens-de-2024\/\",\"name\":\"Mises \u00e0 jour - Orchestras Canada\/Orchestres Canada\",\"isPartOf\":{\"@id\":\"https:\/\/oc.ca\/en\/#website\"},\"primaryImageOfPage\":{\"@id\":\"https:\/\/oc.ca\/fr\/mises-a-jour-du-rapport-sur-le-repertoire-des-orchestres-canadiens-de-2024\/#primaryimage\"},\"image\":{\"@id\":\"https:\/\/oc.ca\/fr\/mises-a-jour-du-rapport-sur-le-repertoire-des-orchestres-canadiens-de-2024\/#primaryimage\"},\"thumbnailUrl\":\"https:\/\/oc.ca\/wp-content\/uploads\/2024\/07\/FR-Visual-Webinar-Canadian-orchestra-repertoire-report-2024--800x451.png\",\"datePublished\":\"2024-07-10T17:51:25+00:00\",\"dateModified\":\"2024-08-12T19:07:11+00:00\",\"breadcrumb\":{\"@id\":\"https:\/\/oc.ca\/fr\/mises-a-jour-du-rapport-sur-le-repertoire-des-orchestres-canadiens-de-2024\/#breadcrumb\"},\"inLanguage\":\"fr-FR\",\"potentialAction\":[{\"@type\":\"ReadAction\",\"target\":[\"https:\/\/oc.ca\/fr\/mises-a-jour-du-rapport-sur-le-repertoire-des-orchestres-canadiens-de-2024\/\"]}]},{\"@type\":\"ImageObject\",\"inLanguage\":\"fr-FR\",\"@id\":\"https:\/\/oc.ca\/fr\/mises-a-jour-du-rapport-sur-le-repertoire-des-orchestres-canadiens-de-2024\/#primaryimage\",\"url\":\"https:\/\/oc.ca\/wp-content\/uploads\/2024\/07\/FR-Visual-Webinar-Canadian-orchestra-repertoire-report-2024--800x451.png\",\"contentUrl\":\"https:\/\/oc.ca\/wp-content\/uploads\/2024\/07\/FR-Visual-Webinar-Canadian-orchestra-repertoire-report-2024--800x451.png\"},{\"@type\":\"BreadcrumbList\",\"@id\":\"https:\/\/oc.ca\/fr\/mises-a-jour-du-rapport-sur-le-repertoire-des-orchestres-canadiens-de-2024\/#breadcrumb\",\"itemListElement\":[{\"@type\":\"ListItem\",\"position\":1,\"name\":\"Home\",\"item\":\"https:\/\/oc.ca\/fr\/\"},{\"@type\":\"ListItem\",\"position\":2,\"name\":\"Mises \u00e0 jour\"}]},{\"@type\":\"WebSite\",\"@id\":\"https:\/\/oc.ca\/en\/#website\",\"url\":\"https:\/\/oc.ca\/en\/\",\"name\":\"Orchestras Canada\/Orchestres Canada\",\"description\":\"\",\"publisher\":{\"@id\":\"https:\/\/oc.ca\/en\/#organization\"},\"potentialAction\":[{\"@type\":\"SearchAction\",\"target\":{\"@type\":\"EntryPoint\",\"urlTemplate\":\"https:\/\/oc.ca\/en\/?s={search_term_string}\"},\"query-input\":{\"@type\":\"PropertyValueSpecification\",\"valueRequired\":true,\"valueName\":\"search_term_string\"}}],\"inLanguage\":\"fr-FR\"},{\"@type\":\"Organization\",\"@id\":\"https:\/\/oc.ca\/en\/#organization\",\"name\":\"Orchestras Canada\/Orchestres Canada\",\"url\":\"https:\/\/oc.ca\/en\/\",\"logo\":{\"@type\":\"ImageObject\",\"inLanguage\":\"fr-FR\",\"@id\":\"https:\/\/oc.ca\/en\/#\/schema\/logo\/image\/\",\"url\":\"https:\/\/oc.ca\/wp-content\/uploads\/2019\/03\/cropped-OC-Logo-800x200-1.png\",\"contentUrl\":\"https:\/\/oc.ca\/wp-content\/uploads\/2019\/03\/cropped-OC-Logo-800x200-1.png\",\"width\":400,\"height\":100,\"caption\":\"Orchestras Canada\/Orchestres Canada\"},\"image\":{\"@id\":\"https:\/\/oc.ca\/en\/#\/schema\/logo\/image\/\"}}]}<\/script>\n<!-- \/ Yoast SEO plugin. -->","yoast_head_json":{"title":"Mises \u00e0 jour - Orchestras Canada\/Orchestres Canada","robots":{"index":"index","follow":"follow","max-snippet":"max-snippet:-1","max-image-preview":"max-image-preview:large","max-video-preview":"max-video-preview:-1"},"canonical":"https:\/\/oc.ca\/fr\/mises-a-jour-du-rapport-sur-le-repertoire-des-orchestres-canadiens-de-2024\/","og_locale":"fr_FR","og_type":"article","og_title":"Mises \u00e0 jour - Orchestras Canada\/Orchestres Canada","og_description":"du rapport sur le r\u00e9pertoire des orchestres canadiens de 2024 Date : 15 ao\u00fbt 2024 Heure : de 14 h \u00e0 15 h (heure de l&#8217;Est) Lieu : R\u00e9unions Zoom Co\u00fbt : Gratuit Session bilingue : La m\u00eame session sera pr\u00e9sent\u00e9e en anglais de 13h00 \u00e0 14h00 Accessibilit\u00e9 : Des sous-titres g\u00e9n\u00e9r\u00e9s par l&#8217;IA seront [&hellip;]","og_url":"https:\/\/oc.ca\/fr\/mises-a-jour-du-rapport-sur-le-repertoire-des-orchestres-canadiens-de-2024\/","og_site_name":"Orchestras Canada\/Orchestres Canada","article_modified_time":"2024-08-12T19:07:11+00:00","og_image":[{"url":"https:\/\/oc.ca\/wp-content\/uploads\/2024\/07\/FR-Visual-Webinar-Canadian-orchestra-repertoire-report-2024--800x451.png","type":"","width":"","height":""}],"twitter_card":"summary_large_image","twitter_misc":{"Dur\u00e9e de lecture estim\u00e9e":"3 minutes"},"schema":{"@context":"https:\/\/schema.org","@graph":[{"@type":"WebPage","@id":"https:\/\/oc.ca\/fr\/mises-a-jour-du-rapport-sur-le-repertoire-des-orchestres-canadiens-de-2024\/","url":"https:\/\/oc.ca\/fr\/mises-a-jour-du-rapport-sur-le-repertoire-des-orchestres-canadiens-de-2024\/","name":"Mises \u00e0 jour - Orchestras Canada\/Orchestres Canada","isPartOf":{"@id":"https:\/\/oc.ca\/en\/#website"},"primaryImageOfPage":{"@id":"https:\/\/oc.ca\/fr\/mises-a-jour-du-rapport-sur-le-repertoire-des-orchestres-canadiens-de-2024\/#primaryimage"},"image":{"@id":"https:\/\/oc.ca\/fr\/mises-a-jour-du-rapport-sur-le-repertoire-des-orchestres-canadiens-de-2024\/#primaryimage"},"thumbnailUrl":"https:\/\/oc.ca\/wp-content\/uploads\/2024\/07\/FR-Visual-Webinar-Canadian-orchestra-repertoire-report-2024--800x451.png","datePublished":"2024-07-10T17:51:25+00:00","dateModified":"2024-08-12T19:07:11+00:00","breadcrumb":{"@id":"https:\/\/oc.ca\/fr\/mises-a-jour-du-rapport-sur-le-repertoire-des-orchestres-canadiens-de-2024\/#breadcrumb"},"inLanguage":"fr-FR","potentialAction":[{"@type":"ReadAction","target":["https:\/\/oc.ca\/fr\/mises-a-jour-du-rapport-sur-le-repertoire-des-orchestres-canadiens-de-2024\/"]}]},{"@type":"ImageObject","inLanguage":"fr-FR","@id":"https:\/\/oc.ca\/fr\/mises-a-jour-du-rapport-sur-le-repertoire-des-orchestres-canadiens-de-2024\/#primaryimage","url":"https:\/\/oc.ca\/wp-content\/uploads\/2024\/07\/FR-Visual-Webinar-Canadian-orchestra-repertoire-report-2024--800x451.png","contentUrl":"https:\/\/oc.ca\/wp-content\/uploads\/2024\/07\/FR-Visual-Webinar-Canadian-orchestra-repertoire-report-2024--800x451.png"},{"@type":"BreadcrumbList","@id":"https:\/\/oc.ca\/fr\/mises-a-jour-du-rapport-sur-le-repertoire-des-orchestres-canadiens-de-2024\/#breadcrumb","itemListElement":[{"@type":"ListItem","position":1,"name":"Home","item":"https:\/\/oc.ca\/fr\/"},{"@type":"ListItem","position":2,"name":"Mises \u00e0 jour"}]},{"@type":"WebSite","@id":"https:\/\/oc.ca\/en\/#website","url":"https:\/\/oc.ca\/en\/","name":"Orchestras Canada\/Orchestres Canada","description":"","publisher":{"@id":"https:\/\/oc.ca\/en\/#organization"},"potentialAction":[{"@type":"SearchAction","target":{"@type":"EntryPoint","urlTemplate":"https:\/\/oc.ca\/en\/?s={search_term_string}"},"query-input":{"@type":"PropertyValueSpecification","valueRequired":true,"valueName":"search_term_string"}}],"inLanguage":"fr-FR"},{"@type":"Organization","@id":"https:\/\/oc.ca\/en\/#organization","name":"Orchestras Canada\/Orchestres Canada","url":"https:\/\/oc.ca\/en\/","logo":{"@type":"ImageObject","inLanguage":"fr-FR","@id":"https:\/\/oc.ca\/en\/#\/schema\/logo\/image\/","url":"https:\/\/oc.ca\/wp-content\/uploads\/2019\/03\/cropped-OC-Logo-800x200-1.png","contentUrl":"https:\/\/oc.ca\/wp-content\/uploads\/2019\/03\/cropped-OC-Logo-800x200-1.png","width":400,"height":100,"caption":"Orchestras Canada\/Orchestres Canada"},"image":{"@id":"https:\/\/oc.ca\/en\/#\/schema\/logo\/image\/"}}]}},"_links":{"self":[{"href":"https:\/\/oc.ca\/fr\/wp-json\/wp\/v2\/pages\/13708","targetHints":{"allow":["GET"]}}],"collection":[{"href":"https:\/\/oc.ca\/fr\/wp-json\/wp\/v2\/pages"}],"about":[{"href":"https:\/\/oc.ca\/fr\/wp-json\/wp\/v2\/types\/page"}],"author":[{"embeddable":true,"href":"https:\/\/oc.ca\/fr\/wp-json\/wp\/v2\/users\/10"}],"replies":[{"embeddable":true,"href":"https:\/\/oc.ca\/fr\/wp-json\/wp\/v2\/comments?post=13708"}],"version-history":[{"count":5,"href":"https:\/\/oc.ca\/fr\/wp-json\/wp\/v2\/pages\/13708\/revisions"}],"predecessor-version":[{"id":13788,"href":"https:\/\/oc.ca\/fr\/wp-json\/wp\/v2\/pages\/13708\/revisions\/13788"}],"wp:attachment":[{"href":"https:\/\/oc.ca\/fr\/wp-json\/wp\/v2\/media?parent=13708"}],"curies":[{"name":"wp","href":"https:\/\/api.w.org\/{rel}","templated":true}]}}