{"id":13602,"date":"2024-06-21T15:49:32","date_gmt":"2024-06-21T19:49:32","guid":{"rendered":"http:\/\/demosite2.asurtec.com\/?page_id=13602"},"modified":"2024-06-21T15:49:32","modified_gmt":"2024-06-21T19:49:32","slug":"le-rythme-de-lassiduite","status":"publish","type":"page","link":"https:\/\/oc.ca\/fr\/le-rythme-de-lassiduite\/","title":{"rendered":"Le rythme de l&#8217;assiduit\u00e9"},"content":{"rendered":"<p><strong>Date :<\/strong> 18 juillet 2024<br \/>\n<strong>Heure :<\/strong> de 14 h \u00e0 15 h (heure de l&#8217;Est)<br \/>\n<strong>Lieu :<\/strong> R\u00e9unions Zoom<br \/>\n<strong>Co\u00fbt :<\/strong> Gratuit<br \/>\n<strong>Session bilingue :<\/strong> Une interpr\u00e9tation simultan\u00e9e en fran\u00e7ais est disponible.<br \/>\n<strong>Accessibilit\u00e9 :<\/strong> Des sous-titres g\u00e9n\u00e9r\u00e9s par l&#8217;IA seront disponibles via Zoom.<br \/>\n<strong>\u00c0 qui s&#8217;adresse cette s\u00e9ance?<\/strong> Les dirigeant.e.s et le personnel des orchestres canadiens int\u00e9ress\u00e9s par les donn\u00e9es relatives au d\u00e9veloppement des publics et des revenus.<\/p>\n<p style=\"text-align: center;\"><a href=\"https:\/\/us02web.zoom.us\/meeting\/register\/tZIpde-sqTgsEtGXh7pnxyU-So7sMRu3CYEE\"><strong><button class=\"blue-button-medium\">S&#8217;inscrire!<\/button><\/strong><\/a><\/p>\n<p><img fetchpriority=\"high\" decoding=\"async\" class=\" wp-image-13603 aligncenter\" src=\"https:\/\/oc.ca\/wp-content\/uploads\/2024\/06\/FR-Visual-Webinar-TRG-Arts-Jul-24-800x451.png\" alt=\"\" width=\"532\" height=\"300\" srcset=\"https:\/\/oc.ca\/wp-content\/uploads\/2024\/06\/FR-Visual-Webinar-TRG-Arts-Jul-24-800x451.png 800w, https:\/\/oc.ca\/wp-content\/uploads\/2024\/06\/FR-Visual-Webinar-TRG-Arts-Jul-24-300x169.png 300w, https:\/\/oc.ca\/wp-content\/uploads\/2024\/06\/FR-Visual-Webinar-TRG-Arts-Jul-24-768x433.png 768w, https:\/\/oc.ca\/wp-content\/uploads\/2024\/06\/FR-Visual-Webinar-TRG-Arts-Jul-24-1536x865.png 1536w, https:\/\/oc.ca\/wp-content\/uploads\/2024\/06\/FR-Visual-Webinar-TRG-Arts-Jul-24.png 1640w\" sizes=\"(min-width: 960px) 75vw, 100vw\" \/><\/p>\n<p>Le rythme nous attire et les notes commencent \u00e0 s&#8217;envoler. <strong>Nous attirons plus de primo-acc\u00e9dants que jamais et notre public est de plus en plus jeune.<\/strong> Alors pourquoi nous sentons-nous en d\u00e9calage? Nos taux de fid\u00e9lisation n&#8217;ont jamais \u00e9t\u00e9 aussi bas.<\/p>\n<p>Comment pouvons-nous retrouver le rythme? En augmentant les revenus r\u00e9currents, \u00e0 chaque \u00e9tape du parcours client. Cette session red\u00e9finit le taux de d\u00e9sabonnement et va au-del\u00e0 de &#8220;l&#8217;offre de r\u00eave&#8221;.<\/p>\n<p>Nous discuterons des <strong>tendances des donn\u00e9es<\/strong> et partagerons des <strong>exemples de la fa\u00e7on dont les orchestres qui r\u00e9ussissent aujourd&#8217;hui con\u00e7oivent des invitations de clients<\/strong> qui utilisent la programmation, l&#8217;emballage et la segmentation pour augmenter les revenus r\u00e9currents des clients \u00e0 tous les stades de leur pr\u00e9sence.<\/p>\n<p style=\"text-align: center;\"><a href=\"https:\/\/us02web.zoom.us\/meeting\/register\/tZIpde-sqTgsEtGXh7pnxyU-So7sMRu3CYEE\"><strong><button class=\"blue-button-medium\">S&#8217;inscrire!<\/button><\/strong><\/a><\/p>\n<p>&nbsp;<\/p>\n<p><strong><span class=\"TextRun SCXW214632878 BCX0\" lang=\"EN-CA\" xml:lang=\"EN-CA\" data-contrast=\"auto\"><span class=\"NormalTextRun SCXW214632878 BCX0\">Pr\u00e9sentateur : Eric Nelson, vice-pr\u00e9sident des partenariats mondiaux chez TRG Arts<\/span><\/span><\/strong><\/p>\n<p><img decoding=\"async\" class=\" wp-image-12634 alignleft\" src=\"https:\/\/oc.ca\/wp-content\/uploads\/2023\/11\/Nelson-Headshot-2.png\" alt=\"\" width=\"150\" height=\"150\" srcset=\"https:\/\/oc.ca\/wp-content\/uploads\/2023\/11\/Nelson-Headshot-2.png 600w, https:\/\/oc.ca\/wp-content\/uploads\/2023\/11\/Nelson-Headshot-2-300x300.png 300w, https:\/\/oc.ca\/wp-content\/uploads\/2023\/11\/Nelson-Headshot-2-150x150.png 150w\" sizes=\"(min-width: 960px) 75vw, 100vw\" \/>Eric Nelson, vice-pr\u00e9sident des partenariats mondiaux chez TRG Arts, est fier de travailler en partenariat avec des organismes d&#8217;arts de la sc\u00e8ne et d&#8217;arts visuels de toutes formes et tailles afin d&#8217;accro\u00eetre la participation des spectateurs, les revenus et l&#8217;impact sur la communaut\u00e9. Avant de rejoindre TRG Arts, Eric \u00e9tait la directrice des communications du Kaufman Music Center de New York. Il a \u00e9galement \u00e9t\u00e9 vice-pr\u00e9sident des services \u00e0 la client\u00e8le, des nouvelles affaires et du marketing pour DCM, sp\u00e9cialis\u00e9 dans les strat\u00e9gies de marketing et de collecte de fonds pour les organismes \u00e0 but non lucratif. Eric a commenc\u00e9 sa carri\u00e8re dans les arts, en dirigeant les efforts de marketing pour la Paul Taylor Dance Company. Il a l&#8217;honneur de faire partie du comit\u00e9 directeur du groupe d&#8217;affinit\u00e9 LGBTQIA+ de la League of American Orchestras.<\/p>\n","protected":false},"excerpt":{"rendered":"<p>Date : 18 juillet 2024 Heure : de 14 h \u00e0 15 h (heure de l&#8217;Est) Lieu : R\u00e9unions Zoom Co\u00fbt : Gratuit Session bilingue : Une interpr\u00e9tation simultan\u00e9e en fran\u00e7ais est disponible. Accessibilit\u00e9 : Des sous-titres g\u00e9n\u00e9r\u00e9s par l&#8217;IA seront disponibles via Zoom. \u00c0 qui s&#8217;adresse cette s\u00e9ance? Les dirigeant.e.s et le personnel des [&hellip;]<\/p>\n","protected":false},"author":10,"featured_media":0,"parent":0,"menu_order":0,"comment_status":"closed","ping_status":"closed","template":"","meta":{"_acf_changed":false,"_monsterinsights_skip_tracking":false,"_monsterinsights_sitenote_active":false,"_monsterinsights_sitenote_note":"","_monsterinsights_sitenote_category":0,"footnotes":""},"class_list":["post-13602","page","type-page","status-publish","hentry"],"acf":[],"yoast_head":"<!-- This site is optimized with the Yoast SEO plugin v25.4 - https:\/\/yoast.com\/wordpress\/plugins\/seo\/ -->\n<title>Le rythme de l&#039;assiduit\u00e9 - Orchestras Canada\/Orchestres Canada<\/title>\n<meta name=\"robots\" content=\"index, follow, max-snippet:-1, max-image-preview:large, max-video-preview:-1\" \/>\n<link rel=\"canonical\" href=\"https:\/\/oc.ca\/fr\/le-rythme-de-lassiduite\/\" \/>\n<meta property=\"og:locale\" content=\"fr_FR\" \/>\n<meta property=\"og:type\" content=\"article\" \/>\n<meta property=\"og:title\" content=\"Le rythme de l&#039;assiduit\u00e9 - Orchestras Canada\/Orchestres Canada\" \/>\n<meta property=\"og:description\" content=\"Date : 18 juillet 2024 Heure : de 14 h \u00e0 15 h (heure de l&#8217;Est) Lieu : R\u00e9unions Zoom Co\u00fbt : Gratuit Session bilingue : Une interpr\u00e9tation simultan\u00e9e en fran\u00e7ais est disponible. Accessibilit\u00e9 : Des sous-titres g\u00e9n\u00e9r\u00e9s par l&#8217;IA seront disponibles via Zoom. \u00c0 qui s&#8217;adresse cette s\u00e9ance? Les dirigeant.e.s et le personnel des [&hellip;]\" \/>\n<meta property=\"og:url\" content=\"https:\/\/oc.ca\/fr\/le-rythme-de-lassiduite\/\" \/>\n<meta property=\"og:site_name\" content=\"Orchestras Canada\/Orchestres Canada\" \/>\n<meta property=\"og:image\" content=\"https:\/\/oc.ca\/wp-content\/uploads\/2024\/06\/FR-Visual-Webinar-TRG-Arts-Jul-24-800x451.png\" \/>\n<meta name=\"twitter:card\" content=\"summary_large_image\" \/>\n<meta name=\"twitter:label1\" content=\"Dur\u00e9e de lecture estim\u00e9e\" \/>\n\t<meta name=\"twitter:data1\" content=\"2 minutes\" \/>\n<script type=\"application\/ld+json\" class=\"yoast-schema-graph\">{\"@context\":\"https:\/\/schema.org\",\"@graph\":[{\"@type\":\"WebPage\",\"@id\":\"https:\/\/oc.ca\/fr\/le-rythme-de-lassiduite\/\",\"url\":\"https:\/\/oc.ca\/fr\/le-rythme-de-lassiduite\/\",\"name\":\"Le rythme de l'assiduit\u00e9 - Orchestras Canada\/Orchestres Canada\",\"isPartOf\":{\"@id\":\"https:\/\/oc.ca\/en\/#website\"},\"primaryImageOfPage\":{\"@id\":\"https:\/\/oc.ca\/fr\/le-rythme-de-lassiduite\/#primaryimage\"},\"image\":{\"@id\":\"https:\/\/oc.ca\/fr\/le-rythme-de-lassiduite\/#primaryimage\"},\"thumbnailUrl\":\"https:\/\/oc.ca\/wp-content\/uploads\/2024\/06\/FR-Visual-Webinar-TRG-Arts-Jul-24-800x451.png\",\"datePublished\":\"2024-06-21T19:49:32+00:00\",\"breadcrumb\":{\"@id\":\"https:\/\/oc.ca\/fr\/le-rythme-de-lassiduite\/#breadcrumb\"},\"inLanguage\":\"fr-FR\",\"potentialAction\":[{\"@type\":\"ReadAction\",\"target\":[\"https:\/\/oc.ca\/fr\/le-rythme-de-lassiduite\/\"]}]},{\"@type\":\"ImageObject\",\"inLanguage\":\"fr-FR\",\"@id\":\"https:\/\/oc.ca\/fr\/le-rythme-de-lassiduite\/#primaryimage\",\"url\":\"https:\/\/oc.ca\/wp-content\/uploads\/2024\/06\/FR-Visual-Webinar-TRG-Arts-Jul-24-800x451.png\",\"contentUrl\":\"https:\/\/oc.ca\/wp-content\/uploads\/2024\/06\/FR-Visual-Webinar-TRG-Arts-Jul-24-800x451.png\"},{\"@type\":\"BreadcrumbList\",\"@id\":\"https:\/\/oc.ca\/fr\/le-rythme-de-lassiduite\/#breadcrumb\",\"itemListElement\":[{\"@type\":\"ListItem\",\"position\":1,\"name\":\"Home\",\"item\":\"https:\/\/oc.ca\/fr\/\"},{\"@type\":\"ListItem\",\"position\":2,\"name\":\"Le rythme de l&#8217;assiduit\u00e9\"}]},{\"@type\":\"WebSite\",\"@id\":\"https:\/\/oc.ca\/en\/#website\",\"url\":\"https:\/\/oc.ca\/en\/\",\"name\":\"Orchestras Canada\/Orchestres Canada\",\"description\":\"\",\"publisher\":{\"@id\":\"https:\/\/oc.ca\/en\/#organization\"},\"potentialAction\":[{\"@type\":\"SearchAction\",\"target\":{\"@type\":\"EntryPoint\",\"urlTemplate\":\"https:\/\/oc.ca\/en\/?s={search_term_string}\"},\"query-input\":{\"@type\":\"PropertyValueSpecification\",\"valueRequired\":true,\"valueName\":\"search_term_string\"}}],\"inLanguage\":\"fr-FR\"},{\"@type\":\"Organization\",\"@id\":\"https:\/\/oc.ca\/en\/#organization\",\"name\":\"Orchestras Canada\/Orchestres Canada\",\"url\":\"https:\/\/oc.ca\/en\/\",\"logo\":{\"@type\":\"ImageObject\",\"inLanguage\":\"fr-FR\",\"@id\":\"https:\/\/oc.ca\/en\/#\/schema\/logo\/image\/\",\"url\":\"https:\/\/oc.ca\/wp-content\/uploads\/2019\/03\/cropped-OC-Logo-800x200-1.png\",\"contentUrl\":\"https:\/\/oc.ca\/wp-content\/uploads\/2019\/03\/cropped-OC-Logo-800x200-1.png\",\"width\":400,\"height\":100,\"caption\":\"Orchestras Canada\/Orchestres Canada\"},\"image\":{\"@id\":\"https:\/\/oc.ca\/en\/#\/schema\/logo\/image\/\"}}]}<\/script>\n<!-- \/ Yoast SEO plugin. -->","yoast_head_json":{"title":"Le rythme de l'assiduit\u00e9 - Orchestras Canada\/Orchestres Canada","robots":{"index":"index","follow":"follow","max-snippet":"max-snippet:-1","max-image-preview":"max-image-preview:large","max-video-preview":"max-video-preview:-1"},"canonical":"https:\/\/oc.ca\/fr\/le-rythme-de-lassiduite\/","og_locale":"fr_FR","og_type":"article","og_title":"Le rythme de l'assiduit\u00e9 - Orchestras Canada\/Orchestres Canada","og_description":"Date : 18 juillet 2024 Heure : de 14 h \u00e0 15 h (heure de l&#8217;Est) Lieu : R\u00e9unions Zoom Co\u00fbt : Gratuit Session bilingue : Une interpr\u00e9tation simultan\u00e9e en fran\u00e7ais est disponible. Accessibilit\u00e9 : Des sous-titres g\u00e9n\u00e9r\u00e9s par l&#8217;IA seront disponibles via Zoom. \u00c0 qui s&#8217;adresse cette s\u00e9ance? Les dirigeant.e.s et le personnel des [&hellip;]","og_url":"https:\/\/oc.ca\/fr\/le-rythme-de-lassiduite\/","og_site_name":"Orchestras Canada\/Orchestres Canada","og_image":[{"url":"https:\/\/oc.ca\/wp-content\/uploads\/2024\/06\/FR-Visual-Webinar-TRG-Arts-Jul-24-800x451.png","type":"","width":"","height":""}],"twitter_card":"summary_large_image","twitter_misc":{"Dur\u00e9e de lecture estim\u00e9e":"2 minutes"},"schema":{"@context":"https:\/\/schema.org","@graph":[{"@type":"WebPage","@id":"https:\/\/oc.ca\/fr\/le-rythme-de-lassiduite\/","url":"https:\/\/oc.ca\/fr\/le-rythme-de-lassiduite\/","name":"Le rythme de l'assiduit\u00e9 - Orchestras Canada\/Orchestres Canada","isPartOf":{"@id":"https:\/\/oc.ca\/en\/#website"},"primaryImageOfPage":{"@id":"https:\/\/oc.ca\/fr\/le-rythme-de-lassiduite\/#primaryimage"},"image":{"@id":"https:\/\/oc.ca\/fr\/le-rythme-de-lassiduite\/#primaryimage"},"thumbnailUrl":"https:\/\/oc.ca\/wp-content\/uploads\/2024\/06\/FR-Visual-Webinar-TRG-Arts-Jul-24-800x451.png","datePublished":"2024-06-21T19:49:32+00:00","breadcrumb":{"@id":"https:\/\/oc.ca\/fr\/le-rythme-de-lassiduite\/#breadcrumb"},"inLanguage":"fr-FR","potentialAction":[{"@type":"ReadAction","target":["https:\/\/oc.ca\/fr\/le-rythme-de-lassiduite\/"]}]},{"@type":"ImageObject","inLanguage":"fr-FR","@id":"https:\/\/oc.ca\/fr\/le-rythme-de-lassiduite\/#primaryimage","url":"https:\/\/oc.ca\/wp-content\/uploads\/2024\/06\/FR-Visual-Webinar-TRG-Arts-Jul-24-800x451.png","contentUrl":"https:\/\/oc.ca\/wp-content\/uploads\/2024\/06\/FR-Visual-Webinar-TRG-Arts-Jul-24-800x451.png"},{"@type":"BreadcrumbList","@id":"https:\/\/oc.ca\/fr\/le-rythme-de-lassiduite\/#breadcrumb","itemListElement":[{"@type":"ListItem","position":1,"name":"Home","item":"https:\/\/oc.ca\/fr\/"},{"@type":"ListItem","position":2,"name":"Le rythme de l&#8217;assiduit\u00e9"}]},{"@type":"WebSite","@id":"https:\/\/oc.ca\/en\/#website","url":"https:\/\/oc.ca\/en\/","name":"Orchestras Canada\/Orchestres Canada","description":"","publisher":{"@id":"https:\/\/oc.ca\/en\/#organization"},"potentialAction":[{"@type":"SearchAction","target":{"@type":"EntryPoint","urlTemplate":"https:\/\/oc.ca\/en\/?s={search_term_string}"},"query-input":{"@type":"PropertyValueSpecification","valueRequired":true,"valueName":"search_term_string"}}],"inLanguage":"fr-FR"},{"@type":"Organization","@id":"https:\/\/oc.ca\/en\/#organization","name":"Orchestras Canada\/Orchestres Canada","url":"https:\/\/oc.ca\/en\/","logo":{"@type":"ImageObject","inLanguage":"fr-FR","@id":"https:\/\/oc.ca\/en\/#\/schema\/logo\/image\/","url":"https:\/\/oc.ca\/wp-content\/uploads\/2019\/03\/cropped-OC-Logo-800x200-1.png","contentUrl":"https:\/\/oc.ca\/wp-content\/uploads\/2019\/03\/cropped-OC-Logo-800x200-1.png","width":400,"height":100,"caption":"Orchestras Canada\/Orchestres Canada"},"image":{"@id":"https:\/\/oc.ca\/en\/#\/schema\/logo\/image\/"}}]}},"_links":{"self":[{"href":"https:\/\/oc.ca\/fr\/wp-json\/wp\/v2\/pages\/13602","targetHints":{"allow":["GET"]}}],"collection":[{"href":"https:\/\/oc.ca\/fr\/wp-json\/wp\/v2\/pages"}],"about":[{"href":"https:\/\/oc.ca\/fr\/wp-json\/wp\/v2\/types\/page"}],"author":[{"embeddable":true,"href":"https:\/\/oc.ca\/fr\/wp-json\/wp\/v2\/users\/10"}],"replies":[{"embeddable":true,"href":"https:\/\/oc.ca\/fr\/wp-json\/wp\/v2\/comments?post=13602"}],"version-history":[{"count":1,"href":"https:\/\/oc.ca\/fr\/wp-json\/wp\/v2\/pages\/13602\/revisions"}],"predecessor-version":[{"id":13605,"href":"https:\/\/oc.ca\/fr\/wp-json\/wp\/v2\/pages\/13602\/revisions\/13605"}],"wp:attachment":[{"href":"https:\/\/oc.ca\/fr\/wp-json\/wp\/v2\/media?parent=13602"}],"curies":[{"name":"wp","href":"https:\/\/api.w.org\/{rel}","templated":true}]}}