{"id":13590,"date":"2024-06-21T13:20:28","date_gmt":"2024-06-21T17:20:28","guid":{"rendered":"http:\/\/demosite2.asurtec.com\/?page_id=13590"},"modified":"2024-07-11T12:18:20","modified_gmt":"2024-07-11T16:18:20","slug":"assemblee-publique-sur-la-defense-des-interets","status":"publish","type":"page","link":"https:\/\/oc.ca\/fr\/assemblee-publique-sur-la-defense-des-interets\/","title":{"rendered":"Assembl\u00e9e publique sur la d\u00e9fense des int\u00e9r\u00eats"},"content":{"rendered":"<p><strong>Date :<\/strong> 16 juillet 2024<br \/>\n<strong>Heure :<\/strong> de 13 h \u00e0 14 h 30 (heure de l&#8217;Est) &#8211; <span style=\"color: #ff0000;\">La date limite d&#8217;inscription est le 16 juillet \u00e0 midi<\/span><br \/>\n<strong>Lieu :<\/strong> R\u00e9unions Zoom<br \/>\n<strong>Co\u00fbt :<\/strong> Gratuit<br \/>\n<strong>Session bilingue :<\/strong> Une interpr\u00e9tation simultan\u00e9e en fran\u00e7ais est disponible.<br \/>\n<strong>Accessibilit\u00e9 :<\/strong> Des sous-titres en anglais g\u00e9n\u00e9r\u00e9s par l&#8217;IA seront disponibles via Zoom.<br \/>\n<strong>\u00c0 qui s&#8217;adresse cette s\u00e9ance?<\/strong> Les membres d&#8217;Orchestres Canada, en particulier ceux qui sont concern\u00e9s par les d\u00e9cisions f\u00e9d\u00e9rales en mati\u00e8re de politique et de financement.<\/p>\n<div class=\"gmail_default\" style=\"text-align: center;\"><a href=\"https:\/\/us02web.zoom.us\/meeting\/register\/tZUpfuGrqT8rGdUMlwX6yYRCyqZrCPGBVHzj\"><strong><button class=\"blue-button-medium\">S&#8217;inscrire!<\/button><\/strong><\/a><\/div>\n<p><img fetchpriority=\"high\" decoding=\"async\" class=\"wp-image-13587 aligncenter\" src=\"https:\/\/oc.ca\/wp-content\/uploads\/2024\/06\/OC-Advocacy-Townhall-2024-800x451.png\" alt=\"\" width=\"524\" height=\"295\" srcset=\"https:\/\/oc.ca\/wp-content\/uploads\/2024\/06\/OC-Advocacy-Townhall-2024-800x451.png 800w, https:\/\/oc.ca\/wp-content\/uploads\/2024\/06\/OC-Advocacy-Townhall-2024-300x169.png 300w, https:\/\/oc.ca\/wp-content\/uploads\/2024\/06\/OC-Advocacy-Townhall-2024-768x433.png 768w, https:\/\/oc.ca\/wp-content\/uploads\/2024\/06\/OC-Advocacy-Townhall-2024-1536x865.png 1536w, https:\/\/oc.ca\/wp-content\/uploads\/2024\/06\/OC-Advocacy-Townhall-2024.png 1640w\" sizes=\"(min-width: 960px) 75vw, 100vw\" \/><\/p>\n<p>Orchestres Canada organisera une <strong>assembl\u00e9e publique interactive<\/strong> en ligne pour :<\/p>\n<p>a. <strong>Fournir des mises \u00e0 jour<\/strong> sur les pr\u00e9occupations et les priorit\u00e9s du gouvernement f\u00e9d\u00e9ral en ce qui concerne les orchestres<\/p>\n<p>b. <strong>Obtenir vos commentaires<\/strong> sur les priorit\u00e9s en mati\u00e8re de financement et de politiques \u00e0 temps pour la pr\u00e9sentation d&#8217;OC au Comit\u00e9 permanent des finances du gouvernement f\u00e9d\u00e9ral dans le cadre du processus de consultation pr\u00e9budg\u00e9taire.<\/p>\n<p style=\"text-align: center;\"><a href=\"https:\/\/us02web.zoom.us\/meeting\/register\/tZUpfuGrqT8rGdUMlwX6yYRCyqZrCPGBVHzj\"><strong><button class=\"blue-button-medium\">S&#8217;inscrire!<\/button><\/strong><\/a><\/p>\n","protected":false},"excerpt":{"rendered":"<p>Date : 16 juillet 2024 Heure : de 13 h \u00e0 14 h 30 (heure de l&#8217;Est) &#8211; La date limite d&#8217;inscription est le 16 juillet \u00e0 midi Lieu : R\u00e9unions Zoom Co\u00fbt : Gratuit Session bilingue : Une interpr\u00e9tation simultan\u00e9e en fran\u00e7ais est disponible. Accessibilit\u00e9 : Des sous-titres en anglais g\u00e9n\u00e9r\u00e9s par l&#8217;IA seront [&hellip;]<\/p>\n","protected":false},"author":10,"featured_media":0,"parent":0,"menu_order":0,"comment_status":"closed","ping_status":"closed","template":"","meta":{"_acf_changed":false,"_monsterinsights_skip_tracking":false,"_monsterinsights_sitenote_active":false,"_monsterinsights_sitenote_note":"","_monsterinsights_sitenote_category":0,"footnotes":""},"class_list":["post-13590","page","type-page","status-publish","hentry"],"acf":[],"yoast_head":"<!-- This site is optimized with the Yoast SEO plugin v25.4 - https:\/\/yoast.com\/wordpress\/plugins\/seo\/ -->\n<title>Assembl\u00e9e publique sur la d\u00e9fense des int\u00e9r\u00eats - Orchestras Canada\/Orchestres Canada<\/title>\n<meta name=\"robots\" content=\"index, follow, max-snippet:-1, max-image-preview:large, max-video-preview:-1\" \/>\n<link rel=\"canonical\" href=\"https:\/\/oc.ca\/fr\/assemblee-publique-sur-la-defense-des-interets\/\" \/>\n<meta property=\"og:locale\" content=\"fr_FR\" \/>\n<meta property=\"og:type\" content=\"article\" \/>\n<meta property=\"og:title\" content=\"Assembl\u00e9e publique sur la d\u00e9fense des int\u00e9r\u00eats - Orchestras Canada\/Orchestres Canada\" \/>\n<meta property=\"og:description\" content=\"Date : 16 juillet 2024 Heure : de 13 h \u00e0 14 h 30 (heure de l&#8217;Est) &#8211; La date limite d&#8217;inscription est le 16 juillet \u00e0 midi Lieu : R\u00e9unions Zoom Co\u00fbt : Gratuit Session bilingue : Une interpr\u00e9tation simultan\u00e9e en fran\u00e7ais est disponible. Accessibilit\u00e9 : Des sous-titres en anglais g\u00e9n\u00e9r\u00e9s par l&#8217;IA seront [&hellip;]\" \/>\n<meta property=\"og:url\" content=\"https:\/\/oc.ca\/fr\/assemblee-publique-sur-la-defense-des-interets\/\" \/>\n<meta property=\"og:site_name\" content=\"Orchestras Canada\/Orchestres Canada\" \/>\n<meta property=\"article:modified_time\" content=\"2024-07-11T16:18:20+00:00\" \/>\n<meta property=\"og:image\" content=\"https:\/\/oc.ca\/wp-content\/uploads\/2024\/06\/OC-Advocacy-Townhall-2024-800x451.png\" \/>\n<meta name=\"twitter:card\" content=\"summary_large_image\" \/>\n<meta name=\"twitter:label1\" content=\"Dur\u00e9e de lecture estim\u00e9e\" \/>\n\t<meta name=\"twitter:data1\" content=\"1 minute\" \/>\n<script type=\"application\/ld+json\" class=\"yoast-schema-graph\">{\"@context\":\"https:\/\/schema.org\",\"@graph\":[{\"@type\":\"WebPage\",\"@id\":\"https:\/\/oc.ca\/fr\/assemblee-publique-sur-la-defense-des-interets\/\",\"url\":\"https:\/\/oc.ca\/fr\/assemblee-publique-sur-la-defense-des-interets\/\",\"name\":\"Assembl\u00e9e publique sur la d\u00e9fense des int\u00e9r\u00eats - Orchestras Canada\/Orchestres Canada\",\"isPartOf\":{\"@id\":\"https:\/\/oc.ca\/en\/#website\"},\"primaryImageOfPage\":{\"@id\":\"https:\/\/oc.ca\/fr\/assemblee-publique-sur-la-defense-des-interets\/#primaryimage\"},\"image\":{\"@id\":\"https:\/\/oc.ca\/fr\/assemblee-publique-sur-la-defense-des-interets\/#primaryimage\"},\"thumbnailUrl\":\"https:\/\/oc.ca\/wp-content\/uploads\/2024\/06\/OC-Advocacy-Townhall-2024-800x451.png\",\"datePublished\":\"2024-06-21T17:20:28+00:00\",\"dateModified\":\"2024-07-11T16:18:20+00:00\",\"breadcrumb\":{\"@id\":\"https:\/\/oc.ca\/fr\/assemblee-publique-sur-la-defense-des-interets\/#breadcrumb\"},\"inLanguage\":\"fr-FR\",\"potentialAction\":[{\"@type\":\"ReadAction\",\"target\":[\"https:\/\/oc.ca\/fr\/assemblee-publique-sur-la-defense-des-interets\/\"]}]},{\"@type\":\"ImageObject\",\"inLanguage\":\"fr-FR\",\"@id\":\"https:\/\/oc.ca\/fr\/assemblee-publique-sur-la-defense-des-interets\/#primaryimage\",\"url\":\"https:\/\/oc.ca\/wp-content\/uploads\/2024\/06\/OC-Advocacy-Townhall-2024-800x451.png\",\"contentUrl\":\"https:\/\/oc.ca\/wp-content\/uploads\/2024\/06\/OC-Advocacy-Townhall-2024-800x451.png\"},{\"@type\":\"BreadcrumbList\",\"@id\":\"https:\/\/oc.ca\/fr\/assemblee-publique-sur-la-defense-des-interets\/#breadcrumb\",\"itemListElement\":[{\"@type\":\"ListItem\",\"position\":1,\"name\":\"Home\",\"item\":\"https:\/\/oc.ca\/fr\/\"},{\"@type\":\"ListItem\",\"position\":2,\"name\":\"Assembl\u00e9e publique sur la d\u00e9fense des int\u00e9r\u00eats\"}]},{\"@type\":\"WebSite\",\"@id\":\"https:\/\/oc.ca\/en\/#website\",\"url\":\"https:\/\/oc.ca\/en\/\",\"name\":\"Orchestras Canada\/Orchestres Canada\",\"description\":\"\",\"publisher\":{\"@id\":\"https:\/\/oc.ca\/en\/#organization\"},\"potentialAction\":[{\"@type\":\"SearchAction\",\"target\":{\"@type\":\"EntryPoint\",\"urlTemplate\":\"https:\/\/oc.ca\/en\/?s={search_term_string}\"},\"query-input\":{\"@type\":\"PropertyValueSpecification\",\"valueRequired\":true,\"valueName\":\"search_term_string\"}}],\"inLanguage\":\"fr-FR\"},{\"@type\":\"Organization\",\"@id\":\"https:\/\/oc.ca\/en\/#organization\",\"name\":\"Orchestras Canada\/Orchestres Canada\",\"url\":\"https:\/\/oc.ca\/en\/\",\"logo\":{\"@type\":\"ImageObject\",\"inLanguage\":\"fr-FR\",\"@id\":\"https:\/\/oc.ca\/en\/#\/schema\/logo\/image\/\",\"url\":\"https:\/\/oc.ca\/wp-content\/uploads\/2019\/03\/cropped-OC-Logo-800x200-1.png\",\"contentUrl\":\"https:\/\/oc.ca\/wp-content\/uploads\/2019\/03\/cropped-OC-Logo-800x200-1.png\",\"width\":400,\"height\":100,\"caption\":\"Orchestras Canada\/Orchestres Canada\"},\"image\":{\"@id\":\"https:\/\/oc.ca\/en\/#\/schema\/logo\/image\/\"}}]}<\/script>\n<!-- \/ Yoast SEO plugin. -->","yoast_head_json":{"title":"Assembl\u00e9e publique sur la d\u00e9fense des int\u00e9r\u00eats - Orchestras Canada\/Orchestres Canada","robots":{"index":"index","follow":"follow","max-snippet":"max-snippet:-1","max-image-preview":"max-image-preview:large","max-video-preview":"max-video-preview:-1"},"canonical":"https:\/\/oc.ca\/fr\/assemblee-publique-sur-la-defense-des-interets\/","og_locale":"fr_FR","og_type":"article","og_title":"Assembl\u00e9e publique sur la d\u00e9fense des int\u00e9r\u00eats - Orchestras Canada\/Orchestres Canada","og_description":"Date : 16 juillet 2024 Heure : de 13 h \u00e0 14 h 30 (heure de l&#8217;Est) &#8211; La date limite d&#8217;inscription est le 16 juillet \u00e0 midi Lieu : R\u00e9unions Zoom Co\u00fbt : Gratuit Session bilingue : Une interpr\u00e9tation simultan\u00e9e en fran\u00e7ais est disponible. Accessibilit\u00e9 : Des sous-titres en anglais g\u00e9n\u00e9r\u00e9s par l&#8217;IA seront [&hellip;]","og_url":"https:\/\/oc.ca\/fr\/assemblee-publique-sur-la-defense-des-interets\/","og_site_name":"Orchestras Canada\/Orchestres Canada","article_modified_time":"2024-07-11T16:18:20+00:00","og_image":[{"url":"https:\/\/oc.ca\/wp-content\/uploads\/2024\/06\/OC-Advocacy-Townhall-2024-800x451.png","type":"","width":"","height":""}],"twitter_card":"summary_large_image","twitter_misc":{"Dur\u00e9e de lecture estim\u00e9e":"1 minute"},"schema":{"@context":"https:\/\/schema.org","@graph":[{"@type":"WebPage","@id":"https:\/\/oc.ca\/fr\/assemblee-publique-sur-la-defense-des-interets\/","url":"https:\/\/oc.ca\/fr\/assemblee-publique-sur-la-defense-des-interets\/","name":"Assembl\u00e9e publique sur la d\u00e9fense des int\u00e9r\u00eats - Orchestras Canada\/Orchestres Canada","isPartOf":{"@id":"https:\/\/oc.ca\/en\/#website"},"primaryImageOfPage":{"@id":"https:\/\/oc.ca\/fr\/assemblee-publique-sur-la-defense-des-interets\/#primaryimage"},"image":{"@id":"https:\/\/oc.ca\/fr\/assemblee-publique-sur-la-defense-des-interets\/#primaryimage"},"thumbnailUrl":"https:\/\/oc.ca\/wp-content\/uploads\/2024\/06\/OC-Advocacy-Townhall-2024-800x451.png","datePublished":"2024-06-21T17:20:28+00:00","dateModified":"2024-07-11T16:18:20+00:00","breadcrumb":{"@id":"https:\/\/oc.ca\/fr\/assemblee-publique-sur-la-defense-des-interets\/#breadcrumb"},"inLanguage":"fr-FR","potentialAction":[{"@type":"ReadAction","target":["https:\/\/oc.ca\/fr\/assemblee-publique-sur-la-defense-des-interets\/"]}]},{"@type":"ImageObject","inLanguage":"fr-FR","@id":"https:\/\/oc.ca\/fr\/assemblee-publique-sur-la-defense-des-interets\/#primaryimage","url":"https:\/\/oc.ca\/wp-content\/uploads\/2024\/06\/OC-Advocacy-Townhall-2024-800x451.png","contentUrl":"https:\/\/oc.ca\/wp-content\/uploads\/2024\/06\/OC-Advocacy-Townhall-2024-800x451.png"},{"@type":"BreadcrumbList","@id":"https:\/\/oc.ca\/fr\/assemblee-publique-sur-la-defense-des-interets\/#breadcrumb","itemListElement":[{"@type":"ListItem","position":1,"name":"Home","item":"https:\/\/oc.ca\/fr\/"},{"@type":"ListItem","position":2,"name":"Assembl\u00e9e publique sur la d\u00e9fense des int\u00e9r\u00eats"}]},{"@type":"WebSite","@id":"https:\/\/oc.ca\/en\/#website","url":"https:\/\/oc.ca\/en\/","name":"Orchestras Canada\/Orchestres Canada","description":"","publisher":{"@id":"https:\/\/oc.ca\/en\/#organization"},"potentialAction":[{"@type":"SearchAction","target":{"@type":"EntryPoint","urlTemplate":"https:\/\/oc.ca\/en\/?s={search_term_string}"},"query-input":{"@type":"PropertyValueSpecification","valueRequired":true,"valueName":"search_term_string"}}],"inLanguage":"fr-FR"},{"@type":"Organization","@id":"https:\/\/oc.ca\/en\/#organization","name":"Orchestras Canada\/Orchestres Canada","url":"https:\/\/oc.ca\/en\/","logo":{"@type":"ImageObject","inLanguage":"fr-FR","@id":"https:\/\/oc.ca\/en\/#\/schema\/logo\/image\/","url":"https:\/\/oc.ca\/wp-content\/uploads\/2019\/03\/cropped-OC-Logo-800x200-1.png","contentUrl":"https:\/\/oc.ca\/wp-content\/uploads\/2019\/03\/cropped-OC-Logo-800x200-1.png","width":400,"height":100,"caption":"Orchestras Canada\/Orchestres Canada"},"image":{"@id":"https:\/\/oc.ca\/en\/#\/schema\/logo\/image\/"}}]}},"_links":{"self":[{"href":"https:\/\/oc.ca\/fr\/wp-json\/wp\/v2\/pages\/13590","targetHints":{"allow":["GET"]}}],"collection":[{"href":"https:\/\/oc.ca\/fr\/wp-json\/wp\/v2\/pages"}],"about":[{"href":"https:\/\/oc.ca\/fr\/wp-json\/wp\/v2\/types\/page"}],"author":[{"embeddable":true,"href":"https:\/\/oc.ca\/fr\/wp-json\/wp\/v2\/users\/10"}],"replies":[{"embeddable":true,"href":"https:\/\/oc.ca\/fr\/wp-json\/wp\/v2\/comments?post=13590"}],"version-history":[{"count":2,"href":"https:\/\/oc.ca\/fr\/wp-json\/wp\/v2\/pages\/13590\/revisions"}],"predecessor-version":[{"id":13727,"href":"https:\/\/oc.ca\/fr\/wp-json\/wp\/v2\/pages\/13590\/revisions\/13727"}],"wp:attachment":[{"href":"https:\/\/oc.ca\/fr\/wp-json\/wp\/v2\/media?parent=13590"}],"curies":[{"name":"wp","href":"https:\/\/api.w.org\/{rel}","templated":true}]}}