{"id":13374,"date":"2024-03-20T18:00:13","date_gmt":"2024-03-20T22:00:13","guid":{"rendered":"http:\/\/demosite2.asurtec.com\/collaboration-pitch-sessions-v-2\/"},"modified":"2024-04-09T15:38:11","modified_gmt":"2024-04-09T19:38:11","slug":"collaboration-pitch-sessions-v-2","status":"publish","type":"page","link":"https:\/\/oc.ca\/fr\/collaboration-pitch-sessions-v-2\/","title":{"rendered":"S\u00e9ances de pr\u00e9sentation pour les collaborations V.2"},"content":{"rendered":"<p><strong>Date :<\/strong> 25 avril 2024<br \/>\n<strong>Heure :<\/strong> de 15 h \u00e0 16 h 30 (heure de l&#8217;Est)<br \/>\n<strong>Lieu :<\/strong> R\u00e9unions Zoom<br \/>\n<strong>Co\u00fbt :<\/strong> Gratuit<br \/>\n<strong>Session bilingue :<\/strong> Une interpr\u00e9tation simultan\u00e9e fran\u00e7ais-anglais est disponible lors de cet \u00e9v\u00e9nement.<br \/>\n<strong>Accessibilit\u00e9 :<\/strong> Les sous-titres cod\u00e9s g\u00e9n\u00e9r\u00e9s par Simultenuos AI seront disponibles via Zoom.<br \/>\n<strong>Enregistrement :<\/strong> Cette session sera enregistr\u00e9e.<\/p>\n<p style=\"text-align: center;\"><a href=\"https:\/\/us02web.zoom.us\/meeting\/register\/tZYtcumhrTIpGtLIoKI1Xb0lZE3GMQpQl-8N\"><strong><button class=\"blue-button-medium\">S&#8217;inscrire!<\/button><\/strong><\/a><\/p>\n<p>Les gens ont toujours de bonnes id\u00e9es, et trouver les bons collaborateurs n&#8217;est pas une mince affaire! La commande d&#8217;une nouvelle \u0153uvre, par exemple, peut mieux fonctionner si l&#8217;on partage le co\u00fbt financier avec les orchestres. Le concerto pour trompette de John Estacio est un excellent exemple o\u00f9 19 orchestres se sont r\u00e9unis et ont permis \u00e0 cette nouvelle musique de voir le jour \u00e0 grande \u00e9chelle.<\/p>\n<p style=\"text-align: center;\"><img fetchpriority=\"high\" decoding=\"async\" class=\"alignnone  wp-image-13458\" src=\"https:\/\/oc.ca\/wp-content\/uploads\/2024\/04\/2-800x451.png\" alt=\"\" width=\"548\" height=\"309\" srcset=\"https:\/\/oc.ca\/wp-content\/uploads\/2024\/04\/2-800x451.png 800w, https:\/\/oc.ca\/wp-content\/uploads\/2024\/04\/2-300x169.png 300w, https:\/\/oc.ca\/wp-content\/uploads\/2024\/04\/2-768x433.png 768w, https:\/\/oc.ca\/wp-content\/uploads\/2024\/04\/2-1536x865.png 1536w, https:\/\/oc.ca\/wp-content\/uploads\/2024\/04\/2.png 1640w\" sizes=\"(min-width: 960px) 75vw, 100vw\" \/><\/p>\n<p>Venez \u00e9couter les id\u00e9es brillantes de vos coll\u00e8gues de tout le pays et posez des questions pour voir si une ou plusieurs id\u00e9es pourraient convenir \u00e0 votre orchestre. Vous \u00eates tous.tes les bienvenus!<\/p>\n<p>Pr\u00e9sentations :<\/p>\n<ul>\n<li>Le Oakville Symphony souhaite commander une pi\u00e8ce sur la vie d&#8217;Amice Calverley, un compositeur qui a v\u00e9cu \u00e0 Oakville et qui a eu une vie fabuleuse et passionnante.<\/li>\n<li>La Lethbridge Symphony Association sollicite des partenaires orchestraux int\u00e9ress\u00e9s\/de l&#8217;Ontario pour soutenir une demande de subvention visant \u00e0 faire arranger pour un orchestre complet une \u0153uvre pour piano du d\u00e9but des ann\u00e9es 1900 dans le style ragtime, compos\u00e9e par un compositeur de l&#8217;Ontario.<\/li>\n<li>Le Cathedral Bluffs Symphony Orchestra est \u00e0 la recherche de collaborateurs pour cr\u00e9er une suite d&#8217;\u0153uvres orchestrales inspir\u00e9es de divers parcs nationaux et provinciaux du Canada.<\/li>\n<li>Le Fredericton Symphony Orchestra est int\u00e9ress\u00e9 par une commande en collaboration d&#8217;une nouvelle \u0153uvre d&#8217;un compositeur canadien pour une \u0153uvre familiale convenant \u00e0 un concert de No\u00ebl ou \u00e0 tout autre concert.<\/li>\n<li>Le Saskatoon Symphony Orchestra est \u00e0 la recherche de lettres de soutien, d&#8217;engagements de programmation et de possibilit\u00e9s de commande pour un nouveau concerto pour violon.<\/li>\n<li>L&#8217;Orchestre Philharmonique de la Rel\u00e8ve du Qu\u00e9bec recherche des partenaires pour cr\u00e9er un r\u00e9seau de soutien \u00e0 la prochaine g\u00e9n\u00e9ration de musicien.ne.s professionnel.le.s.<\/li>\n<li>L&#8217;Orchestre symphonique de Laval souhaite soumettre une proposition de subvention d\u00e9finissant un nouveau mode de collaboration entre les orchestres r\u00e9gionaux canadiens. Le projet porterait sur la gestion des ressources artistiques et la commercialisation du r\u00e9pertoire canadien par le biais d&#8217;une \u0153uvre command\u00e9e.<\/li>\n<\/ul>\n<p>Si vous avez des questions ou une id\u00e9e que vous aimeriez pr\u00e9senter, n&#8217;h\u00e9sitez pas \u00e0 nous contacter \u00e0 l&#8217;adresse david@oc.ca.<\/p>\n<p><strong>\u00c0 qui s&#8217;adresse ce programme?<\/strong> Les directeurs.trices ex\u00e9cutifs et artistiques, les professionnel.le.s de la programmation et les autres professionnel.le.s des orchestres qui souhaitent collaborer avec d&#8217;autres orchestres en mati\u00e8re de programmation, de commande de nouvelles \u0153uvres et autres.<\/p>\n<p style=\"text-align: center;\"><a href=\"https:\/\/us02web.zoom.us\/meeting\/register\/tZYtcumhrTIpGtLIoKI1Xb0lZE3GMQpQl-8N\"><strong><button class=\"blue-button-medium\">S&#8217;inscrire!<\/button><\/strong><\/a><\/p>\n","protected":false},"excerpt":{"rendered":"<p>Date : 25 avril 2024 Heure : de 15 h \u00e0 16 h 30 (heure de l&#8217;Est) Lieu : R\u00e9unions Zoom Co\u00fbt : Gratuit Session bilingue : Une interpr\u00e9tation simultan\u00e9e fran\u00e7ais-anglais est disponible lors de cet \u00e9v\u00e9nement. Accessibilit\u00e9 : Les sous-titres cod\u00e9s g\u00e9n\u00e9r\u00e9s par Simultenuos AI seront disponibles via Zoom. Enregistrement : Cette session sera [&hellip;]<\/p>\n","protected":false},"author":10,"featured_media":0,"parent":0,"menu_order":0,"comment_status":"closed","ping_status":"closed","template":"","meta":{"_acf_changed":false,"_monsterinsights_skip_tracking":false,"_monsterinsights_sitenote_active":false,"_monsterinsights_sitenote_note":"","_monsterinsights_sitenote_category":0,"footnotes":""},"class_list":["post-13374","page","type-page","status-publish","hentry"],"acf":[],"yoast_head":"<!-- This site is optimized with the Yoast SEO plugin v25.4 - https:\/\/yoast.com\/wordpress\/plugins\/seo\/ -->\n<title>S\u00e9ances de pr\u00e9sentation pour les collaborations V.2 - Orchestras Canada\/Orchestres Canada<\/title>\n<meta name=\"robots\" content=\"index, follow, max-snippet:-1, max-image-preview:large, max-video-preview:-1\" \/>\n<link rel=\"canonical\" href=\"https:\/\/oc.ca\/en\/collaboration-pitch-sessions-v-2\/\" \/>\n<meta property=\"og:locale\" content=\"fr_FR\" \/>\n<meta property=\"og:type\" content=\"article\" \/>\n<meta property=\"og:title\" content=\"S\u00e9ances de pr\u00e9sentation pour les collaborations V.2 - Orchestras Canada\/Orchestres Canada\" \/>\n<meta property=\"og:description\" content=\"Date : 25 avril 2024 Heure : de 15 h \u00e0 16 h 30 (heure de l&#8217;Est) Lieu : R\u00e9unions Zoom Co\u00fbt : Gratuit Session bilingue : Une interpr\u00e9tation simultan\u00e9e fran\u00e7ais-anglais est disponible lors de cet \u00e9v\u00e9nement. Accessibilit\u00e9 : Les sous-titres cod\u00e9s g\u00e9n\u00e9r\u00e9s par Simultenuos AI seront disponibles via Zoom. Enregistrement : Cette session sera [&hellip;]\" \/>\n<meta property=\"og:url\" content=\"https:\/\/oc.ca\/en\/collaboration-pitch-sessions-v-2\/\" \/>\n<meta property=\"og:site_name\" content=\"Orchestras Canada\/Orchestres Canada\" \/>\n<meta property=\"article:modified_time\" content=\"2024-04-09T19:38:11+00:00\" \/>\n<meta property=\"og:image\" content=\"https:\/\/oc.ca\/wp-content\/uploads\/2024\/04\/2-800x451.png\" \/>\n<meta name=\"twitter:card\" content=\"summary_large_image\" \/>\n<meta name=\"twitter:label1\" content=\"Dur\u00e9e de lecture estim\u00e9e\" \/>\n\t<meta name=\"twitter:data1\" content=\"3 minutes\" \/>\n<script type=\"application\/ld+json\" class=\"yoast-schema-graph\">{\"@context\":\"https:\/\/schema.org\",\"@graph\":[{\"@type\":\"WebPage\",\"@id\":\"https:\/\/oc.ca\/en\/collaboration-pitch-sessions-v-2\/\",\"url\":\"https:\/\/oc.ca\/en\/collaboration-pitch-sessions-v-2\/\",\"name\":\"S\u00e9ances de pr\u00e9sentation pour les collaborations V.2 - Orchestras Canada\/Orchestres Canada\",\"isPartOf\":{\"@id\":\"https:\/\/oc.ca\/en\/#website\"},\"primaryImageOfPage\":{\"@id\":\"https:\/\/oc.ca\/en\/collaboration-pitch-sessions-v-2\/#primaryimage\"},\"image\":{\"@id\":\"https:\/\/oc.ca\/en\/collaboration-pitch-sessions-v-2\/#primaryimage\"},\"thumbnailUrl\":\"https:\/\/oc.ca\/wp-content\/uploads\/2024\/04\/2-800x451.png\",\"datePublished\":\"2024-03-20T22:00:13+00:00\",\"dateModified\":\"2024-04-09T19:38:11+00:00\",\"breadcrumb\":{\"@id\":\"https:\/\/oc.ca\/en\/collaboration-pitch-sessions-v-2\/#breadcrumb\"},\"inLanguage\":\"fr-FR\",\"potentialAction\":[{\"@type\":\"ReadAction\",\"target\":[\"https:\/\/oc.ca\/en\/collaboration-pitch-sessions-v-2\/\"]}]},{\"@type\":\"ImageObject\",\"inLanguage\":\"fr-FR\",\"@id\":\"https:\/\/oc.ca\/en\/collaboration-pitch-sessions-v-2\/#primaryimage\",\"url\":\"https:\/\/oc.ca\/wp-content\/uploads\/2024\/04\/2-800x451.png\",\"contentUrl\":\"https:\/\/oc.ca\/wp-content\/uploads\/2024\/04\/2-800x451.png\"},{\"@type\":\"BreadcrumbList\",\"@id\":\"https:\/\/oc.ca\/en\/collaboration-pitch-sessions-v-2\/#breadcrumb\",\"itemListElement\":[{\"@type\":\"ListItem\",\"position\":1,\"name\":\"Home\",\"item\":\"https:\/\/oc.ca\/fr\/\"},{\"@type\":\"ListItem\",\"position\":2,\"name\":\"S\u00e9ances de pr\u00e9sentation pour les collaborations V.2\"}]},{\"@type\":\"WebSite\",\"@id\":\"https:\/\/oc.ca\/en\/#website\",\"url\":\"https:\/\/oc.ca\/en\/\",\"name\":\"Orchestras Canada\/Orchestres Canada\",\"description\":\"\",\"publisher\":{\"@id\":\"https:\/\/oc.ca\/en\/#organization\"},\"potentialAction\":[{\"@type\":\"SearchAction\",\"target\":{\"@type\":\"EntryPoint\",\"urlTemplate\":\"https:\/\/oc.ca\/en\/?s={search_term_string}\"},\"query-input\":{\"@type\":\"PropertyValueSpecification\",\"valueRequired\":true,\"valueName\":\"search_term_string\"}}],\"inLanguage\":\"fr-FR\"},{\"@type\":\"Organization\",\"@id\":\"https:\/\/oc.ca\/en\/#organization\",\"name\":\"Orchestras Canada\/Orchestres Canada\",\"url\":\"https:\/\/oc.ca\/en\/\",\"logo\":{\"@type\":\"ImageObject\",\"inLanguage\":\"fr-FR\",\"@id\":\"https:\/\/oc.ca\/en\/#\/schema\/logo\/image\/\",\"url\":\"https:\/\/oc.ca\/wp-content\/uploads\/2019\/03\/cropped-OC-Logo-800x200-1.png\",\"contentUrl\":\"https:\/\/oc.ca\/wp-content\/uploads\/2019\/03\/cropped-OC-Logo-800x200-1.png\",\"width\":400,\"height\":100,\"caption\":\"Orchestras Canada\/Orchestres Canada\"},\"image\":{\"@id\":\"https:\/\/oc.ca\/en\/#\/schema\/logo\/image\/\"}}]}<\/script>\n<!-- \/ Yoast SEO plugin. -->","yoast_head_json":{"title":"S\u00e9ances de pr\u00e9sentation pour les collaborations V.2 - Orchestras Canada\/Orchestres Canada","robots":{"index":"index","follow":"follow","max-snippet":"max-snippet:-1","max-image-preview":"max-image-preview:large","max-video-preview":"max-video-preview:-1"},"canonical":"https:\/\/oc.ca\/en\/collaboration-pitch-sessions-v-2\/","og_locale":"fr_FR","og_type":"article","og_title":"S\u00e9ances de pr\u00e9sentation pour les collaborations V.2 - Orchestras Canada\/Orchestres Canada","og_description":"Date : 25 avril 2024 Heure : de 15 h \u00e0 16 h 30 (heure de l&#8217;Est) Lieu : R\u00e9unions Zoom Co\u00fbt : Gratuit Session bilingue : Une interpr\u00e9tation simultan\u00e9e fran\u00e7ais-anglais est disponible lors de cet \u00e9v\u00e9nement. Accessibilit\u00e9 : Les sous-titres cod\u00e9s g\u00e9n\u00e9r\u00e9s par Simultenuos AI seront disponibles via Zoom. Enregistrement : Cette session sera [&hellip;]","og_url":"https:\/\/oc.ca\/en\/collaboration-pitch-sessions-v-2\/","og_site_name":"Orchestras Canada\/Orchestres Canada","article_modified_time":"2024-04-09T19:38:11+00:00","og_image":[{"url":"https:\/\/oc.ca\/wp-content\/uploads\/2024\/04\/2-800x451.png","type":"","width":"","height":""}],"twitter_card":"summary_large_image","twitter_misc":{"Dur\u00e9e de lecture estim\u00e9e":"3 minutes"},"schema":{"@context":"https:\/\/schema.org","@graph":[{"@type":"WebPage","@id":"https:\/\/oc.ca\/en\/collaboration-pitch-sessions-v-2\/","url":"https:\/\/oc.ca\/en\/collaboration-pitch-sessions-v-2\/","name":"S\u00e9ances de pr\u00e9sentation pour les collaborations V.2 - Orchestras Canada\/Orchestres Canada","isPartOf":{"@id":"https:\/\/oc.ca\/en\/#website"},"primaryImageOfPage":{"@id":"https:\/\/oc.ca\/en\/collaboration-pitch-sessions-v-2\/#primaryimage"},"image":{"@id":"https:\/\/oc.ca\/en\/collaboration-pitch-sessions-v-2\/#primaryimage"},"thumbnailUrl":"https:\/\/oc.ca\/wp-content\/uploads\/2024\/04\/2-800x451.png","datePublished":"2024-03-20T22:00:13+00:00","dateModified":"2024-04-09T19:38:11+00:00","breadcrumb":{"@id":"https:\/\/oc.ca\/en\/collaboration-pitch-sessions-v-2\/#breadcrumb"},"inLanguage":"fr-FR","potentialAction":[{"@type":"ReadAction","target":["https:\/\/oc.ca\/en\/collaboration-pitch-sessions-v-2\/"]}]},{"@type":"ImageObject","inLanguage":"fr-FR","@id":"https:\/\/oc.ca\/en\/collaboration-pitch-sessions-v-2\/#primaryimage","url":"https:\/\/oc.ca\/wp-content\/uploads\/2024\/04\/2-800x451.png","contentUrl":"https:\/\/oc.ca\/wp-content\/uploads\/2024\/04\/2-800x451.png"},{"@type":"BreadcrumbList","@id":"https:\/\/oc.ca\/en\/collaboration-pitch-sessions-v-2\/#breadcrumb","itemListElement":[{"@type":"ListItem","position":1,"name":"Home","item":"https:\/\/oc.ca\/fr\/"},{"@type":"ListItem","position":2,"name":"S\u00e9ances de pr\u00e9sentation pour les collaborations V.2"}]},{"@type":"WebSite","@id":"https:\/\/oc.ca\/en\/#website","url":"https:\/\/oc.ca\/en\/","name":"Orchestras Canada\/Orchestres Canada","description":"","publisher":{"@id":"https:\/\/oc.ca\/en\/#organization"},"potentialAction":[{"@type":"SearchAction","target":{"@type":"EntryPoint","urlTemplate":"https:\/\/oc.ca\/en\/?s={search_term_string}"},"query-input":{"@type":"PropertyValueSpecification","valueRequired":true,"valueName":"search_term_string"}}],"inLanguage":"fr-FR"},{"@type":"Organization","@id":"https:\/\/oc.ca\/en\/#organization","name":"Orchestras Canada\/Orchestres Canada","url":"https:\/\/oc.ca\/en\/","logo":{"@type":"ImageObject","inLanguage":"fr-FR","@id":"https:\/\/oc.ca\/en\/#\/schema\/logo\/image\/","url":"https:\/\/oc.ca\/wp-content\/uploads\/2019\/03\/cropped-OC-Logo-800x200-1.png","contentUrl":"https:\/\/oc.ca\/wp-content\/uploads\/2019\/03\/cropped-OC-Logo-800x200-1.png","width":400,"height":100,"caption":"Orchestras Canada\/Orchestres Canada"},"image":{"@id":"https:\/\/oc.ca\/en\/#\/schema\/logo\/image\/"}}]}},"_links":{"self":[{"href":"https:\/\/oc.ca\/fr\/wp-json\/wp\/v2\/pages\/13374","targetHints":{"allow":["GET"]}}],"collection":[{"href":"https:\/\/oc.ca\/fr\/wp-json\/wp\/v2\/pages"}],"about":[{"href":"https:\/\/oc.ca\/fr\/wp-json\/wp\/v2\/types\/page"}],"author":[{"embeddable":true,"href":"https:\/\/oc.ca\/fr\/wp-json\/wp\/v2\/users\/10"}],"replies":[{"embeddable":true,"href":"https:\/\/oc.ca\/fr\/wp-json\/wp\/v2\/comments?post=13374"}],"version-history":[{"count":5,"href":"https:\/\/oc.ca\/fr\/wp-json\/wp\/v2\/pages\/13374\/revisions"}],"predecessor-version":[{"id":13464,"href":"https:\/\/oc.ca\/fr\/wp-json\/wp\/v2\/pages\/13374\/revisions\/13464"}],"wp:attachment":[{"href":"https:\/\/oc.ca\/fr\/wp-json\/wp\/v2\/media?parent=13374"}],"curies":[{"name":"wp","href":"https:\/\/api.w.org\/{rel}","templated":true}]}}