{"id":13214,"date":"2024-02-26T18:17:15","date_gmt":"2024-02-26T23:17:15","guid":{"rendered":"http:\/\/demosite2.asurtec.com\/?page_id=13214"},"modified":"2024-03-15T08:50:43","modified_gmt":"2024-03-15T12:50:43","slug":"partageons-linspiration","status":"publish","type":"page","link":"https:\/\/oc.ca\/fr\/partageons-linspiration\/","title":{"rendered":"Partageons l&#8217;inspiration"},"content":{"rendered":"<h2 style=\"text-align: center;\">D\u00e9l\u00e9gation d&#8217;orchestres canadiens \u00e0 Classical:NEXT 2024<\/h2>\n<p>Orchestres Canada (OC) a pr\u00e9sent\u00e9 une demande de financement pour envoyer une d\u00e9l\u00e9gation d&#8217;orchestres canadiens \u00e0 Classical:NEXT 2024 (<a href=\"https:\/\/www.classicalnext.com\/\">https:\/\/www.classicalnext.com\/<\/a>).<\/p>\n<p>Classical:NEXT est un carrefour mondial de r\u00e9seautage et d&#8217;\u00e9change consacr\u00e9 \u00e0 la musique classique et \u00e0 la musique d&#8217;art. Il s&#8217;adresse aux professionnels &#8211; artistes, managers, diffuseurs, orchestres, labels, \u00e9ducateurs, presse, m\u00e9dias, \u00e9diteurs, etc. L&#8217;\u00e9v\u00e9nement comprend un congr\u00e8s, des pr\u00e9sentations de projets, des concerts de d\u00e9monstration, une exposition, un prix de l&#8217;innovation et des possibilit\u00e9s de r\u00e9seautage. L&#8217;\u00e9dition de cette ann\u00e9e aura lieu du 13 au 17 mai \u00e0 Berlin, en Allemagne.<\/p>\n<p>Nous lan\u00e7ons un appel \u00e0 candidatures pour faire partie de la d\u00e9l\u00e9gation canadienne. La date limite de d\u00e9p\u00f4t des candidatures est fix\u00e9e au<strong> 15 mars 2024<\/strong>. Nous pr\u00e9voyons d&#8217;informer tous les candidats de leur statut au d\u00e9but du mois d&#8217;avril.<\/p>\n<p>Il s&#8217;agit d&#8217;un processus concurrentiel et le soutien n&#8217;est pas garanti : <span style=\"text-decoration: underline;\">si OC re\u00e7oit le financement que nous avons demand\u00e9,<\/span> nous pourrons subventionner neuf participant.e.s pour qu&#8217;ils assistent \u00e0 Classical:Next, accompagn\u00e9s d&#8217;un membre du personnel d&#8217;OC.<\/p>\n<p><strong>La bourse couvrira<\/strong><\/p>\n<ul>\n<li>Le billet d&#8217;avion aller-retour (plafonn\u00e9 \u00e0 1500 $ CAD par d\u00e9l\u00e9gu\u00e9)<\/li>\n<li>H\u00f4tel\/per diem (plafonn\u00e9 \u00e0 150 $ CAD par personne\/par jour pendant 7 jours)<\/li>\n<li>Les frais d&#8217;inscription \u00e0 l&#8217;\u00e9v\u00e9nement Classical:NEXT<\/li>\n<\/ul>\n<p>Les d\u00e9l\u00e9gu\u00e9s devront prendre en charge tous les frais suppl\u00e9mentaires.<\/p>\n<p><strong>Crit\u00e8res d&#8217;admission*<\/strong><\/p>\n<ul>\n<li>Ce programme est ouvert \u00e0 tous les professionnels int\u00e9ress\u00e9s des orchestres membres d&#8217;Orchestres Canada : musiciens, personnel administratif, directeurs artistiques, chefs d&#8217;orchestre, etc.<\/li>\n<li>La priorit\u00e9 sera accord\u00e9e aux candidats en d\u00e9but ou en milieu de carri\u00e8re (moins de 10 ans d&#8217;activit\u00e9s professionnelles, mais pas n\u00e9cessairement en ann\u00e9es cons\u00e9cutives), ou \u00e0 ceux qui occupent des postes interm\u00e9diaires au sein d&#8217;un organisme.<\/li>\n<li>La priorit\u00e9 sera accord\u00e9e aux personnes issues de communaut\u00e9s qui recherchent l&#8217;\u00e9quit\u00e9 et qui la m\u00e9ritent.<\/li>\n<li>La priorit\u00e9 sera accord\u00e9e \u00e0 ceux qui participent \u00e0 Classical:Next pour la premi\u00e8re fois.<\/li>\n<li>La diversit\u00e9 de la repr\u00e9sentation des orchestres canadiens sera prise en compte : repr\u00e9sentation g\u00e9ographique, repr\u00e9sentation des langues officielles, et r\u00f4les, avec un accent sur les orchestres \u00e0 petit et moyen budget.<\/li>\n<\/ul>\n<p><strong>*Ces crit\u00e8res sont des lignes directrices pour le comit\u00e9 d&#8217;\u00e9valuation et non des conditions d&#8217;\u00e9ligibilit\u00e9 strictes. Si cette opportunit\u00e9 vous int\u00e9resse, quels que soient votre \u00e2ge, votre groupe ethnique, votre stade de carri\u00e8re et le budget de votre orchestre, n&#8217;h\u00e9sitez pas \u00e0 poser votre candidature!<\/strong><\/p>\n<p><strong>Proc\u00e9dure de candidature<\/strong><\/p>\n<p>1- Veuillez remplir le formulaire suivant avant le <strong>15 mars 2024<\/strong>.<\/p>\n<p>2- Apr\u00e8s avoir rempli le formulaire, veuillez envoyer par courriel les trois documents suivants \u00e0 <strong>boran@oc.ca<\/strong> avant le<strong> 15 mars 2024<\/strong> :<\/p>\n<ul>\n<li>CV<\/li>\n<li>Lettre de motivation (expliquant vos motivations et vos objectifs par rapport \u00e0 ce projet, ainsi que les avantages et les r\u00e9sultats que vous attendez de cette exp\u00e9rience).<\/li>\n<li>Budget (<a href=\"https:\/\/oc.ca\/wp-content\/uploads\/2024\/02\/Budget-Sample_Canadian-Orchestras-Delegation-at-ClassicalNEXT-2024.xlsx\">en utilisant ce mod\u00e8le<\/a>)<\/li>\n<\/ul>\n<p><iframe style=\"border: none; max-width: 100%; max-height: 100vh;\" src=\"https:\/\/forms.office.com\/Pages\/ResponsePage.aspx?id=YxCsk6EqD0OcBbbVfaU3zY5e_F-l6P1AjOwbvBMRuW5UNk5BS1o2TTZEQ0daVUM3QjJFRlIxT0NBTy4u&amp;embed=true\" width=\"640px\" height=\"840px\" frameborder=\"0\" marginwidth=\"0\" marginheight=\"0\" allowfullscreen=\"allowfullscreen\"><span data-mce-type=\"bookmark\" style=\"display: inline-block; width: 0px; overflow: hidden; line-height: 0;\" class=\"mce_SELRES_start\">\ufeff<\/span><span data-mce-type=\"bookmark\" style=\"display: inline-block; width: 0px; overflow: hidden; line-height: 0;\" class=\"mce_SELRES_start\">\ufeff<\/span> <\/iframe><\/p>\n","protected":false},"excerpt":{"rendered":"<p>D\u00e9l\u00e9gation d&#8217;orchestres canadiens \u00e0 Classical:NEXT 2024 Orchestres Canada (OC) a pr\u00e9sent\u00e9 une demande de financement pour envoyer une d\u00e9l\u00e9gation d&#8217;orchestres canadiens \u00e0 Classical:NEXT 2024 (https:\/\/www.classicalnext.com\/). Classical:NEXT est un carrefour mondial de r\u00e9seautage et d&#8217;\u00e9change consacr\u00e9 \u00e0 la musique classique et \u00e0 la musique d&#8217;art. Il s&#8217;adresse aux professionnels &#8211; artistes, managers, diffuseurs, orchestres, labels, \u00e9ducateurs, [&hellip;]<\/p>\n","protected":false},"author":10,"featured_media":0,"parent":0,"menu_order":0,"comment_status":"closed","ping_status":"closed","template":"","meta":{"_acf_changed":false,"_monsterinsights_skip_tracking":false,"_monsterinsights_sitenote_active":false,"_monsterinsights_sitenote_note":"","_monsterinsights_sitenote_category":0,"footnotes":""},"class_list":["post-13214","page","type-page","status-publish","hentry"],"acf":[],"yoast_head":"<!-- This site is optimized with the Yoast SEO plugin v27.3 - https:\/\/yoast.com\/product\/yoast-seo-wordpress\/ -->\n<title>Partageons l&#039;inspiration - Orchestras Canada\/Orchestres Canada<\/title>\n<meta name=\"robots\" content=\"index, follow, max-snippet:-1, max-image-preview:large, max-video-preview:-1\" \/>\n<link rel=\"canonical\" href=\"https:\/\/oc.ca\/fr\/partageons-linspiration\/\" \/>\n<meta property=\"og:locale\" content=\"fr_FR\" \/>\n<meta property=\"og:type\" content=\"article\" \/>\n<meta property=\"og:title\" content=\"Partageons l&#039;inspiration - Orchestras Canada\/Orchestres Canada\" \/>\n<meta property=\"og:description\" content=\"D\u00e9l\u00e9gation d&#8217;orchestres canadiens \u00e0 Classical:NEXT 2024 Orchestres Canada (OC) a pr\u00e9sent\u00e9 une demande de financement pour envoyer une d\u00e9l\u00e9gation d&#8217;orchestres canadiens \u00e0 Classical:NEXT 2024 (https:\/\/www.classicalnext.com\/). Classical:NEXT est un carrefour mondial de r\u00e9seautage et d&#8217;\u00e9change consacr\u00e9 \u00e0 la musique classique et \u00e0 la musique d&#8217;art. Il s&#8217;adresse aux professionnels &#8211; artistes, managers, diffuseurs, orchestres, labels, \u00e9ducateurs, [&hellip;]\" \/>\n<meta property=\"og:url\" content=\"https:\/\/oc.ca\/fr\/partageons-linspiration\/\" \/>\n<meta property=\"og:site_name\" content=\"Orchestras Canada\/Orchestres Canada\" \/>\n<meta property=\"article:modified_time\" content=\"2024-03-15T12:50:43+00:00\" \/>\n<meta name=\"twitter:card\" content=\"summary_large_image\" \/>\n<meta name=\"twitter:label1\" content=\"Dur\u00e9e de lecture estim\u00e9e\" \/>\n\t<meta name=\"twitter:data1\" content=\"2 minutes\" \/>\n<script type=\"application\/ld+json\" class=\"yoast-schema-graph\">{\"@context\":\"https:\\\/\\\/schema.org\",\"@graph\":[{\"@type\":\"WebPage\",\"@id\":\"https:\\\/\\\/oc.ca\\\/fr\\\/partageons-linspiration\\\/\",\"url\":\"https:\\\/\\\/oc.ca\\\/fr\\\/partageons-linspiration\\\/\",\"name\":\"Partageons l'inspiration - Orchestras Canada\\\/Orchestres Canada\",\"isPartOf\":{\"@id\":\"https:\\\/\\\/oc.ca\\\/en\\\/#website\"},\"datePublished\":\"2024-02-26T23:17:15+00:00\",\"dateModified\":\"2024-03-15T12:50:43+00:00\",\"breadcrumb\":{\"@id\":\"https:\\\/\\\/oc.ca\\\/fr\\\/partageons-linspiration\\\/#breadcrumb\"},\"inLanguage\":\"fr-FR\",\"potentialAction\":[{\"@type\":\"ReadAction\",\"target\":[\"https:\\\/\\\/oc.ca\\\/fr\\\/partageons-linspiration\\\/\"]}]},{\"@type\":\"BreadcrumbList\",\"@id\":\"https:\\\/\\\/oc.ca\\\/fr\\\/partageons-linspiration\\\/#breadcrumb\",\"itemListElement\":[{\"@type\":\"ListItem\",\"position\":1,\"name\":\"Home\",\"item\":\"https:\\\/\\\/oc.ca\\\/fr\\\/\"},{\"@type\":\"ListItem\",\"position\":2,\"name\":\"Partageons l&#8217;inspiration\"}]},{\"@type\":\"WebSite\",\"@id\":\"https:\\\/\\\/oc.ca\\\/en\\\/#website\",\"url\":\"https:\\\/\\\/oc.ca\\\/en\\\/\",\"name\":\"Orchestras Canada\\\/Orchestres Canada\",\"description\":\"\",\"publisher\":{\"@id\":\"https:\\\/\\\/oc.ca\\\/en\\\/#organization\"},\"potentialAction\":[{\"@type\":\"SearchAction\",\"target\":{\"@type\":\"EntryPoint\",\"urlTemplate\":\"https:\\\/\\\/oc.ca\\\/en\\\/?s={search_term_string}\"},\"query-input\":{\"@type\":\"PropertyValueSpecification\",\"valueRequired\":true,\"valueName\":\"search_term_string\"}}],\"inLanguage\":\"fr-FR\"},{\"@type\":\"Organization\",\"@id\":\"https:\\\/\\\/oc.ca\\\/en\\\/#organization\",\"name\":\"Orchestras Canada\\\/Orchestres Canada\",\"url\":\"https:\\\/\\\/oc.ca\\\/en\\\/\",\"logo\":{\"@type\":\"ImageObject\",\"inLanguage\":\"fr-FR\",\"@id\":\"https:\\\/\\\/oc.ca\\\/en\\\/#\\\/schema\\\/logo\\\/image\\\/\",\"url\":\"https:\\\/\\\/oc.ca\\\/wp-content\\\/uploads\\\/2019\\\/03\\\/cropped-OC-Logo-800x200-1.png\",\"contentUrl\":\"https:\\\/\\\/oc.ca\\\/wp-content\\\/uploads\\\/2019\\\/03\\\/cropped-OC-Logo-800x200-1.png\",\"width\":400,\"height\":100,\"caption\":\"Orchestras Canada\\\/Orchestres Canada\"},\"image\":{\"@id\":\"https:\\\/\\\/oc.ca\\\/en\\\/#\\\/schema\\\/logo\\\/image\\\/\"}}]}<\/script>\n<!-- \/ Yoast SEO plugin. -->","yoast_head_json":{"title":"Partageons l'inspiration - Orchestras Canada\/Orchestres Canada","robots":{"index":"index","follow":"follow","max-snippet":"max-snippet:-1","max-image-preview":"max-image-preview:large","max-video-preview":"max-video-preview:-1"},"canonical":"https:\/\/oc.ca\/fr\/partageons-linspiration\/","og_locale":"fr_FR","og_type":"article","og_title":"Partageons l'inspiration - Orchestras Canada\/Orchestres Canada","og_description":"D\u00e9l\u00e9gation d&#8217;orchestres canadiens \u00e0 Classical:NEXT 2024 Orchestres Canada (OC) a pr\u00e9sent\u00e9 une demande de financement pour envoyer une d\u00e9l\u00e9gation d&#8217;orchestres canadiens \u00e0 Classical:NEXT 2024 (https:\/\/www.classicalnext.com\/). Classical:NEXT est un carrefour mondial de r\u00e9seautage et d&#8217;\u00e9change consacr\u00e9 \u00e0 la musique classique et \u00e0 la musique d&#8217;art. Il s&#8217;adresse aux professionnels &#8211; artistes, managers, diffuseurs, orchestres, labels, \u00e9ducateurs, [&hellip;]","og_url":"https:\/\/oc.ca\/fr\/partageons-linspiration\/","og_site_name":"Orchestras Canada\/Orchestres Canada","article_modified_time":"2024-03-15T12:50:43+00:00","twitter_card":"summary_large_image","twitter_misc":{"Dur\u00e9e de lecture estim\u00e9e":"2 minutes"},"schema":{"@context":"https:\/\/schema.org","@graph":[{"@type":"WebPage","@id":"https:\/\/oc.ca\/fr\/partageons-linspiration\/","url":"https:\/\/oc.ca\/fr\/partageons-linspiration\/","name":"Partageons l'inspiration - Orchestras Canada\/Orchestres Canada","isPartOf":{"@id":"https:\/\/oc.ca\/en\/#website"},"datePublished":"2024-02-26T23:17:15+00:00","dateModified":"2024-03-15T12:50:43+00:00","breadcrumb":{"@id":"https:\/\/oc.ca\/fr\/partageons-linspiration\/#breadcrumb"},"inLanguage":"fr-FR","potentialAction":[{"@type":"ReadAction","target":["https:\/\/oc.ca\/fr\/partageons-linspiration\/"]}]},{"@type":"BreadcrumbList","@id":"https:\/\/oc.ca\/fr\/partageons-linspiration\/#breadcrumb","itemListElement":[{"@type":"ListItem","position":1,"name":"Home","item":"https:\/\/oc.ca\/fr\/"},{"@type":"ListItem","position":2,"name":"Partageons l&#8217;inspiration"}]},{"@type":"WebSite","@id":"https:\/\/oc.ca\/en\/#website","url":"https:\/\/oc.ca\/en\/","name":"Orchestras Canada\/Orchestres Canada","description":"","publisher":{"@id":"https:\/\/oc.ca\/en\/#organization"},"potentialAction":[{"@type":"SearchAction","target":{"@type":"EntryPoint","urlTemplate":"https:\/\/oc.ca\/en\/?s={search_term_string}"},"query-input":{"@type":"PropertyValueSpecification","valueRequired":true,"valueName":"search_term_string"}}],"inLanguage":"fr-FR"},{"@type":"Organization","@id":"https:\/\/oc.ca\/en\/#organization","name":"Orchestras Canada\/Orchestres Canada","url":"https:\/\/oc.ca\/en\/","logo":{"@type":"ImageObject","inLanguage":"fr-FR","@id":"https:\/\/oc.ca\/en\/#\/schema\/logo\/image\/","url":"https:\/\/oc.ca\/wp-content\/uploads\/2019\/03\/cropped-OC-Logo-800x200-1.png","contentUrl":"https:\/\/oc.ca\/wp-content\/uploads\/2019\/03\/cropped-OC-Logo-800x200-1.png","width":400,"height":100,"caption":"Orchestras Canada\/Orchestres Canada"},"image":{"@id":"https:\/\/oc.ca\/en\/#\/schema\/logo\/image\/"}}]}},"_links":{"self":[{"href":"https:\/\/oc.ca\/fr\/wp-json\/wp\/v2\/pages\/13214","targetHints":{"allow":["GET"]}}],"collection":[{"href":"https:\/\/oc.ca\/fr\/wp-json\/wp\/v2\/pages"}],"about":[{"href":"https:\/\/oc.ca\/fr\/wp-json\/wp\/v2\/types\/page"}],"author":[{"embeddable":true,"href":"https:\/\/oc.ca\/fr\/wp-json\/wp\/v2\/users\/10"}],"replies":[{"embeddable":true,"href":"https:\/\/oc.ca\/fr\/wp-json\/wp\/v2\/comments?post=13214"}],"version-history":[{"count":5,"href":"https:\/\/oc.ca\/fr\/wp-json\/wp\/v2\/pages\/13214\/revisions"}],"predecessor-version":[{"id":13353,"href":"https:\/\/oc.ca\/fr\/wp-json\/wp\/v2\/pages\/13214\/revisions\/13353"}],"wp:attachment":[{"href":"https:\/\/oc.ca\/fr\/wp-json\/wp\/v2\/media?parent=13214"}],"curies":[{"name":"wp","href":"https:\/\/api.w.org\/{rel}","templated":true}]}}