{"id":12947,"date":"2023-12-04T12:12:55","date_gmt":"2023-12-04T17:12:55","guid":{"rendered":"http:\/\/demosite2.asurtec.com\/pratiques-exemplaires-cybersecurite\/registration-confirmation\/"},"modified":"2024-01-11T13:22:18","modified_gmt":"2024-01-11T18:22:18","slug":"registration-confirmation","status":"publish","type":"page","link":"https:\/\/oc.ca\/fr\/pratiques-exemplaires-cybersecurite\/registration-confirmation\/","title":{"rendered":"Registration Confirmation"},"content":{"rendered":"<h4 style=\"text-align: center;\">Thank you so much for registering for Cyber Security Best Practices! You will receive an email confirming your registration shortly. If you don&#8217;t receive it, please get in touch with boran@oc.ca<\/h4>\n<p><img fetchpriority=\"high\" decoding=\"async\" class=\"size-large wp-image-12762 aligncenter\" src=\"https:\/\/oc.ca\/wp-content\/uploads\/2023\/12\/FB-LinkedIn-Cyber-Security-Best-Practices-800x451.png\" alt=\"Image of a promotional graphic for an upcoming Cyber Security Best Practices training. The text and logos on the image announce a partnership among eight arts service organizations in Canada. Details about the event, including dates (Feb 21 &amp; 22, 2024), time (1:00-4:30 pm ET), and language (English), are highlighted.\" width=\"800\" height=\"451\" srcset=\"https:\/\/oc.ca\/wp-content\/uploads\/2023\/12\/FB-LinkedIn-Cyber-Security-Best-Practices-800x451.png 800w, https:\/\/oc.ca\/wp-content\/uploads\/2023\/12\/FB-LinkedIn-Cyber-Security-Best-Practices-300x169.png 300w, https:\/\/oc.ca\/wp-content\/uploads\/2023\/12\/FB-LinkedIn-Cyber-Security-Best-Practices-768x433.png 768w, https:\/\/oc.ca\/wp-content\/uploads\/2023\/12\/FB-LinkedIn-Cyber-Security-Best-Practices-1536x865.png 1536w, https:\/\/oc.ca\/wp-content\/uploads\/2023\/12\/FB-LinkedIn-Cyber-Security-Best-Practices.png 1640w\" sizes=\"(min-width: 960px) 75vw, 100vw\" \/><\/p>\n","protected":false},"excerpt":{"rendered":"<p>Thank you so much for registering for Cyber Security Best Practices! You will receive an email confirming your registration shortly. If you don&#8217;t receive it, please get in touch with boran@oc.ca<\/p>\n","protected":false},"author":10,"featured_media":0,"parent":12758,"menu_order":0,"comment_status":"closed","ping_status":"closed","template":"","meta":{"_acf_changed":false,"_monsterinsights_skip_tracking":false,"_monsterinsights_sitenote_active":false,"_monsterinsights_sitenote_note":"","_monsterinsights_sitenote_category":0,"footnotes":""},"class_list":["post-12947","page","type-page","status-publish","hentry"],"acf":[],"yoast_head":"<!-- This site is optimized with the Yoast SEO plugin v25.4 - https:\/\/yoast.com\/wordpress\/plugins\/seo\/ -->\n<title>Registration Confirmation - Orchestras Canada\/Orchestres Canada<\/title>\n<meta name=\"robots\" content=\"index, follow, max-snippet:-1, max-image-preview:large, max-video-preview:-1\" \/>\n<link rel=\"canonical\" href=\"https:\/\/oc.ca\/en\/cybersecurity-best-practices\/registration-confirmation\/\" \/>\n<meta property=\"og:locale\" content=\"fr_FR\" \/>\n<meta property=\"og:type\" content=\"article\" \/>\n<meta property=\"og:title\" content=\"Registration Confirmation - Orchestras Canada\/Orchestres Canada\" \/>\n<meta property=\"og:description\" content=\"Thank you so much for registering for Cyber Security Best Practices! You will receive an email confirming your registration shortly. If you don&#8217;t receive it, please get in touch with boran@oc.ca\" \/>\n<meta property=\"og:url\" content=\"https:\/\/oc.ca\/en\/cybersecurity-best-practices\/registration-confirmation\/\" \/>\n<meta property=\"og:site_name\" content=\"Orchestras Canada\/Orchestres Canada\" \/>\n<meta property=\"article:modified_time\" content=\"2024-01-11T18:22:18+00:00\" \/>\n<meta property=\"og:image\" content=\"https:\/\/oc.ca\/wp-content\/uploads\/2023\/12\/FB-LinkedIn-Cyber-Security-Best-Practices-800x451.png\" \/>\n<meta name=\"twitter:card\" content=\"summary_large_image\" \/>\n<meta name=\"twitter:label1\" content=\"Dur\u00e9e de lecture estim\u00e9e\" \/>\n\t<meta name=\"twitter:data1\" content=\"1 minute\" \/>\n<script type=\"application\/ld+json\" class=\"yoast-schema-graph\">{\"@context\":\"https:\/\/schema.org\",\"@graph\":[{\"@type\":\"WebPage\",\"@id\":\"https:\/\/oc.ca\/en\/cybersecurity-best-practices\/registration-confirmation\/\",\"url\":\"https:\/\/oc.ca\/en\/cybersecurity-best-practices\/registration-confirmation\/\",\"name\":\"Registration Confirmation - Orchestras Canada\/Orchestres Canada\",\"isPartOf\":{\"@id\":\"https:\/\/oc.ca\/en\/#website\"},\"primaryImageOfPage\":{\"@id\":\"https:\/\/oc.ca\/en\/cybersecurity-best-practices\/registration-confirmation\/#primaryimage\"},\"image\":{\"@id\":\"https:\/\/oc.ca\/en\/cybersecurity-best-practices\/registration-confirmation\/#primaryimage\"},\"thumbnailUrl\":\"https:\/\/oc.ca\/wp-content\/uploads\/2023\/12\/FB-LinkedIn-Cyber-Security-Best-Practices-800x451.png\",\"datePublished\":\"2023-12-04T17:12:55+00:00\",\"dateModified\":\"2024-01-11T18:22:18+00:00\",\"breadcrumb\":{\"@id\":\"https:\/\/oc.ca\/en\/cybersecurity-best-practices\/registration-confirmation\/#breadcrumb\"},\"inLanguage\":\"fr-FR\",\"potentialAction\":[{\"@type\":\"ReadAction\",\"target\":[\"https:\/\/oc.ca\/en\/cybersecurity-best-practices\/registration-confirmation\/\"]}]},{\"@type\":\"ImageObject\",\"inLanguage\":\"fr-FR\",\"@id\":\"https:\/\/oc.ca\/en\/cybersecurity-best-practices\/registration-confirmation\/#primaryimage\",\"url\":\"https:\/\/oc.ca\/wp-content\/uploads\/2023\/12\/FB-LinkedIn-Cyber-Security-Best-Practices-800x451.png\",\"contentUrl\":\"https:\/\/oc.ca\/wp-content\/uploads\/2023\/12\/FB-LinkedIn-Cyber-Security-Best-Practices-800x451.png\"},{\"@type\":\"BreadcrumbList\",\"@id\":\"https:\/\/oc.ca\/en\/cybersecurity-best-practices\/registration-confirmation\/#breadcrumb\",\"itemListElement\":[{\"@type\":\"ListItem\",\"position\":1,\"name\":\"Home\",\"item\":\"https:\/\/oc.ca\/fr\/\"},{\"@type\":\"ListItem\",\"position\":2,\"name\":\"Les pratiques exemplaires en mati\u00e8re de cybers\u00e9curit\u00e9\",\"item\":\"https:\/\/oc.ca\/en\/cybersecurity-best-practices\/\"},{\"@type\":\"ListItem\",\"position\":3,\"name\":\"Registration Confirmation\"}]},{\"@type\":\"WebSite\",\"@id\":\"https:\/\/oc.ca\/en\/#website\",\"url\":\"https:\/\/oc.ca\/en\/\",\"name\":\"Orchestras Canada\/Orchestres Canada\",\"description\":\"\",\"publisher\":{\"@id\":\"https:\/\/oc.ca\/en\/#organization\"},\"potentialAction\":[{\"@type\":\"SearchAction\",\"target\":{\"@type\":\"EntryPoint\",\"urlTemplate\":\"https:\/\/oc.ca\/en\/?s={search_term_string}\"},\"query-input\":{\"@type\":\"PropertyValueSpecification\",\"valueRequired\":true,\"valueName\":\"search_term_string\"}}],\"inLanguage\":\"fr-FR\"},{\"@type\":\"Organization\",\"@id\":\"https:\/\/oc.ca\/en\/#organization\",\"name\":\"Orchestras Canada\/Orchestres Canada\",\"url\":\"https:\/\/oc.ca\/en\/\",\"logo\":{\"@type\":\"ImageObject\",\"inLanguage\":\"fr-FR\",\"@id\":\"https:\/\/oc.ca\/en\/#\/schema\/logo\/image\/\",\"url\":\"https:\/\/oc.ca\/wp-content\/uploads\/2019\/03\/cropped-OC-Logo-800x200-1.png\",\"contentUrl\":\"https:\/\/oc.ca\/wp-content\/uploads\/2019\/03\/cropped-OC-Logo-800x200-1.png\",\"width\":400,\"height\":100,\"caption\":\"Orchestras Canada\/Orchestres Canada\"},\"image\":{\"@id\":\"https:\/\/oc.ca\/en\/#\/schema\/logo\/image\/\"}}]}<\/script>\n<!-- \/ Yoast SEO plugin. -->","yoast_head_json":{"title":"Registration Confirmation - Orchestras Canada\/Orchestres Canada","robots":{"index":"index","follow":"follow","max-snippet":"max-snippet:-1","max-image-preview":"max-image-preview:large","max-video-preview":"max-video-preview:-1"},"canonical":"https:\/\/oc.ca\/en\/cybersecurity-best-practices\/registration-confirmation\/","og_locale":"fr_FR","og_type":"article","og_title":"Registration Confirmation - Orchestras Canada\/Orchestres Canada","og_description":"Thank you so much for registering for Cyber Security Best Practices! You will receive an email confirming your registration shortly. If you don&#8217;t receive it, please get in touch with boran@oc.ca","og_url":"https:\/\/oc.ca\/en\/cybersecurity-best-practices\/registration-confirmation\/","og_site_name":"Orchestras Canada\/Orchestres Canada","article_modified_time":"2024-01-11T18:22:18+00:00","og_image":[{"url":"https:\/\/oc.ca\/wp-content\/uploads\/2023\/12\/FB-LinkedIn-Cyber-Security-Best-Practices-800x451.png","type":"","width":"","height":""}],"twitter_card":"summary_large_image","twitter_misc":{"Dur\u00e9e de lecture estim\u00e9e":"1 minute"},"schema":{"@context":"https:\/\/schema.org","@graph":[{"@type":"WebPage","@id":"https:\/\/oc.ca\/en\/cybersecurity-best-practices\/registration-confirmation\/","url":"https:\/\/oc.ca\/en\/cybersecurity-best-practices\/registration-confirmation\/","name":"Registration Confirmation - Orchestras Canada\/Orchestres Canada","isPartOf":{"@id":"https:\/\/oc.ca\/en\/#website"},"primaryImageOfPage":{"@id":"https:\/\/oc.ca\/en\/cybersecurity-best-practices\/registration-confirmation\/#primaryimage"},"image":{"@id":"https:\/\/oc.ca\/en\/cybersecurity-best-practices\/registration-confirmation\/#primaryimage"},"thumbnailUrl":"https:\/\/oc.ca\/wp-content\/uploads\/2023\/12\/FB-LinkedIn-Cyber-Security-Best-Practices-800x451.png","datePublished":"2023-12-04T17:12:55+00:00","dateModified":"2024-01-11T18:22:18+00:00","breadcrumb":{"@id":"https:\/\/oc.ca\/en\/cybersecurity-best-practices\/registration-confirmation\/#breadcrumb"},"inLanguage":"fr-FR","potentialAction":[{"@type":"ReadAction","target":["https:\/\/oc.ca\/en\/cybersecurity-best-practices\/registration-confirmation\/"]}]},{"@type":"ImageObject","inLanguage":"fr-FR","@id":"https:\/\/oc.ca\/en\/cybersecurity-best-practices\/registration-confirmation\/#primaryimage","url":"https:\/\/oc.ca\/wp-content\/uploads\/2023\/12\/FB-LinkedIn-Cyber-Security-Best-Practices-800x451.png","contentUrl":"https:\/\/oc.ca\/wp-content\/uploads\/2023\/12\/FB-LinkedIn-Cyber-Security-Best-Practices-800x451.png"},{"@type":"BreadcrumbList","@id":"https:\/\/oc.ca\/en\/cybersecurity-best-practices\/registration-confirmation\/#breadcrumb","itemListElement":[{"@type":"ListItem","position":1,"name":"Home","item":"https:\/\/oc.ca\/fr\/"},{"@type":"ListItem","position":2,"name":"Les pratiques exemplaires en mati\u00e8re de cybers\u00e9curit\u00e9","item":"https:\/\/oc.ca\/en\/cybersecurity-best-practices\/"},{"@type":"ListItem","position":3,"name":"Registration Confirmation"}]},{"@type":"WebSite","@id":"https:\/\/oc.ca\/en\/#website","url":"https:\/\/oc.ca\/en\/","name":"Orchestras Canada\/Orchestres Canada","description":"","publisher":{"@id":"https:\/\/oc.ca\/en\/#organization"},"potentialAction":[{"@type":"SearchAction","target":{"@type":"EntryPoint","urlTemplate":"https:\/\/oc.ca\/en\/?s={search_term_string}"},"query-input":{"@type":"PropertyValueSpecification","valueRequired":true,"valueName":"search_term_string"}}],"inLanguage":"fr-FR"},{"@type":"Organization","@id":"https:\/\/oc.ca\/en\/#organization","name":"Orchestras Canada\/Orchestres Canada","url":"https:\/\/oc.ca\/en\/","logo":{"@type":"ImageObject","inLanguage":"fr-FR","@id":"https:\/\/oc.ca\/en\/#\/schema\/logo\/image\/","url":"https:\/\/oc.ca\/wp-content\/uploads\/2019\/03\/cropped-OC-Logo-800x200-1.png","contentUrl":"https:\/\/oc.ca\/wp-content\/uploads\/2019\/03\/cropped-OC-Logo-800x200-1.png","width":400,"height":100,"caption":"Orchestras Canada\/Orchestres Canada"},"image":{"@id":"https:\/\/oc.ca\/en\/#\/schema\/logo\/image\/"}}]}},"_links":{"self":[{"href":"https:\/\/oc.ca\/fr\/wp-json\/wp\/v2\/pages\/12947","targetHints":{"allow":["GET"]}}],"collection":[{"href":"https:\/\/oc.ca\/fr\/wp-json\/wp\/v2\/pages"}],"about":[{"href":"https:\/\/oc.ca\/fr\/wp-json\/wp\/v2\/types\/page"}],"author":[{"embeddable":true,"href":"https:\/\/oc.ca\/fr\/wp-json\/wp\/v2\/users\/10"}],"replies":[{"embeddable":true,"href":"https:\/\/oc.ca\/fr\/wp-json\/wp\/v2\/comments?post=12947"}],"version-history":[{"count":1,"href":"https:\/\/oc.ca\/fr\/wp-json\/wp\/v2\/pages\/12947\/revisions"}],"predecessor-version":[{"id":12948,"href":"https:\/\/oc.ca\/fr\/wp-json\/wp\/v2\/pages\/12947\/revisions\/12948"}],"up":[{"embeddable":true,"href":"https:\/\/oc.ca\/fr\/wp-json\/wp\/v2\/pages\/12758"}],"wp:attachment":[{"href":"https:\/\/oc.ca\/fr\/wp-json\/wp\/v2\/media?parent=12947"}],"curies":[{"name":"wp","href":"https:\/\/api.w.org\/{rel}","templated":true}]}}