{"id":12920,"date":"2024-01-02T16:25:56","date_gmt":"2024-01-02T21:25:56","guid":{"rendered":"http:\/\/demosite2.asurtec.com\/?page_id=12920"},"modified":"2024-02-12T15:22:08","modified_gmt":"2024-02-12T20:22:08","slug":"conversation-avec-rich-coburn","status":"publish","type":"page","link":"https:\/\/oc.ca\/fr\/conversation-avec-rich-coburn\/","title":{"rendered":"Conversation avec Rich Coburn"},"content":{"rendered":"<h2 style=\"text-align: center;\"><span class=\"OYPEnA text-decoration-none text-strikethrough-none\">sur le rapport sur le r\u00e9pertoire des orchestres canadiens<\/span><\/h2>\n<p><strong>Lieu :<\/strong> R\u00e9unions Zoom<br \/>\n<strong>Co\u00fbt :<\/strong> Gratuit<\/p>\n<p><strong>Conversation 1: 16 janvier, de 12h \u00e0 13h HE (EN) <a href=\"https:\/\/us02web.zoom.us\/meeting\/register\/tZElcOuqrDsqGtwS911Wv8aGnX69_QI6toYF\"><button class=\"blue-button-medium\">S&#8217;inscrire!<\/button><\/a><br \/>\nConversation 2: 1er f\u00e9vrier, de 13h \u00e0 14h\u00a0 HE (EN) <a href=\"https:\/\/us02web.zoom.us\/meeting\/register\/tZcucOysrT4uE9P4WXB8fVTCLffNBI_xOkJw\"><button class=\"blue-button-medium\">S&#8217;inscrire!<\/button><\/a><br \/>\nConversation 3: <span style=\"color: #ff0000;\">19 f\u00e9vrier<\/span>, de 12h \u00e0 13h HE (FR) <a href=\"https:\/\/us02web.zoom.us\/meeting\/register\/tZcqdumpqz4uHteEqTaZ37sMnjSwYj7JxAoo\"><button class=\"blue-button-medium\">S&#8217;inscrire!<\/button><\/a><\/strong>(Veuillez noter que cette conversation a \u00e9t\u00e9 report\u00e9e du lundi 12 f\u00e9vrier)<strong><br \/>\n<\/strong><\/p>\n<p>Au d\u00e9but de l&#8217;ann\u00e9e 2023, nous avons \u00e9t\u00e9 ravis de collaborer avec Rich Coburn, fondateur et directeur de BIPOC Voices, dans le cadre d&#8217;un projet financ\u00e9 par le Conseil des arts du Canada et con\u00e7u pour r\u00e9pondre \u00e0 une question simple mais importante : Les orchestres canadiens ont-ils diversifi\u00e9 le r\u00e9pertoire qu&#8217;ils proposent au public ces derni\u00e8res ann\u00e9es, et incluent-ils activement de la musique de compositeurs f\u00e9minins, trans, non binaires et PANDC (Noirs, autochtones et personnes de couleur)? C&#8217;est ainsi qu&#8217;est n\u00e9 le <a href=\"https:\/\/oc.ca\/fr\/resource\/rapport-sur-le-repertoire-des-orchestres-canadiens\/\">rapport sur le r\u00e9pertoire des orchestres canadiens<\/a>!<\/p>\n<p><img fetchpriority=\"high\" decoding=\"async\" class=\"wp-image-13112 aligncenter\" src=\"https:\/\/oc.ca\/wp-content\/uploads\/2024\/02\/2-800x451.png\" alt=\"\" width=\"548\" height=\"309\" srcset=\"https:\/\/oc.ca\/wp-content\/uploads\/2024\/02\/2-800x451.png 800w, https:\/\/oc.ca\/wp-content\/uploads\/2024\/02\/2-300x169.png 300w, https:\/\/oc.ca\/wp-content\/uploads\/2024\/02\/2-768x433.png 768w, https:\/\/oc.ca\/wp-content\/uploads\/2024\/02\/2-1536x865.png 1536w, https:\/\/oc.ca\/wp-content\/uploads\/2024\/02\/2.png 1640w\" sizes=\"(min-width: 960px) 75vw, 100vw\" \/><\/p>\n<p>Rich Coburn travaillera sur un deuxi\u00e8me rapport, avec le soutien d&#8217;Orchestres Canada et de l&#8217;Orchestre du Centre national des Arts. \u00c0 cette fin, Orchestres Canada organise plusieurs tables rondes pour discuter de la fa\u00e7on dont nous pouvons am\u00e9liorer ce deuxi\u00e8me rapport et de l&#8217;\u00e9tat actuel de la diversit\u00e9 de la programmation dans vos organismes.<\/p>\n<p>Veuillez vous joindre \u00e0 nous pour l&#8217;une de ces conversations :<\/p>\n<p><strong>Conversation 1: 16 janvier, de 12h \u00e0 13h HE (EN) <a href=\"https:\/\/us02web.zoom.us\/meeting\/register\/tZElcOuqrDsqGtwS911Wv8aGnX69_QI6toYF\"><button class=\"blue-button-medium\">S&#8217;inscrire!<\/button><\/a><br \/>\nConversation 2: 1er f\u00e9vrier, de 13h \u00e0 14h\u00a0 HE (EN) <a href=\"https:\/\/us02web.zoom.us\/meeting\/register\/tZcucOysrT4uE9P4WXB8fVTCLffNBI_xOkJw\"><button class=\"blue-button-medium\">S&#8217;inscrire!<\/button><\/a><br \/>\nConversation 3: <span style=\"color: #ff0000;\">19 f\u00e9vrier<\/span>, de 12h \u00e0 13h HE (FR) <a href=\"https:\/\/us02web.zoom.us\/meeting\/register\/tZcqdumpqz4uHteEqTaZ37sMnjSwYj7JxAoo\"><button class=\"blue-button-medium\">S&#8217;inscrire!<\/button><\/a><\/strong>(Veuillez noter que cette conversation a \u00e9t\u00e9 report\u00e9e du lundi 12 f\u00e9vrier)<\/p>\n","protected":false},"excerpt":{"rendered":"<p>sur le rapport sur le r\u00e9pertoire des orchestres canadiens Lieu : R\u00e9unions Zoom Co\u00fbt : Gratuit Conversation 1: 16 janvier, de 12h \u00e0 13h HE (EN) S&#8217;inscrire! Conversation 2: 1er f\u00e9vrier, de 13h \u00e0 14h\u00a0 HE (EN) S&#8217;inscrire! Conversation 3: 19 f\u00e9vrier, de 12h \u00e0 13h HE (FR) S&#8217;inscrire!(Veuillez noter que cette conversation a \u00e9t\u00e9 [&hellip;]<\/p>\n","protected":false},"author":10,"featured_media":0,"parent":0,"menu_order":0,"comment_status":"closed","ping_status":"closed","template":"","meta":{"_acf_changed":false,"_monsterinsights_skip_tracking":false,"_monsterinsights_sitenote_active":false,"_monsterinsights_sitenote_note":"","_monsterinsights_sitenote_category":0,"footnotes":""},"class_list":["post-12920","page","type-page","status-publish","hentry"],"acf":[],"yoast_head":"<!-- This site is optimized with the Yoast SEO plugin v25.4 - https:\/\/yoast.com\/wordpress\/plugins\/seo\/ -->\n<title>Conversation avec Rich Coburn - Orchestras Canada\/Orchestres Canada<\/title>\n<meta name=\"robots\" content=\"index, follow, max-snippet:-1, max-image-preview:large, max-video-preview:-1\" \/>\n<link rel=\"canonical\" href=\"https:\/\/oc.ca\/en\/conversation-with-rich-coburn-on-the-canadian-orchestra-repertoire-report\/\" \/>\n<meta property=\"og:locale\" content=\"fr_FR\" \/>\n<meta property=\"og:type\" content=\"article\" \/>\n<meta property=\"og:title\" content=\"Conversation avec Rich Coburn - Orchestras Canada\/Orchestres Canada\" \/>\n<meta property=\"og:description\" content=\"sur le rapport sur le r\u00e9pertoire des orchestres canadiens Lieu : R\u00e9unions Zoom Co\u00fbt : Gratuit Conversation 1: 16 janvier, de 12h \u00e0 13h HE (EN) S&#8217;inscrire! Conversation 2: 1er f\u00e9vrier, de 13h \u00e0 14h\u00a0 HE (EN) S&#8217;inscrire! Conversation 3: 19 f\u00e9vrier, de 12h \u00e0 13h HE (FR) S&#8217;inscrire!(Veuillez noter que cette conversation a \u00e9t\u00e9 [&hellip;]\" \/>\n<meta property=\"og:url\" content=\"https:\/\/oc.ca\/en\/conversation-with-rich-coburn-on-the-canadian-orchestra-repertoire-report\/\" \/>\n<meta property=\"og:site_name\" content=\"Orchestras Canada\/Orchestres Canada\" \/>\n<meta property=\"article:modified_time\" content=\"2024-02-12T20:22:08+00:00\" \/>\n<meta property=\"og:image\" content=\"https:\/\/oc.ca\/wp-content\/uploads\/2024\/02\/2-800x451.png\" \/>\n<meta name=\"twitter:card\" content=\"summary_large_image\" \/>\n<meta name=\"twitter:label1\" content=\"Dur\u00e9e de lecture estim\u00e9e\" \/>\n\t<meta name=\"twitter:data1\" content=\"2 minutes\" \/>\n<script type=\"application\/ld+json\" class=\"yoast-schema-graph\">{\"@context\":\"https:\/\/schema.org\",\"@graph\":[{\"@type\":\"WebPage\",\"@id\":\"https:\/\/oc.ca\/en\/conversation-with-rich-coburn-on-the-canadian-orchestra-repertoire-report\/\",\"url\":\"https:\/\/oc.ca\/en\/conversation-with-rich-coburn-on-the-canadian-orchestra-repertoire-report\/\",\"name\":\"Conversation avec Rich Coburn - Orchestras Canada\/Orchestres Canada\",\"isPartOf\":{\"@id\":\"https:\/\/oc.ca\/en\/#website\"},\"primaryImageOfPage\":{\"@id\":\"https:\/\/oc.ca\/en\/conversation-with-rich-coburn-on-the-canadian-orchestra-repertoire-report\/#primaryimage\"},\"image\":{\"@id\":\"https:\/\/oc.ca\/en\/conversation-with-rich-coburn-on-the-canadian-orchestra-repertoire-report\/#primaryimage\"},\"thumbnailUrl\":\"https:\/\/oc.ca\/wp-content\/uploads\/2024\/02\/2-800x451.png\",\"datePublished\":\"2024-01-02T21:25:56+00:00\",\"dateModified\":\"2024-02-12T20:22:08+00:00\",\"breadcrumb\":{\"@id\":\"https:\/\/oc.ca\/en\/conversation-with-rich-coburn-on-the-canadian-orchestra-repertoire-report\/#breadcrumb\"},\"inLanguage\":\"fr-FR\",\"potentialAction\":[{\"@type\":\"ReadAction\",\"target\":[\"https:\/\/oc.ca\/en\/conversation-with-rich-coburn-on-the-canadian-orchestra-repertoire-report\/\"]}]},{\"@type\":\"ImageObject\",\"inLanguage\":\"fr-FR\",\"@id\":\"https:\/\/oc.ca\/en\/conversation-with-rich-coburn-on-the-canadian-orchestra-repertoire-report\/#primaryimage\",\"url\":\"https:\/\/oc.ca\/wp-content\/uploads\/2024\/02\/2-800x451.png\",\"contentUrl\":\"https:\/\/oc.ca\/wp-content\/uploads\/2024\/02\/2-800x451.png\"},{\"@type\":\"BreadcrumbList\",\"@id\":\"https:\/\/oc.ca\/en\/conversation-with-rich-coburn-on-the-canadian-orchestra-repertoire-report\/#breadcrumb\",\"itemListElement\":[{\"@type\":\"ListItem\",\"position\":1,\"name\":\"Home\",\"item\":\"https:\/\/oc.ca\/fr\/\"},{\"@type\":\"ListItem\",\"position\":2,\"name\":\"Conversation avec Rich Coburn\"}]},{\"@type\":\"WebSite\",\"@id\":\"https:\/\/oc.ca\/en\/#website\",\"url\":\"https:\/\/oc.ca\/en\/\",\"name\":\"Orchestras Canada\/Orchestres Canada\",\"description\":\"\",\"publisher\":{\"@id\":\"https:\/\/oc.ca\/en\/#organization\"},\"potentialAction\":[{\"@type\":\"SearchAction\",\"target\":{\"@type\":\"EntryPoint\",\"urlTemplate\":\"https:\/\/oc.ca\/en\/?s={search_term_string}\"},\"query-input\":{\"@type\":\"PropertyValueSpecification\",\"valueRequired\":true,\"valueName\":\"search_term_string\"}}],\"inLanguage\":\"fr-FR\"},{\"@type\":\"Organization\",\"@id\":\"https:\/\/oc.ca\/en\/#organization\",\"name\":\"Orchestras Canada\/Orchestres Canada\",\"url\":\"https:\/\/oc.ca\/en\/\",\"logo\":{\"@type\":\"ImageObject\",\"inLanguage\":\"fr-FR\",\"@id\":\"https:\/\/oc.ca\/en\/#\/schema\/logo\/image\/\",\"url\":\"https:\/\/oc.ca\/wp-content\/uploads\/2019\/03\/cropped-OC-Logo-800x200-1.png\",\"contentUrl\":\"https:\/\/oc.ca\/wp-content\/uploads\/2019\/03\/cropped-OC-Logo-800x200-1.png\",\"width\":400,\"height\":100,\"caption\":\"Orchestras Canada\/Orchestres Canada\"},\"image\":{\"@id\":\"https:\/\/oc.ca\/en\/#\/schema\/logo\/image\/\"}}]}<\/script>\n<!-- \/ Yoast SEO plugin. -->","yoast_head_json":{"title":"Conversation avec Rich Coburn - Orchestras Canada\/Orchestres Canada","robots":{"index":"index","follow":"follow","max-snippet":"max-snippet:-1","max-image-preview":"max-image-preview:large","max-video-preview":"max-video-preview:-1"},"canonical":"https:\/\/oc.ca\/en\/conversation-with-rich-coburn-on-the-canadian-orchestra-repertoire-report\/","og_locale":"fr_FR","og_type":"article","og_title":"Conversation avec Rich Coburn - Orchestras Canada\/Orchestres Canada","og_description":"sur le rapport sur le r\u00e9pertoire des orchestres canadiens Lieu : R\u00e9unions Zoom Co\u00fbt : Gratuit Conversation 1: 16 janvier, de 12h \u00e0 13h HE (EN) S&#8217;inscrire! Conversation 2: 1er f\u00e9vrier, de 13h \u00e0 14h\u00a0 HE (EN) S&#8217;inscrire! Conversation 3: 19 f\u00e9vrier, de 12h \u00e0 13h HE (FR) S&#8217;inscrire!(Veuillez noter que cette conversation a \u00e9t\u00e9 [&hellip;]","og_url":"https:\/\/oc.ca\/en\/conversation-with-rich-coburn-on-the-canadian-orchestra-repertoire-report\/","og_site_name":"Orchestras Canada\/Orchestres Canada","article_modified_time":"2024-02-12T20:22:08+00:00","og_image":[{"url":"https:\/\/oc.ca\/wp-content\/uploads\/2024\/02\/2-800x451.png","type":"","width":"","height":""}],"twitter_card":"summary_large_image","twitter_misc":{"Dur\u00e9e de lecture estim\u00e9e":"2 minutes"},"schema":{"@context":"https:\/\/schema.org","@graph":[{"@type":"WebPage","@id":"https:\/\/oc.ca\/en\/conversation-with-rich-coburn-on-the-canadian-orchestra-repertoire-report\/","url":"https:\/\/oc.ca\/en\/conversation-with-rich-coburn-on-the-canadian-orchestra-repertoire-report\/","name":"Conversation avec Rich Coburn - Orchestras Canada\/Orchestres Canada","isPartOf":{"@id":"https:\/\/oc.ca\/en\/#website"},"primaryImageOfPage":{"@id":"https:\/\/oc.ca\/en\/conversation-with-rich-coburn-on-the-canadian-orchestra-repertoire-report\/#primaryimage"},"image":{"@id":"https:\/\/oc.ca\/en\/conversation-with-rich-coburn-on-the-canadian-orchestra-repertoire-report\/#primaryimage"},"thumbnailUrl":"https:\/\/oc.ca\/wp-content\/uploads\/2024\/02\/2-800x451.png","datePublished":"2024-01-02T21:25:56+00:00","dateModified":"2024-02-12T20:22:08+00:00","breadcrumb":{"@id":"https:\/\/oc.ca\/en\/conversation-with-rich-coburn-on-the-canadian-orchestra-repertoire-report\/#breadcrumb"},"inLanguage":"fr-FR","potentialAction":[{"@type":"ReadAction","target":["https:\/\/oc.ca\/en\/conversation-with-rich-coburn-on-the-canadian-orchestra-repertoire-report\/"]}]},{"@type":"ImageObject","inLanguage":"fr-FR","@id":"https:\/\/oc.ca\/en\/conversation-with-rich-coburn-on-the-canadian-orchestra-repertoire-report\/#primaryimage","url":"https:\/\/oc.ca\/wp-content\/uploads\/2024\/02\/2-800x451.png","contentUrl":"https:\/\/oc.ca\/wp-content\/uploads\/2024\/02\/2-800x451.png"},{"@type":"BreadcrumbList","@id":"https:\/\/oc.ca\/en\/conversation-with-rich-coburn-on-the-canadian-orchestra-repertoire-report\/#breadcrumb","itemListElement":[{"@type":"ListItem","position":1,"name":"Home","item":"https:\/\/oc.ca\/fr\/"},{"@type":"ListItem","position":2,"name":"Conversation avec Rich Coburn"}]},{"@type":"WebSite","@id":"https:\/\/oc.ca\/en\/#website","url":"https:\/\/oc.ca\/en\/","name":"Orchestras Canada\/Orchestres Canada","description":"","publisher":{"@id":"https:\/\/oc.ca\/en\/#organization"},"potentialAction":[{"@type":"SearchAction","target":{"@type":"EntryPoint","urlTemplate":"https:\/\/oc.ca\/en\/?s={search_term_string}"},"query-input":{"@type":"PropertyValueSpecification","valueRequired":true,"valueName":"search_term_string"}}],"inLanguage":"fr-FR"},{"@type":"Organization","@id":"https:\/\/oc.ca\/en\/#organization","name":"Orchestras Canada\/Orchestres Canada","url":"https:\/\/oc.ca\/en\/","logo":{"@type":"ImageObject","inLanguage":"fr-FR","@id":"https:\/\/oc.ca\/en\/#\/schema\/logo\/image\/","url":"https:\/\/oc.ca\/wp-content\/uploads\/2019\/03\/cropped-OC-Logo-800x200-1.png","contentUrl":"https:\/\/oc.ca\/wp-content\/uploads\/2019\/03\/cropped-OC-Logo-800x200-1.png","width":400,"height":100,"caption":"Orchestras Canada\/Orchestres Canada"},"image":{"@id":"https:\/\/oc.ca\/en\/#\/schema\/logo\/image\/"}}]}},"_links":{"self":[{"href":"https:\/\/oc.ca\/fr\/wp-json\/wp\/v2\/pages\/12920","targetHints":{"allow":["GET"]}}],"collection":[{"href":"https:\/\/oc.ca\/fr\/wp-json\/wp\/v2\/pages"}],"about":[{"href":"https:\/\/oc.ca\/fr\/wp-json\/wp\/v2\/types\/page"}],"author":[{"embeddable":true,"href":"https:\/\/oc.ca\/fr\/wp-json\/wp\/v2\/users\/10"}],"replies":[{"embeddable":true,"href":"https:\/\/oc.ca\/fr\/wp-json\/wp\/v2\/comments?post=12920"}],"version-history":[{"count":5,"href":"https:\/\/oc.ca\/fr\/wp-json\/wp\/v2\/pages\/12920\/revisions"}],"predecessor-version":[{"id":13130,"href":"https:\/\/oc.ca\/fr\/wp-json\/wp\/v2\/pages\/12920\/revisions\/13130"}],"wp:attachment":[{"href":"https:\/\/oc.ca\/fr\/wp-json\/wp\/v2\/media?parent=12920"}],"curies":[{"name":"wp","href":"https:\/\/api.w.org\/{rel}","templated":true}]}}