{"id":12809,"date":"2023-12-07T14:59:10","date_gmt":"2023-12-07T19:59:10","guid":{"rendered":"http:\/\/demosite2.asurtec.com\/?page_id=12809"},"modified":"2023-12-07T15:00:09","modified_gmt":"2023-12-07T20:00:09","slug":"impact-sur-les-musicien-ne-s-et-les-orchestres","status":"publish","type":"page","link":"https:\/\/oc.ca\/fr\/impact-sur-les-musicien-ne-s-et-les-orchestres\/","title":{"rendered":"Impact sur les musicien.ne.s et les orchestres"},"content":{"rendered":"<h2 style=\"text-align: center;\">des modifications r\u00e9glementaires canadiennes relatives \u00e0 l&#8217;ivoire d&#8217;\u00e9l\u00e9phant et \u00e0 la corne de rhinoc\u00e9ros<\/h2>\n<p>&nbsp;<\/p>\n<p><strong>Date :<\/strong> 13 d\u00e9cembre 2023<br \/>\n<strong>Heure :<\/strong> 10h30 pm \u00e0 11h30 HE<br \/>\n<strong>Lieu :<\/strong> R\u00e9unions Zoom<br \/>\n<strong>Co\u00fbt :<\/strong> Gratuit<br \/>\nCette session est pr\u00e9sent\u00e9e en fran\u00e7ais uniquement. La m\u00eame session sera pr\u00e9sent\u00e9e en anglais de 12h00 \u00e0 13h00.<\/p>\n<p style=\"text-align: center;\"><a href=\"https:\/\/us02web.zoom.us\/meeting\/register\/tZErduGpqDgqE9WKtM8y59KYJ4wTTS-udKME\"><strong><button class=\"blue-button-medium\">S&#8217;inscrire!<\/button><\/strong><\/a><\/p>\n<p><span class=\"TextRun SCXW115508398 BCX0\" lang=\"EN-CA\" xml:lang=\"EN-CA\" data-contrast=\"auto\"><span class=\"NormalTextRun SCXW115508398 BCX0\">Orchestres Canada vous invite \u00e0 un aper\u00e7u de l\u2019impact sur les instruments de musique des modifications r\u00e9glementaires relatives \u00e0 l\u2019ivoire d\u2019\u00e9l\u00e9phant et \u00e0 la corne de rhinoc\u00e9ros, et de la mani\u00e8re dont ces modifications s\u2019inscrivent dans les contr\u00f4les globaux du commerce international en vertu de la Convention sur le commerce international des esp\u00e8ces de faune et de flore sauvages menac\u00e9es d\u2019extinction (CITES).<\/span><\/span><\/p>\n<p><img fetchpriority=\"high\" decoding=\"async\" class=\" wp-image-12810 aligncenter\" src=\"https:\/\/oc.ca\/wp-content\/uploads\/2023\/12\/FR-Visual-Webinar-Impact-on-musicians-and-orchestras-of-the-Canadian-regulatory-amendments-for-elephant-ivory-and-rhino-horn-800x451.png\" alt=\"\" width=\"587\" height=\"331\" srcset=\"https:\/\/oc.ca\/wp-content\/uploads\/2023\/12\/FR-Visual-Webinar-Impact-on-musicians-and-orchestras-of-the-Canadian-regulatory-amendments-for-elephant-ivory-and-rhino-horn-800x451.png 800w, https:\/\/oc.ca\/wp-content\/uploads\/2023\/12\/FR-Visual-Webinar-Impact-on-musicians-and-orchestras-of-the-Canadian-regulatory-amendments-for-elephant-ivory-and-rhino-horn-300x169.png 300w, https:\/\/oc.ca\/wp-content\/uploads\/2023\/12\/FR-Visual-Webinar-Impact-on-musicians-and-orchestras-of-the-Canadian-regulatory-amendments-for-elephant-ivory-and-rhino-horn-768x433.png 768w, https:\/\/oc.ca\/wp-content\/uploads\/2023\/12\/FR-Visual-Webinar-Impact-on-musicians-and-orchestras-of-the-Canadian-regulatory-amendments-for-elephant-ivory-and-rhino-horn-1536x865.png 1536w, https:\/\/oc.ca\/wp-content\/uploads\/2023\/12\/FR-Visual-Webinar-Impact-on-musicians-and-orchestras-of-the-Canadian-regulatory-amendments-for-elephant-ivory-and-rhino-horn.png 1640w\" sizes=\"(min-width: 960px) 75vw, 100vw\" \/><\/p>\n<p>&nbsp;<\/p>\n<p><strong><img decoding=\"async\" class=\"wp-image-12797 alignleft\" src=\"https:\/\/oc.ca\/wp-content\/uploads\/2023\/12\/Jubinville-Headshot.png\" alt=\"\" width=\"132\" height=\"132\" srcset=\"https:\/\/oc.ca\/wp-content\/uploads\/2023\/12\/Jubinville-Headshot.png 185w, https:\/\/oc.ca\/wp-content\/uploads\/2023\/12\/Jubinville-Headshot-150x150.png 150w\" sizes=\"(min-width: 960px) 75vw, 100vw\" \/>Pr\u00e9sentatrice : <\/strong>Lise Jubinville, Gestionnaire, Ex\u00e9cution du programme de permis CITES, Gestion de la faune et affaires r\u00e9glementaires \/ Service canadien de la faune<\/p>\n<p>Lise Jubinville travaille au Service canadien de la faune depuis 2010 dans le cadre du programme de d\u00e9livrance de permis de la Convention sur le commerce international des esp\u00e8ces de faune et de flore sauvages menac\u00e9es d\u2019extinction (CITES). Auparavant, elle a travaill\u00e9 dans le secteur priv\u00e9 dans le secteur des t\u00e9l\u00e9communications en tant que d\u00e9veloppeuse de logiciels, architecte, responsable du d\u00e9veloppement et des tests. Lise a mis \u00e0 profit sa vaste exp\u00e9rience en technologie pour rationaliser et am\u00e9liorer la qualit\u00e9 de la prestation des services de d\u00e9livrance des permis canadiens de la CITES. Elle repr\u00e9sente CITES Canada en tant qu\u2019autorit\u00e9 de gestion lors de r\u00e9unions et de discussions internationales.<\/p>\n<p style=\"text-align: center;\"><a href=\"https:\/\/us02web.zoom.us\/meeting\/register\/tZErduGpqDgqE9WKtM8y59KYJ4wTTS-udKME\"><strong><button class=\"blue-button-medium\">S&#8217;inscrire!<\/button><\/strong><\/a><\/p>\n","protected":false},"excerpt":{"rendered":"<p>des modifications r\u00e9glementaires canadiennes relatives \u00e0 l&#8217;ivoire d&#8217;\u00e9l\u00e9phant et \u00e0 la corne de rhinoc\u00e9ros &nbsp; Date : 13 d\u00e9cembre 2023 Heure : 10h30 pm \u00e0 11h30 HE Lieu : R\u00e9unions Zoom Co\u00fbt : Gratuit Cette session est pr\u00e9sent\u00e9e en fran\u00e7ais uniquement. La m\u00eame session sera pr\u00e9sent\u00e9e en anglais de 12h00 \u00e0 13h00. S&#8217;inscrire! Orchestres Canada [&hellip;]<\/p>\n","protected":false},"author":10,"featured_media":0,"parent":0,"menu_order":0,"comment_status":"closed","ping_status":"closed","template":"","meta":{"_acf_changed":false,"_monsterinsights_skip_tracking":false,"_monsterinsights_sitenote_active":false,"_monsterinsights_sitenote_note":"","_monsterinsights_sitenote_category":0,"footnotes":""},"class_list":["post-12809","page","type-page","status-publish","hentry"],"acf":[],"yoast_head":"<!-- This site is optimized with the Yoast SEO plugin v25.4 - https:\/\/yoast.com\/wordpress\/plugins\/seo\/ -->\n<title>Impact sur les musicien.ne.s et les orchestres - Orchestras Canada\/Orchestres Canada<\/title>\n<meta name=\"robots\" content=\"index, follow, max-snippet:-1, max-image-preview:large, max-video-preview:-1\" \/>\n<link rel=\"canonical\" href=\"https:\/\/oc.ca\/fr\/impact-sur-les-musicien-ne-s-et-les-orchestres\/\" \/>\n<meta property=\"og:locale\" content=\"fr_FR\" \/>\n<meta property=\"og:type\" content=\"article\" \/>\n<meta property=\"og:title\" content=\"Impact sur les musicien.ne.s et les orchestres - Orchestras Canada\/Orchestres Canada\" \/>\n<meta property=\"og:description\" content=\"des modifications r\u00e9glementaires canadiennes relatives \u00e0 l&#8217;ivoire d&#8217;\u00e9l\u00e9phant et \u00e0 la corne de rhinoc\u00e9ros &nbsp; Date : 13 d\u00e9cembre 2023 Heure : 10h30 pm \u00e0 11h30 HE Lieu : R\u00e9unions Zoom Co\u00fbt : Gratuit Cette session est pr\u00e9sent\u00e9e en fran\u00e7ais uniquement. La m\u00eame session sera pr\u00e9sent\u00e9e en anglais de 12h00 \u00e0 13h00. S&#8217;inscrire! Orchestres Canada [&hellip;]\" \/>\n<meta property=\"og:url\" content=\"https:\/\/oc.ca\/fr\/impact-sur-les-musicien-ne-s-et-les-orchestres\/\" \/>\n<meta property=\"og:site_name\" content=\"Orchestras Canada\/Orchestres Canada\" \/>\n<meta property=\"article:modified_time\" content=\"2023-12-07T20:00:09+00:00\" \/>\n<meta property=\"og:image\" content=\"https:\/\/oc.ca\/wp-content\/uploads\/2023\/12\/FR-Visual-Webinar-Impact-on-musicians-and-orchestras-of-the-Canadian-regulatory-amendments-for-elephant-ivory-and-rhino-horn-800x451.png\" \/>\n<meta name=\"twitter:card\" content=\"summary_large_image\" \/>\n<meta name=\"twitter:label1\" content=\"Dur\u00e9e de lecture estim\u00e9e\" \/>\n\t<meta name=\"twitter:data1\" content=\"2 minutes\" \/>\n<script type=\"application\/ld+json\" class=\"yoast-schema-graph\">{\"@context\":\"https:\/\/schema.org\",\"@graph\":[{\"@type\":\"WebPage\",\"@id\":\"https:\/\/oc.ca\/fr\/impact-sur-les-musicien-ne-s-et-les-orchestres\/\",\"url\":\"https:\/\/oc.ca\/fr\/impact-sur-les-musicien-ne-s-et-les-orchestres\/\",\"name\":\"Impact sur les musicien.ne.s et les orchestres - Orchestras Canada\/Orchestres Canada\",\"isPartOf\":{\"@id\":\"https:\/\/oc.ca\/en\/#website\"},\"primaryImageOfPage\":{\"@id\":\"https:\/\/oc.ca\/fr\/impact-sur-les-musicien-ne-s-et-les-orchestres\/#primaryimage\"},\"image\":{\"@id\":\"https:\/\/oc.ca\/fr\/impact-sur-les-musicien-ne-s-et-les-orchestres\/#primaryimage\"},\"thumbnailUrl\":\"https:\/\/oc.ca\/wp-content\/uploads\/2023\/12\/FR-Visual-Webinar-Impact-on-musicians-and-orchestras-of-the-Canadian-regulatory-amendments-for-elephant-ivory-and-rhino-horn-800x451.png\",\"datePublished\":\"2023-12-07T19:59:10+00:00\",\"dateModified\":\"2023-12-07T20:00:09+00:00\",\"breadcrumb\":{\"@id\":\"https:\/\/oc.ca\/fr\/impact-sur-les-musicien-ne-s-et-les-orchestres\/#breadcrumb\"},\"inLanguage\":\"fr-FR\",\"potentialAction\":[{\"@type\":\"ReadAction\",\"target\":[\"https:\/\/oc.ca\/fr\/impact-sur-les-musicien-ne-s-et-les-orchestres\/\"]}]},{\"@type\":\"ImageObject\",\"inLanguage\":\"fr-FR\",\"@id\":\"https:\/\/oc.ca\/fr\/impact-sur-les-musicien-ne-s-et-les-orchestres\/#primaryimage\",\"url\":\"https:\/\/oc.ca\/wp-content\/uploads\/2023\/12\/FR-Visual-Webinar-Impact-on-musicians-and-orchestras-of-the-Canadian-regulatory-amendments-for-elephant-ivory-and-rhino-horn-800x451.png\",\"contentUrl\":\"https:\/\/oc.ca\/wp-content\/uploads\/2023\/12\/FR-Visual-Webinar-Impact-on-musicians-and-orchestras-of-the-Canadian-regulatory-amendments-for-elephant-ivory-and-rhino-horn-800x451.png\"},{\"@type\":\"BreadcrumbList\",\"@id\":\"https:\/\/oc.ca\/fr\/impact-sur-les-musicien-ne-s-et-les-orchestres\/#breadcrumb\",\"itemListElement\":[{\"@type\":\"ListItem\",\"position\":1,\"name\":\"Home\",\"item\":\"https:\/\/oc.ca\/fr\/\"},{\"@type\":\"ListItem\",\"position\":2,\"name\":\"Impact sur les musicien.ne.s et les orchestres\"}]},{\"@type\":\"WebSite\",\"@id\":\"https:\/\/oc.ca\/en\/#website\",\"url\":\"https:\/\/oc.ca\/en\/\",\"name\":\"Orchestras Canada\/Orchestres Canada\",\"description\":\"\",\"publisher\":{\"@id\":\"https:\/\/oc.ca\/en\/#organization\"},\"potentialAction\":[{\"@type\":\"SearchAction\",\"target\":{\"@type\":\"EntryPoint\",\"urlTemplate\":\"https:\/\/oc.ca\/en\/?s={search_term_string}\"},\"query-input\":{\"@type\":\"PropertyValueSpecification\",\"valueRequired\":true,\"valueName\":\"search_term_string\"}}],\"inLanguage\":\"fr-FR\"},{\"@type\":\"Organization\",\"@id\":\"https:\/\/oc.ca\/en\/#organization\",\"name\":\"Orchestras Canada\/Orchestres Canada\",\"url\":\"https:\/\/oc.ca\/en\/\",\"logo\":{\"@type\":\"ImageObject\",\"inLanguage\":\"fr-FR\",\"@id\":\"https:\/\/oc.ca\/en\/#\/schema\/logo\/image\/\",\"url\":\"https:\/\/oc.ca\/wp-content\/uploads\/2019\/03\/cropped-OC-Logo-800x200-1.png\",\"contentUrl\":\"https:\/\/oc.ca\/wp-content\/uploads\/2019\/03\/cropped-OC-Logo-800x200-1.png\",\"width\":400,\"height\":100,\"caption\":\"Orchestras Canada\/Orchestres Canada\"},\"image\":{\"@id\":\"https:\/\/oc.ca\/en\/#\/schema\/logo\/image\/\"}}]}<\/script>\n<!-- \/ Yoast SEO plugin. -->","yoast_head_json":{"title":"Impact sur les musicien.ne.s et les orchestres - Orchestras Canada\/Orchestres Canada","robots":{"index":"index","follow":"follow","max-snippet":"max-snippet:-1","max-image-preview":"max-image-preview:large","max-video-preview":"max-video-preview:-1"},"canonical":"https:\/\/oc.ca\/fr\/impact-sur-les-musicien-ne-s-et-les-orchestres\/","og_locale":"fr_FR","og_type":"article","og_title":"Impact sur les musicien.ne.s et les orchestres - Orchestras Canada\/Orchestres Canada","og_description":"des modifications r\u00e9glementaires canadiennes relatives \u00e0 l&#8217;ivoire d&#8217;\u00e9l\u00e9phant et \u00e0 la corne de rhinoc\u00e9ros &nbsp; Date : 13 d\u00e9cembre 2023 Heure : 10h30 pm \u00e0 11h30 HE Lieu : R\u00e9unions Zoom Co\u00fbt : Gratuit Cette session est pr\u00e9sent\u00e9e en fran\u00e7ais uniquement. La m\u00eame session sera pr\u00e9sent\u00e9e en anglais de 12h00 \u00e0 13h00. S&#8217;inscrire! Orchestres Canada [&hellip;]","og_url":"https:\/\/oc.ca\/fr\/impact-sur-les-musicien-ne-s-et-les-orchestres\/","og_site_name":"Orchestras Canada\/Orchestres Canada","article_modified_time":"2023-12-07T20:00:09+00:00","og_image":[{"url":"https:\/\/oc.ca\/wp-content\/uploads\/2023\/12\/FR-Visual-Webinar-Impact-on-musicians-and-orchestras-of-the-Canadian-regulatory-amendments-for-elephant-ivory-and-rhino-horn-800x451.png","type":"","width":"","height":""}],"twitter_card":"summary_large_image","twitter_misc":{"Dur\u00e9e de lecture estim\u00e9e":"2 minutes"},"schema":{"@context":"https:\/\/schema.org","@graph":[{"@type":"WebPage","@id":"https:\/\/oc.ca\/fr\/impact-sur-les-musicien-ne-s-et-les-orchestres\/","url":"https:\/\/oc.ca\/fr\/impact-sur-les-musicien-ne-s-et-les-orchestres\/","name":"Impact sur les musicien.ne.s et les orchestres - Orchestras Canada\/Orchestres Canada","isPartOf":{"@id":"https:\/\/oc.ca\/en\/#website"},"primaryImageOfPage":{"@id":"https:\/\/oc.ca\/fr\/impact-sur-les-musicien-ne-s-et-les-orchestres\/#primaryimage"},"image":{"@id":"https:\/\/oc.ca\/fr\/impact-sur-les-musicien-ne-s-et-les-orchestres\/#primaryimage"},"thumbnailUrl":"https:\/\/oc.ca\/wp-content\/uploads\/2023\/12\/FR-Visual-Webinar-Impact-on-musicians-and-orchestras-of-the-Canadian-regulatory-amendments-for-elephant-ivory-and-rhino-horn-800x451.png","datePublished":"2023-12-07T19:59:10+00:00","dateModified":"2023-12-07T20:00:09+00:00","breadcrumb":{"@id":"https:\/\/oc.ca\/fr\/impact-sur-les-musicien-ne-s-et-les-orchestres\/#breadcrumb"},"inLanguage":"fr-FR","potentialAction":[{"@type":"ReadAction","target":["https:\/\/oc.ca\/fr\/impact-sur-les-musicien-ne-s-et-les-orchestres\/"]}]},{"@type":"ImageObject","inLanguage":"fr-FR","@id":"https:\/\/oc.ca\/fr\/impact-sur-les-musicien-ne-s-et-les-orchestres\/#primaryimage","url":"https:\/\/oc.ca\/wp-content\/uploads\/2023\/12\/FR-Visual-Webinar-Impact-on-musicians-and-orchestras-of-the-Canadian-regulatory-amendments-for-elephant-ivory-and-rhino-horn-800x451.png","contentUrl":"https:\/\/oc.ca\/wp-content\/uploads\/2023\/12\/FR-Visual-Webinar-Impact-on-musicians-and-orchestras-of-the-Canadian-regulatory-amendments-for-elephant-ivory-and-rhino-horn-800x451.png"},{"@type":"BreadcrumbList","@id":"https:\/\/oc.ca\/fr\/impact-sur-les-musicien-ne-s-et-les-orchestres\/#breadcrumb","itemListElement":[{"@type":"ListItem","position":1,"name":"Home","item":"https:\/\/oc.ca\/fr\/"},{"@type":"ListItem","position":2,"name":"Impact sur les musicien.ne.s et les orchestres"}]},{"@type":"WebSite","@id":"https:\/\/oc.ca\/en\/#website","url":"https:\/\/oc.ca\/en\/","name":"Orchestras Canada\/Orchestres Canada","description":"","publisher":{"@id":"https:\/\/oc.ca\/en\/#organization"},"potentialAction":[{"@type":"SearchAction","target":{"@type":"EntryPoint","urlTemplate":"https:\/\/oc.ca\/en\/?s={search_term_string}"},"query-input":{"@type":"PropertyValueSpecification","valueRequired":true,"valueName":"search_term_string"}}],"inLanguage":"fr-FR"},{"@type":"Organization","@id":"https:\/\/oc.ca\/en\/#organization","name":"Orchestras Canada\/Orchestres Canada","url":"https:\/\/oc.ca\/en\/","logo":{"@type":"ImageObject","inLanguage":"fr-FR","@id":"https:\/\/oc.ca\/en\/#\/schema\/logo\/image\/","url":"https:\/\/oc.ca\/wp-content\/uploads\/2019\/03\/cropped-OC-Logo-800x200-1.png","contentUrl":"https:\/\/oc.ca\/wp-content\/uploads\/2019\/03\/cropped-OC-Logo-800x200-1.png","width":400,"height":100,"caption":"Orchestras Canada\/Orchestres Canada"},"image":{"@id":"https:\/\/oc.ca\/en\/#\/schema\/logo\/image\/"}}]}},"_links":{"self":[{"href":"https:\/\/oc.ca\/fr\/wp-json\/wp\/v2\/pages\/12809","targetHints":{"allow":["GET"]}}],"collection":[{"href":"https:\/\/oc.ca\/fr\/wp-json\/wp\/v2\/pages"}],"about":[{"href":"https:\/\/oc.ca\/fr\/wp-json\/wp\/v2\/types\/page"}],"author":[{"embeddable":true,"href":"https:\/\/oc.ca\/fr\/wp-json\/wp\/v2\/users\/10"}],"replies":[{"embeddable":true,"href":"https:\/\/oc.ca\/fr\/wp-json\/wp\/v2\/comments?post=12809"}],"version-history":[{"count":2,"href":"https:\/\/oc.ca\/fr\/wp-json\/wp\/v2\/pages\/12809\/revisions"}],"predecessor-version":[{"id":12813,"href":"https:\/\/oc.ca\/fr\/wp-json\/wp\/v2\/pages\/12809\/revisions\/12813"}],"wp:attachment":[{"href":"https:\/\/oc.ca\/fr\/wp-json\/wp\/v2\/media?parent=12809"}],"curies":[{"name":"wp","href":"https:\/\/api.w.org\/{rel}","templated":true}]}}