{"id":12758,"date":"2023-12-01T14:13:00","date_gmt":"2023-12-01T19:13:00","guid":{"rendered":"http:\/\/demosite2.asurtec.com\/?page_id=12758"},"modified":"2024-01-24T09:56:01","modified_gmt":"2024-01-24T14:56:01","slug":"pratiques-exemplaires-cybersecurite","status":"publish","type":"page","link":"https:\/\/oc.ca\/fr\/pratiques-exemplaires-cybersecurite\/","title":{"rendered":"Les pratiques exemplaires en mati\u00e8re de cybers\u00e9curit\u00e9"},"content":{"rendered":"<ul>\n<li><b><span data-contrast=\"none\">Dates de la formation <\/span><\/b><span data-contrast=\"none\">: 21 et 22 f\u00e9vrier 2024, en ligne\u00a0<\/span><span data-ccp-props=\"{&quot;201341983&quot;:0,&quot;335559739&quot;:160,&quot;335559740&quot;:259}\">\u00a0<\/span><\/li>\n<li><b><span data-contrast=\"none\">Heure<\/span><\/b><span data-contrast=\"none\"> : de 13 h \u00e0 16 h 30 (heure de l&#8217;Est) les deux jours\u00a0<\/span><span data-ccp-props=\"{&quot;201341983&quot;:0,&quot;335559739&quot;:160,&quot;335559740&quot;:259}\">\u00a0<\/span><\/li>\n<li><b><span data-contrast=\"none\">Co\u00fbt<\/span><\/b><span data-contrast=\"none\"> : Nous offrons un prix r\u00e9duit de 100 $ par participant, le co\u00fbt diminuant avec chaque participant suppl\u00e9mentaire du m\u00eame organisme (le prix de la formation est initialement de 500 $ par participant).\u00a0<\/span><span data-ccp-props=\"{&quot;201341983&quot;:0,&quot;335559739&quot;:160,&quot;335559740&quot;:259}\">\u00a0<\/span><\/li>\n<li><b><span data-contrast=\"none\">Langue de la formation<\/span><\/b><span data-contrast=\"none\"> : Anglais. Cependant, le mat\u00e9riel sera \u00e9galement partag\u00e9e en fran\u00e7ais et les instructeurs pourront r\u00e9pondre \u00e0 vos questions en fran\u00e7ais.\u00a0<\/span><span data-ccp-props=\"{&quot;201341983&quot;:0,&quot;335559739&quot;:160,&quot;335559740&quot;:259}\">\u00a0<\/span><\/li>\n<\/ul>\n<h2 id=\"3\" class=\"mrgn-tp-0\">Description<\/h2>\n<p>\u00cates-vous pr\u00e9occup\u00e9s par les cyber-attaques potentielles? Est-ce que vous et votre \u00e9quipe avez l&#8217;expertise n\u00e9cessaire pour y faire face?<\/p>\n<p>Nous avons le plaisir d&#8217;annoncer que nous nous associons \u00e0 sept autres organismes de services aux arts du Canada pour pr\u00e9senter une solide formation avec instructeur intitul\u00e9e <strong>Pratiques exemplaires en mati\u00e8re de cybers\u00e9curit\u00e9!<\/strong> Dirig\u00e9e par le Centre canadien pour la cybers\u00e9curit\u00e9, cette formation se d\u00e9roulera en ligne pendant deux demi-journ\u00e9es en f\u00e9vrier 2024.<\/p>\n<p><span data-contrast=\"none\"> <img fetchpriority=\"high\" decoding=\"async\" class=\"size-large wp-image-12777 aligncenter\" src=\"https:\/\/oc.ca\/wp-content\/uploads\/2023\/12\/FR-FB-LinkedIn-Cyber-Security-Best-Practices-800x451.png\" alt=\"Image d'un graphique promotionnel pour une prochaine formation sur les pratiques exemplaires en mati\u00e8re de cybers\u00e9curit\u00e9. Le texte et les logos sur l'image annoncent un partenariat entre huit organismes de services aux arts au Canada. Les d\u00e9tails concernant l'\u00e9v\u00e9nement, notamment les dates (21 et 22 f\u00e9vrier 2024), l'heure (13 h \u00e0 16 h 30 HE) et la langue (anglais), sont mis en \u00e9vidence. \" width=\"800\" height=\"451\" srcset=\"https:\/\/oc.ca\/wp-content\/uploads\/2023\/12\/FR-FB-LinkedIn-Cyber-Security-Best-Practices-800x451.png 800w, https:\/\/oc.ca\/wp-content\/uploads\/2023\/12\/FR-FB-LinkedIn-Cyber-Security-Best-Practices-300x169.png 300w, https:\/\/oc.ca\/wp-content\/uploads\/2023\/12\/FR-FB-LinkedIn-Cyber-Security-Best-Practices-768x433.png 768w, https:\/\/oc.ca\/wp-content\/uploads\/2023\/12\/FR-FB-LinkedIn-Cyber-Security-Best-Practices-1536x865.png 1536w, https:\/\/oc.ca\/wp-content\/uploads\/2023\/12\/FR-FB-LinkedIn-Cyber-Security-Best-Practices.png 1640w\" sizes=\"(min-width: 960px) 75vw, 100vw\" \/><\/span><span data-ccp-props=\"{&quot;134233117&quot;:false,&quot;134233118&quot;:false,&quot;201341983&quot;:0,&quot;335551550&quot;:1,&quot;335551620&quot;:1,&quot;335559685&quot;:0,&quot;335559737&quot;:0,&quot;335559738&quot;:0,&quot;335559739&quot;:160,&quot;335559740&quot;:259}\">\u00a0<\/span><br \/>\n<span class=\"TextRun SCXW2060064 BCX0\" lang=\"FR-CA\" xml:lang=\"FR-CA\" data-contrast=\"none\"><span class=\"NormalTextRun SCXW2060064 BCX0\">Cette formation <\/span><span class=\"NormalTextRun SCXW2060064 BCX0\">pr\u00e9sentera<\/span><span class=\"NormalTextRun SCXW2060064 BCX0\"> les menaces \u00e0 la <\/span><span class=\"NormalTextRun SCXW2060064 BCX0\">cybers\u00e9curit\u00e9<\/span><span class=\"NormalTextRun SCXW2060064 BCX0\"> que <\/span><span class=\"NormalTextRun SCXW2060064 BCX0\">vous<\/span> <span class=\"NormalTextRun SCXW2060064 BCX0\">pourriez<\/span> <span class=\"NormalTextRun SCXW2060064 BCX0\">rencontrer<\/span><span class=\"NormalTextRun SCXW2060064 BCX0\"> au travail et dans <\/span><span class=\"NormalTextRun SCXW2060064 BCX0\">votre<\/span><span class=\"NormalTextRun SCXW2060064 BCX0\"> vie <\/span><span class=\"NormalTextRun SCXW2060064 BCX0\">personnelle<\/span><span class=\"NormalTextRun SCXW2060064 BCX0\">. Vous <\/span><span class=\"NormalTextRun SCXW2060064 BCX0\">apprendrez<\/span><span class=\"NormalTextRun SCXW2060064 BCX0\"> les <\/span><span class=\"NormalTextRun SCXW2060064 BCX0\">comportements<\/span><span class=\"NormalTextRun SCXW2060064 BCX0\"> et les <\/span><span class=\"NormalTextRun SCXW2060064 BCX0\">strat\u00e9gies<\/span><span class=\"NormalTextRun SCXW2060064 BCX0\"> que <\/span><span class=\"NormalTextRun SCXW2060064 BCX0\">vous<\/span> <span class=\"NormalTextRun SCXW2060064 BCX0\">pouvez<\/span> <span class=\"NormalTextRun SCXW2060064 BCX0\">mettre<\/span> <span class=\"NormalTextRun SCXW2060064 BCX0\">en<\/span> <span class=\"NormalTextRun SCXW2060064 BCX0\">\u0153uvre<\/span><span class=\"NormalTextRun SCXW2060064 BCX0\"> pour <\/span><span class=\"NormalTextRun SCXW2060064 BCX0\">att\u00e9nuer<\/span> <span class=\"NormalTextRun SCXW2060064 BCX0\">ces<\/span> <span class=\"NormalTextRun SCXW2060064 BCX0\">risques<\/span> <span class=\"NormalTextRun SCXW2060064 BCX0\">chaque<\/span> <span class=\"NormalTextRun SCXW2060064 BCX0\">fois<\/span><span class=\"NormalTextRun SCXW2060064 BCX0\"> que <\/span><span class=\"NormalTextRun SCXW2060064 BCX0\">vous<\/span> <span class=\"NormalTextRun SCXW2060064 BCX0\">\u00eates<\/span> <span class=\"NormalTextRun SCXW2060064 BCX0\">connect\u00e9<\/span><span class=\"NormalTextRun SCXW2060064 BCX0\">.\u00a0\u00a0<\/span><\/span><span class=\"EOP SCXW2060064 BCX0\" data-ccp-props=\"{&quot;201341983&quot;:0,&quot;335559739&quot;:160,&quot;335559740&quot;:259}\">\u00a0<\/span><\/p>\n<h2>Objectifs<\/h2>\n<p>\u00c0 la fin du cours, les participants seront en mesure de faire ce qui suit :<\/p>\n<ul>\n<li>identifier les diverses cybermenaces;<\/li>\n<li>nommer les mesures \u00e0 mettre en place, les conseils \u00e0 suivre, ainsi que les strat\u00e9gies et les comportements \u00e0 adopter pour diminuer les risques en ligne;<\/li>\n<li>int\u00e9grer des pratiques exemplaires aux activit\u00e9s quotidiennes men\u00e9es dans vos vies personnelles et professionnelles pour att\u00e9nuer le cyberrisque et renforcer les pratiques exemplaires en cybers\u00e9curit\u00e9.<\/li>\n<\/ul>\n<h2 id=\"4\">Auditoire cible<\/h2>\n<p>Les employ\u00e9s de tous les niveaux<\/p>\n<h2 id=\"3\" class=\"mrgn-tp-0\">Partenaires du projet<\/h2>\n<p>Orchestres Canada, R\u00e9seau SPARC, Playwrights Guild of Canada, Assembl\u00e9e canadienne de la danse, Canadian Live Music Association, Greater Vancouver Professional Theatre Alliance, Professional Association of Canadian Theatres, CAPACOA.<\/p>\n<h2 id=\"4\">S&#8217;inscrire (formulaire disponible en anglais seulement)<\/h2>\n<p><strong>Politique d&#8217;annulation :<\/strong> Nous acceptons les annulations avec remboursement jusqu&#8217;\u00e0 14 jours avant la date de d\u00e9but de l&#8217;\u00e9v\u00e9nement. Les annulations avec moins de 14 jours de pr\u00e9avis ne sont pas remboursables, mais tu peux transf\u00e9rer ton inscription \u00e0 un coll\u00e8gue.<\/p>\n\n","protected":false},"excerpt":{"rendered":"<p>Dates de la formation : 21 et 22 f\u00e9vrier 2024, en ligne\u00a0\u00a0 Heure : de 13 h \u00e0 16 h 30 (heure de l&#8217;Est) les deux jours\u00a0\u00a0 Co\u00fbt : Nous offrons un prix r\u00e9duit de 100 $ par participant, le co\u00fbt diminuant avec chaque participant suppl\u00e9mentaire du m\u00eame organisme (le prix de la formation est [&hellip;]<\/p>\n","protected":false},"author":10,"featured_media":0,"parent":0,"menu_order":0,"comment_status":"closed","ping_status":"closed","template":"","meta":{"_acf_changed":false,"_monsterinsights_skip_tracking":false,"_monsterinsights_sitenote_active":false,"_monsterinsights_sitenote_note":"","_monsterinsights_sitenote_category":0,"footnotes":""},"class_list":["post-12758","page","type-page","status-publish","hentry"],"acf":[],"yoast_head":"<!-- This site is optimized with the Yoast SEO plugin v27.3 - https:\/\/yoast.com\/product\/yoast-seo-wordpress\/ -->\n<title>Les pratiques exemplaires en mati\u00e8re de cybers\u00e9curit\u00e9 - Orchestras Canada\/Orchestres Canada<\/title>\n<meta name=\"robots\" content=\"index, follow, max-snippet:-1, max-image-preview:large, max-video-preview:-1\" \/>\n<link rel=\"canonical\" href=\"https:\/\/oc.ca\/en\/cybersecurity-best-practices\/\" \/>\n<meta property=\"og:locale\" content=\"fr_FR\" \/>\n<meta property=\"og:type\" content=\"article\" \/>\n<meta property=\"og:title\" content=\"Les pratiques exemplaires en mati\u00e8re de cybers\u00e9curit\u00e9 - Orchestras Canada\/Orchestres Canada\" \/>\n<meta property=\"og:description\" content=\"Dates de la formation : 21 et 22 f\u00e9vrier 2024, en ligne\u00a0\u00a0 Heure : de 13 h \u00e0 16 h 30 (heure de l&#8217;Est) les deux jours\u00a0\u00a0 Co\u00fbt : Nous offrons un prix r\u00e9duit de 100 $ par participant, le co\u00fbt diminuant avec chaque participant suppl\u00e9mentaire du m\u00eame organisme (le prix de la formation est [&hellip;]\" \/>\n<meta property=\"og:url\" content=\"https:\/\/oc.ca\/en\/cybersecurity-best-practices\/\" \/>\n<meta property=\"og:site_name\" content=\"Orchestras Canada\/Orchestres Canada\" \/>\n<meta property=\"article:modified_time\" content=\"2024-01-24T14:56:01+00:00\" \/>\n<meta property=\"og:image\" content=\"https:\/\/oc.ca\/wp-content\/uploads\/2023\/12\/FR-FB-LinkedIn-Cyber-Security-Best-Practices-800x451.png\" \/>\n<meta name=\"twitter:card\" content=\"summary_large_image\" \/>\n<meta name=\"twitter:label1\" content=\"Dur\u00e9e de lecture estim\u00e9e\" \/>\n\t<meta name=\"twitter:data1\" content=\"2 minutes\" \/>\n<script type=\"application\/ld+json\" class=\"yoast-schema-graph\">{\"@context\":\"https:\\\/\\\/schema.org\",\"@graph\":[{\"@type\":\"WebPage\",\"@id\":\"https:\\\/\\\/oc.ca\\\/en\\\/cybersecurity-best-practices\\\/\",\"url\":\"https:\\\/\\\/oc.ca\\\/en\\\/cybersecurity-best-practices\\\/\",\"name\":\"Les pratiques exemplaires en mati\u00e8re de cybers\u00e9curit\u00e9 - Orchestras Canada\\\/Orchestres Canada\",\"isPartOf\":{\"@id\":\"https:\\\/\\\/oc.ca\\\/en\\\/#website\"},\"primaryImageOfPage\":{\"@id\":\"https:\\\/\\\/oc.ca\\\/en\\\/cybersecurity-best-practices\\\/#primaryimage\"},\"image\":{\"@id\":\"https:\\\/\\\/oc.ca\\\/en\\\/cybersecurity-best-practices\\\/#primaryimage\"},\"thumbnailUrl\":\"https:\\\/\\\/oc.ca\\\/wp-content\\\/uploads\\\/2023\\\/12\\\/FR-FB-LinkedIn-Cyber-Security-Best-Practices-800x451.png\",\"datePublished\":\"2023-12-01T19:13:00+00:00\",\"dateModified\":\"2024-01-24T14:56:01+00:00\",\"breadcrumb\":{\"@id\":\"https:\\\/\\\/oc.ca\\\/en\\\/cybersecurity-best-practices\\\/#breadcrumb\"},\"inLanguage\":\"fr-FR\",\"potentialAction\":[{\"@type\":\"ReadAction\",\"target\":[\"https:\\\/\\\/oc.ca\\\/en\\\/cybersecurity-best-practices\\\/\"]}]},{\"@type\":\"ImageObject\",\"inLanguage\":\"fr-FR\",\"@id\":\"https:\\\/\\\/oc.ca\\\/en\\\/cybersecurity-best-practices\\\/#primaryimage\",\"url\":\"https:\\\/\\\/oc.ca\\\/wp-content\\\/uploads\\\/2023\\\/12\\\/FR-FB-LinkedIn-Cyber-Security-Best-Practices-800x451.png\",\"contentUrl\":\"https:\\\/\\\/oc.ca\\\/wp-content\\\/uploads\\\/2023\\\/12\\\/FR-FB-LinkedIn-Cyber-Security-Best-Practices-800x451.png\"},{\"@type\":\"BreadcrumbList\",\"@id\":\"https:\\\/\\\/oc.ca\\\/en\\\/cybersecurity-best-practices\\\/#breadcrumb\",\"itemListElement\":[{\"@type\":\"ListItem\",\"position\":1,\"name\":\"Home\",\"item\":\"https:\\\/\\\/oc.ca\\\/fr\\\/\"},{\"@type\":\"ListItem\",\"position\":2,\"name\":\"Les pratiques exemplaires en mati\u00e8re de cybers\u00e9curit\u00e9\"}]},{\"@type\":\"WebSite\",\"@id\":\"https:\\\/\\\/oc.ca\\\/en\\\/#website\",\"url\":\"https:\\\/\\\/oc.ca\\\/en\\\/\",\"name\":\"Orchestras Canada\\\/Orchestres Canada\",\"description\":\"\",\"publisher\":{\"@id\":\"https:\\\/\\\/oc.ca\\\/en\\\/#organization\"},\"potentialAction\":[{\"@type\":\"SearchAction\",\"target\":{\"@type\":\"EntryPoint\",\"urlTemplate\":\"https:\\\/\\\/oc.ca\\\/en\\\/?s={search_term_string}\"},\"query-input\":{\"@type\":\"PropertyValueSpecification\",\"valueRequired\":true,\"valueName\":\"search_term_string\"}}],\"inLanguage\":\"fr-FR\"},{\"@type\":\"Organization\",\"@id\":\"https:\\\/\\\/oc.ca\\\/en\\\/#organization\",\"name\":\"Orchestras Canada\\\/Orchestres Canada\",\"url\":\"https:\\\/\\\/oc.ca\\\/en\\\/\",\"logo\":{\"@type\":\"ImageObject\",\"inLanguage\":\"fr-FR\",\"@id\":\"https:\\\/\\\/oc.ca\\\/en\\\/#\\\/schema\\\/logo\\\/image\\\/\",\"url\":\"https:\\\/\\\/oc.ca\\\/wp-content\\\/uploads\\\/2019\\\/03\\\/cropped-OC-Logo-800x200-1.png\",\"contentUrl\":\"https:\\\/\\\/oc.ca\\\/wp-content\\\/uploads\\\/2019\\\/03\\\/cropped-OC-Logo-800x200-1.png\",\"width\":400,\"height\":100,\"caption\":\"Orchestras Canada\\\/Orchestres Canada\"},\"image\":{\"@id\":\"https:\\\/\\\/oc.ca\\\/en\\\/#\\\/schema\\\/logo\\\/image\\\/\"}}]}<\/script>\n<!-- \/ Yoast SEO plugin. -->","yoast_head_json":{"title":"Les pratiques exemplaires en mati\u00e8re de cybers\u00e9curit\u00e9 - Orchestras Canada\/Orchestres Canada","robots":{"index":"index","follow":"follow","max-snippet":"max-snippet:-1","max-image-preview":"max-image-preview:large","max-video-preview":"max-video-preview:-1"},"canonical":"https:\/\/oc.ca\/en\/cybersecurity-best-practices\/","og_locale":"fr_FR","og_type":"article","og_title":"Les pratiques exemplaires en mati\u00e8re de cybers\u00e9curit\u00e9 - Orchestras Canada\/Orchestres Canada","og_description":"Dates de la formation : 21 et 22 f\u00e9vrier 2024, en ligne\u00a0\u00a0 Heure : de 13 h \u00e0 16 h 30 (heure de l&#8217;Est) les deux jours\u00a0\u00a0 Co\u00fbt : Nous offrons un prix r\u00e9duit de 100 $ par participant, le co\u00fbt diminuant avec chaque participant suppl\u00e9mentaire du m\u00eame organisme (le prix de la formation est [&hellip;]","og_url":"https:\/\/oc.ca\/en\/cybersecurity-best-practices\/","og_site_name":"Orchestras Canada\/Orchestres Canada","article_modified_time":"2024-01-24T14:56:01+00:00","og_image":[{"url":"https:\/\/oc.ca\/wp-content\/uploads\/2023\/12\/FR-FB-LinkedIn-Cyber-Security-Best-Practices-800x451.png","type":"","width":"","height":""}],"twitter_card":"summary_large_image","twitter_misc":{"Dur\u00e9e de lecture estim\u00e9e":"2 minutes"},"schema":{"@context":"https:\/\/schema.org","@graph":[{"@type":"WebPage","@id":"https:\/\/oc.ca\/en\/cybersecurity-best-practices\/","url":"https:\/\/oc.ca\/en\/cybersecurity-best-practices\/","name":"Les pratiques exemplaires en mati\u00e8re de cybers\u00e9curit\u00e9 - Orchestras Canada\/Orchestres Canada","isPartOf":{"@id":"https:\/\/oc.ca\/en\/#website"},"primaryImageOfPage":{"@id":"https:\/\/oc.ca\/en\/cybersecurity-best-practices\/#primaryimage"},"image":{"@id":"https:\/\/oc.ca\/en\/cybersecurity-best-practices\/#primaryimage"},"thumbnailUrl":"https:\/\/oc.ca\/wp-content\/uploads\/2023\/12\/FR-FB-LinkedIn-Cyber-Security-Best-Practices-800x451.png","datePublished":"2023-12-01T19:13:00+00:00","dateModified":"2024-01-24T14:56:01+00:00","breadcrumb":{"@id":"https:\/\/oc.ca\/en\/cybersecurity-best-practices\/#breadcrumb"},"inLanguage":"fr-FR","potentialAction":[{"@type":"ReadAction","target":["https:\/\/oc.ca\/en\/cybersecurity-best-practices\/"]}]},{"@type":"ImageObject","inLanguage":"fr-FR","@id":"https:\/\/oc.ca\/en\/cybersecurity-best-practices\/#primaryimage","url":"https:\/\/oc.ca\/wp-content\/uploads\/2023\/12\/FR-FB-LinkedIn-Cyber-Security-Best-Practices-800x451.png","contentUrl":"https:\/\/oc.ca\/wp-content\/uploads\/2023\/12\/FR-FB-LinkedIn-Cyber-Security-Best-Practices-800x451.png"},{"@type":"BreadcrumbList","@id":"https:\/\/oc.ca\/en\/cybersecurity-best-practices\/#breadcrumb","itemListElement":[{"@type":"ListItem","position":1,"name":"Home","item":"https:\/\/oc.ca\/fr\/"},{"@type":"ListItem","position":2,"name":"Les pratiques exemplaires en mati\u00e8re de cybers\u00e9curit\u00e9"}]},{"@type":"WebSite","@id":"https:\/\/oc.ca\/en\/#website","url":"https:\/\/oc.ca\/en\/","name":"Orchestras Canada\/Orchestres Canada","description":"","publisher":{"@id":"https:\/\/oc.ca\/en\/#organization"},"potentialAction":[{"@type":"SearchAction","target":{"@type":"EntryPoint","urlTemplate":"https:\/\/oc.ca\/en\/?s={search_term_string}"},"query-input":{"@type":"PropertyValueSpecification","valueRequired":true,"valueName":"search_term_string"}}],"inLanguage":"fr-FR"},{"@type":"Organization","@id":"https:\/\/oc.ca\/en\/#organization","name":"Orchestras Canada\/Orchestres Canada","url":"https:\/\/oc.ca\/en\/","logo":{"@type":"ImageObject","inLanguage":"fr-FR","@id":"https:\/\/oc.ca\/en\/#\/schema\/logo\/image\/","url":"https:\/\/oc.ca\/wp-content\/uploads\/2019\/03\/cropped-OC-Logo-800x200-1.png","contentUrl":"https:\/\/oc.ca\/wp-content\/uploads\/2019\/03\/cropped-OC-Logo-800x200-1.png","width":400,"height":100,"caption":"Orchestras Canada\/Orchestres Canada"},"image":{"@id":"https:\/\/oc.ca\/en\/#\/schema\/logo\/image\/"}}]}},"_links":{"self":[{"href":"https:\/\/oc.ca\/fr\/wp-json\/wp\/v2\/pages\/12758","targetHints":{"allow":["GET"]}}],"collection":[{"href":"https:\/\/oc.ca\/fr\/wp-json\/wp\/v2\/pages"}],"about":[{"href":"https:\/\/oc.ca\/fr\/wp-json\/wp\/v2\/types\/page"}],"author":[{"embeddable":true,"href":"https:\/\/oc.ca\/fr\/wp-json\/wp\/v2\/users\/10"}],"replies":[{"embeddable":true,"href":"https:\/\/oc.ca\/fr\/wp-json\/wp\/v2\/comments?post=12758"}],"version-history":[{"count":5,"href":"https:\/\/oc.ca\/fr\/wp-json\/wp\/v2\/pages\/12758\/revisions"}],"predecessor-version":[{"id":12992,"href":"https:\/\/oc.ca\/fr\/wp-json\/wp\/v2\/pages\/12758\/revisions\/12992"}],"wp:attachment":[{"href":"https:\/\/oc.ca\/fr\/wp-json\/wp\/v2\/media?parent=12758"}],"curies":[{"name":"wp","href":"https:\/\/api.w.org\/{rel}","templated":true}]}}