{"id":12484,"date":"2023-09-22T14:09:53","date_gmt":"2023-09-22T18:09:53","guid":{"rendered":"http:\/\/demosite2.asurtec.com\/?page_id=12484"},"modified":"2023-09-22T14:14:23","modified_gmt":"2023-09-22T18:14:23","slug":"devoilement-du-de-la-laureat-e-bwa-2023","status":"publish","type":"page","link":"https:\/\/oc.ca\/fr\/devoilement-du-de-la-laureat-e-bwa-2023\/","title":{"rendered":"D\u00e9voilement du.de la laur\u00e9at.e"},"content":{"rendered":"<p><img fetchpriority=\"high\" decoding=\"async\" class=\"wp-image-12473 aligncenter\" src=\"https:\/\/oc.ca\/wp-content\/uploads\/2023\/09\/Winner-Banner-PBWA-2023-1-800x451.png\" alt=\"\" width=\"578\" height=\"326\" srcset=\"https:\/\/oc.ca\/wp-content\/uploads\/2023\/09\/Winner-Banner-PBWA-2023-1-800x451.png 800w, https:\/\/oc.ca\/wp-content\/uploads\/2023\/09\/Winner-Banner-PBWA-2023-1-300x169.png 300w, https:\/\/oc.ca\/wp-content\/uploads\/2023\/09\/Winner-Banner-PBWA-2023-1-768x433.png 768w, https:\/\/oc.ca\/wp-content\/uploads\/2023\/09\/Winner-Banner-PBWA-2023-1-1536x865.png 1536w, https:\/\/oc.ca\/wp-content\/uploads\/2023\/09\/Winner-Banner-PBWA-2023-1.png 1640w\" sizes=\"(min-width: 960px) 75vw, 100vw\" \/><\/p>\n<p>Rejoignez-nous <strong>le 27 septembre 2023 \u00e0 15h00 HE<\/strong> pour le d\u00e9voilement du.de la laur\u00e9at.e du <a href=\"https:\/\/oc.ca\/fr\/betty-webster\/\">prix Betty Webster<\/a>!<\/p>\n<p>Ce prix reconna\u00eet une personne qui a apport\u00e9 une contribution m\u00e9connue mais soutenue et significative \u00e0 la communaut\u00e9 orchestrale canadienne. Cette contribution peut prendre la forme d&#8217;un travail r\u00e9mun\u00e9r\u00e9 ou b\u00e9n\u00e9vole.<\/p>\n<p>Cette ann\u00e9e, le th\u00e8me du prix est #innovation.<\/p>\n<p>???? Lien pour assister \u00e0 la c\u00e9r\u00e9monie virtuelle : \u00e0 venir<\/p>\n","protected":false},"excerpt":{"rendered":"<p>Rejoignez-nous le 27 septembre 2023 \u00e0 15h00 HE pour le d\u00e9voilement du.de la laur\u00e9at.e du prix Betty Webster! Ce prix reconna\u00eet une personne qui a apport\u00e9 une contribution m\u00e9connue mais soutenue et significative \u00e0 la communaut\u00e9 orchestrale canadienne. Cette contribution peut prendre la forme d&#8217;un travail r\u00e9mun\u00e9r\u00e9 ou b\u00e9n\u00e9vole. Cette ann\u00e9e, le th\u00e8me du prix [&hellip;]<\/p>\n","protected":false},"author":10,"featured_media":0,"parent":0,"menu_order":0,"comment_status":"closed","ping_status":"closed","template":"","meta":{"_acf_changed":false,"_monsterinsights_skip_tracking":false,"_monsterinsights_sitenote_active":false,"_monsterinsights_sitenote_note":"","_monsterinsights_sitenote_category":0,"footnotes":""},"class_list":["post-12484","page","type-page","status-publish","hentry"],"acf":[],"yoast_head":"<!-- This site is optimized with the Yoast SEO plugin v25.4 - https:\/\/yoast.com\/wordpress\/plugins\/seo\/ -->\n<title>D\u00e9voilement du.de la laur\u00e9at.e - Orchestras Canada\/Orchestres Canada<\/title>\n<meta name=\"robots\" content=\"index, follow, max-snippet:-1, max-image-preview:large, max-video-preview:-1\" \/>\n<link rel=\"canonical\" href=\"https:\/\/oc.ca\/fr\/devoilement-du-de-la-laureat-e-bwa-2023\/\" \/>\n<meta property=\"og:locale\" content=\"fr_FR\" \/>\n<meta property=\"og:type\" content=\"article\" \/>\n<meta property=\"og:title\" content=\"D\u00e9voilement du.de la laur\u00e9at.e - Orchestras Canada\/Orchestres Canada\" \/>\n<meta property=\"og:description\" content=\"Rejoignez-nous le 27 septembre 2023 \u00e0 15h00 HE pour le d\u00e9voilement du.de la laur\u00e9at.e du prix Betty Webster! Ce prix reconna\u00eet une personne qui a apport\u00e9 une contribution m\u00e9connue mais soutenue et significative \u00e0 la communaut\u00e9 orchestrale canadienne. Cette contribution peut prendre la forme d&#8217;un travail r\u00e9mun\u00e9r\u00e9 ou b\u00e9n\u00e9vole. Cette ann\u00e9e, le th\u00e8me du prix [&hellip;]\" \/>\n<meta property=\"og:url\" content=\"https:\/\/oc.ca\/fr\/devoilement-du-de-la-laureat-e-bwa-2023\/\" \/>\n<meta property=\"og:site_name\" content=\"Orchestras Canada\/Orchestres Canada\" \/>\n<meta property=\"article:modified_time\" content=\"2023-09-22T18:14:23+00:00\" \/>\n<meta property=\"og:image\" content=\"https:\/\/oc.ca\/wp-content\/uploads\/2023\/09\/Winner-Banner-PBWA-2023-1.png\" \/>\n\t<meta property=\"og:image:width\" content=\"1640\" \/>\n\t<meta property=\"og:image:height\" content=\"924\" \/>\n\t<meta property=\"og:image:type\" content=\"image\/png\" \/>\n<meta name=\"twitter:card\" content=\"summary_large_image\" \/>\n<meta name=\"twitter:label1\" content=\"Dur\u00e9e de lecture estim\u00e9e\" \/>\n\t<meta name=\"twitter:data1\" content=\"1 minute\" \/>\n<script type=\"application\/ld+json\" class=\"yoast-schema-graph\">{\"@context\":\"https:\/\/schema.org\",\"@graph\":[{\"@type\":\"WebPage\",\"@id\":\"https:\/\/oc.ca\/fr\/devoilement-du-de-la-laureat-e-bwa-2023\/\",\"url\":\"https:\/\/oc.ca\/fr\/devoilement-du-de-la-laureat-e-bwa-2023\/\",\"name\":\"D\u00e9voilement du.de la laur\u00e9at.e - Orchestras Canada\/Orchestres Canada\",\"isPartOf\":{\"@id\":\"https:\/\/oc.ca\/en\/#website\"},\"primaryImageOfPage\":{\"@id\":\"https:\/\/oc.ca\/fr\/devoilement-du-de-la-laureat-e-bwa-2023\/#primaryimage\"},\"image\":{\"@id\":\"https:\/\/oc.ca\/fr\/devoilement-du-de-la-laureat-e-bwa-2023\/#primaryimage\"},\"thumbnailUrl\":\"https:\/\/oc.ca\/wp-content\/uploads\/2023\/09\/Winner-Banner-PBWA-2023-1-800x451.png\",\"datePublished\":\"2023-09-22T18:09:53+00:00\",\"dateModified\":\"2023-09-22T18:14:23+00:00\",\"breadcrumb\":{\"@id\":\"https:\/\/oc.ca\/fr\/devoilement-du-de-la-laureat-e-bwa-2023\/#breadcrumb\"},\"inLanguage\":\"fr-FR\",\"potentialAction\":[{\"@type\":\"ReadAction\",\"target\":[\"https:\/\/oc.ca\/fr\/devoilement-du-de-la-laureat-e-bwa-2023\/\"]}]},{\"@type\":\"ImageObject\",\"inLanguage\":\"fr-FR\",\"@id\":\"https:\/\/oc.ca\/fr\/devoilement-du-de-la-laureat-e-bwa-2023\/#primaryimage\",\"url\":\"https:\/\/oc.ca\/wp-content\/uploads\/2023\/09\/Winner-Banner-PBWA-2023-1-800x451.png\",\"contentUrl\":\"https:\/\/oc.ca\/wp-content\/uploads\/2023\/09\/Winner-Banner-PBWA-2023-1-800x451.png\"},{\"@type\":\"BreadcrumbList\",\"@id\":\"https:\/\/oc.ca\/fr\/devoilement-du-de-la-laureat-e-bwa-2023\/#breadcrumb\",\"itemListElement\":[{\"@type\":\"ListItem\",\"position\":1,\"name\":\"Home\",\"item\":\"https:\/\/oc.ca\/fr\/\"},{\"@type\":\"ListItem\",\"position\":2,\"name\":\"D\u00e9voilement du.de la laur\u00e9at.e\"}]},{\"@type\":\"WebSite\",\"@id\":\"https:\/\/oc.ca\/en\/#website\",\"url\":\"https:\/\/oc.ca\/en\/\",\"name\":\"Orchestras Canada\/Orchestres Canada\",\"description\":\"\",\"publisher\":{\"@id\":\"https:\/\/oc.ca\/en\/#organization\"},\"potentialAction\":[{\"@type\":\"SearchAction\",\"target\":{\"@type\":\"EntryPoint\",\"urlTemplate\":\"https:\/\/oc.ca\/en\/?s={search_term_string}\"},\"query-input\":{\"@type\":\"PropertyValueSpecification\",\"valueRequired\":true,\"valueName\":\"search_term_string\"}}],\"inLanguage\":\"fr-FR\"},{\"@type\":\"Organization\",\"@id\":\"https:\/\/oc.ca\/en\/#organization\",\"name\":\"Orchestras Canada\/Orchestres Canada\",\"url\":\"https:\/\/oc.ca\/en\/\",\"logo\":{\"@type\":\"ImageObject\",\"inLanguage\":\"fr-FR\",\"@id\":\"https:\/\/oc.ca\/en\/#\/schema\/logo\/image\/\",\"url\":\"https:\/\/oc.ca\/wp-content\/uploads\/2019\/03\/cropped-OC-Logo-800x200-1.png\",\"contentUrl\":\"https:\/\/oc.ca\/wp-content\/uploads\/2019\/03\/cropped-OC-Logo-800x200-1.png\",\"width\":400,\"height\":100,\"caption\":\"Orchestras Canada\/Orchestres Canada\"},\"image\":{\"@id\":\"https:\/\/oc.ca\/en\/#\/schema\/logo\/image\/\"}}]}<\/script>\n<!-- \/ Yoast SEO plugin. -->","yoast_head_json":{"title":"D\u00e9voilement du.de la laur\u00e9at.e - Orchestras Canada\/Orchestres Canada","robots":{"index":"index","follow":"follow","max-snippet":"max-snippet:-1","max-image-preview":"max-image-preview:large","max-video-preview":"max-video-preview:-1"},"canonical":"https:\/\/oc.ca\/fr\/devoilement-du-de-la-laureat-e-bwa-2023\/","og_locale":"fr_FR","og_type":"article","og_title":"D\u00e9voilement du.de la laur\u00e9at.e - Orchestras Canada\/Orchestres Canada","og_description":"Rejoignez-nous le 27 septembre 2023 \u00e0 15h00 HE pour le d\u00e9voilement du.de la laur\u00e9at.e du prix Betty Webster! Ce prix reconna\u00eet une personne qui a apport\u00e9 une contribution m\u00e9connue mais soutenue et significative \u00e0 la communaut\u00e9 orchestrale canadienne. Cette contribution peut prendre la forme d&#8217;un travail r\u00e9mun\u00e9r\u00e9 ou b\u00e9n\u00e9vole. Cette ann\u00e9e, le th\u00e8me du prix [&hellip;]","og_url":"https:\/\/oc.ca\/fr\/devoilement-du-de-la-laureat-e-bwa-2023\/","og_site_name":"Orchestras Canada\/Orchestres Canada","article_modified_time":"2023-09-22T18:14:23+00:00","og_image":[{"width":1640,"height":924,"url":"https:\/\/oc.ca\/wp-content\/uploads\/2023\/09\/Winner-Banner-PBWA-2023-1.png","type":"image\/png"}],"twitter_card":"summary_large_image","twitter_misc":{"Dur\u00e9e de lecture estim\u00e9e":"1 minute"},"schema":{"@context":"https:\/\/schema.org","@graph":[{"@type":"WebPage","@id":"https:\/\/oc.ca\/fr\/devoilement-du-de-la-laureat-e-bwa-2023\/","url":"https:\/\/oc.ca\/fr\/devoilement-du-de-la-laureat-e-bwa-2023\/","name":"D\u00e9voilement du.de la laur\u00e9at.e - Orchestras Canada\/Orchestres Canada","isPartOf":{"@id":"https:\/\/oc.ca\/en\/#website"},"primaryImageOfPage":{"@id":"https:\/\/oc.ca\/fr\/devoilement-du-de-la-laureat-e-bwa-2023\/#primaryimage"},"image":{"@id":"https:\/\/oc.ca\/fr\/devoilement-du-de-la-laureat-e-bwa-2023\/#primaryimage"},"thumbnailUrl":"https:\/\/oc.ca\/wp-content\/uploads\/2023\/09\/Winner-Banner-PBWA-2023-1-800x451.png","datePublished":"2023-09-22T18:09:53+00:00","dateModified":"2023-09-22T18:14:23+00:00","breadcrumb":{"@id":"https:\/\/oc.ca\/fr\/devoilement-du-de-la-laureat-e-bwa-2023\/#breadcrumb"},"inLanguage":"fr-FR","potentialAction":[{"@type":"ReadAction","target":["https:\/\/oc.ca\/fr\/devoilement-du-de-la-laureat-e-bwa-2023\/"]}]},{"@type":"ImageObject","inLanguage":"fr-FR","@id":"https:\/\/oc.ca\/fr\/devoilement-du-de-la-laureat-e-bwa-2023\/#primaryimage","url":"https:\/\/oc.ca\/wp-content\/uploads\/2023\/09\/Winner-Banner-PBWA-2023-1-800x451.png","contentUrl":"https:\/\/oc.ca\/wp-content\/uploads\/2023\/09\/Winner-Banner-PBWA-2023-1-800x451.png"},{"@type":"BreadcrumbList","@id":"https:\/\/oc.ca\/fr\/devoilement-du-de-la-laureat-e-bwa-2023\/#breadcrumb","itemListElement":[{"@type":"ListItem","position":1,"name":"Home","item":"https:\/\/oc.ca\/fr\/"},{"@type":"ListItem","position":2,"name":"D\u00e9voilement du.de la laur\u00e9at.e"}]},{"@type":"WebSite","@id":"https:\/\/oc.ca\/en\/#website","url":"https:\/\/oc.ca\/en\/","name":"Orchestras Canada\/Orchestres Canada","description":"","publisher":{"@id":"https:\/\/oc.ca\/en\/#organization"},"potentialAction":[{"@type":"SearchAction","target":{"@type":"EntryPoint","urlTemplate":"https:\/\/oc.ca\/en\/?s={search_term_string}"},"query-input":{"@type":"PropertyValueSpecification","valueRequired":true,"valueName":"search_term_string"}}],"inLanguage":"fr-FR"},{"@type":"Organization","@id":"https:\/\/oc.ca\/en\/#organization","name":"Orchestras Canada\/Orchestres Canada","url":"https:\/\/oc.ca\/en\/","logo":{"@type":"ImageObject","inLanguage":"fr-FR","@id":"https:\/\/oc.ca\/en\/#\/schema\/logo\/image\/","url":"https:\/\/oc.ca\/wp-content\/uploads\/2019\/03\/cropped-OC-Logo-800x200-1.png","contentUrl":"https:\/\/oc.ca\/wp-content\/uploads\/2019\/03\/cropped-OC-Logo-800x200-1.png","width":400,"height":100,"caption":"Orchestras Canada\/Orchestres Canada"},"image":{"@id":"https:\/\/oc.ca\/en\/#\/schema\/logo\/image\/"}}]}},"_links":{"self":[{"href":"https:\/\/oc.ca\/fr\/wp-json\/wp\/v2\/pages\/12484","targetHints":{"allow":["GET"]}}],"collection":[{"href":"https:\/\/oc.ca\/fr\/wp-json\/wp\/v2\/pages"}],"about":[{"href":"https:\/\/oc.ca\/fr\/wp-json\/wp\/v2\/types\/page"}],"author":[{"embeddable":true,"href":"https:\/\/oc.ca\/fr\/wp-json\/wp\/v2\/users\/10"}],"replies":[{"embeddable":true,"href":"https:\/\/oc.ca\/fr\/wp-json\/wp\/v2\/comments?post=12484"}],"version-history":[{"count":2,"href":"https:\/\/oc.ca\/fr\/wp-json\/wp\/v2\/pages\/12484\/revisions"}],"predecessor-version":[{"id":12486,"href":"https:\/\/oc.ca\/fr\/wp-json\/wp\/v2\/pages\/12484\/revisions\/12486"}],"wp:attachment":[{"href":"https:\/\/oc.ca\/fr\/wp-json\/wp\/v2\/media?parent=12484"}],"curies":[{"name":"wp","href":"https:\/\/api.w.org\/{rel}","templated":true}]}}