{"id":12089,"date":"2023-07-04T11:19:21","date_gmt":"2023-07-04T15:19:21","guid":{"rendered":"http:\/\/demosite2.asurtec.com\/?page_id=12089"},"modified":"2023-07-04T11:29:18","modified_gmt":"2023-07-04T15:29:18","slug":"assemblee-publique-doc","status":"publish","type":"page","link":"https:\/\/oc.ca\/fr\/assemblee-publique-doc\/","title":{"rendered":"Assembl\u00e9e publique d&#8217;OC"},"content":{"rendered":"<h3 style=\"text-align: center;\">sur la d\u00e9fense des int\u00e9r\u00eats<\/h3>\n<p><strong>Date :<\/strong> 13 juillet 2023<br \/>\n<strong>Heure :<\/strong> 13h00 pm \u00e0 14h30 HE<br \/>\n<strong>Session bilingue :<\/strong> L&#8217;interpr\u00e9tation simultan\u00e9e en fran\u00e7ais est disponible pour ce webinaire.<br \/>\n<strong>Accessibilit\u00e9<\/strong> <strong>:<\/strong> Des sous-titres en anglais g\u00e9n\u00e9r\u00e9s par l&#8217;IA seront disponibles lors de ce webinaire via Zoom.<br \/>\n<strong>A qui cela s&#8217;adresse-t-il? <\/strong>Les membres d&#8217;Orchestres Canada<\/p>\n<p style=\"text-align: center;\"><a href=\"https:\/\/us02web.zoom.us\/meeting\/register\/tZApdeGtrzMjG90aeMt-Ro1pYwEJxWr8jY19\"><strong><button class=\"blue-button-medium\">S&#8217;inscrire (Gratuit via Zoom)<\/button><\/strong><\/a><\/p>\n<p><img fetchpriority=\"high\" decoding=\"async\" class=\" wp-image-12085 aligncenter\" src=\"https:\/\/oc.ca\/wp-content\/uploads\/2023\/07\/Visual-OC-Advocacy-Town-hall-2023-800x451.png\" alt=\"A cover image for the town hall meeting, featuring the Orchestras Canada logo\" width=\"467\" height=\"263\" srcset=\"https:\/\/oc.ca\/wp-content\/uploads\/2023\/07\/Visual-OC-Advocacy-Town-hall-2023-800x451.png 800w, https:\/\/oc.ca\/wp-content\/uploads\/2023\/07\/Visual-OC-Advocacy-Town-hall-2023-300x169.png 300w, https:\/\/oc.ca\/wp-content\/uploads\/2023\/07\/Visual-OC-Advocacy-Town-hall-2023-768x433.png 768w, https:\/\/oc.ca\/wp-content\/uploads\/2023\/07\/Visual-OC-Advocacy-Town-hall-2023-1536x865.png 1536w, https:\/\/oc.ca\/wp-content\/uploads\/2023\/07\/Visual-OC-Advocacy-Town-hall-2023.png 1640w\" sizes=\"(min-width: 960px) 75vw, 100vw\" \/><\/p>\n<p>Le jeudi 13 juillet, de 13 h \u00e0 14 h 30 (heure de l&#8217;Est), Orchestres Canada organisera une assembl\u00e9e publique interactive en ligne afin de :<\/p>\n<p>a. Fournir des mises \u00e0 jour sur les pr\u00e9occupations et les priorit\u00e9s du gouvernement f\u00e9d\u00e9ral en ce qui concerne les orchestres<br \/>\nb. Partager des statistiques et des id\u00e9es que vous pouvez utiliser pour pr\u00e9senter votre propre orchestre aux bailleurs de fonds et aux commanditaires<br \/>\nc. Obtenir vos commentaires sur les priorit\u00e9s en mati\u00e8re de financement et de politiques \u00e0 temps pour la soumission d&#8217;OC au Comit\u00e9 permanent des finances du gouvernement f\u00e9d\u00e9ral dans le cadre du processus de consultation pr\u00e9budg\u00e9taire.<\/p>\n<p style=\"text-align: center;\"><a href=\"https:\/\/us02web.zoom.us\/meeting\/register\/tZApdeGtrzMjG90aeMt-Ro1pYwEJxWr8jY19\"><strong><button class=\"blue-button-medium\">S&#8217;inscrire (Gratuit via Zoom)<\/button><\/strong><\/a><\/p>\n","protected":false},"excerpt":{"rendered":"<p>sur la d\u00e9fense des int\u00e9r\u00eats Date : 13 juillet 2023 Heure : 13h00 pm \u00e0 14h30 HE Session bilingue : L&#8217;interpr\u00e9tation simultan\u00e9e en fran\u00e7ais est disponible pour ce webinaire. Accessibilit\u00e9 : Des sous-titres en anglais g\u00e9n\u00e9r\u00e9s par l&#8217;IA seront disponibles lors de ce webinaire via Zoom. A qui cela s&#8217;adresse-t-il? Les membres d&#8217;Orchestres Canada S&#8217;inscrire [&hellip;]<\/p>\n","protected":false},"author":10,"featured_media":0,"parent":0,"menu_order":0,"comment_status":"closed","ping_status":"closed","template":"","meta":{"_acf_changed":false,"_monsterinsights_skip_tracking":false,"_monsterinsights_sitenote_active":false,"_monsterinsights_sitenote_note":"","_monsterinsights_sitenote_category":0,"footnotes":""},"class_list":["post-12089","page","type-page","status-publish","hentry"],"acf":[],"yoast_head":"<!-- This site is optimized with the Yoast SEO plugin v25.4 - https:\/\/yoast.com\/wordpress\/plugins\/seo\/ -->\n<title>Assembl\u00e9e publique d&#039;OC - Orchestras Canada\/Orchestres Canada<\/title>\n<meta name=\"robots\" content=\"index, follow, max-snippet:-1, max-image-preview:large, max-video-preview:-1\" \/>\n<link rel=\"canonical\" href=\"https:\/\/oc.ca\/fr\/assemblee-publique-doc\/\" \/>\n<meta property=\"og:locale\" content=\"fr_FR\" \/>\n<meta property=\"og:type\" content=\"article\" \/>\n<meta property=\"og:title\" content=\"Assembl\u00e9e publique d&#039;OC - Orchestras Canada\/Orchestres Canada\" \/>\n<meta property=\"og:description\" content=\"sur la d\u00e9fense des int\u00e9r\u00eats Date : 13 juillet 2023 Heure : 13h00 pm \u00e0 14h30 HE Session bilingue : L&#8217;interpr\u00e9tation simultan\u00e9e en fran\u00e7ais est disponible pour ce webinaire. Accessibilit\u00e9 : Des sous-titres en anglais g\u00e9n\u00e9r\u00e9s par l&#8217;IA seront disponibles lors de ce webinaire via Zoom. A qui cela s&#8217;adresse-t-il? Les membres d&#8217;Orchestres Canada S&#8217;inscrire [&hellip;]\" \/>\n<meta property=\"og:url\" content=\"https:\/\/oc.ca\/fr\/assemblee-publique-doc\/\" \/>\n<meta property=\"og:site_name\" content=\"Orchestras Canada\/Orchestres Canada\" \/>\n<meta property=\"article:modified_time\" content=\"2023-07-04T15:29:18+00:00\" \/>\n<meta property=\"og:image\" content=\"https:\/\/oc.ca\/wp-content\/uploads\/2023\/07\/Visual-OC-Advocacy-Town-hall-2023-800x451.png\" \/>\n<meta name=\"twitter:card\" content=\"summary_large_image\" \/>\n<meta name=\"twitter:label1\" content=\"Dur\u00e9e de lecture estim\u00e9e\" \/>\n\t<meta name=\"twitter:data1\" content=\"1 minute\" \/>\n<script type=\"application\/ld+json\" class=\"yoast-schema-graph\">{\"@context\":\"https:\/\/schema.org\",\"@graph\":[{\"@type\":\"WebPage\",\"@id\":\"https:\/\/oc.ca\/fr\/assemblee-publique-doc\/\",\"url\":\"https:\/\/oc.ca\/fr\/assemblee-publique-doc\/\",\"name\":\"Assembl\u00e9e publique d'OC - Orchestras Canada\/Orchestres Canada\",\"isPartOf\":{\"@id\":\"https:\/\/oc.ca\/en\/#website\"},\"primaryImageOfPage\":{\"@id\":\"https:\/\/oc.ca\/fr\/assemblee-publique-doc\/#primaryimage\"},\"image\":{\"@id\":\"https:\/\/oc.ca\/fr\/assemblee-publique-doc\/#primaryimage\"},\"thumbnailUrl\":\"https:\/\/oc.ca\/wp-content\/uploads\/2023\/07\/Visual-OC-Advocacy-Town-hall-2023-800x451.png\",\"datePublished\":\"2023-07-04T15:19:21+00:00\",\"dateModified\":\"2023-07-04T15:29:18+00:00\",\"breadcrumb\":{\"@id\":\"https:\/\/oc.ca\/fr\/assemblee-publique-doc\/#breadcrumb\"},\"inLanguage\":\"fr-FR\",\"potentialAction\":[{\"@type\":\"ReadAction\",\"target\":[\"https:\/\/oc.ca\/fr\/assemblee-publique-doc\/\"]}]},{\"@type\":\"ImageObject\",\"inLanguage\":\"fr-FR\",\"@id\":\"https:\/\/oc.ca\/fr\/assemblee-publique-doc\/#primaryimage\",\"url\":\"https:\/\/oc.ca\/wp-content\/uploads\/2023\/07\/Visual-OC-Advocacy-Town-hall-2023-800x451.png\",\"contentUrl\":\"https:\/\/oc.ca\/wp-content\/uploads\/2023\/07\/Visual-OC-Advocacy-Town-hall-2023-800x451.png\"},{\"@type\":\"BreadcrumbList\",\"@id\":\"https:\/\/oc.ca\/fr\/assemblee-publique-doc\/#breadcrumb\",\"itemListElement\":[{\"@type\":\"ListItem\",\"position\":1,\"name\":\"Home\",\"item\":\"https:\/\/oc.ca\/fr\/\"},{\"@type\":\"ListItem\",\"position\":2,\"name\":\"Assembl\u00e9e publique d&#8217;OC\"}]},{\"@type\":\"WebSite\",\"@id\":\"https:\/\/oc.ca\/en\/#website\",\"url\":\"https:\/\/oc.ca\/en\/\",\"name\":\"Orchestras Canada\/Orchestres Canada\",\"description\":\"\",\"publisher\":{\"@id\":\"https:\/\/oc.ca\/en\/#organization\"},\"potentialAction\":[{\"@type\":\"SearchAction\",\"target\":{\"@type\":\"EntryPoint\",\"urlTemplate\":\"https:\/\/oc.ca\/en\/?s={search_term_string}\"},\"query-input\":{\"@type\":\"PropertyValueSpecification\",\"valueRequired\":true,\"valueName\":\"search_term_string\"}}],\"inLanguage\":\"fr-FR\"},{\"@type\":\"Organization\",\"@id\":\"https:\/\/oc.ca\/en\/#organization\",\"name\":\"Orchestras Canada\/Orchestres Canada\",\"url\":\"https:\/\/oc.ca\/en\/\",\"logo\":{\"@type\":\"ImageObject\",\"inLanguage\":\"fr-FR\",\"@id\":\"https:\/\/oc.ca\/en\/#\/schema\/logo\/image\/\",\"url\":\"https:\/\/oc.ca\/wp-content\/uploads\/2019\/03\/cropped-OC-Logo-800x200-1.png\",\"contentUrl\":\"https:\/\/oc.ca\/wp-content\/uploads\/2019\/03\/cropped-OC-Logo-800x200-1.png\",\"width\":400,\"height\":100,\"caption\":\"Orchestras Canada\/Orchestres Canada\"},\"image\":{\"@id\":\"https:\/\/oc.ca\/en\/#\/schema\/logo\/image\/\"}}]}<\/script>\n<!-- \/ Yoast SEO plugin. -->","yoast_head_json":{"title":"Assembl\u00e9e publique d'OC - Orchestras Canada\/Orchestres Canada","robots":{"index":"index","follow":"follow","max-snippet":"max-snippet:-1","max-image-preview":"max-image-preview:large","max-video-preview":"max-video-preview:-1"},"canonical":"https:\/\/oc.ca\/fr\/assemblee-publique-doc\/","og_locale":"fr_FR","og_type":"article","og_title":"Assembl\u00e9e publique d'OC - Orchestras Canada\/Orchestres Canada","og_description":"sur la d\u00e9fense des int\u00e9r\u00eats Date : 13 juillet 2023 Heure : 13h00 pm \u00e0 14h30 HE Session bilingue : L&#8217;interpr\u00e9tation simultan\u00e9e en fran\u00e7ais est disponible pour ce webinaire. Accessibilit\u00e9 : Des sous-titres en anglais g\u00e9n\u00e9r\u00e9s par l&#8217;IA seront disponibles lors de ce webinaire via Zoom. A qui cela s&#8217;adresse-t-il? Les membres d&#8217;Orchestres Canada S&#8217;inscrire [&hellip;]","og_url":"https:\/\/oc.ca\/fr\/assemblee-publique-doc\/","og_site_name":"Orchestras Canada\/Orchestres Canada","article_modified_time":"2023-07-04T15:29:18+00:00","og_image":[{"url":"https:\/\/oc.ca\/wp-content\/uploads\/2023\/07\/Visual-OC-Advocacy-Town-hall-2023-800x451.png","type":"","width":"","height":""}],"twitter_card":"summary_large_image","twitter_misc":{"Dur\u00e9e de lecture estim\u00e9e":"1 minute"},"schema":{"@context":"https:\/\/schema.org","@graph":[{"@type":"WebPage","@id":"https:\/\/oc.ca\/fr\/assemblee-publique-doc\/","url":"https:\/\/oc.ca\/fr\/assemblee-publique-doc\/","name":"Assembl\u00e9e publique d'OC - Orchestras Canada\/Orchestres Canada","isPartOf":{"@id":"https:\/\/oc.ca\/en\/#website"},"primaryImageOfPage":{"@id":"https:\/\/oc.ca\/fr\/assemblee-publique-doc\/#primaryimage"},"image":{"@id":"https:\/\/oc.ca\/fr\/assemblee-publique-doc\/#primaryimage"},"thumbnailUrl":"https:\/\/oc.ca\/wp-content\/uploads\/2023\/07\/Visual-OC-Advocacy-Town-hall-2023-800x451.png","datePublished":"2023-07-04T15:19:21+00:00","dateModified":"2023-07-04T15:29:18+00:00","breadcrumb":{"@id":"https:\/\/oc.ca\/fr\/assemblee-publique-doc\/#breadcrumb"},"inLanguage":"fr-FR","potentialAction":[{"@type":"ReadAction","target":["https:\/\/oc.ca\/fr\/assemblee-publique-doc\/"]}]},{"@type":"ImageObject","inLanguage":"fr-FR","@id":"https:\/\/oc.ca\/fr\/assemblee-publique-doc\/#primaryimage","url":"https:\/\/oc.ca\/wp-content\/uploads\/2023\/07\/Visual-OC-Advocacy-Town-hall-2023-800x451.png","contentUrl":"https:\/\/oc.ca\/wp-content\/uploads\/2023\/07\/Visual-OC-Advocacy-Town-hall-2023-800x451.png"},{"@type":"BreadcrumbList","@id":"https:\/\/oc.ca\/fr\/assemblee-publique-doc\/#breadcrumb","itemListElement":[{"@type":"ListItem","position":1,"name":"Home","item":"https:\/\/oc.ca\/fr\/"},{"@type":"ListItem","position":2,"name":"Assembl\u00e9e publique d&#8217;OC"}]},{"@type":"WebSite","@id":"https:\/\/oc.ca\/en\/#website","url":"https:\/\/oc.ca\/en\/","name":"Orchestras Canada\/Orchestres Canada","description":"","publisher":{"@id":"https:\/\/oc.ca\/en\/#organization"},"potentialAction":[{"@type":"SearchAction","target":{"@type":"EntryPoint","urlTemplate":"https:\/\/oc.ca\/en\/?s={search_term_string}"},"query-input":{"@type":"PropertyValueSpecification","valueRequired":true,"valueName":"search_term_string"}}],"inLanguage":"fr-FR"},{"@type":"Organization","@id":"https:\/\/oc.ca\/en\/#organization","name":"Orchestras Canada\/Orchestres Canada","url":"https:\/\/oc.ca\/en\/","logo":{"@type":"ImageObject","inLanguage":"fr-FR","@id":"https:\/\/oc.ca\/en\/#\/schema\/logo\/image\/","url":"https:\/\/oc.ca\/wp-content\/uploads\/2019\/03\/cropped-OC-Logo-800x200-1.png","contentUrl":"https:\/\/oc.ca\/wp-content\/uploads\/2019\/03\/cropped-OC-Logo-800x200-1.png","width":400,"height":100,"caption":"Orchestras Canada\/Orchestres Canada"},"image":{"@id":"https:\/\/oc.ca\/en\/#\/schema\/logo\/image\/"}}]}},"_links":{"self":[{"href":"https:\/\/oc.ca\/fr\/wp-json\/wp\/v2\/pages\/12089","targetHints":{"allow":["GET"]}}],"collection":[{"href":"https:\/\/oc.ca\/fr\/wp-json\/wp\/v2\/pages"}],"about":[{"href":"https:\/\/oc.ca\/fr\/wp-json\/wp\/v2\/types\/page"}],"author":[{"embeddable":true,"href":"https:\/\/oc.ca\/fr\/wp-json\/wp\/v2\/users\/10"}],"replies":[{"embeddable":true,"href":"https:\/\/oc.ca\/fr\/wp-json\/wp\/v2\/comments?post=12089"}],"version-history":[{"count":2,"href":"https:\/\/oc.ca\/fr\/wp-json\/wp\/v2\/pages\/12089\/revisions"}],"predecessor-version":[{"id":12091,"href":"https:\/\/oc.ca\/fr\/wp-json\/wp\/v2\/pages\/12089\/revisions\/12091"}],"wp:attachment":[{"href":"https:\/\/oc.ca\/fr\/wp-json\/wp\/v2\/media?parent=12089"}],"curies":[{"name":"wp","href":"https:\/\/api.w.org\/{rel}","templated":true}]}}