{"id":11948,"date":"2023-06-13T10:10:11","date_gmt":"2023-06-13T14:10:11","guid":{"rendered":"http:\/\/demosite2.asurtec.com\/?page_id=11948"},"modified":"2023-06-21T17:47:11","modified_gmt":"2023-06-21T21:47:11","slug":"la-relance-des-arts-de-la-scene","status":"publish","type":"page","link":"https:\/\/oc.ca\/fr\/la-relance-des-arts-de-la-scene\/","title":{"rendered":"La relance des arts de la sc\u00e8ne"},"content":{"rendered":"<h3 style=\"text-align: center;\">Que veut le public aujourd&#8217;hui?<\/h3>\n<p><strong>Date :<\/strong> 22 juin 2023<\/p>\n<p><strong>Heure :<\/strong> 13h30 pm to 14h30 HE<\/p>\n<p><strong>Session bilingue :<\/strong> L&#8217;interpr\u00e9tation simultan\u00e9e en fran\u00e7ais est disponible pour ce webinaire.<\/p>\n<p><strong>Accessibilit\u00e9 :<\/strong> Des sous-titres en anglais g\u00e9n\u00e9r\u00e9s par l&#8217;IA seront disponibles lors de ce webinaire via Zoom.<\/p>\n<p><strong>A qui cela s&#8217;adresse-t-il?<\/strong> Les responsables des arts de la sc\u00e8ne, les directeurs.trices g\u00e9n\u00e9rals.es, les membres du conseil d&#8217;administration, ainsi que le personnel charg\u00e9 du marketing et du d\u00e9veloppement. Toute personne souhaitant en savoir plus sur cette recherche est \u00e9galement la bienvenue!<\/p>\n<p style=\"text-align: center;\"><a href=\"https:\/\/us02web.zoom.us\/meeting\/register\/tZElc-qrrj4iH9db9PSUK3C1EOsGmdRqezlP\"><strong><button class=\"blue-button-medium\">S&#8217;inscrire (gratuit via Zoom)<\/button><\/strong><\/a><\/p>\n<p>Rejoignez-nous pour un webinaire gratuit sur les donn\u00e9es relatives \u00e0 l&#8217;achat de billets, avec des informations fournies par<strong> TRG Arts<\/strong> et <strong>AudienceView<\/strong>. Ce webinaire pr\u00e9sentera les derni\u00e8res recherches sur le comportement et les tendances en mati\u00e8re d&#8217;achat de billets, ainsi que les meilleures pratiques et les conseils pour vous aider \u00e0 prendre des d\u00e9cisions bas\u00e9es sur des donn\u00e9es qui augmenteront vos r\u00e9sultats.<\/p>\n<p><strong>Eric Nelson<\/strong> de TRG apportera la contribution de leur travail sur le r\u00e9tablissement des arts du spectacle apr\u00e8s une pand\u00e9mie, et <strong>Zander Kyba et Stephane McGarry <\/strong>apporteront une nouvelle analyse des donn\u00e9es sur les acheteurs de billets de l&#8217;\u00e9quipe de recherche d&#8217;AudienceView.<\/p>\n<p>Le webinaire aura lieu le 22 juin \u00e0 13h30 HE. Ne manquez pas cette occasion d&#8217;apprendre des leaders de l&#8217;analyse des donn\u00e9es de billetterie et d&#8217;obtenir des r\u00e9ponses \u00e0 vos questions en direct. Inscrivez-vous d\u00e8s maintenant et r\u00e9servez votre place!<\/p>\n<p><img fetchpriority=\"high\" decoding=\"async\" class=\" wp-image-11937 aligncenter\" src=\"https:\/\/oc.ca\/wp-content\/uploads\/2023\/06\/Performing-Arts-Recovery-What-do-Audiences-Want-Now-800x451.png\" alt=\"\" width=\"601\" height=\"339\" srcset=\"https:\/\/oc.ca\/wp-content\/uploads\/2023\/06\/Performing-Arts-Recovery-What-do-Audiences-Want-Now-800x451.png 800w, https:\/\/oc.ca\/wp-content\/uploads\/2023\/06\/Performing-Arts-Recovery-What-do-Audiences-Want-Now-300x169.png 300w, https:\/\/oc.ca\/wp-content\/uploads\/2023\/06\/Performing-Arts-Recovery-What-do-Audiences-Want-Now-768x433.png 768w, https:\/\/oc.ca\/wp-content\/uploads\/2023\/06\/Performing-Arts-Recovery-What-do-Audiences-Want-Now-1536x865.png 1536w, https:\/\/oc.ca\/wp-content\/uploads\/2023\/06\/Performing-Arts-Recovery-What-do-Audiences-Want-Now.png 1640w\" sizes=\"(min-width: 960px) 75vw, 100vw\" \/><\/p>\n<p><strong>Pr\u00e9sentateurs<\/strong><\/p>\n<p><img decoding=\"async\" class=\" wp-image-11939 alignleft\" src=\"https:\/\/oc.ca\/wp-content\/uploads\/2023\/06\/Nelson-Headshot-1-800x800.jpg\" alt=\"\" width=\"250\" height=\"250\" srcset=\"https:\/\/oc.ca\/wp-content\/uploads\/2023\/06\/Nelson-Headshot-1-800x800.jpg 800w, https:\/\/oc.ca\/wp-content\/uploads\/2023\/06\/Nelson-Headshot-1-300x300.jpg 300w, https:\/\/oc.ca\/wp-content\/uploads\/2023\/06\/Nelson-Headshot-1-150x150.jpg 150w, https:\/\/oc.ca\/wp-content\/uploads\/2023\/06\/Nelson-Headshot-1-768x768.jpg 768w, https:\/\/oc.ca\/wp-content\/uploads\/2023\/06\/Nelson-Headshot-1-1536x1536.jpg 1536w, https:\/\/oc.ca\/wp-content\/uploads\/2023\/06\/Nelson-Headshot-1.jpg 1942w\" sizes=\"(min-width: 960px) 75vw, 100vw\" \/><strong>Eric Nelson, VP de partenariats mondiaux avec TRG Arts<\/strong><\/p>\n<p>Eric Nelson, vice-pr\u00e9sident des partenariats mondiaux chez TRG Arts, est fier de travailler en partenariat avec des organisations d&#8217;arts visuels et du spectacle de toutes formes et de toutes tailles afin d&#8217;accro\u00eetre la participation des spectateurs, les revenus et l&#8217;impact sur la communaut\u00e9. Avant de rejoindre TRG Arts, Eric \u00e9tait directeur du marketing et de la communication au Kaufman Music Center de New York. Il a \u00e9galement \u00e9t\u00e9 vice-pr\u00e9sident des services \u00e0 la client\u00e8le, des nouvelles affaires et du marketing pour DCM, sp\u00e9cialis\u00e9 dans les strat\u00e9gies de marketing et de collecte de fonds pour les organisations \u00e0 but non lucratif. Eric a commenc\u00e9 sa carri\u00e8re dans les arts en dirigeant les efforts de marketing pour la Paul Taylor Dance Company. Il a l&#8217;honneur de faire partie du comit\u00e9 directeur du groupe d&#8217;affinit\u00e9 LGBTQIA+ de la League of American Orchestras.<\/p>\n<p>&nbsp;<\/p>\n<p><strong><img decoding=\"async\" class=\"wp-image-12014 alignleft\" src=\"https:\/\/oc.ca\/wp-content\/uploads\/2023\/06\/Kyba-Headshot-800x800.jpeg\" alt=\"\" width=\"250\" height=\"250\" srcset=\"https:\/\/oc.ca\/wp-content\/uploads\/2023\/06\/Kyba-Headshot.jpeg 800w, https:\/\/oc.ca\/wp-content\/uploads\/2023\/06\/Kyba-Headshot-300x300.jpeg 300w, https:\/\/oc.ca\/wp-content\/uploads\/2023\/06\/Kyba-Headshot-150x150.jpeg 150w, https:\/\/oc.ca\/wp-content\/uploads\/2023\/06\/Kyba-Headshot-768x768.jpeg 768w\" sizes=\"(min-width: 960px) 75vw, 100vw\" \/>Zander Kyba, Directeur principal, Marketing produit, AudienceView<\/strong><\/p>\n<p>Zander est un professionnel de l&#8217;\u00e9v\u00e9nementiel qui travaille chez AudienceView en tant que Senior Manager of Product Marketing. Zander est toujours \u00e0 la recherche de moyens nouveaux et innovants d&#8217;engager, de comprendre et d&#8217;enchanter les spectateurs et les donateurs d&#8217;\u00e9v\u00e9nements en direct.<\/p>\n<p>&nbsp;<\/p>\n<p>&nbsp;<\/p>\n<p>&nbsp;<\/p>\n<p><strong>Stephane McGarry, Vice-pr\u00e9sident des ventes, AudienceView<\/strong><\/p>\n<p>&nbsp;<\/p>\n<p><strong>Ce webinaire sera co-mod\u00e9r\u00e9 par :<\/strong><\/p>\n<ul>\n<li><strong>Katherine Carleton<\/strong>, directrice g\u00e9n\u00e9rale, Orchestres Canada<\/li>\n<li><strong>Fr\u00e9d\u00e9ric Julien<\/strong>, directeur de la recherche et du d\u00e9veloppement, CAPACOA<\/li>\n<li><strong>Christina Loewen<\/strong>, directrice g\u00e9n\u00e9rale, Association pour l&#8217;op\u00e9ra au Canada<\/li>\n<\/ul>\n<p>&nbsp;<\/p>\n<p style=\"text-align: center;\"><a href=\"https:\/\/us02web.zoom.us\/meeting\/register\/tZElc-qrrj4iH9db9PSUK3C1EOsGmdRqezlP\"><strong><button class=\"blue-button-medium\">S&#8217;inscrire (gratuit via Zoom)<\/button><\/strong><\/a><\/p>\n","protected":false},"excerpt":{"rendered":"<p>Que veut le public aujourd&#8217;hui? Date : 22 juin 2023 Heure : 13h30 pm to 14h30 HE Session bilingue : L&#8217;interpr\u00e9tation simultan\u00e9e en fran\u00e7ais est disponible pour ce webinaire. Accessibilit\u00e9 : Des sous-titres en anglais g\u00e9n\u00e9r\u00e9s par l&#8217;IA seront disponibles lors de ce webinaire via Zoom. A qui cela s&#8217;adresse-t-il? Les responsables des arts de [&hellip;]<\/p>\n","protected":false},"author":10,"featured_media":0,"parent":0,"menu_order":0,"comment_status":"closed","ping_status":"closed","template":"","meta":{"_acf_changed":false,"_monsterinsights_skip_tracking":false,"_monsterinsights_sitenote_active":false,"_monsterinsights_sitenote_note":"","_monsterinsights_sitenote_category":0,"footnotes":""},"class_list":["post-11948","page","type-page","status-publish","hentry"],"acf":[],"yoast_head":"<!-- This site is optimized with the Yoast SEO plugin v25.4 - https:\/\/yoast.com\/wordpress\/plugins\/seo\/ -->\n<title>La relance des arts de la sc\u00e8ne - Orchestras Canada\/Orchestres Canada<\/title>\n<meta name=\"robots\" content=\"index, follow, max-snippet:-1, max-image-preview:large, max-video-preview:-1\" \/>\n<link rel=\"canonical\" href=\"https:\/\/oc.ca\/en\/performing-arts-recovery\/\" \/>\n<meta property=\"og:locale\" content=\"fr_FR\" \/>\n<meta property=\"og:type\" content=\"article\" \/>\n<meta property=\"og:title\" content=\"La relance des arts de la sc\u00e8ne - Orchestras Canada\/Orchestres Canada\" \/>\n<meta property=\"og:description\" content=\"Que veut le public aujourd&#8217;hui? Date : 22 juin 2023 Heure : 13h30 pm to 14h30 HE Session bilingue : L&#8217;interpr\u00e9tation simultan\u00e9e en fran\u00e7ais est disponible pour ce webinaire. Accessibilit\u00e9 : Des sous-titres en anglais g\u00e9n\u00e9r\u00e9s par l&#8217;IA seront disponibles lors de ce webinaire via Zoom. A qui cela s&#8217;adresse-t-il? Les responsables des arts de [&hellip;]\" \/>\n<meta property=\"og:url\" content=\"https:\/\/oc.ca\/en\/performing-arts-recovery\/\" \/>\n<meta property=\"og:site_name\" content=\"Orchestras Canada\/Orchestres Canada\" \/>\n<meta property=\"article:modified_time\" content=\"2023-06-21T21:47:11+00:00\" \/>\n<meta property=\"og:image\" content=\"https:\/\/oc.ca\/wp-content\/uploads\/2023\/06\/Performing-Arts-Recovery-What-do-Audiences-Want-Now-800x451.png\" \/>\n<meta name=\"twitter:card\" content=\"summary_large_image\" \/>\n<meta name=\"twitter:label1\" content=\"Dur\u00e9e de lecture estim\u00e9e\" \/>\n\t<meta name=\"twitter:data1\" content=\"3 minutes\" \/>\n<script type=\"application\/ld+json\" class=\"yoast-schema-graph\">{\"@context\":\"https:\/\/schema.org\",\"@graph\":[{\"@type\":\"WebPage\",\"@id\":\"https:\/\/oc.ca\/en\/performing-arts-recovery\/\",\"url\":\"https:\/\/oc.ca\/en\/performing-arts-recovery\/\",\"name\":\"La relance des arts de la sc\u00e8ne - Orchestras Canada\/Orchestres Canada\",\"isPartOf\":{\"@id\":\"https:\/\/oc.ca\/en\/#website\"},\"primaryImageOfPage\":{\"@id\":\"https:\/\/oc.ca\/en\/performing-arts-recovery\/#primaryimage\"},\"image\":{\"@id\":\"https:\/\/oc.ca\/en\/performing-arts-recovery\/#primaryimage\"},\"thumbnailUrl\":\"https:\/\/oc.ca\/wp-content\/uploads\/2023\/06\/Performing-Arts-Recovery-What-do-Audiences-Want-Now-800x451.png\",\"datePublished\":\"2023-06-13T14:10:11+00:00\",\"dateModified\":\"2023-06-21T21:47:11+00:00\",\"breadcrumb\":{\"@id\":\"https:\/\/oc.ca\/en\/performing-arts-recovery\/#breadcrumb\"},\"inLanguage\":\"fr-FR\",\"potentialAction\":[{\"@type\":\"ReadAction\",\"target\":[\"https:\/\/oc.ca\/en\/performing-arts-recovery\/\"]}]},{\"@type\":\"ImageObject\",\"inLanguage\":\"fr-FR\",\"@id\":\"https:\/\/oc.ca\/en\/performing-arts-recovery\/#primaryimage\",\"url\":\"https:\/\/oc.ca\/wp-content\/uploads\/2023\/06\/Performing-Arts-Recovery-What-do-Audiences-Want-Now-800x451.png\",\"contentUrl\":\"https:\/\/oc.ca\/wp-content\/uploads\/2023\/06\/Performing-Arts-Recovery-What-do-Audiences-Want-Now-800x451.png\"},{\"@type\":\"BreadcrumbList\",\"@id\":\"https:\/\/oc.ca\/en\/performing-arts-recovery\/#breadcrumb\",\"itemListElement\":[{\"@type\":\"ListItem\",\"position\":1,\"name\":\"Home\",\"item\":\"https:\/\/oc.ca\/fr\/\"},{\"@type\":\"ListItem\",\"position\":2,\"name\":\"La relance des arts de la sc\u00e8ne\"}]},{\"@type\":\"WebSite\",\"@id\":\"https:\/\/oc.ca\/en\/#website\",\"url\":\"https:\/\/oc.ca\/en\/\",\"name\":\"Orchestras Canada\/Orchestres Canada\",\"description\":\"\",\"publisher\":{\"@id\":\"https:\/\/oc.ca\/en\/#organization\"},\"potentialAction\":[{\"@type\":\"SearchAction\",\"target\":{\"@type\":\"EntryPoint\",\"urlTemplate\":\"https:\/\/oc.ca\/en\/?s={search_term_string}\"},\"query-input\":{\"@type\":\"PropertyValueSpecification\",\"valueRequired\":true,\"valueName\":\"search_term_string\"}}],\"inLanguage\":\"fr-FR\"},{\"@type\":\"Organization\",\"@id\":\"https:\/\/oc.ca\/en\/#organization\",\"name\":\"Orchestras Canada\/Orchestres Canada\",\"url\":\"https:\/\/oc.ca\/en\/\",\"logo\":{\"@type\":\"ImageObject\",\"inLanguage\":\"fr-FR\",\"@id\":\"https:\/\/oc.ca\/en\/#\/schema\/logo\/image\/\",\"url\":\"https:\/\/oc.ca\/wp-content\/uploads\/2019\/03\/cropped-OC-Logo-800x200-1.png\",\"contentUrl\":\"https:\/\/oc.ca\/wp-content\/uploads\/2019\/03\/cropped-OC-Logo-800x200-1.png\",\"width\":400,\"height\":100,\"caption\":\"Orchestras Canada\/Orchestres Canada\"},\"image\":{\"@id\":\"https:\/\/oc.ca\/en\/#\/schema\/logo\/image\/\"}}]}<\/script>\n<!-- \/ Yoast SEO plugin. -->","yoast_head_json":{"title":"La relance des arts de la sc\u00e8ne - Orchestras Canada\/Orchestres Canada","robots":{"index":"index","follow":"follow","max-snippet":"max-snippet:-1","max-image-preview":"max-image-preview:large","max-video-preview":"max-video-preview:-1"},"canonical":"https:\/\/oc.ca\/en\/performing-arts-recovery\/","og_locale":"fr_FR","og_type":"article","og_title":"La relance des arts de la sc\u00e8ne - Orchestras Canada\/Orchestres Canada","og_description":"Que veut le public aujourd&#8217;hui? Date : 22 juin 2023 Heure : 13h30 pm to 14h30 HE Session bilingue : L&#8217;interpr\u00e9tation simultan\u00e9e en fran\u00e7ais est disponible pour ce webinaire. Accessibilit\u00e9 : Des sous-titres en anglais g\u00e9n\u00e9r\u00e9s par l&#8217;IA seront disponibles lors de ce webinaire via Zoom. A qui cela s&#8217;adresse-t-il? Les responsables des arts de [&hellip;]","og_url":"https:\/\/oc.ca\/en\/performing-arts-recovery\/","og_site_name":"Orchestras Canada\/Orchestres Canada","article_modified_time":"2023-06-21T21:47:11+00:00","og_image":[{"url":"https:\/\/oc.ca\/wp-content\/uploads\/2023\/06\/Performing-Arts-Recovery-What-do-Audiences-Want-Now-800x451.png","type":"","width":"","height":""}],"twitter_card":"summary_large_image","twitter_misc":{"Dur\u00e9e de lecture estim\u00e9e":"3 minutes"},"schema":{"@context":"https:\/\/schema.org","@graph":[{"@type":"WebPage","@id":"https:\/\/oc.ca\/en\/performing-arts-recovery\/","url":"https:\/\/oc.ca\/en\/performing-arts-recovery\/","name":"La relance des arts de la sc\u00e8ne - Orchestras Canada\/Orchestres Canada","isPartOf":{"@id":"https:\/\/oc.ca\/en\/#website"},"primaryImageOfPage":{"@id":"https:\/\/oc.ca\/en\/performing-arts-recovery\/#primaryimage"},"image":{"@id":"https:\/\/oc.ca\/en\/performing-arts-recovery\/#primaryimage"},"thumbnailUrl":"https:\/\/oc.ca\/wp-content\/uploads\/2023\/06\/Performing-Arts-Recovery-What-do-Audiences-Want-Now-800x451.png","datePublished":"2023-06-13T14:10:11+00:00","dateModified":"2023-06-21T21:47:11+00:00","breadcrumb":{"@id":"https:\/\/oc.ca\/en\/performing-arts-recovery\/#breadcrumb"},"inLanguage":"fr-FR","potentialAction":[{"@type":"ReadAction","target":["https:\/\/oc.ca\/en\/performing-arts-recovery\/"]}]},{"@type":"ImageObject","inLanguage":"fr-FR","@id":"https:\/\/oc.ca\/en\/performing-arts-recovery\/#primaryimage","url":"https:\/\/oc.ca\/wp-content\/uploads\/2023\/06\/Performing-Arts-Recovery-What-do-Audiences-Want-Now-800x451.png","contentUrl":"https:\/\/oc.ca\/wp-content\/uploads\/2023\/06\/Performing-Arts-Recovery-What-do-Audiences-Want-Now-800x451.png"},{"@type":"BreadcrumbList","@id":"https:\/\/oc.ca\/en\/performing-arts-recovery\/#breadcrumb","itemListElement":[{"@type":"ListItem","position":1,"name":"Home","item":"https:\/\/oc.ca\/fr\/"},{"@type":"ListItem","position":2,"name":"La relance des arts de la sc\u00e8ne"}]},{"@type":"WebSite","@id":"https:\/\/oc.ca\/en\/#website","url":"https:\/\/oc.ca\/en\/","name":"Orchestras Canada\/Orchestres Canada","description":"","publisher":{"@id":"https:\/\/oc.ca\/en\/#organization"},"potentialAction":[{"@type":"SearchAction","target":{"@type":"EntryPoint","urlTemplate":"https:\/\/oc.ca\/en\/?s={search_term_string}"},"query-input":{"@type":"PropertyValueSpecification","valueRequired":true,"valueName":"search_term_string"}}],"inLanguage":"fr-FR"},{"@type":"Organization","@id":"https:\/\/oc.ca\/en\/#organization","name":"Orchestras Canada\/Orchestres Canada","url":"https:\/\/oc.ca\/en\/","logo":{"@type":"ImageObject","inLanguage":"fr-FR","@id":"https:\/\/oc.ca\/en\/#\/schema\/logo\/image\/","url":"https:\/\/oc.ca\/wp-content\/uploads\/2019\/03\/cropped-OC-Logo-800x200-1.png","contentUrl":"https:\/\/oc.ca\/wp-content\/uploads\/2019\/03\/cropped-OC-Logo-800x200-1.png","width":400,"height":100,"caption":"Orchestras Canada\/Orchestres Canada"},"image":{"@id":"https:\/\/oc.ca\/en\/#\/schema\/logo\/image\/"}}]}},"_links":{"self":[{"href":"https:\/\/oc.ca\/fr\/wp-json\/wp\/v2\/pages\/11948","targetHints":{"allow":["GET"]}}],"collection":[{"href":"https:\/\/oc.ca\/fr\/wp-json\/wp\/v2\/pages"}],"about":[{"href":"https:\/\/oc.ca\/fr\/wp-json\/wp\/v2\/types\/page"}],"author":[{"embeddable":true,"href":"https:\/\/oc.ca\/fr\/wp-json\/wp\/v2\/users\/10"}],"replies":[{"embeddable":true,"href":"https:\/\/oc.ca\/fr\/wp-json\/wp\/v2\/comments?post=11948"}],"version-history":[{"count":5,"href":"https:\/\/oc.ca\/fr\/wp-json\/wp\/v2\/pages\/11948\/revisions"}],"predecessor-version":[{"id":12025,"href":"https:\/\/oc.ca\/fr\/wp-json\/wp\/v2\/pages\/11948\/revisions\/12025"}],"wp:attachment":[{"href":"https:\/\/oc.ca\/fr\/wp-json\/wp\/v2\/media?parent=11948"}],"curies":[{"name":"wp","href":"https:\/\/api.w.org\/{rel}","templated":true}]}}