{"id":11898,"date":"2023-05-27T17:32:22","date_gmt":"2023-05-27T21:32:22","guid":{"rendered":"http:\/\/demosite2.asurtec.com\/?page_id=11898"},"modified":"2023-05-27T17:33:50","modified_gmt":"2023-05-27T21:33:50","slug":"la-fondation-socan-en-savoir-plus-sur-ses-programmes","status":"publish","type":"page","link":"https:\/\/oc.ca\/fr\/la-fondation-socan-en-savoir-plus-sur-ses-programmes\/","title":{"rendered":"La Fondation SOCAN"},"content":{"rendered":"<h3 style=\"text-align: center;\">En savoir plus sur ses programmes<\/h3>\n<p><strong>Date :<\/strong> le 20 juin 2023<\/p>\n<p><strong>Heure :<\/strong> 14h00 \u00e0 15h00 HE.<\/p>\n<p><strong>Session en fran\u00e7ais<\/strong> : Cette session est en fran\u00e7ais uniquement, et le m\u00eame webinaire sera pr\u00e9sent\u00e9 <a href=\"https:\/\/us02web.zoom.us\/meeting\/register\/tZUrc--qrTItGt26QoFEBdbpjzKy3fQHBjsf\">en anglais<\/a> \u00e0 13h00 le m\u00eame jour.<\/p>\n<p style=\"text-align: center;\"><a href=\"https:\/\/us02web.zoom.us\/meeting\/register\/tZcsd--hqTsvHN2ljWaCr0s8d0QkWA07srdR\"><strong><button class=\"blue-button-medium\">S&#8217;inscrire! (Gratuit via Zoom)<\/button><\/strong><\/a><\/p>\n<p>Venez d\u00e9couvrir les programmes de la Fondation SOCAN qui pourraient aider votre organisation. Julien Boumard Coallier, Gestionnaire des programmes de subventions de la Fondation SOCAN, parlera de ce qu&#8217;elle offre et mettra l&#8217;accent sur la <strong>subvention d&#8217;aide aux commandes d&#8217;oeuvres<\/strong>.<\/p>\n<p><img fetchpriority=\"high\" decoding=\"async\" class=\"wp-image-11899 aligncenter\" src=\"https:\/\/oc.ca\/wp-content\/uploads\/2023\/05\/Visual-FR-SOCAN-800x451.png\" alt=\"\" width=\"504\" height=\"284\" srcset=\"https:\/\/oc.ca\/wp-content\/uploads\/2023\/05\/Visual-FR-SOCAN-800x451.png 800w, https:\/\/oc.ca\/wp-content\/uploads\/2023\/05\/Visual-FR-SOCAN-300x169.png 300w, https:\/\/oc.ca\/wp-content\/uploads\/2023\/05\/Visual-FR-SOCAN-768x433.png 768w, https:\/\/oc.ca\/wp-content\/uploads\/2023\/05\/Visual-FR-SOCAN-1536x865.png 1536w, https:\/\/oc.ca\/wp-content\/uploads\/2023\/05\/Visual-FR-SOCAN.png 1640w\" sizes=\"(min-width: 960px) 75vw, 100vw\" \/><\/p>\n<p><strong>Pr\u00e9sentateur :<\/strong> Julien Boumard Coallier, Gestionnaire des programmes de subventions \u00e0 la Fondation SOCAN<\/p>\n<p><img decoding=\"async\" class=\"wp-image-11895 alignleft\" src=\"https:\/\/oc.ca\/wp-content\/uploads\/2023\/05\/Coallier-Headshot-1-580x800.jpg\" alt=\"\" width=\"161\" height=\"222\" srcset=\"https:\/\/oc.ca\/wp-content\/uploads\/2023\/05\/Coallier-Headshot-1-580x800.jpg 580w, https:\/\/oc.ca\/wp-content\/uploads\/2023\/05\/Coallier-Headshot-1-217x300.jpg 217w, https:\/\/oc.ca\/wp-content\/uploads\/2023\/05\/Coallier-Headshot-1-768x1060.jpg 768w, https:\/\/oc.ca\/wp-content\/uploads\/2023\/05\/Coallier-Headshot-1.jpg 800w\" sizes=\"(min-width: 960px) 75vw, 100vw\" \/><\/p>\n<p>Depuis ses \u00e9tudes en communication et son m\u00e9moire de ma\u00eetrise sur les pratiques du vinyle, la passion de Julien pour la musique l\u2019amen\u00e9 \u00e0 toucher \u00e0 plusieurs aspects de ce milieu. Que \u00e7a soit \u00e0 travers sa recherche acad\u00e9mique, son travail aupr\u00e8s de m\u00e9dias culturels et musicaux qu\u00e9b\u00e9cois ou son passage dans une maison de disque, Julien a su aiguiser son professionnalisme et d\u00e9velopper un large r\u00e9seau de contacts. Aujourd\u2019hui, son r\u00f4le d\u2019administrateur des programmes de subventions \u00e0 la Fondation SOCAN l\u2019am\u00e8ne \u00e0 exercer ses comp\u00e9tences en communication, en relation interpersonnelles et en marketing afin de faciliter le processus de subvention, faire rayonner la musique et ses cr\u00e9ateurs ainsi que de mettre en \u0153uvre la vision strat\u00e9gique de l\u2019organisation.<\/p>\n<p>&nbsp;<\/p>\n<p>&nbsp;<\/p>\n<p style=\"text-align: center;\"><a href=\"https:\/\/us02web.zoom.us\/meeting\/register\/tZcsd--hqTsvHN2ljWaCr0s8d0QkWA07srdR\"><strong><button class=\"blue-button-medium\">S&#8217;inscrire! (Gratuit via Zoom)<\/button><\/strong><\/a><\/p>\n","protected":false},"excerpt":{"rendered":"<p>En savoir plus sur ses programmes Date : le 20 juin 2023 Heure : 14h00 \u00e0 15h00 HE. Session en fran\u00e7ais : Cette session est en fran\u00e7ais uniquement, et le m\u00eame webinaire sera pr\u00e9sent\u00e9 en anglais \u00e0 13h00 le m\u00eame jour. S&#8217;inscrire! (Gratuit via Zoom) Venez d\u00e9couvrir les programmes de la Fondation SOCAN qui pourraient [&hellip;]<\/p>\n","protected":false},"author":10,"featured_media":0,"parent":0,"menu_order":0,"comment_status":"closed","ping_status":"closed","template":"","meta":{"_acf_changed":false,"_monsterinsights_skip_tracking":false,"_monsterinsights_sitenote_active":false,"_monsterinsights_sitenote_note":"","_monsterinsights_sitenote_category":0,"footnotes":""},"class_list":["post-11898","page","type-page","status-publish","hentry"],"acf":[],"yoast_head":"<!-- This site is optimized with the Yoast SEO plugin v25.4 - https:\/\/yoast.com\/wordpress\/plugins\/seo\/ -->\n<title>La Fondation SOCAN - Orchestras Canada\/Orchestres Canada<\/title>\n<meta name=\"robots\" content=\"index, follow, max-snippet:-1, max-image-preview:large, max-video-preview:-1\" \/>\n<link rel=\"canonical\" href=\"https:\/\/oc.ca\/fr\/la-fondation-socan-en-savoir-plus-sur-ses-programmes\/\" \/>\n<meta property=\"og:locale\" content=\"fr_FR\" \/>\n<meta property=\"og:type\" content=\"article\" \/>\n<meta property=\"og:title\" content=\"La Fondation SOCAN - Orchestras Canada\/Orchestres Canada\" \/>\n<meta property=\"og:description\" content=\"En savoir plus sur ses programmes Date : le 20 juin 2023 Heure : 14h00 \u00e0 15h00 HE. Session en fran\u00e7ais : Cette session est en fran\u00e7ais uniquement, et le m\u00eame webinaire sera pr\u00e9sent\u00e9 en anglais \u00e0 13h00 le m\u00eame jour. S&#8217;inscrire! (Gratuit via Zoom) Venez d\u00e9couvrir les programmes de la Fondation SOCAN qui pourraient [&hellip;]\" \/>\n<meta property=\"og:url\" content=\"https:\/\/oc.ca\/fr\/la-fondation-socan-en-savoir-plus-sur-ses-programmes\/\" \/>\n<meta property=\"og:site_name\" content=\"Orchestras Canada\/Orchestres Canada\" \/>\n<meta property=\"article:modified_time\" content=\"2023-05-27T21:33:50+00:00\" \/>\n<meta property=\"og:image\" content=\"https:\/\/oc.ca\/wp-content\/uploads\/2023\/05\/Visual-FR-SOCAN-800x451.png\" \/>\n<meta name=\"twitter:card\" content=\"summary_large_image\" \/>\n<meta name=\"twitter:label1\" content=\"Dur\u00e9e de lecture estim\u00e9e\" \/>\n\t<meta name=\"twitter:data1\" content=\"2 minutes\" \/>\n<script type=\"application\/ld+json\" class=\"yoast-schema-graph\">{\"@context\":\"https:\/\/schema.org\",\"@graph\":[{\"@type\":\"WebPage\",\"@id\":\"https:\/\/oc.ca\/fr\/la-fondation-socan-en-savoir-plus-sur-ses-programmes\/\",\"url\":\"https:\/\/oc.ca\/fr\/la-fondation-socan-en-savoir-plus-sur-ses-programmes\/\",\"name\":\"La Fondation SOCAN - Orchestras Canada\/Orchestres Canada\",\"isPartOf\":{\"@id\":\"https:\/\/oc.ca\/en\/#website\"},\"primaryImageOfPage\":{\"@id\":\"https:\/\/oc.ca\/fr\/la-fondation-socan-en-savoir-plus-sur-ses-programmes\/#primaryimage\"},\"image\":{\"@id\":\"https:\/\/oc.ca\/fr\/la-fondation-socan-en-savoir-plus-sur-ses-programmes\/#primaryimage\"},\"thumbnailUrl\":\"https:\/\/oc.ca\/wp-content\/uploads\/2023\/05\/Visual-FR-SOCAN-800x451.png\",\"datePublished\":\"2023-05-27T21:32:22+00:00\",\"dateModified\":\"2023-05-27T21:33:50+00:00\",\"breadcrumb\":{\"@id\":\"https:\/\/oc.ca\/fr\/la-fondation-socan-en-savoir-plus-sur-ses-programmes\/#breadcrumb\"},\"inLanguage\":\"fr-FR\",\"potentialAction\":[{\"@type\":\"ReadAction\",\"target\":[\"https:\/\/oc.ca\/fr\/la-fondation-socan-en-savoir-plus-sur-ses-programmes\/\"]}]},{\"@type\":\"ImageObject\",\"inLanguage\":\"fr-FR\",\"@id\":\"https:\/\/oc.ca\/fr\/la-fondation-socan-en-savoir-plus-sur-ses-programmes\/#primaryimage\",\"url\":\"https:\/\/oc.ca\/wp-content\/uploads\/2023\/05\/Visual-FR-SOCAN-800x451.png\",\"contentUrl\":\"https:\/\/oc.ca\/wp-content\/uploads\/2023\/05\/Visual-FR-SOCAN-800x451.png\"},{\"@type\":\"BreadcrumbList\",\"@id\":\"https:\/\/oc.ca\/fr\/la-fondation-socan-en-savoir-plus-sur-ses-programmes\/#breadcrumb\",\"itemListElement\":[{\"@type\":\"ListItem\",\"position\":1,\"name\":\"Home\",\"item\":\"https:\/\/oc.ca\/fr\/\"},{\"@type\":\"ListItem\",\"position\":2,\"name\":\"La Fondation SOCAN\"}]},{\"@type\":\"WebSite\",\"@id\":\"https:\/\/oc.ca\/en\/#website\",\"url\":\"https:\/\/oc.ca\/en\/\",\"name\":\"Orchestras Canada\/Orchestres Canada\",\"description\":\"\",\"publisher\":{\"@id\":\"https:\/\/oc.ca\/en\/#organization\"},\"potentialAction\":[{\"@type\":\"SearchAction\",\"target\":{\"@type\":\"EntryPoint\",\"urlTemplate\":\"https:\/\/oc.ca\/en\/?s={search_term_string}\"},\"query-input\":{\"@type\":\"PropertyValueSpecification\",\"valueRequired\":true,\"valueName\":\"search_term_string\"}}],\"inLanguage\":\"fr-FR\"},{\"@type\":\"Organization\",\"@id\":\"https:\/\/oc.ca\/en\/#organization\",\"name\":\"Orchestras Canada\/Orchestres Canada\",\"url\":\"https:\/\/oc.ca\/en\/\",\"logo\":{\"@type\":\"ImageObject\",\"inLanguage\":\"fr-FR\",\"@id\":\"https:\/\/oc.ca\/en\/#\/schema\/logo\/image\/\",\"url\":\"https:\/\/oc.ca\/wp-content\/uploads\/2019\/03\/cropped-OC-Logo-800x200-1.png\",\"contentUrl\":\"https:\/\/oc.ca\/wp-content\/uploads\/2019\/03\/cropped-OC-Logo-800x200-1.png\",\"width\":400,\"height\":100,\"caption\":\"Orchestras Canada\/Orchestres Canada\"},\"image\":{\"@id\":\"https:\/\/oc.ca\/en\/#\/schema\/logo\/image\/\"}}]}<\/script>\n<!-- \/ Yoast SEO plugin. -->","yoast_head_json":{"title":"La Fondation SOCAN - Orchestras Canada\/Orchestres Canada","robots":{"index":"index","follow":"follow","max-snippet":"max-snippet:-1","max-image-preview":"max-image-preview:large","max-video-preview":"max-video-preview:-1"},"canonical":"https:\/\/oc.ca\/fr\/la-fondation-socan-en-savoir-plus-sur-ses-programmes\/","og_locale":"fr_FR","og_type":"article","og_title":"La Fondation SOCAN - Orchestras Canada\/Orchestres Canada","og_description":"En savoir plus sur ses programmes Date : le 20 juin 2023 Heure : 14h00 \u00e0 15h00 HE. Session en fran\u00e7ais : Cette session est en fran\u00e7ais uniquement, et le m\u00eame webinaire sera pr\u00e9sent\u00e9 en anglais \u00e0 13h00 le m\u00eame jour. S&#8217;inscrire! (Gratuit via Zoom) Venez d\u00e9couvrir les programmes de la Fondation SOCAN qui pourraient [&hellip;]","og_url":"https:\/\/oc.ca\/fr\/la-fondation-socan-en-savoir-plus-sur-ses-programmes\/","og_site_name":"Orchestras Canada\/Orchestres Canada","article_modified_time":"2023-05-27T21:33:50+00:00","og_image":[{"url":"https:\/\/oc.ca\/wp-content\/uploads\/2023\/05\/Visual-FR-SOCAN-800x451.png","type":"","width":"","height":""}],"twitter_card":"summary_large_image","twitter_misc":{"Dur\u00e9e de lecture estim\u00e9e":"2 minutes"},"schema":{"@context":"https:\/\/schema.org","@graph":[{"@type":"WebPage","@id":"https:\/\/oc.ca\/fr\/la-fondation-socan-en-savoir-plus-sur-ses-programmes\/","url":"https:\/\/oc.ca\/fr\/la-fondation-socan-en-savoir-plus-sur-ses-programmes\/","name":"La Fondation SOCAN - Orchestras Canada\/Orchestres Canada","isPartOf":{"@id":"https:\/\/oc.ca\/en\/#website"},"primaryImageOfPage":{"@id":"https:\/\/oc.ca\/fr\/la-fondation-socan-en-savoir-plus-sur-ses-programmes\/#primaryimage"},"image":{"@id":"https:\/\/oc.ca\/fr\/la-fondation-socan-en-savoir-plus-sur-ses-programmes\/#primaryimage"},"thumbnailUrl":"https:\/\/oc.ca\/wp-content\/uploads\/2023\/05\/Visual-FR-SOCAN-800x451.png","datePublished":"2023-05-27T21:32:22+00:00","dateModified":"2023-05-27T21:33:50+00:00","breadcrumb":{"@id":"https:\/\/oc.ca\/fr\/la-fondation-socan-en-savoir-plus-sur-ses-programmes\/#breadcrumb"},"inLanguage":"fr-FR","potentialAction":[{"@type":"ReadAction","target":["https:\/\/oc.ca\/fr\/la-fondation-socan-en-savoir-plus-sur-ses-programmes\/"]}]},{"@type":"ImageObject","inLanguage":"fr-FR","@id":"https:\/\/oc.ca\/fr\/la-fondation-socan-en-savoir-plus-sur-ses-programmes\/#primaryimage","url":"https:\/\/oc.ca\/wp-content\/uploads\/2023\/05\/Visual-FR-SOCAN-800x451.png","contentUrl":"https:\/\/oc.ca\/wp-content\/uploads\/2023\/05\/Visual-FR-SOCAN-800x451.png"},{"@type":"BreadcrumbList","@id":"https:\/\/oc.ca\/fr\/la-fondation-socan-en-savoir-plus-sur-ses-programmes\/#breadcrumb","itemListElement":[{"@type":"ListItem","position":1,"name":"Home","item":"https:\/\/oc.ca\/fr\/"},{"@type":"ListItem","position":2,"name":"La Fondation SOCAN"}]},{"@type":"WebSite","@id":"https:\/\/oc.ca\/en\/#website","url":"https:\/\/oc.ca\/en\/","name":"Orchestras Canada\/Orchestres Canada","description":"","publisher":{"@id":"https:\/\/oc.ca\/en\/#organization"},"potentialAction":[{"@type":"SearchAction","target":{"@type":"EntryPoint","urlTemplate":"https:\/\/oc.ca\/en\/?s={search_term_string}"},"query-input":{"@type":"PropertyValueSpecification","valueRequired":true,"valueName":"search_term_string"}}],"inLanguage":"fr-FR"},{"@type":"Organization","@id":"https:\/\/oc.ca\/en\/#organization","name":"Orchestras Canada\/Orchestres Canada","url":"https:\/\/oc.ca\/en\/","logo":{"@type":"ImageObject","inLanguage":"fr-FR","@id":"https:\/\/oc.ca\/en\/#\/schema\/logo\/image\/","url":"https:\/\/oc.ca\/wp-content\/uploads\/2019\/03\/cropped-OC-Logo-800x200-1.png","contentUrl":"https:\/\/oc.ca\/wp-content\/uploads\/2019\/03\/cropped-OC-Logo-800x200-1.png","width":400,"height":100,"caption":"Orchestras Canada\/Orchestres Canada"},"image":{"@id":"https:\/\/oc.ca\/en\/#\/schema\/logo\/image\/"}}]}},"_links":{"self":[{"href":"https:\/\/oc.ca\/fr\/wp-json\/wp\/v2\/pages\/11898","targetHints":{"allow":["GET"]}}],"collection":[{"href":"https:\/\/oc.ca\/fr\/wp-json\/wp\/v2\/pages"}],"about":[{"href":"https:\/\/oc.ca\/fr\/wp-json\/wp\/v2\/types\/page"}],"author":[{"embeddable":true,"href":"https:\/\/oc.ca\/fr\/wp-json\/wp\/v2\/users\/10"}],"replies":[{"embeddable":true,"href":"https:\/\/oc.ca\/fr\/wp-json\/wp\/v2\/comments?post=11898"}],"version-history":[{"count":3,"href":"https:\/\/oc.ca\/fr\/wp-json\/wp\/v2\/pages\/11898\/revisions"}],"predecessor-version":[{"id":11903,"href":"https:\/\/oc.ca\/fr\/wp-json\/wp\/v2\/pages\/11898\/revisions\/11903"}],"wp:attachment":[{"href":"https:\/\/oc.ca\/fr\/wp-json\/wp\/v2\/media?parent=11898"}],"curies":[{"name":"wp","href":"https:\/\/api.w.org\/{rel}","templated":true}]}}