{"id":11569,"date":"2023-02-13T12:59:45","date_gmt":"2023-02-13T17:59:45","guid":{"rendered":"http:\/\/demosite2.asurtec.com\/?page_id=11569"},"modified":"2023-02-13T12:59:45","modified_gmt":"2023-02-13T17:59:45","slug":"emergence-congres-national-2023-dorchestres-canada","status":"publish","type":"page","link":"https:\/\/oc.ca\/fr\/emergence-congres-national-2023-dorchestres-canada\/","title":{"rendered":"\u00c9mergence : Congr\u00e8s national 2023 d&#8217;Orchestres Canada"},"content":{"rendered":"<p>Vous en avez probablement d\u00e9j\u00e0 entendu parler : Notre Congr\u00e8s national revient cette ann\u00e9e!<\/p>\n<p><b>Nous invitons les administrateurs.trices d&#8217;orchestres, les chef.fe.s d&#8217;orchestre, les \u00e9ducateurs.trices, les musicien.ne.s et les autres professionnel.le.s de l&#8217;industrie \u00e0 se joindre \u00e0 nous!\u00a0<\/b>L&#8217;\u00e9dition pr\u00e9sentielle, co-pr\u00e9sent\u00e9e par l&#8217;Orchestre philharmonique de Hamilton, aura lieu dans la ville dynamique de Hamilton, en Ontario, du 3 au 5 mai 2023, avec certaines sessions disponibles en diffusion en direct et \u00e0 la demande via une plateforme en ligne, et une session pl\u00e9ni\u00e8re virtuelle pr\u00e9-conf\u00e9rence.<\/p>\n<p><img fetchpriority=\"high\" decoding=\"async\" class=\"wp-image-11566 aligncenter\" src=\"https:\/\/oc.ca\/wp-content\/uploads\/2023\/02\/vivek-trivedi-cHjfZs5_0b8-unsplash-300x200.jpg\" alt=\"City skyline of Hamilton, Canada at sunset with orange and blue sky.\" width=\"750\" height=\"500\" srcset=\"https:\/\/oc.ca\/wp-content\/uploads\/2023\/02\/vivek-trivedi-cHjfZs5_0b8-unsplash-300x200.jpg 300w, https:\/\/oc.ca\/wp-content\/uploads\/2023\/02\/vivek-trivedi-cHjfZs5_0b8-unsplash-800x534.jpg 800w, https:\/\/oc.ca\/wp-content\/uploads\/2023\/02\/vivek-trivedi-cHjfZs5_0b8-unsplash-768x513.jpg 768w, https:\/\/oc.ca\/wp-content\/uploads\/2023\/02\/vivek-trivedi-cHjfZs5_0b8-unsplash-1536x1025.jpg 1536w, https:\/\/oc.ca\/wp-content\/uploads\/2023\/02\/vivek-trivedi-cHjfZs5_0b8-unsplash-2048x1367.jpg 2048w\" sizes=\"(min-width: 960px) 75vw, 100vw\" \/><\/p>\n<p>Le Congr\u00e8s national 2023 d&#8217;Orchestres Canada &#8211; intitul\u00e9\u00a0<b>\u00c9mergence<\/b>\u00a0&#8211; vise \u00e0 soutenir les participant.e.s alors qu&#8217;ils s&#8217;engagent, g\u00e9n\u00e8rent et testent des id\u00e9es prometteuses sur l&#8217;avenir des orchestres. Nous offrirons un \u00e9ventail d&#8217;exp\u00e9riences et de formats d&#8217;apprentissage, y compris une excursion au Woodland Cultural Centre des Six Nations de la rivi\u00e8re Grand le premier jour, une journ\u00e9e compl\u00e8te de pr\u00e9sentations, de r\u00e9unions en petits groupes et de discussions au Hamilton Convention Centre (HCC) le deuxi\u00e8me jour, et une s\u00e9ance de planification de sc\u00e9narios anim\u00e9e lors de notre derni\u00e8re demi-journ\u00e9e, \u00e9galement au HCC. Nous proposerons une s\u00e9lection de ces sessions \u00e0 nos inscrit.e.s en ligne.<\/p>\n<p>Nous construisons le programme autour des th\u00e8mes suivants :<\/p>\n<ul>\n<li>Programmation des concerts et formats de pr\u00e9sentation<\/li>\n<li>Les tendances philanthropiques<\/li>\n<li>L&#8217;avenir du financement public<\/li>\n<li>Tendances d\u00e9mographiques<\/li>\n<li>Gouvernance et leadership inclusifs<\/li>\n<li>Les orchestres comme lieu de travail<\/li>\n<li>\u00c9co-responsabilit\u00e9<\/li>\n<li>Tendances num\u00e9riques en mati\u00e8re de marketing et de partage de contenu<\/li>\n<li>Le r\u00f4le des orchestres dans l&#8217;\u00e9cosyst\u00e8me musical<\/li>\n<\/ul>\n<p>En plus des opportunit\u00e9s de d\u00e9veloppement professionnel du congr\u00e8s, les participant.e.s auront \u00e9galement la chance d&#8217;explorer la ville de Hamilton, connue pour sa riche culture, ses quartiers diversifi\u00e9s et son tr\u00e8s beau front au bord de l&#8217;eau.<\/p>\n<p>Le Congr\u00e8s national d&#8217;Orchestres Canada est un \u00e9v\u00e9nement incontournable pour toute personne impliqu\u00e9e dans la communaut\u00e9 orchestrale au Canada et au-del\u00e0. Ce sera une excellente occasion pour les professionnels de se connecter, d&#8217;apprendre et de se d\u00e9velopper.<\/p>\n<p><b>Vous souhaitez participer? L&#8217;inscription anticip\u00e9e pour l&#8217;exp\u00e9rience en personne sera ouverte \u00e0 la mi-f\u00e9vrier! <\/b>Les billets pour l&#8217;\u00e9dition en ligne seulement seront mis en vente \u00e0 une date ult\u00e9rieure.<\/p>\n<h4><span class=\"ui-provider wl b c d e f g h i j k l m n o p q r s t u v w x y z ab ac ae af ag ah ai aj ak\" dir=\"ltr\">R\u00e9sum\u00e9<\/span><\/h4>\n<p><b>Quand : <\/b>Les 3, 4 et 5 mai 2023<\/p>\n<p><b>O\u00f9 :<\/b>\u00a0Hamilton Convention Centre by Carmen&#8217;s. Adresse : 1 Summers Ln, Hamilton, ON L8P 4Y2 (places limit\u00e9es disponibles en personne).<\/p>\n<p><b>\u00c9v\u00e9nement bilingue : <\/b>L&#8217;interpr\u00e9tation simultan\u00e9e fran\u00e7ais-anglais sera disponible pour les sessions pl\u00e9ni\u00e8res, en personne et en ligne.<\/p>\n<p><b>\u00c9v\u00e9nement hybride : <\/b>Certaines sessions disponibles en diffusion en direct et \u00e0 la demande via une plateforme en ligne. L&#8217;inscription pour les sessions en ligne uniquement sera ouverte \u00e0 une date ult\u00e9rieure.<\/p>\n<p><b>Accessibilit\u00e9 : <\/b>Des sous-titres cod\u00e9s g\u00e9n\u00e9r\u00e9s automatiquement par l&#8217;IA seront disponibles lors des sessions diffus\u00e9es en direct. Pour plus d&#8217;informations sur l&#8217;accessibilit\u00e9 sur le lieu de l&#8217;\u00e9v\u00e9nement, <a href=\"https:\/\/hccevents.ca\/venue\/accessibility\/\">cliquez ici<\/a>.<\/p>\n<p><img decoding=\"async\" class=\" wp-image-11445 aligncenter\" src=\"https:\/\/oc.ca\/wp-content\/uploads\/2023\/01\/1-300x169.png\" alt=\"Dark text on light background says 'Emergence Congr\u00e8s National Conference 2023, Hamilton, ON, 3-5 May\/Mai 2023'\" width=\"750\" height=\"422\" srcset=\"https:\/\/oc.ca\/wp-content\/uploads\/2023\/01\/1-300x169.png 300w, https:\/\/oc.ca\/wp-content\/uploads\/2023\/01\/1-800x451.png 800w, https:\/\/oc.ca\/wp-content\/uploads\/2023\/01\/1-768x433.png 768w, https:\/\/oc.ca\/wp-content\/uploads\/2023\/01\/1-1536x865.png 1536w, https:\/\/oc.ca\/wp-content\/uploads\/2023\/01\/1.png 1640w\" sizes=\"(min-width: 960px) 75vw, 100vw\" \/><\/p>\n<h4>Tarifs<\/h4>\n<table border=\"1\" width=\"500\" cellspacing=\"1\" cellpadding=\"1\" align=\"center\">\n<tbody>\n<tr>\n<td><b>TARIF<\/b><\/td>\n<td>\n<div><b>Inscription anticip\u00e9e avant le 26 mars<\/b><\/div>\n<\/td>\n<td><b>Apr\u00e8s le 26 mars<\/b><\/td>\n<\/tr>\n<tr>\n<td>Membre\/associ\u00e9 d&#8217;OC<\/td>\n<td>500 $<\/td>\n<td>625 $<\/td>\n<\/tr>\n<tr>\n<td>Membre\/associ\u00e9 d&#8217;OC d&#8217;un orchestre \u00e0 plus petit budget (revenus annuels inf\u00e9rieurs \u00e0 400 000 $)<\/td>\n<td>400 $<\/td>\n<td>500 $<\/td>\n<\/tr>\n<tr>\n<td>Personne inscrite suppl\u00e9mentaire d&#8217;un organisme membre<\/td>\n<td>400 $<\/td>\n<td>500 $<\/td>\n<\/tr>\n<tr>\n<td>Musicien.ne d&#8217;un orchestre membre (lorsqu&#8217;un.e non-musicien.ne s&#8217;est \u00e9galement inscrit.e)<\/td>\n<td>165 $<\/td>\n<td>200 $<\/td>\n<\/tr>\n<tr>\n<td>Acc\u00e8s en ligne<\/td>\n<td>A CONFIRMER<\/td>\n<td>A CONFIRMER<\/td>\n<\/tr>\n<tr>\n<td>Non-Membre\/Associ\u00e9 d&#8217;OC<\/td>\n<td>600 $<\/td>\n<td>750 $<\/td>\n<\/tr>\n<\/tbody>\n<\/table>\n<ul>\n<li>Veuillez noter que les prix ci-dessus ne comprennent pas la TVH (13%) et les frais de transaction (1,9%).<\/li>\n<li>Les prix ci-dessus sont pour le congr\u00e8s complet (2,5 jours).<\/li>\n<li>L&#8217;inscription anticip\u00e9e sera ouverte \u00e0 la mi-f\u00e9vrier.<\/li>\n<\/ul>\n<h4>Rabais sur le tarif de l&#8217;h\u00f4tel<\/h4>\n<p>Nous avons obtenu un tarif sp\u00e9cial \u00e0 l&#8217;h\u00f4tel Sheraton Hamilton (189 $ \u00e0 229 $ CAD + taxes et frais), qui se trouve juste en face du lieu du congr\u00e8s (le Hamilton Convention Centre).<\/p>\n<p>Vous pouvez acc\u00e9der \u00e0 ce tarif si vous r\u00e9servez avant le 26 mars 2023, <a href=\"https:\/\/www.marriott.com\/events\/start.mi?id=1664985549968&amp;key=GRP\">par ce lien<\/a>.<\/p>\n<p>Adresse : 116 King Street West, Hamilton, Ontario, Canada, L8P 4V3<\/p>\n<h4>Rabais sur les voyages<\/h4>\n<p>Nous avons obtenu des rabais sur les voyages aupr\u00e8s de Westjet et Via Rail! Vous pouvez profiter de tarifs sp\u00e9ciaux sur les vols et les billets de train.<\/p>\n<ul>\n<li><b>Westjet <\/b>: 5 % de r\u00e9duction sur les tarifs Econo* et 10 % sur les tarifs EconoFlex et Premium pour les voyages \u00e0 destination de Toronto, du 6 avril 2023 au 12 mai 2023, en utilisant le code\u00a0<b>6W1W5SH<\/b>.<\/li>\n<li><b>Via Rail <\/b>: 10 % de r\u00e9duction sur le meilleur tarif disponible en classe \u00e9conomique, \u00e9conomique plus, affaires, affaires plus, wagon-lit, pour les voyages au d\u00e9part de toutes les gares du r\u00e9seau VIA vers Toronto ON et retour, du 1er mai 2023 au 08 mai 2023, en utilisant le code\u00a0<b>14371<\/b>.<\/li>\n<\/ul>\n<h4>Commandite<\/h4>\n<p>\u00cates-vous int\u00e9ress\u00e9 \u00e0 devenir un commanditaire de notre congr\u00e8s? Veuillez contacter Boran Zaza \u00e0 l&#8217;adresse boran@oc.ca pour plus d&#8217;informations.<\/p>\n","protected":false},"excerpt":{"rendered":"<p>Vous en avez probablement d\u00e9j\u00e0 entendu parler : Notre Congr\u00e8s national revient cette ann\u00e9e! Nous invitons les administrateurs.trices d&#8217;orchestres, les chef.fe.s d&#8217;orchestre, les \u00e9ducateurs.trices, les musicien.ne.s et les autres professionnel.le.s de l&#8217;industrie \u00e0 se joindre \u00e0 nous!\u00a0L&#8217;\u00e9dition pr\u00e9sentielle, co-pr\u00e9sent\u00e9e par l&#8217;Orchestre philharmonique de Hamilton, aura lieu dans la ville dynamique de Hamilton, en Ontario, du [&hellip;]<\/p>\n","protected":false},"author":18,"featured_media":0,"parent":0,"menu_order":0,"comment_status":"closed","ping_status":"closed","template":"","meta":{"_acf_changed":false,"_monsterinsights_skip_tracking":false,"_monsterinsights_sitenote_active":false,"_monsterinsights_sitenote_note":"","_monsterinsights_sitenote_category":0,"footnotes":""},"class_list":["post-11569","page","type-page","status-publish","hentry"],"acf":[],"yoast_head":"<!-- This site is optimized with the Yoast SEO plugin v25.4 - https:\/\/yoast.com\/wordpress\/plugins\/seo\/ -->\n<title>\u00c9mergence : Congr\u00e8s national 2023 d&#039;Orchestres Canada - Orchestras Canada\/Orchestres Canada<\/title>\n<meta name=\"robots\" content=\"index, follow, max-snippet:-1, max-image-preview:large, max-video-preview:-1\" \/>\n<link rel=\"canonical\" href=\"https:\/\/oc.ca\/en\/emergence-national-conference-2023\/\" \/>\n<meta property=\"og:locale\" content=\"fr_FR\" \/>\n<meta property=\"og:type\" content=\"article\" \/>\n<meta property=\"og:title\" content=\"\u00c9mergence : Congr\u00e8s national 2023 d&#039;Orchestres Canada - Orchestras Canada\/Orchestres Canada\" \/>\n<meta property=\"og:description\" content=\"Vous en avez probablement d\u00e9j\u00e0 entendu parler : Notre Congr\u00e8s national revient cette ann\u00e9e! Nous invitons les administrateurs.trices d&#8217;orchestres, les chef.fe.s d&#8217;orchestre, les \u00e9ducateurs.trices, les musicien.ne.s et les autres professionnel.le.s de l&#8217;industrie \u00e0 se joindre \u00e0 nous!\u00a0L&#8217;\u00e9dition pr\u00e9sentielle, co-pr\u00e9sent\u00e9e par l&#8217;Orchestre philharmonique de Hamilton, aura lieu dans la ville dynamique de Hamilton, en Ontario, du [&hellip;]\" \/>\n<meta property=\"og:url\" content=\"https:\/\/oc.ca\/en\/emergence-national-conference-2023\/\" \/>\n<meta property=\"og:site_name\" content=\"Orchestras Canada\/Orchestres Canada\" \/>\n<meta property=\"og:image\" content=\"https:\/\/oc.ca\/wp-content\/uploads\/2023\/02\/vivek-trivedi-cHjfZs5_0b8-unsplash-300x200.jpg\" \/>\n<meta name=\"twitter:card\" content=\"summary_large_image\" \/>\n<meta name=\"twitter:label1\" content=\"Dur\u00e9e de lecture estim\u00e9e\" \/>\n\t<meta name=\"twitter:data1\" content=\"4 minutes\" \/>\n<script type=\"application\/ld+json\" class=\"yoast-schema-graph\">{\"@context\":\"https:\/\/schema.org\",\"@graph\":[{\"@type\":\"WebPage\",\"@id\":\"https:\/\/oc.ca\/en\/emergence-national-conference-2023\/\",\"url\":\"https:\/\/oc.ca\/en\/emergence-national-conference-2023\/\",\"name\":\"\u00c9mergence : Congr\u00e8s national 2023 d'Orchestres Canada - Orchestras Canada\/Orchestres Canada\",\"isPartOf\":{\"@id\":\"https:\/\/oc.ca\/en\/#website\"},\"primaryImageOfPage\":{\"@id\":\"https:\/\/oc.ca\/en\/emergence-national-conference-2023\/#primaryimage\"},\"image\":{\"@id\":\"https:\/\/oc.ca\/en\/emergence-national-conference-2023\/#primaryimage\"},\"thumbnailUrl\":\"https:\/\/oc.ca\/wp-content\/uploads\/2023\/02\/vivek-trivedi-cHjfZs5_0b8-unsplash-300x200.jpg\",\"datePublished\":\"2023-02-13T17:59:45+00:00\",\"breadcrumb\":{\"@id\":\"https:\/\/oc.ca\/en\/emergence-national-conference-2023\/#breadcrumb\"},\"inLanguage\":\"fr-FR\",\"potentialAction\":[{\"@type\":\"ReadAction\",\"target\":[\"https:\/\/oc.ca\/en\/emergence-national-conference-2023\/\"]}]},{\"@type\":\"ImageObject\",\"inLanguage\":\"fr-FR\",\"@id\":\"https:\/\/oc.ca\/en\/emergence-national-conference-2023\/#primaryimage\",\"url\":\"https:\/\/oc.ca\/wp-content\/uploads\/2023\/02\/vivek-trivedi-cHjfZs5_0b8-unsplash-300x200.jpg\",\"contentUrl\":\"https:\/\/oc.ca\/wp-content\/uploads\/2023\/02\/vivek-trivedi-cHjfZs5_0b8-unsplash-300x200.jpg\"},{\"@type\":\"BreadcrumbList\",\"@id\":\"https:\/\/oc.ca\/en\/emergence-national-conference-2023\/#breadcrumb\",\"itemListElement\":[{\"@type\":\"ListItem\",\"position\":1,\"name\":\"Home\",\"item\":\"https:\/\/oc.ca\/fr\/\"},{\"@type\":\"ListItem\",\"position\":2,\"name\":\"\u00c9mergence : Congr\u00e8s national 2023 d&#8217;Orchestres Canada\"}]},{\"@type\":\"WebSite\",\"@id\":\"https:\/\/oc.ca\/en\/#website\",\"url\":\"https:\/\/oc.ca\/en\/\",\"name\":\"Orchestras Canada\/Orchestres Canada\",\"description\":\"\",\"publisher\":{\"@id\":\"https:\/\/oc.ca\/en\/#organization\"},\"potentialAction\":[{\"@type\":\"SearchAction\",\"target\":{\"@type\":\"EntryPoint\",\"urlTemplate\":\"https:\/\/oc.ca\/en\/?s={search_term_string}\"},\"query-input\":{\"@type\":\"PropertyValueSpecification\",\"valueRequired\":true,\"valueName\":\"search_term_string\"}}],\"inLanguage\":\"fr-FR\"},{\"@type\":\"Organization\",\"@id\":\"https:\/\/oc.ca\/en\/#organization\",\"name\":\"Orchestras Canada\/Orchestres Canada\",\"url\":\"https:\/\/oc.ca\/en\/\",\"logo\":{\"@type\":\"ImageObject\",\"inLanguage\":\"fr-FR\",\"@id\":\"https:\/\/oc.ca\/en\/#\/schema\/logo\/image\/\",\"url\":\"https:\/\/oc.ca\/wp-content\/uploads\/2019\/03\/cropped-OC-Logo-800x200-1.png\",\"contentUrl\":\"https:\/\/oc.ca\/wp-content\/uploads\/2019\/03\/cropped-OC-Logo-800x200-1.png\",\"width\":400,\"height\":100,\"caption\":\"Orchestras Canada\/Orchestres Canada\"},\"image\":{\"@id\":\"https:\/\/oc.ca\/en\/#\/schema\/logo\/image\/\"}}]}<\/script>\n<!-- \/ Yoast SEO plugin. -->","yoast_head_json":{"title":"\u00c9mergence : Congr\u00e8s national 2023 d'Orchestres Canada - Orchestras Canada\/Orchestres Canada","robots":{"index":"index","follow":"follow","max-snippet":"max-snippet:-1","max-image-preview":"max-image-preview:large","max-video-preview":"max-video-preview:-1"},"canonical":"https:\/\/oc.ca\/en\/emergence-national-conference-2023\/","og_locale":"fr_FR","og_type":"article","og_title":"\u00c9mergence : Congr\u00e8s national 2023 d'Orchestres Canada - Orchestras Canada\/Orchestres Canada","og_description":"Vous en avez probablement d\u00e9j\u00e0 entendu parler : Notre Congr\u00e8s national revient cette ann\u00e9e! Nous invitons les administrateurs.trices d&#8217;orchestres, les chef.fe.s d&#8217;orchestre, les \u00e9ducateurs.trices, les musicien.ne.s et les autres professionnel.le.s de l&#8217;industrie \u00e0 se joindre \u00e0 nous!\u00a0L&#8217;\u00e9dition pr\u00e9sentielle, co-pr\u00e9sent\u00e9e par l&#8217;Orchestre philharmonique de Hamilton, aura lieu dans la ville dynamique de Hamilton, en Ontario, du [&hellip;]","og_url":"https:\/\/oc.ca\/en\/emergence-national-conference-2023\/","og_site_name":"Orchestras Canada\/Orchestres Canada","og_image":[{"url":"https:\/\/oc.ca\/wp-content\/uploads\/2023\/02\/vivek-trivedi-cHjfZs5_0b8-unsplash-300x200.jpg","type":"","width":"","height":""}],"twitter_card":"summary_large_image","twitter_misc":{"Dur\u00e9e de lecture estim\u00e9e":"4 minutes"},"schema":{"@context":"https:\/\/schema.org","@graph":[{"@type":"WebPage","@id":"https:\/\/oc.ca\/en\/emergence-national-conference-2023\/","url":"https:\/\/oc.ca\/en\/emergence-national-conference-2023\/","name":"\u00c9mergence : Congr\u00e8s national 2023 d'Orchestres Canada - Orchestras Canada\/Orchestres Canada","isPartOf":{"@id":"https:\/\/oc.ca\/en\/#website"},"primaryImageOfPage":{"@id":"https:\/\/oc.ca\/en\/emergence-national-conference-2023\/#primaryimage"},"image":{"@id":"https:\/\/oc.ca\/en\/emergence-national-conference-2023\/#primaryimage"},"thumbnailUrl":"https:\/\/oc.ca\/wp-content\/uploads\/2023\/02\/vivek-trivedi-cHjfZs5_0b8-unsplash-300x200.jpg","datePublished":"2023-02-13T17:59:45+00:00","breadcrumb":{"@id":"https:\/\/oc.ca\/en\/emergence-national-conference-2023\/#breadcrumb"},"inLanguage":"fr-FR","potentialAction":[{"@type":"ReadAction","target":["https:\/\/oc.ca\/en\/emergence-national-conference-2023\/"]}]},{"@type":"ImageObject","inLanguage":"fr-FR","@id":"https:\/\/oc.ca\/en\/emergence-national-conference-2023\/#primaryimage","url":"https:\/\/oc.ca\/wp-content\/uploads\/2023\/02\/vivek-trivedi-cHjfZs5_0b8-unsplash-300x200.jpg","contentUrl":"https:\/\/oc.ca\/wp-content\/uploads\/2023\/02\/vivek-trivedi-cHjfZs5_0b8-unsplash-300x200.jpg"},{"@type":"BreadcrumbList","@id":"https:\/\/oc.ca\/en\/emergence-national-conference-2023\/#breadcrumb","itemListElement":[{"@type":"ListItem","position":1,"name":"Home","item":"https:\/\/oc.ca\/fr\/"},{"@type":"ListItem","position":2,"name":"\u00c9mergence : Congr\u00e8s national 2023 d&#8217;Orchestres Canada"}]},{"@type":"WebSite","@id":"https:\/\/oc.ca\/en\/#website","url":"https:\/\/oc.ca\/en\/","name":"Orchestras Canada\/Orchestres Canada","description":"","publisher":{"@id":"https:\/\/oc.ca\/en\/#organization"},"potentialAction":[{"@type":"SearchAction","target":{"@type":"EntryPoint","urlTemplate":"https:\/\/oc.ca\/en\/?s={search_term_string}"},"query-input":{"@type":"PropertyValueSpecification","valueRequired":true,"valueName":"search_term_string"}}],"inLanguage":"fr-FR"},{"@type":"Organization","@id":"https:\/\/oc.ca\/en\/#organization","name":"Orchestras Canada\/Orchestres Canada","url":"https:\/\/oc.ca\/en\/","logo":{"@type":"ImageObject","inLanguage":"fr-FR","@id":"https:\/\/oc.ca\/en\/#\/schema\/logo\/image\/","url":"https:\/\/oc.ca\/wp-content\/uploads\/2019\/03\/cropped-OC-Logo-800x200-1.png","contentUrl":"https:\/\/oc.ca\/wp-content\/uploads\/2019\/03\/cropped-OC-Logo-800x200-1.png","width":400,"height":100,"caption":"Orchestras Canada\/Orchestres Canada"},"image":{"@id":"https:\/\/oc.ca\/en\/#\/schema\/logo\/image\/"}}]}},"_links":{"self":[{"href":"https:\/\/oc.ca\/fr\/wp-json\/wp\/v2\/pages\/11569","targetHints":{"allow":["GET"]}}],"collection":[{"href":"https:\/\/oc.ca\/fr\/wp-json\/wp\/v2\/pages"}],"about":[{"href":"https:\/\/oc.ca\/fr\/wp-json\/wp\/v2\/types\/page"}],"author":[{"embeddable":true,"href":"https:\/\/oc.ca\/fr\/wp-json\/wp\/v2\/users\/18"}],"replies":[{"embeddable":true,"href":"https:\/\/oc.ca\/fr\/wp-json\/wp\/v2\/comments?post=11569"}],"version-history":[{"count":3,"href":"https:\/\/oc.ca\/fr\/wp-json\/wp\/v2\/pages\/11569\/revisions"}],"predecessor-version":[{"id":11577,"href":"https:\/\/oc.ca\/fr\/wp-json\/wp\/v2\/pages\/11569\/revisions\/11577"}],"wp:attachment":[{"href":"https:\/\/oc.ca\/fr\/wp-json\/wp\/v2\/media?parent=11569"}],"curies":[{"name":"wp","href":"https:\/\/api.w.org\/{rel}","templated":true}]}}