{"id":11182,"date":"2022-11-15T12:34:46","date_gmt":"2022-11-15T17:34:46","guid":{"rendered":"http:\/\/demosite2.asurtec.com\/?page_id=11182"},"modified":"2022-11-16T16:53:09","modified_gmt":"2022-11-16T21:53:09","slug":"les-arts-de-la-scene-au-canada-que-nous-dit-le-public","status":"publish","type":"page","link":"https:\/\/oc.ca\/fr\/les-arts-de-la-scene-au-canada-que-nous-dit-le-public\/","title":{"rendered":"Les arts de la sc\u00e8ne au Canada : Que nous dit le public?"},"content":{"rendered":"<p><span data-contrast=\"none\"><strong>Date :<\/strong> vendredi 25 novembre 2022 <\/span><span data-ccp-props=\"{}\">\u00a0<\/span><\/p>\n<p><span data-contrast=\"none\"><strong>Heure :<\/strong> 13:00-14:00 HE<\/span><span data-ccp-props=\"{}\">\u00a0<\/span><\/p>\n<p><span data-contrast=\"none\"><strong>Lieu :<\/strong> R\u00e9unions Zoom\u00a0\u00a0\u00a0<\/span><span data-ccp-props=\"{}\">\u00a0<\/span><\/p>\n<p><span data-contrast=\"none\"><strong>Options d&#8217;interpr\u00e9tation :<\/strong> Interpr\u00e9tation simultan\u00e9e fran\u00e7ais-anglais, ASL, LSQ et sous-titrage automatique g\u00e9n\u00e9r\u00e9 par l&#8217;IA en anglais et en fran\u00e7ais.<\/span><span data-contrast=\"none\">\u00a0<\/span><span data-ccp-props=\"{&quot;201341983&quot;:0,&quot;335559739&quot;:160,&quot;335559740&quot;:259}\">\u00a0<\/span><\/p>\n<p><span class=\"TextRun SCXW179992504 BCX0\" lang=\"FR-CA\" xml:lang=\"FR-CA\" data-contrast=\"none\"><span class=\"NormalTextRun SCXW179992504 BCX0\">Les organismes des arts de la sc\u00e8ne s&#8217;efforcent de trouver un nouvel \u00e9quilibre en cette \u00e8re postpand\u00e9mique, en conciliant un retour enthousiaste aux spectacles en pr\u00e9sentiel avec des r\u00e9alit\u00e9s \u00e9conomiques difficiles. Pourtant, le public ne se bouscule toujours pas \u00e0 nos portes. Est-ce juste une question de temps, ou devons-nous faire des changements importants pour renouer avec les publics existants &#8211; et cr\u00e9er des liens avec de nouveaux publics?<\/span><\/span><span class=\"EOP SCXW179992504 BCX0\" data-ccp-props=\"{&quot;201341983&quot;:0,&quot;335559739&quot;:160,&quot;335559740&quot;:259}\">\u00a0<\/span><\/p>\n<p style=\"text-align: center;\"><a href=\"http:\/\/bit.ly\/3txLtQq\"><strong><button class=\"blue-button-medium\">S&#8217;inscrire!<\/button><\/strong><\/a><\/p>\n<p><img fetchpriority=\"high\" decoding=\"async\" class=\"wp-image-11171 aligncenter\" src=\"https:\/\/oc.ca\/wp-content\/uploads\/2022\/11\/Facebook-LinkedIn-What-are-audiences-telling-us-800x451.png\" alt=\"A rectangular colourful banner with the title Performing Arts in Canada: What are audiences telling us?, showing the date of November 25 and time of 1:00 pm Eastern, and logos of the co-presenters, as well as research and funders.\" width=\"613\" height=\"346\" srcset=\"https:\/\/oc.ca\/wp-content\/uploads\/2022\/11\/Facebook-LinkedIn-What-are-audiences-telling-us-800x451.png 800w, https:\/\/oc.ca\/wp-content\/uploads\/2022\/11\/Facebook-LinkedIn-What-are-audiences-telling-us-300x169.png 300w, https:\/\/oc.ca\/wp-content\/uploads\/2022\/11\/Facebook-LinkedIn-What-are-audiences-telling-us-768x433.png 768w, https:\/\/oc.ca\/wp-content\/uploads\/2022\/11\/Facebook-LinkedIn-What-are-audiences-telling-us-1536x865.png 1536w, https:\/\/oc.ca\/wp-content\/uploads\/2022\/11\/Facebook-LinkedIn-What-are-audiences-telling-us.png 1640w\" sizes=\"(min-width: 960px) 75vw, 100vw\" \/><\/p>\n<p><span class=\"TextRun SCXW61807746 BCX0\" lang=\"FR-CA\" xml:lang=\"FR-CA\" data-contrast=\"none\"><span class=\"NormalTextRun SCXW61807746 BCX0\">Dans le deuxi\u00e8me webinaire de cette s\u00e9rie, nous avons invit\u00e9 des <\/span><span class=\"NormalTextRun SpellingErrorV2Themed SCXW61807746 BCX0\">expert.e.s<\/span><span class=\"NormalTextRun SCXW61807746 BCX0\"> qui suivent l\u2019attitude et les perspectives des <\/span><span class=\"NormalTextRun SpellingErrorV2Themed SCXW61807746 BCX0\">consommateurs.trices<\/span><span class=\"NormalTextRun SCXW61807746 BCX0\"> d&#8217;art et de culture depuis le d\u00e9but de la pand\u00e9mie pour partager leurs id\u00e9es sur l&#8217;\u00e9volution constante des attitudes des publics, et sur la meilleure fa\u00e7on de r\u00e9pondre \u00e0 ce qu&#8217;ils nous disent.<\/span><\/span><span class=\"EOP SCXW61807746 BCX0\" data-ccp-props=\"{&quot;201341983&quot;:0,&quot;335559739&quot;:160,&quot;335559740&quot;:259}\">\u00a0<\/span><\/p>\n<p><b><span data-contrast=\"none\">Conf\u00e9renciers<\/span><\/b><span data-ccp-props=\"{&quot;335559685&quot;:0}\">\u00a0<\/span><\/p>\n<ul>\n<li data-leveltext=\"\uf0b7\" data-font=\"Symbol\" data-listid=\"2\" data-list-defn-props=\"{&quot;335552541&quot;:1,&quot;335559684&quot;:-2,&quot;335559685&quot;:720,&quot;335559991&quot;:360,&quot;469769226&quot;:&quot;Symbol&quot;,&quot;469769242&quot;:[8226],&quot;469777803&quot;:&quot;left&quot;,&quot;469777804&quot;:&quot;\uf0b7&quot;,&quot;469777815&quot;:&quot;hybridMultilevel&quot;}\" aria-setsize=\"-1\" data-aria-posinset=\"1\" data-aria-level=\"1\"><span data-contrast=\"none\"><strong>Alan Brown<\/strong>, Directeur g\u00e9n\u00e9ral, Wolf Brown<\/span><span data-ccp-props=\"{}\">\u00a0<\/span><\/li>\n<li data-leveltext=\"\uf0b7\" data-font=\"Symbol\" data-listid=\"2\" data-list-defn-props=\"{&quot;335552541&quot;:1,&quot;335559684&quot;:-2,&quot;335559685&quot;:720,&quot;335559991&quot;:360,&quot;469769226&quot;:&quot;Symbol&quot;,&quot;469769242&quot;:[8226],&quot;469777803&quot;:&quot;left&quot;,&quot;469777804&quot;:&quot;\uf0b7&quot;,&quot;469777815&quot;:&quot;hybridMultilevel&quot;}\" aria-setsize=\"-1\" data-aria-posinset=\"2\" data-aria-level=\"1\"><span data-contrast=\"none\"><strong>Emilie Bossard<\/strong>, <\/span><span data-contrast=\"none\">Nanos Research Group\u00a0<\/span><span data-ccp-props=\"{&quot;201341983&quot;:0,&quot;335559739&quot;:160,&quot;335559740&quot;:259,&quot;469777462&quot;:[720],&quot;469777927&quot;:[0],&quot;469777928&quot;:[1]}\">\u00a0<\/span><\/li>\n<li data-leveltext=\"\uf0b7\" data-font=\"Symbol\" data-listid=\"2\" data-list-defn-props=\"{&quot;335552541&quot;:1,&quot;335559684&quot;:-2,&quot;335559685&quot;:720,&quot;335559991&quot;:360,&quot;469769226&quot;:&quot;Symbol&quot;,&quot;469769242&quot;:[8226],&quot;469777803&quot;:&quot;left&quot;,&quot;469777804&quot;:&quot;\uf0b7&quot;,&quot;469777815&quot;:&quot;hybridMultilevel&quot;}\" aria-setsize=\"-1\" data-aria-posinset=\"2\" data-aria-level=\"1\"><span data-contrast=\"none\"><strong>Elise Boileau<\/strong>, Recherche de preuves et d&#8217;id\u00e9es, et <strong>Oliver Mantell<\/strong>, Directeur de preuves et d&#8217;id\u00e9es, The Audience Agency\u00a0<\/span><span data-ccp-props=\"{&quot;201341983&quot;:0,&quot;335559739&quot;:160,&quot;335559740&quot;:259,&quot;469777462&quot;:[720],&quot;469777927&quot;:[0],&quot;469777928&quot;:[1]}\">\u00a0<\/span><\/li>\n<li data-leveltext=\"\uf0b7\" data-font=\"Symbol\" data-listid=\"2\" data-list-defn-props=\"{&quot;335552541&quot;:1,&quot;335559684&quot;:-2,&quot;335559685&quot;:720,&quot;335559991&quot;:360,&quot;469769226&quot;:&quot;Symbol&quot;,&quot;469769242&quot;:[8226],&quot;469777803&quot;:&quot;left&quot;,&quot;469777804&quot;:&quot;\uf0b7&quot;,&quot;469777815&quot;:&quot;hybridMultilevel&quot;}\" aria-setsize=\"-1\" data-aria-posinset=\"2\" data-aria-level=\"1\"><span data-contrast=\"none\">Ce webinaire sera anim\u00e9 par le Dr <strong>Taiwo Afolabi<\/strong>, titulaire de la Chaire de recherche du Canada en th\u00e9\u00e2tre engag\u00e9 socialement, directeur du Centre for Socially Engaged Theatre (C-SET), professeur adjoint \u00e0 l&#8217;Universit\u00e9 de Regina.<\/span><span data-ccp-props=\"{&quot;201341983&quot;:0,&quot;335559739&quot;:160,&quot;335559740&quot;:259,&quot;469777462&quot;:[720],&quot;469777927&quot;:[0],&quot;469777928&quot;:[1]}\">\u00a0<\/span><\/li>\n<\/ul>\n<p style=\"text-align: center;\"><a href=\"http:\/\/bit.ly\/3txLtQq\"><strong><button class=\"blue-button-medium\">S&#8217;inscrire!<\/button><\/strong><\/a><\/p>\n<p>&nbsp;<\/p>\n<h3 style=\"text-align: center;\">Copr\u00e9sentateurs<\/h3>\n<p><img decoding=\"async\" class=\"size-full wp-image-11172 aligncenter\" src=\"https:\/\/oc.ca\/wp-content\/uploads\/2022\/11\/Untitled-design-1-e1668532189204.png\" alt=\"\" width=\"600\" height=\"495\" srcset=\"https:\/\/oc.ca\/wp-content\/uploads\/2022\/11\/Untitled-design-1-e1668532189204.png 600w, https:\/\/oc.ca\/wp-content\/uploads\/2022\/11\/Untitled-design-1-e1668532189204-300x248.png 300w\" sizes=\"(min-width: 960px) 75vw, 100vw\" \/><\/p>\n<p>&nbsp;<\/p>\n<h3 style=\"text-align: center;\">Recherche et subventionneurs<\/h3>\n<p><img decoding=\"async\" class=\"size-full wp-image-11174 aligncenter\" src=\"https:\/\/oc.ca\/wp-content\/uploads\/2022\/11\/Untitled-design.png\" alt=\"\" width=\"600\" height=\"600\" srcset=\"https:\/\/oc.ca\/wp-content\/uploads\/2022\/11\/Untitled-design.png 600w, https:\/\/oc.ca\/wp-content\/uploads\/2022\/11\/Untitled-design-300x300.png 300w, https:\/\/oc.ca\/wp-content\/uploads\/2022\/11\/Untitled-design-150x150.png 150w\" sizes=\"(min-width: 960px) 75vw, 100vw\" \/><\/p>\n","protected":false},"excerpt":{"rendered":"<p>Date : vendredi 25 novembre 2022 \u00a0 Heure : 13:00-14:00 HE\u00a0 Lieu : R\u00e9unions Zoom\u00a0\u00a0\u00a0\u00a0 Options d&#8217;interpr\u00e9tation : Interpr\u00e9tation simultan\u00e9e fran\u00e7ais-anglais, ASL, LSQ et sous-titrage automatique g\u00e9n\u00e9r\u00e9 par l&#8217;IA en anglais et en fran\u00e7ais.\u00a0\u00a0 Les organismes des arts de la sc\u00e8ne s&#8217;efforcent de trouver un nouvel \u00e9quilibre en cette \u00e8re postpand\u00e9mique, en conciliant un retour [&hellip;]<\/p>\n","protected":false},"author":10,"featured_media":0,"parent":0,"menu_order":0,"comment_status":"closed","ping_status":"closed","template":"","meta":{"_acf_changed":false,"_monsterinsights_skip_tracking":false,"_monsterinsights_sitenote_active":false,"_monsterinsights_sitenote_note":"","_monsterinsights_sitenote_category":0,"footnotes":""},"class_list":["post-11182","page","type-page","status-publish","hentry"],"acf":[],"yoast_head":"<!-- This site is optimized with the Yoast SEO plugin v27.3 - https:\/\/yoast.com\/product\/yoast-seo-wordpress\/ -->\n<title>Les arts de la sc\u00e8ne au Canada : Que nous dit le public? - Orchestras Canada\/Orchestres Canada<\/title>\n<meta name=\"robots\" content=\"index, follow, max-snippet:-1, max-image-preview:large, max-video-preview:-1\" \/>\n<link rel=\"canonical\" href=\"https:\/\/oc.ca\/en\/performing-arts-in-canada-what-are-audiences-telling-us\/\" \/>\n<meta property=\"og:locale\" content=\"fr_FR\" \/>\n<meta property=\"og:type\" content=\"article\" \/>\n<meta property=\"og:title\" content=\"Les arts de la sc\u00e8ne au Canada : Que nous dit le public? - Orchestras Canada\/Orchestres Canada\" \/>\n<meta property=\"og:description\" content=\"Date : vendredi 25 novembre 2022 \u00a0 Heure : 13:00-14:00 HE\u00a0 Lieu : R\u00e9unions Zoom\u00a0\u00a0\u00a0\u00a0 Options d&#8217;interpr\u00e9tation : Interpr\u00e9tation simultan\u00e9e fran\u00e7ais-anglais, ASL, LSQ et sous-titrage automatique g\u00e9n\u00e9r\u00e9 par l&#8217;IA en anglais et en fran\u00e7ais.\u00a0\u00a0 Les organismes des arts de la sc\u00e8ne s&#8217;efforcent de trouver un nouvel \u00e9quilibre en cette \u00e8re postpand\u00e9mique, en conciliant un retour [&hellip;]\" \/>\n<meta property=\"og:url\" content=\"https:\/\/oc.ca\/en\/performing-arts-in-canada-what-are-audiences-telling-us\/\" \/>\n<meta property=\"og:site_name\" content=\"Orchestras Canada\/Orchestres Canada\" \/>\n<meta property=\"article:modified_time\" content=\"2022-11-16T21:53:09+00:00\" \/>\n<meta property=\"og:image\" content=\"https:\/\/oc.ca\/wp-content\/uploads\/2022\/11\/Facebook-LinkedIn-What-are-audiences-telling-us.png\" \/>\n\t<meta property=\"og:image:width\" content=\"1640\" \/>\n\t<meta property=\"og:image:height\" content=\"924\" \/>\n\t<meta property=\"og:image:type\" content=\"image\/png\" \/>\n<meta name=\"twitter:card\" content=\"summary_large_image\" \/>\n<meta name=\"twitter:image\" content=\"https:\/\/oc.ca\/wp-content\/uploads\/2022\/11\/Facebook-LinkedIn-What-are-audiences-telling-us.png\" \/>\n<meta name=\"twitter:label1\" content=\"Dur\u00e9e de lecture estim\u00e9e\" \/>\n\t<meta name=\"twitter:data1\" content=\"2 minutes\" \/>\n<script type=\"application\/ld+json\" class=\"yoast-schema-graph\">{\"@context\":\"https:\\\/\\\/schema.org\",\"@graph\":[{\"@type\":\"WebPage\",\"@id\":\"https:\\\/\\\/oc.ca\\\/en\\\/performing-arts-in-canada-what-are-audiences-telling-us\\\/\",\"url\":\"https:\\\/\\\/oc.ca\\\/en\\\/performing-arts-in-canada-what-are-audiences-telling-us\\\/\",\"name\":\"Les arts de la sc\u00e8ne au Canada : Que nous dit le public? - Orchestras Canada\\\/Orchestres Canada\",\"isPartOf\":{\"@id\":\"https:\\\/\\\/oc.ca\\\/en\\\/#website\"},\"primaryImageOfPage\":{\"@id\":\"https:\\\/\\\/oc.ca\\\/en\\\/performing-arts-in-canada-what-are-audiences-telling-us\\\/#primaryimage\"},\"image\":{\"@id\":\"https:\\\/\\\/oc.ca\\\/en\\\/performing-arts-in-canada-what-are-audiences-telling-us\\\/#primaryimage\"},\"thumbnailUrl\":\"https:\\\/\\\/oc.ca\\\/wp-content\\\/uploads\\\/2022\\\/11\\\/Facebook-LinkedIn-What-are-audiences-telling-us-800x451.png\",\"datePublished\":\"2022-11-15T17:34:46+00:00\",\"dateModified\":\"2022-11-16T21:53:09+00:00\",\"breadcrumb\":{\"@id\":\"https:\\\/\\\/oc.ca\\\/en\\\/performing-arts-in-canada-what-are-audiences-telling-us\\\/#breadcrumb\"},\"inLanguage\":\"fr-FR\",\"potentialAction\":[{\"@type\":\"ReadAction\",\"target\":[\"https:\\\/\\\/oc.ca\\\/en\\\/performing-arts-in-canada-what-are-audiences-telling-us\\\/\"]}]},{\"@type\":\"ImageObject\",\"inLanguage\":\"fr-FR\",\"@id\":\"https:\\\/\\\/oc.ca\\\/en\\\/performing-arts-in-canada-what-are-audiences-telling-us\\\/#primaryimage\",\"url\":\"https:\\\/\\\/oc.ca\\\/wp-content\\\/uploads\\\/2022\\\/11\\\/Facebook-LinkedIn-What-are-audiences-telling-us-800x451.png\",\"contentUrl\":\"https:\\\/\\\/oc.ca\\\/wp-content\\\/uploads\\\/2022\\\/11\\\/Facebook-LinkedIn-What-are-audiences-telling-us-800x451.png\"},{\"@type\":\"BreadcrumbList\",\"@id\":\"https:\\\/\\\/oc.ca\\\/en\\\/performing-arts-in-canada-what-are-audiences-telling-us\\\/#breadcrumb\",\"itemListElement\":[{\"@type\":\"ListItem\",\"position\":1,\"name\":\"Home\",\"item\":\"https:\\\/\\\/oc.ca\\\/fr\\\/\"},{\"@type\":\"ListItem\",\"position\":2,\"name\":\"Les arts de la sc\u00e8ne au Canada : Que nous dit le public?\"}]},{\"@type\":\"WebSite\",\"@id\":\"https:\\\/\\\/oc.ca\\\/en\\\/#website\",\"url\":\"https:\\\/\\\/oc.ca\\\/en\\\/\",\"name\":\"Orchestras Canada\\\/Orchestres Canada\",\"description\":\"\",\"publisher\":{\"@id\":\"https:\\\/\\\/oc.ca\\\/en\\\/#organization\"},\"potentialAction\":[{\"@type\":\"SearchAction\",\"target\":{\"@type\":\"EntryPoint\",\"urlTemplate\":\"https:\\\/\\\/oc.ca\\\/en\\\/?s={search_term_string}\"},\"query-input\":{\"@type\":\"PropertyValueSpecification\",\"valueRequired\":true,\"valueName\":\"search_term_string\"}}],\"inLanguage\":\"fr-FR\"},{\"@type\":\"Organization\",\"@id\":\"https:\\\/\\\/oc.ca\\\/en\\\/#organization\",\"name\":\"Orchestras Canada\\\/Orchestres Canada\",\"url\":\"https:\\\/\\\/oc.ca\\\/en\\\/\",\"logo\":{\"@type\":\"ImageObject\",\"inLanguage\":\"fr-FR\",\"@id\":\"https:\\\/\\\/oc.ca\\\/en\\\/#\\\/schema\\\/logo\\\/image\\\/\",\"url\":\"https:\\\/\\\/oc.ca\\\/wp-content\\\/uploads\\\/2019\\\/03\\\/cropped-OC-Logo-800x200-1.png\",\"contentUrl\":\"https:\\\/\\\/oc.ca\\\/wp-content\\\/uploads\\\/2019\\\/03\\\/cropped-OC-Logo-800x200-1.png\",\"width\":400,\"height\":100,\"caption\":\"Orchestras Canada\\\/Orchestres Canada\"},\"image\":{\"@id\":\"https:\\\/\\\/oc.ca\\\/en\\\/#\\\/schema\\\/logo\\\/image\\\/\"}}]}<\/script>\n<!-- \/ Yoast SEO plugin. -->","yoast_head_json":{"title":"Les arts de la sc\u00e8ne au Canada : Que nous dit le public? - Orchestras Canada\/Orchestres Canada","robots":{"index":"index","follow":"follow","max-snippet":"max-snippet:-1","max-image-preview":"max-image-preview:large","max-video-preview":"max-video-preview:-1"},"canonical":"https:\/\/oc.ca\/en\/performing-arts-in-canada-what-are-audiences-telling-us\/","og_locale":"fr_FR","og_type":"article","og_title":"Les arts de la sc\u00e8ne au Canada : Que nous dit le public? - Orchestras Canada\/Orchestres Canada","og_description":"Date : vendredi 25 novembre 2022 \u00a0 Heure : 13:00-14:00 HE\u00a0 Lieu : R\u00e9unions Zoom\u00a0\u00a0\u00a0\u00a0 Options d&#8217;interpr\u00e9tation : Interpr\u00e9tation simultan\u00e9e fran\u00e7ais-anglais, ASL, LSQ et sous-titrage automatique g\u00e9n\u00e9r\u00e9 par l&#8217;IA en anglais et en fran\u00e7ais.\u00a0\u00a0 Les organismes des arts de la sc\u00e8ne s&#8217;efforcent de trouver un nouvel \u00e9quilibre en cette \u00e8re postpand\u00e9mique, en conciliant un retour [&hellip;]","og_url":"https:\/\/oc.ca\/en\/performing-arts-in-canada-what-are-audiences-telling-us\/","og_site_name":"Orchestras Canada\/Orchestres Canada","article_modified_time":"2022-11-16T21:53:09+00:00","og_image":[{"width":1640,"height":924,"url":"https:\/\/oc.ca\/wp-content\/uploads\/2022\/11\/Facebook-LinkedIn-What-are-audiences-telling-us.png","type":"image\/png"}],"twitter_card":"summary_large_image","twitter_image":"https:\/\/oc.ca\/wp-content\/uploads\/2022\/11\/Facebook-LinkedIn-What-are-audiences-telling-us.png","twitter_misc":{"Dur\u00e9e de lecture estim\u00e9e":"2 minutes"},"schema":{"@context":"https:\/\/schema.org","@graph":[{"@type":"WebPage","@id":"https:\/\/oc.ca\/en\/performing-arts-in-canada-what-are-audiences-telling-us\/","url":"https:\/\/oc.ca\/en\/performing-arts-in-canada-what-are-audiences-telling-us\/","name":"Les arts de la sc\u00e8ne au Canada : Que nous dit le public? - Orchestras Canada\/Orchestres Canada","isPartOf":{"@id":"https:\/\/oc.ca\/en\/#website"},"primaryImageOfPage":{"@id":"https:\/\/oc.ca\/en\/performing-arts-in-canada-what-are-audiences-telling-us\/#primaryimage"},"image":{"@id":"https:\/\/oc.ca\/en\/performing-arts-in-canada-what-are-audiences-telling-us\/#primaryimage"},"thumbnailUrl":"https:\/\/oc.ca\/wp-content\/uploads\/2022\/11\/Facebook-LinkedIn-What-are-audiences-telling-us-800x451.png","datePublished":"2022-11-15T17:34:46+00:00","dateModified":"2022-11-16T21:53:09+00:00","breadcrumb":{"@id":"https:\/\/oc.ca\/en\/performing-arts-in-canada-what-are-audiences-telling-us\/#breadcrumb"},"inLanguage":"fr-FR","potentialAction":[{"@type":"ReadAction","target":["https:\/\/oc.ca\/en\/performing-arts-in-canada-what-are-audiences-telling-us\/"]}]},{"@type":"ImageObject","inLanguage":"fr-FR","@id":"https:\/\/oc.ca\/en\/performing-arts-in-canada-what-are-audiences-telling-us\/#primaryimage","url":"https:\/\/oc.ca\/wp-content\/uploads\/2022\/11\/Facebook-LinkedIn-What-are-audiences-telling-us-800x451.png","contentUrl":"https:\/\/oc.ca\/wp-content\/uploads\/2022\/11\/Facebook-LinkedIn-What-are-audiences-telling-us-800x451.png"},{"@type":"BreadcrumbList","@id":"https:\/\/oc.ca\/en\/performing-arts-in-canada-what-are-audiences-telling-us\/#breadcrumb","itemListElement":[{"@type":"ListItem","position":1,"name":"Home","item":"https:\/\/oc.ca\/fr\/"},{"@type":"ListItem","position":2,"name":"Les arts de la sc\u00e8ne au Canada : Que nous dit le public?"}]},{"@type":"WebSite","@id":"https:\/\/oc.ca\/en\/#website","url":"https:\/\/oc.ca\/en\/","name":"Orchestras Canada\/Orchestres Canada","description":"","publisher":{"@id":"https:\/\/oc.ca\/en\/#organization"},"potentialAction":[{"@type":"SearchAction","target":{"@type":"EntryPoint","urlTemplate":"https:\/\/oc.ca\/en\/?s={search_term_string}"},"query-input":{"@type":"PropertyValueSpecification","valueRequired":true,"valueName":"search_term_string"}}],"inLanguage":"fr-FR"},{"@type":"Organization","@id":"https:\/\/oc.ca\/en\/#organization","name":"Orchestras Canada\/Orchestres Canada","url":"https:\/\/oc.ca\/en\/","logo":{"@type":"ImageObject","inLanguage":"fr-FR","@id":"https:\/\/oc.ca\/en\/#\/schema\/logo\/image\/","url":"https:\/\/oc.ca\/wp-content\/uploads\/2019\/03\/cropped-OC-Logo-800x200-1.png","contentUrl":"https:\/\/oc.ca\/wp-content\/uploads\/2019\/03\/cropped-OC-Logo-800x200-1.png","width":400,"height":100,"caption":"Orchestras Canada\/Orchestres Canada"},"image":{"@id":"https:\/\/oc.ca\/en\/#\/schema\/logo\/image\/"}}]}},"_links":{"self":[{"href":"https:\/\/oc.ca\/fr\/wp-json\/wp\/v2\/pages\/11182","targetHints":{"allow":["GET"]}}],"collection":[{"href":"https:\/\/oc.ca\/fr\/wp-json\/wp\/v2\/pages"}],"about":[{"href":"https:\/\/oc.ca\/fr\/wp-json\/wp\/v2\/types\/page"}],"author":[{"embeddable":true,"href":"https:\/\/oc.ca\/fr\/wp-json\/wp\/v2\/users\/10"}],"replies":[{"embeddable":true,"href":"https:\/\/oc.ca\/fr\/wp-json\/wp\/v2\/comments?post=11182"}],"version-history":[{"count":2,"href":"https:\/\/oc.ca\/fr\/wp-json\/wp\/v2\/pages\/11182\/revisions"}],"predecessor-version":[{"id":11194,"href":"https:\/\/oc.ca\/fr\/wp-json\/wp\/v2\/pages\/11182\/revisions\/11194"}],"wp:attachment":[{"href":"https:\/\/oc.ca\/fr\/wp-json\/wp\/v2\/media?parent=11182"}],"curies":[{"name":"wp","href":"https:\/\/api.w.org\/{rel}","templated":true}]}}