{"id":11125,"date":"2022-11-01T16:54:14","date_gmt":"2022-11-01T20:54:14","guid":{"rendered":"http:\/\/demosite2.asurtec.com\/?page_id=11125"},"modified":"2022-11-15T15:32:11","modified_gmt":"2022-11-15T20:32:11","slug":"les-arts-de-la-scene-au-canada-ou-sont-les-publics","status":"publish","type":"page","link":"https:\/\/oc.ca\/fr\/les-arts-de-la-scene-au-canada-ou-sont-les-publics\/","title":{"rendered":"Les arts de la sc\u00e8ne au Canada : O\u00f9 sont les publics?"},"content":{"rendered":"<p><strong>Date<\/strong> : Mercredi 16 novembre 2022<\/p>\n<p><strong>Heure<\/strong> : 12:00-1:00 EST \/ 17:00-18:00 UTC<\/p>\n<p><strong>Lieu<\/strong> : R\u00e9unions Zoom<\/p>\n<p><strong>Session bilingue<\/strong> pr\u00e9sent\u00e9e en fran\u00e7ais et en anglais. L&#8217;interpr\u00e9tation simultan\u00e9e sera disponible dans les deux langues.<\/p>\n<p style=\"text-align: center;\"><a href=\"https:\/\/us02web.zoom.us\/meeting\/register\/tZAucequqTIrGdwcl6_LBoaVHdQ82IIyQcpw\"><strong><button class=\"blue-button-medium\">S&#8217;inscrire<\/button><\/strong><\/a><\/p>\n<p><span style=\"font-weight: 400;\">Les confinements sont chose du pass\u00e9, il n\u2019y a plus d\u2019obligation de porter un masque, la distanciation physique n\u2019est plus exig\u00e9e et les portes des salles de concert et des th\u00e9\u00e2tres sont grandes ouvertes. Cependant, dans beaucoup de salles, les ventes de billets ne reprennent pas. Que se passe-t-il?<\/span><\/p>\n<p><img fetchpriority=\"high\" decoding=\"async\" class=\"wp-image-11122 aligncenter\" src=\"https:\/\/oc.ca\/wp-content\/uploads\/2022\/11\/Performing-Arts-in-Canada-Where-are-our-audiences-Les-arts-de-la-scene-au-Canada-Ou-sont-nos-publics-1-800x451.png\" alt=\"A rectangular colourful banner with the title Performing Arts in Canada: Where are the Audiences, showing the date of November 16 and time of 12:00 pm Eastern, and logos of 8 Canadian arts service organizations. \" width=\"603\" height=\"340\" srcset=\"https:\/\/oc.ca\/wp-content\/uploads\/2022\/11\/Performing-Arts-in-Canada-Where-are-our-audiences-Les-arts-de-la-scene-au-Canada-Ou-sont-nos-publics-1-800x451.png 800w, https:\/\/oc.ca\/wp-content\/uploads\/2022\/11\/Performing-Arts-in-Canada-Where-are-our-audiences-Les-arts-de-la-scene-au-Canada-Ou-sont-nos-publics-1-300x169.png 300w, https:\/\/oc.ca\/wp-content\/uploads\/2022\/11\/Performing-Arts-in-Canada-Where-are-our-audiences-Les-arts-de-la-scene-au-Canada-Ou-sont-nos-publics-1-768x433.png 768w, https:\/\/oc.ca\/wp-content\/uploads\/2022\/11\/Performing-Arts-in-Canada-Where-are-our-audiences-Les-arts-de-la-scene-au-Canada-Ou-sont-nos-publics-1-1536x865.png 1536w, https:\/\/oc.ca\/wp-content\/uploads\/2022\/11\/Performing-Arts-in-Canada-Where-are-our-audiences-Les-arts-de-la-scene-au-Canada-Ou-sont-nos-publics-1.png 1640w\" sizes=\"(min-width: 960px) 75vw, 100vw\" \/><\/p>\n<p><span style=\"font-weight: 400;\">Dans ce webinaire, des experts du Canada et des \u00c9tats-Unis nous parleront des donn\u00e9es sur les ventes de billets dans le domaine des arts de la sc\u00e8ne et \u00e9lucideront les questions que tout le monde se pose\u00a0: O\u00f9 sont les publics? Comment les faire revenir?\u00a0<\/span><\/p>\n<p><strong>Conf\u00e9renciers<\/strong><\/p>\n<ul>\n<li>Eric Nelson, agent d&#8217;engagement des clients, TRG Arts<\/li>\n<li>William C\u00e9sar Lareau, Synapse C<\/li>\n<li>Benjamin Broucke, Directeur de projet, Tourisme, Patrimoine et Culture, Gouvernement du Nouveau-Brunswick<\/li>\n<li>Animateur, Fr\u00e9d\u00e9ric Julien, directeur de la recherche et du d\u00e9veloppement, CAPACOA<\/li>\n<\/ul>\n<p style=\"text-align: center;\"><a href=\"https:\/\/us02web.zoom.us\/meeting\/register\/tZAucequqTIrGdwcl6_LBoaVHdQ82IIyQcpw\"><strong><button class=\"blue-button-medium\">S&#8217;inscrire<\/button><\/strong><\/a><\/p>\n<p><span style=\"font-weight: 400;\">Cet \u00e9v\u00e9nement est copr\u00e9sent\u00e9 par Orchestres Canada, l\u2019Association pour l\u2019op\u00e9ra au Canada, l\u2019Association canadienne des organismes artistiques, Canada Choral, l\u2019Assembl\u00e9e canadienne de la danse, le Regroupement qu\u00e9b\u00e9cois de la danse, la Professional Association of Canadian Theatres et la Toronto Alliance for the Performing Arts.<\/span><\/p>\n","protected":false},"excerpt":{"rendered":"<p>Date : Mercredi 16 novembre 2022 Heure : 12:00-1:00 EST \/ 17:00-18:00 UTC Lieu : R\u00e9unions Zoom Session bilingue pr\u00e9sent\u00e9e en fran\u00e7ais et en anglais. L&#8217;interpr\u00e9tation simultan\u00e9e sera disponible dans les deux langues. S&#8217;inscrire Les confinements sont chose du pass\u00e9, il n\u2019y a plus d\u2019obligation de porter un masque, la distanciation physique n\u2019est plus exig\u00e9e [&hellip;]<\/p>\n","protected":false},"author":10,"featured_media":0,"parent":0,"menu_order":0,"comment_status":"closed","ping_status":"closed","template":"","meta":{"_acf_changed":false,"_monsterinsights_skip_tracking":false,"_monsterinsights_sitenote_active":false,"_monsterinsights_sitenote_note":"","_monsterinsights_sitenote_category":0,"footnotes":""},"class_list":["post-11125","page","type-page","status-publish","hentry"],"acf":[],"yoast_head":"<!-- This site is optimized with the Yoast SEO plugin v25.4 - https:\/\/yoast.com\/wordpress\/plugins\/seo\/ -->\n<title>Les arts de la sc\u00e8ne au Canada : O\u00f9 sont les publics? - Orchestras Canada\/Orchestres Canada<\/title>\n<meta name=\"robots\" content=\"index, follow, max-snippet:-1, max-image-preview:large, max-video-preview:-1\" \/>\n<link rel=\"canonical\" href=\"https:\/\/oc.ca\/en\/performing-arts-in-canada-where-are-the-audiences\/\" \/>\n<meta property=\"og:locale\" content=\"fr_FR\" \/>\n<meta property=\"og:type\" content=\"article\" \/>\n<meta property=\"og:title\" content=\"Les arts de la sc\u00e8ne au Canada : O\u00f9 sont les publics? - Orchestras Canada\/Orchestres Canada\" \/>\n<meta property=\"og:description\" content=\"Date : Mercredi 16 novembre 2022 Heure : 12:00-1:00 EST \/ 17:00-18:00 UTC Lieu : R\u00e9unions Zoom Session bilingue pr\u00e9sent\u00e9e en fran\u00e7ais et en anglais. L&#8217;interpr\u00e9tation simultan\u00e9e sera disponible dans les deux langues. S&#8217;inscrire Les confinements sont chose du pass\u00e9, il n\u2019y a plus d\u2019obligation de porter un masque, la distanciation physique n\u2019est plus exig\u00e9e [&hellip;]\" \/>\n<meta property=\"og:url\" content=\"https:\/\/oc.ca\/en\/performing-arts-in-canada-where-are-the-audiences\/\" \/>\n<meta property=\"og:site_name\" content=\"Orchestras Canada\/Orchestres Canada\" \/>\n<meta property=\"article:modified_time\" content=\"2022-11-15T20:32:11+00:00\" \/>\n<meta property=\"og:image\" content=\"https:\/\/oc.ca\/wp-content\/uploads\/2022\/11\/Performing-Arts-in-Canada-Where-are-our-audiences-Les-arts-de-la-scene-au-Canada-Ou-sont-nos-publics-1-800x451.png\" \/>\n<meta name=\"twitter:card\" content=\"summary_large_image\" \/>\n<meta name=\"twitter:label1\" content=\"Dur\u00e9e de lecture estim\u00e9e\" \/>\n\t<meta name=\"twitter:data1\" content=\"2 minutes\" \/>\n<script type=\"application\/ld+json\" class=\"yoast-schema-graph\">{\"@context\":\"https:\/\/schema.org\",\"@graph\":[{\"@type\":\"WebPage\",\"@id\":\"https:\/\/oc.ca\/en\/performing-arts-in-canada-where-are-the-audiences\/\",\"url\":\"https:\/\/oc.ca\/en\/performing-arts-in-canada-where-are-the-audiences\/\",\"name\":\"Les arts de la sc\u00e8ne au Canada : O\u00f9 sont les publics? - Orchestras Canada\/Orchestres Canada\",\"isPartOf\":{\"@id\":\"https:\/\/oc.ca\/en\/#website\"},\"primaryImageOfPage\":{\"@id\":\"https:\/\/oc.ca\/en\/performing-arts-in-canada-where-are-the-audiences\/#primaryimage\"},\"image\":{\"@id\":\"https:\/\/oc.ca\/en\/performing-arts-in-canada-where-are-the-audiences\/#primaryimage\"},\"thumbnailUrl\":\"https:\/\/oc.ca\/wp-content\/uploads\/2022\/11\/Performing-Arts-in-Canada-Where-are-our-audiences-Les-arts-de-la-scene-au-Canada-Ou-sont-nos-publics-1-800x451.png\",\"datePublished\":\"2022-11-01T20:54:14+00:00\",\"dateModified\":\"2022-11-15T20:32:11+00:00\",\"breadcrumb\":{\"@id\":\"https:\/\/oc.ca\/en\/performing-arts-in-canada-where-are-the-audiences\/#breadcrumb\"},\"inLanguage\":\"fr-FR\",\"potentialAction\":[{\"@type\":\"ReadAction\",\"target\":[\"https:\/\/oc.ca\/en\/performing-arts-in-canada-where-are-the-audiences\/\"]}]},{\"@type\":\"ImageObject\",\"inLanguage\":\"fr-FR\",\"@id\":\"https:\/\/oc.ca\/en\/performing-arts-in-canada-where-are-the-audiences\/#primaryimage\",\"url\":\"https:\/\/oc.ca\/wp-content\/uploads\/2022\/11\/Performing-Arts-in-Canada-Where-are-our-audiences-Les-arts-de-la-scene-au-Canada-Ou-sont-nos-publics-1-800x451.png\",\"contentUrl\":\"https:\/\/oc.ca\/wp-content\/uploads\/2022\/11\/Performing-Arts-in-Canada-Where-are-our-audiences-Les-arts-de-la-scene-au-Canada-Ou-sont-nos-publics-1-800x451.png\"},{\"@type\":\"BreadcrumbList\",\"@id\":\"https:\/\/oc.ca\/en\/performing-arts-in-canada-where-are-the-audiences\/#breadcrumb\",\"itemListElement\":[{\"@type\":\"ListItem\",\"position\":1,\"name\":\"Home\",\"item\":\"https:\/\/oc.ca\/fr\/\"},{\"@type\":\"ListItem\",\"position\":2,\"name\":\"Les arts de la sc\u00e8ne au Canada : O\u00f9 sont les publics?\"}]},{\"@type\":\"WebSite\",\"@id\":\"https:\/\/oc.ca\/en\/#website\",\"url\":\"https:\/\/oc.ca\/en\/\",\"name\":\"Orchestras Canada\/Orchestres Canada\",\"description\":\"\",\"publisher\":{\"@id\":\"https:\/\/oc.ca\/en\/#organization\"},\"potentialAction\":[{\"@type\":\"SearchAction\",\"target\":{\"@type\":\"EntryPoint\",\"urlTemplate\":\"https:\/\/oc.ca\/en\/?s={search_term_string}\"},\"query-input\":{\"@type\":\"PropertyValueSpecification\",\"valueRequired\":true,\"valueName\":\"search_term_string\"}}],\"inLanguage\":\"fr-FR\"},{\"@type\":\"Organization\",\"@id\":\"https:\/\/oc.ca\/en\/#organization\",\"name\":\"Orchestras Canada\/Orchestres Canada\",\"url\":\"https:\/\/oc.ca\/en\/\",\"logo\":{\"@type\":\"ImageObject\",\"inLanguage\":\"fr-FR\",\"@id\":\"https:\/\/oc.ca\/en\/#\/schema\/logo\/image\/\",\"url\":\"https:\/\/oc.ca\/wp-content\/uploads\/2019\/03\/cropped-OC-Logo-800x200-1.png\",\"contentUrl\":\"https:\/\/oc.ca\/wp-content\/uploads\/2019\/03\/cropped-OC-Logo-800x200-1.png\",\"width\":400,\"height\":100,\"caption\":\"Orchestras Canada\/Orchestres Canada\"},\"image\":{\"@id\":\"https:\/\/oc.ca\/en\/#\/schema\/logo\/image\/\"}}]}<\/script>\n<!-- \/ Yoast SEO plugin. -->","yoast_head_json":{"title":"Les arts de la sc\u00e8ne au Canada : O\u00f9 sont les publics? - Orchestras Canada\/Orchestres Canada","robots":{"index":"index","follow":"follow","max-snippet":"max-snippet:-1","max-image-preview":"max-image-preview:large","max-video-preview":"max-video-preview:-1"},"canonical":"https:\/\/oc.ca\/en\/performing-arts-in-canada-where-are-the-audiences\/","og_locale":"fr_FR","og_type":"article","og_title":"Les arts de la sc\u00e8ne au Canada : O\u00f9 sont les publics? - Orchestras Canada\/Orchestres Canada","og_description":"Date : Mercredi 16 novembre 2022 Heure : 12:00-1:00 EST \/ 17:00-18:00 UTC Lieu : R\u00e9unions Zoom Session bilingue pr\u00e9sent\u00e9e en fran\u00e7ais et en anglais. L&#8217;interpr\u00e9tation simultan\u00e9e sera disponible dans les deux langues. S&#8217;inscrire Les confinements sont chose du pass\u00e9, il n\u2019y a plus d\u2019obligation de porter un masque, la distanciation physique n\u2019est plus exig\u00e9e [&hellip;]","og_url":"https:\/\/oc.ca\/en\/performing-arts-in-canada-where-are-the-audiences\/","og_site_name":"Orchestras Canada\/Orchestres Canada","article_modified_time":"2022-11-15T20:32:11+00:00","og_image":[{"url":"https:\/\/oc.ca\/wp-content\/uploads\/2022\/11\/Performing-Arts-in-Canada-Where-are-our-audiences-Les-arts-de-la-scene-au-Canada-Ou-sont-nos-publics-1-800x451.png","type":"","width":"","height":""}],"twitter_card":"summary_large_image","twitter_misc":{"Dur\u00e9e de lecture estim\u00e9e":"2 minutes"},"schema":{"@context":"https:\/\/schema.org","@graph":[{"@type":"WebPage","@id":"https:\/\/oc.ca\/en\/performing-arts-in-canada-where-are-the-audiences\/","url":"https:\/\/oc.ca\/en\/performing-arts-in-canada-where-are-the-audiences\/","name":"Les arts de la sc\u00e8ne au Canada : O\u00f9 sont les publics? - Orchestras Canada\/Orchestres Canada","isPartOf":{"@id":"https:\/\/oc.ca\/en\/#website"},"primaryImageOfPage":{"@id":"https:\/\/oc.ca\/en\/performing-arts-in-canada-where-are-the-audiences\/#primaryimage"},"image":{"@id":"https:\/\/oc.ca\/en\/performing-arts-in-canada-where-are-the-audiences\/#primaryimage"},"thumbnailUrl":"https:\/\/oc.ca\/wp-content\/uploads\/2022\/11\/Performing-Arts-in-Canada-Where-are-our-audiences-Les-arts-de-la-scene-au-Canada-Ou-sont-nos-publics-1-800x451.png","datePublished":"2022-11-01T20:54:14+00:00","dateModified":"2022-11-15T20:32:11+00:00","breadcrumb":{"@id":"https:\/\/oc.ca\/en\/performing-arts-in-canada-where-are-the-audiences\/#breadcrumb"},"inLanguage":"fr-FR","potentialAction":[{"@type":"ReadAction","target":["https:\/\/oc.ca\/en\/performing-arts-in-canada-where-are-the-audiences\/"]}]},{"@type":"ImageObject","inLanguage":"fr-FR","@id":"https:\/\/oc.ca\/en\/performing-arts-in-canada-where-are-the-audiences\/#primaryimage","url":"https:\/\/oc.ca\/wp-content\/uploads\/2022\/11\/Performing-Arts-in-Canada-Where-are-our-audiences-Les-arts-de-la-scene-au-Canada-Ou-sont-nos-publics-1-800x451.png","contentUrl":"https:\/\/oc.ca\/wp-content\/uploads\/2022\/11\/Performing-Arts-in-Canada-Where-are-our-audiences-Les-arts-de-la-scene-au-Canada-Ou-sont-nos-publics-1-800x451.png"},{"@type":"BreadcrumbList","@id":"https:\/\/oc.ca\/en\/performing-arts-in-canada-where-are-the-audiences\/#breadcrumb","itemListElement":[{"@type":"ListItem","position":1,"name":"Home","item":"https:\/\/oc.ca\/fr\/"},{"@type":"ListItem","position":2,"name":"Les arts de la sc\u00e8ne au Canada : O\u00f9 sont les publics?"}]},{"@type":"WebSite","@id":"https:\/\/oc.ca\/en\/#website","url":"https:\/\/oc.ca\/en\/","name":"Orchestras Canada\/Orchestres Canada","description":"","publisher":{"@id":"https:\/\/oc.ca\/en\/#organization"},"potentialAction":[{"@type":"SearchAction","target":{"@type":"EntryPoint","urlTemplate":"https:\/\/oc.ca\/en\/?s={search_term_string}"},"query-input":{"@type":"PropertyValueSpecification","valueRequired":true,"valueName":"search_term_string"}}],"inLanguage":"fr-FR"},{"@type":"Organization","@id":"https:\/\/oc.ca\/en\/#organization","name":"Orchestras Canada\/Orchestres Canada","url":"https:\/\/oc.ca\/en\/","logo":{"@type":"ImageObject","inLanguage":"fr-FR","@id":"https:\/\/oc.ca\/en\/#\/schema\/logo\/image\/","url":"https:\/\/oc.ca\/wp-content\/uploads\/2019\/03\/cropped-OC-Logo-800x200-1.png","contentUrl":"https:\/\/oc.ca\/wp-content\/uploads\/2019\/03\/cropped-OC-Logo-800x200-1.png","width":400,"height":100,"caption":"Orchestras Canada\/Orchestres Canada"},"image":{"@id":"https:\/\/oc.ca\/en\/#\/schema\/logo\/image\/"}}]}},"_links":{"self":[{"href":"https:\/\/oc.ca\/fr\/wp-json\/wp\/v2\/pages\/11125","targetHints":{"allow":["GET"]}}],"collection":[{"href":"https:\/\/oc.ca\/fr\/wp-json\/wp\/v2\/pages"}],"about":[{"href":"https:\/\/oc.ca\/fr\/wp-json\/wp\/v2\/types\/page"}],"author":[{"embeddable":true,"href":"https:\/\/oc.ca\/fr\/wp-json\/wp\/v2\/users\/10"}],"replies":[{"embeddable":true,"href":"https:\/\/oc.ca\/fr\/wp-json\/wp\/v2\/comments?post=11125"}],"version-history":[{"count":4,"href":"https:\/\/oc.ca\/fr\/wp-json\/wp\/v2\/pages\/11125\/revisions"}],"predecessor-version":[{"id":11191,"href":"https:\/\/oc.ca\/fr\/wp-json\/wp\/v2\/pages\/11125\/revisions\/11191"}],"wp:attachment":[{"href":"https:\/\/oc.ca\/fr\/wp-json\/wp\/v2\/media?parent=11125"}],"curies":[{"name":"wp","href":"https:\/\/api.w.org\/{rel}","templated":true}]}}