{"id":11103,"date":"2022-10-31T16:55:41","date_gmt":"2022-10-31T20:55:41","guid":{"rendered":"http:\/\/demosite2.asurtec.com\/?page_id=11103"},"modified":"2024-02-14T15:05:47","modified_gmt":"2024-02-14T20:05:47","slug":"publicite","status":"publish","type":"page","link":"https:\/\/oc.ca\/fr\/publicite\/","title":{"rendered":"Publicit\u00e9"},"content":{"rendered":"\t\t<div data-elementor-type=\"wp-page\" data-elementor-id=\"11103\" class=\"elementor elementor-11103 elementor-10991\">\n\t\t\t\t\t\t<section class=\"elementor-section elementor-top-section elementor-element elementor-element-582e7d3 elementor-section-boxed elementor-section-height-default elementor-section-height-default\" data-id=\"582e7d3\" data-element_type=\"section\">\n\t\t\t\t\t\t<div class=\"elementor-container elementor-column-gap-default\">\n\t\t\t\t\t<div class=\"elementor-column elementor-col-100 elementor-top-column elementor-element elementor-element-d269559\" data-id=\"d269559\" data-element_type=\"column\">\n\t\t\t<div class=\"elementor-widget-wrap elementor-element-populated\">\n\t\t\t\t\t\t<div class=\"elementor-element elementor-element-0f29513 elementor-tabs-view-horizontal elementor-widget elementor-widget-tabs\" data-id=\"0f29513\" data-element_type=\"widget\" data-widget_type=\"tabs.default\">\n\t\t\t\t<div class=\"elementor-widget-container\">\n\t\t\t\t\t\t\t<div class=\"elementor-tabs\">\n\t\t\t<div class=\"elementor-tabs-wrapper\" role=\"tablist\" >\n\t\t\t\t\t\t\t\t\t<div id=\"elementor-tab-title-1581\" class=\"elementor-tab-title elementor-tab-desktop-title\" aria-selected=\"true\" data-tab=\"1\" role=\"tab\" tabindex=\"0\" aria-controls=\"elementor-tab-content-1581\" aria-expanded=\"false\">Annonces dans nos infolettres<\/div>\n\t\t\t\t\t\t\t\t\t<div id=\"elementor-tab-title-1582\" class=\"elementor-tab-title elementor-tab-desktop-title\" aria-selected=\"false\" data-tab=\"2\" role=\"tab\" tabindex=\"-1\" aria-controls=\"elementor-tab-content-1582\" aria-expanded=\"false\">Banni\u00e8re publicitaire sur la page \"Avis de postes\" <\/div>\n\t\t\t\t\t\t\t\t\t<div id=\"elementor-tab-title-1583\" class=\"elementor-tab-title elementor-tab-desktop-title\" aria-selected=\"false\" data-tab=\"3\" role=\"tab\" tabindex=\"-1\" aria-controls=\"elementor-tab-content-1583\" aria-expanded=\"false\">Courriel d\u00e9di\u00e9<\/div>\n\t\t\t\t\t\t\t\t\t<div id=\"elementor-tab-title-1584\" class=\"elementor-tab-title elementor-tab-desktop-title\" aria-selected=\"false\" data-tab=\"4\" role=\"tab\" tabindex=\"-1\" aria-controls=\"elementor-tab-content-1584\" aria-expanded=\"false\">Webinaire commandit\u00e9<\/div>\n\t\t\t\t\t\t\t<\/div>\n\t\t\t<div class=\"elementor-tabs-content-wrapper\" role=\"tablist\" aria-orientation=\"vertical\">\n\t\t\t\t\t\t\t\t\t<div class=\"elementor-tab-title elementor-tab-mobile-title\" aria-selected=\"true\" data-tab=\"1\" role=\"tab\" tabindex=\"0\" aria-controls=\"elementor-tab-content-1581\" aria-expanded=\"false\">Annonces dans nos infolettres<\/div>\n\t\t\t\t\t<div id=\"elementor-tab-content-1581\" class=\"elementor-tab-content elementor-clearfix\" data-tab=\"1\" role=\"tabpanel\" aria-labelledby=\"elementor-tab-title-1581\" tabindex=\"0\" hidden=\"false\"><h2>1. Annonce dans l&#8217;infolettre mensuelle d&#8217;OC<\/h2>\n<p>Cette infolettre est envoy\u00e9e au cours de la derni\u00e8re semaine de chaque mois. Il comprend des mises \u00e0 jour sur les nouvelles du secteur orchestral et culturel, les opportunit\u00e9s de financement, les webinaires, les conf\u00e9rences, et plus encore.<\/p>\n<p>Le lectorat comprend plus de 800 administrateurs.trices artistiques, chef.fe.s d&#8217;orchestre, musicien.ne.s et connecteurs culturels, principalement bas\u00e9s au Canada.<\/p>\n<p>Chaque annonce se compose d&#8217;une image et d&#8217;un lien.<\/p>\n<ul>\n<li>Taille d&#8217;affichage de l&#8217;annonce : 600px de large X 200px de haut<\/li>\n<li>Format de fichier pr\u00e9f\u00e9r\u00e9 : PNG ou JPEG<\/li>\n<li>Prix : 200 $ + TVH (180 $ + TVH pour les membres d&#8217;OC)<\/li>\n<\/ul>\n<p>Seuls 3 espaces publicitaires sont disponibles par bulletin.&nbsp;<\/p>\n<p><img fetchpriority=\"high\" decoding=\"async\" class=\"size-full wp-image-10980 aligncenter lazy\" src=\"https:\/\/oc.ca\/wp-content\/themes\/OCtheme\/images\/placeholder.svg\" alt width=\"600\" height=\"200\" data-src=\"http:\/\/demosite2.asurtec.com\/wp-content\/uploads\/2022\/10\/600x200.png\"><noscript><img decoding=\"async\" class=\"size-full wp-image-10980 aligncenter\" src=\"http:\/\/demosite2.asurtec.com\/wp-content\/uploads\/2022\/10\/600x200.png\" alt=\"\" width=\"600\" height=\"200\" srcset=\"https:\/\/oc.ca\/wp-content\/uploads\/2022\/10\/600x200.png 600w, https:\/\/oc.ca\/wp-content\/uploads\/2022\/10\/600x200-300x100.png 300w\" sizes=\"(min-width: 960px) 75vw, 100vw\" \/><\/noscript><\/p>\n<p style=\"text-align: center;\">_________________________<\/p>\n<h2>2. Annonce dans l&#8217;infolettre d&#8217;emploi d&#8217;OC<\/h2>\n<p>Cette infolettre est envoy\u00e9e chaque semaine. Il comprend des offres d&#8217;emploi du secteur culturel au Canada, ainsi que des auditions d&#8217;orchestres.&nbsp;<\/p>\n<p>Le lectorat comprend plus de 800 administrateurs.trices d&#8217;art et musicien.ne.s au Canada.&nbsp;<\/p>\n<p>Chaque annonce est compos\u00e9e d&#8217;une image et d&#8217;un lien.<\/p>\n<ul>\n<li>Taille d&#8217;affichage de l&#8217;annonce : 600px de large X 200px de haut<\/li>\n<li>Format de fichier pr\u00e9f\u00e9r\u00e9 : PNG ou JPEG<\/li>\n<li>Prix : 200 $ + TVH (180 $ + TVH pour les membres d&#8217;OC)<\/li>\n<\/ul>\n<p>Un seul espace publicitaire est disponible par bulletin d&#8217;information.&nbsp;<\/p>\n<p><img fetchpriority=\"high\" decoding=\"async\" class=\"size-full wp-image-10980 aligncenter lazy\" src=\"https:\/\/oc.ca\/wp-content\/themes\/OCtheme\/images\/placeholder.svg\" alt width=\"600\" height=\"200\" data-src=\"http:\/\/demosite2.asurtec.com\/wp-content\/uploads\/2022\/10\/600x200.png\"><noscript><img decoding=\"async\" class=\"size-full wp-image-10980 aligncenter\" src=\"http:\/\/demosite2.asurtec.com\/wp-content\/uploads\/2022\/10\/600x200.png\" alt=\"\" width=\"600\" height=\"200\" srcset=\"https:\/\/oc.ca\/wp-content\/uploads\/2022\/10\/600x200.png 600w, https:\/\/oc.ca\/wp-content\/uploads\/2022\/10\/600x200-300x100.png 300w\" sizes=\"(min-width: 960px) 75vw, 100vw\" \/><\/noscript><\/p>\n<p>Pour plus d&#8217;informations ou pour r\u00e9server votre annonce dans l&#8217;un des infolettres d&#8217;Orchestres Canada :<\/p>\n<p>Veuillez contacter Boran Zaza \u00e0 boran@oc.ca.&nbsp;<\/p><\/div>\n\t\t\t\t\t\t\t\t\t<div class=\"elementor-tab-title elementor-tab-mobile-title\" aria-selected=\"false\" data-tab=\"2\" role=\"tab\" tabindex=\"-1\" aria-controls=\"elementor-tab-content-1582\" aria-expanded=\"false\">Banni\u00e8re publicitaire sur la page \"Avis de postes\" <\/div>\n\t\t\t\t\t<div id=\"elementor-tab-content-1582\" class=\"elementor-tab-content elementor-clearfix\" data-tab=\"2\" role=\"tabpanel\" aria-labelledby=\"elementor-tab-title-1582\" tabindex=\"0\" hidden=\"hidden\"><h2>2. Banni\u00e8re publicitaire sur la page <em>Avis de postes<\/em><\/h2><p>Notre page web <strong>Avis de postes<\/strong> est de loin la page la plus visit\u00e9e de notre site Web, avec plus de 4 000 visiteurs mensuels.\u00a0<\/p><p>Il y a <strong>un espace<\/strong> publicitaire sur cette page \u00e0 un emplacement de choix. Vous pouvez r\u00e9server l&#8217;espace publicitaire pour une semaine \u00e0 la fois.<\/p><p>L&#8217;annonce consiste en une image et un lien.<\/p><ul><li>Taille d&#8217;affichage de l&#8217;annonce : 780px de large X 100px de haut<\/li><li>Format de fichier pr\u00e9f\u00e9r\u00e9 : PNG ou JPEG<\/li><li>Prix : 300 $ + TVH (250 $ + TVH pour les membres de l&#8217;OC)<\/li><\/ul><p><img decoding=\"async\" class=\"alignnone size-full wp-image-10993 lazy\" src=\"https:\/\/oc.ca\/wp-content\/themes\/OCtheme\/images\/placeholder.svg\" alt width=\"780\" height=\"100\" data-src=\"http:\/\/demosite2.asurtec.com\/wp-content\/uploads\/2022\/10\/job-board-banner-ad.png\"><noscript><img loading=\"lazy\" decoding=\"async\" class=\"alignnone size-full wp-image-10993\" src=\"http:\/\/demosite2.asurtec.com\/wp-content\/uploads\/2022\/10\/job-board-banner-ad.png\" alt=\"\" width=\"780\" height=\"100\" srcset=\"https:\/\/oc.ca\/wp-content\/uploads\/2022\/10\/job-board-banner-ad.png 780w, https:\/\/oc.ca\/wp-content\/uploads\/2022\/10\/job-board-banner-ad-300x38.png 300w, https:\/\/oc.ca\/wp-content\/uploads\/2022\/10\/job-board-banner-ad-768x98.png 768w\" sizes=\"(min-width: 960px) 75vw, 100vw\" \/><\/noscript><\/p><p><strong>Pour plus d&#8217;informations ou pour r\u00e9server votre banni\u00e8re publicitaire :<\/strong><\/p><p><strong>Veuillez contacter Boran Zaza \u00e0 boran@oc.ca.\u00a0<\/strong><\/p><\/div>\n\t\t\t\t\t\t\t\t\t<div class=\"elementor-tab-title elementor-tab-mobile-title\" aria-selected=\"false\" data-tab=\"3\" role=\"tab\" tabindex=\"-1\" aria-controls=\"elementor-tab-content-1583\" aria-expanded=\"false\">Courriel d\u00e9di\u00e9<\/div>\n\t\t\t\t\t<div id=\"elementor-tab-content-1583\" class=\"elementor-tab-content elementor-clearfix\" data-tab=\"3\" role=\"tabpanel\" aria-labelledby=\"elementor-tab-title-1583\" tabindex=\"0\" hidden=\"hidden\"><h2>3. Courriel d\u00e9di\u00e9<\/h2><p>Avec cette option, nous enverrons un courriel d\u00e9di\u00e9 avec votre contenu uniquement au public de notre infolettre mensuelle, qui comprend plus de 800 administrateurs.trices artistiques, musicien.ne.s et autres.\u00a0<\/p><p>Le courriel peut contenir du contenu, des photos, des liens vers des vid\u00e9os, des offres sp\u00e9ciales, des appels \u00e0 l&#8217;action et des liens vers votre site Web.<br \/>Les services de base de conception de courriel sont inclus dans le prix.<\/p><p>Prix : 500 $ + TVH<\/p><p>Pour plus d&#8217;informations, veuillez contacter Boran Zaza \u00e0 boran@oc.ca.\u00a0<\/p><\/div>\n\t\t\t\t\t\t\t\t\t<div class=\"elementor-tab-title elementor-tab-mobile-title\" aria-selected=\"false\" data-tab=\"4\" role=\"tab\" tabindex=\"-1\" aria-controls=\"elementor-tab-content-1584\" aria-expanded=\"false\">Webinaire commandit\u00e9<\/div>\n\t\t\t\t\t<div id=\"elementor-tab-content-1584\" class=\"elementor-tab-content elementor-clearfix\" data-tab=\"4\" role=\"tabpanel\" aria-labelledby=\"elementor-tab-title-1584\" tabindex=\"0\" hidden=\"hidden\"><h2>4. Webinaire commandit\u00e9<\/h2><p>Si tu as un produit ou un service pertinent pour les orchestres canadiens que tu aimerais pr\u00e9senter \u00e0 nos membres dans le cadre d&#8217;un webinaire, cette option est pour toi.<\/p><p>Prix : 1250 $ + TVH (comprend la publicit\u00e9 du webinaire aupr\u00e8s de nos membres et l&#8217;acc\u00e8s \u00e0 notre licence Zoom PRO pour l&#8217;h\u00e9bergement).<\/p><p>Seulement 6 places sont disponibles par ann\u00e9e. Le pitch\/d\u00e9mo doit d&#8217;abord \u00eatre pr\u00e9sent\u00e9 au personnel d&#8217;OC pour approbation. Pour plus d&#8217;informations et pour r\u00e9server une place, contacte boran@oc.ca.<\/p><\/div>\n\t\t\t\t\t\t\t<\/div>\n\t\t<\/div>\n\t\t\t\t\t\t<\/div>\n\t\t\t\t<\/div>\n\t\t\t\t\t<\/div>\n\t\t<\/div>\n\t\t\t\t\t<\/div>\n\t\t<\/section>\n\t\t\t\t<section class=\"elementor-section elementor-top-section elementor-element elementor-element-f2687bf elementor-section-boxed elementor-section-height-default elementor-section-height-default\" data-id=\"f2687bf\" data-element_type=\"section\">\n\t\t\t\t\t\t<div class=\"elementor-container elementor-column-gap-default\">\n\t\t\t\t\t<div class=\"elementor-column elementor-col-100 elementor-top-column elementor-element elementor-element-2dd5bfe\" data-id=\"2dd5bfe\" data-element_type=\"column\">\n\t\t\t<div class=\"elementor-widget-wrap elementor-element-populated\">\n\t\t\t\t\t\t<div class=\"elementor-element elementor-element-eb573dc elementor-widget elementor-widget-text-editor\" data-id=\"eb573dc\" data-element_type=\"widget\" data-widget_type=\"text-editor.default\">\n\t\t\t\t<div class=\"elementor-widget-container\">\n\t\t\t\t\t\t\t\t\t<p>Avis de non-responsabilit\u00e9 : Orchestres Canada n&#8217;accepte que les publicit\u00e9s qui sont pertinentes pour les orchestres, le secteur des arts de la sc\u00e8ne et la communaut\u00e9 au Canada. Toutes les annonces sont soumises \u00e0 l&#8217;approbation d&#8217;Orchestres Canada. Orchestres Canada se r\u00e9serve le droit de retirer des annonces en tout temps. Les annonceurs sont responsables de soumettre des annonces correctes. Orchestres Canada n&#8217;est pas responsable de la r\u00e9vision ou de la correction d&#8217;\u00e9preuves des annonces et ne sera pas tenu responsable des erreurs dans les illustrations fournies.<\/p>\n<p><font face=\"var( --e-global-typography-text-font-family ), Sans-serif\"><span style=\"font-size: 1.1rem; font-weight: var( --e-global-typography-text-font-weight );\">Orchestres Canada fait la promotion des valeurs d&#8217;accessibilit\u00e9, d&#8217;\u00e9quit\u00e9,&nbsp;<\/span><\/font>&nbsp;de diversit\u00e9, d&#8217;inclusion et d&#8217;appartenance<font face=\"var( --e-global-typography-text-font-family ), Sans-serif\"><span style=\"font-size: 1.1rem; font-weight: var( --e-global-typography-text-font-weight );\">.&nbsp; Orchestres Canada reconna\u00eet que de nombreuses personnes et de nombreux organismes jouent divers r\u00f4les dans le secteur orchestral et la communaut\u00e9, notamment en tant qu&#8217;organisateurs.trice d&#8217;\u00e9v\u00e9nements, promoteurs, membres, donateurs.trice, fournisseurs, vendeurs, annonceurs et commanditaires. On s&#8217;attend \u00e0 ce que les annonceurs fournissent des \u0153uvres qui respectent les valeurs d&#8217;accessibilit\u00e9, d&#8217;\u00e9quit\u00e9,<\/span><\/font>&nbsp;de diversit\u00e9, d&#8217;inclusion et d&#8217;appartenance. <font face=\"var( --e-global-typography-text-font-family ), Sans-serif\"><span style=\"font-size: 1.1rem; font-weight: var( --e-global-typography-text-font-weight );\">Orchestres Canada se r\u00e9serve le droit de rejeter les maquettes qui, \u00e0 sa seule discr\u00e9tion, favorisent la discrimination fond\u00e9e sur la race, l&#8217;ethnie, l&#8217;origine nationale, l&#8217;appartenance religieuse ou politique, le sexe, l&#8217;\u00e2ge, les relations personnelles ou familiales, les handicaps, les restrictions de revenu, l&#8217;orientation sexuelle et l&#8217;orientation de genre.<\/span><\/font><br><\/p>\t\t\t\t\t\t\t\t<\/div>\n\t\t\t\t<\/div>\n\t\t\t\t\t<\/div>\n\t\t<\/div>\n\t\t\t\t\t<\/div>\n\t\t<\/section>\n\t\t\t\t<\/div>\n\t\t","protected":false},"excerpt":{"rendered":"<p>Annonces dans nos infolettres Banni\u00e8re publicitaire sur la page &#8220;Avis de postes&#8221; Courriel d\u00e9di\u00e9 Webinaire commandit\u00e9 Annonces dans nos infolettres 1. Annonce dans l&#8217;infolettre mensuelle d&#8217;OC Cette infolettre est envoy\u00e9e au cours de la derni\u00e8re semaine de chaque mois. Il comprend des mises \u00e0 jour sur les nouvelles du secteur orchestral et culturel, les opportunit\u00e9s [&hellip;]<\/p>\n","protected":false},"author":10,"featured_media":0,"parent":0,"menu_order":0,"comment_status":"closed","ping_status":"closed","template":"","meta":{"_acf_changed":false,"_monsterinsights_skip_tracking":false,"_monsterinsights_sitenote_active":false,"_monsterinsights_sitenote_note":"","_monsterinsights_sitenote_category":0,"footnotes":""},"class_list":["post-11103","page","type-page","status-publish","hentry"],"acf":[],"yoast_head":"<!-- This site is optimized with the Yoast SEO plugin v25.4 - https:\/\/yoast.com\/wordpress\/plugins\/seo\/ -->\n<title>Publicit\u00e9 - Orchestras Canada\/Orchestres Canada<\/title>\n<meta name=\"robots\" content=\"index, follow, max-snippet:-1, max-image-preview:large, max-video-preview:-1\" \/>\n<link rel=\"canonical\" href=\"https:\/\/oc.ca\/fr\/publicite\/\" \/>\n<meta property=\"og:locale\" content=\"fr_FR\" \/>\n<meta property=\"og:type\" content=\"article\" \/>\n<meta property=\"og:title\" content=\"Publicit\u00e9 - Orchestras Canada\/Orchestres Canada\" \/>\n<meta property=\"og:description\" content=\"Annonces dans nos infolettres Banni\u00e8re publicitaire sur la page &#8220;Avis de postes&#8221; Courriel d\u00e9di\u00e9 Webinaire commandit\u00e9 Annonces dans nos infolettres 1. Annonce dans l&#8217;infolettre mensuelle d&#8217;OC Cette infolettre est envoy\u00e9e au cours de la derni\u00e8re semaine de chaque mois. Il comprend des mises \u00e0 jour sur les nouvelles du secteur orchestral et culturel, les opportunit\u00e9s [&hellip;]\" \/>\n<meta property=\"og:url\" content=\"https:\/\/oc.ca\/fr\/publicite\/\" \/>\n<meta property=\"og:site_name\" content=\"Orchestras Canada\/Orchestres Canada\" \/>\n<meta property=\"article:modified_time\" content=\"2024-02-14T20:05:47+00:00\" \/>\n<meta property=\"og:image\" content=\"https:\/\/oc.ca\/wp-content\/uploads\/2022\/10\/600x200.png\" \/>\n<meta name=\"twitter:card\" content=\"summary_large_image\" \/>\n<meta name=\"twitter:label1\" content=\"Dur\u00e9e de lecture estim\u00e9e\" \/>\n\t<meta name=\"twitter:data1\" content=\"5 minutes\" \/>\n<script type=\"application\/ld+json\" class=\"yoast-schema-graph\">{\"@context\":\"https:\/\/schema.org\",\"@graph\":[{\"@type\":\"WebPage\",\"@id\":\"https:\/\/oc.ca\/fr\/publicite\/\",\"url\":\"https:\/\/oc.ca\/fr\/publicite\/\",\"name\":\"Publicit\u00e9 - Orchestras Canada\/Orchestres Canada\",\"isPartOf\":{\"@id\":\"https:\/\/oc.ca\/en\/#website\"},\"primaryImageOfPage\":{\"@id\":\"https:\/\/oc.ca\/fr\/publicite\/#primaryimage\"},\"image\":{\"@id\":\"https:\/\/oc.ca\/fr\/publicite\/#primaryimage\"},\"thumbnailUrl\":\"https:\/\/oc.ca\/wp-content\/uploads\/2022\/10\/600x200.png\",\"datePublished\":\"2022-10-31T20:55:41+00:00\",\"dateModified\":\"2024-02-14T20:05:47+00:00\",\"breadcrumb\":{\"@id\":\"https:\/\/oc.ca\/fr\/publicite\/#breadcrumb\"},\"inLanguage\":\"fr-FR\",\"potentialAction\":[{\"@type\":\"ReadAction\",\"target\":[\"https:\/\/oc.ca\/fr\/publicite\/\"]}]},{\"@type\":\"ImageObject\",\"inLanguage\":\"fr-FR\",\"@id\":\"https:\/\/oc.ca\/fr\/publicite\/#primaryimage\",\"url\":\"https:\/\/oc.ca\/wp-content\/uploads\/2022\/10\/600x200.png\",\"contentUrl\":\"https:\/\/oc.ca\/wp-content\/uploads\/2022\/10\/600x200.png\"},{\"@type\":\"BreadcrumbList\",\"@id\":\"https:\/\/oc.ca\/fr\/publicite\/#breadcrumb\",\"itemListElement\":[{\"@type\":\"ListItem\",\"position\":1,\"name\":\"Home\",\"item\":\"https:\/\/oc.ca\/fr\/\"},{\"@type\":\"ListItem\",\"position\":2,\"name\":\"Publicit\u00e9\"}]},{\"@type\":\"WebSite\",\"@id\":\"https:\/\/oc.ca\/en\/#website\",\"url\":\"https:\/\/oc.ca\/en\/\",\"name\":\"Orchestras Canada\/Orchestres Canada\",\"description\":\"\",\"publisher\":{\"@id\":\"https:\/\/oc.ca\/en\/#organization\"},\"potentialAction\":[{\"@type\":\"SearchAction\",\"target\":{\"@type\":\"EntryPoint\",\"urlTemplate\":\"https:\/\/oc.ca\/en\/?s={search_term_string}\"},\"query-input\":{\"@type\":\"PropertyValueSpecification\",\"valueRequired\":true,\"valueName\":\"search_term_string\"}}],\"inLanguage\":\"fr-FR\"},{\"@type\":\"Organization\",\"@id\":\"https:\/\/oc.ca\/en\/#organization\",\"name\":\"Orchestras Canada\/Orchestres Canada\",\"url\":\"https:\/\/oc.ca\/en\/\",\"logo\":{\"@type\":\"ImageObject\",\"inLanguage\":\"fr-FR\",\"@id\":\"https:\/\/oc.ca\/en\/#\/schema\/logo\/image\/\",\"url\":\"https:\/\/oc.ca\/wp-content\/uploads\/2019\/03\/cropped-OC-Logo-800x200-1.png\",\"contentUrl\":\"https:\/\/oc.ca\/wp-content\/uploads\/2019\/03\/cropped-OC-Logo-800x200-1.png\",\"width\":400,\"height\":100,\"caption\":\"Orchestras Canada\/Orchestres Canada\"},\"image\":{\"@id\":\"https:\/\/oc.ca\/en\/#\/schema\/logo\/image\/\"}}]}<\/script>\n<!-- \/ Yoast SEO plugin. -->","yoast_head_json":{"title":"Publicit\u00e9 - Orchestras Canada\/Orchestres Canada","robots":{"index":"index","follow":"follow","max-snippet":"max-snippet:-1","max-image-preview":"max-image-preview:large","max-video-preview":"max-video-preview:-1"},"canonical":"https:\/\/oc.ca\/fr\/publicite\/","og_locale":"fr_FR","og_type":"article","og_title":"Publicit\u00e9 - Orchestras Canada\/Orchestres Canada","og_description":"Annonces dans nos infolettres Banni\u00e8re publicitaire sur la page &#8220;Avis de postes&#8221; Courriel d\u00e9di\u00e9 Webinaire commandit\u00e9 Annonces dans nos infolettres 1. Annonce dans l&#8217;infolettre mensuelle d&#8217;OC Cette infolettre est envoy\u00e9e au cours de la derni\u00e8re semaine de chaque mois. Il comprend des mises \u00e0 jour sur les nouvelles du secteur orchestral et culturel, les opportunit\u00e9s [&hellip;]","og_url":"https:\/\/oc.ca\/fr\/publicite\/","og_site_name":"Orchestras Canada\/Orchestres Canada","article_modified_time":"2024-02-14T20:05:47+00:00","og_image":[{"url":"https:\/\/oc.ca\/wp-content\/uploads\/2022\/10\/600x200.png","type":"","width":"","height":""}],"twitter_card":"summary_large_image","twitter_misc":{"Dur\u00e9e de lecture estim\u00e9e":"5 minutes"},"schema":{"@context":"https:\/\/schema.org","@graph":[{"@type":"WebPage","@id":"https:\/\/oc.ca\/fr\/publicite\/","url":"https:\/\/oc.ca\/fr\/publicite\/","name":"Publicit\u00e9 - Orchestras Canada\/Orchestres Canada","isPartOf":{"@id":"https:\/\/oc.ca\/en\/#website"},"primaryImageOfPage":{"@id":"https:\/\/oc.ca\/fr\/publicite\/#primaryimage"},"image":{"@id":"https:\/\/oc.ca\/fr\/publicite\/#primaryimage"},"thumbnailUrl":"https:\/\/oc.ca\/wp-content\/uploads\/2022\/10\/600x200.png","datePublished":"2022-10-31T20:55:41+00:00","dateModified":"2024-02-14T20:05:47+00:00","breadcrumb":{"@id":"https:\/\/oc.ca\/fr\/publicite\/#breadcrumb"},"inLanguage":"fr-FR","potentialAction":[{"@type":"ReadAction","target":["https:\/\/oc.ca\/fr\/publicite\/"]}]},{"@type":"ImageObject","inLanguage":"fr-FR","@id":"https:\/\/oc.ca\/fr\/publicite\/#primaryimage","url":"https:\/\/oc.ca\/wp-content\/uploads\/2022\/10\/600x200.png","contentUrl":"https:\/\/oc.ca\/wp-content\/uploads\/2022\/10\/600x200.png"},{"@type":"BreadcrumbList","@id":"https:\/\/oc.ca\/fr\/publicite\/#breadcrumb","itemListElement":[{"@type":"ListItem","position":1,"name":"Home","item":"https:\/\/oc.ca\/fr\/"},{"@type":"ListItem","position":2,"name":"Publicit\u00e9"}]},{"@type":"WebSite","@id":"https:\/\/oc.ca\/en\/#website","url":"https:\/\/oc.ca\/en\/","name":"Orchestras Canada\/Orchestres Canada","description":"","publisher":{"@id":"https:\/\/oc.ca\/en\/#organization"},"potentialAction":[{"@type":"SearchAction","target":{"@type":"EntryPoint","urlTemplate":"https:\/\/oc.ca\/en\/?s={search_term_string}"},"query-input":{"@type":"PropertyValueSpecification","valueRequired":true,"valueName":"search_term_string"}}],"inLanguage":"fr-FR"},{"@type":"Organization","@id":"https:\/\/oc.ca\/en\/#organization","name":"Orchestras Canada\/Orchestres Canada","url":"https:\/\/oc.ca\/en\/","logo":{"@type":"ImageObject","inLanguage":"fr-FR","@id":"https:\/\/oc.ca\/en\/#\/schema\/logo\/image\/","url":"https:\/\/oc.ca\/wp-content\/uploads\/2019\/03\/cropped-OC-Logo-800x200-1.png","contentUrl":"https:\/\/oc.ca\/wp-content\/uploads\/2019\/03\/cropped-OC-Logo-800x200-1.png","width":400,"height":100,"caption":"Orchestras Canada\/Orchestres Canada"},"image":{"@id":"https:\/\/oc.ca\/en\/#\/schema\/logo\/image\/"}}]}},"_links":{"self":[{"href":"https:\/\/oc.ca\/fr\/wp-json\/wp\/v2\/pages\/11103","targetHints":{"allow":["GET"]}}],"collection":[{"href":"https:\/\/oc.ca\/fr\/wp-json\/wp\/v2\/pages"}],"about":[{"href":"https:\/\/oc.ca\/fr\/wp-json\/wp\/v2\/types\/page"}],"author":[{"embeddable":true,"href":"https:\/\/oc.ca\/fr\/wp-json\/wp\/v2\/users\/10"}],"replies":[{"embeddable":true,"href":"https:\/\/oc.ca\/fr\/wp-json\/wp\/v2\/comments?post=11103"}],"version-history":[{"count":5,"href":"https:\/\/oc.ca\/fr\/wp-json\/wp\/v2\/pages\/11103\/revisions"}],"predecessor-version":[{"id":13147,"href":"https:\/\/oc.ca\/fr\/wp-json\/wp\/v2\/pages\/11103\/revisions\/13147"}],"wp:attachment":[{"href":"https:\/\/oc.ca\/fr\/wp-json\/wp\/v2\/media?parent=11103"}],"curies":[{"name":"wp","href":"https:\/\/api.w.org\/{rel}","templated":true}]}}