{"id":10895,"date":"2022-09-27T16:02:34","date_gmt":"2022-09-27T20:02:34","guid":{"rendered":"http:\/\/demosite2.asurtec.com\/?page_id=10895"},"modified":"2022-10-26T16:47:22","modified_gmt":"2022-10-26T20:47:22","slug":"inscription-des-invites","status":"publish","type":"page","link":"https:\/\/oc.ca\/fr\/rendez-vous-des-orchestres-du-quebec\/inscription-des-invites\/","title":{"rendered":"Inscription des invit\u00e9.e.s"},"content":{"rendered":"<p lang=\"EN-US\">Nous sommes ravis d\u2019annoncer<strong>\u00a0le retour de la\u00a0rencontre\u00a0annuelle (en pr\u00e9sentiel!) des orchestres du Qu\u00e9bec<\/strong>, qui aura lieu le jeudi 10 novembre 2022, \u00e0 Kin Exp\u00e9rience \u00e0 Montr\u00e9al! Nous sommes en train de finaliser les d\u00e9tails, mais voici les informations pr\u00e9liminaires :<\/p>\n<p lang=\"EN-US\"><strong>Quand\u00a0<\/strong>: jeudi 10 novembre 2022, de 9h30 \u00e0 15h00 HE (plus une activit\u00e9 sociale facultative et un concert le soir du 9 novembre)<br \/>\n<strong>O\u00f9<\/strong> : Kin Exp\u00e9rience, 397A rue Ste. Catherine O, Montr\u00e9al, Qu\u00e9bec H3B 1A4<\/p>\n<p lang=\"EN-US\"><img fetchpriority=\"high\" decoding=\"async\" class=\"wp-image-10804 aligncenter\" src=\"https:\/\/oc.ca\/wp-content\/uploads\/2022\/09\/Nov-9-10-Montreal-HQ-800x451.png\" sizes=\"(min-width: 960px) 75vw, 100vw\" srcset=\"https:\/\/oc.ca\/wp-content\/uploads\/2022\/09\/Nov-9-10-Montreal-HQ-800x451.png 800w, https:\/\/oc.ca\/wp-content\/uploads\/2022\/09\/Nov-9-10-Montreal-HQ-300x169.png 300w, https:\/\/oc.ca\/wp-content\/uploads\/2022\/09\/Nov-9-10-Montreal-HQ-768x433.png 768w, https:\/\/oc.ca\/wp-content\/uploads\/2022\/09\/Nov-9-10-Montreal-HQ-1536x865.png 1536w, https:\/\/oc.ca\/wp-content\/uploads\/2022\/09\/Nov-9-10-Montreal-HQ.png 1640w\" alt=\"Cover photo for the Montreal Orchestras meeting, featuring the map of Quebec and a treble clef. \" width=\"529\" height=\"298\" data-src=\"https:\/\/oc.ca\/wp-content\/uploads\/2022\/09\/Nov-9-10-Montreal-HQ-800x451.png\" data-srcset=\"https:\/\/oc.ca\/wp-content\/uploads\/2022\/09\/Nov-9-10-Montreal-HQ-800x451.png 800w, https:\/\/oc.ca\/wp-content\/uploads\/2022\/09\/Nov-9-10-Montreal-HQ-300x169.png 300w, https:\/\/oc.ca\/wp-content\/uploads\/2022\/09\/Nov-9-10-Montreal-HQ-768x433.png 768w, https:\/\/oc.ca\/wp-content\/uploads\/2022\/09\/Nov-9-10-Montreal-HQ-1536x865.png 1536w, https:\/\/oc.ca\/wp-content\/uploads\/2022\/09\/Nov-9-10-Montreal-HQ.png 1640w\" data-sizes=\"(min-width: 960px) 75vw, 100vw\" \/><\/p>\n<p>Horaire (sous r\u00e9serve de modifications) :<\/p>\n<p><strong>&#8211; (FACULTATIF) Mercredi 9 novembre\u00a0\u00a0<\/strong><\/p>\n<ul>\n<li><strong>18h30-19h15<\/strong>\u00a0:\u00a0Vin d&#8217;honneur &#8211; Salon d&#8217;honneur \u00e0 la Maison symphonique.\u00a0(1600 rue Saint-Urbain, Montr\u00e9al, QC H2X 0S1)<\/li>\n<li><b>19h30 :\u00a0<\/b>Assistance au\u00a0<a href=\"https:\/\/www.osm.ca\/fr\/concerts\/le-triple-concerto-de-beethoven-aux-couleurs-de-losm\/\" target=\"_blank\" rel=\"noopener\" data-saferedirecturl=\"https:\/\/www.google.com\/url?q=https:\/\/www.osm.ca\/fr\/concerts\/le-triple-concerto-de-beethoven-aux-couleurs-de-losm\/&amp;source=gmail&amp;ust=1666118713225000&amp;usg=AOvVaw1dA2KYZekdeJl0Qd5ex6po\">concert de l&#8217;Orchestre symphonique de Montr\u00e9al<\/a>\u00a0\u00e0 la Maison symphonique .\u00a0<strong>Les personnes inscrites seront des invit\u00e9.e.s de l&#8217;OSM<\/strong>.<\/li>\n<\/ul>\n<p><strong>&#8211; Jeudi 10 novembre\u00a0<\/strong><\/p>\n<ul>\n<li lang=\"EN-US\"><strong>9h30 \u00e0 9h40<\/strong>\u00a0: Arriv\u00e9e, caf\u00e9 et introductions<\/li>\n<li lang=\"EN-US\"><strong>9h40 \u00e0 10h30<\/strong>\u00a0: Discussions en groupes de pairs<\/li>\n<li lang=\"EN-US\"><strong>10h30 \u00e0 midi<\/strong>\u00a0: Pr\u00e9sentation par V\u00e9ronique Fontaine du CALQ<\/li>\n<li lang=\"EN-US\"><strong>midi \u00e0 13h00<\/strong>\u00a0: D\u00eener (fourni sur place)<\/li>\n<li lang=\"EN-US\"><strong>13h00 \u00e0 15h30<\/strong>\u00a0:\u00a0Conf\u00e9rence-atelier : Entreprendre une d\u00e9marche d\u2019\u00e9coresponsabilit\u00e9.\u00a0Pr\u00e9sent\u00e9 par\u00a0Sophie-Laurence H. Lauzon, Conseill\u00e8re en d\u00e9veloppement durable &#8211; R\u00e9seau des femmes en environnement et son Conseil qu\u00e9b\u00e9cois des \u00e9v\u00e9nements\u00a0\u00e9coresponsables<\/li>\n<\/ul>\n\n","protected":false},"excerpt":{"rendered":"<p>Nous sommes ravis d\u2019annoncer\u00a0le retour de la\u00a0rencontre\u00a0annuelle (en pr\u00e9sentiel!) des orchestres du Qu\u00e9bec, qui aura lieu le jeudi 10 novembre 2022, \u00e0 Kin Exp\u00e9rience \u00e0 Montr\u00e9al! Nous sommes en train de finaliser les d\u00e9tails, mais voici les informations pr\u00e9liminaires : Quand\u00a0: jeudi 10 novembre 2022, de 9h30 \u00e0 15h00 HE (plus une activit\u00e9 sociale facultative [&hellip;]<\/p>\n","protected":false},"author":10,"featured_media":0,"parent":10881,"menu_order":0,"comment_status":"closed","ping_status":"closed","template":"","meta":{"_acf_changed":false,"_monsterinsights_skip_tracking":false,"_monsterinsights_sitenote_active":false,"_monsterinsights_sitenote_note":"","_monsterinsights_sitenote_category":0,"footnotes":""},"class_list":["post-10895","page","type-page","status-publish","hentry"],"acf":[],"yoast_head":"<!-- This site is optimized with the Yoast SEO plugin v25.4 - https:\/\/yoast.com\/wordpress\/plugins\/seo\/ -->\n<title>Inscription des invit\u00e9.e.s - Orchestras Canada\/Orchestres Canada<\/title>\n<meta name=\"robots\" content=\"index, follow, max-snippet:-1, max-image-preview:large, max-video-preview:-1\" \/>\n<link rel=\"canonical\" href=\"https:\/\/oc.ca\/en\/rendez-vous-des-orchestres-du-quebec\/inscription-des-invites\/\" \/>\n<meta property=\"og:locale\" content=\"fr_FR\" \/>\n<meta property=\"og:type\" content=\"article\" \/>\n<meta property=\"og:title\" content=\"Inscription des invit\u00e9.e.s - Orchestras Canada\/Orchestres Canada\" \/>\n<meta property=\"og:description\" content=\"Nous sommes ravis d\u2019annoncer\u00a0le retour de la\u00a0rencontre\u00a0annuelle (en pr\u00e9sentiel!) des orchestres du Qu\u00e9bec, qui aura lieu le jeudi 10 novembre 2022, \u00e0 Kin Exp\u00e9rience \u00e0 Montr\u00e9al! Nous sommes en train de finaliser les d\u00e9tails, mais voici les informations pr\u00e9liminaires : Quand\u00a0: jeudi 10 novembre 2022, de 9h30 \u00e0 15h00 HE (plus une activit\u00e9 sociale facultative [&hellip;]\" \/>\n<meta property=\"og:url\" content=\"https:\/\/oc.ca\/en\/rendez-vous-des-orchestres-du-quebec\/inscription-des-invites\/\" \/>\n<meta property=\"og:site_name\" content=\"Orchestras Canada\/Orchestres Canada\" \/>\n<meta property=\"article:modified_time\" content=\"2022-10-26T20:47:22+00:00\" \/>\n<meta property=\"og:image\" content=\"https:\/\/oc.ca\/wp-content\/uploads\/2022\/09\/Nov-9-10-Montreal-HQ-800x451.png\" \/>\n<meta name=\"twitter:card\" content=\"summary_large_image\" \/>\n<meta name=\"twitter:label1\" content=\"Dur\u00e9e de lecture estim\u00e9e\" \/>\n\t<meta name=\"twitter:data1\" content=\"2 minutes\" \/>\n<script type=\"application\/ld+json\" class=\"yoast-schema-graph\">{\"@context\":\"https:\/\/schema.org\",\"@graph\":[{\"@type\":\"WebPage\",\"@id\":\"https:\/\/oc.ca\/en\/rendez-vous-des-orchestres-du-quebec\/inscription-des-invites\/\",\"url\":\"https:\/\/oc.ca\/en\/rendez-vous-des-orchestres-du-quebec\/inscription-des-invites\/\",\"name\":\"Inscription des invit\u00e9.e.s - Orchestras Canada\/Orchestres Canada\",\"isPartOf\":{\"@id\":\"https:\/\/oc.ca\/en\/#website\"},\"primaryImageOfPage\":{\"@id\":\"https:\/\/oc.ca\/en\/rendez-vous-des-orchestres-du-quebec\/inscription-des-invites\/#primaryimage\"},\"image\":{\"@id\":\"https:\/\/oc.ca\/en\/rendez-vous-des-orchestres-du-quebec\/inscription-des-invites\/#primaryimage\"},\"thumbnailUrl\":\"https:\/\/oc.ca\/wp-content\/uploads\/2022\/09\/Nov-9-10-Montreal-HQ-800x451.png\",\"datePublished\":\"2022-09-27T20:02:34+00:00\",\"dateModified\":\"2022-10-26T20:47:22+00:00\",\"breadcrumb\":{\"@id\":\"https:\/\/oc.ca\/en\/rendez-vous-des-orchestres-du-quebec\/inscription-des-invites\/#breadcrumb\"},\"inLanguage\":\"fr-FR\",\"potentialAction\":[{\"@type\":\"ReadAction\",\"target\":[\"https:\/\/oc.ca\/en\/rendez-vous-des-orchestres-du-quebec\/inscription-des-invites\/\"]}]},{\"@type\":\"ImageObject\",\"inLanguage\":\"fr-FR\",\"@id\":\"https:\/\/oc.ca\/en\/rendez-vous-des-orchestres-du-quebec\/inscription-des-invites\/#primaryimage\",\"url\":\"https:\/\/oc.ca\/wp-content\/uploads\/2022\/09\/Nov-9-10-Montreal-HQ-800x451.png\",\"contentUrl\":\"https:\/\/oc.ca\/wp-content\/uploads\/2022\/09\/Nov-9-10-Montreal-HQ-800x451.png\"},{\"@type\":\"BreadcrumbList\",\"@id\":\"https:\/\/oc.ca\/en\/rendez-vous-des-orchestres-du-quebec\/inscription-des-invites\/#breadcrumb\",\"itemListElement\":[{\"@type\":\"ListItem\",\"position\":1,\"name\":\"Home\",\"item\":\"https:\/\/oc.ca\/fr\/\"},{\"@type\":\"ListItem\",\"position\":2,\"name\":\"Rendez-vous des Orchestres du Qu\u00e9bec\",\"item\":\"https:\/\/oc.ca\/en\/rendez-vous-des-orchestres-du-quebec\/\"},{\"@type\":\"ListItem\",\"position\":3,\"name\":\"Inscription des invit\u00e9.e.s\"}]},{\"@type\":\"WebSite\",\"@id\":\"https:\/\/oc.ca\/en\/#website\",\"url\":\"https:\/\/oc.ca\/en\/\",\"name\":\"Orchestras Canada\/Orchestres Canada\",\"description\":\"\",\"publisher\":{\"@id\":\"https:\/\/oc.ca\/en\/#organization\"},\"potentialAction\":[{\"@type\":\"SearchAction\",\"target\":{\"@type\":\"EntryPoint\",\"urlTemplate\":\"https:\/\/oc.ca\/en\/?s={search_term_string}\"},\"query-input\":{\"@type\":\"PropertyValueSpecification\",\"valueRequired\":true,\"valueName\":\"search_term_string\"}}],\"inLanguage\":\"fr-FR\"},{\"@type\":\"Organization\",\"@id\":\"https:\/\/oc.ca\/en\/#organization\",\"name\":\"Orchestras Canada\/Orchestres Canada\",\"url\":\"https:\/\/oc.ca\/en\/\",\"logo\":{\"@type\":\"ImageObject\",\"inLanguage\":\"fr-FR\",\"@id\":\"https:\/\/oc.ca\/en\/#\/schema\/logo\/image\/\",\"url\":\"https:\/\/oc.ca\/wp-content\/uploads\/2019\/03\/cropped-OC-Logo-800x200-1.png\",\"contentUrl\":\"https:\/\/oc.ca\/wp-content\/uploads\/2019\/03\/cropped-OC-Logo-800x200-1.png\",\"width\":400,\"height\":100,\"caption\":\"Orchestras Canada\/Orchestres Canada\"},\"image\":{\"@id\":\"https:\/\/oc.ca\/en\/#\/schema\/logo\/image\/\"}}]}<\/script>\n<!-- \/ Yoast SEO plugin. -->","yoast_head_json":{"title":"Inscription des invit\u00e9.e.s - Orchestras Canada\/Orchestres Canada","robots":{"index":"index","follow":"follow","max-snippet":"max-snippet:-1","max-image-preview":"max-image-preview:large","max-video-preview":"max-video-preview:-1"},"canonical":"https:\/\/oc.ca\/en\/rendez-vous-des-orchestres-du-quebec\/inscription-des-invites\/","og_locale":"fr_FR","og_type":"article","og_title":"Inscription des invit\u00e9.e.s - Orchestras Canada\/Orchestres Canada","og_description":"Nous sommes ravis d\u2019annoncer\u00a0le retour de la\u00a0rencontre\u00a0annuelle (en pr\u00e9sentiel!) des orchestres du Qu\u00e9bec, qui aura lieu le jeudi 10 novembre 2022, \u00e0 Kin Exp\u00e9rience \u00e0 Montr\u00e9al! Nous sommes en train de finaliser les d\u00e9tails, mais voici les informations pr\u00e9liminaires : Quand\u00a0: jeudi 10 novembre 2022, de 9h30 \u00e0 15h00 HE (plus une activit\u00e9 sociale facultative [&hellip;]","og_url":"https:\/\/oc.ca\/en\/rendez-vous-des-orchestres-du-quebec\/inscription-des-invites\/","og_site_name":"Orchestras Canada\/Orchestres Canada","article_modified_time":"2022-10-26T20:47:22+00:00","og_image":[{"url":"https:\/\/oc.ca\/wp-content\/uploads\/2022\/09\/Nov-9-10-Montreal-HQ-800x451.png","type":"","width":"","height":""}],"twitter_card":"summary_large_image","twitter_misc":{"Dur\u00e9e de lecture estim\u00e9e":"2 minutes"},"schema":{"@context":"https:\/\/schema.org","@graph":[{"@type":"WebPage","@id":"https:\/\/oc.ca\/en\/rendez-vous-des-orchestres-du-quebec\/inscription-des-invites\/","url":"https:\/\/oc.ca\/en\/rendez-vous-des-orchestres-du-quebec\/inscription-des-invites\/","name":"Inscription des invit\u00e9.e.s - Orchestras Canada\/Orchestres Canada","isPartOf":{"@id":"https:\/\/oc.ca\/en\/#website"},"primaryImageOfPage":{"@id":"https:\/\/oc.ca\/en\/rendez-vous-des-orchestres-du-quebec\/inscription-des-invites\/#primaryimage"},"image":{"@id":"https:\/\/oc.ca\/en\/rendez-vous-des-orchestres-du-quebec\/inscription-des-invites\/#primaryimage"},"thumbnailUrl":"https:\/\/oc.ca\/wp-content\/uploads\/2022\/09\/Nov-9-10-Montreal-HQ-800x451.png","datePublished":"2022-09-27T20:02:34+00:00","dateModified":"2022-10-26T20:47:22+00:00","breadcrumb":{"@id":"https:\/\/oc.ca\/en\/rendez-vous-des-orchestres-du-quebec\/inscription-des-invites\/#breadcrumb"},"inLanguage":"fr-FR","potentialAction":[{"@type":"ReadAction","target":["https:\/\/oc.ca\/en\/rendez-vous-des-orchestres-du-quebec\/inscription-des-invites\/"]}]},{"@type":"ImageObject","inLanguage":"fr-FR","@id":"https:\/\/oc.ca\/en\/rendez-vous-des-orchestres-du-quebec\/inscription-des-invites\/#primaryimage","url":"https:\/\/oc.ca\/wp-content\/uploads\/2022\/09\/Nov-9-10-Montreal-HQ-800x451.png","contentUrl":"https:\/\/oc.ca\/wp-content\/uploads\/2022\/09\/Nov-9-10-Montreal-HQ-800x451.png"},{"@type":"BreadcrumbList","@id":"https:\/\/oc.ca\/en\/rendez-vous-des-orchestres-du-quebec\/inscription-des-invites\/#breadcrumb","itemListElement":[{"@type":"ListItem","position":1,"name":"Home","item":"https:\/\/oc.ca\/fr\/"},{"@type":"ListItem","position":2,"name":"Rendez-vous des Orchestres du Qu\u00e9bec","item":"https:\/\/oc.ca\/en\/rendez-vous-des-orchestres-du-quebec\/"},{"@type":"ListItem","position":3,"name":"Inscription des invit\u00e9.e.s"}]},{"@type":"WebSite","@id":"https:\/\/oc.ca\/en\/#website","url":"https:\/\/oc.ca\/en\/","name":"Orchestras Canada\/Orchestres Canada","description":"","publisher":{"@id":"https:\/\/oc.ca\/en\/#organization"},"potentialAction":[{"@type":"SearchAction","target":{"@type":"EntryPoint","urlTemplate":"https:\/\/oc.ca\/en\/?s={search_term_string}"},"query-input":{"@type":"PropertyValueSpecification","valueRequired":true,"valueName":"search_term_string"}}],"inLanguage":"fr-FR"},{"@type":"Organization","@id":"https:\/\/oc.ca\/en\/#organization","name":"Orchestras Canada\/Orchestres Canada","url":"https:\/\/oc.ca\/en\/","logo":{"@type":"ImageObject","inLanguage":"fr-FR","@id":"https:\/\/oc.ca\/en\/#\/schema\/logo\/image\/","url":"https:\/\/oc.ca\/wp-content\/uploads\/2019\/03\/cropped-OC-Logo-800x200-1.png","contentUrl":"https:\/\/oc.ca\/wp-content\/uploads\/2019\/03\/cropped-OC-Logo-800x200-1.png","width":400,"height":100,"caption":"Orchestras Canada\/Orchestres Canada"},"image":{"@id":"https:\/\/oc.ca\/en\/#\/schema\/logo\/image\/"}}]}},"_links":{"self":[{"href":"https:\/\/oc.ca\/fr\/wp-json\/wp\/v2\/pages\/10895","targetHints":{"allow":["GET"]}}],"collection":[{"href":"https:\/\/oc.ca\/fr\/wp-json\/wp\/v2\/pages"}],"about":[{"href":"https:\/\/oc.ca\/fr\/wp-json\/wp\/v2\/types\/page"}],"author":[{"embeddable":true,"href":"https:\/\/oc.ca\/fr\/wp-json\/wp\/v2\/users\/10"}],"replies":[{"embeddable":true,"href":"https:\/\/oc.ca\/fr\/wp-json\/wp\/v2\/comments?post=10895"}],"version-history":[{"count":4,"href":"https:\/\/oc.ca\/fr\/wp-json\/wp\/v2\/pages\/10895\/revisions"}],"predecessor-version":[{"id":11070,"href":"https:\/\/oc.ca\/fr\/wp-json\/wp\/v2\/pages\/10895\/revisions\/11070"}],"up":[{"embeddable":true,"href":"https:\/\/oc.ca\/fr\/wp-json\/wp\/v2\/pages\/10881"}],"wp:attachment":[{"href":"https:\/\/oc.ca\/fr\/wp-json\/wp\/v2\/media?parent=10895"}],"curies":[{"name":"wp","href":"https:\/\/api.w.org\/{rel}","templated":true}]}}