{"id":10881,"date":"2022-09-26T17:27:16","date_gmt":"2022-09-26T21:27:16","guid":{"rendered":"http:\/\/demosite2.asurtec.com\/?page_id=10881"},"modified":"2022-11-01T15:34:31","modified_gmt":"2022-11-01T19:34:31","slug":"rendez-vous-des-orchestres-du-quebec","status":"publish","type":"page","link":"https:\/\/oc.ca\/fr\/rendez-vous-des-orchestres-du-quebec\/","title":{"rendered":"Rendez-vous des Orchestres du Qu\u00e9bec"},"content":{"rendered":"<p lang=\"EN-US\" style=\"text-align: center;\"><a href=\"\/fr\/rendez-vous-des-orchestres-du-quebec\/inscription\/\"><strong><button class=\"blue-button-medium\">S&#8217;inscrire<\/button><\/strong><\/a><\/p>\n<p lang=\"EN-US\">Nous sommes ravis d&#8217;annoncer<strong>\u00a0le retour de la\u00a0rencontre\u00a0annuelle (en pr\u00e9sentiel!) des orchestres du Qu\u00e9bec<\/strong>, qui aura lieu le jeudi 10 novembre 2022, \u00e0 Kin Exp\u00e9rience \u00e0 Montr\u00e9al! Nous sommes en train de finaliser les d\u00e9tails, mais voici les informations pr\u00e9liminaires :<\/p>\n<p lang=\"EN-US\"><strong>Quand <\/strong>: jeudi 10 novembre 2022, de 9h30 \u00e0 15h00 HE (plus une activit\u00e9 sociale facultative et un concert le soir du 9 novembre)<br \/>\n<strong>O\u00f9<\/strong>\u00a0: Kin Exp\u00e9rience, 397A rue Ste. Catherine O, Montr\u00e9al, Qu\u00e9bec H3B 1A4<br \/>\n<strong>Co\u00fbt<\/strong>\u00a0: 30 $ + TVH<\/p>\n<p lang=\"EN-US\"><img fetchpriority=\"high\" decoding=\"async\" class=\"wp-image-10804 aligncenter\" src=\"https:\/\/oc.ca\/wp-content\/uploads\/2022\/09\/Nov-9-10-Montreal-HQ-800x451.png\" alt=\"Cover photo for the Montreal Orchestras meeting, featuring the map of Quebec and a treble clef. \" width=\"529\" height=\"298\" srcset=\"https:\/\/oc.ca\/wp-content\/uploads\/2022\/09\/Nov-9-10-Montreal-HQ-800x451.png 800w, https:\/\/oc.ca\/wp-content\/uploads\/2022\/09\/Nov-9-10-Montreal-HQ-300x169.png 300w, https:\/\/oc.ca\/wp-content\/uploads\/2022\/09\/Nov-9-10-Montreal-HQ-768x433.png 768w, https:\/\/oc.ca\/wp-content\/uploads\/2022\/09\/Nov-9-10-Montreal-HQ-1536x865.png 1536w, https:\/\/oc.ca\/wp-content\/uploads\/2022\/09\/Nov-9-10-Montreal-HQ.png 1640w\" sizes=\"(min-width: 960px) 75vw, 100vw\" \/><\/p>\n<p>Horaire pr\u00e9liminaire (sous r\u00e9serve de modifications) :<\/p>\n<p><strong>&#8211; (FACULTATIF) Mercredi 9 novembre\u00a0\u00a0<\/strong><\/p>\n<ul>\n<li lang=\"EN-US\"><strong>18h30-19h15<\/strong> : Vin d&#8217;honneur et hors-d&#8217;\u0153uvre &#8211; Salon d&#8217;honneur (niveau corbeille) \u00e0 la Maison symphonique (1600 rue Saint-Urbain, Montr\u00e9al, QC H2X 0S1).<\/li>\n<li lang=\"EN-US\"><strong>19h30<\/strong> : Assistance au <a href=\"https:\/\/www.osm.ca\/fr\/concerts\/le-triple-concerto-de-beethoven-aux-couleurs-de-losm\/\">concert de l&#8217;Orchestre symphonique de Montr\u00e9al<\/a> \u00e0 la Maison symphonique. Les personnes inscrites seront des invit\u00e9.e.s de l&#8217;OSM. <strong>Les personnes inscrites seront des invit\u00e9.e.s de l&#8217;OSM<\/strong>.<\/li>\n<\/ul>\n<p lang=\"EN-US\"><strong>&#8211; Jeudi 10 novembre\u00a0<\/strong><\/p>\n<ul>\n<li lang=\"EN-US\"><strong>9h30 \u00e0 9h40<\/strong>\u00a0: Arriv\u00e9e, caf\u00e9 et introductions<\/li>\n<li lang=\"EN-US\"><strong>9h40 \u00e0 10h30<\/strong>\u00a0: Discussions en groupes de pairs<\/li>\n<li lang=\"EN-US\"><strong>10h30 \u00e0 midi<\/strong>\u00a0: Pr\u00e9sentation par V\u00e9ronique Fontaine du CALQ<\/li>\n<\/ul>\n<p><a href=\"https:\/\/orchestrascanada.sharepoint.com\/:w:\/s\/OrchestrasCanada\/EUCjCLj85R1KvLWyWnHsvD4B0-lkLG2JfxfFqqjNOOOT1A?e=QKqgfV\">V\u00e9ronique Fontaine<\/a>, directrice du soutien aux organismes de cr\u00e9ation et de production au Conseil des arts et des lettres, pr\u00e9sentera les actions entreprises par le Conseil au cours des derniers mois, notamment dans le cadre de la gestion de la crise li\u00e9e \u00e0 la pand\u00e9mie COVID-19. Elle abordera aussi les pr\u00e9occupations qui seront au c\u0153ur des r\u00e9flexions du Conseil pour la planification strat\u00e9gique 2023-2027.<\/p>\n<ul>\n<li lang=\"EN-US\"><strong>midi \u00e0 13h00<\/strong> : D\u00eener (fourni sur place)<\/li>\n<li lang=\"EN-US\"><strong>13h00 \u00e0 15h<span class=\"gmail_default\">3<\/span>0<\/strong> : Conf\u00e9rence-atelier : Entreprendre une d\u00e9marche d\u2019\u00e9coresponsabilit\u00e9.\u00a0Pr\u00e9sent\u00e9 par\u00a0<a href=\"https:\/\/orchestrascanada.sharepoint.com\/:w:\/s\/OrchestrasCanada\/EWrMmpxjuiRNk2rC5t_nVLwBH2SjX3stwDV9pLxe_1qJ5Q?e=Wbdr7g\"><span class=\"il\">Sophie<\/span>-Laurence H. Lauzon<\/a>, Conseill\u00e8re en d\u00e9veloppement durable &#8211; R\u00e9seau des femmes en environnement et son Conseil qu\u00e9b\u00e9cois des \u00e9v\u00e9nements\u00a0\u00e9coresponsables<\/li>\n<\/ul>\n<p>Cette conf\u00e9rence a pour objectif d\u2019informer et outiller les orchestres d\u00e9sirant entreprendre une d\u00e9marche d\u2019\u00e9coresponsabilit\u00e9 dans leur organisation. Suite \u00e0 un bref aper\u00e7u des enjeux environnementaux du secteur, les principales \u00e9tapes pour entamer sa d\u00e9marche sont pr\u00e9sent\u00e9es. Cette conf\u00e9rence est \u00e9galement l\u2019occasion d\u2019explorer certains enjeux d\u2019int\u00e9r\u00eat pour les orchestres, notamment les d\u00e9placements et les \u00e9missions de gaz \u00e0 effet de serre g\u00e9n\u00e9r\u00e9es. Des exemples de solution dans une vis\u00e9e de r\u00e9duction de l\u2019empreinte environnementale sont pr\u00e9sent\u00e9s. Les personnes pr\u00e9sentes seront invit\u00e9es \u00e0 se pencher sur l\u2019impact des activit\u00e9s de leur organisation respective et des actions \u00e0 court et moyen termes qu\u2019elles seraient en mesure d\u2019entreprendre.<\/p>\n<div class=\"yj6qo ajU\" style=\"text-align: center;\"><a href=\"\/fr\/rendez-vous-des-orchestres-du-quebec\/inscription\/\"><strong><button class=\"blue-button-medium\">S&#8217;inscrire<\/button><\/strong><\/a><\/div>\n<div><\/div>\n<div><\/div>\n<div><\/div>\n<div><\/div>\n<p>&nbsp;<\/p>\n<div style=\"text-align: center;\"><em>Nous remercions le Conseil des arts du Canada de son soutien.<\/em><\/div>\n<div><\/div>\n<div><img decoding=\"async\" class=\" wp-image-2632 aligncenter\" src=\"https:\/\/oc.ca\/wp-content\/uploads\/2019\/02\/canada-council-for-the-arts-en-clear.png\" alt=\"canada council for the arts logo\" width=\"447\" height=\"82\" srcset=\"https:\/\/oc.ca\/wp-content\/uploads\/2019\/02\/canada-council-for-the-arts-en-clear.png 600w, https:\/\/oc.ca\/wp-content\/uploads\/2019\/02\/canada-council-for-the-arts-en-clear-300x55.png 300w\" sizes=\"(min-width: 960px) 75vw, 100vw\" \/><\/div>\n","protected":false},"excerpt":{"rendered":"<p>S&#8217;inscrire Nous sommes ravis d&#8217;annoncer\u00a0le retour de la\u00a0rencontre\u00a0annuelle (en pr\u00e9sentiel!) des orchestres du Qu\u00e9bec, qui aura lieu le jeudi 10 novembre 2022, \u00e0 Kin Exp\u00e9rience \u00e0 Montr\u00e9al! Nous sommes en train de finaliser les d\u00e9tails, mais voici les informations pr\u00e9liminaires : Quand : jeudi 10 novembre 2022, de 9h30 \u00e0 15h00 HE (plus une activit\u00e9 [&hellip;]<\/p>\n","protected":false},"author":10,"featured_media":0,"parent":0,"menu_order":0,"comment_status":"closed","ping_status":"closed","template":"","meta":{"_acf_changed":false,"_monsterinsights_skip_tracking":false,"_monsterinsights_sitenote_active":false,"_monsterinsights_sitenote_note":"","_monsterinsights_sitenote_category":0,"footnotes":""},"class_list":["post-10881","page","type-page","status-publish","hentry"],"acf":[],"yoast_head":"<!-- This site is optimized with the Yoast SEO plugin v25.4 - https:\/\/yoast.com\/wordpress\/plugins\/seo\/ -->\n<title>Rendez-vous des Orchestres du Qu\u00e9bec - Orchestras Canada\/Orchestres Canada<\/title>\n<meta name=\"robots\" content=\"index, follow, max-snippet:-1, max-image-preview:large, max-video-preview:-1\" \/>\n<link rel=\"canonical\" href=\"https:\/\/oc.ca\/en\/rendez-vous-des-orchestres-du-quebec\/\" \/>\n<meta property=\"og:locale\" content=\"fr_FR\" \/>\n<meta property=\"og:type\" content=\"article\" \/>\n<meta property=\"og:title\" content=\"Rendez-vous des Orchestres du Qu\u00e9bec - Orchestras Canada\/Orchestres Canada\" \/>\n<meta property=\"og:description\" content=\"S&#8217;inscrire Nous sommes ravis d&#8217;annoncer\u00a0le retour de la\u00a0rencontre\u00a0annuelle (en pr\u00e9sentiel!) des orchestres du Qu\u00e9bec, qui aura lieu le jeudi 10 novembre 2022, \u00e0 Kin Exp\u00e9rience \u00e0 Montr\u00e9al! Nous sommes en train de finaliser les d\u00e9tails, mais voici les informations pr\u00e9liminaires : Quand : jeudi 10 novembre 2022, de 9h30 \u00e0 15h00 HE (plus une activit\u00e9 [&hellip;]\" \/>\n<meta property=\"og:url\" content=\"https:\/\/oc.ca\/en\/rendez-vous-des-orchestres-du-quebec\/\" \/>\n<meta property=\"og:site_name\" content=\"Orchestras Canada\/Orchestres Canada\" \/>\n<meta property=\"article:modified_time\" content=\"2022-11-01T19:34:31+00:00\" \/>\n<meta property=\"og:image\" content=\"https:\/\/oc.ca\/wp-content\/uploads\/2022\/09\/Nov-9-10-Montreal-HQ-800x451.png\" \/>\n<meta name=\"twitter:card\" content=\"summary_large_image\" \/>\n<meta name=\"twitter:label1\" content=\"Dur\u00e9e de lecture estim\u00e9e\" \/>\n\t<meta name=\"twitter:data1\" content=\"3 minutes\" \/>\n<script type=\"application\/ld+json\" class=\"yoast-schema-graph\">{\"@context\":\"https:\/\/schema.org\",\"@graph\":[{\"@type\":\"WebPage\",\"@id\":\"https:\/\/oc.ca\/en\/rendez-vous-des-orchestres-du-quebec\/\",\"url\":\"https:\/\/oc.ca\/en\/rendez-vous-des-orchestres-du-quebec\/\",\"name\":\"Rendez-vous des Orchestres du Qu\u00e9bec - Orchestras Canada\/Orchestres Canada\",\"isPartOf\":{\"@id\":\"https:\/\/oc.ca\/en\/#website\"},\"primaryImageOfPage\":{\"@id\":\"https:\/\/oc.ca\/en\/rendez-vous-des-orchestres-du-quebec\/#primaryimage\"},\"image\":{\"@id\":\"https:\/\/oc.ca\/en\/rendez-vous-des-orchestres-du-quebec\/#primaryimage\"},\"thumbnailUrl\":\"https:\/\/oc.ca\/wp-content\/uploads\/2022\/09\/Nov-9-10-Montreal-HQ-800x451.png\",\"datePublished\":\"2022-09-26T21:27:16+00:00\",\"dateModified\":\"2022-11-01T19:34:31+00:00\",\"breadcrumb\":{\"@id\":\"https:\/\/oc.ca\/en\/rendez-vous-des-orchestres-du-quebec\/#breadcrumb\"},\"inLanguage\":\"fr-FR\",\"potentialAction\":[{\"@type\":\"ReadAction\",\"target\":[\"https:\/\/oc.ca\/en\/rendez-vous-des-orchestres-du-quebec\/\"]}]},{\"@type\":\"ImageObject\",\"inLanguage\":\"fr-FR\",\"@id\":\"https:\/\/oc.ca\/en\/rendez-vous-des-orchestres-du-quebec\/#primaryimage\",\"url\":\"https:\/\/oc.ca\/wp-content\/uploads\/2022\/09\/Nov-9-10-Montreal-HQ-800x451.png\",\"contentUrl\":\"https:\/\/oc.ca\/wp-content\/uploads\/2022\/09\/Nov-9-10-Montreal-HQ-800x451.png\"},{\"@type\":\"BreadcrumbList\",\"@id\":\"https:\/\/oc.ca\/en\/rendez-vous-des-orchestres-du-quebec\/#breadcrumb\",\"itemListElement\":[{\"@type\":\"ListItem\",\"position\":1,\"name\":\"Home\",\"item\":\"https:\/\/oc.ca\/fr\/\"},{\"@type\":\"ListItem\",\"position\":2,\"name\":\"Rendez-vous des Orchestres du Qu\u00e9bec\"}]},{\"@type\":\"WebSite\",\"@id\":\"https:\/\/oc.ca\/en\/#website\",\"url\":\"https:\/\/oc.ca\/en\/\",\"name\":\"Orchestras Canada\/Orchestres Canada\",\"description\":\"\",\"publisher\":{\"@id\":\"https:\/\/oc.ca\/en\/#organization\"},\"potentialAction\":[{\"@type\":\"SearchAction\",\"target\":{\"@type\":\"EntryPoint\",\"urlTemplate\":\"https:\/\/oc.ca\/en\/?s={search_term_string}\"},\"query-input\":{\"@type\":\"PropertyValueSpecification\",\"valueRequired\":true,\"valueName\":\"search_term_string\"}}],\"inLanguage\":\"fr-FR\"},{\"@type\":\"Organization\",\"@id\":\"https:\/\/oc.ca\/en\/#organization\",\"name\":\"Orchestras Canada\/Orchestres Canada\",\"url\":\"https:\/\/oc.ca\/en\/\",\"logo\":{\"@type\":\"ImageObject\",\"inLanguage\":\"fr-FR\",\"@id\":\"https:\/\/oc.ca\/en\/#\/schema\/logo\/image\/\",\"url\":\"https:\/\/oc.ca\/wp-content\/uploads\/2019\/03\/cropped-OC-Logo-800x200-1.png\",\"contentUrl\":\"https:\/\/oc.ca\/wp-content\/uploads\/2019\/03\/cropped-OC-Logo-800x200-1.png\",\"width\":400,\"height\":100,\"caption\":\"Orchestras Canada\/Orchestres Canada\"},\"image\":{\"@id\":\"https:\/\/oc.ca\/en\/#\/schema\/logo\/image\/\"}}]}<\/script>\n<!-- \/ Yoast SEO plugin. -->","yoast_head_json":{"title":"Rendez-vous des Orchestres du Qu\u00e9bec - Orchestras Canada\/Orchestres Canada","robots":{"index":"index","follow":"follow","max-snippet":"max-snippet:-1","max-image-preview":"max-image-preview:large","max-video-preview":"max-video-preview:-1"},"canonical":"https:\/\/oc.ca\/en\/rendez-vous-des-orchestres-du-quebec\/","og_locale":"fr_FR","og_type":"article","og_title":"Rendez-vous des Orchestres du Qu\u00e9bec - Orchestras Canada\/Orchestres Canada","og_description":"S&#8217;inscrire Nous sommes ravis d&#8217;annoncer\u00a0le retour de la\u00a0rencontre\u00a0annuelle (en pr\u00e9sentiel!) des orchestres du Qu\u00e9bec, qui aura lieu le jeudi 10 novembre 2022, \u00e0 Kin Exp\u00e9rience \u00e0 Montr\u00e9al! Nous sommes en train de finaliser les d\u00e9tails, mais voici les informations pr\u00e9liminaires : Quand : jeudi 10 novembre 2022, de 9h30 \u00e0 15h00 HE (plus une activit\u00e9 [&hellip;]","og_url":"https:\/\/oc.ca\/en\/rendez-vous-des-orchestres-du-quebec\/","og_site_name":"Orchestras Canada\/Orchestres Canada","article_modified_time":"2022-11-01T19:34:31+00:00","og_image":[{"url":"https:\/\/oc.ca\/wp-content\/uploads\/2022\/09\/Nov-9-10-Montreal-HQ-800x451.png","type":"","width":"","height":""}],"twitter_card":"summary_large_image","twitter_misc":{"Dur\u00e9e de lecture estim\u00e9e":"3 minutes"},"schema":{"@context":"https:\/\/schema.org","@graph":[{"@type":"WebPage","@id":"https:\/\/oc.ca\/en\/rendez-vous-des-orchestres-du-quebec\/","url":"https:\/\/oc.ca\/en\/rendez-vous-des-orchestres-du-quebec\/","name":"Rendez-vous des Orchestres du Qu\u00e9bec - Orchestras Canada\/Orchestres Canada","isPartOf":{"@id":"https:\/\/oc.ca\/en\/#website"},"primaryImageOfPage":{"@id":"https:\/\/oc.ca\/en\/rendez-vous-des-orchestres-du-quebec\/#primaryimage"},"image":{"@id":"https:\/\/oc.ca\/en\/rendez-vous-des-orchestres-du-quebec\/#primaryimage"},"thumbnailUrl":"https:\/\/oc.ca\/wp-content\/uploads\/2022\/09\/Nov-9-10-Montreal-HQ-800x451.png","datePublished":"2022-09-26T21:27:16+00:00","dateModified":"2022-11-01T19:34:31+00:00","breadcrumb":{"@id":"https:\/\/oc.ca\/en\/rendez-vous-des-orchestres-du-quebec\/#breadcrumb"},"inLanguage":"fr-FR","potentialAction":[{"@type":"ReadAction","target":["https:\/\/oc.ca\/en\/rendez-vous-des-orchestres-du-quebec\/"]}]},{"@type":"ImageObject","inLanguage":"fr-FR","@id":"https:\/\/oc.ca\/en\/rendez-vous-des-orchestres-du-quebec\/#primaryimage","url":"https:\/\/oc.ca\/wp-content\/uploads\/2022\/09\/Nov-9-10-Montreal-HQ-800x451.png","contentUrl":"https:\/\/oc.ca\/wp-content\/uploads\/2022\/09\/Nov-9-10-Montreal-HQ-800x451.png"},{"@type":"BreadcrumbList","@id":"https:\/\/oc.ca\/en\/rendez-vous-des-orchestres-du-quebec\/#breadcrumb","itemListElement":[{"@type":"ListItem","position":1,"name":"Home","item":"https:\/\/oc.ca\/fr\/"},{"@type":"ListItem","position":2,"name":"Rendez-vous des Orchestres du Qu\u00e9bec"}]},{"@type":"WebSite","@id":"https:\/\/oc.ca\/en\/#website","url":"https:\/\/oc.ca\/en\/","name":"Orchestras Canada\/Orchestres Canada","description":"","publisher":{"@id":"https:\/\/oc.ca\/en\/#organization"},"potentialAction":[{"@type":"SearchAction","target":{"@type":"EntryPoint","urlTemplate":"https:\/\/oc.ca\/en\/?s={search_term_string}"},"query-input":{"@type":"PropertyValueSpecification","valueRequired":true,"valueName":"search_term_string"}}],"inLanguage":"fr-FR"},{"@type":"Organization","@id":"https:\/\/oc.ca\/en\/#organization","name":"Orchestras Canada\/Orchestres Canada","url":"https:\/\/oc.ca\/en\/","logo":{"@type":"ImageObject","inLanguage":"fr-FR","@id":"https:\/\/oc.ca\/en\/#\/schema\/logo\/image\/","url":"https:\/\/oc.ca\/wp-content\/uploads\/2019\/03\/cropped-OC-Logo-800x200-1.png","contentUrl":"https:\/\/oc.ca\/wp-content\/uploads\/2019\/03\/cropped-OC-Logo-800x200-1.png","width":400,"height":100,"caption":"Orchestras Canada\/Orchestres Canada"},"image":{"@id":"https:\/\/oc.ca\/en\/#\/schema\/logo\/image\/"}}]}},"_links":{"self":[{"href":"https:\/\/oc.ca\/fr\/wp-json\/wp\/v2\/pages\/10881","targetHints":{"allow":["GET"]}}],"collection":[{"href":"https:\/\/oc.ca\/fr\/wp-json\/wp\/v2\/pages"}],"about":[{"href":"https:\/\/oc.ca\/fr\/wp-json\/wp\/v2\/types\/page"}],"author":[{"embeddable":true,"href":"https:\/\/oc.ca\/fr\/wp-json\/wp\/v2\/users\/10"}],"replies":[{"embeddable":true,"href":"https:\/\/oc.ca\/fr\/wp-json\/wp\/v2\/comments?post=10881"}],"version-history":[{"count":5,"href":"https:\/\/oc.ca\/fr\/wp-json\/wp\/v2\/pages\/10881\/revisions"}],"predecessor-version":[{"id":11119,"href":"https:\/\/oc.ca\/fr\/wp-json\/wp\/v2\/pages\/10881\/revisions\/11119"}],"wp:attachment":[{"href":"https:\/\/oc.ca\/fr\/wp-json\/wp\/v2\/media?parent=10881"}],"curies":[{"name":"wp","href":"https:\/\/api.w.org\/{rel}","templated":true}]}}