{"id":10534,"date":"2022-07-27T19:41:50","date_gmt":"2022-07-27T23:41:50","guid":{"rendered":"http:\/\/demosite2.asurtec.com\/?page_id=10534"},"modified":"2022-09-14T16:10:48","modified_gmt":"2022-09-14T20:10:48","slug":"innovation-et-resilience-dans-les-arts-la-culture-et-le-patrimoine","status":"publish","type":"page","link":"https:\/\/oc.ca\/fr\/innovation-et-resilience-dans-les-arts-la-culture-et-le-patrimoine\/","title":{"rendered":"Innovation et r\u00e9silience dans les arts, la culture et le patrimoine"},"content":{"rendered":"<h3 style=\"text-align: center;\">Pr\u00e9sentation par Kelly Hill<br \/>\nVersion webinaire<\/h3>\n<p>&nbsp;<\/p>\n<p><strong>Date :<\/strong> Mercredi 28 septembre 2022<br \/>\n<strong>Heure :<\/strong> 14 h \u00e0 15 h 00, heure de l&#8217;Est<br \/>\n<strong>Lieu :<\/strong> R\u00e9union Zoom<br \/>\n<strong>Session bilingue :<\/strong> L&#8217;interpr\u00e9tation simultan\u00e9e en fran\u00e7ais est disponible lors de cet \u00e9v\u00e9nement.<\/p>\n<p style=\"text-align: center;\"><a href=\"https:\/\/us02web.zoom.us\/meeting\/register\/tZAvcOCupjkuEtA5YZv6LUUWfULd36RJBTAq\"><strong><button class=\"blue-button-medium\">Inscrivez-vous d\u00e8s maintenant!<\/button><\/strong><\/a><\/p>\n<p>Vous n&#8217;avez pas pu vous rendre \u00e0 nos sessions de rencontre et d&#8217;apprentissage en personne \u00e0 Regina cet \u00e9t\u00e9? Ne vous inqui\u00e9tez pas, vous pouvez toujours participer \u00e0 l&#8217;apprentissage!<\/p>\n<p>Kelly Hill de Hill Strategies Research revient le <strong>mercredi 28 septembre, de 14 h \u00e0 15 h 00 HE<\/strong>, pour une pr\u00e9sentation en ligne condens\u00e9e sur les conclusions du projet Innovation et r\u00e9silience dans les arts, la culture et le patrimoine* (<a href=\"https:\/\/hillstrategies.com\/resource\/la-resilience-culturelle-utiliser-linnovation-pour-stabiliser-en-temps-de-crise\/?lang=fr\">rapport de recherche ici<\/a>).<\/p>\n<p><img fetchpriority=\"high\" decoding=\"async\" class=\" wp-image-10525 aligncenter\" src=\"https:\/\/oc.ca\/wp-content\/uploads\/2022\/07\/Innovation-Resilience-in-the-Arts-800x451.png\" alt=\"\" width=\"621\" height=\"350\" srcset=\"https:\/\/oc.ca\/wp-content\/uploads\/2022\/07\/Innovation-Resilience-in-the-Arts-800x451.png 800w, https:\/\/oc.ca\/wp-content\/uploads\/2022\/07\/Innovation-Resilience-in-the-Arts-300x169.png 300w, https:\/\/oc.ca\/wp-content\/uploads\/2022\/07\/Innovation-Resilience-in-the-Arts-768x433.png 768w, https:\/\/oc.ca\/wp-content\/uploads\/2022\/07\/Innovation-Resilience-in-the-Arts.png 820w\" sizes=\"(min-width: 960px) 75vw, 100vw\" \/><\/p>\n<p>&nbsp;<\/p>\n<p>Kelly soulignera les th\u00e8mes cl\u00e9s qui ont \u00e9merg\u00e9 de la recherche sur &#8220;les pratiques innovantes et les sources de r\u00e9silience chez les artistes et les organismes culturels pendant la pand\u00e9mie de COVID-19&#8221; (<a href=\"https:\/\/hillstrategies.com\/a-propos-du-projet\/?lang=fr\">Source<\/a>), en les situant dans une s\u00e9lection choisie d&#8217;\u00e9tudes de cas. Il y aura des possibilit\u00e9s de questions et r\u00e9ponses et de r\u00e9flexion appropri\u00e9es au m\u00e9dium en ligne.<\/p>\n<p>Remarque : Cette pr\u00e9sentation en ligne est destin\u00e9e aux membres d&#8217;Orchestres Canada (OC) et de l&#8217;Organisation des musiciens d&#8217;orchestre symphonique du Canada (OMSOC) qui n&#8217;ont pas pu assister \u00e0 la pr\u00e9sentation\/atelier en personne avec Kelly et Fanny Martin (Art of Festivals) \u00e0 Regina.<\/p>\n<p>L&#8217;inscription est gratuite via Zoom pour les musicien.e.s, le personnel, les b\u00e9n\u00e9voles et les membres du conseil d&#8217;administration des orchestres affili\u00e9s \u00e0 l&#8217;OC ou \u00e0 l&#8217;OMOSC. Nous vous encourageons \u00e0 partager cette invitation avec vos coll\u00e8gues!<\/p>\n<p style=\"text-align: center;\"><a href=\"https:\/\/us02web.zoom.us\/meeting\/register\/tZAvcOCupjkuEtA5YZv6LUUWfULd36RJBTAq\"><strong><button class=\"blue-button-medium\">Inscrivez-vous d\u00e8s maintenant!<\/button><\/strong><\/a><\/p>\n<p>&nbsp;<\/p>\n<p>Pour plus d&#8217;informations sur le projet, visitez le site Web de Hill Strategies <a href=\"https:\/\/hillstrategies.com\/a-propos-du-projet\/?lang=fr\">https:\/\/hillstrategies.com\/a-propos-du-projet\/?lang=fr<\/a> .<\/p>\n<p>* Innovation et r\u00e9silience dans les arts, la culture et le patrimoine est un projet pluriannuel du R\u00e9seau des villes cr\u00e9atives du Canada en partenariat avec le Conseil des ressources humaines du secteur culturel, Les Arts et la Ville et la Commission canadienne pour l&#8217;UNESCO.<\/p>\n<p>Hill Strat\u00e9gies a dirig\u00e9 la premi\u00e8re phase de recherche du projet avec l&#8217;aide d&#8217;un comit\u00e9 directeur compos\u00e9 de repr\u00e9sentants des organismes partenaires \u00e9num\u00e9r\u00e9s ci-dessus.<\/p>\n<p>Orchestres Canada remercie tous les partenaires, les chercheurs d&#8217;histoires, les artistes et les organismes qui ont pris part \u00e0 la phase de recherche de ce projet &#8212; nous sommes reconnaissants de l&#8217;occasion qui nous est donn\u00e9e de partager les r\u00e9sultats de la recherche avec nos membres.<\/p>\n<p>&nbsp;<\/p>\n<p>&nbsp;<\/p>\n<p><img decoding=\"async\" class=\"wp-image-10529 aligncenter\" src=\"https:\/\/oc.ca\/wp-content\/uploads\/2022\/07\/hill-strategies-white-bg-3-800x381.png\" alt=\"\" width=\"328\" height=\"156\" srcset=\"https:\/\/oc.ca\/wp-content\/uploads\/2022\/07\/hill-strategies-white-bg-3-800x381.png 800w, https:\/\/oc.ca\/wp-content\/uploads\/2022\/07\/hill-strategies-white-bg-3-300x143.png 300w, https:\/\/oc.ca\/wp-content\/uploads\/2022\/07\/hill-strategies-white-bg-3-768x366.png 768w, https:\/\/oc.ca\/wp-content\/uploads\/2022\/07\/hill-strategies-white-bg-3.png 921w\" sizes=\"(min-width: 960px) 75vw, 100vw\" \/><\/p>\n<p>&nbsp;<\/p>\n<p style=\"text-align: center;\">Gr\u00e2ce au g\u00e9n\u00e9reux financement de<\/p>\n<p>&nbsp;<\/p>\n<p><img decoding=\"async\" class=\"alignnone wp-image-2851\" src=\"https:\/\/oc.ca\/wp-content\/uploads\/2019\/02\/CCA.jpg\" alt=\"Logo, Canada Council for the Arts logo\" width=\"418\" height=\"77\" srcset=\"https:\/\/oc.ca\/wp-content\/uploads\/2019\/02\/CCA.jpg 500w, https:\/\/oc.ca\/wp-content\/uploads\/2019\/02\/CCA-300x55.jpg 300w\" sizes=\"(min-width: 960px) 75vw, 100vw\" \/><img loading=\"lazy\" decoding=\"async\" class=\" wp-image-2855 alignright\" src=\"https:\/\/oc.ca\/wp-content\/uploads\/2019\/02\/OAC-e1550211160413.png\" alt=\"Ontario Arts council Logo\" width=\"396\" height=\"76\" srcset=\"https:\/\/oc.ca\/wp-content\/uploads\/2019\/02\/OAC-e1550211160413.png 500w, https:\/\/oc.ca\/wp-content\/uploads\/2019\/02\/OAC-e1550211160413-300x58.png 300w\" sizes=\"(min-width: 960px) 75vw, 100vw\" \/><\/p>\n<p>&nbsp;<\/p>\n<p>&nbsp;<\/p>\n","protected":false},"excerpt":{"rendered":"<p>Pr\u00e9sentation par Kelly Hill Version webinaire &nbsp; Date : Mercredi 28 septembre 2022 Heure : 14 h \u00e0 15 h 00, heure de l&#8217;Est Lieu : R\u00e9union Zoom Session bilingue : L&#8217;interpr\u00e9tation simultan\u00e9e en fran\u00e7ais est disponible lors de cet \u00e9v\u00e9nement. Inscrivez-vous d\u00e8s maintenant! Vous n&#8217;avez pas pu vous rendre \u00e0 nos sessions de rencontre [&hellip;]<\/p>\n","protected":false},"author":10,"featured_media":0,"parent":0,"menu_order":0,"comment_status":"closed","ping_status":"closed","template":"","meta":{"_acf_changed":false,"_monsterinsights_skip_tracking":false,"_monsterinsights_sitenote_active":false,"_monsterinsights_sitenote_note":"","_monsterinsights_sitenote_category":0,"footnotes":""},"class_list":["post-10534","page","type-page","status-publish","hentry"],"acf":[],"yoast_head":"<!-- This site is optimized with the Yoast SEO plugin v25.4 - https:\/\/yoast.com\/wordpress\/plugins\/seo\/ -->\n<title>Innovation et r\u00e9silience dans les arts, la culture et le patrimoine - Orchestras Canada\/Orchestres Canada<\/title>\n<meta name=\"robots\" content=\"index, follow, max-snippet:-1, max-image-preview:large, max-video-preview:-1\" \/>\n<link rel=\"canonical\" href=\"https:\/\/oc.ca\/fr\/innovation-et-resilience-dans-les-arts-la-culture-et-le-patrimoine\/\" \/>\n<meta property=\"og:locale\" content=\"fr_FR\" \/>\n<meta property=\"og:type\" content=\"article\" \/>\n<meta property=\"og:title\" content=\"Innovation et r\u00e9silience dans les arts, la culture et le patrimoine - Orchestras Canada\/Orchestres Canada\" \/>\n<meta property=\"og:description\" content=\"Pr\u00e9sentation par Kelly Hill Version webinaire &nbsp; Date : Mercredi 28 septembre 2022 Heure : 14 h \u00e0 15 h 00, heure de l&#8217;Est Lieu : R\u00e9union Zoom Session bilingue : L&#8217;interpr\u00e9tation simultan\u00e9e en fran\u00e7ais est disponible lors de cet \u00e9v\u00e9nement. Inscrivez-vous d\u00e8s maintenant! Vous n&#8217;avez pas pu vous rendre \u00e0 nos sessions de rencontre [&hellip;]\" \/>\n<meta property=\"og:url\" content=\"https:\/\/oc.ca\/fr\/innovation-et-resilience-dans-les-arts-la-culture-et-le-patrimoine\/\" \/>\n<meta property=\"og:site_name\" content=\"Orchestras Canada\/Orchestres Canada\" \/>\n<meta property=\"article:modified_time\" content=\"2022-09-14T20:10:48+00:00\" \/>\n<meta property=\"og:image\" content=\"https:\/\/oc.ca\/wp-content\/uploads\/2022\/07\/Innovation-Resilience-in-the-Arts.png\" \/>\n\t<meta property=\"og:image:width\" content=\"820\" \/>\n\t<meta property=\"og:image:height\" content=\"462\" \/>\n\t<meta property=\"og:image:type\" content=\"image\/png\" \/>\n<meta name=\"twitter:card\" content=\"summary_large_image\" \/>\n<meta name=\"twitter:image\" content=\"https:\/\/oc.ca\/wp-content\/uploads\/2022\/07\/Innovation-Resilience-in-the-Arts.png\" \/>\n<meta name=\"twitter:label1\" content=\"Dur\u00e9e de lecture estim\u00e9e\" \/>\n\t<meta name=\"twitter:data1\" content=\"3 minutes\" \/>\n<script type=\"application\/ld+json\" class=\"yoast-schema-graph\">{\"@context\":\"https:\/\/schema.org\",\"@graph\":[{\"@type\":\"WebPage\",\"@id\":\"https:\/\/oc.ca\/fr\/innovation-et-resilience-dans-les-arts-la-culture-et-le-patrimoine\/\",\"url\":\"https:\/\/oc.ca\/fr\/innovation-et-resilience-dans-les-arts-la-culture-et-le-patrimoine\/\",\"name\":\"Innovation et r\u00e9silience dans les arts, la culture et le patrimoine - Orchestras Canada\/Orchestres Canada\",\"isPartOf\":{\"@id\":\"https:\/\/oc.ca\/en\/#website\"},\"primaryImageOfPage\":{\"@id\":\"https:\/\/oc.ca\/fr\/innovation-et-resilience-dans-les-arts-la-culture-et-le-patrimoine\/#primaryimage\"},\"image\":{\"@id\":\"https:\/\/oc.ca\/fr\/innovation-et-resilience-dans-les-arts-la-culture-et-le-patrimoine\/#primaryimage\"},\"thumbnailUrl\":\"https:\/\/oc.ca\/wp-content\/uploads\/2022\/07\/Innovation-Resilience-in-the-Arts-800x451.png\",\"datePublished\":\"2022-07-27T23:41:50+00:00\",\"dateModified\":\"2022-09-14T20:10:48+00:00\",\"breadcrumb\":{\"@id\":\"https:\/\/oc.ca\/fr\/innovation-et-resilience-dans-les-arts-la-culture-et-le-patrimoine\/#breadcrumb\"},\"inLanguage\":\"fr-FR\",\"potentialAction\":[{\"@type\":\"ReadAction\",\"target\":[\"https:\/\/oc.ca\/fr\/innovation-et-resilience-dans-les-arts-la-culture-et-le-patrimoine\/\"]}]},{\"@type\":\"ImageObject\",\"inLanguage\":\"fr-FR\",\"@id\":\"https:\/\/oc.ca\/fr\/innovation-et-resilience-dans-les-arts-la-culture-et-le-patrimoine\/#primaryimage\",\"url\":\"https:\/\/oc.ca\/wp-content\/uploads\/2022\/07\/Innovation-Resilience-in-the-Arts-800x451.png\",\"contentUrl\":\"https:\/\/oc.ca\/wp-content\/uploads\/2022\/07\/Innovation-Resilience-in-the-Arts-800x451.png\"},{\"@type\":\"BreadcrumbList\",\"@id\":\"https:\/\/oc.ca\/fr\/innovation-et-resilience-dans-les-arts-la-culture-et-le-patrimoine\/#breadcrumb\",\"itemListElement\":[{\"@type\":\"ListItem\",\"position\":1,\"name\":\"Home\",\"item\":\"https:\/\/oc.ca\/fr\/\"},{\"@type\":\"ListItem\",\"position\":2,\"name\":\"Innovation et r\u00e9silience dans les arts, la culture et le patrimoine\"}]},{\"@type\":\"WebSite\",\"@id\":\"https:\/\/oc.ca\/en\/#website\",\"url\":\"https:\/\/oc.ca\/en\/\",\"name\":\"Orchestras Canada\/Orchestres Canada\",\"description\":\"\",\"publisher\":{\"@id\":\"https:\/\/oc.ca\/en\/#organization\"},\"potentialAction\":[{\"@type\":\"SearchAction\",\"target\":{\"@type\":\"EntryPoint\",\"urlTemplate\":\"https:\/\/oc.ca\/en\/?s={search_term_string}\"},\"query-input\":{\"@type\":\"PropertyValueSpecification\",\"valueRequired\":true,\"valueName\":\"search_term_string\"}}],\"inLanguage\":\"fr-FR\"},{\"@type\":\"Organization\",\"@id\":\"https:\/\/oc.ca\/en\/#organization\",\"name\":\"Orchestras Canada\/Orchestres Canada\",\"url\":\"https:\/\/oc.ca\/en\/\",\"logo\":{\"@type\":\"ImageObject\",\"inLanguage\":\"fr-FR\",\"@id\":\"https:\/\/oc.ca\/en\/#\/schema\/logo\/image\/\",\"url\":\"https:\/\/oc.ca\/wp-content\/uploads\/2019\/03\/cropped-OC-Logo-800x200-1.png\",\"contentUrl\":\"https:\/\/oc.ca\/wp-content\/uploads\/2019\/03\/cropped-OC-Logo-800x200-1.png\",\"width\":400,\"height\":100,\"caption\":\"Orchestras Canada\/Orchestres Canada\"},\"image\":{\"@id\":\"https:\/\/oc.ca\/en\/#\/schema\/logo\/image\/\"}}]}<\/script>\n<!-- \/ Yoast SEO plugin. -->","yoast_head_json":{"title":"Innovation et r\u00e9silience dans les arts, la culture et le patrimoine - Orchestras Canada\/Orchestres Canada","robots":{"index":"index","follow":"follow","max-snippet":"max-snippet:-1","max-image-preview":"max-image-preview:large","max-video-preview":"max-video-preview:-1"},"canonical":"https:\/\/oc.ca\/fr\/innovation-et-resilience-dans-les-arts-la-culture-et-le-patrimoine\/","og_locale":"fr_FR","og_type":"article","og_title":"Innovation et r\u00e9silience dans les arts, la culture et le patrimoine - Orchestras Canada\/Orchestres Canada","og_description":"Pr\u00e9sentation par Kelly Hill Version webinaire &nbsp; Date : Mercredi 28 septembre 2022 Heure : 14 h \u00e0 15 h 00, heure de l&#8217;Est Lieu : R\u00e9union Zoom Session bilingue : L&#8217;interpr\u00e9tation simultan\u00e9e en fran\u00e7ais est disponible lors de cet \u00e9v\u00e9nement. Inscrivez-vous d\u00e8s maintenant! Vous n&#8217;avez pas pu vous rendre \u00e0 nos sessions de rencontre [&hellip;]","og_url":"https:\/\/oc.ca\/fr\/innovation-et-resilience-dans-les-arts-la-culture-et-le-patrimoine\/","og_site_name":"Orchestras Canada\/Orchestres Canada","article_modified_time":"2022-09-14T20:10:48+00:00","og_image":[{"width":820,"height":462,"url":"https:\/\/oc.ca\/wp-content\/uploads\/2022\/07\/Innovation-Resilience-in-the-Arts.png","type":"image\/png"}],"twitter_card":"summary_large_image","twitter_image":"https:\/\/oc.ca\/wp-content\/uploads\/2022\/07\/Innovation-Resilience-in-the-Arts.png","twitter_misc":{"Dur\u00e9e de lecture estim\u00e9e":"3 minutes"},"schema":{"@context":"https:\/\/schema.org","@graph":[{"@type":"WebPage","@id":"https:\/\/oc.ca\/fr\/innovation-et-resilience-dans-les-arts-la-culture-et-le-patrimoine\/","url":"https:\/\/oc.ca\/fr\/innovation-et-resilience-dans-les-arts-la-culture-et-le-patrimoine\/","name":"Innovation et r\u00e9silience dans les arts, la culture et le patrimoine - Orchestras Canada\/Orchestres Canada","isPartOf":{"@id":"https:\/\/oc.ca\/en\/#website"},"primaryImageOfPage":{"@id":"https:\/\/oc.ca\/fr\/innovation-et-resilience-dans-les-arts-la-culture-et-le-patrimoine\/#primaryimage"},"image":{"@id":"https:\/\/oc.ca\/fr\/innovation-et-resilience-dans-les-arts-la-culture-et-le-patrimoine\/#primaryimage"},"thumbnailUrl":"https:\/\/oc.ca\/wp-content\/uploads\/2022\/07\/Innovation-Resilience-in-the-Arts-800x451.png","datePublished":"2022-07-27T23:41:50+00:00","dateModified":"2022-09-14T20:10:48+00:00","breadcrumb":{"@id":"https:\/\/oc.ca\/fr\/innovation-et-resilience-dans-les-arts-la-culture-et-le-patrimoine\/#breadcrumb"},"inLanguage":"fr-FR","potentialAction":[{"@type":"ReadAction","target":["https:\/\/oc.ca\/fr\/innovation-et-resilience-dans-les-arts-la-culture-et-le-patrimoine\/"]}]},{"@type":"ImageObject","inLanguage":"fr-FR","@id":"https:\/\/oc.ca\/fr\/innovation-et-resilience-dans-les-arts-la-culture-et-le-patrimoine\/#primaryimage","url":"https:\/\/oc.ca\/wp-content\/uploads\/2022\/07\/Innovation-Resilience-in-the-Arts-800x451.png","contentUrl":"https:\/\/oc.ca\/wp-content\/uploads\/2022\/07\/Innovation-Resilience-in-the-Arts-800x451.png"},{"@type":"BreadcrumbList","@id":"https:\/\/oc.ca\/fr\/innovation-et-resilience-dans-les-arts-la-culture-et-le-patrimoine\/#breadcrumb","itemListElement":[{"@type":"ListItem","position":1,"name":"Home","item":"https:\/\/oc.ca\/fr\/"},{"@type":"ListItem","position":2,"name":"Innovation et r\u00e9silience dans les arts, la culture et le patrimoine"}]},{"@type":"WebSite","@id":"https:\/\/oc.ca\/en\/#website","url":"https:\/\/oc.ca\/en\/","name":"Orchestras Canada\/Orchestres Canada","description":"","publisher":{"@id":"https:\/\/oc.ca\/en\/#organization"},"potentialAction":[{"@type":"SearchAction","target":{"@type":"EntryPoint","urlTemplate":"https:\/\/oc.ca\/en\/?s={search_term_string}"},"query-input":{"@type":"PropertyValueSpecification","valueRequired":true,"valueName":"search_term_string"}}],"inLanguage":"fr-FR"},{"@type":"Organization","@id":"https:\/\/oc.ca\/en\/#organization","name":"Orchestras Canada\/Orchestres Canada","url":"https:\/\/oc.ca\/en\/","logo":{"@type":"ImageObject","inLanguage":"fr-FR","@id":"https:\/\/oc.ca\/en\/#\/schema\/logo\/image\/","url":"https:\/\/oc.ca\/wp-content\/uploads\/2019\/03\/cropped-OC-Logo-800x200-1.png","contentUrl":"https:\/\/oc.ca\/wp-content\/uploads\/2019\/03\/cropped-OC-Logo-800x200-1.png","width":400,"height":100,"caption":"Orchestras Canada\/Orchestres Canada"},"image":{"@id":"https:\/\/oc.ca\/en\/#\/schema\/logo\/image\/"}}]}},"_links":{"self":[{"href":"https:\/\/oc.ca\/fr\/wp-json\/wp\/v2\/pages\/10534","targetHints":{"allow":["GET"]}}],"collection":[{"href":"https:\/\/oc.ca\/fr\/wp-json\/wp\/v2\/pages"}],"about":[{"href":"https:\/\/oc.ca\/fr\/wp-json\/wp\/v2\/types\/page"}],"author":[{"embeddable":true,"href":"https:\/\/oc.ca\/fr\/wp-json\/wp\/v2\/users\/10"}],"replies":[{"embeddable":true,"href":"https:\/\/oc.ca\/fr\/wp-json\/wp\/v2\/comments?post=10534"}],"version-history":[{"count":3,"href":"https:\/\/oc.ca\/fr\/wp-json\/wp\/v2\/pages\/10534\/revisions"}],"predecessor-version":[{"id":10738,"href":"https:\/\/oc.ca\/fr\/wp-json\/wp\/v2\/pages\/10534\/revisions\/10738"}],"wp:attachment":[{"href":"https:\/\/oc.ca\/fr\/wp-json\/wp\/v2\/media?parent=10534"}],"curies":[{"name":"wp","href":"https:\/\/api.w.org\/{rel}","templated":true}]}}