{"id":10140,"date":"2022-05-17T16:35:05","date_gmt":"2022-05-17T20:35:05","guid":{"rendered":"http:\/\/demosite2.asurtec.com\/?page_id=10140"},"modified":"2022-05-17T16:36:05","modified_gmt":"2022-05-17T20:36:05","slug":"lancement-de-la-trousse-a-outils-pour-les-publics-en-ligne","status":"publish","type":"page","link":"https:\/\/oc.ca\/fr\/lancement-de-la-trousse-a-outils-pour-les-publics-en-ligne\/","title":{"rendered":"Lancement de la trousse \u00e0 outils pour les publics en ligne!"},"content":{"rendered":"<p><b>Date\u00a0: <\/b>Le 14 juin 2022<\/p>\n<p><b>Heure\u00a0: <\/b>14h30 pm \u00e0 15h30 heure de l&#8217;Est<\/p>\n<p><b>Plateforme\u00a0: <\/b>Rencontres Zoom<\/p>\n<p><strong>Session bilingue<\/strong> : L&#8217;interpr\u00e9tation simultan\u00e9e vers le fran\u00e7ais est disponible lors de cette session.<\/p>\n<p><b>Co\u00fbt\u00a0: <\/b>Gratuit!<\/p>\n<p style=\"text-align: center;\"><a href=\"https:\/\/us02web.zoom.us\/meeting\/register\/tZAudO-orjssG9VzvBQ-rTl0X4r11y_zstrD\"><strong><button class=\"blue-button-medium\">S&#8217;inscrire d\u00e8s maintenant!<\/button><\/strong><\/a><\/p>\n<p><span style=\"font-weight: 400;\">Vous \u00eates invit\u00e9s \u00e0 assister, en compagnie d\u2019Orchestres Canada et d\u2019amis, au lancement en ligne d\u2019une nouvelle ressource Web\u00a0: la Trousse \u00e0 outils pour les publics en ligne!\u00a0 Gr\u00e2ce au financement du fonds Strat\u00e9gie num\u00e9rique du Conseil des arts du Canada Council, OC s\u2019est associ\u00e9 \u00e0 des experts en num\u00e9rique de The Space pour produire une version \u00e0 jour et enti\u00e8rement canadienne de cette ressource populaire.\u00a0 Ce guide utile et r\u00e9dig\u00e9 en langage clair explique comment cr\u00e9er, partager et \u00e9valuer un contenu en ligne, en plus de renfermer des conseils pratiques et des \u00e9tudes de cas fascinantes mettant en valeur des personnes et organismes bien connus.\u00a0<\/span><\/p>\n<p><span style=\"font-weight: 400;\">Le lancement inclura un court discours-programme de The Space, une visite guid\u00e9e de la trousse \u00e0 outils et une table ronde amusante et interactive avec les vedettes de nos \u00e9tudes de cas.<\/span><\/p>\n<p><span style=\"font-weight: 400;\">Vous avez h\u00e2te de t\u00e9l\u00e9charger la trousse \u00e0 outils? Pas avant de c\u00e9l\u00e9brer l\u2019occasion! Soyez des n\u00f4tres le 14 juin.<\/span><\/p>\n<p style=\"text-align: center;\"><img fetchpriority=\"high\" decoding=\"async\" class=\"wp-image-10133 aligncenter\" src=\"https:\/\/oc.ca\/wp-content\/uploads\/2022\/05\/OAT-Launch-800x451.png\" alt=\"Cover Photo for the Online Audiences Toolkit launch, featuring a photo of a computer screen with a violinist. \" width=\"552\" height=\"311\" srcset=\"https:\/\/oc.ca\/wp-content\/uploads\/2022\/05\/OAT-Launch-800x451.png 800w, https:\/\/oc.ca\/wp-content\/uploads\/2022\/05\/OAT-Launch-300x169.png 300w, https:\/\/oc.ca\/wp-content\/uploads\/2022\/05\/OAT-Launch-768x433.png 768w, https:\/\/oc.ca\/wp-content\/uploads\/2022\/05\/OAT-Launch-1536x865.png 1536w, https:\/\/oc.ca\/wp-content\/uploads\/2022\/05\/OAT-Launch.png 1640w\" sizes=\"(min-width: 960px) 75vw, 100vw\" \/><\/p>\n<p style=\"text-align: center;\">Mention de source : Newfoundland Symphony Orchestra &#8211; photo par Greg Locke<\/p>\n<p><b>Intervenants\u00a0:<\/b><\/p>\n<ul>\n<li><span style=\"font-weight: 400;\">Rob Lindsay et Natalie Woolman, The Space<\/span><\/li>\n<\/ul>\n<p><b>Participants des \u00e9tudes de cas\u00a0:<\/b><\/p>\n<ul>\n<li><span style=\"font-weight: 400;\">Mark Turner, premier dirigeant et producteur cr\u00e9atif du Saskatoon Symphony Orchestra\u00a0<\/span><\/li>\n<li><span style=\"font-weight: 400;\">Jean-Fr\u00e9d\u00e9ric Caron, directeur g\u00e9n\u00e9ral, Orchestre de l\u2019Agora<\/span><\/li>\n<li><span style=\"font-weight: 400;\">Ronald Royer, directeur musical et r\u00e9alisateur, SPOGreatMusic Digital Content, et Devin Scott, directeur ex\u00e9cutif et chef de la production\/\u00e9diteur SPOGreatMusic Digital Content, Scarborough Philharmonic Orchestra<\/span><\/li>\n<li><span style=\"font-weight: 400;\">Daniel Mills, directeur ex\u00e9cutif, Kamloops Symphony Orchestra<\/span><\/li>\n<\/ul>\n<p><b>Pr\u00e9sentatrice\u00a0:\u00a0\u00a0<\/b><\/p>\n<ul>\n<li><span style=\"font-weight: 400;\">Katherine Carleton, C.M., directrice g\u00e9n\u00e9rale, Orchestras Canada\/Orchestres Canada<\/span><\/li>\n<\/ul>\n<p style=\"text-align: center;\"><a href=\"https:\/\/us02web.zoom.us\/meeting\/register\/tZAudO-orjssG9VzvBQ-rTl0X4r11y_zstrD\"><strong><button class=\"blue-button-medium\">S&#8217;inscrire d\u00e8s maintenant!<\/button><\/strong><\/a><\/p>\n<p>&nbsp;<\/p>\n<p><img decoding=\"async\" class=\" wp-image-10135 aligncenter\" src=\"https:\/\/oc.ca\/wp-content\/uploads\/2022\/05\/Screen-Shot-2022-05-17-at-3.23.32-PM-800x128.png\" alt=\"\" width=\"569\" height=\"91\" srcset=\"https:\/\/oc.ca\/wp-content\/uploads\/2022\/05\/Screen-Shot-2022-05-17-at-3.23.32-PM-800x128.png 800w, https:\/\/oc.ca\/wp-content\/uploads\/2022\/05\/Screen-Shot-2022-05-17-at-3.23.32-PM-300x48.png 300w, https:\/\/oc.ca\/wp-content\/uploads\/2022\/05\/Screen-Shot-2022-05-17-at-3.23.32-PM-768x123.png 768w, https:\/\/oc.ca\/wp-content\/uploads\/2022\/05\/Screen-Shot-2022-05-17-at-3.23.32-PM.png 830w\" sizes=\"(min-width: 960px) 75vw, 100vw\" \/><\/p>\n<p>&nbsp;<\/p>\n<p style=\"text-align: center;\">Nous remercions le Conseil des arts du Canada de son soutien.<\/p>\n<p><img decoding=\"async\" class=\"alignnone wp-image-2631 aligncenter\" src=\"https:\/\/oc.ca\/wp-content\/uploads\/2019\/02\/canada-council-for-the-arts-en-clear.png\" alt=\"Canada council for the arts logo\" width=\"365\" height=\"67\" srcset=\"https:\/\/oc.ca\/wp-content\/uploads\/2019\/02\/canada-council-for-the-arts-en-clear.png 600w, https:\/\/oc.ca\/wp-content\/uploads\/2019\/02\/canada-council-for-the-arts-en-clear-300x55.png 300w\" sizes=\"(min-width: 960px) 75vw, 100vw\" \/><\/p>\n","protected":false},"excerpt":{"rendered":"<p>Date\u00a0: Le 14 juin 2022 Heure\u00a0: 14h30 pm \u00e0 15h30 heure de l&#8217;Est Plateforme\u00a0: Rencontres Zoom Session bilingue : L&#8217;interpr\u00e9tation simultan\u00e9e vers le fran\u00e7ais est disponible lors de cette session. Co\u00fbt\u00a0: Gratuit! S&#8217;inscrire d\u00e8s maintenant! Vous \u00eates invit\u00e9s \u00e0 assister, en compagnie d\u2019Orchestres Canada et d\u2019amis, au lancement en ligne d\u2019une nouvelle ressource Web\u00a0: la [&hellip;]<\/p>\n","protected":false},"author":10,"featured_media":0,"parent":0,"menu_order":0,"comment_status":"closed","ping_status":"closed","template":"","meta":{"_acf_changed":false,"_monsterinsights_skip_tracking":false,"_monsterinsights_sitenote_active":false,"_monsterinsights_sitenote_note":"","_monsterinsights_sitenote_category":0,"footnotes":""},"class_list":["post-10140","page","type-page","status-publish","hentry"],"acf":[],"yoast_head":"<!-- This site is optimized with the Yoast SEO plugin v25.4 - https:\/\/yoast.com\/wordpress\/plugins\/seo\/ -->\n<title>Lancement de la trousse \u00e0 outils pour les publics en ligne! - Orchestras Canada\/Orchestres Canada<\/title>\n<meta name=\"robots\" content=\"index, follow, max-snippet:-1, max-image-preview:large, max-video-preview:-1\" \/>\n<link rel=\"canonical\" href=\"https:\/\/oc.ca\/en\/online-audiences-toolkit-launch\/\" \/>\n<meta property=\"og:locale\" content=\"fr_FR\" \/>\n<meta property=\"og:type\" content=\"article\" \/>\n<meta property=\"og:title\" content=\"Lancement de la trousse \u00e0 outils pour les publics en ligne! - Orchestras Canada\/Orchestres Canada\" \/>\n<meta property=\"og:description\" content=\"Date\u00a0: Le 14 juin 2022 Heure\u00a0: 14h30 pm \u00e0 15h30 heure de l&#8217;Est Plateforme\u00a0: Rencontres Zoom Session bilingue : L&#8217;interpr\u00e9tation simultan\u00e9e vers le fran\u00e7ais est disponible lors de cette session. Co\u00fbt\u00a0: Gratuit! S&#8217;inscrire d\u00e8s maintenant! Vous \u00eates invit\u00e9s \u00e0 assister, en compagnie d\u2019Orchestres Canada et d\u2019amis, au lancement en ligne d\u2019une nouvelle ressource Web\u00a0: la [&hellip;]\" \/>\n<meta property=\"og:url\" content=\"https:\/\/oc.ca\/en\/online-audiences-toolkit-launch\/\" \/>\n<meta property=\"og:site_name\" content=\"Orchestras Canada\/Orchestres Canada\" \/>\n<meta property=\"article:modified_time\" content=\"2022-05-17T20:36:05+00:00\" \/>\n<meta property=\"og:image\" content=\"https:\/\/oc.ca\/wp-content\/uploads\/2022\/05\/OAT-Launch.png\" \/>\n\t<meta property=\"og:image:width\" content=\"1640\" \/>\n\t<meta property=\"og:image:height\" content=\"924\" \/>\n\t<meta property=\"og:image:type\" content=\"image\/png\" \/>\n<meta name=\"twitter:card\" content=\"summary_large_image\" \/>\n<meta name=\"twitter:image\" content=\"https:\/\/oc.ca\/wp-content\/uploads\/2022\/05\/OAT-Launch.png\" \/>\n<meta name=\"twitter:label1\" content=\"Dur\u00e9e de lecture estim\u00e9e\" \/>\n\t<meta name=\"twitter:data1\" content=\"2 minutes\" \/>\n<script type=\"application\/ld+json\" class=\"yoast-schema-graph\">{\"@context\":\"https:\/\/schema.org\",\"@graph\":[{\"@type\":\"WebPage\",\"@id\":\"https:\/\/oc.ca\/en\/online-audiences-toolkit-launch\/\",\"url\":\"https:\/\/oc.ca\/en\/online-audiences-toolkit-launch\/\",\"name\":\"Lancement de la trousse \u00e0 outils pour les publics en ligne! - Orchestras Canada\/Orchestres Canada\",\"isPartOf\":{\"@id\":\"https:\/\/oc.ca\/en\/#website\"},\"primaryImageOfPage\":{\"@id\":\"https:\/\/oc.ca\/en\/online-audiences-toolkit-launch\/#primaryimage\"},\"image\":{\"@id\":\"https:\/\/oc.ca\/en\/online-audiences-toolkit-launch\/#primaryimage\"},\"thumbnailUrl\":\"https:\/\/oc.ca\/wp-content\/uploads\/2022\/05\/OAT-Launch-800x451.png\",\"datePublished\":\"2022-05-17T20:35:05+00:00\",\"dateModified\":\"2022-05-17T20:36:05+00:00\",\"breadcrumb\":{\"@id\":\"https:\/\/oc.ca\/en\/online-audiences-toolkit-launch\/#breadcrumb\"},\"inLanguage\":\"fr-FR\",\"potentialAction\":[{\"@type\":\"ReadAction\",\"target\":[\"https:\/\/oc.ca\/en\/online-audiences-toolkit-launch\/\"]}]},{\"@type\":\"ImageObject\",\"inLanguage\":\"fr-FR\",\"@id\":\"https:\/\/oc.ca\/en\/online-audiences-toolkit-launch\/#primaryimage\",\"url\":\"https:\/\/oc.ca\/wp-content\/uploads\/2022\/05\/OAT-Launch-800x451.png\",\"contentUrl\":\"https:\/\/oc.ca\/wp-content\/uploads\/2022\/05\/OAT-Launch-800x451.png\"},{\"@type\":\"BreadcrumbList\",\"@id\":\"https:\/\/oc.ca\/en\/online-audiences-toolkit-launch\/#breadcrumb\",\"itemListElement\":[{\"@type\":\"ListItem\",\"position\":1,\"name\":\"Home\",\"item\":\"https:\/\/oc.ca\/fr\/\"},{\"@type\":\"ListItem\",\"position\":2,\"name\":\"Lancement de la trousse \u00e0 outils pour les publics en ligne!\"}]},{\"@type\":\"WebSite\",\"@id\":\"https:\/\/oc.ca\/en\/#website\",\"url\":\"https:\/\/oc.ca\/en\/\",\"name\":\"Orchestras Canada\/Orchestres Canada\",\"description\":\"\",\"publisher\":{\"@id\":\"https:\/\/oc.ca\/en\/#organization\"},\"potentialAction\":[{\"@type\":\"SearchAction\",\"target\":{\"@type\":\"EntryPoint\",\"urlTemplate\":\"https:\/\/oc.ca\/en\/?s={search_term_string}\"},\"query-input\":{\"@type\":\"PropertyValueSpecification\",\"valueRequired\":true,\"valueName\":\"search_term_string\"}}],\"inLanguage\":\"fr-FR\"},{\"@type\":\"Organization\",\"@id\":\"https:\/\/oc.ca\/en\/#organization\",\"name\":\"Orchestras Canada\/Orchestres Canada\",\"url\":\"https:\/\/oc.ca\/en\/\",\"logo\":{\"@type\":\"ImageObject\",\"inLanguage\":\"fr-FR\",\"@id\":\"https:\/\/oc.ca\/en\/#\/schema\/logo\/image\/\",\"url\":\"https:\/\/oc.ca\/wp-content\/uploads\/2019\/03\/cropped-OC-Logo-800x200-1.png\",\"contentUrl\":\"https:\/\/oc.ca\/wp-content\/uploads\/2019\/03\/cropped-OC-Logo-800x200-1.png\",\"width\":400,\"height\":100,\"caption\":\"Orchestras Canada\/Orchestres Canada\"},\"image\":{\"@id\":\"https:\/\/oc.ca\/en\/#\/schema\/logo\/image\/\"}}]}<\/script>\n<!-- \/ Yoast SEO plugin. -->","yoast_head_json":{"title":"Lancement de la trousse \u00e0 outils pour les publics en ligne! - Orchestras Canada\/Orchestres Canada","robots":{"index":"index","follow":"follow","max-snippet":"max-snippet:-1","max-image-preview":"max-image-preview:large","max-video-preview":"max-video-preview:-1"},"canonical":"https:\/\/oc.ca\/en\/online-audiences-toolkit-launch\/","og_locale":"fr_FR","og_type":"article","og_title":"Lancement de la trousse \u00e0 outils pour les publics en ligne! - Orchestras Canada\/Orchestres Canada","og_description":"Date\u00a0: Le 14 juin 2022 Heure\u00a0: 14h30 pm \u00e0 15h30 heure de l&#8217;Est Plateforme\u00a0: Rencontres Zoom Session bilingue : L&#8217;interpr\u00e9tation simultan\u00e9e vers le fran\u00e7ais est disponible lors de cette session. Co\u00fbt\u00a0: Gratuit! S&#8217;inscrire d\u00e8s maintenant! Vous \u00eates invit\u00e9s \u00e0 assister, en compagnie d\u2019Orchestres Canada et d\u2019amis, au lancement en ligne d\u2019une nouvelle ressource Web\u00a0: la [&hellip;]","og_url":"https:\/\/oc.ca\/en\/online-audiences-toolkit-launch\/","og_site_name":"Orchestras Canada\/Orchestres Canada","article_modified_time":"2022-05-17T20:36:05+00:00","og_image":[{"width":1640,"height":924,"url":"https:\/\/oc.ca\/wp-content\/uploads\/2022\/05\/OAT-Launch.png","type":"image\/png"}],"twitter_card":"summary_large_image","twitter_image":"https:\/\/oc.ca\/wp-content\/uploads\/2022\/05\/OAT-Launch.png","twitter_misc":{"Dur\u00e9e de lecture estim\u00e9e":"2 minutes"},"schema":{"@context":"https:\/\/schema.org","@graph":[{"@type":"WebPage","@id":"https:\/\/oc.ca\/en\/online-audiences-toolkit-launch\/","url":"https:\/\/oc.ca\/en\/online-audiences-toolkit-launch\/","name":"Lancement de la trousse \u00e0 outils pour les publics en ligne! - Orchestras Canada\/Orchestres Canada","isPartOf":{"@id":"https:\/\/oc.ca\/en\/#website"},"primaryImageOfPage":{"@id":"https:\/\/oc.ca\/en\/online-audiences-toolkit-launch\/#primaryimage"},"image":{"@id":"https:\/\/oc.ca\/en\/online-audiences-toolkit-launch\/#primaryimage"},"thumbnailUrl":"https:\/\/oc.ca\/wp-content\/uploads\/2022\/05\/OAT-Launch-800x451.png","datePublished":"2022-05-17T20:35:05+00:00","dateModified":"2022-05-17T20:36:05+00:00","breadcrumb":{"@id":"https:\/\/oc.ca\/en\/online-audiences-toolkit-launch\/#breadcrumb"},"inLanguage":"fr-FR","potentialAction":[{"@type":"ReadAction","target":["https:\/\/oc.ca\/en\/online-audiences-toolkit-launch\/"]}]},{"@type":"ImageObject","inLanguage":"fr-FR","@id":"https:\/\/oc.ca\/en\/online-audiences-toolkit-launch\/#primaryimage","url":"https:\/\/oc.ca\/wp-content\/uploads\/2022\/05\/OAT-Launch-800x451.png","contentUrl":"https:\/\/oc.ca\/wp-content\/uploads\/2022\/05\/OAT-Launch-800x451.png"},{"@type":"BreadcrumbList","@id":"https:\/\/oc.ca\/en\/online-audiences-toolkit-launch\/#breadcrumb","itemListElement":[{"@type":"ListItem","position":1,"name":"Home","item":"https:\/\/oc.ca\/fr\/"},{"@type":"ListItem","position":2,"name":"Lancement de la trousse \u00e0 outils pour les publics en ligne!"}]},{"@type":"WebSite","@id":"https:\/\/oc.ca\/en\/#website","url":"https:\/\/oc.ca\/en\/","name":"Orchestras Canada\/Orchestres Canada","description":"","publisher":{"@id":"https:\/\/oc.ca\/en\/#organization"},"potentialAction":[{"@type":"SearchAction","target":{"@type":"EntryPoint","urlTemplate":"https:\/\/oc.ca\/en\/?s={search_term_string}"},"query-input":{"@type":"PropertyValueSpecification","valueRequired":true,"valueName":"search_term_string"}}],"inLanguage":"fr-FR"},{"@type":"Organization","@id":"https:\/\/oc.ca\/en\/#organization","name":"Orchestras Canada\/Orchestres Canada","url":"https:\/\/oc.ca\/en\/","logo":{"@type":"ImageObject","inLanguage":"fr-FR","@id":"https:\/\/oc.ca\/en\/#\/schema\/logo\/image\/","url":"https:\/\/oc.ca\/wp-content\/uploads\/2019\/03\/cropped-OC-Logo-800x200-1.png","contentUrl":"https:\/\/oc.ca\/wp-content\/uploads\/2019\/03\/cropped-OC-Logo-800x200-1.png","width":400,"height":100,"caption":"Orchestras Canada\/Orchestres Canada"},"image":{"@id":"https:\/\/oc.ca\/en\/#\/schema\/logo\/image\/"}}]}},"_links":{"self":[{"href":"https:\/\/oc.ca\/fr\/wp-json\/wp\/v2\/pages\/10140","targetHints":{"allow":["GET"]}}],"collection":[{"href":"https:\/\/oc.ca\/fr\/wp-json\/wp\/v2\/pages"}],"about":[{"href":"https:\/\/oc.ca\/fr\/wp-json\/wp\/v2\/types\/page"}],"author":[{"embeddable":true,"href":"https:\/\/oc.ca\/fr\/wp-json\/wp\/v2\/users\/10"}],"replies":[{"embeddable":true,"href":"https:\/\/oc.ca\/fr\/wp-json\/wp\/v2\/comments?post=10140"}],"version-history":[{"count":2,"href":"https:\/\/oc.ca\/fr\/wp-json\/wp\/v2\/pages\/10140\/revisions"}],"predecessor-version":[{"id":10142,"href":"https:\/\/oc.ca\/fr\/wp-json\/wp\/v2\/pages\/10140\/revisions\/10142"}],"wp:attachment":[{"href":"https:\/\/oc.ca\/fr\/wp-json\/wp\/v2\/media?parent=10140"}],"curies":[{"name":"wp","href":"https:\/\/api.w.org\/{rel}","templated":true}]}}