{"id":10112,"date":"2022-05-12T18:04:06","date_gmt":"2022-05-12T22:04:06","guid":{"rendered":"http:\/\/demosite2.asurtec.com\/?page_id=10112"},"modified":"2022-09-09T17:22:10","modified_gmt":"2022-09-09T21:22:10","slug":"enrichissement-des-donnees-pour-les-orchestres-canadiens","status":"publish","type":"page","link":"https:\/\/oc.ca\/fr\/enrichissement-des-donnees-pour-les-orchestres-canadiens\/","title":{"rendered":"L\u2019enrichissement des donn\u00e9es pour les orchestres canadiens"},"content":{"rendered":"<p><span data-contrast=\"auto\"><strong>Date :<\/strong> le 13 septembre 2022 | 14h00-15h30 HE<\/span><\/p>\n<p><strong>Session bilingue\u00a0<\/strong><\/p>\n<p><span data-contrast=\"auto\"><strong>Co\u00fbt :<\/strong> gratuit!<\/span><span data-ccp-props=\"{&quot;201341983&quot;:0,&quot;335559739&quot;:160,&quot;335559740&quot;:259}\">\u00a0<\/span><\/p>\n<p style=\"text-align: center;\"><a href=\"https:\/\/us02web.zoom.us\/meeting\/register\/tZYocuCpqDgvGtFf85ooP9R_dZcHvO4o8SwB\"><strong><button class=\"blue-button-medium\">S&#8217;inscrire!<\/button><\/strong><\/a><\/p>\n<p><b><span data-contrast=\"none\">Wikidata <\/span><\/b><span data-contrast=\"none\">est un projet qui a pour but de cr\u00e9er une\u00a0<\/span><a href=\"https:\/\/en.wikipedia.org\/wiki\/fr:Base_de_connaissance\"><span data-contrast=\"none\">base de connaissance<\/span><\/a><span data-contrast=\"none\">\u00a0libre sur le monde qui puisse \u00eatre lue et \u00e9dit\u00e9e aussi bien par des humains que par des machines. C&#8217;est pourquoi Wikipedia, Google et d&#8217;autres moteurs de recherche l&#8217;utilisent pour obtenir des informations sur votre orchestre! Mais saviez-vous que vous pouvez ajouter, modifier et contribuer aux informations qui s&#8217;y trouvent?\u00a0 <\/span><span data-ccp-props=\"{&quot;201341983&quot;:0,&quot;335559739&quot;:160,&quot;335559740&quot;:259}\">\u00a0<\/span><\/p>\n<p><span data-contrast=\"none\">Rejoignez-nous pour une activit\u00e9 d&#8217;enrichissement de donn\u00e9es \u00e9tape par \u00e9tape, qui vise \u00e0 plonger dans (et am\u00e9liorer !) les donn\u00e9es publi\u00e9es des orchestres canadiens dans Wikidata!<\/span><span data-contrast=\"none\"> Elle a pour objectif de sensibiliser les participants \u00e0 l\u2019importance de la d\u00e9couvrabilit\u00e9 et de donner \u00e0 chacun l\u2019acc\u00e8s aux donn\u00e9es qui y contribuent.<\/span><\/p>\n<p><img fetchpriority=\"high\" decoding=\"async\" class=\"wp-image-10109 aligncenter\" src=\"https:\/\/oc.ca\/wp-content\/uploads\/2022\/05\/OC-Wikidata-800x451.png\" alt=\"Cover photo for Data Enrichment for Canadian Orchestras\" width=\"516\" height=\"291\" srcset=\"https:\/\/oc.ca\/wp-content\/uploads\/2022\/05\/OC-Wikidata-800x451.png 800w, https:\/\/oc.ca\/wp-content\/uploads\/2022\/05\/OC-Wikidata-300x169.png 300w, https:\/\/oc.ca\/wp-content\/uploads\/2022\/05\/OC-Wikidata-768x433.png 768w, https:\/\/oc.ca\/wp-content\/uploads\/2022\/05\/OC-Wikidata-1536x865.png 1536w, https:\/\/oc.ca\/wp-content\/uploads\/2022\/05\/OC-Wikidata.png 1640w\" sizes=\"(min-width: 960px) 75vw, 100vw\" \/><\/p>\n<p><span data-contrast=\"none\"> Apr\u00e8s une pr\u00e9sentation de Wikidata\u00a0et du processus de publication par lots, tous les participants seront en mesure de contribuer \u00e0 l\u2019enrichissement des donn\u00e9es disponibles\u00a0 gr\u00e2ce \u00e0 un accompagnement adapt\u00e9 par des experts. <\/span><span data-ccp-props=\"{&quot;201341983&quot;:0,&quot;335559739&quot;:160,&quot;335559740&quot;:259}\">\u00a0<\/span><\/p>\n<p><span data-contrast=\"none\">Il n\u2019est pas n\u00e9cessaire d\u2019avoir une connaissance pr\u00e9alable de\u00a0Wikidata.<\/span><span data-ccp-props=\"{&quot;201341983&quot;:0,&quot;335559739&quot;:160,&quot;335559740&quot;:259}\">\u00a0<\/span><\/p>\n<p><span data-contrast=\"none\">Cette activit\u00e9 convient aux responsables du marketing, aux dirigeants d\u2019orchestres \u00e0 petit budget ou \u00e0 budget moyen, ainsi qu\u2019\u00e0 quiconque s\u2019int\u00e9resse aux donn\u00e9es.<\/span><span data-ccp-props=\"{&quot;201341983&quot;:0,&quot;335559739&quot;:160,&quot;335559740&quot;:259}\">\u00a0<\/span><\/p>\n<p><span data-contrast=\"auto\">Dirig\u00e9 par Fr\u00e9d\u00e9ric Julien et V\u00e9ronique Marino. <a href=\"https:\/\/orchestrascanada.sharepoint.com\/:w:\/s\/OrchestrasCanada\/EcmGctxYjvhPkhCevSC4R1sBt7n_AsHI66_fwAgdfLf6vA?e=ikgkbN\">Lire leurs biographies<\/a>.<\/span><span data-ccp-props=\"{&quot;201341983&quot;:0,&quot;335551550&quot;:1,&quot;335551620&quot;:1,&quot;335559739&quot;:160,&quot;335559740&quot;:259}\">\u00a0<\/span><\/p>\n<p><span data-ccp-props=\"{&quot;201341983&quot;:0,&quot;335559739&quot;:160,&quot;335559740&quot;:259}\">\u00a0<\/span><\/p>\n<p style=\"text-align: center;\"><a href=\"https:\/\/us02web.zoom.us\/meeting\/register\/tZYocuCpqDgvGtFf85ooP9R_dZcHvO4o8SwB\"><strong><button class=\"blue-button-medium\">S&#8217;inscrire!<\/button><\/strong><\/a><\/p>\n<p>&nbsp;<\/p>\n<p>&nbsp;<\/p>\n<p style=\"text-align: center;\"><strong>Partenaires du projet<\/strong><\/p>\n<p><img decoding=\"async\" class=\"wp-image-10104 aligncenter\" src=\"https:\/\/oc.ca\/wp-content\/uploads\/2022\/05\/CAPACOA-Logo-BI-Stacked-800x462.png\" alt=\"CAPACOA Logo\" width=\"235\" height=\"136\" srcset=\"https:\/\/oc.ca\/wp-content\/uploads\/2022\/05\/CAPACOA-Logo-BI-Stacked-800x462.png 800w, https:\/\/oc.ca\/wp-content\/uploads\/2022\/05\/CAPACOA-Logo-BI-Stacked-300x173.png 300w, https:\/\/oc.ca\/wp-content\/uploads\/2022\/05\/CAPACOA-Logo-BI-Stacked-768x443.png 768w, https:\/\/oc.ca\/wp-content\/uploads\/2022\/05\/CAPACOA-Logo-BI-Stacked.png 1088w\" sizes=\"(min-width: 960px) 75vw, 100vw\" \/><\/p>\n<p>&nbsp;<\/p>\n<p><img decoding=\"async\" class=\"wp-image-10106 aligncenter\" src=\"https:\/\/oc.ca\/wp-content\/uploads\/2022\/05\/LaCogency_Logo.png\" alt=\"\" width=\"157\" height=\"157\" srcset=\"https:\/\/oc.ca\/wp-content\/uploads\/2022\/05\/LaCogency_Logo.png 567w, https:\/\/oc.ca\/wp-content\/uploads\/2022\/05\/LaCogency_Logo-300x300.png 300w, https:\/\/oc.ca\/wp-content\/uploads\/2022\/05\/LaCogency_Logo-150x150.png 150w\" sizes=\"(min-width: 960px) 75vw, 100vw\" \/><\/p>\n<p>&nbsp;<\/p>\n<p style=\"text-align: center;\"><strong>Session pr\u00e9sent\u00e9e par<\/strong><\/p>\n<p><img loading=\"lazy\" decoding=\"async\" class=\"wp-image-8012 aligncenter\" src=\"https:\/\/oc.ca\/wp-content\/uploads\/2021\/03\/OC-Logo-transparent-GForm.png\" alt=\"\" width=\"301\" height=\"113\" srcset=\"https:\/\/oc.ca\/wp-content\/uploads\/2021\/03\/OC-Logo-transparent-GForm.png 800w, https:\/\/oc.ca\/wp-content\/uploads\/2021\/03\/OC-Logo-transparent-GForm-300x113.png 300w, https:\/\/oc.ca\/wp-content\/uploads\/2021\/03\/OC-Logo-transparent-GForm-768x288.png 768w\" sizes=\"(min-width: 960px) 75vw, 100vw\" \/><\/p>\n<p>&nbsp;<\/p>\n<p style=\"text-align: center;\"><strong>Gr\u00e2ce au financement g\u00e9n\u00e9reux de<\/strong><\/p>\n<p><img loading=\"lazy\" decoding=\"async\" class=\" wp-image-2851 alignright\" src=\"https:\/\/oc.ca\/wp-content\/uploads\/2019\/02\/CCA.jpg\" alt=\"Logo, Canada Council for the Arts logo\" width=\"424\" height=\"78\" srcset=\"https:\/\/oc.ca\/wp-content\/uploads\/2019\/02\/CCA.jpg 500w, https:\/\/oc.ca\/wp-content\/uploads\/2019\/02\/CCA-300x55.jpg 300w\" sizes=\"(min-width: 960px) 75vw, 100vw\" \/><img loading=\"lazy\" decoding=\"async\" class=\" wp-image-2849 alignleft\" src=\"https:\/\/oc.ca\/wp-content\/uploads\/2019\/02\/Canada-e1550211234570.png\" alt=\"Government of Canada logo\" width=\"418\" height=\"77\" srcset=\"https:\/\/oc.ca\/wp-content\/uploads\/2019\/02\/Canada-e1550211234570.png 500w, https:\/\/oc.ca\/wp-content\/uploads\/2019\/02\/Canada-e1550211234570-300x55.png 300w\" sizes=\"(min-width: 960px) 75vw, 100vw\" \/><\/p>\n<p>&nbsp;<\/p>\n<p>&nbsp;<\/p>\n","protected":false},"excerpt":{"rendered":"<p>Date : le 13 septembre 2022 | 14h00-15h30 HE Session bilingue\u00a0 Co\u00fbt : gratuit!\u00a0 S&#8217;inscrire! Wikidata est un projet qui a pour but de cr\u00e9er une\u00a0base de connaissance\u00a0libre sur le monde qui puisse \u00eatre lue et \u00e9dit\u00e9e aussi bien par des humains que par des machines. C&#8217;est pourquoi Wikipedia, Google et d&#8217;autres moteurs de recherche [&hellip;]<\/p>\n","protected":false},"author":10,"featured_media":0,"parent":0,"menu_order":0,"comment_status":"closed","ping_status":"closed","template":"","meta":{"_acf_changed":false,"_monsterinsights_skip_tracking":false,"_monsterinsights_sitenote_active":false,"_monsterinsights_sitenote_note":"","_monsterinsights_sitenote_category":0,"footnotes":""},"class_list":["post-10112","page","type-page","status-publish","hentry"],"acf":[],"yoast_head":"<!-- This site is optimized with the Yoast SEO plugin v27.3 - https:\/\/yoast.com\/product\/yoast-seo-wordpress\/ -->\n<title>L\u2019enrichissement des donn\u00e9es pour les orchestres canadiens - Orchestras Canada\/Orchestres Canada<\/title>\n<meta name=\"robots\" content=\"index, follow, max-snippet:-1, max-image-preview:large, max-video-preview:-1\" \/>\n<link rel=\"canonical\" href=\"https:\/\/oc.ca\/en\/data-enrichment-for-canadian-orchestras\/\" \/>\n<meta property=\"og:locale\" content=\"fr_FR\" \/>\n<meta property=\"og:type\" content=\"article\" \/>\n<meta property=\"og:title\" content=\"L\u2019enrichissement des donn\u00e9es pour les orchestres canadiens - Orchestras Canada\/Orchestres Canada\" \/>\n<meta property=\"og:description\" content=\"Date : le 13 septembre 2022 | 14h00-15h30 HE Session bilingue\u00a0 Co\u00fbt : gratuit!\u00a0 S&#8217;inscrire! Wikidata est un projet qui a pour but de cr\u00e9er une\u00a0base de connaissance\u00a0libre sur le monde qui puisse \u00eatre lue et \u00e9dit\u00e9e aussi bien par des humains que par des machines. C&#8217;est pourquoi Wikipedia, Google et d&#8217;autres moteurs de recherche [&hellip;]\" \/>\n<meta property=\"og:url\" content=\"https:\/\/oc.ca\/en\/data-enrichment-for-canadian-orchestras\/\" \/>\n<meta property=\"og:site_name\" content=\"Orchestras Canada\/Orchestres Canada\" \/>\n<meta property=\"article:modified_time\" content=\"2022-09-09T21:22:10+00:00\" \/>\n<meta property=\"og:image\" content=\"https:\/\/oc.ca\/wp-content\/uploads\/2022\/05\/OC-Wikidata-800x451.png\" \/>\n<meta name=\"twitter:card\" content=\"summary_large_image\" \/>\n<meta name=\"twitter:label1\" content=\"Dur\u00e9e de lecture estim\u00e9e\" \/>\n\t<meta name=\"twitter:data1\" content=\"3 minutes\" \/>\n<script type=\"application\/ld+json\" class=\"yoast-schema-graph\">{\"@context\":\"https:\\\/\\\/schema.org\",\"@graph\":[{\"@type\":\"WebPage\",\"@id\":\"https:\\\/\\\/oc.ca\\\/en\\\/data-enrichment-for-canadian-orchestras\\\/\",\"url\":\"https:\\\/\\\/oc.ca\\\/en\\\/data-enrichment-for-canadian-orchestras\\\/\",\"name\":\"L\u2019enrichissement des donn\u00e9es pour les orchestres canadiens - Orchestras Canada\\\/Orchestres Canada\",\"isPartOf\":{\"@id\":\"https:\\\/\\\/oc.ca\\\/en\\\/#website\"},\"primaryImageOfPage\":{\"@id\":\"https:\\\/\\\/oc.ca\\\/en\\\/data-enrichment-for-canadian-orchestras\\\/#primaryimage\"},\"image\":{\"@id\":\"https:\\\/\\\/oc.ca\\\/en\\\/data-enrichment-for-canadian-orchestras\\\/#primaryimage\"},\"thumbnailUrl\":\"https:\\\/\\\/oc.ca\\\/wp-content\\\/uploads\\\/2022\\\/05\\\/OC-Wikidata-800x451.png\",\"datePublished\":\"2022-05-12T22:04:06+00:00\",\"dateModified\":\"2022-09-09T21:22:10+00:00\",\"breadcrumb\":{\"@id\":\"https:\\\/\\\/oc.ca\\\/en\\\/data-enrichment-for-canadian-orchestras\\\/#breadcrumb\"},\"inLanguage\":\"fr-FR\",\"potentialAction\":[{\"@type\":\"ReadAction\",\"target\":[\"https:\\\/\\\/oc.ca\\\/en\\\/data-enrichment-for-canadian-orchestras\\\/\"]}]},{\"@type\":\"ImageObject\",\"inLanguage\":\"fr-FR\",\"@id\":\"https:\\\/\\\/oc.ca\\\/en\\\/data-enrichment-for-canadian-orchestras\\\/#primaryimage\",\"url\":\"https:\\\/\\\/oc.ca\\\/wp-content\\\/uploads\\\/2022\\\/05\\\/OC-Wikidata-800x451.png\",\"contentUrl\":\"https:\\\/\\\/oc.ca\\\/wp-content\\\/uploads\\\/2022\\\/05\\\/OC-Wikidata-800x451.png\"},{\"@type\":\"BreadcrumbList\",\"@id\":\"https:\\\/\\\/oc.ca\\\/en\\\/data-enrichment-for-canadian-orchestras\\\/#breadcrumb\",\"itemListElement\":[{\"@type\":\"ListItem\",\"position\":1,\"name\":\"Home\",\"item\":\"https:\\\/\\\/oc.ca\\\/fr\\\/\"},{\"@type\":\"ListItem\",\"position\":2,\"name\":\"L\u2019enrichissement des donn\u00e9es pour les orchestres canadiens\"}]},{\"@type\":\"WebSite\",\"@id\":\"https:\\\/\\\/oc.ca\\\/en\\\/#website\",\"url\":\"https:\\\/\\\/oc.ca\\\/en\\\/\",\"name\":\"Orchestras Canada\\\/Orchestres Canada\",\"description\":\"\",\"publisher\":{\"@id\":\"https:\\\/\\\/oc.ca\\\/en\\\/#organization\"},\"potentialAction\":[{\"@type\":\"SearchAction\",\"target\":{\"@type\":\"EntryPoint\",\"urlTemplate\":\"https:\\\/\\\/oc.ca\\\/en\\\/?s={search_term_string}\"},\"query-input\":{\"@type\":\"PropertyValueSpecification\",\"valueRequired\":true,\"valueName\":\"search_term_string\"}}],\"inLanguage\":\"fr-FR\"},{\"@type\":\"Organization\",\"@id\":\"https:\\\/\\\/oc.ca\\\/en\\\/#organization\",\"name\":\"Orchestras Canada\\\/Orchestres Canada\",\"url\":\"https:\\\/\\\/oc.ca\\\/en\\\/\",\"logo\":{\"@type\":\"ImageObject\",\"inLanguage\":\"fr-FR\",\"@id\":\"https:\\\/\\\/oc.ca\\\/en\\\/#\\\/schema\\\/logo\\\/image\\\/\",\"url\":\"https:\\\/\\\/oc.ca\\\/wp-content\\\/uploads\\\/2019\\\/03\\\/cropped-OC-Logo-800x200-1.png\",\"contentUrl\":\"https:\\\/\\\/oc.ca\\\/wp-content\\\/uploads\\\/2019\\\/03\\\/cropped-OC-Logo-800x200-1.png\",\"width\":400,\"height\":100,\"caption\":\"Orchestras Canada\\\/Orchestres Canada\"},\"image\":{\"@id\":\"https:\\\/\\\/oc.ca\\\/en\\\/#\\\/schema\\\/logo\\\/image\\\/\"}}]}<\/script>\n<!-- \/ Yoast SEO plugin. -->","yoast_head_json":{"title":"L\u2019enrichissement des donn\u00e9es pour les orchestres canadiens - Orchestras Canada\/Orchestres Canada","robots":{"index":"index","follow":"follow","max-snippet":"max-snippet:-1","max-image-preview":"max-image-preview:large","max-video-preview":"max-video-preview:-1"},"canonical":"https:\/\/oc.ca\/en\/data-enrichment-for-canadian-orchestras\/","og_locale":"fr_FR","og_type":"article","og_title":"L\u2019enrichissement des donn\u00e9es pour les orchestres canadiens - Orchestras Canada\/Orchestres Canada","og_description":"Date : le 13 septembre 2022 | 14h00-15h30 HE Session bilingue\u00a0 Co\u00fbt : gratuit!\u00a0 S&#8217;inscrire! Wikidata est un projet qui a pour but de cr\u00e9er une\u00a0base de connaissance\u00a0libre sur le monde qui puisse \u00eatre lue et \u00e9dit\u00e9e aussi bien par des humains que par des machines. C&#8217;est pourquoi Wikipedia, Google et d&#8217;autres moteurs de recherche [&hellip;]","og_url":"https:\/\/oc.ca\/en\/data-enrichment-for-canadian-orchestras\/","og_site_name":"Orchestras Canada\/Orchestres Canada","article_modified_time":"2022-09-09T21:22:10+00:00","og_image":[{"url":"https:\/\/oc.ca\/wp-content\/uploads\/2022\/05\/OC-Wikidata-800x451.png","type":"","width":"","height":""}],"twitter_card":"summary_large_image","twitter_misc":{"Dur\u00e9e de lecture estim\u00e9e":"3 minutes"},"schema":{"@context":"https:\/\/schema.org","@graph":[{"@type":"WebPage","@id":"https:\/\/oc.ca\/en\/data-enrichment-for-canadian-orchestras\/","url":"https:\/\/oc.ca\/en\/data-enrichment-for-canadian-orchestras\/","name":"L\u2019enrichissement des donn\u00e9es pour les orchestres canadiens - Orchestras Canada\/Orchestres Canada","isPartOf":{"@id":"https:\/\/oc.ca\/en\/#website"},"primaryImageOfPage":{"@id":"https:\/\/oc.ca\/en\/data-enrichment-for-canadian-orchestras\/#primaryimage"},"image":{"@id":"https:\/\/oc.ca\/en\/data-enrichment-for-canadian-orchestras\/#primaryimage"},"thumbnailUrl":"https:\/\/oc.ca\/wp-content\/uploads\/2022\/05\/OC-Wikidata-800x451.png","datePublished":"2022-05-12T22:04:06+00:00","dateModified":"2022-09-09T21:22:10+00:00","breadcrumb":{"@id":"https:\/\/oc.ca\/en\/data-enrichment-for-canadian-orchestras\/#breadcrumb"},"inLanguage":"fr-FR","potentialAction":[{"@type":"ReadAction","target":["https:\/\/oc.ca\/en\/data-enrichment-for-canadian-orchestras\/"]}]},{"@type":"ImageObject","inLanguage":"fr-FR","@id":"https:\/\/oc.ca\/en\/data-enrichment-for-canadian-orchestras\/#primaryimage","url":"https:\/\/oc.ca\/wp-content\/uploads\/2022\/05\/OC-Wikidata-800x451.png","contentUrl":"https:\/\/oc.ca\/wp-content\/uploads\/2022\/05\/OC-Wikidata-800x451.png"},{"@type":"BreadcrumbList","@id":"https:\/\/oc.ca\/en\/data-enrichment-for-canadian-orchestras\/#breadcrumb","itemListElement":[{"@type":"ListItem","position":1,"name":"Home","item":"https:\/\/oc.ca\/fr\/"},{"@type":"ListItem","position":2,"name":"L\u2019enrichissement des donn\u00e9es pour les orchestres canadiens"}]},{"@type":"WebSite","@id":"https:\/\/oc.ca\/en\/#website","url":"https:\/\/oc.ca\/en\/","name":"Orchestras Canada\/Orchestres Canada","description":"","publisher":{"@id":"https:\/\/oc.ca\/en\/#organization"},"potentialAction":[{"@type":"SearchAction","target":{"@type":"EntryPoint","urlTemplate":"https:\/\/oc.ca\/en\/?s={search_term_string}"},"query-input":{"@type":"PropertyValueSpecification","valueRequired":true,"valueName":"search_term_string"}}],"inLanguage":"fr-FR"},{"@type":"Organization","@id":"https:\/\/oc.ca\/en\/#organization","name":"Orchestras Canada\/Orchestres Canada","url":"https:\/\/oc.ca\/en\/","logo":{"@type":"ImageObject","inLanguage":"fr-FR","@id":"https:\/\/oc.ca\/en\/#\/schema\/logo\/image\/","url":"https:\/\/oc.ca\/wp-content\/uploads\/2019\/03\/cropped-OC-Logo-800x200-1.png","contentUrl":"https:\/\/oc.ca\/wp-content\/uploads\/2019\/03\/cropped-OC-Logo-800x200-1.png","width":400,"height":100,"caption":"Orchestras Canada\/Orchestres Canada"},"image":{"@id":"https:\/\/oc.ca\/en\/#\/schema\/logo\/image\/"}}]}},"_links":{"self":[{"href":"https:\/\/oc.ca\/fr\/wp-json\/wp\/v2\/pages\/10112","targetHints":{"allow":["GET"]}}],"collection":[{"href":"https:\/\/oc.ca\/fr\/wp-json\/wp\/v2\/pages"}],"about":[{"href":"https:\/\/oc.ca\/fr\/wp-json\/wp\/v2\/types\/page"}],"author":[{"embeddable":true,"href":"https:\/\/oc.ca\/fr\/wp-json\/wp\/v2\/users\/10"}],"replies":[{"embeddable":true,"href":"https:\/\/oc.ca\/fr\/wp-json\/wp\/v2\/comments?post=10112"}],"version-history":[{"count":5,"href":"https:\/\/oc.ca\/fr\/wp-json\/wp\/v2\/pages\/10112\/revisions"}],"predecessor-version":[{"id":10707,"href":"https:\/\/oc.ca\/fr\/wp-json\/wp\/v2\/pages\/10112\/revisions\/10707"}],"wp:attachment":[{"href":"https:\/\/oc.ca\/fr\/wp-json\/wp\/v2\/media?parent=10112"}],"curies":[{"name":"wp","href":"https:\/\/api.w.org\/{rel}","templated":true}]}}