{"id":10103,"date":"2022-05-12T17:58:55","date_gmt":"2022-05-12T21:58:55","guid":{"rendered":"http:\/\/demosite2.asurtec.com\/?page_id=10103"},"modified":"2022-09-09T17:21:42","modified_gmt":"2022-09-09T21:21:42","slug":"data-enrichment-for-canadian-orchestras","status":"publish","type":"page","link":"https:\/\/oc.ca\/en\/data-enrichment-for-canadian-orchestras\/","title":{"rendered":"Data Enrichment for Canadian Orchestras"},"content":{"rendered":"<p><b><span data-contrast=\"none\">Date: <\/span><\/b>September 13, 2022 | 2:00-3:30pm Eastern time<\/p>\n<p><b><span data-contrast=\"none\">Bilingual Session<\/span><\/b><span data-ccp-props=\"{&quot;201341983&quot;:0,&quot;335551550&quot;:6,&quot;335551620&quot;:6,&quot;335559739&quot;:160,&quot;335559740&quot;:276}\">\u00a0<\/span><\/p>\n<p><b><span data-contrast=\"none\">Cost: <\/span><\/b>Free!<\/p>\n<p style=\"text-align: center;\"><a href=\"https:\/\/us02web.zoom.us\/meeting\/register\/tZYocuCpqDgvGtFf85ooP9R_dZcHvO4o8SwB\"><strong><button class=\"blue-button-medium\">Register now!<\/button><\/strong><\/a><\/p>\n<p><span data-contrast=\"none\"><a href=\"https:\/\/www.wikidata.org\/wiki\/Wikidata:Main_Page\"><strong>Have you heard of Wikidata?<\/strong><\/a><\/span><\/p>\n<p><b><span data-contrast=\"none\">It is a free and open <\/span><\/b><a href=\"https:\/\/en.wikipedia.org\/wiki\/Knowledge_base\"><span data-contrast=\"none\">knowledge base<\/span><\/a><span data-contrast=\"none\"> that Wikipedia, Google and other search engines use to get information about your orchestra! But did you know that you can add, edit and contribute to the information to enhance the search engine results about your orchestra? (and better yet: have them automatically scrape information about your upcoming events, music director, so you would only have to update this information ONCE to have it updated everywhere!)\u00a0 <\/span><span data-ccp-props=\"{&quot;201341983&quot;:0,&quot;335559739&quot;:160,&quot;335559740&quot;:259}\">\u00a0<\/span><\/p>\n<p><span data-contrast=\"none\">This fall, Orchestras Canada will be hosting a step-by-step workshop, which aims to dive into (and improve!) the data of Canadian Orchestras in Wikidata! Participants will become familiar with how to become easily discovered by search engines, and have access to the data that contributes to it.<\/span><span data-ccp-props=\"{&quot;201341983&quot;:1,&quot;335551550&quot;:1,&quot;335551620&quot;:1,&quot;335559739&quot;:160,&quot;335559740&quot;:315}\">\u00a0<\/span><\/p>\n<p><img fetchpriority=\"high\" decoding=\"async\" class=\"wp-image-10108 aligncenter\" src=\"https:\/\/oc.ca\/wp-content\/uploads\/2022\/05\/OC-Wikidata-800x451.png\" alt=\"Cover photo for Data Enrichment for Canadian Orchestras\" width=\"504\" height=\"284\" srcset=\"https:\/\/oc.ca\/wp-content\/uploads\/2022\/05\/OC-Wikidata-800x451.png 800w, https:\/\/oc.ca\/wp-content\/uploads\/2022\/05\/OC-Wikidata-300x169.png 300w, https:\/\/oc.ca\/wp-content\/uploads\/2022\/05\/OC-Wikidata-768x433.png 768w, https:\/\/oc.ca\/wp-content\/uploads\/2022\/05\/OC-Wikidata-1536x865.png 1536w, https:\/\/oc.ca\/wp-content\/uploads\/2022\/05\/OC-Wikidata.png 1640w\" sizes=\"(min-width: 960px) 75vw, 100vw\" \/><\/p>\n<p><span data-contrast=\"none\">The session will start with a presentation of Wikidata and the batch publishing process, followed by adapted coaching for participants in small groups, guiding them step-by-step with some of the best experts in the field on how to contribute to enriching data in Wikidata!<\/span><span data-ccp-props=\"{&quot;201341983&quot;:0,&quot;335559739&quot;:160,&quot;335559740&quot;:259}\">\u00a0<\/span><\/p>\n<p><span data-contrast=\"none\">No prior knowledge of\u00a0Wikidata\u00a0is required.<\/span><span data-ccp-props=\"{&quot;201341983&quot;:0,&quot;335559739&quot;:160,&quot;335559740&quot;:259}\">\u00a0<\/span><\/p>\n<p><span data-contrast=\"none\">Who is this for: Marketing staff at orchestras, <\/span><span data-contrast=\"none\">those who supervise marketing staff, <\/span><span data-contrast=\"none\">and anyone who has to update the organization\u2019s website and event listings!<\/span><span data-ccp-props=\"{&quot;201341983&quot;:1,&quot;335551550&quot;:1,&quot;335551620&quot;:1,&quot;335559739&quot;:160,&quot;335559740&quot;:315}\">\u00a0<\/span><\/p>\n<p><span data-contrast=\"auto\">Led by Fr\u00e9d\u00e9ric Julien and V\u00e9ronique Marino. <a href=\"https:\/\/orchestrascanada.sharepoint.com\/:w:\/s\/OrchestrasCanada\/EcmGctxYjvhPkhCevSC4R1sBt7n_AsHI66_fwAgdfLf6vA?e=ikgkbN\">Read their biographies<\/a>.<\/span><span data-ccp-props=\"{&quot;201341983&quot;:0,&quot;335551550&quot;:1,&quot;335551620&quot;:1,&quot;335559739&quot;:160,&quot;335559740&quot;:259}\">\u00a0<\/span><\/p>\n<p><span data-ccp-props=\"{&quot;201341983&quot;:0,&quot;335559739&quot;:160,&quot;335559740&quot;:259}\">\u00a0<\/span><\/p>\n<p style=\"text-align: center;\"><a href=\"https:\/\/us02web.zoom.us\/meeting\/register\/tZYocuCpqDgvGtFf85ooP9R_dZcHvO4o8SwB\"><strong><button class=\"blue-button-medium\">Register now!<\/button><\/strong><\/a><\/p>\n<p>&nbsp;<\/p>\n<p>&nbsp;<\/p>\n<p style=\"text-align: center;\"><strong>Project Partners<\/strong><\/p>\n<p><img decoding=\"async\" class=\"wp-image-10104 aligncenter\" src=\"https:\/\/oc.ca\/wp-content\/uploads\/2022\/05\/CAPACOA-Logo-BI-Stacked-800x462.png\" alt=\"CAPACOA Logo\" width=\"235\" height=\"136\" srcset=\"https:\/\/oc.ca\/wp-content\/uploads\/2022\/05\/CAPACOA-Logo-BI-Stacked-800x462.png 800w, https:\/\/oc.ca\/wp-content\/uploads\/2022\/05\/CAPACOA-Logo-BI-Stacked-300x173.png 300w, https:\/\/oc.ca\/wp-content\/uploads\/2022\/05\/CAPACOA-Logo-BI-Stacked-768x443.png 768w, https:\/\/oc.ca\/wp-content\/uploads\/2022\/05\/CAPACOA-Logo-BI-Stacked.png 1088w\" sizes=\"(min-width: 960px) 75vw, 100vw\" \/><\/p>\n<p>&nbsp;<\/p>\n<p><img decoding=\"async\" class=\"wp-image-10106 aligncenter\" src=\"https:\/\/oc.ca\/wp-content\/uploads\/2022\/05\/LaCogency_Logo.png\" alt=\"\" width=\"157\" height=\"157\" srcset=\"https:\/\/oc.ca\/wp-content\/uploads\/2022\/05\/LaCogency_Logo.png 567w, https:\/\/oc.ca\/wp-content\/uploads\/2022\/05\/LaCogency_Logo-300x300.png 300w, https:\/\/oc.ca\/wp-content\/uploads\/2022\/05\/LaCogency_Logo-150x150.png 150w\" sizes=\"(min-width: 960px) 75vw, 100vw\" \/><\/p>\n<p>&nbsp;<\/p>\n<p style=\"text-align: center;\"><strong>Session presented by<\/strong><\/p>\n<p><img loading=\"lazy\" decoding=\"async\" class=\"wp-image-8012 aligncenter\" src=\"https:\/\/oc.ca\/wp-content\/uploads\/2021\/03\/OC-Logo-transparent-GForm.png\" alt=\"\" width=\"301\" height=\"113\" srcset=\"https:\/\/oc.ca\/wp-content\/uploads\/2021\/03\/OC-Logo-transparent-GForm.png 800w, https:\/\/oc.ca\/wp-content\/uploads\/2021\/03\/OC-Logo-transparent-GForm-300x113.png 300w, https:\/\/oc.ca\/wp-content\/uploads\/2021\/03\/OC-Logo-transparent-GForm-768x288.png 768w\" sizes=\"(min-width: 960px) 75vw, 100vw\" \/><\/p>\n<p>&nbsp;<\/p>\n<p style=\"text-align: center;\"><strong>With generous funding by<\/strong><\/p>\n<p><img loading=\"lazy\" decoding=\"async\" class=\" wp-image-2851 alignright\" src=\"https:\/\/oc.ca\/wp-content\/uploads\/2019\/02\/CCA.jpg\" alt=\"Logo, Canada Council for the Arts logo\" width=\"424\" height=\"78\" srcset=\"https:\/\/oc.ca\/wp-content\/uploads\/2019\/02\/CCA.jpg 500w, https:\/\/oc.ca\/wp-content\/uploads\/2019\/02\/CCA-300x55.jpg 300w\" sizes=\"(min-width: 960px) 75vw, 100vw\" \/><img loading=\"lazy\" decoding=\"async\" class=\" wp-image-2849 alignleft\" src=\"https:\/\/oc.ca\/wp-content\/uploads\/2019\/02\/Canada-e1550211234570.png\" alt=\"Government of Canada logo\" width=\"418\" height=\"77\" srcset=\"https:\/\/oc.ca\/wp-content\/uploads\/2019\/02\/Canada-e1550211234570.png 500w, https:\/\/oc.ca\/wp-content\/uploads\/2019\/02\/Canada-e1550211234570-300x55.png 300w\" sizes=\"(min-width: 960px) 75vw, 100vw\" \/><\/p>\n<p>&nbsp;<\/p>\n<p>&nbsp;<\/p>\n","protected":false},"excerpt":{"rendered":"<p>Date: September 13, 2022 | 2:00-3:30pm Eastern time Bilingual Session\u00a0 Cost: Free! Register now! Have you heard of Wikidata? It is a free and open knowledge base that Wikipedia, Google and other search engines use to get information about your orchestra! But did you know that you can add, edit and contribute to the information [&hellip;]<\/p>\n","protected":false},"author":10,"featured_media":0,"parent":0,"menu_order":0,"comment_status":"closed","ping_status":"closed","template":"","meta":{"_acf_changed":false,"_monsterinsights_skip_tracking":false,"_monsterinsights_sitenote_active":false,"_monsterinsights_sitenote_note":"","_monsterinsights_sitenote_category":0,"footnotes":""},"class_list":["post-10103","page","type-page","status-publish","hentry"],"acf":[],"yoast_head":"<!-- This site is optimized with the Yoast SEO plugin v27.3 - https:\/\/yoast.com\/product\/yoast-seo-wordpress\/ -->\n<title>Data Enrichment for Canadian Orchestras - Orchestras Canada\/Orchestres Canada<\/title>\n<meta name=\"robots\" content=\"index, follow, max-snippet:-1, max-image-preview:large, max-video-preview:-1\" \/>\n<link rel=\"canonical\" href=\"https:\/\/oc.ca\/en\/data-enrichment-for-canadian-orchestras\/\" \/>\n<meta property=\"og:locale\" content=\"en_US\" \/>\n<meta property=\"og:type\" content=\"article\" \/>\n<meta property=\"og:title\" content=\"Data Enrichment for Canadian Orchestras - Orchestras Canada\/Orchestres Canada\" \/>\n<meta property=\"og:description\" content=\"Date: September 13, 2022 | 2:00-3:30pm Eastern time Bilingual Session\u00a0 Cost: Free! Register now! Have you heard of Wikidata? It is a free and open knowledge base that Wikipedia, Google and other search engines use to get information about your orchestra! But did you know that you can add, edit and contribute to the information [&hellip;]\" \/>\n<meta property=\"og:url\" content=\"https:\/\/oc.ca\/en\/data-enrichment-for-canadian-orchestras\/\" \/>\n<meta property=\"og:site_name\" content=\"Orchestras Canada\/Orchestres Canada\" \/>\n<meta property=\"article:modified_time\" content=\"2022-09-09T21:21:42+00:00\" \/>\n<meta property=\"og:image\" content=\"https:\/\/oc.ca\/wp-content\/uploads\/2022\/05\/OC-Wikidata-800x451.png\" \/>\n<meta name=\"twitter:card\" content=\"summary_large_image\" \/>\n<meta name=\"twitter:label1\" content=\"Est. reading time\" \/>\n\t<meta name=\"twitter:data1\" content=\"3 minutes\" \/>\n<script type=\"application\/ld+json\" class=\"yoast-schema-graph\">{\"@context\":\"https:\\\/\\\/schema.org\",\"@graph\":[{\"@type\":\"WebPage\",\"@id\":\"https:\\\/\\\/oc.ca\\\/en\\\/data-enrichment-for-canadian-orchestras\\\/\",\"url\":\"https:\\\/\\\/oc.ca\\\/en\\\/data-enrichment-for-canadian-orchestras\\\/\",\"name\":\"Data Enrichment for Canadian Orchestras - Orchestras Canada\\\/Orchestres Canada\",\"isPartOf\":{\"@id\":\"https:\\\/\\\/oc.ca\\\/en\\\/#website\"},\"primaryImageOfPage\":{\"@id\":\"https:\\\/\\\/oc.ca\\\/en\\\/data-enrichment-for-canadian-orchestras\\\/#primaryimage\"},\"image\":{\"@id\":\"https:\\\/\\\/oc.ca\\\/en\\\/data-enrichment-for-canadian-orchestras\\\/#primaryimage\"},\"thumbnailUrl\":\"https:\\\/\\\/oc.ca\\\/wp-content\\\/uploads\\\/2022\\\/05\\\/OC-Wikidata-800x451.png\",\"datePublished\":\"2022-05-12T21:58:55+00:00\",\"dateModified\":\"2022-09-09T21:21:42+00:00\",\"breadcrumb\":{\"@id\":\"https:\\\/\\\/oc.ca\\\/en\\\/data-enrichment-for-canadian-orchestras\\\/#breadcrumb\"},\"inLanguage\":\"en-US\",\"potentialAction\":[{\"@type\":\"ReadAction\",\"target\":[\"https:\\\/\\\/oc.ca\\\/en\\\/data-enrichment-for-canadian-orchestras\\\/\"]}]},{\"@type\":\"ImageObject\",\"inLanguage\":\"en-US\",\"@id\":\"https:\\\/\\\/oc.ca\\\/en\\\/data-enrichment-for-canadian-orchestras\\\/#primaryimage\",\"url\":\"https:\\\/\\\/oc.ca\\\/wp-content\\\/uploads\\\/2022\\\/05\\\/OC-Wikidata-800x451.png\",\"contentUrl\":\"https:\\\/\\\/oc.ca\\\/wp-content\\\/uploads\\\/2022\\\/05\\\/OC-Wikidata-800x451.png\"},{\"@type\":\"BreadcrumbList\",\"@id\":\"https:\\\/\\\/oc.ca\\\/en\\\/data-enrichment-for-canadian-orchestras\\\/#breadcrumb\",\"itemListElement\":[{\"@type\":\"ListItem\",\"position\":1,\"name\":\"Home\",\"item\":\"https:\\\/\\\/oc.ca\\\/en\\\/\"},{\"@type\":\"ListItem\",\"position\":2,\"name\":\"Data Enrichment for Canadian Orchestras\"}]},{\"@type\":\"WebSite\",\"@id\":\"https:\\\/\\\/oc.ca\\\/en\\\/#website\",\"url\":\"https:\\\/\\\/oc.ca\\\/en\\\/\",\"name\":\"Orchestras Canada\\\/Orchestres Canada\",\"description\":\"\",\"publisher\":{\"@id\":\"https:\\\/\\\/oc.ca\\\/en\\\/#organization\"},\"potentialAction\":[{\"@type\":\"SearchAction\",\"target\":{\"@type\":\"EntryPoint\",\"urlTemplate\":\"https:\\\/\\\/oc.ca\\\/en\\\/?s={search_term_string}\"},\"query-input\":{\"@type\":\"PropertyValueSpecification\",\"valueRequired\":true,\"valueName\":\"search_term_string\"}}],\"inLanguage\":\"en-US\"},{\"@type\":\"Organization\",\"@id\":\"https:\\\/\\\/oc.ca\\\/en\\\/#organization\",\"name\":\"Orchestras Canada\\\/Orchestres Canada\",\"url\":\"https:\\\/\\\/oc.ca\\\/en\\\/\",\"logo\":{\"@type\":\"ImageObject\",\"inLanguage\":\"en-US\",\"@id\":\"https:\\\/\\\/oc.ca\\\/en\\\/#\\\/schema\\\/logo\\\/image\\\/\",\"url\":\"https:\\\/\\\/oc.ca\\\/wp-content\\\/uploads\\\/2019\\\/03\\\/cropped-OC-Logo-800x200-1.png\",\"contentUrl\":\"https:\\\/\\\/oc.ca\\\/wp-content\\\/uploads\\\/2019\\\/03\\\/cropped-OC-Logo-800x200-1.png\",\"width\":400,\"height\":100,\"caption\":\"Orchestras Canada\\\/Orchestres Canada\"},\"image\":{\"@id\":\"https:\\\/\\\/oc.ca\\\/en\\\/#\\\/schema\\\/logo\\\/image\\\/\"}}]}<\/script>\n<!-- \/ Yoast SEO plugin. -->","yoast_head_json":{"title":"Data Enrichment for Canadian Orchestras - Orchestras Canada\/Orchestres Canada","robots":{"index":"index","follow":"follow","max-snippet":"max-snippet:-1","max-image-preview":"max-image-preview:large","max-video-preview":"max-video-preview:-1"},"canonical":"https:\/\/oc.ca\/en\/data-enrichment-for-canadian-orchestras\/","og_locale":"en_US","og_type":"article","og_title":"Data Enrichment for Canadian Orchestras - Orchestras Canada\/Orchestres Canada","og_description":"Date: September 13, 2022 | 2:00-3:30pm Eastern time Bilingual Session\u00a0 Cost: Free! Register now! Have you heard of Wikidata? It is a free and open knowledge base that Wikipedia, Google and other search engines use to get information about your orchestra! But did you know that you can add, edit and contribute to the information [&hellip;]","og_url":"https:\/\/oc.ca\/en\/data-enrichment-for-canadian-orchestras\/","og_site_name":"Orchestras Canada\/Orchestres Canada","article_modified_time":"2022-09-09T21:21:42+00:00","og_image":[{"url":"https:\/\/oc.ca\/wp-content\/uploads\/2022\/05\/OC-Wikidata-800x451.png","type":"","width":"","height":""}],"twitter_card":"summary_large_image","twitter_misc":{"Est. reading time":"3 minutes"},"schema":{"@context":"https:\/\/schema.org","@graph":[{"@type":"WebPage","@id":"https:\/\/oc.ca\/en\/data-enrichment-for-canadian-orchestras\/","url":"https:\/\/oc.ca\/en\/data-enrichment-for-canadian-orchestras\/","name":"Data Enrichment for Canadian Orchestras - Orchestras Canada\/Orchestres Canada","isPartOf":{"@id":"https:\/\/oc.ca\/en\/#website"},"primaryImageOfPage":{"@id":"https:\/\/oc.ca\/en\/data-enrichment-for-canadian-orchestras\/#primaryimage"},"image":{"@id":"https:\/\/oc.ca\/en\/data-enrichment-for-canadian-orchestras\/#primaryimage"},"thumbnailUrl":"https:\/\/oc.ca\/wp-content\/uploads\/2022\/05\/OC-Wikidata-800x451.png","datePublished":"2022-05-12T21:58:55+00:00","dateModified":"2022-09-09T21:21:42+00:00","breadcrumb":{"@id":"https:\/\/oc.ca\/en\/data-enrichment-for-canadian-orchestras\/#breadcrumb"},"inLanguage":"en-US","potentialAction":[{"@type":"ReadAction","target":["https:\/\/oc.ca\/en\/data-enrichment-for-canadian-orchestras\/"]}]},{"@type":"ImageObject","inLanguage":"en-US","@id":"https:\/\/oc.ca\/en\/data-enrichment-for-canadian-orchestras\/#primaryimage","url":"https:\/\/oc.ca\/wp-content\/uploads\/2022\/05\/OC-Wikidata-800x451.png","contentUrl":"https:\/\/oc.ca\/wp-content\/uploads\/2022\/05\/OC-Wikidata-800x451.png"},{"@type":"BreadcrumbList","@id":"https:\/\/oc.ca\/en\/data-enrichment-for-canadian-orchestras\/#breadcrumb","itemListElement":[{"@type":"ListItem","position":1,"name":"Home","item":"https:\/\/oc.ca\/en\/"},{"@type":"ListItem","position":2,"name":"Data Enrichment for Canadian Orchestras"}]},{"@type":"WebSite","@id":"https:\/\/oc.ca\/en\/#website","url":"https:\/\/oc.ca\/en\/","name":"Orchestras Canada\/Orchestres Canada","description":"","publisher":{"@id":"https:\/\/oc.ca\/en\/#organization"},"potentialAction":[{"@type":"SearchAction","target":{"@type":"EntryPoint","urlTemplate":"https:\/\/oc.ca\/en\/?s={search_term_string}"},"query-input":{"@type":"PropertyValueSpecification","valueRequired":true,"valueName":"search_term_string"}}],"inLanguage":"en-US"},{"@type":"Organization","@id":"https:\/\/oc.ca\/en\/#organization","name":"Orchestras Canada\/Orchestres Canada","url":"https:\/\/oc.ca\/en\/","logo":{"@type":"ImageObject","inLanguage":"en-US","@id":"https:\/\/oc.ca\/en\/#\/schema\/logo\/image\/","url":"https:\/\/oc.ca\/wp-content\/uploads\/2019\/03\/cropped-OC-Logo-800x200-1.png","contentUrl":"https:\/\/oc.ca\/wp-content\/uploads\/2019\/03\/cropped-OC-Logo-800x200-1.png","width":400,"height":100,"caption":"Orchestras Canada\/Orchestres Canada"},"image":{"@id":"https:\/\/oc.ca\/en\/#\/schema\/logo\/image\/"}}]}},"_links":{"self":[{"href":"https:\/\/oc.ca\/en\/wp-json\/wp\/v2\/pages\/10103","targetHints":{"allow":["GET"]}}],"collection":[{"href":"https:\/\/oc.ca\/en\/wp-json\/wp\/v2\/pages"}],"about":[{"href":"https:\/\/oc.ca\/en\/wp-json\/wp\/v2\/types\/page"}],"author":[{"embeddable":true,"href":"https:\/\/oc.ca\/en\/wp-json\/wp\/v2\/users\/10"}],"replies":[{"embeddable":true,"href":"https:\/\/oc.ca\/en\/wp-json\/wp\/v2\/comments?post=10103"}],"version-history":[{"count":5,"href":"https:\/\/oc.ca\/en\/wp-json\/wp\/v2\/pages\/10103\/revisions"}],"predecessor-version":[{"id":10706,"href":"https:\/\/oc.ca\/en\/wp-json\/wp\/v2\/pages\/10103\/revisions\/10706"}],"wp:attachment":[{"href":"https:\/\/oc.ca\/en\/wp-json\/wp\/v2\/media?parent=10103"}],"curies":[{"name":"wp","href":"https:\/\/api.w.org\/{rel}","templated":true}]}}